{"id":12843,"date":"2024-03-03T19:47:08","date_gmt":"2024-03-03T19:47:08","guid":{"rendered":"https:\/\/shanabooks.de\/?post_type=product&#038;p=12843"},"modified":"2024-03-11T21:52:54","modified_gmt":"2024-03-11T21:52:54","slug":"tofan-hesene-mete","status":"publish","type":"product","link":"https:\/\/shanabooks.de\/de\/product\/tofan-hesene-mete\/","title":{"rendered":"Tofan"},"content":{"rendered":"<p dir=\"ltr\"><strong>Tofan &#8211; Hesen\u00ea Met\u00ea<\/strong><\/p>\n<p dir=\"ltr\">Tofan, di edebiyata kurd\u00ee de par\u00e7ey\u00ea trad\u00eesyoneke k\u00eam\u00adceriband\u00ee ye. Ew, sat\u00eerek e. Wek\u00ee gelek sat\u00eer\u00ea, pala xwe dide rexneyeke siyas\u00ee. Mirov dikare w\u00ea di nav silsileya metn\u00ean wek Meseley Wijdan \u00fb Le Xewma de bihesib\u00eene. Di nav atmosfereke fantast\u00eek de fanat\u00eezma pol\u00eet\u00eek \u00fb li ser v\u00ea esas\u00ea di nirx\u00ean civak\u00ee de peydab\u00fbna p\u00fb\u00e7b\u00fbn \u00fb riz\u00eeb\u00fbn\u00ea, kaos \u00fb tofan\u00ea n\u00ee\u015fan dide.<\/p>\n","protected":false},"excerpt":{"rendered":"<p dir=\"ltr\" style=\"text-align: center\"><strong>Niv\u00eesakr: Hesen\u00ea Met\u00ea<br \/>\nPirt\u00fbk: Tofan<br \/>\ncure: Roman<\/strong><\/p>\n","protected":false},"featured_media":5653,"template":"","meta":{"site-sidebar-layout":"default","site-content-layout":"","ast-site-content-layout":"default","site-content-style":"default","site-sidebar-style":"default","ast-global-header-display":"","ast-banner-title-visibility":"","ast-main-header-display":"","ast-hfb-above-header-display":"","ast-hfb-below-header-display":"","ast-hfb-mobile-header-display":"","site-post-title":"","ast-breadcrumbs-content":"","ast-featured-img":"","footer-sml-layout":"","ast-disable-related-posts":"","theme-transparent-header-meta":"default","adv-header-id-meta":"","stick-header-meta":"","header-above-stick-meta":"","header-main-stick-meta":"","header-below-stick-meta":"","astra-migrate-meta-layouts":"set","ast-page-background-enabled":"default","ast-page-background-meta":{"desktop":{"background-color":"","background-image":"","background-repeat":"repeat","background-position":"center center","background-size":"auto","background-attachment":"scroll","background-type":"","background-media":"","overlay-type":"","overlay-color":"","overlay-opacity":"","overlay-gradient":""},"tablet":{"background-color":"","background-image":"","background-repeat":"repeat","background-position":"center center","background-size":"auto","background-attachment":"scroll","background-type":"","background-media":"","overlay-type":"","overlay-color":"","overlay-opacity":"","overlay-gradient":""},"mobile":{"background-color":"","background-image":"","background-repeat":"repeat","background-position":"center center","background-size":"auto","background-attachment":"scroll","background-type":"","background-media":"","overlay-type":"","overlay-color":"","overlay-opacity":"","overlay-gradient":""}},"ast-content-background-meta":{"desktop":{"background-color":"var(--ast-global-color-5)","background-image":"","background-repeat":"repeat","background-position":"center center","background-size":"auto","background-attachment":"scroll","background-type":"","background-media":"","overlay-type":"","overlay-color":"","overlay-opacity":"","overlay-gradient":""},"tablet":{"background-color":"var(--ast-global-color-5)","background-image":"","background-repeat":"repeat","background-position":"center center","background-size":"auto","background-attachment":"scroll","background-type":"","background-media":"","overlay-type":"","overlay-color":"","overlay-opacity":"","overlay-gradient":""},"mobile":{"background-color":"var(--ast-global-color-5)","background-image":"","background-repeat":"repeat","background-position":"center center","background-size":"auto","background-attachment":"scroll","background-type":"","background-media":"","overlay-type":"","overlay-color":"","overlay-opacity":"","overlay-gradient":""}}},"product_brand":[],"product_cat":[182,193],"product_tag":[],"class_list":{"0":"post-12843","1":"product","2":"type-product","3":"status-publish","4":"has-post-thumbnail","6":"product_cat-_","7":"product_cat--_","8":"pa_-roman","9":"pa_-hesene-mete","10":"pa_-kurmanci","11":"pa_--peywend-yayinlari","12":"desktop-align-left","13":"tablet-align-left","14":"mobile-align-left","16":"first","17":"instock","18":"shipping-taxable","19":"purchasable","20":"product-type-simple"},"yoast_head":"<!-- This site is optimized with the Yoast SEO plugin v27.4 - https:\/\/yoast.com\/product\/yoast-seo-wordpress\/ -->\n<title>Tofan - Hesen\u00ea Met\u00ea - www.shanabooks.de<\/title>\n<meta name=\"description\" content=\"Tofan - Hesen\u00ea Met\u00ea Tofan, di edebiyata kurd\u00ee de par\u00e7ey\u00ea trad\u00eesyoneke k\u00eam\u00adceriband\u00ee ye. Ew, sat\u00eerek e. Wek\u00ee gelek sat\u00eer\u00ea, pala xwe dide rexneyeke siyas\u00ee....\" \/>\n<meta name=\"robots\" content=\"index, follow, max-snippet:-1, max-image-preview:large, max-video-preview:-1\" \/>\n<link rel=\"canonical\" href=\"https:\/\/shanabooks.de\/product\/tofan-hesene-mete\/\" \/>\n<meta property=\"og:locale\" content=\"de_DE\" \/>\n<meta property=\"og:type\" content=\"article\" \/>\n<meta property=\"og:title\" content=\"Tofan - Hesen\u00ea Met\u00ea - www.shanabooks.de\" \/>\n<meta property=\"og:description\" content=\"Tofan - Hesen\u00ea Met\u00ea Tofan, di edebiyata kurd\u00ee de par\u00e7ey\u00ea trad\u00eesyoneke k\u00eam\u00adceriband\u00ee ye. Ew, sat\u00eerek e. Wek\u00ee gelek sat\u00eer\u00ea, pala xwe dide rexneyeke siyas\u00ee....\" \/>\n<meta property=\"og:url\" content=\"https:\/\/shanabooks.de\/product\/tofan-hesene-mete\/\" \/>\n<meta property=\"og:site_name\" content=\"www.shanabooks.de\" \/>\n<meta property=\"article:modified_time\" content=\"2024-03-11T21:52:54+00:00\" \/>\n<meta property=\"og:image\" content=\"https:\/\/shanabooks.de\/wp-content\/uploads\/2024\/01\/Tofan-peywend.png\" \/>\n\t<meta property=\"og:image:width\" content=\"439\" \/>\n\t<meta property=\"og:image:height\" content=\"708\" \/>\n\t<meta property=\"og:image:type\" content=\"image\/png\" \/>\n<meta name=\"twitter:card\" content=\"summary_large_image\" \/>\n<meta name=\"twitter:label1\" content=\"Gesch\u00e4tzte Lesezeit\" \/>\n\t<meta name=\"twitter:data1\" content=\"1\u00a0Minute\" \/>\n<script type=\"application\/ld+json\" class=\"yoast-schema-graph\">{\"@context\":\"https:\\\/\\\/schema.org\",\"@graph\":[{\"@type\":\"WebPage\",\"@id\":\"https:\\\/\\\/shanabooks.de\\\/product\\\/tofan-hesene-mete\\\/\",\"url\":\"https:\\\/\\\/shanabooks.de\\\/product\\\/tofan-hesene-mete\\\/\",\"name\":\"Tofan - Hesen\u00ea Met\u00ea - www.shanabooks.de\",\"isPartOf\":{\"@id\":\"https:\\\/\\\/shanabooks.de\\\/#website\"},\"primaryImageOfPage\":{\"@id\":\"https:\\\/\\\/shanabooks.de\\\/product\\\/tofan-hesene-mete\\\/#primaryimage\"},\"image\":{\"@id\":\"https:\\\/\\\/shanabooks.de\\\/product\\\/tofan-hesene-mete\\\/#primaryimage\"},\"thumbnailUrl\":\"https:\\\/\\\/shanabooks.de\\\/wp-content\\\/uploads\\\/2024\\\/01\\\/Tofan-peywend.png\",\"datePublished\":\"2024-03-03T19:47:08+00:00\",\"dateModified\":\"2024-03-11T21:52:54+00:00\",\"description\":\"Tofan - Hesen\u00ea Met\u00ea Tofan, di edebiyata kurd\u00ee de par\u00e7ey\u00ea trad\u00eesyoneke k\u00eam\u00adceriband\u00ee ye. Ew, sat\u00eerek e. Wek\u00ee gelek sat\u00eer\u00ea, pala xwe dide rexneyeke siyas\u00ee....\",\"breadcrumb\":{\"@id\":\"https:\\\/\\\/shanabooks.de\\\/product\\\/tofan-hesene-mete\\\/#breadcrumb\"},\"inLanguage\":\"de\",\"potentialAction\":[{\"@type\":\"ReadAction\",\"target\":[\"https:\\\/\\\/shanabooks.de\\\/product\\\/tofan-hesene-mete\\\/\"]}]},{\"@type\":\"ImageObject\",\"inLanguage\":\"de\",\"@id\":\"https:\\\/\\\/shanabooks.de\\\/product\\\/tofan-hesene-mete\\\/#primaryimage\",\"url\":\"https:\\\/\\\/shanabooks.de\\\/wp-content\\\/uploads\\\/2024\\\/01\\\/Tofan-peywend.png\",\"contentUrl\":\"https:\\\/\\\/shanabooks.de\\\/wp-content\\\/uploads\\\/2024\\\/01\\\/Tofan-peywend.png\",\"width\":439,\"height\":708,\"caption\":\"Tofan - Hesen\u00ea Met\u00ea - Pirt\u00fbk\u00ean Kurd\u00ee\"},{\"@type\":\"BreadcrumbList\",\"@id\":\"https:\\\/\\\/shanabooks.de\\\/product\\\/tofan-hesene-mete\\\/#breadcrumb\",\"itemListElement\":[{\"@type\":\"ListItem\",\"position\":1,\"name\":\"\u0627\u0644\u0631\u0626\u064a\u0633\u064a\u0629\",\"item\":\"https:\\\/\\\/shanabooks.de\\\/de\\\/\"},{\"@type\":\"ListItem\",\"position\":2,\"name\":\"\u0627\u0644\u0645\u0646\u062a\u062c\u0627\u062a\",\"item\":\"https:\\\/\\\/shanabooks.de\\\/shop\\\/\"},{\"@type\":\"ListItem\",\"position\":3,\"name\":\"Tofan\"}]},{\"@type\":\"WebSite\",\"@id\":\"https:\\\/\\\/shanabooks.de\\\/#website\",\"url\":\"https:\\\/\\\/shanabooks.de\\\/\",\"name\":\"www.shanbooks.de\",\"description\":\"C\u00eehana Pirt\u00fbk\u00ean Kurd\u00ee \u0645\u0643\u062a\u0628\u0629 \u0634\u0627\u0646\u0627 \u0641\u064a \u0627\u0644\u0645\u0627\u0646\u064a\u0627 \u0648\u0623\u0648\u0631\u0628\u0627\",\"publisher\":{\"@id\":\"https:\\\/\\\/shanabooks.de\\\/#organization\"},\"potentialAction\":[{\"@type\":\"SearchAction\",\"target\":{\"@type\":\"EntryPoint\",\"urlTemplate\":\"https:\\\/\\\/shanabooks.de\\\/?s={search_term_string}\"},\"query-input\":{\"@type\":\"PropertyValueSpecification\",\"valueRequired\":true,\"valueName\":\"search_term_string\"}}],\"inLanguage\":\"de\"},{\"@type\":\"Organization\",\"@id\":\"https:\\\/\\\/shanabooks.de\\\/#organization\",\"name\":\"www.shanbooks.de\",\"url\":\"https:\\\/\\\/shanabooks.de\\\/\",\"logo\":{\"@type\":\"ImageObject\",\"inLanguage\":\"de\",\"@id\":\"https:\\\/\\\/shanabooks.de\\\/#\\\/schema\\\/logo\\\/image\\\/\",\"url\":\"https:\\\/\\\/shanabooks.de\\\/wp-content\\\/uploads\\\/2024\\\/03\\\/SHANABOOKS__2_-removebg-preview.png\",\"contentUrl\":\"https:\\\/\\\/shanabooks.de\\\/wp-content\\\/uploads\\\/2024\\\/03\\\/SHANABOOKS__2_-removebg-preview.png\",\"width\":700,\"height\":150,\"caption\":\"www.shanbooks.de\"},\"image\":{\"@id\":\"https:\\\/\\\/shanabooks.de\\\/#\\\/schema\\\/logo\\\/image\\\/\"}}]}<\/script>\n<!-- \/ Yoast SEO plugin. -->","yoast_head_json":{"title":"Tofan - Hesen\u00ea Met\u00ea - www.shanabooks.de","description":"Tofan - Hesen\u00ea Met\u00ea Tofan, di edebiyata kurd\u00ee de par\u00e7ey\u00ea trad\u00eesyoneke k\u00eam\u00adceriband\u00ee ye. Ew, sat\u00eerek e. Wek\u00ee gelek sat\u00eer\u00ea, pala xwe dide rexneyeke siyas\u00ee....","robots":{"index":"index","follow":"follow","max-snippet":"max-snippet:-1","max-image-preview":"max-image-preview:large","max-video-preview":"max-video-preview:-1"},"canonical":"https:\/\/shanabooks.de\/product\/tofan-hesene-mete\/","og_locale":"de_DE","og_type":"article","og_title":"Tofan - Hesen\u00ea Met\u00ea - www.shanabooks.de","og_description":"Tofan - Hesen\u00ea Met\u00ea Tofan, di edebiyata kurd\u00ee de par\u00e7ey\u00ea trad\u00eesyoneke k\u00eam\u00adceriband\u00ee ye. Ew, sat\u00eerek e. Wek\u00ee gelek sat\u00eer\u00ea, pala xwe dide rexneyeke siyas\u00ee....","og_url":"https:\/\/shanabooks.de\/product\/tofan-hesene-mete\/","og_site_name":"www.shanabooks.de","article_modified_time":"2024-03-11T21:52:54+00:00","og_image":[{"width":439,"height":708,"url":"https:\/\/shanabooks.de\/wp-content\/uploads\/2024\/01\/Tofan-peywend.png","type":"image\/png"}],"twitter_card":"summary_large_image","twitter_misc":{"Gesch\u00e4tzte Lesezeit":"1\u00a0Minute"},"schema":{"@context":"https:\/\/schema.org","@graph":[{"@type":"WebPage","@id":"https:\/\/shanabooks.de\/product\/tofan-hesene-mete\/","url":"https:\/\/shanabooks.de\/product\/tofan-hesene-mete\/","name":"Tofan - Hesen\u00ea Met\u00ea - www.shanabooks.de","isPartOf":{"@id":"https:\/\/shanabooks.de\/#website"},"primaryImageOfPage":{"@id":"https:\/\/shanabooks.de\/product\/tofan-hesene-mete\/#primaryimage"},"image":{"@id":"https:\/\/shanabooks.de\/product\/tofan-hesene-mete\/#primaryimage"},"thumbnailUrl":"https:\/\/shanabooks.de\/wp-content\/uploads\/2024\/01\/Tofan-peywend.png","datePublished":"2024-03-03T19:47:08+00:00","dateModified":"2024-03-11T21:52:54+00:00","description":"Tofan - Hesen\u00ea Met\u00ea Tofan, di edebiyata kurd\u00ee de par\u00e7ey\u00ea trad\u00eesyoneke k\u00eam\u00adceriband\u00ee ye. Ew, sat\u00eerek e. Wek\u00ee gelek sat\u00eer\u00ea, pala xwe dide rexneyeke siyas\u00ee....","breadcrumb":{"@id":"https:\/\/shanabooks.de\/product\/tofan-hesene-mete\/#breadcrumb"},"inLanguage":"de","potentialAction":[{"@type":"ReadAction","target":["https:\/\/shanabooks.de\/product\/tofan-hesene-mete\/"]}]},{"@type":"ImageObject","inLanguage":"de","@id":"https:\/\/shanabooks.de\/product\/tofan-hesene-mete\/#primaryimage","url":"https:\/\/shanabooks.de\/wp-content\/uploads\/2024\/01\/Tofan-peywend.png","contentUrl":"https:\/\/shanabooks.de\/wp-content\/uploads\/2024\/01\/Tofan-peywend.png","width":439,"height":708,"caption":"Tofan - Hesen\u00ea Met\u00ea - Pirt\u00fbk\u00ean Kurd\u00ee"},{"@type":"BreadcrumbList","@id":"https:\/\/shanabooks.de\/product\/tofan-hesene-mete\/#breadcrumb","itemListElement":[{"@type":"ListItem","position":1,"name":"\u0627\u0644\u0631\u0626\u064a\u0633\u064a\u0629","item":"https:\/\/shanabooks.de\/de\/"},{"@type":"ListItem","position":2,"name":"\u0627\u0644\u0645\u0646\u062a\u062c\u0627\u062a","item":"https:\/\/shanabooks.de\/shop\/"},{"@type":"ListItem","position":3,"name":"Tofan"}]},{"@type":"WebSite","@id":"https:\/\/shanabooks.de\/#website","url":"https:\/\/shanabooks.de\/","name":"www.shanbooks.de","description":"C\u00eehana Pirt\u00fbk\u00ean Kurd\u00ee \u0645\u0643\u062a\u0628\u0629 \u0634\u0627\u0646\u0627 \u0641\u064a \u0627\u0644\u0645\u0627\u0646\u064a\u0627 \u0648\u0623\u0648\u0631\u0628\u0627","publisher":{"@id":"https:\/\/shanabooks.de\/#organization"},"potentialAction":[{"@type":"SearchAction","target":{"@type":"EntryPoint","urlTemplate":"https:\/\/shanabooks.de\/?s={search_term_string}"},"query-input":{"@type":"PropertyValueSpecification","valueRequired":true,"valueName":"search_term_string"}}],"inLanguage":"de"},{"@type":"Organization","@id":"https:\/\/shanabooks.de\/#organization","name":"www.shanbooks.de","url":"https:\/\/shanabooks.de\/","logo":{"@type":"ImageObject","inLanguage":"de","@id":"https:\/\/shanabooks.de\/#\/schema\/logo\/image\/","url":"https:\/\/shanabooks.de\/wp-content\/uploads\/2024\/03\/SHANABOOKS__2_-removebg-preview.png","contentUrl":"https:\/\/shanabooks.de\/wp-content\/uploads\/2024\/03\/SHANABOOKS__2_-removebg-preview.png","width":700,"height":150,"caption":"www.shanbooks.de"},"image":{"@id":"https:\/\/shanabooks.de\/#\/schema\/logo\/image\/"}}]}},"jetpack_sharing_enabled":true,"_links":{"self":[{"href":"https:\/\/shanabooks.de\/de\/wp-json\/wp\/v2\/product\/12843","targetHints":{"allow":["GET"]}}],"collection":[{"href":"https:\/\/shanabooks.de\/de\/wp-json\/wp\/v2\/product"}],"about":[{"href":"https:\/\/shanabooks.de\/de\/wp-json\/wp\/v2\/types\/product"}],"version-history":[{"count":3,"href":"https:\/\/shanabooks.de\/de\/wp-json\/wp\/v2\/product\/12843\/revisions"}],"predecessor-version":[{"id":17711,"href":"https:\/\/shanabooks.de\/de\/wp-json\/wp\/v2\/product\/12843\/revisions\/17711"}],"wp:featuredmedia":[{"embeddable":true,"href":"https:\/\/shanabooks.de\/de\/wp-json\/wp\/v2\/media\/5653"}],"wp:attachment":[{"href":"https:\/\/shanabooks.de\/de\/wp-json\/wp\/v2\/media?parent=12843"}],"wp:term":[{"taxonomy":"product_brand","embeddable":true,"href":"https:\/\/shanabooks.de\/de\/wp-json\/wp\/v2\/product_brand?post=12843"},{"taxonomy":"product_cat","embeddable":true,"href":"https:\/\/shanabooks.de\/de\/wp-json\/wp\/v2\/product_cat?post=12843"},{"taxonomy":"product_tag","embeddable":true,"href":"https:\/\/shanabooks.de\/de\/wp-json\/wp\/v2\/product_tag?post=12843"}],"curies":[{"name":"wp","href":"https:\/\/api.w.org\/{rel}","templated":true}]}}