{"id":12845,"date":"2024-03-03T19:47:08","date_gmt":"2024-03-03T19:47:08","guid":{"rendered":"https:\/\/shanabooks.de\/?post_type=product&#038;p=12845"},"modified":"2025-12-31T17:48:32","modified_gmt":"2025-12-31T17:48:32","slug":"zargotina-kurden-suriyeye-celile-celil","status":"publish","type":"product","link":"https:\/\/shanabooks.de\/de\/product\/zargotina-kurden-suriyeye-celile-celil\/","title":{"rendered":"Zargotina Kurd\u00ean S\u00fbr\u00eeyey\u00ea"},"content":{"rendered":"<p dir=\"ltr\"><strong>Zargotina Kurd\u00ean S\u00fbr\u00eeyey\u00ea &#8211; Cel\u00eel\u00ea Cel\u00eel<\/strong><\/p>\n<p dir=\"ltr\">Ev pirt\u00fbka li ber dest\u00ea we, ji vir 36 sal ber\u00ea, bi xebateka qad\u00ea ya s\u00eenorkir\u00ee hat\u00eeye hazirkirin. Cel\u00eel\u00ea Cel\u00eel\u00ee, di sala 1982\u2019an da ber\u00ea xwe daye her\u00eama Efr\u00een \u00fb Qami\u015floy\u00ea \u00fb li w\u00ea der\u00ea bi qas\u00ee s\u00ea mehan b\u00fbye m\u00eavan. Bi dengb\u00eajan ra civat gerand\u00eeye, kilam \u00fb stran berhev kirine \u00fb gelek caran guh daye \u00e7\u00eerok \u00fb serp\u00eahat\u00eey\u00ean wan. D\u00eesa li wan deran mal bi mal ger\u00eeyaye, mamik \u00fb z\u00fbgotinok j\u00ee berhev kirine. Ev pirt\u00fbk ji du be\u015fan p\u00eak t\u00ea, di be\u015f\u00ea ewil de destan, beyt \u00fb serp\u00eahat\u00eey\u00ean wan hene, di be\u015f\u00ea diduyan da j\u00ee stran, mamik \u00fb z\u00fbgotinok hene<\/p>\n<p dir=\"ltr\">Zargotina Kurd\u00ean S\u00fbr\u00eeyey\u00ea ya Cel\u00eel\u00ea Cel\u00eel ji we\u015fan\u00ean Wardoz\u00ea ye.<\/p>\n","protected":false},"excerpt":{"rendered":"<p dir=\"ltr\" style=\"text-align: center\"><strong>Niv\u00eeskar: Cel\u00eel\u00ea Cel\u00eel<\/strong><br \/>\n<strong>Pirt\u00fbk: Zargotina Kurd\u00ean S\u00fbr\u00eeyey\u00ea<\/strong><br \/>\n<strong>Cure: Folkor<\/strong><\/p>\n","protected":false},"featured_media":12916,"template":"","meta":{"site-sidebar-layout":"default","site-content-layout":"","ast-site-content-layout":"default","site-content-style":"default","site-sidebar-style":"default","ast-global-header-display":"","ast-banner-title-visibility":"","ast-main-header-display":"","ast-hfb-above-header-display":"","ast-hfb-below-header-display":"","ast-hfb-mobile-header-display":"","site-post-title":"","ast-breadcrumbs-content":"","ast-featured-img":"","footer-sml-layout":"","ast-disable-related-posts":"","theme-transparent-header-meta":"default","adv-header-id-meta":"","stick-header-meta":"","header-above-stick-meta":"","header-main-stick-meta":"","header-below-stick-meta":"","astra-migrate-meta-layouts":"set","ast-page-background-enabled":"default","ast-page-background-meta":{"desktop":{"background-color":"","background-image":"","background-repeat":"repeat","background-position":"center center","background-size":"auto","background-attachment":"scroll","background-type":"","background-media":"","overlay-type":"","overlay-color":"","overlay-opacity":"","overlay-gradient":""},"tablet":{"background-color":"","background-image":"","background-repeat":"repeat","background-position":"center center","background-size":"auto","background-attachment":"scroll","background-type":"","background-media":"","overlay-type":"","overlay-color":"","overlay-opacity":"","overlay-gradient":""},"mobile":{"background-color":"","background-image":"","background-repeat":"repeat","background-position":"center center","background-size":"auto","background-attachment":"scroll","background-type":"","background-media":"","overlay-type":"","overlay-color":"","overlay-opacity":"","overlay-gradient":""}},"ast-content-background-meta":{"desktop":{"background-color":"var(--ast-global-color-5)","background-image":"","background-repeat":"repeat","background-position":"center center","background-size":"auto","background-attachment":"scroll","background-type":"","background-media":"","overlay-type":"","overlay-color":"","overlay-opacity":"","overlay-gradient":""},"tablet":{"background-color":"var(--ast-global-color-5)","background-image":"","background-repeat":"repeat","background-position":"center center","background-size":"auto","background-attachment":"scroll","background-type":"","background-media":"","overlay-type":"","overlay-color":"","overlay-opacity":"","overlay-gradient":""},"mobile":{"background-color":"var(--ast-global-color-5)","background-image":"","background-repeat":"repeat","background-position":"center center","background-size":"auto","background-attachment":"scroll","background-type":"","background-media":"","overlay-type":"","overlay-color":"","overlay-opacity":"","overlay-gradient":""}}},"product_brand":[],"product_cat":[180,193],"product_tag":[],"class_list":{"0":"post-12845","1":"product","2":"type-product","3":"status-publish","4":"has-post-thumbnail","6":"product_cat-_","7":"product_cat--_","8":"pa_-folklor","9":"pa_-celile-celil","10":"pa_-kurmanci","11":"pa_--wardoz-yayinlari","12":"desktop-align-left","13":"tablet-align-left","14":"mobile-align-left","16":"first","17":"outofstock","18":"shipping-taxable","19":"purchasable","20":"product-type-simple"},"yoast_head":"<!-- This site is optimized with the Yoast SEO plugin v27.4 - https:\/\/yoast.com\/product\/yoast-seo-wordpress\/ -->\n<title>Zargotina Kurd\u00ean S\u00fbr\u00eeyey\u00ea - Cel\u00eel\u00ea Cel\u00eel - www.shanabooks.de<\/title>\n<meta name=\"description\" content=\"Zargotina Kurd\u00ean S\u00fbr\u00eeyey\u00ea - Cel\u00eel\u00ea Cel\u00eel Ev pirt\u00fbka li ber dest\u00ea we, ji vir 36 sal ber\u00ea, bi xebateka qad\u00ea ya s\u00eenorkir\u00ee hat\u00eeye hazirkirin. Cel\u00eel\u00ea Cel\u00eel\u00ee,...\" \/>\n<meta name=\"robots\" content=\"index, follow, max-snippet:-1, max-image-preview:large, max-video-preview:-1\" \/>\n<link rel=\"canonical\" href=\"https:\/\/shanabooks.de\/product\/zargotina-kurden-suriyeye-celile-celil\/\" \/>\n<meta property=\"og:locale\" content=\"de_DE\" \/>\n<meta property=\"og:type\" content=\"article\" \/>\n<meta property=\"og:title\" content=\"Zargotina Kurd\u00ean S\u00fbr\u00eeyey\u00ea - Cel\u00eel\u00ea Cel\u00eel - www.shanabooks.de\" \/>\n<meta property=\"og:description\" content=\"Zargotina Kurd\u00ean S\u00fbr\u00eeyey\u00ea - Cel\u00eel\u00ea Cel\u00eel Ev pirt\u00fbka li ber dest\u00ea we, ji vir 36 sal ber\u00ea, bi xebateka qad\u00ea ya s\u00eenorkir\u00ee hat\u00eeye hazirkirin. Cel\u00eel\u00ea Cel\u00eel\u00ee,...\" \/>\n<meta property=\"og:url\" content=\"https:\/\/shanabooks.de\/product\/zargotina-kurden-suriyeye-celile-celil\/\" \/>\n<meta property=\"og:site_name\" content=\"www.shanabooks.de\" \/>\n<meta property=\"article:modified_time\" content=\"2025-12-31T17:48:32+00:00\" \/>\n<meta property=\"og:image\" content=\"https:\/\/shanabooks.de\/wp-content\/uploads\/2024\/03\/zargotina-kurden-suryaye-wardoz.png\" \/>\n\t<meta property=\"og:image:width\" content=\"300\" \/>\n\t<meta property=\"og:image:height\" content=\"473\" \/>\n\t<meta property=\"og:image:type\" content=\"image\/png\" \/>\n<meta name=\"twitter:card\" content=\"summary_large_image\" \/>\n<meta name=\"twitter:label1\" content=\"Gesch\u00e4tzte Lesezeit\" \/>\n\t<meta name=\"twitter:data1\" content=\"2\u00a0Minuten\" \/>\n<script type=\"application\/ld+json\" class=\"yoast-schema-graph\">{\"@context\":\"https:\\\/\\\/schema.org\",\"@graph\":[{\"@type\":\"WebPage\",\"@id\":\"https:\\\/\\\/shanabooks.de\\\/product\\\/zargotina-kurden-suriyeye-celile-celil\\\/\",\"url\":\"https:\\\/\\\/shanabooks.de\\\/product\\\/zargotina-kurden-suriyeye-celile-celil\\\/\",\"name\":\"Zargotina Kurd\u00ean S\u00fbr\u00eeyey\u00ea - Cel\u00eel\u00ea Cel\u00eel - www.shanabooks.de\",\"isPartOf\":{\"@id\":\"https:\\\/\\\/shanabooks.de\\\/#website\"},\"primaryImageOfPage\":{\"@id\":\"https:\\\/\\\/shanabooks.de\\\/product\\\/zargotina-kurden-suriyeye-celile-celil\\\/#primaryimage\"},\"image\":{\"@id\":\"https:\\\/\\\/shanabooks.de\\\/product\\\/zargotina-kurden-suriyeye-celile-celil\\\/#primaryimage\"},\"thumbnailUrl\":\"https:\\\/\\\/shanabooks.de\\\/wp-content\\\/uploads\\\/2024\\\/03\\\/zargotina-kurden-suryaye-wardoz.png\",\"datePublished\":\"2024-03-03T19:47:08+00:00\",\"dateModified\":\"2025-12-31T17:48:32+00:00\",\"description\":\"Zargotina Kurd\u00ean S\u00fbr\u00eeyey\u00ea - Cel\u00eel\u00ea Cel\u00eel Ev pirt\u00fbka li ber dest\u00ea we, ji vir 36 sal ber\u00ea, bi xebateka qad\u00ea ya s\u00eenorkir\u00ee hat\u00eeye hazirkirin. Cel\u00eel\u00ea Cel\u00eel\u00ee,...\",\"breadcrumb\":{\"@id\":\"https:\\\/\\\/shanabooks.de\\\/product\\\/zargotina-kurden-suriyeye-celile-celil\\\/#breadcrumb\"},\"inLanguage\":\"de\",\"potentialAction\":[{\"@type\":\"ReadAction\",\"target\":[\"https:\\\/\\\/shanabooks.de\\\/product\\\/zargotina-kurden-suriyeye-celile-celil\\\/\"]}]},{\"@type\":\"ImageObject\",\"inLanguage\":\"de\",\"@id\":\"https:\\\/\\\/shanabooks.de\\\/product\\\/zargotina-kurden-suriyeye-celile-celil\\\/#primaryimage\",\"url\":\"https:\\\/\\\/shanabooks.de\\\/wp-content\\\/uploads\\\/2024\\\/03\\\/zargotina-kurden-suryaye-wardoz.png\",\"contentUrl\":\"https:\\\/\\\/shanabooks.de\\\/wp-content\\\/uploads\\\/2024\\\/03\\\/zargotina-kurden-suryaye-wardoz.png\",\"width\":300,\"height\":473,\"caption\":\"Zargotina Kurd\u00ean S\u00fbr\u00eeyey\u00ea - Cel\u00eel\u00ea Cel\u00eel - pirt\u00fbk\u00ean kurd\u00ee\"},{\"@type\":\"BreadcrumbList\",\"@id\":\"https:\\\/\\\/shanabooks.de\\\/product\\\/zargotina-kurden-suriyeye-celile-celil\\\/#breadcrumb\",\"itemListElement\":[{\"@type\":\"ListItem\",\"position\":1,\"name\":\"\u0627\u0644\u0631\u0626\u064a\u0633\u064a\u0629\",\"item\":\"https:\\\/\\\/shanabooks.de\\\/de\\\/\"},{\"@type\":\"ListItem\",\"position\":2,\"name\":\"\u0627\u0644\u0645\u0646\u062a\u062c\u0627\u062a\",\"item\":\"https:\\\/\\\/shanabooks.de\\\/shop\\\/\"},{\"@type\":\"ListItem\",\"position\":3,\"name\":\"Zargotina Kurd\u00ean S\u00fbr\u00eeyey\u00ea\"}]},{\"@type\":\"WebSite\",\"@id\":\"https:\\\/\\\/shanabooks.de\\\/#website\",\"url\":\"https:\\\/\\\/shanabooks.de\\\/\",\"name\":\"www.shanbooks.de\",\"description\":\"C\u00eehana Pirt\u00fbk\u00ean Kurd\u00ee \u0645\u0643\u062a\u0628\u0629 \u0634\u0627\u0646\u0627 \u0641\u064a \u0627\u0644\u0645\u0627\u0646\u064a\u0627 \u0648\u0623\u0648\u0631\u0628\u0627\",\"publisher\":{\"@id\":\"https:\\\/\\\/shanabooks.de\\\/#organization\"},\"potentialAction\":[{\"@type\":\"SearchAction\",\"target\":{\"@type\":\"EntryPoint\",\"urlTemplate\":\"https:\\\/\\\/shanabooks.de\\\/?s={search_term_string}\"},\"query-input\":{\"@type\":\"PropertyValueSpecification\",\"valueRequired\":true,\"valueName\":\"search_term_string\"}}],\"inLanguage\":\"de\"},{\"@type\":\"Organization\",\"@id\":\"https:\\\/\\\/shanabooks.de\\\/#organization\",\"name\":\"www.shanbooks.de\",\"url\":\"https:\\\/\\\/shanabooks.de\\\/\",\"logo\":{\"@type\":\"ImageObject\",\"inLanguage\":\"de\",\"@id\":\"https:\\\/\\\/shanabooks.de\\\/#\\\/schema\\\/logo\\\/image\\\/\",\"url\":\"https:\\\/\\\/shanabooks.de\\\/wp-content\\\/uploads\\\/2024\\\/03\\\/SHANABOOKS__2_-removebg-preview.png\",\"contentUrl\":\"https:\\\/\\\/shanabooks.de\\\/wp-content\\\/uploads\\\/2024\\\/03\\\/SHANABOOKS__2_-removebg-preview.png\",\"width\":700,\"height\":150,\"caption\":\"www.shanbooks.de\"},\"image\":{\"@id\":\"https:\\\/\\\/shanabooks.de\\\/#\\\/schema\\\/logo\\\/image\\\/\"}}]}<\/script>\n<!-- \/ Yoast SEO plugin. -->","yoast_head_json":{"title":"Zargotina Kurd\u00ean S\u00fbr\u00eeyey\u00ea - Cel\u00eel\u00ea Cel\u00eel - www.shanabooks.de","description":"Zargotina Kurd\u00ean S\u00fbr\u00eeyey\u00ea - Cel\u00eel\u00ea Cel\u00eel Ev pirt\u00fbka li ber dest\u00ea we, ji vir 36 sal ber\u00ea, bi xebateka qad\u00ea ya s\u00eenorkir\u00ee hat\u00eeye hazirkirin. Cel\u00eel\u00ea Cel\u00eel\u00ee,...","robots":{"index":"index","follow":"follow","max-snippet":"max-snippet:-1","max-image-preview":"max-image-preview:large","max-video-preview":"max-video-preview:-1"},"canonical":"https:\/\/shanabooks.de\/product\/zargotina-kurden-suriyeye-celile-celil\/","og_locale":"de_DE","og_type":"article","og_title":"Zargotina Kurd\u00ean S\u00fbr\u00eeyey\u00ea - Cel\u00eel\u00ea Cel\u00eel - www.shanabooks.de","og_description":"Zargotina Kurd\u00ean S\u00fbr\u00eeyey\u00ea - Cel\u00eel\u00ea Cel\u00eel Ev pirt\u00fbka li ber dest\u00ea we, ji vir 36 sal ber\u00ea, bi xebateka qad\u00ea ya s\u00eenorkir\u00ee hat\u00eeye hazirkirin. Cel\u00eel\u00ea Cel\u00eel\u00ee,...","og_url":"https:\/\/shanabooks.de\/product\/zargotina-kurden-suriyeye-celile-celil\/","og_site_name":"www.shanabooks.de","article_modified_time":"2025-12-31T17:48:32+00:00","og_image":[{"width":300,"height":473,"url":"https:\/\/shanabooks.de\/wp-content\/uploads\/2024\/03\/zargotina-kurden-suryaye-wardoz.png","type":"image\/png"}],"twitter_card":"summary_large_image","twitter_misc":{"Gesch\u00e4tzte Lesezeit":"2\u00a0Minuten"},"schema":{"@context":"https:\/\/schema.org","@graph":[{"@type":"WebPage","@id":"https:\/\/shanabooks.de\/product\/zargotina-kurden-suriyeye-celile-celil\/","url":"https:\/\/shanabooks.de\/product\/zargotina-kurden-suriyeye-celile-celil\/","name":"Zargotina Kurd\u00ean S\u00fbr\u00eeyey\u00ea - Cel\u00eel\u00ea Cel\u00eel - www.shanabooks.de","isPartOf":{"@id":"https:\/\/shanabooks.de\/#website"},"primaryImageOfPage":{"@id":"https:\/\/shanabooks.de\/product\/zargotina-kurden-suriyeye-celile-celil\/#primaryimage"},"image":{"@id":"https:\/\/shanabooks.de\/product\/zargotina-kurden-suriyeye-celile-celil\/#primaryimage"},"thumbnailUrl":"https:\/\/shanabooks.de\/wp-content\/uploads\/2024\/03\/zargotina-kurden-suryaye-wardoz.png","datePublished":"2024-03-03T19:47:08+00:00","dateModified":"2025-12-31T17:48:32+00:00","description":"Zargotina Kurd\u00ean S\u00fbr\u00eeyey\u00ea - Cel\u00eel\u00ea Cel\u00eel Ev pirt\u00fbka li ber dest\u00ea we, ji vir 36 sal ber\u00ea, bi xebateka qad\u00ea ya s\u00eenorkir\u00ee hat\u00eeye hazirkirin. Cel\u00eel\u00ea Cel\u00eel\u00ee,...","breadcrumb":{"@id":"https:\/\/shanabooks.de\/product\/zargotina-kurden-suriyeye-celile-celil\/#breadcrumb"},"inLanguage":"de","potentialAction":[{"@type":"ReadAction","target":["https:\/\/shanabooks.de\/product\/zargotina-kurden-suriyeye-celile-celil\/"]}]},{"@type":"ImageObject","inLanguage":"de","@id":"https:\/\/shanabooks.de\/product\/zargotina-kurden-suriyeye-celile-celil\/#primaryimage","url":"https:\/\/shanabooks.de\/wp-content\/uploads\/2024\/03\/zargotina-kurden-suryaye-wardoz.png","contentUrl":"https:\/\/shanabooks.de\/wp-content\/uploads\/2024\/03\/zargotina-kurden-suryaye-wardoz.png","width":300,"height":473,"caption":"Zargotina Kurd\u00ean S\u00fbr\u00eeyey\u00ea - Cel\u00eel\u00ea Cel\u00eel - pirt\u00fbk\u00ean kurd\u00ee"},{"@type":"BreadcrumbList","@id":"https:\/\/shanabooks.de\/product\/zargotina-kurden-suriyeye-celile-celil\/#breadcrumb","itemListElement":[{"@type":"ListItem","position":1,"name":"\u0627\u0644\u0631\u0626\u064a\u0633\u064a\u0629","item":"https:\/\/shanabooks.de\/de\/"},{"@type":"ListItem","position":2,"name":"\u0627\u0644\u0645\u0646\u062a\u062c\u0627\u062a","item":"https:\/\/shanabooks.de\/shop\/"},{"@type":"ListItem","position":3,"name":"Zargotina Kurd\u00ean S\u00fbr\u00eeyey\u00ea"}]},{"@type":"WebSite","@id":"https:\/\/shanabooks.de\/#website","url":"https:\/\/shanabooks.de\/","name":"www.shanbooks.de","description":"C\u00eehana Pirt\u00fbk\u00ean Kurd\u00ee \u0645\u0643\u062a\u0628\u0629 \u0634\u0627\u0646\u0627 \u0641\u064a \u0627\u0644\u0645\u0627\u0646\u064a\u0627 \u0648\u0623\u0648\u0631\u0628\u0627","publisher":{"@id":"https:\/\/shanabooks.de\/#organization"},"potentialAction":[{"@type":"SearchAction","target":{"@type":"EntryPoint","urlTemplate":"https:\/\/shanabooks.de\/?s={search_term_string}"},"query-input":{"@type":"PropertyValueSpecification","valueRequired":true,"valueName":"search_term_string"}}],"inLanguage":"de"},{"@type":"Organization","@id":"https:\/\/shanabooks.de\/#organization","name":"www.shanbooks.de","url":"https:\/\/shanabooks.de\/","logo":{"@type":"ImageObject","inLanguage":"de","@id":"https:\/\/shanabooks.de\/#\/schema\/logo\/image\/","url":"https:\/\/shanabooks.de\/wp-content\/uploads\/2024\/03\/SHANABOOKS__2_-removebg-preview.png","contentUrl":"https:\/\/shanabooks.de\/wp-content\/uploads\/2024\/03\/SHANABOOKS__2_-removebg-preview.png","width":700,"height":150,"caption":"www.shanbooks.de"},"image":{"@id":"https:\/\/shanabooks.de\/#\/schema\/logo\/image\/"}}]}},"jetpack_sharing_enabled":true,"_links":{"self":[{"href":"https:\/\/shanabooks.de\/de\/wp-json\/wp\/v2\/product\/12845","targetHints":{"allow":["GET"]}}],"collection":[{"href":"https:\/\/shanabooks.de\/de\/wp-json\/wp\/v2\/product"}],"about":[{"href":"https:\/\/shanabooks.de\/de\/wp-json\/wp\/v2\/types\/product"}],"version-history":[{"count":3,"href":"https:\/\/shanabooks.de\/de\/wp-json\/wp\/v2\/product\/12845\/revisions"}],"predecessor-version":[{"id":17720,"href":"https:\/\/shanabooks.de\/de\/wp-json\/wp\/v2\/product\/12845\/revisions\/17720"}],"wp:featuredmedia":[{"embeddable":true,"href":"https:\/\/shanabooks.de\/de\/wp-json\/wp\/v2\/media\/12916"}],"wp:attachment":[{"href":"https:\/\/shanabooks.de\/de\/wp-json\/wp\/v2\/media?parent=12845"}],"wp:term":[{"taxonomy":"product_brand","embeddable":true,"href":"https:\/\/shanabooks.de\/de\/wp-json\/wp\/v2\/product_brand?post=12845"},{"taxonomy":"product_cat","embeddable":true,"href":"https:\/\/shanabooks.de\/de\/wp-json\/wp\/v2\/product_cat?post=12845"},{"taxonomy":"product_tag","embeddable":true,"href":"https:\/\/shanabooks.de\/de\/wp-json\/wp\/v2\/product_tag?post=12845"}],"curies":[{"name":"wp","href":"https:\/\/api.w.org\/{rel}","templated":true}]}}