{"id":12872,"date":"2024-03-03T19:47:30","date_gmt":"2024-03-03T19:47:30","guid":{"rendered":"https:\/\/shanabooks.de\/?post_type=product&#038;p=12872"},"modified":"2024-04-02T18:51:48","modified_gmt":"2024-04-02T18:51:48","slug":"regehen-keskin-mizgin-hesko","status":"publish","type":"product","link":"https:\/\/shanabooks.de\/de\/product\/regehen-keskin-mizgin-hesko\/","title":{"rendered":"R\u00eageh\u00ean Kesk\u00een"},"content":{"rendered":"<p style=\"text-align: left;\"><strong>R\u00eageh\u00ean Kesk\u00een &#8211; Mizg\u00een Hesko<\/strong><\/p>\n<p style=\"text-align: left;\">Awir\u00ean w\u00ee<br \/>\nMin&#8230;<br \/>\nVedhew\u00eenin asoy\u00ean bedeng.<br \/>\n\u00db dem&#8230;<br \/>\nKu bi \u00e7ir\u00fbs\u00eena gelaw\u00eaj\u00ea re<br \/>\nBer bi keskahiya i\u015fq\u00ea ve<br \/>\nDibeze.<\/p>\n<p style=\"text-align: left;\">Weha&#8230;<br \/>\nKesk\u00een in r\u00eageh\u00ean st\u00earan<br \/>\nKesk\u00een in \u015fopa katejim\u00earan<\/p>\n<p style=\"text-align: left;\">\u00db t\u00eer\u00ean \u00e7av\u00ean w\u00ee<br \/>\nDema ku tevl\u00ee awir\u00ean min dibin<br \/>\n\u00db p\u00eak ve<br \/>\nM\u00eena du hesp\u00ean bej\u00ee<br \/>\nWeha h\u00eamin<br \/>\nB\u00ea guneh<br \/>\nBer bi keskahiya<br \/>\nKenar\u00ean b\u00ea daw\u00ee<br \/>\nDibin.<\/p>\n","protected":false},"excerpt":{"rendered":"<p style=\"text-align: center;\"><strong>Niv\u00eeskar: Mizg\u00een Hesko<\/strong><br \/>\n<strong>Pirt\u00fbk: R\u00eageh\u00ean Kesk\u00een<\/strong><br \/>\n<strong>Cure: Helbest<\/strong><\/p>\n","protected":false},"featured_media":12929,"template":"","meta":{"site-sidebar-layout":"default","site-content-layout":"","ast-site-content-layout":"default","site-content-style":"default","site-sidebar-style":"default","ast-global-header-display":"","ast-banner-title-visibility":"","ast-main-header-display":"","ast-hfb-above-header-display":"","ast-hfb-below-header-display":"","ast-hfb-mobile-header-display":"","site-post-title":"","ast-breadcrumbs-content":"","ast-featured-img":"","footer-sml-layout":"","ast-disable-related-posts":"","theme-transparent-header-meta":"default","adv-header-id-meta":"","stick-header-meta":"","header-above-stick-meta":"","header-main-stick-meta":"","header-below-stick-meta":"","astra-migrate-meta-layouts":"set","ast-page-background-enabled":"default","ast-page-background-meta":{"desktop":{"background-color":"","background-image":"","background-repeat":"repeat","background-position":"center center","background-size":"auto","background-attachment":"scroll","background-type":"","background-media":"","overlay-type":"","overlay-color":"","overlay-opacity":"","overlay-gradient":""},"tablet":{"background-color":"","background-image":"","background-repeat":"repeat","background-position":"center center","background-size":"auto","background-attachment":"scroll","background-type":"","background-media":"","overlay-type":"","overlay-color":"","overlay-opacity":"","overlay-gradient":""},"mobile":{"background-color":"","background-image":"","background-repeat":"repeat","background-position":"center center","background-size":"auto","background-attachment":"scroll","background-type":"","background-media":"","overlay-type":"","overlay-color":"","overlay-opacity":"","overlay-gradient":""}},"ast-content-background-meta":{"desktop":{"background-color":"var(--ast-global-color-5)","background-image":"","background-repeat":"repeat","background-position":"center center","background-size":"auto","background-attachment":"scroll","background-type":"","background-media":"","overlay-type":"","overlay-color":"","overlay-opacity":"","overlay-gradient":""},"tablet":{"background-color":"var(--ast-global-color-5)","background-image":"","background-repeat":"repeat","background-position":"center center","background-size":"auto","background-attachment":"scroll","background-type":"","background-media":"","overlay-type":"","overlay-color":"","overlay-opacity":"","overlay-gradient":""},"mobile":{"background-color":"var(--ast-global-color-5)","background-image":"","background-repeat":"repeat","background-position":"center center","background-size":"auto","background-attachment":"scroll","background-type":"","background-media":"","overlay-type":"","overlay-color":"","overlay-opacity":"","overlay-gradient":""}}},"product_brand":[],"product_cat":[184,193],"product_tag":[],"class_list":{"0":"post-12872","1":"product","2":"type-product","3":"status-publish","4":"has-post-thumbnail","6":"product_cat-_","7":"product_cat--_","8":"pa_-helbest","9":"pa_-mizgin-hesko","10":"pa_-kurmanci","11":"pa_--sersera","12":"desktop-align-left","13":"tablet-align-left","14":"mobile-align-left","16":"first","17":"instock","18":"shipping-taxable","19":"purchasable","20":"product-type-simple"},"yoast_head":"<!-- This site is optimized with the Yoast SEO plugin v27.4 - https:\/\/yoast.com\/product\/yoast-seo-wordpress\/ -->\n<title>R\u00eageh\u00ean Kesk\u00een - Mizg\u00een Hesko - www.shanabooks.de<\/title>\n<meta name=\"description\" content=\"R\u00eageh\u00ean Kesk\u00een - Mizg\u00een Hesko Awir\u00ean w\u00eeMin...Vedhew\u00eenin asoy\u00ean bedeng.\u00db dem...Ku bi \u00e7ir\u00fbs\u00eena gelaw\u00eaj\u00ea reBer bi keskahiya i\u015fq\u00ea veDibeze...\" \/>\n<meta name=\"robots\" content=\"index, follow, max-snippet:-1, max-image-preview:large, max-video-preview:-1\" \/>\n<link rel=\"canonical\" href=\"https:\/\/shanabooks.de\/product\/regehen-keskin-mizgin-hesko\/\" \/>\n<meta property=\"og:locale\" content=\"de_DE\" \/>\n<meta property=\"og:type\" content=\"article\" \/>\n<meta property=\"og:title\" content=\"R\u00eageh\u00ean Kesk\u00een - Mizg\u00een Hesko - www.shanabooks.de\" \/>\n<meta property=\"og:description\" content=\"R\u00eageh\u00ean Kesk\u00een - Mizg\u00een Hesko Awir\u00ean w\u00eeMin...Vedhew\u00eenin asoy\u00ean bedeng.\u00db dem...Ku bi \u00e7ir\u00fbs\u00eena gelaw\u00eaj\u00ea reBer bi keskahiya i\u015fq\u00ea veDibeze...\" \/>\n<meta property=\"og:url\" content=\"https:\/\/shanabooks.de\/product\/regehen-keskin-mizgin-hesko\/\" \/>\n<meta property=\"og:site_name\" content=\"www.shanabooks.de\" \/>\n<meta property=\"article:modified_time\" content=\"2024-04-02T18:51:48+00:00\" \/>\n<meta property=\"og:image\" content=\"https:\/\/shanabooks.de\/wp-content\/uploads\/2024\/03\/Regehen-Keskin.png\" \/>\n\t<meta property=\"og:image:width\" content=\"317\" \/>\n\t<meta property=\"og:image:height\" content=\"463\" \/>\n\t<meta property=\"og:image:type\" content=\"image\/png\" \/>\n<meta name=\"twitter:card\" content=\"summary_large_image\" \/>\n<meta name=\"twitter:label1\" content=\"Gesch\u00e4tzte Lesezeit\" \/>\n\t<meta name=\"twitter:data1\" content=\"1\u00a0Minute\" \/>\n<script type=\"application\/ld+json\" class=\"yoast-schema-graph\">{\"@context\":\"https:\\\/\\\/schema.org\",\"@graph\":[{\"@type\":\"WebPage\",\"@id\":\"https:\\\/\\\/shanabooks.de\\\/product\\\/regehen-keskin-mizgin-hesko\\\/\",\"url\":\"https:\\\/\\\/shanabooks.de\\\/product\\\/regehen-keskin-mizgin-hesko\\\/\",\"name\":\"R\u00eageh\u00ean Kesk\u00een - Mizg\u00een Hesko - www.shanabooks.de\",\"isPartOf\":{\"@id\":\"https:\\\/\\\/shanabooks.de\\\/#website\"},\"primaryImageOfPage\":{\"@id\":\"https:\\\/\\\/shanabooks.de\\\/product\\\/regehen-keskin-mizgin-hesko\\\/#primaryimage\"},\"image\":{\"@id\":\"https:\\\/\\\/shanabooks.de\\\/product\\\/regehen-keskin-mizgin-hesko\\\/#primaryimage\"},\"thumbnailUrl\":\"https:\\\/\\\/shanabooks.de\\\/wp-content\\\/uploads\\\/2024\\\/03\\\/Regehen-Keskin.png\",\"datePublished\":\"2024-03-03T19:47:30+00:00\",\"dateModified\":\"2024-04-02T18:51:48+00:00\",\"description\":\"R\u00eageh\u00ean Kesk\u00een - Mizg\u00een Hesko Awir\u00ean w\u00eeMin...Vedhew\u00eenin asoy\u00ean bedeng.\u00db dem...Ku bi \u00e7ir\u00fbs\u00eena gelaw\u00eaj\u00ea reBer bi keskahiya i\u015fq\u00ea veDibeze...\",\"breadcrumb\":{\"@id\":\"https:\\\/\\\/shanabooks.de\\\/product\\\/regehen-keskin-mizgin-hesko\\\/#breadcrumb\"},\"inLanguage\":\"de\",\"potentialAction\":[{\"@type\":\"ReadAction\",\"target\":[\"https:\\\/\\\/shanabooks.de\\\/product\\\/regehen-keskin-mizgin-hesko\\\/\"]}]},{\"@type\":\"ImageObject\",\"inLanguage\":\"de\",\"@id\":\"https:\\\/\\\/shanabooks.de\\\/product\\\/regehen-keskin-mizgin-hesko\\\/#primaryimage\",\"url\":\"https:\\\/\\\/shanabooks.de\\\/wp-content\\\/uploads\\\/2024\\\/03\\\/Regehen-Keskin.png\",\"contentUrl\":\"https:\\\/\\\/shanabooks.de\\\/wp-content\\\/uploads\\\/2024\\\/03\\\/Regehen-Keskin.png\",\"width\":317,\"height\":463,\"caption\":\"R\u00eageh\u00ean Kesk\u00een - Mizg\u00een Hesko - pirt\u00fbk\u00ean kurd\u00ee\"},{\"@type\":\"BreadcrumbList\",\"@id\":\"https:\\\/\\\/shanabooks.de\\\/product\\\/regehen-keskin-mizgin-hesko\\\/#breadcrumb\",\"itemListElement\":[{\"@type\":\"ListItem\",\"position\":1,\"name\":\"\u0627\u0644\u0631\u0626\u064a\u0633\u064a\u0629\",\"item\":\"https:\\\/\\\/shanabooks.de\\\/de\\\/\"},{\"@type\":\"ListItem\",\"position\":2,\"name\":\"\u0627\u0644\u0645\u0646\u062a\u062c\u0627\u062a\",\"item\":\"https:\\\/\\\/shanabooks.de\\\/shop\\\/\"},{\"@type\":\"ListItem\",\"position\":3,\"name\":\"R\u00eageh\u00ean Kesk\u00een\"}]},{\"@type\":\"WebSite\",\"@id\":\"https:\\\/\\\/shanabooks.de\\\/#website\",\"url\":\"https:\\\/\\\/shanabooks.de\\\/\",\"name\":\"www.shanbooks.de\",\"description\":\"C\u00eehana Pirt\u00fbk\u00ean Kurd\u00ee \u0645\u0643\u062a\u0628\u0629 \u0634\u0627\u0646\u0627 \u0641\u064a \u0627\u0644\u0645\u0627\u0646\u064a\u0627 \u0648\u0623\u0648\u0631\u0628\u0627\",\"publisher\":{\"@id\":\"https:\\\/\\\/shanabooks.de\\\/#organization\"},\"potentialAction\":[{\"@type\":\"SearchAction\",\"target\":{\"@type\":\"EntryPoint\",\"urlTemplate\":\"https:\\\/\\\/shanabooks.de\\\/?s={search_term_string}\"},\"query-input\":{\"@type\":\"PropertyValueSpecification\",\"valueRequired\":true,\"valueName\":\"search_term_string\"}}],\"inLanguage\":\"de\"},{\"@type\":\"Organization\",\"@id\":\"https:\\\/\\\/shanabooks.de\\\/#organization\",\"name\":\"www.shanbooks.de\",\"url\":\"https:\\\/\\\/shanabooks.de\\\/\",\"logo\":{\"@type\":\"ImageObject\",\"inLanguage\":\"de\",\"@id\":\"https:\\\/\\\/shanabooks.de\\\/#\\\/schema\\\/logo\\\/image\\\/\",\"url\":\"https:\\\/\\\/shanabooks.de\\\/wp-content\\\/uploads\\\/2024\\\/03\\\/SHANABOOKS__2_-removebg-preview.png\",\"contentUrl\":\"https:\\\/\\\/shanabooks.de\\\/wp-content\\\/uploads\\\/2024\\\/03\\\/SHANABOOKS__2_-removebg-preview.png\",\"width\":700,\"height\":150,\"caption\":\"www.shanbooks.de\"},\"image\":{\"@id\":\"https:\\\/\\\/shanabooks.de\\\/#\\\/schema\\\/logo\\\/image\\\/\"}}]}<\/script>\n<!-- \/ Yoast SEO plugin. -->","yoast_head_json":{"title":"R\u00eageh\u00ean Kesk\u00een - Mizg\u00een Hesko - www.shanabooks.de","description":"R\u00eageh\u00ean Kesk\u00een - Mizg\u00een Hesko Awir\u00ean w\u00eeMin...Vedhew\u00eenin asoy\u00ean bedeng.\u00db dem...Ku bi \u00e7ir\u00fbs\u00eena gelaw\u00eaj\u00ea reBer bi keskahiya i\u015fq\u00ea veDibeze...","robots":{"index":"index","follow":"follow","max-snippet":"max-snippet:-1","max-image-preview":"max-image-preview:large","max-video-preview":"max-video-preview:-1"},"canonical":"https:\/\/shanabooks.de\/product\/regehen-keskin-mizgin-hesko\/","og_locale":"de_DE","og_type":"article","og_title":"R\u00eageh\u00ean Kesk\u00een - Mizg\u00een Hesko - www.shanabooks.de","og_description":"R\u00eageh\u00ean Kesk\u00een - Mizg\u00een Hesko Awir\u00ean w\u00eeMin...Vedhew\u00eenin asoy\u00ean bedeng.\u00db dem...Ku bi \u00e7ir\u00fbs\u00eena gelaw\u00eaj\u00ea reBer bi keskahiya i\u015fq\u00ea veDibeze...","og_url":"https:\/\/shanabooks.de\/product\/regehen-keskin-mizgin-hesko\/","og_site_name":"www.shanabooks.de","article_modified_time":"2024-04-02T18:51:48+00:00","og_image":[{"width":317,"height":463,"url":"https:\/\/shanabooks.de\/wp-content\/uploads\/2024\/03\/Regehen-Keskin.png","type":"image\/png"}],"twitter_card":"summary_large_image","twitter_misc":{"Gesch\u00e4tzte Lesezeit":"1\u00a0Minute"},"schema":{"@context":"https:\/\/schema.org","@graph":[{"@type":"WebPage","@id":"https:\/\/shanabooks.de\/product\/regehen-keskin-mizgin-hesko\/","url":"https:\/\/shanabooks.de\/product\/regehen-keskin-mizgin-hesko\/","name":"R\u00eageh\u00ean Kesk\u00een - Mizg\u00een Hesko - www.shanabooks.de","isPartOf":{"@id":"https:\/\/shanabooks.de\/#website"},"primaryImageOfPage":{"@id":"https:\/\/shanabooks.de\/product\/regehen-keskin-mizgin-hesko\/#primaryimage"},"image":{"@id":"https:\/\/shanabooks.de\/product\/regehen-keskin-mizgin-hesko\/#primaryimage"},"thumbnailUrl":"https:\/\/shanabooks.de\/wp-content\/uploads\/2024\/03\/Regehen-Keskin.png","datePublished":"2024-03-03T19:47:30+00:00","dateModified":"2024-04-02T18:51:48+00:00","description":"R\u00eageh\u00ean Kesk\u00een - Mizg\u00een Hesko Awir\u00ean w\u00eeMin...Vedhew\u00eenin asoy\u00ean bedeng.\u00db dem...Ku bi \u00e7ir\u00fbs\u00eena gelaw\u00eaj\u00ea reBer bi keskahiya i\u015fq\u00ea veDibeze...","breadcrumb":{"@id":"https:\/\/shanabooks.de\/product\/regehen-keskin-mizgin-hesko\/#breadcrumb"},"inLanguage":"de","potentialAction":[{"@type":"ReadAction","target":["https:\/\/shanabooks.de\/product\/regehen-keskin-mizgin-hesko\/"]}]},{"@type":"ImageObject","inLanguage":"de","@id":"https:\/\/shanabooks.de\/product\/regehen-keskin-mizgin-hesko\/#primaryimage","url":"https:\/\/shanabooks.de\/wp-content\/uploads\/2024\/03\/Regehen-Keskin.png","contentUrl":"https:\/\/shanabooks.de\/wp-content\/uploads\/2024\/03\/Regehen-Keskin.png","width":317,"height":463,"caption":"R\u00eageh\u00ean Kesk\u00een - Mizg\u00een Hesko - pirt\u00fbk\u00ean kurd\u00ee"},{"@type":"BreadcrumbList","@id":"https:\/\/shanabooks.de\/product\/regehen-keskin-mizgin-hesko\/#breadcrumb","itemListElement":[{"@type":"ListItem","position":1,"name":"\u0627\u0644\u0631\u0626\u064a\u0633\u064a\u0629","item":"https:\/\/shanabooks.de\/de\/"},{"@type":"ListItem","position":2,"name":"\u0627\u0644\u0645\u0646\u062a\u062c\u0627\u062a","item":"https:\/\/shanabooks.de\/shop\/"},{"@type":"ListItem","position":3,"name":"R\u00eageh\u00ean Kesk\u00een"}]},{"@type":"WebSite","@id":"https:\/\/shanabooks.de\/#website","url":"https:\/\/shanabooks.de\/","name":"www.shanbooks.de","description":"C\u00eehana Pirt\u00fbk\u00ean Kurd\u00ee \u0645\u0643\u062a\u0628\u0629 \u0634\u0627\u0646\u0627 \u0641\u064a \u0627\u0644\u0645\u0627\u0646\u064a\u0627 \u0648\u0623\u0648\u0631\u0628\u0627","publisher":{"@id":"https:\/\/shanabooks.de\/#organization"},"potentialAction":[{"@type":"SearchAction","target":{"@type":"EntryPoint","urlTemplate":"https:\/\/shanabooks.de\/?s={search_term_string}"},"query-input":{"@type":"PropertyValueSpecification","valueRequired":true,"valueName":"search_term_string"}}],"inLanguage":"de"},{"@type":"Organization","@id":"https:\/\/shanabooks.de\/#organization","name":"www.shanbooks.de","url":"https:\/\/shanabooks.de\/","logo":{"@type":"ImageObject","inLanguage":"de","@id":"https:\/\/shanabooks.de\/#\/schema\/logo\/image\/","url":"https:\/\/shanabooks.de\/wp-content\/uploads\/2024\/03\/SHANABOOKS__2_-removebg-preview.png","contentUrl":"https:\/\/shanabooks.de\/wp-content\/uploads\/2024\/03\/SHANABOOKS__2_-removebg-preview.png","width":700,"height":150,"caption":"www.shanbooks.de"},"image":{"@id":"https:\/\/shanabooks.de\/#\/schema\/logo\/image\/"}}]}},"jetpack_sharing_enabled":true,"_links":{"self":[{"href":"https:\/\/shanabooks.de\/de\/wp-json\/wp\/v2\/product\/12872","targetHints":{"allow":["GET"]}}],"collection":[{"href":"https:\/\/shanabooks.de\/de\/wp-json\/wp\/v2\/product"}],"about":[{"href":"https:\/\/shanabooks.de\/de\/wp-json\/wp\/v2\/types\/product"}],"version-history":[{"count":3,"href":"https:\/\/shanabooks.de\/de\/wp-json\/wp\/v2\/product\/12872\/revisions"}],"predecessor-version":[{"id":22714,"href":"https:\/\/shanabooks.de\/de\/wp-json\/wp\/v2\/product\/12872\/revisions\/22714"}],"wp:featuredmedia":[{"embeddable":true,"href":"https:\/\/shanabooks.de\/de\/wp-json\/wp\/v2\/media\/12929"}],"wp:attachment":[{"href":"https:\/\/shanabooks.de\/de\/wp-json\/wp\/v2\/media?parent=12872"}],"wp:term":[{"taxonomy":"product_brand","embeddable":true,"href":"https:\/\/shanabooks.de\/de\/wp-json\/wp\/v2\/product_brand?post=12872"},{"taxonomy":"product_cat","embeddable":true,"href":"https:\/\/shanabooks.de\/de\/wp-json\/wp\/v2\/product_cat?post=12872"},{"taxonomy":"product_tag","embeddable":true,"href":"https:\/\/shanabooks.de\/de\/wp-json\/wp\/v2\/product_tag?post=12872"}],"curies":[{"name":"wp","href":"https:\/\/api.w.org\/{rel}","templated":true}]}}