{"id":12943,"date":"2024-03-03T19:48:15","date_gmt":"2024-03-03T19:48:15","guid":{"rendered":"https:\/\/shanabooks.de\/?post_type=product&#038;p=12943"},"modified":"2024-04-21T09:49:59","modified_gmt":"2024-04-21T09:49:59","slug":"memozina-xani-celadet-ali-bedirxan","status":"publish","type":"product","link":"https:\/\/shanabooks.de\/de\/product\/memozina-xani-celadet-ali-bedirxan\/","title":{"rendered":"Memoz\u00eena Xan\u00ee"},"content":{"rendered":"<p style=\"text-align: left;\"><strong>Memoz\u00eena Xan\u00ee &#8211; Celadet Al\u00ee Bedirxan<\/strong><\/p>\n<p style=\"text-align: left;\">Be\u015f\u00ean Mem \u00fb Z\u00eena ku Celadet Al\u00ee Bedirxan amade kirib\u00fb \u00fb di\u00a0kovara Hawar\u00ea de \u00e7ap b\u00fbb\u00fb, bi nav\u00ea &#8222;Memoz\u00eena Xan\u00ee&#8220; di nav we\u015fan\u00ean Avesta de derket.<\/p>\n<p style=\"text-align: left;\">Herekol Az\u00eezan (Celadet Al\u00ee Bedirxan) di niv\u00eesek xwe de weha dib\u00eaje: &#8222;Ehmed\u00ea Xan\u00ee herwek\u00ee bi xwe gotiye, Mem \u00fb Z\u00een ji xwe re kirine behane \u00fb bi v\u00ea h\u00eancet\u00ea kula dil\u00ea xwe bi der daye, derd\u00ea milet\u00ea xwe \u00ea ker \u00fb lal bi ziman kiriye \u00fb ew axivandiye. Mem \u00fb Z\u00een ji bo Ehmed\u00ea Xan\u00ee remz\u00ean Kurdistan\u00ea, r\u00eazik\u00ean welat\u00ea w\u00ee ne. Xan\u00ee dib\u00eene ko ew r\u00eazik winda dibin, kurdmanc bi zimanine din dixw\u00eenin \u00fb diniv\u00eesinin, bi r\u00eazik\u00ean milet\u00ean din ve di\u00e7in, belg\u00ean xwe \u00ean nijad\u00een ji xwe tav\u00eajin, dikevin reng\u00ea milet\u00ean din \u00fb bi v\u00ee aaway\u00ee \u00fb bi r\u00eava bindestiya wan dikin.&#8220;<\/p>\n<p style=\"text-align: left;\">Di v\u00ea xebat\u00ea de me Mem \u00fb Z\u00eena Hawar\u00ea \u00fb helbest \u00fb niv\u00ees\u00ean din \u00ean derbar\u00ea Ehmed\u00ea Xan\u00ee de an\u00een ba hev<\/p>\n","protected":false},"excerpt":{"rendered":"<p style=\"text-align: center;\"><strong>Niv\u00eeskar:\u00a0Celadet Al\u00ee Bedirxan<\/strong><br \/>\n<strong>Pirt\u00fbk: Memoz\u00eena Xan\u00ee<br \/>\nCure: Helbest &#8211; Klas\u00eek<\/strong><\/p>\n","protected":false},"featured_media":12981,"template":"","meta":{"site-sidebar-layout":"default","site-content-layout":"","ast-site-content-layout":"default","site-content-style":"default","site-sidebar-style":"default","ast-global-header-display":"","ast-banner-title-visibility":"","ast-main-header-display":"","ast-hfb-above-header-display":"","ast-hfb-below-header-display":"","ast-hfb-mobile-header-display":"","site-post-title":"","ast-breadcrumbs-content":"","ast-featured-img":"","footer-sml-layout":"","ast-disable-related-posts":"","theme-transparent-header-meta":"default","adv-header-id-meta":"","stick-header-meta":"","header-above-stick-meta":"","header-main-stick-meta":"","header-below-stick-meta":"","astra-migrate-meta-layouts":"set","ast-page-background-enabled":"default","ast-page-background-meta":{"desktop":{"background-color":"","background-image":"","background-repeat":"repeat","background-position":"center center","background-size":"auto","background-attachment":"scroll","background-type":"","background-media":"","overlay-type":"","overlay-color":"","overlay-opacity":"","overlay-gradient":""},"tablet":{"background-color":"","background-image":"","background-repeat":"repeat","background-position":"center center","background-size":"auto","background-attachment":"scroll","background-type":"","background-media":"","overlay-type":"","overlay-color":"","overlay-opacity":"","overlay-gradient":""},"mobile":{"background-color":"","background-image":"","background-repeat":"repeat","background-position":"center center","background-size":"auto","background-attachment":"scroll","background-type":"","background-media":"","overlay-type":"","overlay-color":"","overlay-opacity":"","overlay-gradient":""}},"ast-content-background-meta":{"desktop":{"background-color":"var(--ast-global-color-5)","background-image":"","background-repeat":"repeat","background-position":"center center","background-size":"auto","background-attachment":"scroll","background-type":"","background-media":"","overlay-type":"","overlay-color":"","overlay-opacity":"","overlay-gradient":""},"tablet":{"background-color":"var(--ast-global-color-5)","background-image":"","background-repeat":"repeat","background-position":"center center","background-size":"auto","background-attachment":"scroll","background-type":"","background-media":"","overlay-type":"","overlay-color":"","overlay-opacity":"","overlay-gradient":""},"mobile":{"background-color":"var(--ast-global-color-5)","background-image":"","background-repeat":"repeat","background-position":"center center","background-size":"auto","background-attachment":"scroll","background-type":"","background-media":"","overlay-type":"","overlay-color":"","overlay-opacity":"","overlay-gradient":""}}},"product_brand":[],"product_cat":[181,184,193],"product_tag":[],"class_list":{"0":"post-12943","1":"product","2":"type-product","3":"status-publish","4":"has-post-thumbnail","6":"product_cat--_","7":"product_cat-_","9":"pa_-helbest","10":"pa_-klasiken-kurdi","11":"pa_-weje","12":"pa_-celadet-ali-bedirxan","13":"pa_-kurmanci","14":"pa_--avesta-yayinlari","15":"desktop-align-left","16":"tablet-align-left","17":"mobile-align-left","19":"first","20":"instock","21":"shipping-taxable","22":"purchasable","23":"product-type-simple"},"yoast_head":"<!-- This site is optimized with the Yoast SEO plugin v27.4 - https:\/\/yoast.com\/product\/yoast-seo-wordpress\/ -->\n<title>Memoz\u00eena Xan\u00ee - Celadet Al\u00ee Bedirxan - www.shanabooks.de<\/title>\n<meta name=\"description\" content=\"Memoz\u00eena Xan\u00ee - Celadet Al\u00ee Bedirxan Be\u015f\u00ean Mem \u00fb Z\u00eena ku Celadet Al\u00ee Bedirxan amade kirib\u00fb \u00fb di\u00a0kovara Hawar\u00ea de \u00e7ap b\u00fbb\u00fb, bi nav\u00ea &quot;Memoz\u00eena Xan\u00ee&quot; di nav...\" \/>\n<meta name=\"robots\" content=\"index, follow, max-snippet:-1, max-image-preview:large, max-video-preview:-1\" \/>\n<link rel=\"canonical\" href=\"https:\/\/shanabooks.de\/product\/memozina-xani-celadet-ali-bedirxan\/\" \/>\n<meta property=\"og:locale\" content=\"de_DE\" \/>\n<meta property=\"og:type\" content=\"article\" \/>\n<meta property=\"og:title\" content=\"Memoz\u00eena Xan\u00ee - Celadet Al\u00ee Bedirxan - www.shanabooks.de\" \/>\n<meta property=\"og:description\" content=\"Memoz\u00eena Xan\u00ee - Celadet Al\u00ee Bedirxan Be\u015f\u00ean Mem \u00fb Z\u00eena ku Celadet Al\u00ee Bedirxan amade kirib\u00fb \u00fb di\u00a0kovara Hawar\u00ea de \u00e7ap b\u00fbb\u00fb, bi nav\u00ea &quot;Memoz\u00eena Xan\u00ee&quot; di nav...\" \/>\n<meta property=\"og:url\" content=\"https:\/\/shanabooks.de\/product\/memozina-xani-celadet-ali-bedirxan\/\" \/>\n<meta property=\"og:site_name\" content=\"www.shanabooks.de\" \/>\n<meta property=\"article:modified_time\" content=\"2024-04-21T09:49:59+00:00\" \/>\n<meta property=\"og:image\" content=\"https:\/\/shanabooks.de\/wp-content\/uploads\/2024\/03\/Memozina-xani.jpg\" \/>\n\t<meta property=\"og:image:width\" content=\"598\" \/>\n\t<meta property=\"og:image:height\" content=\"900\" \/>\n\t<meta property=\"og:image:type\" content=\"image\/jpeg\" \/>\n<meta name=\"twitter:card\" content=\"summary_large_image\" \/>\n<meta name=\"twitter:label1\" content=\"Gesch\u00e4tzte Lesezeit\" \/>\n\t<meta name=\"twitter:data1\" content=\"2\u00a0Minuten\" \/>\n<script type=\"application\/ld+json\" class=\"yoast-schema-graph\">{\"@context\":\"https:\\\/\\\/schema.org\",\"@graph\":[{\"@type\":\"WebPage\",\"@id\":\"https:\\\/\\\/shanabooks.de\\\/product\\\/memozina-xani-celadet-ali-bedirxan\\\/\",\"url\":\"https:\\\/\\\/shanabooks.de\\\/product\\\/memozina-xani-celadet-ali-bedirxan\\\/\",\"name\":\"Memoz\u00eena Xan\u00ee - Celadet Al\u00ee Bedirxan - www.shanabooks.de\",\"isPartOf\":{\"@id\":\"https:\\\/\\\/shanabooks.de\\\/#website\"},\"primaryImageOfPage\":{\"@id\":\"https:\\\/\\\/shanabooks.de\\\/product\\\/memozina-xani-celadet-ali-bedirxan\\\/#primaryimage\"},\"image\":{\"@id\":\"https:\\\/\\\/shanabooks.de\\\/product\\\/memozina-xani-celadet-ali-bedirxan\\\/#primaryimage\"},\"thumbnailUrl\":\"https:\\\/\\\/shanabooks.de\\\/wp-content\\\/uploads\\\/2024\\\/03\\\/Memozina-xani.jpg\",\"datePublished\":\"2024-03-03T19:48:15+00:00\",\"dateModified\":\"2024-04-21T09:49:59+00:00\",\"description\":\"Memoz\u00eena Xan\u00ee - Celadet Al\u00ee Bedirxan Be\u015f\u00ean Mem \u00fb Z\u00eena ku Celadet Al\u00ee Bedirxan amade kirib\u00fb \u00fb di\u00a0kovara Hawar\u00ea de \u00e7ap b\u00fbb\u00fb, bi nav\u00ea \\\"Memoz\u00eena Xan\u00ee\\\" di nav...\",\"breadcrumb\":{\"@id\":\"https:\\\/\\\/shanabooks.de\\\/product\\\/memozina-xani-celadet-ali-bedirxan\\\/#breadcrumb\"},\"inLanguage\":\"de\",\"potentialAction\":[{\"@type\":\"ReadAction\",\"target\":[\"https:\\\/\\\/shanabooks.de\\\/product\\\/memozina-xani-celadet-ali-bedirxan\\\/\"]}]},{\"@type\":\"ImageObject\",\"inLanguage\":\"de\",\"@id\":\"https:\\\/\\\/shanabooks.de\\\/product\\\/memozina-xani-celadet-ali-bedirxan\\\/#primaryimage\",\"url\":\"https:\\\/\\\/shanabooks.de\\\/wp-content\\\/uploads\\\/2024\\\/03\\\/Memozina-xani.jpg\",\"contentUrl\":\"https:\\\/\\\/shanabooks.de\\\/wp-content\\\/uploads\\\/2024\\\/03\\\/Memozina-xani.jpg\",\"width\":598,\"height\":900,\"caption\":\"Memoz\u00eena Xan\u00ee - Celadet Al\u00ee Bedirxan - pirt\u00fbk\u00ean kurd\u00ee\"},{\"@type\":\"BreadcrumbList\",\"@id\":\"https:\\\/\\\/shanabooks.de\\\/product\\\/memozina-xani-celadet-ali-bedirxan\\\/#breadcrumb\",\"itemListElement\":[{\"@type\":\"ListItem\",\"position\":1,\"name\":\"\u0627\u0644\u0631\u0626\u064a\u0633\u064a\u0629\",\"item\":\"https:\\\/\\\/shanabooks.de\\\/de\\\/\"},{\"@type\":\"ListItem\",\"position\":2,\"name\":\"\u0627\u0644\u0645\u0646\u062a\u062c\u0627\u062a\",\"item\":\"https:\\\/\\\/shanabooks.de\\\/shop\\\/\"},{\"@type\":\"ListItem\",\"position\":3,\"name\":\"Memoz\u00eena Xan\u00ee\"}]},{\"@type\":\"WebSite\",\"@id\":\"https:\\\/\\\/shanabooks.de\\\/#website\",\"url\":\"https:\\\/\\\/shanabooks.de\\\/\",\"name\":\"www.shanbooks.de\",\"description\":\"C\u00eehana Pirt\u00fbk\u00ean Kurd\u00ee \u0645\u0643\u062a\u0628\u0629 \u0634\u0627\u0646\u0627 \u0641\u064a \u0627\u0644\u0645\u0627\u0646\u064a\u0627 \u0648\u0623\u0648\u0631\u0628\u0627\",\"publisher\":{\"@id\":\"https:\\\/\\\/shanabooks.de\\\/#organization\"},\"potentialAction\":[{\"@type\":\"SearchAction\",\"target\":{\"@type\":\"EntryPoint\",\"urlTemplate\":\"https:\\\/\\\/shanabooks.de\\\/?s={search_term_string}\"},\"query-input\":{\"@type\":\"PropertyValueSpecification\",\"valueRequired\":true,\"valueName\":\"search_term_string\"}}],\"inLanguage\":\"de\"},{\"@type\":\"Organization\",\"@id\":\"https:\\\/\\\/shanabooks.de\\\/#organization\",\"name\":\"www.shanbooks.de\",\"url\":\"https:\\\/\\\/shanabooks.de\\\/\",\"logo\":{\"@type\":\"ImageObject\",\"inLanguage\":\"de\",\"@id\":\"https:\\\/\\\/shanabooks.de\\\/#\\\/schema\\\/logo\\\/image\\\/\",\"url\":\"https:\\\/\\\/shanabooks.de\\\/wp-content\\\/uploads\\\/2024\\\/03\\\/SHANABOOKS__2_-removebg-preview.png\",\"contentUrl\":\"https:\\\/\\\/shanabooks.de\\\/wp-content\\\/uploads\\\/2024\\\/03\\\/SHANABOOKS__2_-removebg-preview.png\",\"width\":700,\"height\":150,\"caption\":\"www.shanbooks.de\"},\"image\":{\"@id\":\"https:\\\/\\\/shanabooks.de\\\/#\\\/schema\\\/logo\\\/image\\\/\"}}]}<\/script>\n<!-- \/ Yoast SEO plugin. -->","yoast_head_json":{"title":"Memoz\u00eena Xan\u00ee - Celadet Al\u00ee Bedirxan - www.shanabooks.de","description":"Memoz\u00eena Xan\u00ee - Celadet Al\u00ee Bedirxan Be\u015f\u00ean Mem \u00fb Z\u00eena ku Celadet Al\u00ee Bedirxan amade kirib\u00fb \u00fb di\u00a0kovara Hawar\u00ea de \u00e7ap b\u00fbb\u00fb, bi nav\u00ea \"Memoz\u00eena Xan\u00ee\" di nav...","robots":{"index":"index","follow":"follow","max-snippet":"max-snippet:-1","max-image-preview":"max-image-preview:large","max-video-preview":"max-video-preview:-1"},"canonical":"https:\/\/shanabooks.de\/product\/memozina-xani-celadet-ali-bedirxan\/","og_locale":"de_DE","og_type":"article","og_title":"Memoz\u00eena Xan\u00ee - Celadet Al\u00ee Bedirxan - www.shanabooks.de","og_description":"Memoz\u00eena Xan\u00ee - Celadet Al\u00ee Bedirxan Be\u015f\u00ean Mem \u00fb Z\u00eena ku Celadet Al\u00ee Bedirxan amade kirib\u00fb \u00fb di\u00a0kovara Hawar\u00ea de \u00e7ap b\u00fbb\u00fb, bi nav\u00ea \"Memoz\u00eena Xan\u00ee\" di nav...","og_url":"https:\/\/shanabooks.de\/product\/memozina-xani-celadet-ali-bedirxan\/","og_site_name":"www.shanabooks.de","article_modified_time":"2024-04-21T09:49:59+00:00","og_image":[{"width":598,"height":900,"url":"https:\/\/shanabooks.de\/wp-content\/uploads\/2024\/03\/Memozina-xani.jpg","type":"image\/jpeg"}],"twitter_card":"summary_large_image","twitter_misc":{"Gesch\u00e4tzte Lesezeit":"2\u00a0Minuten"},"schema":{"@context":"https:\/\/schema.org","@graph":[{"@type":"WebPage","@id":"https:\/\/shanabooks.de\/product\/memozina-xani-celadet-ali-bedirxan\/","url":"https:\/\/shanabooks.de\/product\/memozina-xani-celadet-ali-bedirxan\/","name":"Memoz\u00eena Xan\u00ee - Celadet Al\u00ee Bedirxan - www.shanabooks.de","isPartOf":{"@id":"https:\/\/shanabooks.de\/#website"},"primaryImageOfPage":{"@id":"https:\/\/shanabooks.de\/product\/memozina-xani-celadet-ali-bedirxan\/#primaryimage"},"image":{"@id":"https:\/\/shanabooks.de\/product\/memozina-xani-celadet-ali-bedirxan\/#primaryimage"},"thumbnailUrl":"https:\/\/shanabooks.de\/wp-content\/uploads\/2024\/03\/Memozina-xani.jpg","datePublished":"2024-03-03T19:48:15+00:00","dateModified":"2024-04-21T09:49:59+00:00","description":"Memoz\u00eena Xan\u00ee - Celadet Al\u00ee Bedirxan Be\u015f\u00ean Mem \u00fb Z\u00eena ku Celadet Al\u00ee Bedirxan amade kirib\u00fb \u00fb di\u00a0kovara Hawar\u00ea de \u00e7ap b\u00fbb\u00fb, bi nav\u00ea \"Memoz\u00eena Xan\u00ee\" di nav...","breadcrumb":{"@id":"https:\/\/shanabooks.de\/product\/memozina-xani-celadet-ali-bedirxan\/#breadcrumb"},"inLanguage":"de","potentialAction":[{"@type":"ReadAction","target":["https:\/\/shanabooks.de\/product\/memozina-xani-celadet-ali-bedirxan\/"]}]},{"@type":"ImageObject","inLanguage":"de","@id":"https:\/\/shanabooks.de\/product\/memozina-xani-celadet-ali-bedirxan\/#primaryimage","url":"https:\/\/shanabooks.de\/wp-content\/uploads\/2024\/03\/Memozina-xani.jpg","contentUrl":"https:\/\/shanabooks.de\/wp-content\/uploads\/2024\/03\/Memozina-xani.jpg","width":598,"height":900,"caption":"Memoz\u00eena Xan\u00ee - Celadet Al\u00ee Bedirxan - pirt\u00fbk\u00ean kurd\u00ee"},{"@type":"BreadcrumbList","@id":"https:\/\/shanabooks.de\/product\/memozina-xani-celadet-ali-bedirxan\/#breadcrumb","itemListElement":[{"@type":"ListItem","position":1,"name":"\u0627\u0644\u0631\u0626\u064a\u0633\u064a\u0629","item":"https:\/\/shanabooks.de\/de\/"},{"@type":"ListItem","position":2,"name":"\u0627\u0644\u0645\u0646\u062a\u062c\u0627\u062a","item":"https:\/\/shanabooks.de\/shop\/"},{"@type":"ListItem","position":3,"name":"Memoz\u00eena Xan\u00ee"}]},{"@type":"WebSite","@id":"https:\/\/shanabooks.de\/#website","url":"https:\/\/shanabooks.de\/","name":"www.shanbooks.de","description":"C\u00eehana Pirt\u00fbk\u00ean Kurd\u00ee \u0645\u0643\u062a\u0628\u0629 \u0634\u0627\u0646\u0627 \u0641\u064a \u0627\u0644\u0645\u0627\u0646\u064a\u0627 \u0648\u0623\u0648\u0631\u0628\u0627","publisher":{"@id":"https:\/\/shanabooks.de\/#organization"},"potentialAction":[{"@type":"SearchAction","target":{"@type":"EntryPoint","urlTemplate":"https:\/\/shanabooks.de\/?s={search_term_string}"},"query-input":{"@type":"PropertyValueSpecification","valueRequired":true,"valueName":"search_term_string"}}],"inLanguage":"de"},{"@type":"Organization","@id":"https:\/\/shanabooks.de\/#organization","name":"www.shanbooks.de","url":"https:\/\/shanabooks.de\/","logo":{"@type":"ImageObject","inLanguage":"de","@id":"https:\/\/shanabooks.de\/#\/schema\/logo\/image\/","url":"https:\/\/shanabooks.de\/wp-content\/uploads\/2024\/03\/SHANABOOKS__2_-removebg-preview.png","contentUrl":"https:\/\/shanabooks.de\/wp-content\/uploads\/2024\/03\/SHANABOOKS__2_-removebg-preview.png","width":700,"height":150,"caption":"www.shanbooks.de"},"image":{"@id":"https:\/\/shanabooks.de\/#\/schema\/logo\/image\/"}}]}},"jetpack_sharing_enabled":true,"_links":{"self":[{"href":"https:\/\/shanabooks.de\/de\/wp-json\/wp\/v2\/product\/12943","targetHints":{"allow":["GET"]}}],"collection":[{"href":"https:\/\/shanabooks.de\/de\/wp-json\/wp\/v2\/product"}],"about":[{"href":"https:\/\/shanabooks.de\/de\/wp-json\/wp\/v2\/types\/product"}],"version-history":[{"count":4,"href":"https:\/\/shanabooks.de\/de\/wp-json\/wp\/v2\/product\/12943\/revisions"}],"predecessor-version":[{"id":24629,"href":"https:\/\/shanabooks.de\/de\/wp-json\/wp\/v2\/product\/12943\/revisions\/24629"}],"wp:featuredmedia":[{"embeddable":true,"href":"https:\/\/shanabooks.de\/de\/wp-json\/wp\/v2\/media\/12981"}],"wp:attachment":[{"href":"https:\/\/shanabooks.de\/de\/wp-json\/wp\/v2\/media?parent=12943"}],"wp:term":[{"taxonomy":"product_brand","embeddable":true,"href":"https:\/\/shanabooks.de\/de\/wp-json\/wp\/v2\/product_brand?post=12943"},{"taxonomy":"product_cat","embeddable":true,"href":"https:\/\/shanabooks.de\/de\/wp-json\/wp\/v2\/product_cat?post=12943"},{"taxonomy":"product_tag","embeddable":true,"href":"https:\/\/shanabooks.de\/de\/wp-json\/wp\/v2\/product_tag?post=12943"}],"curies":[{"name":"wp","href":"https:\/\/api.w.org\/{rel}","templated":true}]}}