{"id":12944,"date":"2024-03-03T19:48:15","date_gmt":"2024-03-03T19:48:15","guid":{"rendered":"https:\/\/shanabooks.de\/?post_type=product&#038;p=12944"},"modified":"2026-01-02T20:02:26","modified_gmt":"2026-01-02T20:02:26","slug":"rojen-almanyaye-celadet-ali-bedirxan","status":"publish","type":"product","link":"https:\/\/shanabooks.de\/de\/product\/rojen-almanyaye-celadet-ali-bedirxan\/","title":{"rendered":"Roj\u00ean Almanyay\u00ea (1922-1925)"},"content":{"rendered":"<p style=\"text-align: left\"><strong>Roj\u00ean Almanyay\u00ea &#8211; Celadet Al\u00ee Bedirxan<\/strong><\/p>\n<p style=\"text-align: left\">Dawiya sedsala 19an, destp\u00eaka sedsala 20an Stembol ne ten\u00ea paytext\u00ea \u00cemparatoriya Osman\u00ee paytext\u00ea kurdan e kultur\u00ee j\u00ee b\u00fb. Destp\u00eaka gelek ti\u015ft\u00ean kurd\u00ee li v\u00ee bajar\u00ee b\u00fbye.<\/p>\n<p style=\"text-align: left\">Celadet Al\u00ee Bedirxan, wek gelek ronakb\u00eer \u00fb siyasetvan\u00ean din ku li v\u00ee bajar\u00ee b\u00fbn, pi\u015ft\u00ee \u015eer\u00ea Yekem \u00ea C\u00eehan\u00ea mecb\u00fbr man van deran terk bikin. Celadet Beg \u00e7\u00fb Almanya \u00fb demek\u00ea li wir ma.<\/p>\n<p style=\"text-align: left\">Ev kit\u00eaba bi nav\u00ea Roj\u00ean Almanyay\u00ea ji rojniv\u00eeska Celadet Al\u00ee Bedirxan p\u00eak t\u00ea ku li \u00e7end bajar\u00ean Almanya di navbera sal\u00ean 1922-1925 de maye. Rojniv\u00eesk bi ziman\u00ea osman\u00ee-tirk\u00ee \u00fb alfabeya ereb\u00ee hatiye niv\u00eesandin. Malm\u00eesanij ew transr\u00eebey\u00ee lat\u00een\u00ee kir, Osman \u00d6z\u00e7elik j\u00ee ew wergerande kurd\u00ee.<\/p>\n","protected":false},"excerpt":{"rendered":"<p style=\"text-align: center\"><strong>Niv\u00eeskar: Celadet Al\u00ee Bedirxan<br \/>\n<\/strong><strong>Pirt\u00fbk: Roj\u00ean Almanyay\u00ea (1922-1925)<br \/>\n<\/strong><strong>Cure: Not\u00ean Rojane<\/strong><\/p>\n","protected":false},"featured_media":12983,"template":"","meta":{"site-sidebar-layout":"default","site-content-layout":"","ast-site-content-layout":"default","site-content-style":"default","site-sidebar-style":"default","ast-global-header-display":"","ast-banner-title-visibility":"","ast-main-header-display":"","ast-hfb-above-header-display":"","ast-hfb-below-header-display":"","ast-hfb-mobile-header-display":"","site-post-title":"","ast-breadcrumbs-content":"","ast-featured-img":"","footer-sml-layout":"","ast-disable-related-posts":"","theme-transparent-header-meta":"default","adv-header-id-meta":"","stick-header-meta":"","header-above-stick-meta":"","header-main-stick-meta":"","header-below-stick-meta":"","astra-migrate-meta-layouts":"set","ast-page-background-enabled":"default","ast-page-background-meta":{"desktop":{"background-color":"","background-image":"","background-repeat":"repeat","background-position":"center center","background-size":"auto","background-attachment":"scroll","background-type":"","background-media":"","overlay-type":"","overlay-color":"","overlay-opacity":"","overlay-gradient":""},"tablet":{"background-color":"","background-image":"","background-repeat":"repeat","background-position":"center center","background-size":"auto","background-attachment":"scroll","background-type":"","background-media":"","overlay-type":"","overlay-color":"","overlay-opacity":"","overlay-gradient":""},"mobile":{"background-color":"","background-image":"","background-repeat":"repeat","background-position":"center center","background-size":"auto","background-attachment":"scroll","background-type":"","background-media":"","overlay-type":"","overlay-color":"","overlay-opacity":"","overlay-gradient":""}},"ast-content-background-meta":{"desktop":{"background-color":"var(--ast-global-color-5)","background-image":"","background-repeat":"repeat","background-position":"center center","background-size":"auto","background-attachment":"scroll","background-type":"","background-media":"","overlay-type":"","overlay-color":"","overlay-opacity":"","overlay-gradient":""},"tablet":{"background-color":"var(--ast-global-color-5)","background-image":"","background-repeat":"repeat","background-position":"center center","background-size":"auto","background-attachment":"scroll","background-type":"","background-media":"","overlay-type":"","overlay-color":"","overlay-opacity":"","overlay-gradient":""},"mobile":{"background-color":"var(--ast-global-color-5)","background-image":"","background-repeat":"repeat","background-position":"center center","background-size":"auto","background-attachment":"scroll","background-type":"","background-media":"","overlay-type":"","overlay-color":"","overlay-opacity":"","overlay-gradient":""}}},"product_brand":[],"product_cat":[334,193],"product_tag":[],"class_list":{"0":"post-12944","1":"product","2":"type-product","3":"status-publish","4":"has-post-thumbnail","6":"product_cat--_","8":"pa_-rojnivisk","9":"pa_-celadet-ali-bedirxan","10":"pa_-kurmanci","11":"pa_--avesta-yayinlari","12":"desktop-align-left","13":"tablet-align-left","14":"mobile-align-left","16":"first","17":"outofstock","18":"shipping-taxable","19":"purchasable","20":"product-type-simple"},"yoast_head":"<!-- This site is optimized with the Yoast SEO plugin v27.4 - https:\/\/yoast.com\/product\/yoast-seo-wordpress\/ -->\n<title>Roj\u00ean Almanyay\u00ea - Celadet Al\u00ee Bedirxan - www.shanabooks.de<\/title>\n<meta name=\"description\" content=\"Roj\u00ean Almanyay\u00ea - Celadet Al\u00ee Bedirxan Dawiya sedsala 19an, destp\u00eaka sedsala 20an Stembol ne ten\u00ea paytext\u00ea \u00cemparatoriya Osman\u00ee paytext\u00ea kurdan e kultur\u00ee ...\" \/>\n<meta name=\"robots\" content=\"index, follow, max-snippet:-1, max-image-preview:large, max-video-preview:-1\" \/>\n<link rel=\"canonical\" href=\"https:\/\/shanabooks.de\/product\/rojen-almanyaye-celadet-ali-bedirxan\/\" \/>\n<meta property=\"og:locale\" content=\"de_DE\" \/>\n<meta property=\"og:type\" content=\"article\" \/>\n<meta property=\"og:title\" content=\"Roj\u00ean Almanyay\u00ea - Celadet Al\u00ee Bedirxan - www.shanabooks.de\" \/>\n<meta property=\"og:description\" content=\"Roj\u00ean Almanyay\u00ea - Celadet Al\u00ee Bedirxan Dawiya sedsala 19an, destp\u00eaka sedsala 20an Stembol ne ten\u00ea paytext\u00ea \u00cemparatoriya Osman\u00ee paytext\u00ea kurdan e kultur\u00ee ...\" \/>\n<meta property=\"og:url\" content=\"https:\/\/shanabooks.de\/product\/rojen-almanyaye-celadet-ali-bedirxan\/\" \/>\n<meta property=\"og:site_name\" content=\"www.shanabooks.de\" \/>\n<meta property=\"article:modified_time\" content=\"2026-01-02T20:02:26+00:00\" \/>\n<meta property=\"og:image\" content=\"https:\/\/shanabooks.de\/wp-content\/uploads\/2024\/03\/Rojen-almanyaye.jpg\" \/>\n\t<meta property=\"og:image:width\" content=\"595\" \/>\n\t<meta property=\"og:image:height\" content=\"900\" \/>\n\t<meta property=\"og:image:type\" content=\"image\/jpeg\" \/>\n<meta name=\"twitter:card\" content=\"summary_large_image\" \/>\n<meta name=\"twitter:label1\" content=\"Gesch\u00e4tzte Lesezeit\" \/>\n\t<meta name=\"twitter:data1\" content=\"1\u00a0Minute\" \/>\n<script type=\"application\/ld+json\" class=\"yoast-schema-graph\">{\"@context\":\"https:\\\/\\\/schema.org\",\"@graph\":[{\"@type\":\"WebPage\",\"@id\":\"https:\\\/\\\/shanabooks.de\\\/product\\\/rojen-almanyaye-celadet-ali-bedirxan\\\/\",\"url\":\"https:\\\/\\\/shanabooks.de\\\/product\\\/rojen-almanyaye-celadet-ali-bedirxan\\\/\",\"name\":\"Roj\u00ean Almanyay\u00ea - Celadet Al\u00ee Bedirxan - www.shanabooks.de\",\"isPartOf\":{\"@id\":\"https:\\\/\\\/shanabooks.de\\\/#website\"},\"primaryImageOfPage\":{\"@id\":\"https:\\\/\\\/shanabooks.de\\\/product\\\/rojen-almanyaye-celadet-ali-bedirxan\\\/#primaryimage\"},\"image\":{\"@id\":\"https:\\\/\\\/shanabooks.de\\\/product\\\/rojen-almanyaye-celadet-ali-bedirxan\\\/#primaryimage\"},\"thumbnailUrl\":\"https:\\\/\\\/shanabooks.de\\\/wp-content\\\/uploads\\\/2024\\\/03\\\/Rojen-almanyaye.jpg\",\"datePublished\":\"2024-03-03T19:48:15+00:00\",\"dateModified\":\"2026-01-02T20:02:26+00:00\",\"description\":\"Roj\u00ean Almanyay\u00ea - Celadet Al\u00ee Bedirxan Dawiya sedsala 19an, destp\u00eaka sedsala 20an Stembol ne ten\u00ea paytext\u00ea \u00cemparatoriya Osman\u00ee paytext\u00ea kurdan e kultur\u00ee ...\",\"breadcrumb\":{\"@id\":\"https:\\\/\\\/shanabooks.de\\\/product\\\/rojen-almanyaye-celadet-ali-bedirxan\\\/#breadcrumb\"},\"inLanguage\":\"de\",\"potentialAction\":[{\"@type\":\"ReadAction\",\"target\":[\"https:\\\/\\\/shanabooks.de\\\/product\\\/rojen-almanyaye-celadet-ali-bedirxan\\\/\"]}]},{\"@type\":\"ImageObject\",\"inLanguage\":\"de\",\"@id\":\"https:\\\/\\\/shanabooks.de\\\/product\\\/rojen-almanyaye-celadet-ali-bedirxan\\\/#primaryimage\",\"url\":\"https:\\\/\\\/shanabooks.de\\\/wp-content\\\/uploads\\\/2024\\\/03\\\/Rojen-almanyaye.jpg\",\"contentUrl\":\"https:\\\/\\\/shanabooks.de\\\/wp-content\\\/uploads\\\/2024\\\/03\\\/Rojen-almanyaye.jpg\",\"width\":595,\"height\":900,\"caption\":\"Roj\u00ean Almanyay\u00ea - Celadet Al\u00ee Bedirxan - pirt\u00fbk\u00ean kurd\u00ee\"},{\"@type\":\"BreadcrumbList\",\"@id\":\"https:\\\/\\\/shanabooks.de\\\/product\\\/rojen-almanyaye-celadet-ali-bedirxan\\\/#breadcrumb\",\"itemListElement\":[{\"@type\":\"ListItem\",\"position\":1,\"name\":\"\u0627\u0644\u0631\u0626\u064a\u0633\u064a\u0629\",\"item\":\"https:\\\/\\\/shanabooks.de\\\/de\\\/\"},{\"@type\":\"ListItem\",\"position\":2,\"name\":\"\u0627\u0644\u0645\u0646\u062a\u062c\u0627\u062a\",\"item\":\"https:\\\/\\\/shanabooks.de\\\/shop\\\/\"},{\"@type\":\"ListItem\",\"position\":3,\"name\":\"Roj\u00ean Almanyay\u00ea (1922-1925)\"}]},{\"@type\":\"WebSite\",\"@id\":\"https:\\\/\\\/shanabooks.de\\\/#website\",\"url\":\"https:\\\/\\\/shanabooks.de\\\/\",\"name\":\"www.shanbooks.de\",\"description\":\"C\u00eehana Pirt\u00fbk\u00ean Kurd\u00ee \u0645\u0643\u062a\u0628\u0629 \u0634\u0627\u0646\u0627 \u0641\u064a \u0627\u0644\u0645\u0627\u0646\u064a\u0627 \u0648\u0623\u0648\u0631\u0628\u0627\",\"publisher\":{\"@id\":\"https:\\\/\\\/shanabooks.de\\\/#organization\"},\"potentialAction\":[{\"@type\":\"SearchAction\",\"target\":{\"@type\":\"EntryPoint\",\"urlTemplate\":\"https:\\\/\\\/shanabooks.de\\\/?s={search_term_string}\"},\"query-input\":{\"@type\":\"PropertyValueSpecification\",\"valueRequired\":true,\"valueName\":\"search_term_string\"}}],\"inLanguage\":\"de\"},{\"@type\":\"Organization\",\"@id\":\"https:\\\/\\\/shanabooks.de\\\/#organization\",\"name\":\"www.shanbooks.de\",\"url\":\"https:\\\/\\\/shanabooks.de\\\/\",\"logo\":{\"@type\":\"ImageObject\",\"inLanguage\":\"de\",\"@id\":\"https:\\\/\\\/shanabooks.de\\\/#\\\/schema\\\/logo\\\/image\\\/\",\"url\":\"https:\\\/\\\/shanabooks.de\\\/wp-content\\\/uploads\\\/2024\\\/03\\\/SHANABOOKS__2_-removebg-preview.png\",\"contentUrl\":\"https:\\\/\\\/shanabooks.de\\\/wp-content\\\/uploads\\\/2024\\\/03\\\/SHANABOOKS__2_-removebg-preview.png\",\"width\":700,\"height\":150,\"caption\":\"www.shanbooks.de\"},\"image\":{\"@id\":\"https:\\\/\\\/shanabooks.de\\\/#\\\/schema\\\/logo\\\/image\\\/\"}}]}<\/script>\n<!-- \/ Yoast SEO plugin. -->","yoast_head_json":{"title":"Roj\u00ean Almanyay\u00ea - Celadet Al\u00ee Bedirxan - www.shanabooks.de","description":"Roj\u00ean Almanyay\u00ea - Celadet Al\u00ee Bedirxan Dawiya sedsala 19an, destp\u00eaka sedsala 20an Stembol ne ten\u00ea paytext\u00ea \u00cemparatoriya Osman\u00ee paytext\u00ea kurdan e kultur\u00ee ...","robots":{"index":"index","follow":"follow","max-snippet":"max-snippet:-1","max-image-preview":"max-image-preview:large","max-video-preview":"max-video-preview:-1"},"canonical":"https:\/\/shanabooks.de\/product\/rojen-almanyaye-celadet-ali-bedirxan\/","og_locale":"de_DE","og_type":"article","og_title":"Roj\u00ean Almanyay\u00ea - Celadet Al\u00ee Bedirxan - www.shanabooks.de","og_description":"Roj\u00ean Almanyay\u00ea - Celadet Al\u00ee Bedirxan Dawiya sedsala 19an, destp\u00eaka sedsala 20an Stembol ne ten\u00ea paytext\u00ea \u00cemparatoriya Osman\u00ee paytext\u00ea kurdan e kultur\u00ee ...","og_url":"https:\/\/shanabooks.de\/product\/rojen-almanyaye-celadet-ali-bedirxan\/","og_site_name":"www.shanabooks.de","article_modified_time":"2026-01-02T20:02:26+00:00","og_image":[{"width":595,"height":900,"url":"https:\/\/shanabooks.de\/wp-content\/uploads\/2024\/03\/Rojen-almanyaye.jpg","type":"image\/jpeg"}],"twitter_card":"summary_large_image","twitter_misc":{"Gesch\u00e4tzte Lesezeit":"1\u00a0Minute"},"schema":{"@context":"https:\/\/schema.org","@graph":[{"@type":"WebPage","@id":"https:\/\/shanabooks.de\/product\/rojen-almanyaye-celadet-ali-bedirxan\/","url":"https:\/\/shanabooks.de\/product\/rojen-almanyaye-celadet-ali-bedirxan\/","name":"Roj\u00ean Almanyay\u00ea - Celadet Al\u00ee Bedirxan - www.shanabooks.de","isPartOf":{"@id":"https:\/\/shanabooks.de\/#website"},"primaryImageOfPage":{"@id":"https:\/\/shanabooks.de\/product\/rojen-almanyaye-celadet-ali-bedirxan\/#primaryimage"},"image":{"@id":"https:\/\/shanabooks.de\/product\/rojen-almanyaye-celadet-ali-bedirxan\/#primaryimage"},"thumbnailUrl":"https:\/\/shanabooks.de\/wp-content\/uploads\/2024\/03\/Rojen-almanyaye.jpg","datePublished":"2024-03-03T19:48:15+00:00","dateModified":"2026-01-02T20:02:26+00:00","description":"Roj\u00ean Almanyay\u00ea - Celadet Al\u00ee Bedirxan Dawiya sedsala 19an, destp\u00eaka sedsala 20an Stembol ne ten\u00ea paytext\u00ea \u00cemparatoriya Osman\u00ee paytext\u00ea kurdan e kultur\u00ee ...","breadcrumb":{"@id":"https:\/\/shanabooks.de\/product\/rojen-almanyaye-celadet-ali-bedirxan\/#breadcrumb"},"inLanguage":"de","potentialAction":[{"@type":"ReadAction","target":["https:\/\/shanabooks.de\/product\/rojen-almanyaye-celadet-ali-bedirxan\/"]}]},{"@type":"ImageObject","inLanguage":"de","@id":"https:\/\/shanabooks.de\/product\/rojen-almanyaye-celadet-ali-bedirxan\/#primaryimage","url":"https:\/\/shanabooks.de\/wp-content\/uploads\/2024\/03\/Rojen-almanyaye.jpg","contentUrl":"https:\/\/shanabooks.de\/wp-content\/uploads\/2024\/03\/Rojen-almanyaye.jpg","width":595,"height":900,"caption":"Roj\u00ean Almanyay\u00ea - Celadet Al\u00ee Bedirxan - pirt\u00fbk\u00ean kurd\u00ee"},{"@type":"BreadcrumbList","@id":"https:\/\/shanabooks.de\/product\/rojen-almanyaye-celadet-ali-bedirxan\/#breadcrumb","itemListElement":[{"@type":"ListItem","position":1,"name":"\u0627\u0644\u0631\u0626\u064a\u0633\u064a\u0629","item":"https:\/\/shanabooks.de\/de\/"},{"@type":"ListItem","position":2,"name":"\u0627\u0644\u0645\u0646\u062a\u062c\u0627\u062a","item":"https:\/\/shanabooks.de\/shop\/"},{"@type":"ListItem","position":3,"name":"Roj\u00ean Almanyay\u00ea (1922-1925)"}]},{"@type":"WebSite","@id":"https:\/\/shanabooks.de\/#website","url":"https:\/\/shanabooks.de\/","name":"www.shanbooks.de","description":"C\u00eehana Pirt\u00fbk\u00ean Kurd\u00ee \u0645\u0643\u062a\u0628\u0629 \u0634\u0627\u0646\u0627 \u0641\u064a \u0627\u0644\u0645\u0627\u0646\u064a\u0627 \u0648\u0623\u0648\u0631\u0628\u0627","publisher":{"@id":"https:\/\/shanabooks.de\/#organization"},"potentialAction":[{"@type":"SearchAction","target":{"@type":"EntryPoint","urlTemplate":"https:\/\/shanabooks.de\/?s={search_term_string}"},"query-input":{"@type":"PropertyValueSpecification","valueRequired":true,"valueName":"search_term_string"}}],"inLanguage":"de"},{"@type":"Organization","@id":"https:\/\/shanabooks.de\/#organization","name":"www.shanbooks.de","url":"https:\/\/shanabooks.de\/","logo":{"@type":"ImageObject","inLanguage":"de","@id":"https:\/\/shanabooks.de\/#\/schema\/logo\/image\/","url":"https:\/\/shanabooks.de\/wp-content\/uploads\/2024\/03\/SHANABOOKS__2_-removebg-preview.png","contentUrl":"https:\/\/shanabooks.de\/wp-content\/uploads\/2024\/03\/SHANABOOKS__2_-removebg-preview.png","width":700,"height":150,"caption":"www.shanbooks.de"},"image":{"@id":"https:\/\/shanabooks.de\/#\/schema\/logo\/image\/"}}]}},"jetpack_sharing_enabled":true,"_links":{"self":[{"href":"https:\/\/shanabooks.de\/de\/wp-json\/wp\/v2\/product\/12944","targetHints":{"allow":["GET"]}}],"collection":[{"href":"https:\/\/shanabooks.de\/de\/wp-json\/wp\/v2\/product"}],"about":[{"href":"https:\/\/shanabooks.de\/de\/wp-json\/wp\/v2\/types\/product"}],"version-history":[{"count":3,"href":"https:\/\/shanabooks.de\/de\/wp-json\/wp\/v2\/product\/12944\/revisions"}],"predecessor-version":[{"id":17548,"href":"https:\/\/shanabooks.de\/de\/wp-json\/wp\/v2\/product\/12944\/revisions\/17548"}],"wp:featuredmedia":[{"embeddable":true,"href":"https:\/\/shanabooks.de\/de\/wp-json\/wp\/v2\/media\/12983"}],"wp:attachment":[{"href":"https:\/\/shanabooks.de\/de\/wp-json\/wp\/v2\/media?parent=12944"}],"wp:term":[{"taxonomy":"product_brand","embeddable":true,"href":"https:\/\/shanabooks.de\/de\/wp-json\/wp\/v2\/product_brand?post=12944"},{"taxonomy":"product_cat","embeddable":true,"href":"https:\/\/shanabooks.de\/de\/wp-json\/wp\/v2\/product_cat?post=12944"},{"taxonomy":"product_tag","embeddable":true,"href":"https:\/\/shanabooks.de\/de\/wp-json\/wp\/v2\/product_tag?post=12944"}],"curies":[{"name":"wp","href":"https:\/\/api.w.org\/{rel}","templated":true}]}}