{"id":12945,"date":"2024-03-03T19:48:15","date_gmt":"2024-03-03T19:48:15","guid":{"rendered":"https:\/\/shanabooks.de\/?post_type=product&#038;p=12945"},"modified":"2026-01-02T20:01:32","modified_gmt":"2026-01-02T20:01:32","slug":"stranvan-celadet-ali-bedirxan","status":"publish","type":"product","link":"https:\/\/shanabooks.de\/de\/product\/stranvan-celadet-ali-bedirxan\/","title":{"rendered":"Stranvan"},"content":{"rendered":"<p style=\"text-align: left\"><strong>Stranvan &#8211; Celadet Al\u00ee Bedirxan<\/strong><\/p>\n<p style=\"text-align: left\">\u201cHeb\u00fb neb\u00fb bel\u00ea ji Xwed\u00ea mezintir neb\u00fb, Ehmed Axa Ferman bo me (ez \u00fb biray\u00ea min Cem\u015f\u00eed) d\u00eerok b\u00fb. Em \u015fagird\u00ean w\u00ee b\u00fbn. Heftiy\u00ea s\u00ea car dihat mala me, stran \u00fb \u00e7\u00eerok\u00ean kurd\u00ee y\u00ean folklor\u00ee ji me re digot \u00fb me h\u00een dikir. Em dibirin gerane \u00fb di r\u00ea de behsa Kurdistan \u00fb xelk\u00ea me dikir. Bi saya w\u00ee em d\u00eeroka xwe ya folklor\u00ee h\u00een b\u00fbn. Ji me re pir stran digot \u00fb behsa welat\u00ea xwe y\u00ea \u015f\u00eer\u00een dikir. Eve ji bil\u00ee ders\u00ean ko Bavo ji me re dida. Wext\u00ea ez pi\u00e7\u00fbk b\u00fbm Bavo ez digehandim dibistan\u00ea, bi r\u00ea de behsa Ciz\u00eera Botan dikir. Bavo ji me re digot wext\u00ea tu mezin b\u00fby\u00ee em\u00ea bi hev re herin Ciz\u00eera reng\u00een. L\u00ea mixabin ez bi ten\u00ea \u00e7\u00fbme Ciz\u00eer\u00ea. Lewre gelek gir\u00eeng e em zaroy\u00ean xwe ser d\u00eerok \u00fb \u00e7and \u00fb jiyana me ya kurd\u00ee mezin bikin, ti\u015ft\u00ean em li pi\u00e7\u00fbkahiy\u00ea h\u00een dibin nay\u00ean jib\u00eerkirin.\u201d<br \/>\nS\u00eenemxan Bedirxan<\/p>\n<p style=\"text-align: left\">\u00c7apkirina hem\u00fb berhem\u00ean Celadet Al\u00ee Bedirxan bi \u201cStranvan\u201d didome. Di v\u00ea berhevoka di dest\u00ea we de me kilam \u00fb stran\u00ean ku di kovara Hawar \u00fb Ronah\u00ee de \u00e7ap b\u00fbne, an\u00een ba hev. Kilam \u00fb stran\u00ean di kit\u00eab\u00ea de bi gi\u015ft\u00ee ji aliy\u00ea Celadet Al\u00ee Bedirxan ve hatine berhevkirin\/amadekirin. Ji bil\u00ee kilam\u00ean ku bi nav\u00ean Djeladet Al\u00ee Bed\u00eer-Khan, Herekol Az\u00eezan, Stranvan, Stranvan\u00ea Hawar\u00ea, D\u00eelokvan ku em difikirin Celadet Al\u00ee Bedirxan bi xwe ye, me c\u00ee da stran\u00ean Ehmed\u00ea Ferman\u00ea K\u00eek\u00ee, R. Lescot, Tawuspar\u00eaz ku mahlasa Roger Lescot ye \u00fb ew\u00ean din ku bi nav\u00ea \u201cStranvan\u00ea J\u00ealiyan\u201d, \u201cKaniya Ereban\u201d, \u201cEs\u00eer\u00ee\u201d, \u201cDilistan\u201d, \u201cBij\u00ee\u015fk\u00ea M\u00eeran\u201d \u00fb \u201cDiya Ferzo\u201d \u00e7ap b\u00fbne \u00fb helbet \u00ea b\u00eanav j\u00ee. Me bi awayek\u00ee kronolojik p\u00ea\u015f\u00ee c\u00ee da stran\u00ean Hawar\u00ea, d\u00fb re j\u00ee y\u00ean Ronahiy\u00ea, du stran\u00ean bi nav\u00ea Heyran ku pir di\u015fibiyan hevd\u00fb, digel ku bi nav\u00ean cuda \u00fb di dem\u00ean cuda de di Hawar\u00ea de hatine we\u015fandin j\u00ee me ew li d\u00fb hev dan\u00een. Wek her car\u00ea li dawiya niv\u00eesan \u00e7avkan\u00ee hatiye niv\u00eesandin. Berhem\u00ean din \u00ean folklor\u00eek j\u00ee di \u015e\u00eeretb\u00eaj de kom dibin<\/p>\n","protected":false},"excerpt":{"rendered":"<p style=\"text-align: center\"><strong>Niv\u00eeskar: Celadet Al\u00ee Bedirxan<br \/>\n<\/strong><strong>Pirt\u00eek: Stranvan<br \/>\nCure: Stran<\/strong><\/p>\n","protected":false},"featured_media":5738,"template":"","meta":{"site-sidebar-layout":"default","site-content-layout":"","ast-site-content-layout":"default","site-content-style":"default","site-sidebar-style":"default","ast-global-header-display":"","ast-banner-title-visibility":"","ast-main-header-display":"","ast-hfb-above-header-display":"","ast-hfb-below-header-display":"","ast-hfb-mobile-header-display":"","site-post-title":"","ast-breadcrumbs-content":"","ast-featured-img":"","footer-sml-layout":"","ast-disable-related-posts":"","theme-transparent-header-meta":"default","adv-header-id-meta":"","stick-header-meta":"","header-above-stick-meta":"","header-main-stick-meta":"","header-below-stick-meta":"","astra-migrate-meta-layouts":"set","ast-page-background-enabled":"default","ast-page-background-meta":{"desktop":{"background-color":"","background-image":"","background-repeat":"repeat","background-position":"center center","background-size":"auto","background-attachment":"scroll","background-type":"","background-media":"","overlay-type":"","overlay-color":"","overlay-opacity":"","overlay-gradient":""},"tablet":{"background-color":"","background-image":"","background-repeat":"repeat","background-position":"center center","background-size":"auto","background-attachment":"scroll","background-type":"","background-media":"","overlay-type":"","overlay-color":"","overlay-opacity":"","overlay-gradient":""},"mobile":{"background-color":"","background-image":"","background-repeat":"repeat","background-position":"center center","background-size":"auto","background-attachment":"scroll","background-type":"","background-media":"","overlay-type":"","overlay-color":"","overlay-opacity":"","overlay-gradient":""}},"ast-content-background-meta":{"desktop":{"background-color":"var(--ast-global-color-5)","background-image":"","background-repeat":"repeat","background-position":"center center","background-size":"auto","background-attachment":"scroll","background-type":"","background-media":"","overlay-type":"","overlay-color":"","overlay-opacity":"","overlay-gradient":""},"tablet":{"background-color":"var(--ast-global-color-5)","background-image":"","background-repeat":"repeat","background-position":"center center","background-size":"auto","background-attachment":"scroll","background-type":"","background-media":"","overlay-type":"","overlay-color":"","overlay-opacity":"","overlay-gradient":""},"mobile":{"background-color":"var(--ast-global-color-5)","background-image":"","background-repeat":"repeat","background-position":"center center","background-size":"auto","background-attachment":"scroll","background-type":"","background-media":"","overlay-type":"","overlay-color":"","overlay-opacity":"","overlay-gradient":""}}},"product_brand":[],"product_cat":[180,193],"product_tag":[],"class_list":{"0":"post-12945","1":"product","2":"type-product","3":"status-publish","4":"has-post-thumbnail","6":"product_cat-_","7":"product_cat--_","8":"pa_-folklor","9":"pa_-muzik","10":"pa_-celadet-ali-bedirxan","11":"pa_-kurmanci","12":"pa_--avesta-yayinlari","13":"desktop-align-left","14":"tablet-align-left","15":"mobile-align-left","17":"first","18":"outofstock","19":"shipping-taxable","20":"purchasable","21":"product-type-simple"},"yoast_head":"<!-- This site is optimized with the Yoast SEO plugin v27.6 - https:\/\/yoast.com\/product\/yoast-seo-wordpress\/ -->\n<title>Stranvan - Celadet Al\u00ee Bedirxan - www.shanabooks.de<\/title>\n<meta name=\"description\" content=\"Stranvan - Celadet Al\u00ee Bedirxan \u201cHeb\u00fb neb\u00fb bel\u00ea ji Xwed\u00ea mezintir neb\u00fb, Ehmed Axa Ferman bo me (ez \u00fb biray\u00ea min Cem\u015f\u00eed) d\u00eerok b\u00fb. Em \u015fagird\u00ean w\u00ee b\u00fbn.\" \/>\n<meta name=\"robots\" content=\"index, follow, max-snippet:-1, max-image-preview:large, max-video-preview:-1\" \/>\n<link rel=\"canonical\" href=\"https:\/\/shanabooks.de\/product\/stranvan-celadet-ali-bedirxan\/\" \/>\n<meta property=\"og:locale\" content=\"de_DE\" \/>\n<meta property=\"og:type\" content=\"article\" \/>\n<meta property=\"og:title\" content=\"Stranvan - Celadet Al\u00ee Bedirxan - www.shanabooks.de\" \/>\n<meta property=\"og:description\" content=\"Stranvan - Celadet Al\u00ee Bedirxan \u201cHeb\u00fb neb\u00fb bel\u00ea ji Xwed\u00ea mezintir neb\u00fb, Ehmed Axa Ferman bo me (ez \u00fb biray\u00ea min Cem\u015f\u00eed) d\u00eerok b\u00fb. Em \u015fagird\u00ean w\u00ee b\u00fbn.\" \/>\n<meta property=\"og:url\" content=\"https:\/\/shanabooks.de\/product\/stranvan-celadet-ali-bedirxan\/\" \/>\n<meta property=\"og:site_name\" content=\"www.shanabooks.de\" \/>\n<meta property=\"article:modified_time\" content=\"2026-01-02T20:01:32+00:00\" \/>\n<meta property=\"og:image\" content=\"https:\/\/shanabooks.de\/wp-content\/uploads\/2024\/01\/Stranvan.jpg\" \/>\n\t<meta property=\"og:image:width\" content=\"600\" \/>\n\t<meta property=\"og:image:height\" content=\"900\" \/>\n\t<meta property=\"og:image:type\" content=\"image\/jpeg\" \/>\n<meta name=\"twitter:card\" content=\"summary_large_image\" \/>\n<meta name=\"twitter:label1\" content=\"Gesch\u00e4tzte Lesezeit\" \/>\n\t<meta name=\"twitter:data1\" content=\"3\u00a0Minuten\" \/>\n<script type=\"application\/ld+json\" class=\"yoast-schema-graph\">{\"@context\":\"https:\\\/\\\/schema.org\",\"@graph\":[{\"@type\":\"WebPage\",\"@id\":\"https:\\\/\\\/shanabooks.de\\\/product\\\/stranvan-celadet-ali-bedirxan\\\/\",\"url\":\"https:\\\/\\\/shanabooks.de\\\/product\\\/stranvan-celadet-ali-bedirxan\\\/\",\"name\":\"Stranvan - Celadet Al\u00ee Bedirxan - www.shanabooks.de\",\"isPartOf\":{\"@id\":\"https:\\\/\\\/shanabooks.de\\\/#website\"},\"primaryImageOfPage\":{\"@id\":\"https:\\\/\\\/shanabooks.de\\\/product\\\/stranvan-celadet-ali-bedirxan\\\/#primaryimage\"},\"image\":{\"@id\":\"https:\\\/\\\/shanabooks.de\\\/product\\\/stranvan-celadet-ali-bedirxan\\\/#primaryimage\"},\"thumbnailUrl\":\"https:\\\/\\\/shanabooks.de\\\/wp-content\\\/uploads\\\/2024\\\/01\\\/Stranvan.jpg\",\"datePublished\":\"2024-03-03T19:48:15+00:00\",\"dateModified\":\"2026-01-02T20:01:32+00:00\",\"description\":\"Stranvan - Celadet Al\u00ee Bedirxan \u201cHeb\u00fb neb\u00fb bel\u00ea ji Xwed\u00ea mezintir neb\u00fb, Ehmed Axa Ferman bo me (ez \u00fb biray\u00ea min Cem\u015f\u00eed) d\u00eerok b\u00fb. Em \u015fagird\u00ean w\u00ee b\u00fbn.\",\"breadcrumb\":{\"@id\":\"https:\\\/\\\/shanabooks.de\\\/product\\\/stranvan-celadet-ali-bedirxan\\\/#breadcrumb\"},\"inLanguage\":\"de\",\"potentialAction\":[{\"@type\":\"ReadAction\",\"target\":[\"https:\\\/\\\/shanabooks.de\\\/product\\\/stranvan-celadet-ali-bedirxan\\\/\"]}]},{\"@type\":\"ImageObject\",\"inLanguage\":\"de\",\"@id\":\"https:\\\/\\\/shanabooks.de\\\/product\\\/stranvan-celadet-ali-bedirxan\\\/#primaryimage\",\"url\":\"https:\\\/\\\/shanabooks.de\\\/wp-content\\\/uploads\\\/2024\\\/01\\\/Stranvan.jpg\",\"contentUrl\":\"https:\\\/\\\/shanabooks.de\\\/wp-content\\\/uploads\\\/2024\\\/01\\\/Stranvan.jpg\",\"width\":600,\"height\":900,\"caption\":\"Stranvan - Celadet Al\u00ee Bedirxan - pirt\u00fbk\u00ean kued\u00ee\"},{\"@type\":\"BreadcrumbList\",\"@id\":\"https:\\\/\\\/shanabooks.de\\\/product\\\/stranvan-celadet-ali-bedirxan\\\/#breadcrumb\",\"itemListElement\":[{\"@type\":\"ListItem\",\"position\":1,\"name\":\"\u0627\u0644\u0631\u0626\u064a\u0633\u064a\u0629\",\"item\":\"https:\\\/\\\/shanabooks.de\\\/de\\\/\"},{\"@type\":\"ListItem\",\"position\":2,\"name\":\"\u0627\u0644\u0645\u0646\u062a\u062c\u0627\u062a\",\"item\":\"https:\\\/\\\/shanabooks.de\\\/shop\\\/\"},{\"@type\":\"ListItem\",\"position\":3,\"name\":\"Stranvan\"}]},{\"@type\":\"WebSite\",\"@id\":\"https:\\\/\\\/shanabooks.de\\\/#website\",\"url\":\"https:\\\/\\\/shanabooks.de\\\/\",\"name\":\"www.shanbooks.de\",\"description\":\"C\u00eehana Pirt\u00fbk\u00ean Kurd\u00ee \u0645\u0643\u062a\u0628\u0629 \u0634\u0627\u0646\u0627 \u0641\u064a \u0627\u0644\u0645\u0627\u0646\u064a\u0627 \u0648\u0623\u0648\u0631\u0628\u0627\",\"publisher\":{\"@id\":\"https:\\\/\\\/shanabooks.de\\\/#organization\"},\"potentialAction\":[{\"@type\":\"SearchAction\",\"target\":{\"@type\":\"EntryPoint\",\"urlTemplate\":\"https:\\\/\\\/shanabooks.de\\\/?s={search_term_string}\"},\"query-input\":{\"@type\":\"PropertyValueSpecification\",\"valueRequired\":true,\"valueName\":\"search_term_string\"}}],\"inLanguage\":\"de\"},{\"@type\":\"Organization\",\"@id\":\"https:\\\/\\\/shanabooks.de\\\/#organization\",\"name\":\"www.shanbooks.de\",\"url\":\"https:\\\/\\\/shanabooks.de\\\/\",\"logo\":{\"@type\":\"ImageObject\",\"inLanguage\":\"de\",\"@id\":\"https:\\\/\\\/shanabooks.de\\\/#\\\/schema\\\/logo\\\/image\\\/\",\"url\":\"https:\\\/\\\/shanabooks.de\\\/wp-content\\\/uploads\\\/2024\\\/03\\\/SHANABOOKS__2_-removebg-preview.png\",\"contentUrl\":\"https:\\\/\\\/shanabooks.de\\\/wp-content\\\/uploads\\\/2024\\\/03\\\/SHANABOOKS__2_-removebg-preview.png\",\"width\":700,\"height\":150,\"caption\":\"www.shanbooks.de\"},\"image\":{\"@id\":\"https:\\\/\\\/shanabooks.de\\\/#\\\/schema\\\/logo\\\/image\\\/\"}}]}<\/script>\n<!-- \/ Yoast SEO plugin. -->","yoast_head_json":{"title":"Stranvan - Celadet Al\u00ee Bedirxan - www.shanabooks.de","description":"Stranvan - Celadet Al\u00ee Bedirxan \u201cHeb\u00fb neb\u00fb bel\u00ea ji Xwed\u00ea mezintir neb\u00fb, Ehmed Axa Ferman bo me (ez \u00fb biray\u00ea min Cem\u015f\u00eed) d\u00eerok b\u00fb. Em \u015fagird\u00ean w\u00ee b\u00fbn.","robots":{"index":"index","follow":"follow","max-snippet":"max-snippet:-1","max-image-preview":"max-image-preview:large","max-video-preview":"max-video-preview:-1"},"canonical":"https:\/\/shanabooks.de\/product\/stranvan-celadet-ali-bedirxan\/","og_locale":"de_DE","og_type":"article","og_title":"Stranvan - Celadet Al\u00ee Bedirxan - www.shanabooks.de","og_description":"Stranvan - Celadet Al\u00ee Bedirxan \u201cHeb\u00fb neb\u00fb bel\u00ea ji Xwed\u00ea mezintir neb\u00fb, Ehmed Axa Ferman bo me (ez \u00fb biray\u00ea min Cem\u015f\u00eed) d\u00eerok b\u00fb. Em \u015fagird\u00ean w\u00ee b\u00fbn.","og_url":"https:\/\/shanabooks.de\/product\/stranvan-celadet-ali-bedirxan\/","og_site_name":"www.shanabooks.de","article_modified_time":"2026-01-02T20:01:32+00:00","og_image":[{"width":600,"height":900,"url":"https:\/\/shanabooks.de\/wp-content\/uploads\/2024\/01\/Stranvan.jpg","type":"image\/jpeg"}],"twitter_card":"summary_large_image","twitter_misc":{"Gesch\u00e4tzte Lesezeit":"3\u00a0Minuten"},"schema":{"@context":"https:\/\/schema.org","@graph":[{"@type":"WebPage","@id":"https:\/\/shanabooks.de\/product\/stranvan-celadet-ali-bedirxan\/","url":"https:\/\/shanabooks.de\/product\/stranvan-celadet-ali-bedirxan\/","name":"Stranvan - Celadet Al\u00ee Bedirxan - www.shanabooks.de","isPartOf":{"@id":"https:\/\/shanabooks.de\/#website"},"primaryImageOfPage":{"@id":"https:\/\/shanabooks.de\/product\/stranvan-celadet-ali-bedirxan\/#primaryimage"},"image":{"@id":"https:\/\/shanabooks.de\/product\/stranvan-celadet-ali-bedirxan\/#primaryimage"},"thumbnailUrl":"https:\/\/shanabooks.de\/wp-content\/uploads\/2024\/01\/Stranvan.jpg","datePublished":"2024-03-03T19:48:15+00:00","dateModified":"2026-01-02T20:01:32+00:00","description":"Stranvan - Celadet Al\u00ee Bedirxan \u201cHeb\u00fb neb\u00fb bel\u00ea ji Xwed\u00ea mezintir neb\u00fb, Ehmed Axa Ferman bo me (ez \u00fb biray\u00ea min Cem\u015f\u00eed) d\u00eerok b\u00fb. Em \u015fagird\u00ean w\u00ee b\u00fbn.","breadcrumb":{"@id":"https:\/\/shanabooks.de\/product\/stranvan-celadet-ali-bedirxan\/#breadcrumb"},"inLanguage":"de","potentialAction":[{"@type":"ReadAction","target":["https:\/\/shanabooks.de\/product\/stranvan-celadet-ali-bedirxan\/"]}]},{"@type":"ImageObject","inLanguage":"de","@id":"https:\/\/shanabooks.de\/product\/stranvan-celadet-ali-bedirxan\/#primaryimage","url":"https:\/\/shanabooks.de\/wp-content\/uploads\/2024\/01\/Stranvan.jpg","contentUrl":"https:\/\/shanabooks.de\/wp-content\/uploads\/2024\/01\/Stranvan.jpg","width":600,"height":900,"caption":"Stranvan - Celadet Al\u00ee Bedirxan - pirt\u00fbk\u00ean kued\u00ee"},{"@type":"BreadcrumbList","@id":"https:\/\/shanabooks.de\/product\/stranvan-celadet-ali-bedirxan\/#breadcrumb","itemListElement":[{"@type":"ListItem","position":1,"name":"\u0627\u0644\u0631\u0626\u064a\u0633\u064a\u0629","item":"https:\/\/shanabooks.de\/de\/"},{"@type":"ListItem","position":2,"name":"\u0627\u0644\u0645\u0646\u062a\u062c\u0627\u062a","item":"https:\/\/shanabooks.de\/shop\/"},{"@type":"ListItem","position":3,"name":"Stranvan"}]},{"@type":"WebSite","@id":"https:\/\/shanabooks.de\/#website","url":"https:\/\/shanabooks.de\/","name":"www.shanbooks.de","description":"C\u00eehana Pirt\u00fbk\u00ean Kurd\u00ee \u0645\u0643\u062a\u0628\u0629 \u0634\u0627\u0646\u0627 \u0641\u064a \u0627\u0644\u0645\u0627\u0646\u064a\u0627 \u0648\u0623\u0648\u0631\u0628\u0627","publisher":{"@id":"https:\/\/shanabooks.de\/#organization"},"potentialAction":[{"@type":"SearchAction","target":{"@type":"EntryPoint","urlTemplate":"https:\/\/shanabooks.de\/?s={search_term_string}"},"query-input":{"@type":"PropertyValueSpecification","valueRequired":true,"valueName":"search_term_string"}}],"inLanguage":"de"},{"@type":"Organization","@id":"https:\/\/shanabooks.de\/#organization","name":"www.shanbooks.de","url":"https:\/\/shanabooks.de\/","logo":{"@type":"ImageObject","inLanguage":"de","@id":"https:\/\/shanabooks.de\/#\/schema\/logo\/image\/","url":"https:\/\/shanabooks.de\/wp-content\/uploads\/2024\/03\/SHANABOOKS__2_-removebg-preview.png","contentUrl":"https:\/\/shanabooks.de\/wp-content\/uploads\/2024\/03\/SHANABOOKS__2_-removebg-preview.png","width":700,"height":150,"caption":"www.shanbooks.de"},"image":{"@id":"https:\/\/shanabooks.de\/#\/schema\/logo\/image\/"}}]}},"jetpack_sharing_enabled":true,"_links":{"self":[{"href":"https:\/\/shanabooks.de\/de\/wp-json\/wp\/v2\/product\/12945","targetHints":{"allow":["GET"]}}],"collection":[{"href":"https:\/\/shanabooks.de\/de\/wp-json\/wp\/v2\/product"}],"about":[{"href":"https:\/\/shanabooks.de\/de\/wp-json\/wp\/v2\/types\/product"}],"version-history":[{"count":2,"href":"https:\/\/shanabooks.de\/de\/wp-json\/wp\/v2\/product\/12945\/revisions"}],"predecessor-version":[{"id":17550,"href":"https:\/\/shanabooks.de\/de\/wp-json\/wp\/v2\/product\/12945\/revisions\/17550"}],"wp:featuredmedia":[{"embeddable":true,"href":"https:\/\/shanabooks.de\/de\/wp-json\/wp\/v2\/media\/5738"}],"wp:attachment":[{"href":"https:\/\/shanabooks.de\/de\/wp-json\/wp\/v2\/media?parent=12945"}],"wp:term":[{"taxonomy":"product_brand","embeddable":true,"href":"https:\/\/shanabooks.de\/de\/wp-json\/wp\/v2\/product_brand?post=12945"},{"taxonomy":"product_cat","embeddable":true,"href":"https:\/\/shanabooks.de\/de\/wp-json\/wp\/v2\/product_cat?post=12945"},{"taxonomy":"product_tag","embeddable":true,"href":"https:\/\/shanabooks.de\/de\/wp-json\/wp\/v2\/product_tag?post=12945"}],"curies":[{"name":"wp","href":"https:\/\/api.w.org\/{rel}","templated":true}]}}