{"id":12956,"date":"2024-03-03T19:48:16","date_gmt":"2024-03-03T19:48:16","guid":{"rendered":"https:\/\/shanabooks.de\/?post_type=product&#038;p=12956"},"modified":"2024-03-10T21:31:16","modified_gmt":"2024-03-10T21:31:16","slug":"sews-necat-zivingi","status":"publish","type":"product","link":"https:\/\/shanabooks.de\/de\/product\/sews-necat-zivingi\/","title":{"rendered":"Sews"},"content":{"rendered":"<p style=\"text-align: left\"><strong>Sews &#8211; Necat Ziving\u00ee<\/strong><\/p>\n<p style=\"text-align: left\">Necat Ziving\u00ee di v\u00ea dosyay\u00ea de bi ferhenga xwe ya h\u00eaz \u00fb \u015f\u00eeyana xwe ji klas\u00eezma Kurd\u00ee \u00fb ciwankar\u00ee \u00fb belaxata xwe ji \u015fair\u00ean klas\u00eek f\u00earb\u00fby\u00ee, v\u00ea dinyay\u00ea, b\u00fbyer \u00fb qewim\u00ean\u00ean li vir diqewimin \u00fb pirs\u00ean di derheq felsefe \u00fb p\u00eajnkar\u00eeya insan, i\u015fq, hey\u00een \u00fb heb\u00fbn\u00ea de hin caran bihevkar\u00eeya zanay\u00ean cihan\u00ea re bi \u015fi\u2019ran vedir\u00ease. Min ji \u015fi\u2019r\u00ean di v\u00ea dosy\u00ea de hez kir \u00fb f\u00ear\u00ee gellek ti\u015ftan b\u00fbm. H\u00eav\u00ee dikim ku tu j\u00ee bi qas\u00ee min ji wan hez bik\u00ee.<\/p>\n<p style=\"text-align: left\">Berken Bereh<\/p>\n","protected":false},"excerpt":{"rendered":"<p style=\"text-align: center\"><strong>Niv\u00eeskar: Necat Ziving\u00ee<\/strong><br \/>\n<strong>Pirt\u00fbk: Sews<\/strong><br \/>\n<strong>Cure: Helbest<\/strong><\/p>\n","protected":false},"featured_media":12998,"template":"","meta":{"site-sidebar-layout":"default","site-content-layout":"","ast-site-content-layout":"default","site-content-style":"default","site-sidebar-style":"default","ast-global-header-display":"","ast-banner-title-visibility":"","ast-main-header-display":"","ast-hfb-above-header-display":"","ast-hfb-below-header-display":"","ast-hfb-mobile-header-display":"","site-post-title":"","ast-breadcrumbs-content":"","ast-featured-img":"","footer-sml-layout":"","ast-disable-related-posts":"","theme-transparent-header-meta":"default","adv-header-id-meta":"","stick-header-meta":"","header-above-stick-meta":"","header-main-stick-meta":"","header-below-stick-meta":"","astra-migrate-meta-layouts":"set","ast-page-background-enabled":"default","ast-page-background-meta":{"desktop":{"background-color":"","background-image":"","background-repeat":"repeat","background-position":"center center","background-size":"auto","background-attachment":"scroll","background-type":"","background-media":"","overlay-type":"","overlay-color":"","overlay-opacity":"","overlay-gradient":""},"tablet":{"background-color":"","background-image":"","background-repeat":"repeat","background-position":"center center","background-size":"auto","background-attachment":"scroll","background-type":"","background-media":"","overlay-type":"","overlay-color":"","overlay-opacity":"","overlay-gradient":""},"mobile":{"background-color":"","background-image":"","background-repeat":"repeat","background-position":"center center","background-size":"auto","background-attachment":"scroll","background-type":"","background-media":"","overlay-type":"","overlay-color":"","overlay-opacity":"","overlay-gradient":""}},"ast-content-background-meta":{"desktop":{"background-color":"var(--ast-global-color-5)","background-image":"","background-repeat":"repeat","background-position":"center center","background-size":"auto","background-attachment":"scroll","background-type":"","background-media":"","overlay-type":"","overlay-color":"","overlay-opacity":"","overlay-gradient":""},"tablet":{"background-color":"var(--ast-global-color-5)","background-image":"","background-repeat":"repeat","background-position":"center center","background-size":"auto","background-attachment":"scroll","background-type":"","background-media":"","overlay-type":"","overlay-color":"","overlay-opacity":"","overlay-gradient":""},"mobile":{"background-color":"var(--ast-global-color-5)","background-image":"","background-repeat":"repeat","background-position":"center center","background-size":"auto","background-attachment":"scroll","background-type":"","background-media":"","overlay-type":"","overlay-color":"","overlay-opacity":"","overlay-gradient":""}}},"product_brand":[],"product_cat":[184,193],"product_tag":[],"class_list":{"0":"post-12956","1":"product","2":"type-product","3":"status-publish","4":"has-post-thumbnail","6":"product_cat-_","7":"product_cat--_","8":"pa_-helbest","9":"pa_-necat-zivingi","10":"pa_-kurmanci","11":"pa_--dara-yayinlari","12":"desktop-align-left","13":"tablet-align-left","14":"mobile-align-left","16":"first","17":"instock","18":"shipping-taxable","19":"purchasable","20":"product-type-simple"},"yoast_head":"<!-- This site is optimized with the Yoast SEO plugin v27.4 - https:\/\/yoast.com\/product\/yoast-seo-wordpress\/ -->\n<title>Sews - Necat Ziving\u00ee - www.shanabooks.de<\/title>\n<meta name=\"description\" content=\"Sews - Necat Ziving\u00ee Necat Ziving\u00ee di v\u00ea dosyay\u00ea de bi ferhenga xwe ya h\u00eaz \u00fb \u015f\u00eeyana xwe ji klas\u00eezma Kurd\u00ee \u00fb ciwankar\u00ee \u00fb belaxata xwe ji \u015fair\u00ean klas\u00eek f\u00ear...\" \/>\n<meta name=\"robots\" content=\"index, follow, max-snippet:-1, max-image-preview:large, max-video-preview:-1\" \/>\n<link rel=\"canonical\" href=\"https:\/\/shanabooks.de\/product\/sews-necat-zivingi\/\" \/>\n<meta property=\"og:locale\" content=\"de_DE\" \/>\n<meta property=\"og:type\" content=\"article\" \/>\n<meta property=\"og:title\" content=\"Sews - Necat Ziving\u00ee - www.shanabooks.de\" \/>\n<meta property=\"og:description\" content=\"Sews - Necat Ziving\u00ee Necat Ziving\u00ee di v\u00ea dosyay\u00ea de bi ferhenga xwe ya h\u00eaz \u00fb \u015f\u00eeyana xwe ji klas\u00eezma Kurd\u00ee \u00fb ciwankar\u00ee \u00fb belaxata xwe ji \u015fair\u00ean klas\u00eek f\u00ear...\" \/>\n<meta property=\"og:url\" content=\"https:\/\/shanabooks.de\/product\/sews-necat-zivingi\/\" \/>\n<meta property=\"og:site_name\" content=\"www.shanabooks.de\" \/>\n<meta property=\"article:modified_time\" content=\"2024-03-10T21:31:16+00:00\" \/>\n<meta property=\"og:image\" content=\"https:\/\/shanabooks.de\/wp-content\/uploads\/2024\/03\/Sews.png\" \/>\n\t<meta property=\"og:image:width\" content=\"295\" \/>\n\t<meta property=\"og:image:height\" content=\"478\" \/>\n\t<meta property=\"og:image:type\" content=\"image\/png\" \/>\n<meta name=\"twitter:card\" content=\"summary_large_image\" \/>\n<meta name=\"twitter:label1\" content=\"Gesch\u00e4tzte Lesezeit\" \/>\n\t<meta name=\"twitter:data1\" content=\"1\u00a0Minute\" \/>\n<script type=\"application\/ld+json\" class=\"yoast-schema-graph\">{\"@context\":\"https:\\\/\\\/schema.org\",\"@graph\":[{\"@type\":\"WebPage\",\"@id\":\"https:\\\/\\\/shanabooks.de\\\/product\\\/sews-necat-zivingi\\\/\",\"url\":\"https:\\\/\\\/shanabooks.de\\\/product\\\/sews-necat-zivingi\\\/\",\"name\":\"Sews - Necat Ziving\u00ee - www.shanabooks.de\",\"isPartOf\":{\"@id\":\"https:\\\/\\\/shanabooks.de\\\/#website\"},\"primaryImageOfPage\":{\"@id\":\"https:\\\/\\\/shanabooks.de\\\/product\\\/sews-necat-zivingi\\\/#primaryimage\"},\"image\":{\"@id\":\"https:\\\/\\\/shanabooks.de\\\/product\\\/sews-necat-zivingi\\\/#primaryimage\"},\"thumbnailUrl\":\"https:\\\/\\\/shanabooks.de\\\/wp-content\\\/uploads\\\/2024\\\/03\\\/Sews.png\",\"datePublished\":\"2024-03-03T19:48:16+00:00\",\"dateModified\":\"2024-03-10T21:31:16+00:00\",\"description\":\"Sews - Necat Ziving\u00ee Necat Ziving\u00ee di v\u00ea dosyay\u00ea de bi ferhenga xwe ya h\u00eaz \u00fb \u015f\u00eeyana xwe ji klas\u00eezma Kurd\u00ee \u00fb ciwankar\u00ee \u00fb belaxata xwe ji \u015fair\u00ean klas\u00eek f\u00ear...\",\"breadcrumb\":{\"@id\":\"https:\\\/\\\/shanabooks.de\\\/product\\\/sews-necat-zivingi\\\/#breadcrumb\"},\"inLanguage\":\"de\",\"potentialAction\":[{\"@type\":\"ReadAction\",\"target\":[\"https:\\\/\\\/shanabooks.de\\\/product\\\/sews-necat-zivingi\\\/\"]}]},{\"@type\":\"ImageObject\",\"inLanguage\":\"de\",\"@id\":\"https:\\\/\\\/shanabooks.de\\\/product\\\/sews-necat-zivingi\\\/#primaryimage\",\"url\":\"https:\\\/\\\/shanabooks.de\\\/wp-content\\\/uploads\\\/2024\\\/03\\\/Sews.png\",\"contentUrl\":\"https:\\\/\\\/shanabooks.de\\\/wp-content\\\/uploads\\\/2024\\\/03\\\/Sews.png\",\"width\":295,\"height\":478,\"caption\":\"Sews - Necat Ziving\u00ee - pirt\u00fbk\u00ean kurd\u00ee\"},{\"@type\":\"BreadcrumbList\",\"@id\":\"https:\\\/\\\/shanabooks.de\\\/product\\\/sews-necat-zivingi\\\/#breadcrumb\",\"itemListElement\":[{\"@type\":\"ListItem\",\"position\":1,\"name\":\"\u0627\u0644\u0631\u0626\u064a\u0633\u064a\u0629\",\"item\":\"https:\\\/\\\/shanabooks.de\\\/de\\\/\"},{\"@type\":\"ListItem\",\"position\":2,\"name\":\"\u0627\u0644\u0645\u0646\u062a\u062c\u0627\u062a\",\"item\":\"https:\\\/\\\/shanabooks.de\\\/shop\\\/\"},{\"@type\":\"ListItem\",\"position\":3,\"name\":\"Sews\"}]},{\"@type\":\"WebSite\",\"@id\":\"https:\\\/\\\/shanabooks.de\\\/#website\",\"url\":\"https:\\\/\\\/shanabooks.de\\\/\",\"name\":\"www.shanbooks.de\",\"description\":\"C\u00eehana Pirt\u00fbk\u00ean Kurd\u00ee \u0645\u0643\u062a\u0628\u0629 \u0634\u0627\u0646\u0627 \u0641\u064a \u0627\u0644\u0645\u0627\u0646\u064a\u0627 \u0648\u0623\u0648\u0631\u0628\u0627\",\"publisher\":{\"@id\":\"https:\\\/\\\/shanabooks.de\\\/#organization\"},\"potentialAction\":[{\"@type\":\"SearchAction\",\"target\":{\"@type\":\"EntryPoint\",\"urlTemplate\":\"https:\\\/\\\/shanabooks.de\\\/?s={search_term_string}\"},\"query-input\":{\"@type\":\"PropertyValueSpecification\",\"valueRequired\":true,\"valueName\":\"search_term_string\"}}],\"inLanguage\":\"de\"},{\"@type\":\"Organization\",\"@id\":\"https:\\\/\\\/shanabooks.de\\\/#organization\",\"name\":\"www.shanbooks.de\",\"url\":\"https:\\\/\\\/shanabooks.de\\\/\",\"logo\":{\"@type\":\"ImageObject\",\"inLanguage\":\"de\",\"@id\":\"https:\\\/\\\/shanabooks.de\\\/#\\\/schema\\\/logo\\\/image\\\/\",\"url\":\"https:\\\/\\\/shanabooks.de\\\/wp-content\\\/uploads\\\/2024\\\/03\\\/SHANABOOKS__2_-removebg-preview.png\",\"contentUrl\":\"https:\\\/\\\/shanabooks.de\\\/wp-content\\\/uploads\\\/2024\\\/03\\\/SHANABOOKS__2_-removebg-preview.png\",\"width\":700,\"height\":150,\"caption\":\"www.shanbooks.de\"},\"image\":{\"@id\":\"https:\\\/\\\/shanabooks.de\\\/#\\\/schema\\\/logo\\\/image\\\/\"}}]}<\/script>\n<!-- \/ Yoast SEO plugin. -->","yoast_head_json":{"title":"Sews - Necat Ziving\u00ee - www.shanabooks.de","description":"Sews - Necat Ziving\u00ee Necat Ziving\u00ee di v\u00ea dosyay\u00ea de bi ferhenga xwe ya h\u00eaz \u00fb \u015f\u00eeyana xwe ji klas\u00eezma Kurd\u00ee \u00fb ciwankar\u00ee \u00fb belaxata xwe ji \u015fair\u00ean klas\u00eek f\u00ear...","robots":{"index":"index","follow":"follow","max-snippet":"max-snippet:-1","max-image-preview":"max-image-preview:large","max-video-preview":"max-video-preview:-1"},"canonical":"https:\/\/shanabooks.de\/product\/sews-necat-zivingi\/","og_locale":"de_DE","og_type":"article","og_title":"Sews - Necat Ziving\u00ee - www.shanabooks.de","og_description":"Sews - Necat Ziving\u00ee Necat Ziving\u00ee di v\u00ea dosyay\u00ea de bi ferhenga xwe ya h\u00eaz \u00fb \u015f\u00eeyana xwe ji klas\u00eezma Kurd\u00ee \u00fb ciwankar\u00ee \u00fb belaxata xwe ji \u015fair\u00ean klas\u00eek f\u00ear...","og_url":"https:\/\/shanabooks.de\/product\/sews-necat-zivingi\/","og_site_name":"www.shanabooks.de","article_modified_time":"2024-03-10T21:31:16+00:00","og_image":[{"width":295,"height":478,"url":"https:\/\/shanabooks.de\/wp-content\/uploads\/2024\/03\/Sews.png","type":"image\/png"}],"twitter_card":"summary_large_image","twitter_misc":{"Gesch\u00e4tzte Lesezeit":"1\u00a0Minute"},"schema":{"@context":"https:\/\/schema.org","@graph":[{"@type":"WebPage","@id":"https:\/\/shanabooks.de\/product\/sews-necat-zivingi\/","url":"https:\/\/shanabooks.de\/product\/sews-necat-zivingi\/","name":"Sews - Necat Ziving\u00ee - www.shanabooks.de","isPartOf":{"@id":"https:\/\/shanabooks.de\/#website"},"primaryImageOfPage":{"@id":"https:\/\/shanabooks.de\/product\/sews-necat-zivingi\/#primaryimage"},"image":{"@id":"https:\/\/shanabooks.de\/product\/sews-necat-zivingi\/#primaryimage"},"thumbnailUrl":"https:\/\/shanabooks.de\/wp-content\/uploads\/2024\/03\/Sews.png","datePublished":"2024-03-03T19:48:16+00:00","dateModified":"2024-03-10T21:31:16+00:00","description":"Sews - Necat Ziving\u00ee Necat Ziving\u00ee di v\u00ea dosyay\u00ea de bi ferhenga xwe ya h\u00eaz \u00fb \u015f\u00eeyana xwe ji klas\u00eezma Kurd\u00ee \u00fb ciwankar\u00ee \u00fb belaxata xwe ji \u015fair\u00ean klas\u00eek f\u00ear...","breadcrumb":{"@id":"https:\/\/shanabooks.de\/product\/sews-necat-zivingi\/#breadcrumb"},"inLanguage":"de","potentialAction":[{"@type":"ReadAction","target":["https:\/\/shanabooks.de\/product\/sews-necat-zivingi\/"]}]},{"@type":"ImageObject","inLanguage":"de","@id":"https:\/\/shanabooks.de\/product\/sews-necat-zivingi\/#primaryimage","url":"https:\/\/shanabooks.de\/wp-content\/uploads\/2024\/03\/Sews.png","contentUrl":"https:\/\/shanabooks.de\/wp-content\/uploads\/2024\/03\/Sews.png","width":295,"height":478,"caption":"Sews - Necat Ziving\u00ee - pirt\u00fbk\u00ean kurd\u00ee"},{"@type":"BreadcrumbList","@id":"https:\/\/shanabooks.de\/product\/sews-necat-zivingi\/#breadcrumb","itemListElement":[{"@type":"ListItem","position":1,"name":"\u0627\u0644\u0631\u0626\u064a\u0633\u064a\u0629","item":"https:\/\/shanabooks.de\/de\/"},{"@type":"ListItem","position":2,"name":"\u0627\u0644\u0645\u0646\u062a\u062c\u0627\u062a","item":"https:\/\/shanabooks.de\/shop\/"},{"@type":"ListItem","position":3,"name":"Sews"}]},{"@type":"WebSite","@id":"https:\/\/shanabooks.de\/#website","url":"https:\/\/shanabooks.de\/","name":"www.shanbooks.de","description":"C\u00eehana Pirt\u00fbk\u00ean Kurd\u00ee \u0645\u0643\u062a\u0628\u0629 \u0634\u0627\u0646\u0627 \u0641\u064a \u0627\u0644\u0645\u0627\u0646\u064a\u0627 \u0648\u0623\u0648\u0631\u0628\u0627","publisher":{"@id":"https:\/\/shanabooks.de\/#organization"},"potentialAction":[{"@type":"SearchAction","target":{"@type":"EntryPoint","urlTemplate":"https:\/\/shanabooks.de\/?s={search_term_string}"},"query-input":{"@type":"PropertyValueSpecification","valueRequired":true,"valueName":"search_term_string"}}],"inLanguage":"de"},{"@type":"Organization","@id":"https:\/\/shanabooks.de\/#organization","name":"www.shanbooks.de","url":"https:\/\/shanabooks.de\/","logo":{"@type":"ImageObject","inLanguage":"de","@id":"https:\/\/shanabooks.de\/#\/schema\/logo\/image\/","url":"https:\/\/shanabooks.de\/wp-content\/uploads\/2024\/03\/SHANABOOKS__2_-removebg-preview.png","contentUrl":"https:\/\/shanabooks.de\/wp-content\/uploads\/2024\/03\/SHANABOOKS__2_-removebg-preview.png","width":700,"height":150,"caption":"www.shanbooks.de"},"image":{"@id":"https:\/\/shanabooks.de\/#\/schema\/logo\/image\/"}}]}},"jetpack_sharing_enabled":true,"_links":{"self":[{"href":"https:\/\/shanabooks.de\/de\/wp-json\/wp\/v2\/product\/12956","targetHints":{"allow":["GET"]}}],"collection":[{"href":"https:\/\/shanabooks.de\/de\/wp-json\/wp\/v2\/product"}],"about":[{"href":"https:\/\/shanabooks.de\/de\/wp-json\/wp\/v2\/types\/product"}],"version-history":[{"count":2,"href":"https:\/\/shanabooks.de\/de\/wp-json\/wp\/v2\/product\/12956\/revisions"}],"predecessor-version":[{"id":17503,"href":"https:\/\/shanabooks.de\/de\/wp-json\/wp\/v2\/product\/12956\/revisions\/17503"}],"wp:featuredmedia":[{"embeddable":true,"href":"https:\/\/shanabooks.de\/de\/wp-json\/wp\/v2\/media\/12998"}],"wp:attachment":[{"href":"https:\/\/shanabooks.de\/de\/wp-json\/wp\/v2\/media?parent=12956"}],"wp:term":[{"taxonomy":"product_brand","embeddable":true,"href":"https:\/\/shanabooks.de\/de\/wp-json\/wp\/v2\/product_brand?post=12956"},{"taxonomy":"product_cat","embeddable":true,"href":"https:\/\/shanabooks.de\/de\/wp-json\/wp\/v2\/product_cat?post=12956"},{"taxonomy":"product_tag","embeddable":true,"href":"https:\/\/shanabooks.de\/de\/wp-json\/wp\/v2\/product_tag?post=12956"}],"curies":[{"name":"wp","href":"https:\/\/api.w.org\/{rel}","templated":true}]}}