{"id":12957,"date":"2024-03-03T19:48:16","date_gmt":"2024-03-03T19:48:16","guid":{"rendered":"https:\/\/shanabooks.de\/?post_type=product&#038;p=12957"},"modified":"2024-03-10T21:06:09","modified_gmt":"2024-03-10T21:06:09","slug":"paradis-lokman-polat","status":"publish","type":"product","link":"https:\/\/shanabooks.de\/de\/product\/paradis-lokman-polat\/","title":{"rendered":"Parad\u00ees"},"content":{"rendered":"<p style=\"text-align: left\"><strong>Parad\u00ees &#8211; Lokman Polat<\/strong><\/p>\n<p style=\"text-align: left\">Li gor hinek niv\u00eeskar\u00ean romanan di nav c\u00fbrey\u00ean romanan de y\u00ea her\u00ee zor \u00fb zehmet niv\u00ees\u00eena romana xeyal \u00fb antaziy\u00ea ye. Di romana xeyal -fiction- de dinyake xeyal\u00ee, n\u00fbh t\u00ea afirandin \u00fb jiyanek n\u00fb t\u00ea \u00e7\u00eakirin. Xeyal ewhera jiyan\u00ea ye. B\u00ea xeyal jiyan nabe. Di v\u00ea berhema bi nav\u00ea Parad\u00ees ya Lokman Polat de xem, xeyal, derd \u00fb kul hene. Xeter\u00ean jiyana erbasb\u00fby\u00ee \u00fb dil\u015fadiy\u00ean v\u00ea roj\u00ea hene. Di v\u00ea berhem\u00ea de sembol\u00eezm, romant\u00eezm \u00fb s\u00fbrreal\u00eezm heye. Ev berhem berhemeke ku bi van hers\u00ea nex\u015f\u00ean edeb\u00ee lihev\u00fbdu hatiye hunandin\u00ea ye. Mirov b\u00ea xeyal \u00fb fantaziy\u00ea ikare bij\u00ee. \u00censan b\u00ea \u015fehwet, jiyan b\u00ea keyf \u00fb zewq \u00e7\u00eanabin, hest\u00ean mirov b\u00ea fantaziy\u00ean egzot\u00eek \u00fb erot\u00eek abin. \u00c7awa ku muz\u00eek derman\u00ea ruh\u00ee ye, fantaz\u00ee, hest\u00ean bi \u015fehwet, ev\u00een \u00fb \u015fadiman\u00ee j\u00ee bo \u00eensan daxwaz\u00ean tebi\u00ee y\u00ean \u00eensan\u00ee \u00fb xwezay\u00ee ne.<\/p>\n","protected":false},"excerpt":{"rendered":"<p style=\"text-align: center\"><strong>Niv\u00eeskar: Lokman Polat<br \/>\nPirt\u00fbk: Parad\u00ees<\/strong><br \/>\n<strong>Cure: Roman<\/strong><\/p>\n","protected":false},"featured_media":13027,"template":"","meta":{"site-sidebar-layout":"default","site-content-layout":"","ast-site-content-layout":"default","site-content-style":"default","site-sidebar-style":"default","ast-global-header-display":"","ast-banner-title-visibility":"","ast-main-header-display":"","ast-hfb-above-header-display":"","ast-hfb-below-header-display":"","ast-hfb-mobile-header-display":"","site-post-title":"","ast-breadcrumbs-content":"","ast-featured-img":"","footer-sml-layout":"","ast-disable-related-posts":"","theme-transparent-header-meta":"default","adv-header-id-meta":"","stick-header-meta":"","header-above-stick-meta":"","header-main-stick-meta":"","header-below-stick-meta":"","astra-migrate-meta-layouts":"set","ast-page-background-enabled":"default","ast-page-background-meta":{"desktop":{"background-color":"","background-image":"","background-repeat":"repeat","background-position":"center center","background-size":"auto","background-attachment":"scroll","background-type":"","background-media":"","overlay-type":"","overlay-color":"","overlay-opacity":"","overlay-gradient":""},"tablet":{"background-color":"","background-image":"","background-repeat":"repeat","background-position":"center center","background-size":"auto","background-attachment":"scroll","background-type":"","background-media":"","overlay-type":"","overlay-color":"","overlay-opacity":"","overlay-gradient":""},"mobile":{"background-color":"","background-image":"","background-repeat":"repeat","background-position":"center center","background-size":"auto","background-attachment":"scroll","background-type":"","background-media":"","overlay-type":"","overlay-color":"","overlay-opacity":"","overlay-gradient":""}},"ast-content-background-meta":{"desktop":{"background-color":"var(--ast-global-color-5)","background-image":"","background-repeat":"repeat","background-position":"center center","background-size":"auto","background-attachment":"scroll","background-type":"","background-media":"","overlay-type":"","overlay-color":"","overlay-opacity":"","overlay-gradient":""},"tablet":{"background-color":"var(--ast-global-color-5)","background-image":"","background-repeat":"repeat","background-position":"center center","background-size":"auto","background-attachment":"scroll","background-type":"","background-media":"","overlay-type":"","overlay-color":"","overlay-opacity":"","overlay-gradient":""},"mobile":{"background-color":"var(--ast-global-color-5)","background-image":"","background-repeat":"repeat","background-position":"center center","background-size":"auto","background-attachment":"scroll","background-type":"","background-media":"","overlay-type":"","overlay-color":"","overlay-opacity":"","overlay-gradient":""}}},"product_brand":[],"product_cat":[182,193],"product_tag":[],"class_list":{"0":"post-12957","1":"product","2":"type-product","3":"status-publish","4":"has-post-thumbnail","6":"product_cat-_","7":"product_cat--_","8":"pa_-roman","9":"pa_-lokman-polat","10":"pa_-kurmanci","11":"pa_--peywend-yayinlari","12":"desktop-align-left","13":"tablet-align-left","14":"mobile-align-left","16":"first","17":"instock","18":"shipping-taxable","19":"purchasable","20":"product-type-simple"},"yoast_head":"<!-- This site is optimized with the Yoast SEO plugin v27.4 - https:\/\/yoast.com\/product\/yoast-seo-wordpress\/ -->\n<title>Parad\u00ees - Lokman Polat - www.shanabooks.de<\/title>\n<meta name=\"description\" content=\"Parad\u00ees - Lokman Polat Li gor hinek niv\u00eeskar\u00ean romanan di nav c\u00fbrey\u00ean romanan de y\u00ea her\u00ee zor \u00fb zehmet niv\u00ees\u00eena romana xeyal \u00fb antaziy\u00ea ye...\" \/>\n<meta name=\"robots\" content=\"index, follow, max-snippet:-1, max-image-preview:large, max-video-preview:-1\" \/>\n<link rel=\"canonical\" href=\"https:\/\/shanabooks.de\/product\/paradis-lokman-polat\/\" \/>\n<meta property=\"og:locale\" content=\"de_DE\" \/>\n<meta property=\"og:type\" content=\"article\" \/>\n<meta property=\"og:title\" content=\"Parad\u00ees - Lokman Polat - www.shanabooks.de\" \/>\n<meta property=\"og:description\" content=\"Parad\u00ees - Lokman Polat Li gor hinek niv\u00eeskar\u00ean romanan di nav c\u00fbrey\u00ean romanan de y\u00ea her\u00ee zor \u00fb zehmet niv\u00ees\u00eena romana xeyal \u00fb antaziy\u00ea ye...\" \/>\n<meta property=\"og:url\" content=\"https:\/\/shanabooks.de\/product\/paradis-lokman-polat\/\" \/>\n<meta property=\"og:site_name\" content=\"www.shanabooks.de\" \/>\n<meta property=\"article:modified_time\" content=\"2024-03-10T21:06:09+00:00\" \/>\n<meta property=\"og:image\" content=\"https:\/\/shanabooks.de\/wp-content\/uploads\/2024\/03\/Paradis.png\" \/>\n\t<meta property=\"og:image:width\" content=\"298\" \/>\n\t<meta property=\"og:image:height\" content=\"472\" \/>\n\t<meta property=\"og:image:type\" content=\"image\/png\" \/>\n<meta name=\"twitter:card\" content=\"summary_large_image\" \/>\n<meta name=\"twitter:label1\" content=\"Gesch\u00e4tzte Lesezeit\" \/>\n\t<meta name=\"twitter:data1\" content=\"2\u00a0Minuten\" \/>\n<script type=\"application\/ld+json\" class=\"yoast-schema-graph\">{\"@context\":\"https:\\\/\\\/schema.org\",\"@graph\":[{\"@type\":\"WebPage\",\"@id\":\"https:\\\/\\\/shanabooks.de\\\/product\\\/paradis-lokman-polat\\\/\",\"url\":\"https:\\\/\\\/shanabooks.de\\\/product\\\/paradis-lokman-polat\\\/\",\"name\":\"Parad\u00ees - Lokman Polat - www.shanabooks.de\",\"isPartOf\":{\"@id\":\"https:\\\/\\\/shanabooks.de\\\/#website\"},\"primaryImageOfPage\":{\"@id\":\"https:\\\/\\\/shanabooks.de\\\/product\\\/paradis-lokman-polat\\\/#primaryimage\"},\"image\":{\"@id\":\"https:\\\/\\\/shanabooks.de\\\/product\\\/paradis-lokman-polat\\\/#primaryimage\"},\"thumbnailUrl\":\"https:\\\/\\\/shanabooks.de\\\/wp-content\\\/uploads\\\/2024\\\/03\\\/Paradis.png\",\"datePublished\":\"2024-03-03T19:48:16+00:00\",\"dateModified\":\"2024-03-10T21:06:09+00:00\",\"description\":\"Parad\u00ees - Lokman Polat Li gor hinek niv\u00eeskar\u00ean romanan di nav c\u00fbrey\u00ean romanan de y\u00ea her\u00ee zor \u00fb zehmet niv\u00ees\u00eena romana xeyal \u00fb antaziy\u00ea ye...\",\"breadcrumb\":{\"@id\":\"https:\\\/\\\/shanabooks.de\\\/product\\\/paradis-lokman-polat\\\/#breadcrumb\"},\"inLanguage\":\"de\",\"potentialAction\":[{\"@type\":\"ReadAction\",\"target\":[\"https:\\\/\\\/shanabooks.de\\\/product\\\/paradis-lokman-polat\\\/\"]}]},{\"@type\":\"ImageObject\",\"inLanguage\":\"de\",\"@id\":\"https:\\\/\\\/shanabooks.de\\\/product\\\/paradis-lokman-polat\\\/#primaryimage\",\"url\":\"https:\\\/\\\/shanabooks.de\\\/wp-content\\\/uploads\\\/2024\\\/03\\\/Paradis.png\",\"contentUrl\":\"https:\\\/\\\/shanabooks.de\\\/wp-content\\\/uploads\\\/2024\\\/03\\\/Paradis.png\",\"width\":298,\"height\":472,\"caption\":\"Parad\u00ees - Lokman Polat - pirt\u00fbk\u00ean kurd\u00ee\"},{\"@type\":\"BreadcrumbList\",\"@id\":\"https:\\\/\\\/shanabooks.de\\\/product\\\/paradis-lokman-polat\\\/#breadcrumb\",\"itemListElement\":[{\"@type\":\"ListItem\",\"position\":1,\"name\":\"\u0627\u0644\u0631\u0626\u064a\u0633\u064a\u0629\",\"item\":\"https:\\\/\\\/shanabooks.de\\\/de\\\/\"},{\"@type\":\"ListItem\",\"position\":2,\"name\":\"\u0627\u0644\u0645\u0646\u062a\u062c\u0627\u062a\",\"item\":\"https:\\\/\\\/shanabooks.de\\\/shop\\\/\"},{\"@type\":\"ListItem\",\"position\":3,\"name\":\"Parad\u00ees\"}]},{\"@type\":\"WebSite\",\"@id\":\"https:\\\/\\\/shanabooks.de\\\/#website\",\"url\":\"https:\\\/\\\/shanabooks.de\\\/\",\"name\":\"www.shanbooks.de\",\"description\":\"C\u00eehana Pirt\u00fbk\u00ean Kurd\u00ee \u0645\u0643\u062a\u0628\u0629 \u0634\u0627\u0646\u0627 \u0641\u064a \u0627\u0644\u0645\u0627\u0646\u064a\u0627 \u0648\u0623\u0648\u0631\u0628\u0627\",\"publisher\":{\"@id\":\"https:\\\/\\\/shanabooks.de\\\/#organization\"},\"potentialAction\":[{\"@type\":\"SearchAction\",\"target\":{\"@type\":\"EntryPoint\",\"urlTemplate\":\"https:\\\/\\\/shanabooks.de\\\/?s={search_term_string}\"},\"query-input\":{\"@type\":\"PropertyValueSpecification\",\"valueRequired\":true,\"valueName\":\"search_term_string\"}}],\"inLanguage\":\"de\"},{\"@type\":\"Organization\",\"@id\":\"https:\\\/\\\/shanabooks.de\\\/#organization\",\"name\":\"www.shanbooks.de\",\"url\":\"https:\\\/\\\/shanabooks.de\\\/\",\"logo\":{\"@type\":\"ImageObject\",\"inLanguage\":\"de\",\"@id\":\"https:\\\/\\\/shanabooks.de\\\/#\\\/schema\\\/logo\\\/image\\\/\",\"url\":\"https:\\\/\\\/shanabooks.de\\\/wp-content\\\/uploads\\\/2024\\\/03\\\/SHANABOOKS__2_-removebg-preview.png\",\"contentUrl\":\"https:\\\/\\\/shanabooks.de\\\/wp-content\\\/uploads\\\/2024\\\/03\\\/SHANABOOKS__2_-removebg-preview.png\",\"width\":700,\"height\":150,\"caption\":\"www.shanbooks.de\"},\"image\":{\"@id\":\"https:\\\/\\\/shanabooks.de\\\/#\\\/schema\\\/logo\\\/image\\\/\"}}]}<\/script>\n<!-- \/ Yoast SEO plugin. -->","yoast_head_json":{"title":"Parad\u00ees - Lokman Polat - www.shanabooks.de","description":"Parad\u00ees - Lokman Polat Li gor hinek niv\u00eeskar\u00ean romanan di nav c\u00fbrey\u00ean romanan de y\u00ea her\u00ee zor \u00fb zehmet niv\u00ees\u00eena romana xeyal \u00fb antaziy\u00ea ye...","robots":{"index":"index","follow":"follow","max-snippet":"max-snippet:-1","max-image-preview":"max-image-preview:large","max-video-preview":"max-video-preview:-1"},"canonical":"https:\/\/shanabooks.de\/product\/paradis-lokman-polat\/","og_locale":"de_DE","og_type":"article","og_title":"Parad\u00ees - Lokman Polat - www.shanabooks.de","og_description":"Parad\u00ees - Lokman Polat Li gor hinek niv\u00eeskar\u00ean romanan di nav c\u00fbrey\u00ean romanan de y\u00ea her\u00ee zor \u00fb zehmet niv\u00ees\u00eena romana xeyal \u00fb antaziy\u00ea ye...","og_url":"https:\/\/shanabooks.de\/product\/paradis-lokman-polat\/","og_site_name":"www.shanabooks.de","article_modified_time":"2024-03-10T21:06:09+00:00","og_image":[{"width":298,"height":472,"url":"https:\/\/shanabooks.de\/wp-content\/uploads\/2024\/03\/Paradis.png","type":"image\/png"}],"twitter_card":"summary_large_image","twitter_misc":{"Gesch\u00e4tzte Lesezeit":"2\u00a0Minuten"},"schema":{"@context":"https:\/\/schema.org","@graph":[{"@type":"WebPage","@id":"https:\/\/shanabooks.de\/product\/paradis-lokman-polat\/","url":"https:\/\/shanabooks.de\/product\/paradis-lokman-polat\/","name":"Parad\u00ees - Lokman Polat - www.shanabooks.de","isPartOf":{"@id":"https:\/\/shanabooks.de\/#website"},"primaryImageOfPage":{"@id":"https:\/\/shanabooks.de\/product\/paradis-lokman-polat\/#primaryimage"},"image":{"@id":"https:\/\/shanabooks.de\/product\/paradis-lokman-polat\/#primaryimage"},"thumbnailUrl":"https:\/\/shanabooks.de\/wp-content\/uploads\/2024\/03\/Paradis.png","datePublished":"2024-03-03T19:48:16+00:00","dateModified":"2024-03-10T21:06:09+00:00","description":"Parad\u00ees - Lokman Polat Li gor hinek niv\u00eeskar\u00ean romanan di nav c\u00fbrey\u00ean romanan de y\u00ea her\u00ee zor \u00fb zehmet niv\u00ees\u00eena romana xeyal \u00fb antaziy\u00ea ye...","breadcrumb":{"@id":"https:\/\/shanabooks.de\/product\/paradis-lokman-polat\/#breadcrumb"},"inLanguage":"de","potentialAction":[{"@type":"ReadAction","target":["https:\/\/shanabooks.de\/product\/paradis-lokman-polat\/"]}]},{"@type":"ImageObject","inLanguage":"de","@id":"https:\/\/shanabooks.de\/product\/paradis-lokman-polat\/#primaryimage","url":"https:\/\/shanabooks.de\/wp-content\/uploads\/2024\/03\/Paradis.png","contentUrl":"https:\/\/shanabooks.de\/wp-content\/uploads\/2024\/03\/Paradis.png","width":298,"height":472,"caption":"Parad\u00ees - Lokman Polat - pirt\u00fbk\u00ean kurd\u00ee"},{"@type":"BreadcrumbList","@id":"https:\/\/shanabooks.de\/product\/paradis-lokman-polat\/#breadcrumb","itemListElement":[{"@type":"ListItem","position":1,"name":"\u0627\u0644\u0631\u0626\u064a\u0633\u064a\u0629","item":"https:\/\/shanabooks.de\/de\/"},{"@type":"ListItem","position":2,"name":"\u0627\u0644\u0645\u0646\u062a\u062c\u0627\u062a","item":"https:\/\/shanabooks.de\/shop\/"},{"@type":"ListItem","position":3,"name":"Parad\u00ees"}]},{"@type":"WebSite","@id":"https:\/\/shanabooks.de\/#website","url":"https:\/\/shanabooks.de\/","name":"www.shanbooks.de","description":"C\u00eehana Pirt\u00fbk\u00ean Kurd\u00ee \u0645\u0643\u062a\u0628\u0629 \u0634\u0627\u0646\u0627 \u0641\u064a \u0627\u0644\u0645\u0627\u0646\u064a\u0627 \u0648\u0623\u0648\u0631\u0628\u0627","publisher":{"@id":"https:\/\/shanabooks.de\/#organization"},"potentialAction":[{"@type":"SearchAction","target":{"@type":"EntryPoint","urlTemplate":"https:\/\/shanabooks.de\/?s={search_term_string}"},"query-input":{"@type":"PropertyValueSpecification","valueRequired":true,"valueName":"search_term_string"}}],"inLanguage":"de"},{"@type":"Organization","@id":"https:\/\/shanabooks.de\/#organization","name":"www.shanbooks.de","url":"https:\/\/shanabooks.de\/","logo":{"@type":"ImageObject","inLanguage":"de","@id":"https:\/\/shanabooks.de\/#\/schema\/logo\/image\/","url":"https:\/\/shanabooks.de\/wp-content\/uploads\/2024\/03\/SHANABOOKS__2_-removebg-preview.png","contentUrl":"https:\/\/shanabooks.de\/wp-content\/uploads\/2024\/03\/SHANABOOKS__2_-removebg-preview.png","width":700,"height":150,"caption":"www.shanbooks.de"},"image":{"@id":"https:\/\/shanabooks.de\/#\/schema\/logo\/image\/"}}]}},"jetpack_sharing_enabled":true,"_links":{"self":[{"href":"https:\/\/shanabooks.de\/de\/wp-json\/wp\/v2\/product\/12957","targetHints":{"allow":["GET"]}}],"collection":[{"href":"https:\/\/shanabooks.de\/de\/wp-json\/wp\/v2\/product"}],"about":[{"href":"https:\/\/shanabooks.de\/de\/wp-json\/wp\/v2\/types\/product"}],"version-history":[{"count":3,"href":"https:\/\/shanabooks.de\/de\/wp-json\/wp\/v2\/product\/12957\/revisions"}],"predecessor-version":[{"id":17458,"href":"https:\/\/shanabooks.de\/de\/wp-json\/wp\/v2\/product\/12957\/revisions\/17458"}],"wp:featuredmedia":[{"embeddable":true,"href":"https:\/\/shanabooks.de\/de\/wp-json\/wp\/v2\/media\/13027"}],"wp:attachment":[{"href":"https:\/\/shanabooks.de\/de\/wp-json\/wp\/v2\/media?parent=12957"}],"wp:term":[{"taxonomy":"product_brand","embeddable":true,"href":"https:\/\/shanabooks.de\/de\/wp-json\/wp\/v2\/product_brand?post=12957"},{"taxonomy":"product_cat","embeddable":true,"href":"https:\/\/shanabooks.de\/de\/wp-json\/wp\/v2\/product_cat?post=12957"},{"taxonomy":"product_tag","embeddable":true,"href":"https:\/\/shanabooks.de\/de\/wp-json\/wp\/v2\/product_tag?post=12957"}],"curies":[{"name":"wp","href":"https:\/\/api.w.org\/{rel}","templated":true}]}}