{"id":12959,"date":"2024-03-03T19:48:16","date_gmt":"2024-03-03T19:48:16","guid":{"rendered":"https:\/\/shanabooks.de\/?post_type=product&#038;p=12959"},"modified":"2024-03-10T21:14:43","modified_gmt":"2024-03-10T21:14:43","slug":"dilname-newaf-miro","status":"publish","type":"product","link":"https:\/\/shanabooks.de\/de\/product\/dilname-newaf-miro\/","title":{"rendered":"Dilname"},"content":{"rendered":"<p style=\"text-align: left\"><strong>Dilname &#8211; Newaf M\u00eero<\/strong><\/p>\n<p style=\"font-weight: 400;text-align: left\">Dilname ya Newaf M\u00eero&#8230; Deng\u00ea nal\u00eena ev\u00eena yekal\u00ee bi \u00e7\u00eaja \u00e7andperest\u00ee \u00fb welatpar\u00eaz\u00eey\u00ea ye ku Newaf\u00ea M\u00eero di v\u00ea gurzenamey\u00ea de, bi hestek\u00ee pir nazik agir\u00ea ev\u00eena b\u00eaxwed\u00ee dadaye \u00fb di nav re rew\u015fa Kurdan a civak\u00ee, s\u00eeyas\u00ee \u00fb \u00e7and\u00ee li ber \u00e7avan raxistiye.<\/p>\n<p style=\"font-weight: 400;text-align: left\">Dildaro, ev\u00eendar\u00ea dilsoj, ber\u00ee ku namey\u00ean xwe bigih\u00eene ev\u00eedara xwe Gulyar\u00ea \u00fb li hezkirina xwe mikur b\u00ea, ev\u00eendara w\u00ee ji ber rew\u015fa s\u00eeyas\u00ee ya li Tirk\u00eeyey\u00ea, tev li \u015fore\u015f\u00ea dibe \u00fb ber\u00ea xwe dide ser\u00ea \u00e7\u00eeyayan. Dildaro j\u00ee ji ber sedema \u00e7\u00fbna ev\u00eendara xwe, ber\u00ea xwe dide Almanyay\u00ea \u00fb pi\u015ft\u00ee ku sal \u00fb zeman diqedin, Gulyar ji ber bir\u00eendar\u00eey\u00ea vedigere mal\u00ea, namey\u00ean Dildaro digih\u00eajin ber dest\u00ean w\u00ea \u00fb li wan nameyan vediger\u00eene\u2026<\/p>\n<p style=\"font-weight: 400;text-align: left\">Gelo ev ev\u00een digih\u00eaje ku?<\/p>\n<p style=\"font-weight: 400;text-align: left\">Gelo pi\u015ft\u00ee derbasb\u00fbna sal \u00fb b\u00fbyeran \u00e7i bi w\u00ea ev\u00een\u00ea t\u00ea?<\/p>\n","protected":false},"excerpt":{"rendered":"<p style=\"text-align: center\"><strong>Niv\u00eeskar: Newaf M\u00eero<br \/>\nPirt\u00fbk: Dilname<\/strong><br \/>\n<strong>Cure: Roman<\/strong><\/p>\n","protected":false},"featured_media":17466,"template":"","meta":{"site-sidebar-layout":"default","site-content-layout":"","ast-site-content-layout":"default","site-content-style":"default","site-sidebar-style":"default","ast-global-header-display":"","ast-banner-title-visibility":"","ast-main-header-display":"","ast-hfb-above-header-display":"","ast-hfb-below-header-display":"","ast-hfb-mobile-header-display":"","site-post-title":"","ast-breadcrumbs-content":"","ast-featured-img":"","footer-sml-layout":"","ast-disable-related-posts":"","theme-transparent-header-meta":"default","adv-header-id-meta":"","stick-header-meta":"","header-above-stick-meta":"","header-main-stick-meta":"","header-below-stick-meta":"","astra-migrate-meta-layouts":"set","ast-page-background-enabled":"default","ast-page-background-meta":{"desktop":{"background-color":"","background-image":"","background-repeat":"repeat","background-position":"center center","background-size":"auto","background-attachment":"scroll","background-type":"","background-media":"","overlay-type":"","overlay-color":"","overlay-opacity":"","overlay-gradient":""},"tablet":{"background-color":"","background-image":"","background-repeat":"repeat","background-position":"center center","background-size":"auto","background-attachment":"scroll","background-type":"","background-media":"","overlay-type":"","overlay-color":"","overlay-opacity":"","overlay-gradient":""},"mobile":{"background-color":"","background-image":"","background-repeat":"repeat","background-position":"center center","background-size":"auto","background-attachment":"scroll","background-type":"","background-media":"","overlay-type":"","overlay-color":"","overlay-opacity":"","overlay-gradient":""}},"ast-content-background-meta":{"desktop":{"background-color":"var(--ast-global-color-5)","background-image":"","background-repeat":"repeat","background-position":"center center","background-size":"auto","background-attachment":"scroll","background-type":"","background-media":"","overlay-type":"","overlay-color":"","overlay-opacity":"","overlay-gradient":""},"tablet":{"background-color":"var(--ast-global-color-5)","background-image":"","background-repeat":"repeat","background-position":"center center","background-size":"auto","background-attachment":"scroll","background-type":"","background-media":"","overlay-type":"","overlay-color":"","overlay-opacity":"","overlay-gradient":""},"mobile":{"background-color":"var(--ast-global-color-5)","background-image":"","background-repeat":"repeat","background-position":"center center","background-size":"auto","background-attachment":"scroll","background-type":"","background-media":"","overlay-type":"","overlay-color":"","overlay-opacity":"","overlay-gradient":""}}},"product_brand":[],"product_cat":[182,193],"product_tag":[],"class_list":{"0":"post-12959","1":"product","2":"type-product","3":"status-publish","4":"has-post-thumbnail","6":"product_cat-_","7":"product_cat--_","8":"pa_-roman","9":"pa_-newaf-miro","10":"pa_-kurmanci","11":"pa_--lis-yayinevi","12":"desktop-align-left","13":"tablet-align-left","14":"mobile-align-left","16":"first","17":"instock","18":"shipping-taxable","19":"purchasable","20":"product-type-simple"},"yoast_head":"<!-- This site is optimized with the Yoast SEO plugin v27.4 - https:\/\/yoast.com\/product\/yoast-seo-wordpress\/ -->\n<title>Dilname - Newaf M\u00eero - www.shanabooks.de<\/title>\n<meta name=\"description\" content=\"Dilname - Newaf M\u00eero Dilname... Deng\u00ea nal\u00eena ev\u00eena yekal\u00ee bi \u00e7\u00eaja \u00e7andperest\u00ee \u00fb welatpar\u00eaz\u00eey\u00ea ye ku Newaf\u00ea M\u00eero di v\u00ea gurzenamey\u00ea de, bi hestek\u00ee pir nazi...\" \/>\n<meta name=\"robots\" content=\"index, follow, max-snippet:-1, max-image-preview:large, max-video-preview:-1\" \/>\n<link rel=\"canonical\" href=\"https:\/\/shanabooks.de\/en\/product\/dilname-newaf-miro\/\" \/>\n<meta property=\"og:locale\" content=\"de_DE\" \/>\n<meta property=\"og:type\" content=\"article\" \/>\n<meta property=\"og:title\" content=\"Dilname - Newaf M\u00eero - www.shanabooks.de\" \/>\n<meta property=\"og:description\" content=\"Dilname - Newaf M\u00eero Dilname... Deng\u00ea nal\u00eena ev\u00eena yekal\u00ee bi \u00e7\u00eaja \u00e7andperest\u00ee \u00fb welatpar\u00eaz\u00eey\u00ea ye ku Newaf\u00ea M\u00eero di v\u00ea gurzenamey\u00ea de, bi hestek\u00ee pir nazi...\" \/>\n<meta property=\"og:url\" content=\"https:\/\/shanabooks.de\/en\/product\/dilname-newaf-miro\/\" \/>\n<meta property=\"og:site_name\" content=\"www.shanabooks.de\" \/>\n<meta property=\"article:modified_time\" content=\"2024-03-10T21:14:43+00:00\" \/>\n<meta property=\"og:image\" content=\"https:\/\/shanabooks.de\/wp-content\/uploads\/2024\/03\/dilname.jpg\" \/>\n\t<meta property=\"og:image:width\" content=\"491\" \/>\n\t<meta property=\"og:image:height\" content=\"737\" \/>\n\t<meta property=\"og:image:type\" content=\"image\/jpeg\" \/>\n<meta name=\"twitter:card\" content=\"summary_large_image\" \/>\n<meta name=\"twitter:label1\" content=\"Gesch\u00e4tzte Lesezeit\" \/>\n\t<meta name=\"twitter:data1\" content=\"2\u00a0Minuten\" \/>\n<script type=\"application\/ld+json\" class=\"yoast-schema-graph\">{\"@context\":\"https:\\\/\\\/schema.org\",\"@graph\":[{\"@type\":\"WebPage\",\"@id\":\"https:\\\/\\\/shanabooks.de\\\/en\\\/product\\\/dilname-newaf-miro\\\/\",\"url\":\"https:\\\/\\\/shanabooks.de\\\/en\\\/product\\\/dilname-newaf-miro\\\/\",\"name\":\"Dilname - Newaf M\u00eero - www.shanabooks.de\",\"isPartOf\":{\"@id\":\"https:\\\/\\\/shanabooks.de\\\/#website\"},\"primaryImageOfPage\":{\"@id\":\"https:\\\/\\\/shanabooks.de\\\/en\\\/product\\\/dilname-newaf-miro\\\/#primaryimage\"},\"image\":{\"@id\":\"https:\\\/\\\/shanabooks.de\\\/en\\\/product\\\/dilname-newaf-miro\\\/#primaryimage\"},\"thumbnailUrl\":\"https:\\\/\\\/shanabooks.de\\\/wp-content\\\/uploads\\\/2024\\\/03\\\/dilname.jpg\",\"datePublished\":\"2024-03-03T19:48:16+00:00\",\"dateModified\":\"2024-03-10T21:14:43+00:00\",\"description\":\"Dilname - Newaf M\u00eero Dilname... Deng\u00ea nal\u00eena ev\u00eena yekal\u00ee bi \u00e7\u00eaja \u00e7andperest\u00ee \u00fb welatpar\u00eaz\u00eey\u00ea ye ku Newaf\u00ea M\u00eero di v\u00ea gurzenamey\u00ea de, bi hestek\u00ee pir nazi...\",\"breadcrumb\":{\"@id\":\"https:\\\/\\\/shanabooks.de\\\/en\\\/product\\\/dilname-newaf-miro\\\/#breadcrumb\"},\"inLanguage\":\"de\",\"potentialAction\":[{\"@type\":\"ReadAction\",\"target\":[\"https:\\\/\\\/shanabooks.de\\\/en\\\/product\\\/dilname-newaf-miro\\\/\"]}]},{\"@type\":\"ImageObject\",\"inLanguage\":\"de\",\"@id\":\"https:\\\/\\\/shanabooks.de\\\/en\\\/product\\\/dilname-newaf-miro\\\/#primaryimage\",\"url\":\"https:\\\/\\\/shanabooks.de\\\/wp-content\\\/uploads\\\/2024\\\/03\\\/dilname.jpg\",\"contentUrl\":\"https:\\\/\\\/shanabooks.de\\\/wp-content\\\/uploads\\\/2024\\\/03\\\/dilname.jpg\",\"width\":491,\"height\":737,\"caption\":\"Dilname - Newaf M\u00eero - pirt\u00fbk\u00ean kurd\u00ee\"},{\"@type\":\"BreadcrumbList\",\"@id\":\"https:\\\/\\\/shanabooks.de\\\/en\\\/product\\\/dilname-newaf-miro\\\/#breadcrumb\",\"itemListElement\":[{\"@type\":\"ListItem\",\"position\":1,\"name\":\"\u0627\u0644\u0631\u0626\u064a\u0633\u064a\u0629\",\"item\":\"https:\\\/\\\/shanabooks.de\\\/de\\\/\"},{\"@type\":\"ListItem\",\"position\":2,\"name\":\"\u0627\u0644\u0645\u0646\u062a\u062c\u0627\u062a\",\"item\":\"https:\\\/\\\/shanabooks.de\\\/shop\\\/\"},{\"@type\":\"ListItem\",\"position\":3,\"name\":\"Dilname\"}]},{\"@type\":\"WebSite\",\"@id\":\"https:\\\/\\\/shanabooks.de\\\/#website\",\"url\":\"https:\\\/\\\/shanabooks.de\\\/\",\"name\":\"www.shanbooks.de\",\"description\":\"C\u00eehana Pirt\u00fbk\u00ean Kurd\u00ee \u0645\u0643\u062a\u0628\u0629 \u0634\u0627\u0646\u0627 \u0641\u064a \u0627\u0644\u0645\u0627\u0646\u064a\u0627 \u0648\u0623\u0648\u0631\u0628\u0627\",\"publisher\":{\"@id\":\"https:\\\/\\\/shanabooks.de\\\/#organization\"},\"potentialAction\":[{\"@type\":\"SearchAction\",\"target\":{\"@type\":\"EntryPoint\",\"urlTemplate\":\"https:\\\/\\\/shanabooks.de\\\/?s={search_term_string}\"},\"query-input\":{\"@type\":\"PropertyValueSpecification\",\"valueRequired\":true,\"valueName\":\"search_term_string\"}}],\"inLanguage\":\"de\"},{\"@type\":\"Organization\",\"@id\":\"https:\\\/\\\/shanabooks.de\\\/#organization\",\"name\":\"www.shanbooks.de\",\"url\":\"https:\\\/\\\/shanabooks.de\\\/\",\"logo\":{\"@type\":\"ImageObject\",\"inLanguage\":\"de\",\"@id\":\"https:\\\/\\\/shanabooks.de\\\/#\\\/schema\\\/logo\\\/image\\\/\",\"url\":\"https:\\\/\\\/shanabooks.de\\\/wp-content\\\/uploads\\\/2024\\\/03\\\/SHANABOOKS__2_-removebg-preview.png\",\"contentUrl\":\"https:\\\/\\\/shanabooks.de\\\/wp-content\\\/uploads\\\/2024\\\/03\\\/SHANABOOKS__2_-removebg-preview.png\",\"width\":700,\"height\":150,\"caption\":\"www.shanbooks.de\"},\"image\":{\"@id\":\"https:\\\/\\\/shanabooks.de\\\/#\\\/schema\\\/logo\\\/image\\\/\"}}]}<\/script>\n<!-- \/ Yoast SEO plugin. -->","yoast_head_json":{"title":"Dilname - Newaf M\u00eero - www.shanabooks.de","description":"Dilname - Newaf M\u00eero Dilname... Deng\u00ea nal\u00eena ev\u00eena yekal\u00ee bi \u00e7\u00eaja \u00e7andperest\u00ee \u00fb welatpar\u00eaz\u00eey\u00ea ye ku Newaf\u00ea M\u00eero di v\u00ea gurzenamey\u00ea de, bi hestek\u00ee pir nazi...","robots":{"index":"index","follow":"follow","max-snippet":"max-snippet:-1","max-image-preview":"max-image-preview:large","max-video-preview":"max-video-preview:-1"},"canonical":"https:\/\/shanabooks.de\/en\/product\/dilname-newaf-miro\/","og_locale":"de_DE","og_type":"article","og_title":"Dilname - Newaf M\u00eero - www.shanabooks.de","og_description":"Dilname - Newaf M\u00eero Dilname... Deng\u00ea nal\u00eena ev\u00eena yekal\u00ee bi \u00e7\u00eaja \u00e7andperest\u00ee \u00fb welatpar\u00eaz\u00eey\u00ea ye ku Newaf\u00ea M\u00eero di v\u00ea gurzenamey\u00ea de, bi hestek\u00ee pir nazi...","og_url":"https:\/\/shanabooks.de\/en\/product\/dilname-newaf-miro\/","og_site_name":"www.shanabooks.de","article_modified_time":"2024-03-10T21:14:43+00:00","og_image":[{"width":491,"height":737,"url":"https:\/\/shanabooks.de\/wp-content\/uploads\/2024\/03\/dilname.jpg","type":"image\/jpeg"}],"twitter_card":"summary_large_image","twitter_misc":{"Gesch\u00e4tzte Lesezeit":"2\u00a0Minuten"},"schema":{"@context":"https:\/\/schema.org","@graph":[{"@type":"WebPage","@id":"https:\/\/shanabooks.de\/en\/product\/dilname-newaf-miro\/","url":"https:\/\/shanabooks.de\/en\/product\/dilname-newaf-miro\/","name":"Dilname - Newaf M\u00eero - www.shanabooks.de","isPartOf":{"@id":"https:\/\/shanabooks.de\/#website"},"primaryImageOfPage":{"@id":"https:\/\/shanabooks.de\/en\/product\/dilname-newaf-miro\/#primaryimage"},"image":{"@id":"https:\/\/shanabooks.de\/en\/product\/dilname-newaf-miro\/#primaryimage"},"thumbnailUrl":"https:\/\/shanabooks.de\/wp-content\/uploads\/2024\/03\/dilname.jpg","datePublished":"2024-03-03T19:48:16+00:00","dateModified":"2024-03-10T21:14:43+00:00","description":"Dilname - Newaf M\u00eero Dilname... Deng\u00ea nal\u00eena ev\u00eena yekal\u00ee bi \u00e7\u00eaja \u00e7andperest\u00ee \u00fb welatpar\u00eaz\u00eey\u00ea ye ku Newaf\u00ea M\u00eero di v\u00ea gurzenamey\u00ea de, bi hestek\u00ee pir nazi...","breadcrumb":{"@id":"https:\/\/shanabooks.de\/en\/product\/dilname-newaf-miro\/#breadcrumb"},"inLanguage":"de","potentialAction":[{"@type":"ReadAction","target":["https:\/\/shanabooks.de\/en\/product\/dilname-newaf-miro\/"]}]},{"@type":"ImageObject","inLanguage":"de","@id":"https:\/\/shanabooks.de\/en\/product\/dilname-newaf-miro\/#primaryimage","url":"https:\/\/shanabooks.de\/wp-content\/uploads\/2024\/03\/dilname.jpg","contentUrl":"https:\/\/shanabooks.de\/wp-content\/uploads\/2024\/03\/dilname.jpg","width":491,"height":737,"caption":"Dilname - Newaf M\u00eero - pirt\u00fbk\u00ean kurd\u00ee"},{"@type":"BreadcrumbList","@id":"https:\/\/shanabooks.de\/en\/product\/dilname-newaf-miro\/#breadcrumb","itemListElement":[{"@type":"ListItem","position":1,"name":"\u0627\u0644\u0631\u0626\u064a\u0633\u064a\u0629","item":"https:\/\/shanabooks.de\/de\/"},{"@type":"ListItem","position":2,"name":"\u0627\u0644\u0645\u0646\u062a\u062c\u0627\u062a","item":"https:\/\/shanabooks.de\/shop\/"},{"@type":"ListItem","position":3,"name":"Dilname"}]},{"@type":"WebSite","@id":"https:\/\/shanabooks.de\/#website","url":"https:\/\/shanabooks.de\/","name":"www.shanbooks.de","description":"C\u00eehana Pirt\u00fbk\u00ean Kurd\u00ee \u0645\u0643\u062a\u0628\u0629 \u0634\u0627\u0646\u0627 \u0641\u064a \u0627\u0644\u0645\u0627\u0646\u064a\u0627 \u0648\u0623\u0648\u0631\u0628\u0627","publisher":{"@id":"https:\/\/shanabooks.de\/#organization"},"potentialAction":[{"@type":"SearchAction","target":{"@type":"EntryPoint","urlTemplate":"https:\/\/shanabooks.de\/?s={search_term_string}"},"query-input":{"@type":"PropertyValueSpecification","valueRequired":true,"valueName":"search_term_string"}}],"inLanguage":"de"},{"@type":"Organization","@id":"https:\/\/shanabooks.de\/#organization","name":"www.shanbooks.de","url":"https:\/\/shanabooks.de\/","logo":{"@type":"ImageObject","inLanguage":"de","@id":"https:\/\/shanabooks.de\/#\/schema\/logo\/image\/","url":"https:\/\/shanabooks.de\/wp-content\/uploads\/2024\/03\/SHANABOOKS__2_-removebg-preview.png","contentUrl":"https:\/\/shanabooks.de\/wp-content\/uploads\/2024\/03\/SHANABOOKS__2_-removebg-preview.png","width":700,"height":150,"caption":"www.shanbooks.de"},"image":{"@id":"https:\/\/shanabooks.de\/#\/schema\/logo\/image\/"}}]}},"jetpack_sharing_enabled":true,"_links":{"self":[{"href":"https:\/\/shanabooks.de\/de\/wp-json\/wp\/v2\/product\/12959","targetHints":{"allow":["GET"]}}],"collection":[{"href":"https:\/\/shanabooks.de\/de\/wp-json\/wp\/v2\/product"}],"about":[{"href":"https:\/\/shanabooks.de\/de\/wp-json\/wp\/v2\/types\/product"}],"version-history":[{"count":3,"href":"https:\/\/shanabooks.de\/de\/wp-json\/wp\/v2\/product\/12959\/revisions"}],"predecessor-version":[{"id":17470,"href":"https:\/\/shanabooks.de\/de\/wp-json\/wp\/v2\/product\/12959\/revisions\/17470"}],"wp:featuredmedia":[{"embeddable":true,"href":"https:\/\/shanabooks.de\/de\/wp-json\/wp\/v2\/media\/17466"}],"wp:attachment":[{"href":"https:\/\/shanabooks.de\/de\/wp-json\/wp\/v2\/media?parent=12959"}],"wp:term":[{"taxonomy":"product_brand","embeddable":true,"href":"https:\/\/shanabooks.de\/de\/wp-json\/wp\/v2\/product_brand?post=12959"},{"taxonomy":"product_cat","embeddable":true,"href":"https:\/\/shanabooks.de\/de\/wp-json\/wp\/v2\/product_cat?post=12959"},{"taxonomy":"product_tag","embeddable":true,"href":"https:\/\/shanabooks.de\/de\/wp-json\/wp\/v2\/product_tag?post=12959"}],"curies":[{"name":"wp","href":"https:\/\/api.w.org\/{rel}","templated":true}]}}