{"id":13001,"date":"2024-03-03T19:48:37","date_gmt":"2024-03-03T19:48:37","guid":{"rendered":"https:\/\/shanabooks.de\/?post_type=product&#038;p=13001"},"modified":"2026-01-02T20:16:20","modified_gmt":"2026-01-02T20:16:20","slug":"henasen-jiyane-narin-omer-seyfedin","status":"publish","type":"product","link":"https:\/\/shanabooks.de\/de\/product\/henasen-jiyane-narin-omer-seyfedin\/","title":{"rendered":"Henas\u00ean Jiyan\u00ea"},"content":{"rendered":"<p style=\"text-align: left\"><strong>Henas\u00ean Jiyan\u00ea &#8211; Nar\u00een Omer Seyfed\u00een<\/strong><\/p>\n<p style=\"text-align: left\">\u00e7end henas\u00ean ev\u00eeniy\u00ea:<\/p>\n<p style=\"text-align: left\">ko\u00e7beriya b\u00ea henas b\u00ea r\u00eadan \u00fb b\u00ea deng derbas\u00ee henas\u00ean me b\u00fb, \u00fb \u015f\u00eerava pispisa ev\u00een\u00ee \u00fb aramiy\u00ea mijand \u00fb b\u00ea daqurtandin ew tevl\u00ee jehra penaber\u00ee \u00fb mi\u015fexity\u00ea werkir, \u00fb em j\u00eendar bi tevah\u00ee y\u00ean canxwe\u015f \u00fb y\u00ean b\u00eacan li kelek \u00fb gemiy\u00ean binyaniya nenas serrast kirin \u00fb em kirin d\u00eel\u00ean lep\u00ean derya \u00fb daristanan m\u00eena kerwan\u00ea b\u00ea \u015fivan \u00fb semyan.<\/p>\n<p style=\"text-align: left\">Doza jin\u00ea bi xurt\u00ee amade ye bi xwe\u015f\u00ee \u00fb nexwe\u015fiy\u00ean xwe ve.<\/p>\n<p style=\"text-align: left\">Ev Romana bi nav\u00ea Henas\u00ean Jiyan\u00ea ya niv\u00eeskar Nar\u00een Omer Seyfed\u00ean mijara ko\u00e7beriy\u00ea tevl\u00ee \u00e7end \u00e7\u00eerok\u00ean civak\u00ee \u00fb gel\u00ear\u00ee \u00fb kesayet\u00ee dike li ser ziman \u00fb raman\u00ean lehinga roman\u00ean lehinga roman\u00ea \u00fb kes\u00ean d\u00ee bi \u00e7end tabloz\u00ean w\u00eajey\u00ee \u00fb huner\u00ee \u00fb cinav\u00ee.<\/p>\n<p style=\"text-align: left\">Ez bi h\u00eav\u00ee me cih\u00ea xwe di dil \u00fb raman\u00ean we de bigire.<\/p>\n","protected":false},"excerpt":{"rendered":"<p style=\"text-align: center\">&lt;strong&gt;Niv\u00eeskar: Nar\u00een Omer Seyfed\u00een&lt;\/strong&gt;<br \/>\n<strong>Pirt\u00fbk: Henas\u00ean Jiyan\u00ea<\/strong><br \/>\n<strong>Cure: Roman<\/strong><\/p>\n","protected":false},"featured_media":13035,"template":"","meta":{"site-sidebar-layout":"default","site-content-layout":"","ast-site-content-layout":"default","site-content-style":"default","site-sidebar-style":"default","ast-global-header-display":"","ast-banner-title-visibility":"","ast-main-header-display":"","ast-hfb-above-header-display":"","ast-hfb-below-header-display":"","ast-hfb-mobile-header-display":"","site-post-title":"","ast-breadcrumbs-content":"","ast-featured-img":"","footer-sml-layout":"","ast-disable-related-posts":"","theme-transparent-header-meta":"default","adv-header-id-meta":"","stick-header-meta":"","header-above-stick-meta":"","header-main-stick-meta":"","header-below-stick-meta":"","astra-migrate-meta-layouts":"set","ast-page-background-enabled":"default","ast-page-background-meta":{"desktop":{"background-color":"","background-image":"","background-repeat":"repeat","background-position":"center center","background-size":"auto","background-attachment":"scroll","background-type":"","background-media":"","overlay-type":"","overlay-color":"","overlay-opacity":"","overlay-gradient":""},"tablet":{"background-color":"","background-image":"","background-repeat":"repeat","background-position":"center center","background-size":"auto","background-attachment":"scroll","background-type":"","background-media":"","overlay-type":"","overlay-color":"","overlay-opacity":"","overlay-gradient":""},"mobile":{"background-color":"","background-image":"","background-repeat":"repeat","background-position":"center center","background-size":"auto","background-attachment":"scroll","background-type":"","background-media":"","overlay-type":"","overlay-color":"","overlay-opacity":"","overlay-gradient":""}},"ast-content-background-meta":{"desktop":{"background-color":"var(--ast-global-color-5)","background-image":"","background-repeat":"repeat","background-position":"center center","background-size":"auto","background-attachment":"scroll","background-type":"","background-media":"","overlay-type":"","overlay-color":"","overlay-opacity":"","overlay-gradient":""},"tablet":{"background-color":"var(--ast-global-color-5)","background-image":"","background-repeat":"repeat","background-position":"center center","background-size":"auto","background-attachment":"scroll","background-type":"","background-media":"","overlay-type":"","overlay-color":"","overlay-opacity":"","overlay-gradient":""},"mobile":{"background-color":"var(--ast-global-color-5)","background-image":"","background-repeat":"repeat","background-position":"center center","background-size":"auto","background-attachment":"scroll","background-type":"","background-media":"","overlay-type":"","overlay-color":"","overlay-opacity":"","overlay-gradient":""}}},"product_brand":[],"product_cat":[182,193],"product_tag":[],"class_list":{"0":"post-13001","1":"product","2":"type-product","3":"status-publish","4":"has-post-thumbnail","6":"product_cat-_","7":"product_cat--_","8":"pa_-roman","9":"pa_-narin-omer-seyfedin","10":"pa_-kurmanci","11":"pa_--sersera","12":"desktop-align-left","13":"tablet-align-left","14":"mobile-align-left","16":"first","17":"instock","18":"shipping-taxable","19":"purchasable","20":"product-type-simple"},"yoast_head":"<!-- This site is optimized with the Yoast SEO plugin v27.4 - https:\/\/yoast.com\/product\/yoast-seo-wordpress\/ -->\n<title>Henas\u00ean Jiyan\u00ea - Nar\u00een Omer Seyfed\u00een - www.shanabooks.de<\/title>\n<meta name=\"description\" content=\"Henas\u00ean Jiyan\u00ea - Nar\u00een Omer Seyfed\u00een \u00e7end henas\u00ean ev\u00eeniy\u00ea: ko\u00e7beriya b\u00ea henas b\u00ea r\u00eadan \u00fb b\u00ea deng derbas\u00ee henas\u00ean me b\u00fb, \u00fb \u015f\u00eerava pispisa ev\u00een\u00ee \u00fb aramiy\u00ea...\" \/>\n<meta name=\"robots\" content=\"index, follow, max-snippet:-1, max-image-preview:large, max-video-preview:-1\" \/>\n<link rel=\"canonical\" href=\"https:\/\/shanabooks.de\/product\/henasen-jiyane-narin-omer-seyfedin\/\" \/>\n<meta property=\"og:locale\" content=\"de_DE\" \/>\n<meta property=\"og:type\" content=\"article\" \/>\n<meta property=\"og:title\" content=\"Henas\u00ean Jiyan\u00ea - Nar\u00een Omer Seyfed\u00een - www.shanabooks.de\" \/>\n<meta property=\"og:description\" content=\"Henas\u00ean Jiyan\u00ea - Nar\u00een Omer Seyfed\u00een \u00e7end henas\u00ean ev\u00eeniy\u00ea: ko\u00e7beriya b\u00ea henas b\u00ea r\u00eadan \u00fb b\u00ea deng derbas\u00ee henas\u00ean me b\u00fb, \u00fb \u015f\u00eerava pispisa ev\u00een\u00ee \u00fb aramiy\u00ea...\" \/>\n<meta property=\"og:url\" content=\"https:\/\/shanabooks.de\/product\/henasen-jiyane-narin-omer-seyfedin\/\" \/>\n<meta property=\"og:site_name\" content=\"www.shanabooks.de\" \/>\n<meta property=\"article:modified_time\" content=\"2026-01-02T20:16:20+00:00\" \/>\n<meta property=\"og:image\" content=\"https:\/\/shanabooks.de\/wp-content\/uploads\/2024\/03\/Henasen-Jiyane-1.png\" \/>\n\t<meta property=\"og:image:width\" content=\"334\" \/>\n\t<meta property=\"og:image:height\" content=\"478\" \/>\n\t<meta property=\"og:image:type\" content=\"image\/png\" \/>\n<meta name=\"twitter:card\" content=\"summary_large_image\" \/>\n<meta name=\"twitter:label1\" content=\"Gesch\u00e4tzte Lesezeit\" \/>\n\t<meta name=\"twitter:data1\" content=\"2\u00a0Minuten\" \/>\n<script type=\"application\/ld+json\" class=\"yoast-schema-graph\">{\"@context\":\"https:\\\/\\\/schema.org\",\"@graph\":[{\"@type\":\"WebPage\",\"@id\":\"https:\\\/\\\/shanabooks.de\\\/product\\\/henasen-jiyane-narin-omer-seyfedin\\\/\",\"url\":\"https:\\\/\\\/shanabooks.de\\\/product\\\/henasen-jiyane-narin-omer-seyfedin\\\/\",\"name\":\"Henas\u00ean Jiyan\u00ea - Nar\u00een Omer Seyfed\u00een - www.shanabooks.de\",\"isPartOf\":{\"@id\":\"https:\\\/\\\/shanabooks.de\\\/#website\"},\"primaryImageOfPage\":{\"@id\":\"https:\\\/\\\/shanabooks.de\\\/product\\\/henasen-jiyane-narin-omer-seyfedin\\\/#primaryimage\"},\"image\":{\"@id\":\"https:\\\/\\\/shanabooks.de\\\/product\\\/henasen-jiyane-narin-omer-seyfedin\\\/#primaryimage\"},\"thumbnailUrl\":\"https:\\\/\\\/shanabooks.de\\\/wp-content\\\/uploads\\\/2024\\\/03\\\/Henasen-Jiyane-1.png\",\"datePublished\":\"2024-03-03T19:48:37+00:00\",\"dateModified\":\"2026-01-02T20:16:20+00:00\",\"description\":\"Henas\u00ean Jiyan\u00ea - Nar\u00een Omer Seyfed\u00een \u00e7end henas\u00ean ev\u00eeniy\u00ea: ko\u00e7beriya b\u00ea henas b\u00ea r\u00eadan \u00fb b\u00ea deng derbas\u00ee henas\u00ean me b\u00fb, \u00fb \u015f\u00eerava pispisa ev\u00een\u00ee \u00fb aramiy\u00ea...\",\"breadcrumb\":{\"@id\":\"https:\\\/\\\/shanabooks.de\\\/product\\\/henasen-jiyane-narin-omer-seyfedin\\\/#breadcrumb\"},\"inLanguage\":\"de\",\"potentialAction\":[{\"@type\":\"ReadAction\",\"target\":[\"https:\\\/\\\/shanabooks.de\\\/product\\\/henasen-jiyane-narin-omer-seyfedin\\\/\"]}]},{\"@type\":\"ImageObject\",\"inLanguage\":\"de\",\"@id\":\"https:\\\/\\\/shanabooks.de\\\/product\\\/henasen-jiyane-narin-omer-seyfedin\\\/#primaryimage\",\"url\":\"https:\\\/\\\/shanabooks.de\\\/wp-content\\\/uploads\\\/2024\\\/03\\\/Henasen-Jiyane-1.png\",\"contentUrl\":\"https:\\\/\\\/shanabooks.de\\\/wp-content\\\/uploads\\\/2024\\\/03\\\/Henasen-Jiyane-1.png\",\"width\":334,\"height\":478,\"caption\":\"Henas\u00ean Jiyan\u00ea - Nar\u00een Omer Seyfed\u00een - pirt\u00fbk\u00ean Kurd\u00ee\"},{\"@type\":\"BreadcrumbList\",\"@id\":\"https:\\\/\\\/shanabooks.de\\\/product\\\/henasen-jiyane-narin-omer-seyfedin\\\/#breadcrumb\",\"itemListElement\":[{\"@type\":\"ListItem\",\"position\":1,\"name\":\"\u0627\u0644\u0631\u0626\u064a\u0633\u064a\u0629\",\"item\":\"https:\\\/\\\/shanabooks.de\\\/de\\\/\"},{\"@type\":\"ListItem\",\"position\":2,\"name\":\"\u0627\u0644\u0645\u0646\u062a\u062c\u0627\u062a\",\"item\":\"https:\\\/\\\/shanabooks.de\\\/shop\\\/\"},{\"@type\":\"ListItem\",\"position\":3,\"name\":\"Henas\u00ean Jiyan\u00ea\"}]},{\"@type\":\"WebSite\",\"@id\":\"https:\\\/\\\/shanabooks.de\\\/#website\",\"url\":\"https:\\\/\\\/shanabooks.de\\\/\",\"name\":\"www.shanbooks.de\",\"description\":\"C\u00eehana Pirt\u00fbk\u00ean Kurd\u00ee \u0645\u0643\u062a\u0628\u0629 \u0634\u0627\u0646\u0627 \u0641\u064a \u0627\u0644\u0645\u0627\u0646\u064a\u0627 \u0648\u0623\u0648\u0631\u0628\u0627\",\"publisher\":{\"@id\":\"https:\\\/\\\/shanabooks.de\\\/#organization\"},\"potentialAction\":[{\"@type\":\"SearchAction\",\"target\":{\"@type\":\"EntryPoint\",\"urlTemplate\":\"https:\\\/\\\/shanabooks.de\\\/?s={search_term_string}\"},\"query-input\":{\"@type\":\"PropertyValueSpecification\",\"valueRequired\":true,\"valueName\":\"search_term_string\"}}],\"inLanguage\":\"de\"},{\"@type\":\"Organization\",\"@id\":\"https:\\\/\\\/shanabooks.de\\\/#organization\",\"name\":\"www.shanbooks.de\",\"url\":\"https:\\\/\\\/shanabooks.de\\\/\",\"logo\":{\"@type\":\"ImageObject\",\"inLanguage\":\"de\",\"@id\":\"https:\\\/\\\/shanabooks.de\\\/#\\\/schema\\\/logo\\\/image\\\/\",\"url\":\"https:\\\/\\\/shanabooks.de\\\/wp-content\\\/uploads\\\/2024\\\/03\\\/SHANABOOKS__2_-removebg-preview.png\",\"contentUrl\":\"https:\\\/\\\/shanabooks.de\\\/wp-content\\\/uploads\\\/2024\\\/03\\\/SHANABOOKS__2_-removebg-preview.png\",\"width\":700,\"height\":150,\"caption\":\"www.shanbooks.de\"},\"image\":{\"@id\":\"https:\\\/\\\/shanabooks.de\\\/#\\\/schema\\\/logo\\\/image\\\/\"}}]}<\/script>\n<!-- \/ Yoast SEO plugin. -->","yoast_head_json":{"title":"Henas\u00ean Jiyan\u00ea - Nar\u00een Omer Seyfed\u00een - www.shanabooks.de","description":"Henas\u00ean Jiyan\u00ea - Nar\u00een Omer Seyfed\u00een \u00e7end henas\u00ean ev\u00eeniy\u00ea: ko\u00e7beriya b\u00ea henas b\u00ea r\u00eadan \u00fb b\u00ea deng derbas\u00ee henas\u00ean me b\u00fb, \u00fb \u015f\u00eerava pispisa ev\u00een\u00ee \u00fb aramiy\u00ea...","robots":{"index":"index","follow":"follow","max-snippet":"max-snippet:-1","max-image-preview":"max-image-preview:large","max-video-preview":"max-video-preview:-1"},"canonical":"https:\/\/shanabooks.de\/product\/henasen-jiyane-narin-omer-seyfedin\/","og_locale":"de_DE","og_type":"article","og_title":"Henas\u00ean Jiyan\u00ea - Nar\u00een Omer Seyfed\u00een - www.shanabooks.de","og_description":"Henas\u00ean Jiyan\u00ea - Nar\u00een Omer Seyfed\u00een \u00e7end henas\u00ean ev\u00eeniy\u00ea: ko\u00e7beriya b\u00ea henas b\u00ea r\u00eadan \u00fb b\u00ea deng derbas\u00ee henas\u00ean me b\u00fb, \u00fb \u015f\u00eerava pispisa ev\u00een\u00ee \u00fb aramiy\u00ea...","og_url":"https:\/\/shanabooks.de\/product\/henasen-jiyane-narin-omer-seyfedin\/","og_site_name":"www.shanabooks.de","article_modified_time":"2026-01-02T20:16:20+00:00","og_image":[{"width":334,"height":478,"url":"https:\/\/shanabooks.de\/wp-content\/uploads\/2024\/03\/Henasen-Jiyane-1.png","type":"image\/png"}],"twitter_card":"summary_large_image","twitter_misc":{"Gesch\u00e4tzte Lesezeit":"2\u00a0Minuten"},"schema":{"@context":"https:\/\/schema.org","@graph":[{"@type":"WebPage","@id":"https:\/\/shanabooks.de\/product\/henasen-jiyane-narin-omer-seyfedin\/","url":"https:\/\/shanabooks.de\/product\/henasen-jiyane-narin-omer-seyfedin\/","name":"Henas\u00ean Jiyan\u00ea - Nar\u00een Omer Seyfed\u00een - www.shanabooks.de","isPartOf":{"@id":"https:\/\/shanabooks.de\/#website"},"primaryImageOfPage":{"@id":"https:\/\/shanabooks.de\/product\/henasen-jiyane-narin-omer-seyfedin\/#primaryimage"},"image":{"@id":"https:\/\/shanabooks.de\/product\/henasen-jiyane-narin-omer-seyfedin\/#primaryimage"},"thumbnailUrl":"https:\/\/shanabooks.de\/wp-content\/uploads\/2024\/03\/Henasen-Jiyane-1.png","datePublished":"2024-03-03T19:48:37+00:00","dateModified":"2026-01-02T20:16:20+00:00","description":"Henas\u00ean Jiyan\u00ea - Nar\u00een Omer Seyfed\u00een \u00e7end henas\u00ean ev\u00eeniy\u00ea: ko\u00e7beriya b\u00ea henas b\u00ea r\u00eadan \u00fb b\u00ea deng derbas\u00ee henas\u00ean me b\u00fb, \u00fb \u015f\u00eerava pispisa ev\u00een\u00ee \u00fb aramiy\u00ea...","breadcrumb":{"@id":"https:\/\/shanabooks.de\/product\/henasen-jiyane-narin-omer-seyfedin\/#breadcrumb"},"inLanguage":"de","potentialAction":[{"@type":"ReadAction","target":["https:\/\/shanabooks.de\/product\/henasen-jiyane-narin-omer-seyfedin\/"]}]},{"@type":"ImageObject","inLanguage":"de","@id":"https:\/\/shanabooks.de\/product\/henasen-jiyane-narin-omer-seyfedin\/#primaryimage","url":"https:\/\/shanabooks.de\/wp-content\/uploads\/2024\/03\/Henasen-Jiyane-1.png","contentUrl":"https:\/\/shanabooks.de\/wp-content\/uploads\/2024\/03\/Henasen-Jiyane-1.png","width":334,"height":478,"caption":"Henas\u00ean Jiyan\u00ea - Nar\u00een Omer Seyfed\u00een - pirt\u00fbk\u00ean Kurd\u00ee"},{"@type":"BreadcrumbList","@id":"https:\/\/shanabooks.de\/product\/henasen-jiyane-narin-omer-seyfedin\/#breadcrumb","itemListElement":[{"@type":"ListItem","position":1,"name":"\u0627\u0644\u0631\u0626\u064a\u0633\u064a\u0629","item":"https:\/\/shanabooks.de\/de\/"},{"@type":"ListItem","position":2,"name":"\u0627\u0644\u0645\u0646\u062a\u062c\u0627\u062a","item":"https:\/\/shanabooks.de\/shop\/"},{"@type":"ListItem","position":3,"name":"Henas\u00ean Jiyan\u00ea"}]},{"@type":"WebSite","@id":"https:\/\/shanabooks.de\/#website","url":"https:\/\/shanabooks.de\/","name":"www.shanbooks.de","description":"C\u00eehana Pirt\u00fbk\u00ean Kurd\u00ee \u0645\u0643\u062a\u0628\u0629 \u0634\u0627\u0646\u0627 \u0641\u064a \u0627\u0644\u0645\u0627\u0646\u064a\u0627 \u0648\u0623\u0648\u0631\u0628\u0627","publisher":{"@id":"https:\/\/shanabooks.de\/#organization"},"potentialAction":[{"@type":"SearchAction","target":{"@type":"EntryPoint","urlTemplate":"https:\/\/shanabooks.de\/?s={search_term_string}"},"query-input":{"@type":"PropertyValueSpecification","valueRequired":true,"valueName":"search_term_string"}}],"inLanguage":"de"},{"@type":"Organization","@id":"https:\/\/shanabooks.de\/#organization","name":"www.shanbooks.de","url":"https:\/\/shanabooks.de\/","logo":{"@type":"ImageObject","inLanguage":"de","@id":"https:\/\/shanabooks.de\/#\/schema\/logo\/image\/","url":"https:\/\/shanabooks.de\/wp-content\/uploads\/2024\/03\/SHANABOOKS__2_-removebg-preview.png","contentUrl":"https:\/\/shanabooks.de\/wp-content\/uploads\/2024\/03\/SHANABOOKS__2_-removebg-preview.png","width":700,"height":150,"caption":"www.shanbooks.de"},"image":{"@id":"https:\/\/shanabooks.de\/#\/schema\/logo\/image\/"}}]}},"jetpack_sharing_enabled":true,"_links":{"self":[{"href":"https:\/\/shanabooks.de\/de\/wp-json\/wp\/v2\/product\/13001","targetHints":{"allow":["GET"]}}],"collection":[{"href":"https:\/\/shanabooks.de\/de\/wp-json\/wp\/v2\/product"}],"about":[{"href":"https:\/\/shanabooks.de\/de\/wp-json\/wp\/v2\/types\/product"}],"version-history":[{"count":3,"href":"https:\/\/shanabooks.de\/de\/wp-json\/wp\/v2\/product\/13001\/revisions"}],"predecessor-version":[{"id":17541,"href":"https:\/\/shanabooks.de\/de\/wp-json\/wp\/v2\/product\/13001\/revisions\/17541"}],"wp:featuredmedia":[{"embeddable":true,"href":"https:\/\/shanabooks.de\/de\/wp-json\/wp\/v2\/media\/13035"}],"wp:attachment":[{"href":"https:\/\/shanabooks.de\/de\/wp-json\/wp\/v2\/media?parent=13001"}],"wp:term":[{"taxonomy":"product_brand","embeddable":true,"href":"https:\/\/shanabooks.de\/de\/wp-json\/wp\/v2\/product_brand?post=13001"},{"taxonomy":"product_cat","embeddable":true,"href":"https:\/\/shanabooks.de\/de\/wp-json\/wp\/v2\/product_cat?post=13001"},{"taxonomy":"product_tag","embeddable":true,"href":"https:\/\/shanabooks.de\/de\/wp-json\/wp\/v2\/product_tag?post=13001"}],"curies":[{"name":"wp","href":"https:\/\/api.w.org\/{rel}","templated":true}]}}