{"id":13002,"date":"2024-03-03T19:48:37","date_gmt":"2024-03-03T19:48:37","guid":{"rendered":"https:\/\/shanabooks.de\/?post_type=product&#038;p=13002"},"modified":"2026-01-02T20:17:04","modified_gmt":"2026-01-02T20:17:04","slug":"azade-serin-adil-omer-seyfdin","status":"publish","type":"product","link":"https:\/\/shanabooks.de\/de\/product\/azade-serin-adil-omer-seyfdin\/","title":{"rendered":"Azade \u015e\u00ear\u00een"},"content":{"rendered":"<p style=\"text-align: left\"><strong>Azade \u015e\u00ear\u00een &#8211; Adil Omer Seyfd\u00een<\/strong><\/p>\n<p style=\"text-align: left\">Azad e \u015f\u00ear\u00een<br \/>\nher kes din\u00earin<\/p>\n<p style=\"text-align: left\">D\u00ea were virde<br \/>\nazade \u015f\u00ear\u00een<\/p>\n<p style=\"text-align: left\">\u00c7av westiyan<br \/>\nhing\u00ee l\u00b4 te dinn\u00earin<\/p>\n<p style=\"text-align: left\">Nazik delal\u00ea<br \/>\nn\u00fbrha \u015feml\u00ea<\/p>\n<p style=\"text-align: left\">Ruhn\u00ee li bal\u00ea<br \/>\ntra\u00ee dimal\u00ea<\/p>\n<p style=\"text-align: left\">Azad e rind \u00ee<br \/>\nderman\u00ea kurd \u00ee<\/p>\n<p style=\"text-align: left\">D\u00ea were virde<br \/>\nazade \u015f\u00ear\u00een<\/p>\n<p style=\"text-align: left\">\u00c7av westiyan<br \/>\nhing\u00ee l\u00b4 te din\u00ear\u00een<\/p>\n","protected":false},"excerpt":{"rendered":"<p style=\"text-align: center\"><strong>pirt\u00fbk: Azade \u015e\u00ear\u00een<br \/>\nNiv\u00eeskar: Adil Omer Seyfd\u00een<br \/>\nCure: Helbest<\/strong><\/p>\n","protected":false},"featured_media":13037,"template":"","meta":{"site-sidebar-layout":"default","site-content-layout":"","ast-site-content-layout":"default","site-content-style":"default","site-sidebar-style":"default","ast-global-header-display":"","ast-banner-title-visibility":"","ast-main-header-display":"","ast-hfb-above-header-display":"","ast-hfb-below-header-display":"","ast-hfb-mobile-header-display":"","site-post-title":"","ast-breadcrumbs-content":"","ast-featured-img":"","footer-sml-layout":"","ast-disable-related-posts":"","theme-transparent-header-meta":"default","adv-header-id-meta":"","stick-header-meta":"","header-above-stick-meta":"","header-main-stick-meta":"","header-below-stick-meta":"","astra-migrate-meta-layouts":"set","ast-page-background-enabled":"default","ast-page-background-meta":{"desktop":{"background-color":"","background-image":"","background-repeat":"repeat","background-position":"center center","background-size":"auto","background-attachment":"scroll","background-type":"","background-media":"","overlay-type":"","overlay-color":"","overlay-opacity":"","overlay-gradient":""},"tablet":{"background-color":"","background-image":"","background-repeat":"repeat","background-position":"center center","background-size":"auto","background-attachment":"scroll","background-type":"","background-media":"","overlay-type":"","overlay-color":"","overlay-opacity":"","overlay-gradient":""},"mobile":{"background-color":"","background-image":"","background-repeat":"repeat","background-position":"center center","background-size":"auto","background-attachment":"scroll","background-type":"","background-media":"","overlay-type":"","overlay-color":"","overlay-opacity":"","overlay-gradient":""}},"ast-content-background-meta":{"desktop":{"background-color":"var(--ast-global-color-5)","background-image":"","background-repeat":"repeat","background-position":"center center","background-size":"auto","background-attachment":"scroll","background-type":"","background-media":"","overlay-type":"","overlay-color":"","overlay-opacity":"","overlay-gradient":""},"tablet":{"background-color":"var(--ast-global-color-5)","background-image":"","background-repeat":"repeat","background-position":"center center","background-size":"auto","background-attachment":"scroll","background-type":"","background-media":"","overlay-type":"","overlay-color":"","overlay-opacity":"","overlay-gradient":""},"mobile":{"background-color":"var(--ast-global-color-5)","background-image":"","background-repeat":"repeat","background-position":"center center","background-size":"auto","background-attachment":"scroll","background-type":"","background-media":"","overlay-type":"","overlay-color":"","overlay-opacity":"","overlay-gradient":""}}},"product_brand":[],"product_cat":[184,193],"product_tag":[],"class_list":{"0":"post-13002","1":"product","2":"type-product","3":"status-publish","4":"has-post-thumbnail","6":"product_cat-_","7":"product_cat--_","8":"pa_-helbest","9":"pa_-adil-omer-seyfdin","10":"pa_-kurmanci","11":"pa_--322","12":"desktop-align-left","13":"tablet-align-left","14":"mobile-align-left","16":"first","17":"instock","18":"shipping-taxable","19":"purchasable","20":"product-type-simple"},"yoast_head":"<!-- This site is optimized with the Yoast SEO plugin v27.4 - https:\/\/yoast.com\/product\/yoast-seo-wordpress\/ -->\n<title>Azade \u015e\u00ear\u00een - Adil Omer Seyfd\u00een - www.shanabooks.de<\/title>\n<meta name=\"description\" content=\"Azade \u015e\u00ear\u00een - Adil Omer Seyfd\u00een Azad e \u015f\u00ear\u00een her kes din\u00earin D\u00ea were virde azade \u015f\u00ear\u00een \u00c7av westiyan hing\u00ee l\u00b4 te dinn\u00earin Nazik delal\u00ea n\u00fbrha \u015feml\u00ea Ruhn\u00ee l...\" \/>\n<meta name=\"robots\" content=\"index, follow, max-snippet:-1, max-image-preview:large, max-video-preview:-1\" \/>\n<link rel=\"canonical\" href=\"https:\/\/shanabooks.de\/product\/azade-serin-adil-omer-seyfdin\/\" \/>\n<meta property=\"og:locale\" content=\"de_DE\" \/>\n<meta property=\"og:type\" content=\"article\" \/>\n<meta property=\"og:title\" content=\"Azade \u015e\u00ear\u00een - Adil Omer Seyfd\u00een - www.shanabooks.de\" \/>\n<meta property=\"og:description\" content=\"Azade \u015e\u00ear\u00een - Adil Omer Seyfd\u00een Azad e \u015f\u00ear\u00een her kes din\u00earin D\u00ea were virde azade \u015f\u00ear\u00een \u00c7av westiyan hing\u00ee l\u00b4 te dinn\u00earin Nazik delal\u00ea n\u00fbrha \u015feml\u00ea Ruhn\u00ee l...\" \/>\n<meta property=\"og:url\" content=\"https:\/\/shanabooks.de\/product\/azade-serin-adil-omer-seyfdin\/\" \/>\n<meta property=\"og:site_name\" content=\"www.shanabooks.de\" \/>\n<meta property=\"article:modified_time\" content=\"2026-01-02T20:17:04+00:00\" \/>\n<meta property=\"og:image\" content=\"https:\/\/shanabooks.de\/wp-content\/uploads\/2024\/03\/Azade-Serin.png\" \/>\n\t<meta property=\"og:image:width\" content=\"294\" \/>\n\t<meta property=\"og:image:height\" content=\"472\" \/>\n\t<meta property=\"og:image:type\" content=\"image\/png\" \/>\n<meta name=\"twitter:card\" content=\"summary_large_image\" \/>\n<meta name=\"twitter:label1\" content=\"Gesch\u00e4tzte Lesezeit\" \/>\n\t<meta name=\"twitter:data1\" content=\"1\u00a0Minute\" \/>\n<script type=\"application\/ld+json\" class=\"yoast-schema-graph\">{\"@context\":\"https:\\\/\\\/schema.org\",\"@graph\":[{\"@type\":\"WebPage\",\"@id\":\"https:\\\/\\\/shanabooks.de\\\/product\\\/azade-serin-adil-omer-seyfdin\\\/\",\"url\":\"https:\\\/\\\/shanabooks.de\\\/product\\\/azade-serin-adil-omer-seyfdin\\\/\",\"name\":\"Azade \u015e\u00ear\u00een - Adil Omer Seyfd\u00een - www.shanabooks.de\",\"isPartOf\":{\"@id\":\"https:\\\/\\\/shanabooks.de\\\/#website\"},\"primaryImageOfPage\":{\"@id\":\"https:\\\/\\\/shanabooks.de\\\/product\\\/azade-serin-adil-omer-seyfdin\\\/#primaryimage\"},\"image\":{\"@id\":\"https:\\\/\\\/shanabooks.de\\\/product\\\/azade-serin-adil-omer-seyfdin\\\/#primaryimage\"},\"thumbnailUrl\":\"https:\\\/\\\/shanabooks.de\\\/wp-content\\\/uploads\\\/2024\\\/03\\\/Azade-Serin.png\",\"datePublished\":\"2024-03-03T19:48:37+00:00\",\"dateModified\":\"2026-01-02T20:17:04+00:00\",\"description\":\"Azade \u015e\u00ear\u00een - Adil Omer Seyfd\u00een Azad e \u015f\u00ear\u00een her kes din\u00earin D\u00ea were virde azade \u015f\u00ear\u00een \u00c7av westiyan hing\u00ee l\u00b4 te dinn\u00earin Nazik delal\u00ea n\u00fbrha \u015feml\u00ea Ruhn\u00ee l...\",\"breadcrumb\":{\"@id\":\"https:\\\/\\\/shanabooks.de\\\/product\\\/azade-serin-adil-omer-seyfdin\\\/#breadcrumb\"},\"inLanguage\":\"de\",\"potentialAction\":[{\"@type\":\"ReadAction\",\"target\":[\"https:\\\/\\\/shanabooks.de\\\/product\\\/azade-serin-adil-omer-seyfdin\\\/\"]}]},{\"@type\":\"ImageObject\",\"inLanguage\":\"de\",\"@id\":\"https:\\\/\\\/shanabooks.de\\\/product\\\/azade-serin-adil-omer-seyfdin\\\/#primaryimage\",\"url\":\"https:\\\/\\\/shanabooks.de\\\/wp-content\\\/uploads\\\/2024\\\/03\\\/Azade-Serin.png\",\"contentUrl\":\"https:\\\/\\\/shanabooks.de\\\/wp-content\\\/uploads\\\/2024\\\/03\\\/Azade-Serin.png\",\"width\":294,\"height\":472},{\"@type\":\"BreadcrumbList\",\"@id\":\"https:\\\/\\\/shanabooks.de\\\/product\\\/azade-serin-adil-omer-seyfdin\\\/#breadcrumb\",\"itemListElement\":[{\"@type\":\"ListItem\",\"position\":1,\"name\":\"\u0627\u0644\u0631\u0626\u064a\u0633\u064a\u0629\",\"item\":\"https:\\\/\\\/shanabooks.de\\\/de\\\/\"},{\"@type\":\"ListItem\",\"position\":2,\"name\":\"\u0627\u0644\u0645\u0646\u062a\u062c\u0627\u062a\",\"item\":\"https:\\\/\\\/shanabooks.de\\\/shop\\\/\"},{\"@type\":\"ListItem\",\"position\":3,\"name\":\"Azade \u015e\u00ear\u00een\"}]},{\"@type\":\"WebSite\",\"@id\":\"https:\\\/\\\/shanabooks.de\\\/#website\",\"url\":\"https:\\\/\\\/shanabooks.de\\\/\",\"name\":\"www.shanbooks.de\",\"description\":\"C\u00eehana Pirt\u00fbk\u00ean Kurd\u00ee \u0645\u0643\u062a\u0628\u0629 \u0634\u0627\u0646\u0627 \u0641\u064a \u0627\u0644\u0645\u0627\u0646\u064a\u0627 \u0648\u0623\u0648\u0631\u0628\u0627\",\"publisher\":{\"@id\":\"https:\\\/\\\/shanabooks.de\\\/#organization\"},\"potentialAction\":[{\"@type\":\"SearchAction\",\"target\":{\"@type\":\"EntryPoint\",\"urlTemplate\":\"https:\\\/\\\/shanabooks.de\\\/?s={search_term_string}\"},\"query-input\":{\"@type\":\"PropertyValueSpecification\",\"valueRequired\":true,\"valueName\":\"search_term_string\"}}],\"inLanguage\":\"de\"},{\"@type\":\"Organization\",\"@id\":\"https:\\\/\\\/shanabooks.de\\\/#organization\",\"name\":\"www.shanbooks.de\",\"url\":\"https:\\\/\\\/shanabooks.de\\\/\",\"logo\":{\"@type\":\"ImageObject\",\"inLanguage\":\"de\",\"@id\":\"https:\\\/\\\/shanabooks.de\\\/#\\\/schema\\\/logo\\\/image\\\/\",\"url\":\"https:\\\/\\\/shanabooks.de\\\/wp-content\\\/uploads\\\/2024\\\/03\\\/SHANABOOKS__2_-removebg-preview.png\",\"contentUrl\":\"https:\\\/\\\/shanabooks.de\\\/wp-content\\\/uploads\\\/2024\\\/03\\\/SHANABOOKS__2_-removebg-preview.png\",\"width\":700,\"height\":150,\"caption\":\"www.shanbooks.de\"},\"image\":{\"@id\":\"https:\\\/\\\/shanabooks.de\\\/#\\\/schema\\\/logo\\\/image\\\/\"}}]}<\/script>\n<!-- \/ Yoast SEO plugin. -->","yoast_head_json":{"title":"Azade \u015e\u00ear\u00een - Adil Omer Seyfd\u00een - www.shanabooks.de","description":"Azade \u015e\u00ear\u00een - Adil Omer Seyfd\u00een Azad e \u015f\u00ear\u00een her kes din\u00earin D\u00ea were virde azade \u015f\u00ear\u00een \u00c7av westiyan hing\u00ee l\u00b4 te dinn\u00earin Nazik delal\u00ea n\u00fbrha \u015feml\u00ea Ruhn\u00ee l...","robots":{"index":"index","follow":"follow","max-snippet":"max-snippet:-1","max-image-preview":"max-image-preview:large","max-video-preview":"max-video-preview:-1"},"canonical":"https:\/\/shanabooks.de\/product\/azade-serin-adil-omer-seyfdin\/","og_locale":"de_DE","og_type":"article","og_title":"Azade \u015e\u00ear\u00een - Adil Omer Seyfd\u00een - www.shanabooks.de","og_description":"Azade \u015e\u00ear\u00een - Adil Omer Seyfd\u00een Azad e \u015f\u00ear\u00een her kes din\u00earin D\u00ea were virde azade \u015f\u00ear\u00een \u00c7av westiyan hing\u00ee l\u00b4 te dinn\u00earin Nazik delal\u00ea n\u00fbrha \u015feml\u00ea Ruhn\u00ee l...","og_url":"https:\/\/shanabooks.de\/product\/azade-serin-adil-omer-seyfdin\/","og_site_name":"www.shanabooks.de","article_modified_time":"2026-01-02T20:17:04+00:00","og_image":[{"width":294,"height":472,"url":"https:\/\/shanabooks.de\/wp-content\/uploads\/2024\/03\/Azade-Serin.png","type":"image\/png"}],"twitter_card":"summary_large_image","twitter_misc":{"Gesch\u00e4tzte Lesezeit":"1\u00a0Minute"},"schema":{"@context":"https:\/\/schema.org","@graph":[{"@type":"WebPage","@id":"https:\/\/shanabooks.de\/product\/azade-serin-adil-omer-seyfdin\/","url":"https:\/\/shanabooks.de\/product\/azade-serin-adil-omer-seyfdin\/","name":"Azade \u015e\u00ear\u00een - Adil Omer Seyfd\u00een - www.shanabooks.de","isPartOf":{"@id":"https:\/\/shanabooks.de\/#website"},"primaryImageOfPage":{"@id":"https:\/\/shanabooks.de\/product\/azade-serin-adil-omer-seyfdin\/#primaryimage"},"image":{"@id":"https:\/\/shanabooks.de\/product\/azade-serin-adil-omer-seyfdin\/#primaryimage"},"thumbnailUrl":"https:\/\/shanabooks.de\/wp-content\/uploads\/2024\/03\/Azade-Serin.png","datePublished":"2024-03-03T19:48:37+00:00","dateModified":"2026-01-02T20:17:04+00:00","description":"Azade \u015e\u00ear\u00een - Adil Omer Seyfd\u00een Azad e \u015f\u00ear\u00een her kes din\u00earin D\u00ea were virde azade \u015f\u00ear\u00een \u00c7av westiyan hing\u00ee l\u00b4 te dinn\u00earin Nazik delal\u00ea n\u00fbrha \u015feml\u00ea Ruhn\u00ee l...","breadcrumb":{"@id":"https:\/\/shanabooks.de\/product\/azade-serin-adil-omer-seyfdin\/#breadcrumb"},"inLanguage":"de","potentialAction":[{"@type":"ReadAction","target":["https:\/\/shanabooks.de\/product\/azade-serin-adil-omer-seyfdin\/"]}]},{"@type":"ImageObject","inLanguage":"de","@id":"https:\/\/shanabooks.de\/product\/azade-serin-adil-omer-seyfdin\/#primaryimage","url":"https:\/\/shanabooks.de\/wp-content\/uploads\/2024\/03\/Azade-Serin.png","contentUrl":"https:\/\/shanabooks.de\/wp-content\/uploads\/2024\/03\/Azade-Serin.png","width":294,"height":472},{"@type":"BreadcrumbList","@id":"https:\/\/shanabooks.de\/product\/azade-serin-adil-omer-seyfdin\/#breadcrumb","itemListElement":[{"@type":"ListItem","position":1,"name":"\u0627\u0644\u0631\u0626\u064a\u0633\u064a\u0629","item":"https:\/\/shanabooks.de\/de\/"},{"@type":"ListItem","position":2,"name":"\u0627\u0644\u0645\u0646\u062a\u062c\u0627\u062a","item":"https:\/\/shanabooks.de\/shop\/"},{"@type":"ListItem","position":3,"name":"Azade \u015e\u00ear\u00een"}]},{"@type":"WebSite","@id":"https:\/\/shanabooks.de\/#website","url":"https:\/\/shanabooks.de\/","name":"www.shanbooks.de","description":"C\u00eehana Pirt\u00fbk\u00ean Kurd\u00ee \u0645\u0643\u062a\u0628\u0629 \u0634\u0627\u0646\u0627 \u0641\u064a \u0627\u0644\u0645\u0627\u0646\u064a\u0627 \u0648\u0623\u0648\u0631\u0628\u0627","publisher":{"@id":"https:\/\/shanabooks.de\/#organization"},"potentialAction":[{"@type":"SearchAction","target":{"@type":"EntryPoint","urlTemplate":"https:\/\/shanabooks.de\/?s={search_term_string}"},"query-input":{"@type":"PropertyValueSpecification","valueRequired":true,"valueName":"search_term_string"}}],"inLanguage":"de"},{"@type":"Organization","@id":"https:\/\/shanabooks.de\/#organization","name":"www.shanbooks.de","url":"https:\/\/shanabooks.de\/","logo":{"@type":"ImageObject","inLanguage":"de","@id":"https:\/\/shanabooks.de\/#\/schema\/logo\/image\/","url":"https:\/\/shanabooks.de\/wp-content\/uploads\/2024\/03\/SHANABOOKS__2_-removebg-preview.png","contentUrl":"https:\/\/shanabooks.de\/wp-content\/uploads\/2024\/03\/SHANABOOKS__2_-removebg-preview.png","width":700,"height":150,"caption":"www.shanbooks.de"},"image":{"@id":"https:\/\/shanabooks.de\/#\/schema\/logo\/image\/"}}]}},"jetpack_sharing_enabled":true,"_links":{"self":[{"href":"https:\/\/shanabooks.de\/de\/wp-json\/wp\/v2\/product\/13002","targetHints":{"allow":["GET"]}}],"collection":[{"href":"https:\/\/shanabooks.de\/de\/wp-json\/wp\/v2\/product"}],"about":[{"href":"https:\/\/shanabooks.de\/de\/wp-json\/wp\/v2\/types\/product"}],"version-history":[{"count":2,"href":"https:\/\/shanabooks.de\/de\/wp-json\/wp\/v2\/product\/13002\/revisions"}],"predecessor-version":[{"id":17542,"href":"https:\/\/shanabooks.de\/de\/wp-json\/wp\/v2\/product\/13002\/revisions\/17542"}],"wp:featuredmedia":[{"embeddable":true,"href":"https:\/\/shanabooks.de\/de\/wp-json\/wp\/v2\/media\/13037"}],"wp:attachment":[{"href":"https:\/\/shanabooks.de\/de\/wp-json\/wp\/v2\/media?parent=13002"}],"wp:term":[{"taxonomy":"product_brand","embeddable":true,"href":"https:\/\/shanabooks.de\/de\/wp-json\/wp\/v2\/product_brand?post=13002"},{"taxonomy":"product_cat","embeddable":true,"href":"https:\/\/shanabooks.de\/de\/wp-json\/wp\/v2\/product_cat?post=13002"},{"taxonomy":"product_tag","embeddable":true,"href":"https:\/\/shanabooks.de\/de\/wp-json\/wp\/v2\/product_tag?post=13002"}],"curies":[{"name":"wp","href":"https:\/\/api.w.org\/{rel}","templated":true}]}}