{"id":13004,"date":"2024-03-03T19:48:37","date_gmt":"2024-03-03T19:48:37","guid":{"rendered":"https:\/\/shanabooks.de\/?post_type=product&#038;p=13004"},"modified":"2026-01-02T20:18:00","modified_gmt":"2026-01-02T20:18:00","slug":"sivdera-sewate-mehmud-badili","status":"publish","type":"product","link":"https:\/\/shanabooks.de\/de\/product\/sivdera-sewate-mehmud-badili\/","title":{"rendered":"Sivdera \u015eewat\u00ea"},"content":{"rendered":"<p style=\"text-align: left\"><strong>Sivdera \u015eewat\u00ea &#8211; Mehm\u00fbd Badil\u00ee<\/strong><\/p>\n<p style=\"text-align: left\">pirt\u00fbka sivdera \u015eewat\u00ea ya niv\u00eeskar \u00fb helbestvan Mehm\u00fbd Badil\u00ee ji we\u015fan\u00ean Ar\u00ea derketiye.<\/p>\n<p style=\"text-align: left\">\u00a0 \u015eiyar bi xwendina helbesta xwe re hrrcar\u00ea bi xemg\u00een\u00ee li \u015eagul\u00ea diner\u00ee, h\u00easir jixweber ji \u00e7av\u00ean w\u00ee digindir\u00een, kesek\u00ee nizan\u00eeb\u00fb ne h\u00easir\u00ean hezkirin\u00ea ye, yan h\u00easir\u00ean xe\u00e7 \u00fb \u00ea\u015f\u00ea ye li ser zarok\u00ean s\u00eenem\u00ea, ten\u00ea \u015eagul\u00ea dizan\u00eeb\u00fb b\u00ea ji bo \u00e7i \u015eiyar digir\u00ee, ma ne ten\u00ea dil bi derd\u00ea dila zane, ten\u00ea dil bi deyax \u00fb liyana dila zane.<\/p>\n<p style=\"text-align: left\">Wisa \u015fevb\u00fbh\u00eark bi daw\u00ee b\u00fb, wisa gera \u015eiyar j\u00ee bi daw\u00ee b\u00fb, l\u00ea helbesta her\u00ee xwe\u015f ya ky li derketin\u00ea hate xwendin \u00fb diyar b\u00fb, helbesta ev\u00eena \u015eagul\u00ea \u00fb \u015eiyar b\u00fb dema bi dest\u00ea hev girtin \u00fb sir\u00fbda ev\u00eena b\u00eadaw\u00ee li d\u00eam\u00ean \u015fewat\u00ea we\u015fandin.<\/p>\n","protected":false},"excerpt":{"rendered":"<p style=\"text-align: center\"><strong>Niv\u00eeskar: Mehm\u00fbd Badil\u00ee<br \/>\nPirt\u00fbk: Sivdera \u015eewat\u00ea<br \/>\nCure: \u00c7\u00eerok\u00ean kurt<\/strong><\/p>\n","protected":false},"featured_media":13041,"template":"","meta":{"site-sidebar-layout":"default","site-content-layout":"","ast-site-content-layout":"default","site-content-style":"default","site-sidebar-style":"default","ast-global-header-display":"","ast-banner-title-visibility":"","ast-main-header-display":"","ast-hfb-above-header-display":"","ast-hfb-below-header-display":"","ast-hfb-mobile-header-display":"","site-post-title":"","ast-breadcrumbs-content":"","ast-featured-img":"","footer-sml-layout":"","ast-disable-related-posts":"","theme-transparent-header-meta":"default","adv-header-id-meta":"","stick-header-meta":"","header-above-stick-meta":"","header-main-stick-meta":"","header-below-stick-meta":"","astra-migrate-meta-layouts":"set","ast-page-background-enabled":"default","ast-page-background-meta":{"desktop":{"background-color":"","background-image":"","background-repeat":"repeat","background-position":"center center","background-size":"auto","background-attachment":"scroll","background-type":"","background-media":"","overlay-type":"","overlay-color":"","overlay-opacity":"","overlay-gradient":""},"tablet":{"background-color":"","background-image":"","background-repeat":"repeat","background-position":"center center","background-size":"auto","background-attachment":"scroll","background-type":"","background-media":"","overlay-type":"","overlay-color":"","overlay-opacity":"","overlay-gradient":""},"mobile":{"background-color":"","background-image":"","background-repeat":"repeat","background-position":"center center","background-size":"auto","background-attachment":"scroll","background-type":"","background-media":"","overlay-type":"","overlay-color":"","overlay-opacity":"","overlay-gradient":""}},"ast-content-background-meta":{"desktop":{"background-color":"var(--ast-global-color-5)","background-image":"","background-repeat":"repeat","background-position":"center center","background-size":"auto","background-attachment":"scroll","background-type":"","background-media":"","overlay-type":"","overlay-color":"","overlay-opacity":"","overlay-gradient":""},"tablet":{"background-color":"var(--ast-global-color-5)","background-image":"","background-repeat":"repeat","background-position":"center center","background-size":"auto","background-attachment":"scroll","background-type":"","background-media":"","overlay-type":"","overlay-color":"","overlay-opacity":"","overlay-gradient":""},"mobile":{"background-color":"var(--ast-global-color-5)","background-image":"","background-repeat":"repeat","background-position":"center center","background-size":"auto","background-attachment":"scroll","background-type":"","background-media":"","overlay-type":"","overlay-color":"","overlay-opacity":"","overlay-gradient":""}}},"product_brand":[],"product_cat":[183,193],"product_tag":[],"class_list":{"0":"post-13004","1":"product","2":"type-product","3":"status-publish","4":"has-post-thumbnail","6":"product_cat-_","7":"product_cat--_","8":"pa_-kurtecirok","9":"pa_-mehmud-badili","10":"pa_-kurmanci","11":"pa_--ar-yayinlari","12":"desktop-align-left","13":"tablet-align-left","14":"mobile-align-left","16":"first","17":"instock","18":"shipping-taxable","19":"purchasable","20":"product-type-simple"},"yoast_head":"<!-- This site is optimized with the Yoast SEO plugin v27.4 - https:\/\/yoast.com\/product\/yoast-seo-wordpress\/ -->\n<title>Sivdera \u015eewat\u00ea - Mehm\u00fbd Badil\u00ee - www.shanabooks.de<\/title>\n<meta name=\"description\" content=\"Sivdera \u015eewat\u00ea - Mehm\u00fbd Badil\u00ee\u00a0\u00a0\u015eiyar bi xwendina helbesta xwe re hrrcar\u00ea bi xemg\u00een\u00ee li \u015eagul\u00ea diner\u00ee, h\u00easir jixweber ji \u00e7av\u00ean w\u00ee digindir\u00een, kesek\u00ee nizan...\" \/>\n<meta name=\"robots\" content=\"index, follow, max-snippet:-1, max-image-preview:large, max-video-preview:-1\" \/>\n<link rel=\"canonical\" href=\"https:\/\/shanabooks.de\/product\/sivdera-sewate-mehmud-badili\/\" \/>\n<meta property=\"og:locale\" content=\"de_DE\" \/>\n<meta property=\"og:type\" content=\"article\" \/>\n<meta property=\"og:title\" content=\"Sivdera \u015eewat\u00ea - Mehm\u00fbd Badil\u00ee - www.shanabooks.de\" \/>\n<meta property=\"og:description\" content=\"Sivdera \u015eewat\u00ea - Mehm\u00fbd Badil\u00ee\u00a0\u00a0\u015eiyar bi xwendina helbesta xwe re hrrcar\u00ea bi xemg\u00een\u00ee li \u015eagul\u00ea diner\u00ee, h\u00easir jixweber ji \u00e7av\u00ean w\u00ee digindir\u00een, kesek\u00ee nizan...\" \/>\n<meta property=\"og:url\" content=\"https:\/\/shanabooks.de\/product\/sivdera-sewate-mehmud-badili\/\" \/>\n<meta property=\"og:site_name\" content=\"www.shanabooks.de\" \/>\n<meta property=\"article:modified_time\" content=\"2026-01-02T20:18:00+00:00\" \/>\n<meta property=\"og:image\" content=\"https:\/\/shanabooks.de\/wp-content\/uploads\/2024\/03\/sivdera-sewate-1.png\" \/>\n\t<meta property=\"og:image:width\" content=\"322\" \/>\n\t<meta property=\"og:image:height\" content=\"482\" \/>\n\t<meta property=\"og:image:type\" content=\"image\/png\" \/>\n<meta name=\"twitter:card\" content=\"summary_large_image\" \/>\n<meta name=\"twitter:label1\" content=\"Gesch\u00e4tzte Lesezeit\" \/>\n\t<meta name=\"twitter:data1\" content=\"1\u00a0Minute\" \/>\n<script type=\"application\/ld+json\" class=\"yoast-schema-graph\">{\"@context\":\"https:\\\/\\\/schema.org\",\"@graph\":[{\"@type\":\"WebPage\",\"@id\":\"https:\\\/\\\/shanabooks.de\\\/product\\\/sivdera-sewate-mehmud-badili\\\/\",\"url\":\"https:\\\/\\\/shanabooks.de\\\/product\\\/sivdera-sewate-mehmud-badili\\\/\",\"name\":\"Sivdera \u015eewat\u00ea - Mehm\u00fbd Badil\u00ee - www.shanabooks.de\",\"isPartOf\":{\"@id\":\"https:\\\/\\\/shanabooks.de\\\/#website\"},\"primaryImageOfPage\":{\"@id\":\"https:\\\/\\\/shanabooks.de\\\/product\\\/sivdera-sewate-mehmud-badili\\\/#primaryimage\"},\"image\":{\"@id\":\"https:\\\/\\\/shanabooks.de\\\/product\\\/sivdera-sewate-mehmud-badili\\\/#primaryimage\"},\"thumbnailUrl\":\"https:\\\/\\\/shanabooks.de\\\/wp-content\\\/uploads\\\/2024\\\/03\\\/sivdera-sewate-1.png\",\"datePublished\":\"2024-03-03T19:48:37+00:00\",\"dateModified\":\"2026-01-02T20:18:00+00:00\",\"description\":\"Sivdera \u015eewat\u00ea - Mehm\u00fbd Badil\u00ee\u00a0\u00a0\u015eiyar bi xwendina helbesta xwe re hrrcar\u00ea bi xemg\u00een\u00ee li \u015eagul\u00ea diner\u00ee, h\u00easir jixweber ji \u00e7av\u00ean w\u00ee digindir\u00een, kesek\u00ee nizan...\",\"breadcrumb\":{\"@id\":\"https:\\\/\\\/shanabooks.de\\\/product\\\/sivdera-sewate-mehmud-badili\\\/#breadcrumb\"},\"inLanguage\":\"de\",\"potentialAction\":[{\"@type\":\"ReadAction\",\"target\":[\"https:\\\/\\\/shanabooks.de\\\/product\\\/sivdera-sewate-mehmud-badili\\\/\"]}]},{\"@type\":\"ImageObject\",\"inLanguage\":\"de\",\"@id\":\"https:\\\/\\\/shanabooks.de\\\/product\\\/sivdera-sewate-mehmud-badili\\\/#primaryimage\",\"url\":\"https:\\\/\\\/shanabooks.de\\\/wp-content\\\/uploads\\\/2024\\\/03\\\/sivdera-sewate-1.png\",\"contentUrl\":\"https:\\\/\\\/shanabooks.de\\\/wp-content\\\/uploads\\\/2024\\\/03\\\/sivdera-sewate-1.png\",\"width\":322,\"height\":482,\"caption\":\"Sivdera \u015eewat\u00ea - Mehm\u00fbd Badil\u00ee -pirt\u00fbk\u00ean kurd\u00ee\"},{\"@type\":\"BreadcrumbList\",\"@id\":\"https:\\\/\\\/shanabooks.de\\\/product\\\/sivdera-sewate-mehmud-badili\\\/#breadcrumb\",\"itemListElement\":[{\"@type\":\"ListItem\",\"position\":1,\"name\":\"\u0627\u0644\u0631\u0626\u064a\u0633\u064a\u0629\",\"item\":\"https:\\\/\\\/shanabooks.de\\\/de\\\/\"},{\"@type\":\"ListItem\",\"position\":2,\"name\":\"\u0627\u0644\u0645\u0646\u062a\u062c\u0627\u062a\",\"item\":\"https:\\\/\\\/shanabooks.de\\\/shop\\\/\"},{\"@type\":\"ListItem\",\"position\":3,\"name\":\"Sivdera \u015eewat\u00ea\"}]},{\"@type\":\"WebSite\",\"@id\":\"https:\\\/\\\/shanabooks.de\\\/#website\",\"url\":\"https:\\\/\\\/shanabooks.de\\\/\",\"name\":\"www.shanbooks.de\",\"description\":\"C\u00eehana Pirt\u00fbk\u00ean Kurd\u00ee \u0645\u0643\u062a\u0628\u0629 \u0634\u0627\u0646\u0627 \u0641\u064a \u0627\u0644\u0645\u0627\u0646\u064a\u0627 \u0648\u0623\u0648\u0631\u0628\u0627\",\"publisher\":{\"@id\":\"https:\\\/\\\/shanabooks.de\\\/#organization\"},\"potentialAction\":[{\"@type\":\"SearchAction\",\"target\":{\"@type\":\"EntryPoint\",\"urlTemplate\":\"https:\\\/\\\/shanabooks.de\\\/?s={search_term_string}\"},\"query-input\":{\"@type\":\"PropertyValueSpecification\",\"valueRequired\":true,\"valueName\":\"search_term_string\"}}],\"inLanguage\":\"de\"},{\"@type\":\"Organization\",\"@id\":\"https:\\\/\\\/shanabooks.de\\\/#organization\",\"name\":\"www.shanbooks.de\",\"url\":\"https:\\\/\\\/shanabooks.de\\\/\",\"logo\":{\"@type\":\"ImageObject\",\"inLanguage\":\"de\",\"@id\":\"https:\\\/\\\/shanabooks.de\\\/#\\\/schema\\\/logo\\\/image\\\/\",\"url\":\"https:\\\/\\\/shanabooks.de\\\/wp-content\\\/uploads\\\/2024\\\/03\\\/SHANABOOKS__2_-removebg-preview.png\",\"contentUrl\":\"https:\\\/\\\/shanabooks.de\\\/wp-content\\\/uploads\\\/2024\\\/03\\\/SHANABOOKS__2_-removebg-preview.png\",\"width\":700,\"height\":150,\"caption\":\"www.shanbooks.de\"},\"image\":{\"@id\":\"https:\\\/\\\/shanabooks.de\\\/#\\\/schema\\\/logo\\\/image\\\/\"}}]}<\/script>\n<!-- \/ Yoast SEO plugin. -->","yoast_head_json":{"title":"Sivdera \u015eewat\u00ea - Mehm\u00fbd Badil\u00ee - www.shanabooks.de","description":"Sivdera \u015eewat\u00ea - Mehm\u00fbd Badil\u00ee\u00a0\u00a0\u015eiyar bi xwendina helbesta xwe re hrrcar\u00ea bi xemg\u00een\u00ee li \u015eagul\u00ea diner\u00ee, h\u00easir jixweber ji \u00e7av\u00ean w\u00ee digindir\u00een, kesek\u00ee nizan...","robots":{"index":"index","follow":"follow","max-snippet":"max-snippet:-1","max-image-preview":"max-image-preview:large","max-video-preview":"max-video-preview:-1"},"canonical":"https:\/\/shanabooks.de\/product\/sivdera-sewate-mehmud-badili\/","og_locale":"de_DE","og_type":"article","og_title":"Sivdera \u015eewat\u00ea - Mehm\u00fbd Badil\u00ee - www.shanabooks.de","og_description":"Sivdera \u015eewat\u00ea - Mehm\u00fbd Badil\u00ee\u00a0\u00a0\u015eiyar bi xwendina helbesta xwe re hrrcar\u00ea bi xemg\u00een\u00ee li \u015eagul\u00ea diner\u00ee, h\u00easir jixweber ji \u00e7av\u00ean w\u00ee digindir\u00een, kesek\u00ee nizan...","og_url":"https:\/\/shanabooks.de\/product\/sivdera-sewate-mehmud-badili\/","og_site_name":"www.shanabooks.de","article_modified_time":"2026-01-02T20:18:00+00:00","og_image":[{"width":322,"height":482,"url":"https:\/\/shanabooks.de\/wp-content\/uploads\/2024\/03\/sivdera-sewate-1.png","type":"image\/png"}],"twitter_card":"summary_large_image","twitter_misc":{"Gesch\u00e4tzte Lesezeit":"1\u00a0Minute"},"schema":{"@context":"https:\/\/schema.org","@graph":[{"@type":"WebPage","@id":"https:\/\/shanabooks.de\/product\/sivdera-sewate-mehmud-badili\/","url":"https:\/\/shanabooks.de\/product\/sivdera-sewate-mehmud-badili\/","name":"Sivdera \u015eewat\u00ea - Mehm\u00fbd Badil\u00ee - www.shanabooks.de","isPartOf":{"@id":"https:\/\/shanabooks.de\/#website"},"primaryImageOfPage":{"@id":"https:\/\/shanabooks.de\/product\/sivdera-sewate-mehmud-badili\/#primaryimage"},"image":{"@id":"https:\/\/shanabooks.de\/product\/sivdera-sewate-mehmud-badili\/#primaryimage"},"thumbnailUrl":"https:\/\/shanabooks.de\/wp-content\/uploads\/2024\/03\/sivdera-sewate-1.png","datePublished":"2024-03-03T19:48:37+00:00","dateModified":"2026-01-02T20:18:00+00:00","description":"Sivdera \u015eewat\u00ea - Mehm\u00fbd Badil\u00ee\u00a0\u00a0\u015eiyar bi xwendina helbesta xwe re hrrcar\u00ea bi xemg\u00een\u00ee li \u015eagul\u00ea diner\u00ee, h\u00easir jixweber ji \u00e7av\u00ean w\u00ee digindir\u00een, kesek\u00ee nizan...","breadcrumb":{"@id":"https:\/\/shanabooks.de\/product\/sivdera-sewate-mehmud-badili\/#breadcrumb"},"inLanguage":"de","potentialAction":[{"@type":"ReadAction","target":["https:\/\/shanabooks.de\/product\/sivdera-sewate-mehmud-badili\/"]}]},{"@type":"ImageObject","inLanguage":"de","@id":"https:\/\/shanabooks.de\/product\/sivdera-sewate-mehmud-badili\/#primaryimage","url":"https:\/\/shanabooks.de\/wp-content\/uploads\/2024\/03\/sivdera-sewate-1.png","contentUrl":"https:\/\/shanabooks.de\/wp-content\/uploads\/2024\/03\/sivdera-sewate-1.png","width":322,"height":482,"caption":"Sivdera \u015eewat\u00ea - Mehm\u00fbd Badil\u00ee -pirt\u00fbk\u00ean kurd\u00ee"},{"@type":"BreadcrumbList","@id":"https:\/\/shanabooks.de\/product\/sivdera-sewate-mehmud-badili\/#breadcrumb","itemListElement":[{"@type":"ListItem","position":1,"name":"\u0627\u0644\u0631\u0626\u064a\u0633\u064a\u0629","item":"https:\/\/shanabooks.de\/de\/"},{"@type":"ListItem","position":2,"name":"\u0627\u0644\u0645\u0646\u062a\u062c\u0627\u062a","item":"https:\/\/shanabooks.de\/shop\/"},{"@type":"ListItem","position":3,"name":"Sivdera \u015eewat\u00ea"}]},{"@type":"WebSite","@id":"https:\/\/shanabooks.de\/#website","url":"https:\/\/shanabooks.de\/","name":"www.shanbooks.de","description":"C\u00eehana Pirt\u00fbk\u00ean Kurd\u00ee \u0645\u0643\u062a\u0628\u0629 \u0634\u0627\u0646\u0627 \u0641\u064a \u0627\u0644\u0645\u0627\u0646\u064a\u0627 \u0648\u0623\u0648\u0631\u0628\u0627","publisher":{"@id":"https:\/\/shanabooks.de\/#organization"},"potentialAction":[{"@type":"SearchAction","target":{"@type":"EntryPoint","urlTemplate":"https:\/\/shanabooks.de\/?s={search_term_string}"},"query-input":{"@type":"PropertyValueSpecification","valueRequired":true,"valueName":"search_term_string"}}],"inLanguage":"de"},{"@type":"Organization","@id":"https:\/\/shanabooks.de\/#organization","name":"www.shanbooks.de","url":"https:\/\/shanabooks.de\/","logo":{"@type":"ImageObject","inLanguage":"de","@id":"https:\/\/shanabooks.de\/#\/schema\/logo\/image\/","url":"https:\/\/shanabooks.de\/wp-content\/uploads\/2024\/03\/SHANABOOKS__2_-removebg-preview.png","contentUrl":"https:\/\/shanabooks.de\/wp-content\/uploads\/2024\/03\/SHANABOOKS__2_-removebg-preview.png","width":700,"height":150,"caption":"www.shanbooks.de"},"image":{"@id":"https:\/\/shanabooks.de\/#\/schema\/logo\/image\/"}}]}},"jetpack_sharing_enabled":true,"_links":{"self":[{"href":"https:\/\/shanabooks.de\/de\/wp-json\/wp\/v2\/product\/13004","targetHints":{"allow":["GET"]}}],"collection":[{"href":"https:\/\/shanabooks.de\/de\/wp-json\/wp\/v2\/product"}],"about":[{"href":"https:\/\/shanabooks.de\/de\/wp-json\/wp\/v2\/types\/product"}],"version-history":[{"count":3,"href":"https:\/\/shanabooks.de\/de\/wp-json\/wp\/v2\/product\/13004\/revisions"}],"predecessor-version":[{"id":17453,"href":"https:\/\/shanabooks.de\/de\/wp-json\/wp\/v2\/product\/13004\/revisions\/17453"}],"wp:featuredmedia":[{"embeddable":true,"href":"https:\/\/shanabooks.de\/de\/wp-json\/wp\/v2\/media\/13041"}],"wp:attachment":[{"href":"https:\/\/shanabooks.de\/de\/wp-json\/wp\/v2\/media?parent=13004"}],"wp:term":[{"taxonomy":"product_brand","embeddable":true,"href":"https:\/\/shanabooks.de\/de\/wp-json\/wp\/v2\/product_brand?post=13004"},{"taxonomy":"product_cat","embeddable":true,"href":"https:\/\/shanabooks.de\/de\/wp-json\/wp\/v2\/product_cat?post=13004"},{"taxonomy":"product_tag","embeddable":true,"href":"https:\/\/shanabooks.de\/de\/wp-json\/wp\/v2\/product_tag?post=13004"}],"curies":[{"name":"wp","href":"https:\/\/api.w.org\/{rel}","templated":true}]}}