{"id":13006,"date":"2024-03-03T19:48:37","date_gmt":"2024-03-03T19:48:37","guid":{"rendered":"https:\/\/shanabooks.de\/?post_type=product&#038;p=13006"},"modified":"2024-03-10T20:46:13","modified_gmt":"2024-03-10T20:46:13","slug":"lehenge-dil-newaf-miro","status":"publish","type":"product","link":"https:\/\/shanabooks.de\/de\/product\/lehenge-dil-newaf-miro\/","title":{"rendered":"Leheng\u00ea D\u00eel"},"content":{"rendered":"<p style=\"text-align: left\"><strong>Leheng\u00ea D\u00eel &#8211; Newaf M\u00eero<\/strong><\/p>\n<p style=\"text-align: left\">J\u00eeyana mirov bi xwe l\u00eager\u00een e. Helbet mirov ber\u00ea wek\u00ee zarok di zik\u00ea d\u00eaya xwe de, pa\u015f\u00ea di nava derg\u00fb\u015f \u00fb mala xwe de, pa\u015f\u00ea di hew\u015f, gund, tax an bajar\u00ea xwe de \u00fb pa\u015f\u00ea nav s\u00eenor \u00fb pi\u015ft s\u00eenor\u00ean dewlet, ol, t\u00eagih \u00fb \u00e7anda xwe de li xwe digere. Mirov bi hezkirin, \u00e7ewt\u00ee \u00fb rast\u00eey\u00ean xwe encamek e. A ku Leheng\u00ean D\u00eel l\u00ea digerin bi xwe di dinyaya mezin \u00fb gewrik de \u00fb di hundir\u00ea xwe de lixweger\u00een e. Leheng \u00e7i ye \u00fb k\u00ee ye? Ma nabe qey mirov bi \u00e7av \u00fb t\u00eagiheke din li xwe bin\u00eare.<\/p>\n<p style=\"text-align: left\">Pirt\u00fbka Leheng\u00ea D\u00eel ya Newaf M\u00eero ji we\u015fan\u00ean L\u00ees\u00ea derketiye.<\/p>\n","protected":false},"excerpt":{"rendered":"<p style=\"text-align: center\"><strong>Niv\u00eeskar: Newaf M\u00eero<br \/>\nPirt\u00fbk: Leheng\u00ea D\u00eel<br \/>\n<\/strong><strong>Cure: Roman<\/strong><\/p>\n","protected":false},"featured_media":13044,"template":"","meta":{"site-sidebar-layout":"default","site-content-layout":"","ast-site-content-layout":"default","site-content-style":"default","site-sidebar-style":"default","ast-global-header-display":"","ast-banner-title-visibility":"","ast-main-header-display":"","ast-hfb-above-header-display":"","ast-hfb-below-header-display":"","ast-hfb-mobile-header-display":"","site-post-title":"","ast-breadcrumbs-content":"","ast-featured-img":"","footer-sml-layout":"","ast-disable-related-posts":"","theme-transparent-header-meta":"default","adv-header-id-meta":"","stick-header-meta":"","header-above-stick-meta":"","header-main-stick-meta":"","header-below-stick-meta":"","astra-migrate-meta-layouts":"set","ast-page-background-enabled":"default","ast-page-background-meta":{"desktop":{"background-color":"","background-image":"","background-repeat":"repeat","background-position":"center center","background-size":"auto","background-attachment":"scroll","background-type":"","background-media":"","overlay-type":"","overlay-color":"","overlay-opacity":"","overlay-gradient":""},"tablet":{"background-color":"","background-image":"","background-repeat":"repeat","background-position":"center center","background-size":"auto","background-attachment":"scroll","background-type":"","background-media":"","overlay-type":"","overlay-color":"","overlay-opacity":"","overlay-gradient":""},"mobile":{"background-color":"","background-image":"","background-repeat":"repeat","background-position":"center center","background-size":"auto","background-attachment":"scroll","background-type":"","background-media":"","overlay-type":"","overlay-color":"","overlay-opacity":"","overlay-gradient":""}},"ast-content-background-meta":{"desktop":{"background-color":"var(--ast-global-color-5)","background-image":"","background-repeat":"repeat","background-position":"center center","background-size":"auto","background-attachment":"scroll","background-type":"","background-media":"","overlay-type":"","overlay-color":"","overlay-opacity":"","overlay-gradient":""},"tablet":{"background-color":"var(--ast-global-color-5)","background-image":"","background-repeat":"repeat","background-position":"center center","background-size":"auto","background-attachment":"scroll","background-type":"","background-media":"","overlay-type":"","overlay-color":"","overlay-opacity":"","overlay-gradient":""},"mobile":{"background-color":"var(--ast-global-color-5)","background-image":"","background-repeat":"repeat","background-position":"center center","background-size":"auto","background-attachment":"scroll","background-type":"","background-media":"","overlay-type":"","overlay-color":"","overlay-opacity":"","overlay-gradient":""}}},"product_brand":[],"product_cat":[182,193],"product_tag":[],"class_list":{"0":"post-13006","1":"product","2":"type-product","3":"status-publish","4":"has-post-thumbnail","6":"product_cat-_","7":"product_cat--_","8":"pa_-roman","9":"pa_-newaf-miro","10":"pa_-kurmanci","11":"pa_--lis-yayinevi","12":"desktop-align-left","13":"tablet-align-left","14":"mobile-align-left","16":"first","17":"instock","18":"shipping-taxable","19":"purchasable","20":"product-type-simple"},"yoast_head":"<!-- This site is optimized with the Yoast SEO plugin v27.4 - https:\/\/yoast.com\/product\/yoast-seo-wordpress\/ -->\n<title>Leheng\u00ea D\u00eel - Newaf M\u00eero - www.shanabooks.de<\/title>\n<meta name=\"description\" content=\"Leheng\u00ea D\u00eel - Newaf M\u00eero J\u00eeyana mirov bi xwe l\u00eager\u00een e. Helbet mirov ber\u00ea wek\u00ee zarok di zik\u00ea d\u00eaya xwe de, pa\u015f\u00ea di nava derg\u00fb\u015f \u00fb mala xwe de, pa\u015f\u00ea di hew\u015f...\" \/>\n<meta name=\"robots\" content=\"index, follow, max-snippet:-1, max-image-preview:large, max-video-preview:-1\" \/>\n<link rel=\"canonical\" href=\"https:\/\/shanabooks.de\/product\/lehenge-dil-newaf-miro\/\" \/>\n<meta property=\"og:locale\" content=\"de_DE\" \/>\n<meta property=\"og:type\" content=\"article\" \/>\n<meta property=\"og:title\" content=\"Leheng\u00ea D\u00eel - Newaf M\u00eero - www.shanabooks.de\" \/>\n<meta property=\"og:description\" content=\"Leheng\u00ea D\u00eel - Newaf M\u00eero J\u00eeyana mirov bi xwe l\u00eager\u00een e. Helbet mirov ber\u00ea wek\u00ee zarok di zik\u00ea d\u00eaya xwe de, pa\u015f\u00ea di nava derg\u00fb\u015f \u00fb mala xwe de, pa\u015f\u00ea di hew\u015f...\" \/>\n<meta property=\"og:url\" content=\"https:\/\/shanabooks.de\/product\/lehenge-dil-newaf-miro\/\" \/>\n<meta property=\"og:site_name\" content=\"www.shanabooks.de\" \/>\n<meta property=\"article:modified_time\" content=\"2024-03-10T20:46:13+00:00\" \/>\n<meta property=\"og:image\" content=\"https:\/\/shanabooks.de\/wp-content\/uploads\/2024\/03\/lehenge-dil-lis-1.png\" \/>\n\t<meta property=\"og:image:width\" content=\"471\" \/>\n\t<meta property=\"og:image:height\" content=\"711\" \/>\n\t<meta property=\"og:image:type\" content=\"image\/png\" \/>\n<meta name=\"twitter:card\" content=\"summary_large_image\" \/>\n<meta name=\"twitter:label1\" content=\"Gesch\u00e4tzte Lesezeit\" \/>\n\t<meta name=\"twitter:data1\" content=\"2\u00a0Minuten\" \/>\n<script type=\"application\/ld+json\" class=\"yoast-schema-graph\">{\"@context\":\"https:\\\/\\\/schema.org\",\"@graph\":[{\"@type\":\"WebPage\",\"@id\":\"https:\\\/\\\/shanabooks.de\\\/product\\\/lehenge-dil-newaf-miro\\\/\",\"url\":\"https:\\\/\\\/shanabooks.de\\\/product\\\/lehenge-dil-newaf-miro\\\/\",\"name\":\"Leheng\u00ea D\u00eel - Newaf M\u00eero - www.shanabooks.de\",\"isPartOf\":{\"@id\":\"https:\\\/\\\/shanabooks.de\\\/#website\"},\"primaryImageOfPage\":{\"@id\":\"https:\\\/\\\/shanabooks.de\\\/product\\\/lehenge-dil-newaf-miro\\\/#primaryimage\"},\"image\":{\"@id\":\"https:\\\/\\\/shanabooks.de\\\/product\\\/lehenge-dil-newaf-miro\\\/#primaryimage\"},\"thumbnailUrl\":\"https:\\\/\\\/shanabooks.de\\\/wp-content\\\/uploads\\\/2024\\\/03\\\/lehenge-dil-lis-1.png\",\"datePublished\":\"2024-03-03T19:48:37+00:00\",\"dateModified\":\"2024-03-10T20:46:13+00:00\",\"description\":\"Leheng\u00ea D\u00eel - Newaf M\u00eero J\u00eeyana mirov bi xwe l\u00eager\u00een e. Helbet mirov ber\u00ea wek\u00ee zarok di zik\u00ea d\u00eaya xwe de, pa\u015f\u00ea di nava derg\u00fb\u015f \u00fb mala xwe de, pa\u015f\u00ea di hew\u015f...\",\"breadcrumb\":{\"@id\":\"https:\\\/\\\/shanabooks.de\\\/product\\\/lehenge-dil-newaf-miro\\\/#breadcrumb\"},\"inLanguage\":\"de\",\"potentialAction\":[{\"@type\":\"ReadAction\",\"target\":[\"https:\\\/\\\/shanabooks.de\\\/product\\\/lehenge-dil-newaf-miro\\\/\"]}]},{\"@type\":\"ImageObject\",\"inLanguage\":\"de\",\"@id\":\"https:\\\/\\\/shanabooks.de\\\/product\\\/lehenge-dil-newaf-miro\\\/#primaryimage\",\"url\":\"https:\\\/\\\/shanabooks.de\\\/wp-content\\\/uploads\\\/2024\\\/03\\\/lehenge-dil-lis-1.png\",\"contentUrl\":\"https:\\\/\\\/shanabooks.de\\\/wp-content\\\/uploads\\\/2024\\\/03\\\/lehenge-dil-lis-1.png\",\"width\":471,\"height\":711,\"caption\":\"Leheng\u00ea D\u00eel - Newaf M\u00eero - pirt\u00fbk\u00ean kurd\u00ee\"},{\"@type\":\"BreadcrumbList\",\"@id\":\"https:\\\/\\\/shanabooks.de\\\/product\\\/lehenge-dil-newaf-miro\\\/#breadcrumb\",\"itemListElement\":[{\"@type\":\"ListItem\",\"position\":1,\"name\":\"\u0627\u0644\u0631\u0626\u064a\u0633\u064a\u0629\",\"item\":\"https:\\\/\\\/shanabooks.de\\\/de\\\/\"},{\"@type\":\"ListItem\",\"position\":2,\"name\":\"\u0627\u0644\u0645\u0646\u062a\u062c\u0627\u062a\",\"item\":\"https:\\\/\\\/shanabooks.de\\\/shop\\\/\"},{\"@type\":\"ListItem\",\"position\":3,\"name\":\"Leheng\u00ea D\u00eel\"}]},{\"@type\":\"WebSite\",\"@id\":\"https:\\\/\\\/shanabooks.de\\\/#website\",\"url\":\"https:\\\/\\\/shanabooks.de\\\/\",\"name\":\"www.shanbooks.de\",\"description\":\"C\u00eehana Pirt\u00fbk\u00ean Kurd\u00ee \u0645\u0643\u062a\u0628\u0629 \u0634\u0627\u0646\u0627 \u0641\u064a \u0627\u0644\u0645\u0627\u0646\u064a\u0627 \u0648\u0623\u0648\u0631\u0628\u0627\",\"publisher\":{\"@id\":\"https:\\\/\\\/shanabooks.de\\\/#organization\"},\"potentialAction\":[{\"@type\":\"SearchAction\",\"target\":{\"@type\":\"EntryPoint\",\"urlTemplate\":\"https:\\\/\\\/shanabooks.de\\\/?s={search_term_string}\"},\"query-input\":{\"@type\":\"PropertyValueSpecification\",\"valueRequired\":true,\"valueName\":\"search_term_string\"}}],\"inLanguage\":\"de\"},{\"@type\":\"Organization\",\"@id\":\"https:\\\/\\\/shanabooks.de\\\/#organization\",\"name\":\"www.shanbooks.de\",\"url\":\"https:\\\/\\\/shanabooks.de\\\/\",\"logo\":{\"@type\":\"ImageObject\",\"inLanguage\":\"de\",\"@id\":\"https:\\\/\\\/shanabooks.de\\\/#\\\/schema\\\/logo\\\/image\\\/\",\"url\":\"https:\\\/\\\/shanabooks.de\\\/wp-content\\\/uploads\\\/2024\\\/03\\\/SHANABOOKS__2_-removebg-preview.png\",\"contentUrl\":\"https:\\\/\\\/shanabooks.de\\\/wp-content\\\/uploads\\\/2024\\\/03\\\/SHANABOOKS__2_-removebg-preview.png\",\"width\":700,\"height\":150,\"caption\":\"www.shanbooks.de\"},\"image\":{\"@id\":\"https:\\\/\\\/shanabooks.de\\\/#\\\/schema\\\/logo\\\/image\\\/\"}}]}<\/script>\n<!-- \/ Yoast SEO plugin. -->","yoast_head_json":{"title":"Leheng\u00ea D\u00eel - Newaf M\u00eero - www.shanabooks.de","description":"Leheng\u00ea D\u00eel - Newaf M\u00eero J\u00eeyana mirov bi xwe l\u00eager\u00een e. Helbet mirov ber\u00ea wek\u00ee zarok di zik\u00ea d\u00eaya xwe de, pa\u015f\u00ea di nava derg\u00fb\u015f \u00fb mala xwe de, pa\u015f\u00ea di hew\u015f...","robots":{"index":"index","follow":"follow","max-snippet":"max-snippet:-1","max-image-preview":"max-image-preview:large","max-video-preview":"max-video-preview:-1"},"canonical":"https:\/\/shanabooks.de\/product\/lehenge-dil-newaf-miro\/","og_locale":"de_DE","og_type":"article","og_title":"Leheng\u00ea D\u00eel - Newaf M\u00eero - www.shanabooks.de","og_description":"Leheng\u00ea D\u00eel - Newaf M\u00eero J\u00eeyana mirov bi xwe l\u00eager\u00een e. Helbet mirov ber\u00ea wek\u00ee zarok di zik\u00ea d\u00eaya xwe de, pa\u015f\u00ea di nava derg\u00fb\u015f \u00fb mala xwe de, pa\u015f\u00ea di hew\u015f...","og_url":"https:\/\/shanabooks.de\/product\/lehenge-dil-newaf-miro\/","og_site_name":"www.shanabooks.de","article_modified_time":"2024-03-10T20:46:13+00:00","og_image":[{"width":471,"height":711,"url":"https:\/\/shanabooks.de\/wp-content\/uploads\/2024\/03\/lehenge-dil-lis-1.png","type":"image\/png"}],"twitter_card":"summary_large_image","twitter_misc":{"Gesch\u00e4tzte Lesezeit":"2\u00a0Minuten"},"schema":{"@context":"https:\/\/schema.org","@graph":[{"@type":"WebPage","@id":"https:\/\/shanabooks.de\/product\/lehenge-dil-newaf-miro\/","url":"https:\/\/shanabooks.de\/product\/lehenge-dil-newaf-miro\/","name":"Leheng\u00ea D\u00eel - Newaf M\u00eero - www.shanabooks.de","isPartOf":{"@id":"https:\/\/shanabooks.de\/#website"},"primaryImageOfPage":{"@id":"https:\/\/shanabooks.de\/product\/lehenge-dil-newaf-miro\/#primaryimage"},"image":{"@id":"https:\/\/shanabooks.de\/product\/lehenge-dil-newaf-miro\/#primaryimage"},"thumbnailUrl":"https:\/\/shanabooks.de\/wp-content\/uploads\/2024\/03\/lehenge-dil-lis-1.png","datePublished":"2024-03-03T19:48:37+00:00","dateModified":"2024-03-10T20:46:13+00:00","description":"Leheng\u00ea D\u00eel - Newaf M\u00eero J\u00eeyana mirov bi xwe l\u00eager\u00een e. Helbet mirov ber\u00ea wek\u00ee zarok di zik\u00ea d\u00eaya xwe de, pa\u015f\u00ea di nava derg\u00fb\u015f \u00fb mala xwe de, pa\u015f\u00ea di hew\u015f...","breadcrumb":{"@id":"https:\/\/shanabooks.de\/product\/lehenge-dil-newaf-miro\/#breadcrumb"},"inLanguage":"de","potentialAction":[{"@type":"ReadAction","target":["https:\/\/shanabooks.de\/product\/lehenge-dil-newaf-miro\/"]}]},{"@type":"ImageObject","inLanguage":"de","@id":"https:\/\/shanabooks.de\/product\/lehenge-dil-newaf-miro\/#primaryimage","url":"https:\/\/shanabooks.de\/wp-content\/uploads\/2024\/03\/lehenge-dil-lis-1.png","contentUrl":"https:\/\/shanabooks.de\/wp-content\/uploads\/2024\/03\/lehenge-dil-lis-1.png","width":471,"height":711,"caption":"Leheng\u00ea D\u00eel - Newaf M\u00eero - pirt\u00fbk\u00ean kurd\u00ee"},{"@type":"BreadcrumbList","@id":"https:\/\/shanabooks.de\/product\/lehenge-dil-newaf-miro\/#breadcrumb","itemListElement":[{"@type":"ListItem","position":1,"name":"\u0627\u0644\u0631\u0626\u064a\u0633\u064a\u0629","item":"https:\/\/shanabooks.de\/de\/"},{"@type":"ListItem","position":2,"name":"\u0627\u0644\u0645\u0646\u062a\u062c\u0627\u062a","item":"https:\/\/shanabooks.de\/shop\/"},{"@type":"ListItem","position":3,"name":"Leheng\u00ea D\u00eel"}]},{"@type":"WebSite","@id":"https:\/\/shanabooks.de\/#website","url":"https:\/\/shanabooks.de\/","name":"www.shanbooks.de","description":"C\u00eehana Pirt\u00fbk\u00ean Kurd\u00ee \u0645\u0643\u062a\u0628\u0629 \u0634\u0627\u0646\u0627 \u0641\u064a \u0627\u0644\u0645\u0627\u0646\u064a\u0627 \u0648\u0623\u0648\u0631\u0628\u0627","publisher":{"@id":"https:\/\/shanabooks.de\/#organization"},"potentialAction":[{"@type":"SearchAction","target":{"@type":"EntryPoint","urlTemplate":"https:\/\/shanabooks.de\/?s={search_term_string}"},"query-input":{"@type":"PropertyValueSpecification","valueRequired":true,"valueName":"search_term_string"}}],"inLanguage":"de"},{"@type":"Organization","@id":"https:\/\/shanabooks.de\/#organization","name":"www.shanbooks.de","url":"https:\/\/shanabooks.de\/","logo":{"@type":"ImageObject","inLanguage":"de","@id":"https:\/\/shanabooks.de\/#\/schema\/logo\/image\/","url":"https:\/\/shanabooks.de\/wp-content\/uploads\/2024\/03\/SHANABOOKS__2_-removebg-preview.png","contentUrl":"https:\/\/shanabooks.de\/wp-content\/uploads\/2024\/03\/SHANABOOKS__2_-removebg-preview.png","width":700,"height":150,"caption":"www.shanbooks.de"},"image":{"@id":"https:\/\/shanabooks.de\/#\/schema\/logo\/image\/"}}]}},"jetpack_sharing_enabled":true,"_links":{"self":[{"href":"https:\/\/shanabooks.de\/de\/wp-json\/wp\/v2\/product\/13006","targetHints":{"allow":["GET"]}}],"collection":[{"href":"https:\/\/shanabooks.de\/de\/wp-json\/wp\/v2\/product"}],"about":[{"href":"https:\/\/shanabooks.de\/de\/wp-json\/wp\/v2\/types\/product"}],"version-history":[{"count":3,"href":"https:\/\/shanabooks.de\/de\/wp-json\/wp\/v2\/product\/13006\/revisions"}],"predecessor-version":[{"id":17442,"href":"https:\/\/shanabooks.de\/de\/wp-json\/wp\/v2\/product\/13006\/revisions\/17442"}],"wp:featuredmedia":[{"embeddable":true,"href":"https:\/\/shanabooks.de\/de\/wp-json\/wp\/v2\/media\/13044"}],"wp:attachment":[{"href":"https:\/\/shanabooks.de\/de\/wp-json\/wp\/v2\/media?parent=13006"}],"wp:term":[{"taxonomy":"product_brand","embeddable":true,"href":"https:\/\/shanabooks.de\/de\/wp-json\/wp\/v2\/product_brand?post=13006"},{"taxonomy":"product_cat","embeddable":true,"href":"https:\/\/shanabooks.de\/de\/wp-json\/wp\/v2\/product_cat?post=13006"},{"taxonomy":"product_tag","embeddable":true,"href":"https:\/\/shanabooks.de\/de\/wp-json\/wp\/v2\/product_tag?post=13006"}],"curies":[{"name":"wp","href":"https:\/\/api.w.org\/{rel}","templated":true}]}}