{"id":13008,"date":"2024-03-03T19:48:38","date_gmt":"2024-03-03T19:48:38","guid":{"rendered":"https:\/\/shanabooks.de\/?post_type=product&#038;p=13008"},"modified":"2024-03-10T20:23:34","modified_gmt":"2024-03-10T20:23:34","slug":"lehenge-tazi-kelese-res-newaf-miro","status":"publish","type":"product","link":"https:\/\/shanabooks.de\/de\/product\/lehenge-tazi-kelese-res-newaf-miro\/","title":{"rendered":"Leheng\u00ea Taz\u00ee &#8211; Kele\u015f\u00ea Re\u015f"},"content":{"rendered":"<p style=\"text-align: left\"><strong>Leheng\u00ea Taz\u00ee &#8211; Kele\u015f\u00ea Re\u015f &#8211; Newaf M\u00eero<\/strong><\/p>\n<ul>\n<li style=\"text-align: left\">&#8222;Xat\u00fbna jineb\u00ee \u00fb Kele\u015f\u00ea s\u00eaw\u00ee li welat\u00ea ku roj bi roj ji d\u00eerok \u00fb \u00e7anda xwe ve d\u00fbr diket. Li \u015f\u00fbnwar \u00fb keleporiya \u015faristaniyan, bi \u00e7anda le\u015fker\u00ee \u00fb zor\u00ea, ya ji bo wan n\u00fb, ku ji aliy\u00ea beyaniyan ve li war \u00fb welat\u00ea \u015faristaniyan dihate misogerkirin. Ew \u00e7anda ji bo wan beyan\u00ee \u00fb xer\u00eeb, ya bi xwe re, nakok\u00ee \u00fb dijwar\u00ee di jiyan\u00ea da diafirandin. Ew pergala ku bi guhertina ol\u00ee re, bira bi dest\u00ea bira didane ku\u015ftin. Her weha mirov\u00ean ku ji d\u00ea \u00fb bavek\u00ee b\u00fbn j\u00ee, bi qelibandina ol\u00ee re, ji hev re dib\u00fbn neyar. Di heman dem\u00ea de, dib\u00fbn qesas\u00ea hev. Lewre b\u00eabawer\u00ee \u00fb s\u00eetemkar\u00ee serdest \u00fb desthilatdar b\u00fb. L\u00ea d\u00eesa j\u00ee Xat\u00fbn \u00fb Kele\u015f\u00ea s\u00eaw\u00ee di jiyan\u00ea de, ji xwe re li cihek\u00ee ewle digeriyan. L\u00ea bi m\u00eerat \u00fb \u015f\u00fbnvemayiy\u00ean ji bav \u00fb kalan, debara xwe di ten\u00eatiya jiyan\u00ea de, weke dayik \u00fb kur li hev par ve dikirin.Xat\u00fbn\u00ea bi t\u00eetaliya bejna Kele\u015f\u00ee re, h\u00eaviy\u00ean xwe mezin dikir \u00fb dilorand. Ango heb\u00fbna Kele\u015f sebr \u00fb aram\u00ee didane Xat\u00fbn\u00ea. Derfet \u00fb pergala serdest ji mirovan mirovek\u00ee din diafirandin \u00fb Kele\u015f\u00ea pi\u00e7\u00fbk ji c\u00eehan\u00ea b\u00eaxem \u00fb hay, her li pey dayika xwe digindir\u00ee.Xat\u00fbn hem dayik, hem bav \u00fb hem j\u00ee mamoste \u00fb \u00e7avkaniya jiyan\u00ea b\u00fb.\n<p>L\u00ea Kele\u015f lawek\u00ee gelek \u00e7avnas b\u00fb yan j\u00ee, j\u00eer b\u00fb. Di nav zarokan de her tim bi harb\u00fbn \u00fb fen\u00ean xwe dihate naskirin.&#8220;<br \/>\n\u00c7\u00eeroka me bi v\u00ee avay\u00ee dest p\u00ea dike \u00fb gelo \u00e7awa Kele\u015f dibe &#8220; Leheng\u00ea Taz\u00ee &#8220; em d\u00ea di v\u00ea kit\u00eaba bi nav\u00ea Leheng\u00ea Taz\u00ee &#8211; Kele\u015f\u00ea Re\u015f ya Newaf M\u00eero de wan kir\u00eet\u00eekan bib\u00eenin!<\/li>\n<\/ul>\n","protected":false},"excerpt":{"rendered":"<p style=\"text-align: center\"><strong>Niv\u00eeskar:<\/strong><strong>\u00a0Newaf M\u00eero<br \/>\nPirt\u00fbk: Leheng\u00ea Taz\u00ee &#8211; Kele\u015f\u00ea Re\u015f<br \/>\nCure: Roman<\/strong><\/p>\n","protected":false},"featured_media":13049,"template":"","meta":{"site-sidebar-layout":"default","site-content-layout":"","ast-site-content-layout":"default","site-content-style":"default","site-sidebar-style":"default","ast-global-header-display":"","ast-banner-title-visibility":"","ast-main-header-display":"","ast-hfb-above-header-display":"","ast-hfb-below-header-display":"","ast-hfb-mobile-header-display":"","site-post-title":"","ast-breadcrumbs-content":"","ast-featured-img":"","footer-sml-layout":"","ast-disable-related-posts":"","theme-transparent-header-meta":"default","adv-header-id-meta":"","stick-header-meta":"","header-above-stick-meta":"","header-main-stick-meta":"","header-below-stick-meta":"","astra-migrate-meta-layouts":"set","ast-page-background-enabled":"default","ast-page-background-meta":{"desktop":{"background-color":"","background-image":"","background-repeat":"repeat","background-position":"center center","background-size":"auto","background-attachment":"scroll","background-type":"","background-media":"","overlay-type":"","overlay-color":"","overlay-opacity":"","overlay-gradient":""},"tablet":{"background-color":"","background-image":"","background-repeat":"repeat","background-position":"center center","background-size":"auto","background-attachment":"scroll","background-type":"","background-media":"","overlay-type":"","overlay-color":"","overlay-opacity":"","overlay-gradient":""},"mobile":{"background-color":"","background-image":"","background-repeat":"repeat","background-position":"center center","background-size":"auto","background-attachment":"scroll","background-type":"","background-media":"","overlay-type":"","overlay-color":"","overlay-opacity":"","overlay-gradient":""}},"ast-content-background-meta":{"desktop":{"background-color":"var(--ast-global-color-5)","background-image":"","background-repeat":"repeat","background-position":"center center","background-size":"auto","background-attachment":"scroll","background-type":"","background-media":"","overlay-type":"","overlay-color":"","overlay-opacity":"","overlay-gradient":""},"tablet":{"background-color":"var(--ast-global-color-5)","background-image":"","background-repeat":"repeat","background-position":"center center","background-size":"auto","background-attachment":"scroll","background-type":"","background-media":"","overlay-type":"","overlay-color":"","overlay-opacity":"","overlay-gradient":""},"mobile":{"background-color":"var(--ast-global-color-5)","background-image":"","background-repeat":"repeat","background-position":"center center","background-size":"auto","background-attachment":"scroll","background-type":"","background-media":"","overlay-type":"","overlay-color":"","overlay-opacity":"","overlay-gradient":""}}},"product_brand":[],"product_cat":[182,193],"product_tag":[],"class_list":{"0":"post-13008","1":"product","2":"type-product","3":"status-publish","4":"has-post-thumbnail","6":"product_cat-_","7":"product_cat--_","8":"pa_-roman","9":"pa_-newaf-miro","10":"pa_-kurmanci","11":"pa_--lis-yayinevi","12":"desktop-align-left","13":"tablet-align-left","14":"mobile-align-left","16":"first","17":"instock","18":"shipping-taxable","19":"purchasable","20":"product-type-simple"},"yoast_head":"<!-- This site is optimized with the Yoast SEO plugin v27.4 - https:\/\/yoast.com\/product\/yoast-seo-wordpress\/ -->\n<title>Leheng\u00ea Taz\u00ee - Kele\u015f\u00ea Re\u015f - Newaf M\u00eero - www.shanabooks.de<\/title>\n<meta name=\"description\" content=\"Leheng\u00ea Taz\u00ee - Kele\u015f\u00ea Re\u015f - Newaf M\u00eero &quot;Xat\u00fbna jineb\u00ee \u00fb Kele\u015f\u00ea s\u00eaw\u00ee li welat\u00ea ku roj bi roj ji d\u00eerok \u00fb \u00e7anda xwe ve d\u00fbr diket. Li \u015f\u00fbnwar \u00fb keleporiya \u015far...\" \/>\n<meta name=\"robots\" content=\"index, follow, max-snippet:-1, max-image-preview:large, max-video-preview:-1\" \/>\n<link rel=\"canonical\" href=\"https:\/\/shanabooks.de\/product\/lehenge-tazi-kelese-res-newaf-miro\/\" \/>\n<meta property=\"og:locale\" content=\"de_DE\" \/>\n<meta property=\"og:type\" content=\"article\" \/>\n<meta property=\"og:title\" content=\"Leheng\u00ea Taz\u00ee - Kele\u015f\u00ea Re\u015f - Newaf M\u00eero - www.shanabooks.de\" \/>\n<meta property=\"og:description\" content=\"Leheng\u00ea Taz\u00ee - Kele\u015f\u00ea Re\u015f - Newaf M\u00eero &quot;Xat\u00fbna jineb\u00ee \u00fb Kele\u015f\u00ea s\u00eaw\u00ee li welat\u00ea ku roj bi roj ji d\u00eerok \u00fb \u00e7anda xwe ve d\u00fbr diket. Li \u015f\u00fbnwar \u00fb keleporiya \u015far...\" \/>\n<meta property=\"og:url\" content=\"https:\/\/shanabooks.de\/product\/lehenge-tazi-kelese-res-newaf-miro\/\" \/>\n<meta property=\"og:site_name\" content=\"www.shanabooks.de\" \/>\n<meta property=\"article:modified_time\" content=\"2024-03-10T20:23:34+00:00\" \/>\n<meta property=\"og:image\" content=\"https:\/\/shanabooks.de\/wp-content\/uploads\/2024\/03\/Lehenge-Tazi-Kelese-Res-1.png\" \/>\n\t<meta property=\"og:image:width\" content=\"302\" \/>\n\t<meta property=\"og:image:height\" content=\"474\" \/>\n\t<meta property=\"og:image:type\" content=\"image\/png\" \/>\n<meta name=\"twitter:card\" content=\"summary_large_image\" \/>\n<meta name=\"twitter:label1\" content=\"Gesch\u00e4tzte Lesezeit\" \/>\n\t<meta name=\"twitter:data1\" content=\"3\u00a0Minuten\" \/>\n<script type=\"application\/ld+json\" class=\"yoast-schema-graph\">{\"@context\":\"https:\\\/\\\/schema.org\",\"@graph\":[{\"@type\":\"WebPage\",\"@id\":\"https:\\\/\\\/shanabooks.de\\\/product\\\/lehenge-tazi-kelese-res-newaf-miro\\\/\",\"url\":\"https:\\\/\\\/shanabooks.de\\\/product\\\/lehenge-tazi-kelese-res-newaf-miro\\\/\",\"name\":\"Leheng\u00ea Taz\u00ee - Kele\u015f\u00ea Re\u015f - Newaf M\u00eero - www.shanabooks.de\",\"isPartOf\":{\"@id\":\"https:\\\/\\\/shanabooks.de\\\/#website\"},\"primaryImageOfPage\":{\"@id\":\"https:\\\/\\\/shanabooks.de\\\/product\\\/lehenge-tazi-kelese-res-newaf-miro\\\/#primaryimage\"},\"image\":{\"@id\":\"https:\\\/\\\/shanabooks.de\\\/product\\\/lehenge-tazi-kelese-res-newaf-miro\\\/#primaryimage\"},\"thumbnailUrl\":\"https:\\\/\\\/shanabooks.de\\\/wp-content\\\/uploads\\\/2024\\\/03\\\/Lehenge-Tazi-Kelese-Res-1.png\",\"datePublished\":\"2024-03-03T19:48:38+00:00\",\"dateModified\":\"2024-03-10T20:23:34+00:00\",\"description\":\"Leheng\u00ea Taz\u00ee - Kele\u015f\u00ea Re\u015f - Newaf M\u00eero \\\"Xat\u00fbna jineb\u00ee \u00fb Kele\u015f\u00ea s\u00eaw\u00ee li welat\u00ea ku roj bi roj ji d\u00eerok \u00fb \u00e7anda xwe ve d\u00fbr diket. Li \u015f\u00fbnwar \u00fb keleporiya \u015far...\",\"breadcrumb\":{\"@id\":\"https:\\\/\\\/shanabooks.de\\\/product\\\/lehenge-tazi-kelese-res-newaf-miro\\\/#breadcrumb\"},\"inLanguage\":\"de\",\"potentialAction\":[{\"@type\":\"ReadAction\",\"target\":[\"https:\\\/\\\/shanabooks.de\\\/product\\\/lehenge-tazi-kelese-res-newaf-miro\\\/\"]}]},{\"@type\":\"ImageObject\",\"inLanguage\":\"de\",\"@id\":\"https:\\\/\\\/shanabooks.de\\\/product\\\/lehenge-tazi-kelese-res-newaf-miro\\\/#primaryimage\",\"url\":\"https:\\\/\\\/shanabooks.de\\\/wp-content\\\/uploads\\\/2024\\\/03\\\/Lehenge-Tazi-Kelese-Res-1.png\",\"contentUrl\":\"https:\\\/\\\/shanabooks.de\\\/wp-content\\\/uploads\\\/2024\\\/03\\\/Lehenge-Tazi-Kelese-Res-1.png\",\"width\":302,\"height\":474,\"caption\":\"Leheng\u00ea Taz\u00ee - Kele\u015f\u00ea Re\u015f - Newaf M\u00eero - Pirt\u00fbk\u00ean Kurd\u00ee\"},{\"@type\":\"BreadcrumbList\",\"@id\":\"https:\\\/\\\/shanabooks.de\\\/product\\\/lehenge-tazi-kelese-res-newaf-miro\\\/#breadcrumb\",\"itemListElement\":[{\"@type\":\"ListItem\",\"position\":1,\"name\":\"\u0627\u0644\u0631\u0626\u064a\u0633\u064a\u0629\",\"item\":\"https:\\\/\\\/shanabooks.de\\\/de\\\/\"},{\"@type\":\"ListItem\",\"position\":2,\"name\":\"\u0627\u0644\u0645\u0646\u062a\u062c\u0627\u062a\",\"item\":\"https:\\\/\\\/shanabooks.de\\\/shop\\\/\"},{\"@type\":\"ListItem\",\"position\":3,\"name\":\"Leheng\u00ea Taz\u00ee &#8211; Kele\u015f\u00ea Re\u015f\"}]},{\"@type\":\"WebSite\",\"@id\":\"https:\\\/\\\/shanabooks.de\\\/#website\",\"url\":\"https:\\\/\\\/shanabooks.de\\\/\",\"name\":\"www.shanbooks.de\",\"description\":\"C\u00eehana Pirt\u00fbk\u00ean Kurd\u00ee \u0645\u0643\u062a\u0628\u0629 \u0634\u0627\u0646\u0627 \u0641\u064a \u0627\u0644\u0645\u0627\u0646\u064a\u0627 \u0648\u0623\u0648\u0631\u0628\u0627\",\"publisher\":{\"@id\":\"https:\\\/\\\/shanabooks.de\\\/#organization\"},\"potentialAction\":[{\"@type\":\"SearchAction\",\"target\":{\"@type\":\"EntryPoint\",\"urlTemplate\":\"https:\\\/\\\/shanabooks.de\\\/?s={search_term_string}\"},\"query-input\":{\"@type\":\"PropertyValueSpecification\",\"valueRequired\":true,\"valueName\":\"search_term_string\"}}],\"inLanguage\":\"de\"},{\"@type\":\"Organization\",\"@id\":\"https:\\\/\\\/shanabooks.de\\\/#organization\",\"name\":\"www.shanbooks.de\",\"url\":\"https:\\\/\\\/shanabooks.de\\\/\",\"logo\":{\"@type\":\"ImageObject\",\"inLanguage\":\"de\",\"@id\":\"https:\\\/\\\/shanabooks.de\\\/#\\\/schema\\\/logo\\\/image\\\/\",\"url\":\"https:\\\/\\\/shanabooks.de\\\/wp-content\\\/uploads\\\/2024\\\/03\\\/SHANABOOKS__2_-removebg-preview.png\",\"contentUrl\":\"https:\\\/\\\/shanabooks.de\\\/wp-content\\\/uploads\\\/2024\\\/03\\\/SHANABOOKS__2_-removebg-preview.png\",\"width\":700,\"height\":150,\"caption\":\"www.shanbooks.de\"},\"image\":{\"@id\":\"https:\\\/\\\/shanabooks.de\\\/#\\\/schema\\\/logo\\\/image\\\/\"}}]}<\/script>\n<!-- \/ Yoast SEO plugin. -->","yoast_head_json":{"title":"Leheng\u00ea Taz\u00ee - Kele\u015f\u00ea Re\u015f - Newaf M\u00eero - www.shanabooks.de","description":"Leheng\u00ea Taz\u00ee - Kele\u015f\u00ea Re\u015f - Newaf M\u00eero \"Xat\u00fbna jineb\u00ee \u00fb Kele\u015f\u00ea s\u00eaw\u00ee li welat\u00ea ku roj bi roj ji d\u00eerok \u00fb \u00e7anda xwe ve d\u00fbr diket. Li \u015f\u00fbnwar \u00fb keleporiya \u015far...","robots":{"index":"index","follow":"follow","max-snippet":"max-snippet:-1","max-image-preview":"max-image-preview:large","max-video-preview":"max-video-preview:-1"},"canonical":"https:\/\/shanabooks.de\/product\/lehenge-tazi-kelese-res-newaf-miro\/","og_locale":"de_DE","og_type":"article","og_title":"Leheng\u00ea Taz\u00ee - Kele\u015f\u00ea Re\u015f - Newaf M\u00eero - www.shanabooks.de","og_description":"Leheng\u00ea Taz\u00ee - Kele\u015f\u00ea Re\u015f - Newaf M\u00eero \"Xat\u00fbna jineb\u00ee \u00fb Kele\u015f\u00ea s\u00eaw\u00ee li welat\u00ea ku roj bi roj ji d\u00eerok \u00fb \u00e7anda xwe ve d\u00fbr diket. Li \u015f\u00fbnwar \u00fb keleporiya \u015far...","og_url":"https:\/\/shanabooks.de\/product\/lehenge-tazi-kelese-res-newaf-miro\/","og_site_name":"www.shanabooks.de","article_modified_time":"2024-03-10T20:23:34+00:00","og_image":[{"width":302,"height":474,"url":"https:\/\/shanabooks.de\/wp-content\/uploads\/2024\/03\/Lehenge-Tazi-Kelese-Res-1.png","type":"image\/png"}],"twitter_card":"summary_large_image","twitter_misc":{"Gesch\u00e4tzte Lesezeit":"3\u00a0Minuten"},"schema":{"@context":"https:\/\/schema.org","@graph":[{"@type":"WebPage","@id":"https:\/\/shanabooks.de\/product\/lehenge-tazi-kelese-res-newaf-miro\/","url":"https:\/\/shanabooks.de\/product\/lehenge-tazi-kelese-res-newaf-miro\/","name":"Leheng\u00ea Taz\u00ee - Kele\u015f\u00ea Re\u015f - Newaf M\u00eero - www.shanabooks.de","isPartOf":{"@id":"https:\/\/shanabooks.de\/#website"},"primaryImageOfPage":{"@id":"https:\/\/shanabooks.de\/product\/lehenge-tazi-kelese-res-newaf-miro\/#primaryimage"},"image":{"@id":"https:\/\/shanabooks.de\/product\/lehenge-tazi-kelese-res-newaf-miro\/#primaryimage"},"thumbnailUrl":"https:\/\/shanabooks.de\/wp-content\/uploads\/2024\/03\/Lehenge-Tazi-Kelese-Res-1.png","datePublished":"2024-03-03T19:48:38+00:00","dateModified":"2024-03-10T20:23:34+00:00","description":"Leheng\u00ea Taz\u00ee - Kele\u015f\u00ea Re\u015f - Newaf M\u00eero \"Xat\u00fbna jineb\u00ee \u00fb Kele\u015f\u00ea s\u00eaw\u00ee li welat\u00ea ku roj bi roj ji d\u00eerok \u00fb \u00e7anda xwe ve d\u00fbr diket. Li \u015f\u00fbnwar \u00fb keleporiya \u015far...","breadcrumb":{"@id":"https:\/\/shanabooks.de\/product\/lehenge-tazi-kelese-res-newaf-miro\/#breadcrumb"},"inLanguage":"de","potentialAction":[{"@type":"ReadAction","target":["https:\/\/shanabooks.de\/product\/lehenge-tazi-kelese-res-newaf-miro\/"]}]},{"@type":"ImageObject","inLanguage":"de","@id":"https:\/\/shanabooks.de\/product\/lehenge-tazi-kelese-res-newaf-miro\/#primaryimage","url":"https:\/\/shanabooks.de\/wp-content\/uploads\/2024\/03\/Lehenge-Tazi-Kelese-Res-1.png","contentUrl":"https:\/\/shanabooks.de\/wp-content\/uploads\/2024\/03\/Lehenge-Tazi-Kelese-Res-1.png","width":302,"height":474,"caption":"Leheng\u00ea Taz\u00ee - Kele\u015f\u00ea Re\u015f - Newaf M\u00eero - Pirt\u00fbk\u00ean Kurd\u00ee"},{"@type":"BreadcrumbList","@id":"https:\/\/shanabooks.de\/product\/lehenge-tazi-kelese-res-newaf-miro\/#breadcrumb","itemListElement":[{"@type":"ListItem","position":1,"name":"\u0627\u0644\u0631\u0626\u064a\u0633\u064a\u0629","item":"https:\/\/shanabooks.de\/de\/"},{"@type":"ListItem","position":2,"name":"\u0627\u0644\u0645\u0646\u062a\u062c\u0627\u062a","item":"https:\/\/shanabooks.de\/shop\/"},{"@type":"ListItem","position":3,"name":"Leheng\u00ea Taz\u00ee &#8211; Kele\u015f\u00ea Re\u015f"}]},{"@type":"WebSite","@id":"https:\/\/shanabooks.de\/#website","url":"https:\/\/shanabooks.de\/","name":"www.shanbooks.de","description":"C\u00eehana Pirt\u00fbk\u00ean Kurd\u00ee \u0645\u0643\u062a\u0628\u0629 \u0634\u0627\u0646\u0627 \u0641\u064a \u0627\u0644\u0645\u0627\u0646\u064a\u0627 \u0648\u0623\u0648\u0631\u0628\u0627","publisher":{"@id":"https:\/\/shanabooks.de\/#organization"},"potentialAction":[{"@type":"SearchAction","target":{"@type":"EntryPoint","urlTemplate":"https:\/\/shanabooks.de\/?s={search_term_string}"},"query-input":{"@type":"PropertyValueSpecification","valueRequired":true,"valueName":"search_term_string"}}],"inLanguage":"de"},{"@type":"Organization","@id":"https:\/\/shanabooks.de\/#organization","name":"www.shanbooks.de","url":"https:\/\/shanabooks.de\/","logo":{"@type":"ImageObject","inLanguage":"de","@id":"https:\/\/shanabooks.de\/#\/schema\/logo\/image\/","url":"https:\/\/shanabooks.de\/wp-content\/uploads\/2024\/03\/SHANABOOKS__2_-removebg-preview.png","contentUrl":"https:\/\/shanabooks.de\/wp-content\/uploads\/2024\/03\/SHANABOOKS__2_-removebg-preview.png","width":700,"height":150,"caption":"www.shanbooks.de"},"image":{"@id":"https:\/\/shanabooks.de\/#\/schema\/logo\/image\/"}}]}},"jetpack_sharing_enabled":true,"_links":{"self":[{"href":"https:\/\/shanabooks.de\/de\/wp-json\/wp\/v2\/product\/13008","targetHints":{"allow":["GET"]}}],"collection":[{"href":"https:\/\/shanabooks.de\/de\/wp-json\/wp\/v2\/product"}],"about":[{"href":"https:\/\/shanabooks.de\/de\/wp-json\/wp\/v2\/types\/product"}],"version-history":[{"count":3,"href":"https:\/\/shanabooks.de\/de\/wp-json\/wp\/v2\/product\/13008\/revisions"}],"predecessor-version":[{"id":17433,"href":"https:\/\/shanabooks.de\/de\/wp-json\/wp\/v2\/product\/13008\/revisions\/17433"}],"wp:featuredmedia":[{"embeddable":true,"href":"https:\/\/shanabooks.de\/de\/wp-json\/wp\/v2\/media\/13049"}],"wp:attachment":[{"href":"https:\/\/shanabooks.de\/de\/wp-json\/wp\/v2\/media?parent=13008"}],"wp:term":[{"taxonomy":"product_brand","embeddable":true,"href":"https:\/\/shanabooks.de\/de\/wp-json\/wp\/v2\/product_brand?post=13008"},{"taxonomy":"product_cat","embeddable":true,"href":"https:\/\/shanabooks.de\/de\/wp-json\/wp\/v2\/product_cat?post=13008"},{"taxonomy":"product_tag","embeddable":true,"href":"https:\/\/shanabooks.de\/de\/wp-json\/wp\/v2\/product_tag?post=13008"}],"curies":[{"name":"wp","href":"https:\/\/api.w.org\/{rel}","templated":true}]}}