{"id":13009,"date":"2024-03-03T19:48:38","date_gmt":"2024-03-03T19:48:38","guid":{"rendered":"https:\/\/shanabooks.de\/?post_type=product&#038;p=13009"},"modified":"2026-01-02T20:09:49","modified_gmt":"2026-01-02T20:09:49","slug":"kaniya-stockholme-lokman-polat","status":"publish","type":"product","link":"https:\/\/shanabooks.de\/de\/product\/kaniya-stockholme-lokman-polat\/","title":{"rendered":"Kaniya Stockholm\u00ea"},"content":{"rendered":"<p style=\"text-align: left\"><strong>Kaniya Stockholm\u00ea<\/strong><strong> &#8211; Lokman Polat<\/strong><\/p>\n<p style=\"text-align: left\">Niv\u00eeskar Lokman Polat v\u00ea car\u00ea pirt\u00fbka xwe ya bi nav\u00ea &#8222;Kaniya Stockholm\u00ea&#8220; p\u00ea\u015fk\u00ea\u015f\u00ee xwendevan\u00ean xwe kir.<\/p>\n<p style=\"text-align: left\">Pirt\u00fbka Polat &#8222;Kaniya Stockholm\u00ea&#8220; ku ji vegotinan p\u00eak t\u00ea ji We\u015fan\u00ean Helwest derketiye.<\/p>\n<p style=\"text-align: left\">&#8222;Veb\u00eajiya welat\u00ea sar. Vegotin\u00ean roj\u00ean ten\u00eatiy\u00ea. Li ser kaniya Stockholm\u00ea xewn \u00fb xeyal\u00ean kurdek\u00ee, bi \u015f\u00eaweyek\u00ee veb\u00eajiy\u00ea&#8220; di gotar\u00ean ku di pirt\u00fbk\u00ea de hatine we\u015fandin de derdikeve p\u00ea\u015fber\u00ee xwendevanan.<\/p>\n<p style=\"text-align: left\">Lokman Polat j\u00ee yek ji wan kurdan e ku bi dehan salan li xer\u00eebiy\u00ea, li sirg\u00fbniy\u00ea maye \u00fb di v\u00ea dem\u00ea de d\u00eesa wek\u00ee gelek sirg\u00fbniy\u00ean kurd gotar l\u00ea kirine. Niv\u00eeskar, di van gotaran de derd \u00fb kul\u00ean xer\u00eebiy\u00ea, \u00ea\u015fa ten\u00eatiy\u00ea \u00fb xeyal\u00ean sirg\u00fbniy\u00ea t\u00eene ziman. Pirs \u00fb pirsgir\u00eak\u00ean sirg\u00fbn\u00ean siyas\u00ee ji aliy\u00ea moral \u00fb ps\u00eekoloj\u00eek ve t\u00ea nirxandin, hes\u00fbd\u00ee \u00fb \u00e7avnebariya di navbera sirg\u00fbniyan de di nav gotaran de t\u00ea d\u00eetin \u00fb di heman dem\u00ea de t\u00ea \u015fermezar kirin. &#8222;Kaniya Stockholm\u00ea&#8220; ji gelek aliyan ve k\u00eetiy\u00ean li sirg\u00fbniy\u00ea p\u00ea\u015fk\u00ea\u015f dike.<\/p>\n","protected":false},"excerpt":{"rendered":"<p style=\"text-align: center\"><strong>Niv\u00eeskar: Lokman Polat<\/strong><br \/>\n<strong>Pirt\u00fbk: Kaniya Stockholm\u00ea<\/strong><br \/>\n<strong>Cure: Roman<\/strong><\/p>\n","protected":false},"featured_media":13063,"template":"","meta":{"site-sidebar-layout":"default","site-content-layout":"","ast-site-content-layout":"default","site-content-style":"default","site-sidebar-style":"default","ast-global-header-display":"","ast-banner-title-visibility":"","ast-main-header-display":"","ast-hfb-above-header-display":"","ast-hfb-below-header-display":"","ast-hfb-mobile-header-display":"","site-post-title":"","ast-breadcrumbs-content":"","ast-featured-img":"","footer-sml-layout":"","ast-disable-related-posts":"","theme-transparent-header-meta":"default","adv-header-id-meta":"","stick-header-meta":"","header-above-stick-meta":"","header-main-stick-meta":"","header-below-stick-meta":"","astra-migrate-meta-layouts":"set","ast-page-background-enabled":"default","ast-page-background-meta":{"desktop":{"background-color":"","background-image":"","background-repeat":"repeat","background-position":"center center","background-size":"auto","background-attachment":"scroll","background-type":"","background-media":"","overlay-type":"","overlay-color":"","overlay-opacity":"","overlay-gradient":""},"tablet":{"background-color":"","background-image":"","background-repeat":"repeat","background-position":"center center","background-size":"auto","background-attachment":"scroll","background-type":"","background-media":"","overlay-type":"","overlay-color":"","overlay-opacity":"","overlay-gradient":""},"mobile":{"background-color":"","background-image":"","background-repeat":"repeat","background-position":"center center","background-size":"auto","background-attachment":"scroll","background-type":"","background-media":"","overlay-type":"","overlay-color":"","overlay-opacity":"","overlay-gradient":""}},"ast-content-background-meta":{"desktop":{"background-color":"var(--ast-global-color-5)","background-image":"","background-repeat":"repeat","background-position":"center center","background-size":"auto","background-attachment":"scroll","background-type":"","background-media":"","overlay-type":"","overlay-color":"","overlay-opacity":"","overlay-gradient":""},"tablet":{"background-color":"var(--ast-global-color-5)","background-image":"","background-repeat":"repeat","background-position":"center center","background-size":"auto","background-attachment":"scroll","background-type":"","background-media":"","overlay-type":"","overlay-color":"","overlay-opacity":"","overlay-gradient":""},"mobile":{"background-color":"var(--ast-global-color-5)","background-image":"","background-repeat":"repeat","background-position":"center center","background-size":"auto","background-attachment":"scroll","background-type":"","background-media":"","overlay-type":"","overlay-color":"","overlay-opacity":"","overlay-gradient":""}}},"product_brand":[],"product_cat":[182,193],"product_tag":[],"class_list":{"0":"post-13009","1":"product","2":"type-product","3":"status-publish","4":"has-post-thumbnail","6":"product_cat-_","7":"product_cat--_","8":"pa_-roman","9":"pa_-lokman-polat","10":"pa_-kurmanci","11":"pa_--helwest","12":"desktop-align-left","13":"tablet-align-left","14":"mobile-align-left","16":"first","17":"instock","18":"shipping-taxable","19":"purchasable","20":"product-type-simple"},"yoast_head":"<!-- This site is optimized with the Yoast SEO plugin v27.4 - https:\/\/yoast.com\/product\/yoast-seo-wordpress\/ -->\n<title>Kaniya Stockholm\u00ea - Lokman Polat - www.shanabooks.de<\/title>\n<meta name=\"description\" content=\"Kaniya Stockholm\u00ea - Lokman Polat Niv\u00eeskar Lokman Polat v\u00ea car\u00ea pirt\u00fbka xwe ya bi nav\u00ea &quot;Kaniya Stockholm\u00ea&quot; p\u00ea\u015fk\u00ea\u015f\u00ee xwendevan\u00ean xwe kir...\" \/>\n<meta name=\"robots\" content=\"index, follow, max-snippet:-1, max-image-preview:large, max-video-preview:-1\" \/>\n<link rel=\"canonical\" href=\"https:\/\/shanabooks.de\/product\/kaniya-stockholme-lokman-polat\/\" \/>\n<meta property=\"og:locale\" content=\"de_DE\" \/>\n<meta property=\"og:type\" content=\"article\" \/>\n<meta property=\"og:title\" content=\"Kaniya Stockholm\u00ea - Lokman Polat - www.shanabooks.de\" \/>\n<meta property=\"og:description\" content=\"Kaniya Stockholm\u00ea - Lokman Polat Niv\u00eeskar Lokman Polat v\u00ea car\u00ea pirt\u00fbka xwe ya bi nav\u00ea &quot;Kaniya Stockholm\u00ea&quot; p\u00ea\u015fk\u00ea\u015f\u00ee xwendevan\u00ean xwe kir...\" \/>\n<meta property=\"og:url\" content=\"https:\/\/shanabooks.de\/product\/kaniya-stockholme-lokman-polat\/\" \/>\n<meta property=\"og:site_name\" content=\"www.shanabooks.de\" \/>\n<meta property=\"article:modified_time\" content=\"2026-01-02T20:09:49+00:00\" \/>\n<meta property=\"og:image\" content=\"https:\/\/shanabooks.de\/wp-content\/uploads\/2024\/03\/Kaniya-Stockholme.png\" \/>\n\t<meta property=\"og:image:width\" content=\"323\" \/>\n\t<meta property=\"og:image:height\" content=\"478\" \/>\n\t<meta property=\"og:image:type\" content=\"image\/png\" \/>\n<meta name=\"twitter:card\" content=\"summary_large_image\" \/>\n<meta name=\"twitter:label1\" content=\"Gesch\u00e4tzte Lesezeit\" \/>\n\t<meta name=\"twitter:data1\" content=\"2\u00a0Minuten\" \/>\n<script type=\"application\/ld+json\" class=\"yoast-schema-graph\">{\"@context\":\"https:\\\/\\\/schema.org\",\"@graph\":[{\"@type\":\"WebPage\",\"@id\":\"https:\\\/\\\/shanabooks.de\\\/product\\\/kaniya-stockholme-lokman-polat\\\/\",\"url\":\"https:\\\/\\\/shanabooks.de\\\/product\\\/kaniya-stockholme-lokman-polat\\\/\",\"name\":\"Kaniya Stockholm\u00ea - Lokman Polat - www.shanabooks.de\",\"isPartOf\":{\"@id\":\"https:\\\/\\\/shanabooks.de\\\/#website\"},\"primaryImageOfPage\":{\"@id\":\"https:\\\/\\\/shanabooks.de\\\/product\\\/kaniya-stockholme-lokman-polat\\\/#primaryimage\"},\"image\":{\"@id\":\"https:\\\/\\\/shanabooks.de\\\/product\\\/kaniya-stockholme-lokman-polat\\\/#primaryimage\"},\"thumbnailUrl\":\"https:\\\/\\\/shanabooks.de\\\/wp-content\\\/uploads\\\/2024\\\/03\\\/Kaniya-Stockholme.png\",\"datePublished\":\"2024-03-03T19:48:38+00:00\",\"dateModified\":\"2026-01-02T20:09:49+00:00\",\"description\":\"Kaniya Stockholm\u00ea - Lokman Polat Niv\u00eeskar Lokman Polat v\u00ea car\u00ea pirt\u00fbka xwe ya bi nav\u00ea \\\"Kaniya Stockholm\u00ea\\\" p\u00ea\u015fk\u00ea\u015f\u00ee xwendevan\u00ean xwe kir...\",\"breadcrumb\":{\"@id\":\"https:\\\/\\\/shanabooks.de\\\/product\\\/kaniya-stockholme-lokman-polat\\\/#breadcrumb\"},\"inLanguage\":\"de\",\"potentialAction\":[{\"@type\":\"ReadAction\",\"target\":[\"https:\\\/\\\/shanabooks.de\\\/product\\\/kaniya-stockholme-lokman-polat\\\/\"]}]},{\"@type\":\"ImageObject\",\"inLanguage\":\"de\",\"@id\":\"https:\\\/\\\/shanabooks.de\\\/product\\\/kaniya-stockholme-lokman-polat\\\/#primaryimage\",\"url\":\"https:\\\/\\\/shanabooks.de\\\/wp-content\\\/uploads\\\/2024\\\/03\\\/Kaniya-Stockholme.png\",\"contentUrl\":\"https:\\\/\\\/shanabooks.de\\\/wp-content\\\/uploads\\\/2024\\\/03\\\/Kaniya-Stockholme.png\",\"width\":323,\"height\":478,\"caption\":\"Kaniya Stockholm\u00ea - Lokman Polat - pirt\u00fbk\u00ean kurd\u00ee\"},{\"@type\":\"BreadcrumbList\",\"@id\":\"https:\\\/\\\/shanabooks.de\\\/product\\\/kaniya-stockholme-lokman-polat\\\/#breadcrumb\",\"itemListElement\":[{\"@type\":\"ListItem\",\"position\":1,\"name\":\"\u0627\u0644\u0631\u0626\u064a\u0633\u064a\u0629\",\"item\":\"https:\\\/\\\/shanabooks.de\\\/de\\\/\"},{\"@type\":\"ListItem\",\"position\":2,\"name\":\"\u0627\u0644\u0645\u0646\u062a\u062c\u0627\u062a\",\"item\":\"https:\\\/\\\/shanabooks.de\\\/shop\\\/\"},{\"@type\":\"ListItem\",\"position\":3,\"name\":\"Kaniya Stockholm\u00ea\"}]},{\"@type\":\"WebSite\",\"@id\":\"https:\\\/\\\/shanabooks.de\\\/#website\",\"url\":\"https:\\\/\\\/shanabooks.de\\\/\",\"name\":\"www.shanbooks.de\",\"description\":\"C\u00eehana Pirt\u00fbk\u00ean Kurd\u00ee \u0645\u0643\u062a\u0628\u0629 \u0634\u0627\u0646\u0627 \u0641\u064a \u0627\u0644\u0645\u0627\u0646\u064a\u0627 \u0648\u0623\u0648\u0631\u0628\u0627\",\"publisher\":{\"@id\":\"https:\\\/\\\/shanabooks.de\\\/#organization\"},\"potentialAction\":[{\"@type\":\"SearchAction\",\"target\":{\"@type\":\"EntryPoint\",\"urlTemplate\":\"https:\\\/\\\/shanabooks.de\\\/?s={search_term_string}\"},\"query-input\":{\"@type\":\"PropertyValueSpecification\",\"valueRequired\":true,\"valueName\":\"search_term_string\"}}],\"inLanguage\":\"de\"},{\"@type\":\"Organization\",\"@id\":\"https:\\\/\\\/shanabooks.de\\\/#organization\",\"name\":\"www.shanbooks.de\",\"url\":\"https:\\\/\\\/shanabooks.de\\\/\",\"logo\":{\"@type\":\"ImageObject\",\"inLanguage\":\"de\",\"@id\":\"https:\\\/\\\/shanabooks.de\\\/#\\\/schema\\\/logo\\\/image\\\/\",\"url\":\"https:\\\/\\\/shanabooks.de\\\/wp-content\\\/uploads\\\/2024\\\/03\\\/SHANABOOKS__2_-removebg-preview.png\",\"contentUrl\":\"https:\\\/\\\/shanabooks.de\\\/wp-content\\\/uploads\\\/2024\\\/03\\\/SHANABOOKS__2_-removebg-preview.png\",\"width\":700,\"height\":150,\"caption\":\"www.shanbooks.de\"},\"image\":{\"@id\":\"https:\\\/\\\/shanabooks.de\\\/#\\\/schema\\\/logo\\\/image\\\/\"}}]}<\/script>\n<!-- \/ Yoast SEO plugin. -->","yoast_head_json":{"title":"Kaniya Stockholm\u00ea - Lokman Polat - www.shanabooks.de","description":"Kaniya Stockholm\u00ea - Lokman Polat Niv\u00eeskar Lokman Polat v\u00ea car\u00ea pirt\u00fbka xwe ya bi nav\u00ea \"Kaniya Stockholm\u00ea\" p\u00ea\u015fk\u00ea\u015f\u00ee xwendevan\u00ean xwe kir...","robots":{"index":"index","follow":"follow","max-snippet":"max-snippet:-1","max-image-preview":"max-image-preview:large","max-video-preview":"max-video-preview:-1"},"canonical":"https:\/\/shanabooks.de\/product\/kaniya-stockholme-lokman-polat\/","og_locale":"de_DE","og_type":"article","og_title":"Kaniya Stockholm\u00ea - Lokman Polat - www.shanabooks.de","og_description":"Kaniya Stockholm\u00ea - Lokman Polat Niv\u00eeskar Lokman Polat v\u00ea car\u00ea pirt\u00fbka xwe ya bi nav\u00ea \"Kaniya Stockholm\u00ea\" p\u00ea\u015fk\u00ea\u015f\u00ee xwendevan\u00ean xwe kir...","og_url":"https:\/\/shanabooks.de\/product\/kaniya-stockholme-lokman-polat\/","og_site_name":"www.shanabooks.de","article_modified_time":"2026-01-02T20:09:49+00:00","og_image":[{"width":323,"height":478,"url":"https:\/\/shanabooks.de\/wp-content\/uploads\/2024\/03\/Kaniya-Stockholme.png","type":"image\/png"}],"twitter_card":"summary_large_image","twitter_misc":{"Gesch\u00e4tzte Lesezeit":"2\u00a0Minuten"},"schema":{"@context":"https:\/\/schema.org","@graph":[{"@type":"WebPage","@id":"https:\/\/shanabooks.de\/product\/kaniya-stockholme-lokman-polat\/","url":"https:\/\/shanabooks.de\/product\/kaniya-stockholme-lokman-polat\/","name":"Kaniya Stockholm\u00ea - Lokman Polat - www.shanabooks.de","isPartOf":{"@id":"https:\/\/shanabooks.de\/#website"},"primaryImageOfPage":{"@id":"https:\/\/shanabooks.de\/product\/kaniya-stockholme-lokman-polat\/#primaryimage"},"image":{"@id":"https:\/\/shanabooks.de\/product\/kaniya-stockholme-lokman-polat\/#primaryimage"},"thumbnailUrl":"https:\/\/shanabooks.de\/wp-content\/uploads\/2024\/03\/Kaniya-Stockholme.png","datePublished":"2024-03-03T19:48:38+00:00","dateModified":"2026-01-02T20:09:49+00:00","description":"Kaniya Stockholm\u00ea - Lokman Polat Niv\u00eeskar Lokman Polat v\u00ea car\u00ea pirt\u00fbka xwe ya bi nav\u00ea \"Kaniya Stockholm\u00ea\" p\u00ea\u015fk\u00ea\u015f\u00ee xwendevan\u00ean xwe kir...","breadcrumb":{"@id":"https:\/\/shanabooks.de\/product\/kaniya-stockholme-lokman-polat\/#breadcrumb"},"inLanguage":"de","potentialAction":[{"@type":"ReadAction","target":["https:\/\/shanabooks.de\/product\/kaniya-stockholme-lokman-polat\/"]}]},{"@type":"ImageObject","inLanguage":"de","@id":"https:\/\/shanabooks.de\/product\/kaniya-stockholme-lokman-polat\/#primaryimage","url":"https:\/\/shanabooks.de\/wp-content\/uploads\/2024\/03\/Kaniya-Stockholme.png","contentUrl":"https:\/\/shanabooks.de\/wp-content\/uploads\/2024\/03\/Kaniya-Stockholme.png","width":323,"height":478,"caption":"Kaniya Stockholm\u00ea - Lokman Polat - pirt\u00fbk\u00ean kurd\u00ee"},{"@type":"BreadcrumbList","@id":"https:\/\/shanabooks.de\/product\/kaniya-stockholme-lokman-polat\/#breadcrumb","itemListElement":[{"@type":"ListItem","position":1,"name":"\u0627\u0644\u0631\u0626\u064a\u0633\u064a\u0629","item":"https:\/\/shanabooks.de\/de\/"},{"@type":"ListItem","position":2,"name":"\u0627\u0644\u0645\u0646\u062a\u062c\u0627\u062a","item":"https:\/\/shanabooks.de\/shop\/"},{"@type":"ListItem","position":3,"name":"Kaniya Stockholm\u00ea"}]},{"@type":"WebSite","@id":"https:\/\/shanabooks.de\/#website","url":"https:\/\/shanabooks.de\/","name":"www.shanbooks.de","description":"C\u00eehana Pirt\u00fbk\u00ean Kurd\u00ee \u0645\u0643\u062a\u0628\u0629 \u0634\u0627\u0646\u0627 \u0641\u064a \u0627\u0644\u0645\u0627\u0646\u064a\u0627 \u0648\u0623\u0648\u0631\u0628\u0627","publisher":{"@id":"https:\/\/shanabooks.de\/#organization"},"potentialAction":[{"@type":"SearchAction","target":{"@type":"EntryPoint","urlTemplate":"https:\/\/shanabooks.de\/?s={search_term_string}"},"query-input":{"@type":"PropertyValueSpecification","valueRequired":true,"valueName":"search_term_string"}}],"inLanguage":"de"},{"@type":"Organization","@id":"https:\/\/shanabooks.de\/#organization","name":"www.shanbooks.de","url":"https:\/\/shanabooks.de\/","logo":{"@type":"ImageObject","inLanguage":"de","@id":"https:\/\/shanabooks.de\/#\/schema\/logo\/image\/","url":"https:\/\/shanabooks.de\/wp-content\/uploads\/2024\/03\/SHANABOOKS__2_-removebg-preview.png","contentUrl":"https:\/\/shanabooks.de\/wp-content\/uploads\/2024\/03\/SHANABOOKS__2_-removebg-preview.png","width":700,"height":150,"caption":"www.shanbooks.de"},"image":{"@id":"https:\/\/shanabooks.de\/#\/schema\/logo\/image\/"}}]}},"jetpack_sharing_enabled":true,"_links":{"self":[{"href":"https:\/\/shanabooks.de\/de\/wp-json\/wp\/v2\/product\/13009","targetHints":{"allow":["GET"]}}],"collection":[{"href":"https:\/\/shanabooks.de\/de\/wp-json\/wp\/v2\/product"}],"about":[{"href":"https:\/\/shanabooks.de\/de\/wp-json\/wp\/v2\/types\/product"}],"version-history":[{"count":3,"href":"https:\/\/shanabooks.de\/de\/wp-json\/wp\/v2\/product\/13009\/revisions"}],"predecessor-version":[{"id":17436,"href":"https:\/\/shanabooks.de\/de\/wp-json\/wp\/v2\/product\/13009\/revisions\/17436"}],"wp:featuredmedia":[{"embeddable":true,"href":"https:\/\/shanabooks.de\/de\/wp-json\/wp\/v2\/media\/13063"}],"wp:attachment":[{"href":"https:\/\/shanabooks.de\/de\/wp-json\/wp\/v2\/media?parent=13009"}],"wp:term":[{"taxonomy":"product_brand","embeddable":true,"href":"https:\/\/shanabooks.de\/de\/wp-json\/wp\/v2\/product_brand?post=13009"},{"taxonomy":"product_cat","embeddable":true,"href":"https:\/\/shanabooks.de\/de\/wp-json\/wp\/v2\/product_cat?post=13009"},{"taxonomy":"product_tag","embeddable":true,"href":"https:\/\/shanabooks.de\/de\/wp-json\/wp\/v2\/product_tag?post=13009"}],"curies":[{"name":"wp","href":"https:\/\/api.w.org\/{rel}","templated":true}]}}