{"id":13012,"date":"2024-03-03T19:48:38","date_gmt":"2024-03-03T19:48:38","guid":{"rendered":"https:\/\/shanabooks.de\/?post_type=product&#038;p=13012"},"modified":"2026-02-14T16:45:34","modified_gmt":"2026-02-14T16:45:34","slug":"gava-ku-masi-ti-dibin-helim-yusiv","status":"publish","type":"product","link":"https:\/\/shanabooks.de\/de\/product\/gava-ku-masi-ti-dibin-helim-yusiv\/","title":{"rendered":"Gava Ku Mas\u00ee T\u00ee Dibin"},"content":{"rendered":"<p style=\"text-align: left\"><strong>Gava Ku Mas\u00ee T\u00ee Dibin &#8211; Hel\u00eem Y\u00fbsiv<\/strong><\/p>\n<p style=\"text-align: left\"><span style=\"font-family: Verdana\">Gava Ku Mas\u00ee T\u00ee Dibin, romana kesek\u00ee \u00fb dewrek\u00ea ye: Mas\u00ee bi xatir\u00ea ev\u00eena Berf\u00een\u00ea dide ser r\u00eaya \u00e7iy\u00ea, dibe \u015fervanek \u00fb li w\u00ea der\u00ea ev\u00eena w\u00ee ya \u015fexs\u00ee bi ya welat re dibe yek. Di heman dem\u00ea de ev roman, a nif\u015fek\u00ee fedakar \u00fb b\u00eanav e. Wek\u00ee r\u00fbdan\u00ean dema xwe ya t\u00ear-qerqe\u015f\u00fbn, bi r\u00eetma zemanek\u00ee lezg\u00een diherike, ji dewra xwe panaromeyek\u00ea n\u00ee\u015fan dide.\u00a0<\/span><\/p>\n<p style=\"text-align: left\"><span style=\"font-family: Verdana\">Hel\u00eem Y\u00fbsiv, bi cewhera hunermendek\u00ee astbilind \u00fb afir\u00eener kedek\u00ea dide ziman \u00fb vegotina berhem\u00ea. Bi v\u00ee away\u00ee hem ziman ji z\u00eadehiyan rizgar dike \u00fb hem j\u00ee deriy\u00ea vegotineke teze vedike.<\/span><\/p>\n","protected":false},"excerpt":{"rendered":"<p style=\"text-align: center\"><strong>Pirt\u00fbk: Gava Ku Mas\u00ee T\u00ee Dibin<br \/>\nNiv\u00eeskar: Hel\u00eem Y\u00fbsiv<\/strong><strong><br \/>\nCure: Roman<\/strong><\/p>\n","protected":false},"featured_media":13068,"template":"","meta":{"site-sidebar-layout":"default","site-content-layout":"","ast-site-content-layout":"default","site-content-style":"default","site-sidebar-style":"default","ast-global-header-display":"","ast-banner-title-visibility":"","ast-main-header-display":"","ast-hfb-above-header-display":"","ast-hfb-below-header-display":"","ast-hfb-mobile-header-display":"","site-post-title":"","ast-breadcrumbs-content":"","ast-featured-img":"","footer-sml-layout":"","ast-disable-related-posts":"","theme-transparent-header-meta":"default","adv-header-id-meta":"","stick-header-meta":"","header-above-stick-meta":"","header-main-stick-meta":"","header-below-stick-meta":"","astra-migrate-meta-layouts":"set","ast-page-background-enabled":"default","ast-page-background-meta":{"desktop":{"background-color":"","background-image":"","background-repeat":"repeat","background-position":"center center","background-size":"auto","background-attachment":"scroll","background-type":"","background-media":"","overlay-type":"","overlay-color":"","overlay-opacity":"","overlay-gradient":""},"tablet":{"background-color":"","background-image":"","background-repeat":"repeat","background-position":"center center","background-size":"auto","background-attachment":"scroll","background-type":"","background-media":"","overlay-type":"","overlay-color":"","overlay-opacity":"","overlay-gradient":""},"mobile":{"background-color":"","background-image":"","background-repeat":"repeat","background-position":"center center","background-size":"auto","background-attachment":"scroll","background-type":"","background-media":"","overlay-type":"","overlay-color":"","overlay-opacity":"","overlay-gradient":""}},"ast-content-background-meta":{"desktop":{"background-color":"var(--ast-global-color-5)","background-image":"","background-repeat":"repeat","background-position":"center center","background-size":"auto","background-attachment":"scroll","background-type":"","background-media":"","overlay-type":"","overlay-color":"","overlay-opacity":"","overlay-gradient":""},"tablet":{"background-color":"var(--ast-global-color-5)","background-image":"","background-repeat":"repeat","background-position":"center center","background-size":"auto","background-attachment":"scroll","background-type":"","background-media":"","overlay-type":"","overlay-color":"","overlay-opacity":"","overlay-gradient":""},"mobile":{"background-color":"var(--ast-global-color-5)","background-image":"","background-repeat":"repeat","background-position":"center center","background-size":"auto","background-attachment":"scroll","background-type":"","background-media":"","overlay-type":"","overlay-color":"","overlay-opacity":"","overlay-gradient":""}}},"product_brand":[],"product_cat":[182,193],"product_tag":[],"class_list":{"0":"post-13012","1":"product","2":"type-product","3":"status-publish","4":"has-post-thumbnail","6":"product_cat-_","7":"product_cat--_","8":"pa_-roman","9":"pa_-helim-yusiv","10":"pa_-kurmanci","11":"pa_--peywend-yayinlari","12":"desktop-align-left","13":"tablet-align-left","14":"mobile-align-left","16":"first","17":"instock","18":"shipping-taxable","19":"purchasable","20":"product-type-simple"},"yoast_head":"<!-- This site is optimized with the Yoast SEO plugin v27.5 - https:\/\/yoast.com\/product\/yoast-seo-wordpress\/ -->\n<title>Gava Ku Mas\u00ee T\u00ee Dibin - Hel\u00eem Y\u00fbsiv - www.shanabooks.de<\/title>\n<meta name=\"description\" content=\"Gava Ku Mas\u00ee T\u00ee Dibin - Hel\u00eem Y\u00fbsiv Gava Ku Mas\u00ee T\u00ee Dibin, romana kesek\u00ee \u00fb dewrek\u00ea ye: Mas\u00ee bi xatir\u00ea ev\u00eena Berf\u00een\u00ea dide ser r\u00eaya \u00e7iy\u00ea, dibe \u015fervanek \u00fb ...\" \/>\n<meta name=\"robots\" content=\"index, follow, max-snippet:-1, max-image-preview:large, max-video-preview:-1\" \/>\n<link rel=\"canonical\" href=\"https:\/\/shanabooks.de\/product\/gava-ku-masi-ti-dibin-helim-yusiv\/\" \/>\n<meta property=\"og:locale\" content=\"de_DE\" \/>\n<meta property=\"og:type\" content=\"article\" \/>\n<meta property=\"og:title\" content=\"Gava Ku Mas\u00ee T\u00ee Dibin - Hel\u00eem Y\u00fbsiv - www.shanabooks.de\" \/>\n<meta property=\"og:description\" content=\"Gava Ku Mas\u00ee T\u00ee Dibin - Hel\u00eem Y\u00fbsiv Gava Ku Mas\u00ee T\u00ee Dibin, romana kesek\u00ee \u00fb dewrek\u00ea ye: Mas\u00ee bi xatir\u00ea ev\u00eena Berf\u00een\u00ea dide ser r\u00eaya \u00e7iy\u00ea, dibe \u015fervanek \u00fb ...\" \/>\n<meta property=\"og:url\" content=\"https:\/\/shanabooks.de\/product\/gava-ku-masi-ti-dibin-helim-yusiv\/\" \/>\n<meta property=\"og:site_name\" content=\"www.shanabooks.de\" \/>\n<meta property=\"article:modified_time\" content=\"2026-02-14T16:45:34+00:00\" \/>\n<meta property=\"og:image\" content=\"https:\/\/shanabooks.de\/wp-content\/uploads\/2024\/03\/Gava-ku-Masi-Ti-dibin.png\" \/>\n\t<meta property=\"og:image:width\" content=\"301\" \/>\n\t<meta property=\"og:image:height\" content=\"474\" \/>\n\t<meta property=\"og:image:type\" content=\"image\/png\" \/>\n<meta name=\"twitter:card\" content=\"summary_large_image\" \/>\n<meta name=\"twitter:label1\" content=\"Gesch\u00e4tzte Lesezeit\" \/>\n\t<meta name=\"twitter:data1\" content=\"1\u00a0Minute\" \/>\n<script type=\"application\/ld+json\" class=\"yoast-schema-graph\">{\"@context\":\"https:\\\/\\\/schema.org\",\"@graph\":[{\"@type\":\"WebPage\",\"@id\":\"https:\\\/\\\/shanabooks.de\\\/product\\\/gava-ku-masi-ti-dibin-helim-yusiv\\\/\",\"url\":\"https:\\\/\\\/shanabooks.de\\\/product\\\/gava-ku-masi-ti-dibin-helim-yusiv\\\/\",\"name\":\"Gava Ku Mas\u00ee T\u00ee Dibin - Hel\u00eem Y\u00fbsiv - www.shanabooks.de\",\"isPartOf\":{\"@id\":\"https:\\\/\\\/shanabooks.de\\\/#website\"},\"primaryImageOfPage\":{\"@id\":\"https:\\\/\\\/shanabooks.de\\\/product\\\/gava-ku-masi-ti-dibin-helim-yusiv\\\/#primaryimage\"},\"image\":{\"@id\":\"https:\\\/\\\/shanabooks.de\\\/product\\\/gava-ku-masi-ti-dibin-helim-yusiv\\\/#primaryimage\"},\"thumbnailUrl\":\"https:\\\/\\\/shanabooks.de\\\/wp-content\\\/uploads\\\/2024\\\/03\\\/Gava-ku-Masi-Ti-dibin.png\",\"datePublished\":\"2024-03-03T19:48:38+00:00\",\"dateModified\":\"2026-02-14T16:45:34+00:00\",\"description\":\"Gava Ku Mas\u00ee T\u00ee Dibin - Hel\u00eem Y\u00fbsiv Gava Ku Mas\u00ee T\u00ee Dibin, romana kesek\u00ee \u00fb dewrek\u00ea ye: Mas\u00ee bi xatir\u00ea ev\u00eena Berf\u00een\u00ea dide ser r\u00eaya \u00e7iy\u00ea, dibe \u015fervanek \u00fb ...\",\"breadcrumb\":{\"@id\":\"https:\\\/\\\/shanabooks.de\\\/product\\\/gava-ku-masi-ti-dibin-helim-yusiv\\\/#breadcrumb\"},\"inLanguage\":\"de\",\"potentialAction\":[{\"@type\":\"ReadAction\",\"target\":[\"https:\\\/\\\/shanabooks.de\\\/product\\\/gava-ku-masi-ti-dibin-helim-yusiv\\\/\"]}]},{\"@type\":\"ImageObject\",\"inLanguage\":\"de\",\"@id\":\"https:\\\/\\\/shanabooks.de\\\/product\\\/gava-ku-masi-ti-dibin-helim-yusiv\\\/#primaryimage\",\"url\":\"https:\\\/\\\/shanabooks.de\\\/wp-content\\\/uploads\\\/2024\\\/03\\\/Gava-ku-Masi-Ti-dibin.png\",\"contentUrl\":\"https:\\\/\\\/shanabooks.de\\\/wp-content\\\/uploads\\\/2024\\\/03\\\/Gava-ku-Masi-Ti-dibin.png\",\"width\":301,\"height\":474,\"caption\":\"Gava Ku Mas\u00ee T\u00ee Dibin - Hel\u00eem Y\u00fbsiv - pirt\u00fbk\u00ean kurd\u00ee\"},{\"@type\":\"BreadcrumbList\",\"@id\":\"https:\\\/\\\/shanabooks.de\\\/product\\\/gava-ku-masi-ti-dibin-helim-yusiv\\\/#breadcrumb\",\"itemListElement\":[{\"@type\":\"ListItem\",\"position\":1,\"name\":\"\u0627\u0644\u0631\u0626\u064a\u0633\u064a\u0629\",\"item\":\"https:\\\/\\\/shanabooks.de\\\/de\\\/\"},{\"@type\":\"ListItem\",\"position\":2,\"name\":\"\u0627\u0644\u0645\u0646\u062a\u062c\u0627\u062a\",\"item\":\"https:\\\/\\\/shanabooks.de\\\/shop\\\/\"},{\"@type\":\"ListItem\",\"position\":3,\"name\":\"Gava Ku Mas\u00ee T\u00ee Dibin\"}]},{\"@type\":\"WebSite\",\"@id\":\"https:\\\/\\\/shanabooks.de\\\/#website\",\"url\":\"https:\\\/\\\/shanabooks.de\\\/\",\"name\":\"www.shanbooks.de\",\"description\":\"C\u00eehana Pirt\u00fbk\u00ean Kurd\u00ee \u0645\u0643\u062a\u0628\u0629 \u0634\u0627\u0646\u0627 \u0641\u064a \u0627\u0644\u0645\u0627\u0646\u064a\u0627 \u0648\u0623\u0648\u0631\u0628\u0627\",\"publisher\":{\"@id\":\"https:\\\/\\\/shanabooks.de\\\/#organization\"},\"potentialAction\":[{\"@type\":\"SearchAction\",\"target\":{\"@type\":\"EntryPoint\",\"urlTemplate\":\"https:\\\/\\\/shanabooks.de\\\/?s={search_term_string}\"},\"query-input\":{\"@type\":\"PropertyValueSpecification\",\"valueRequired\":true,\"valueName\":\"search_term_string\"}}],\"inLanguage\":\"de\"},{\"@type\":\"Organization\",\"@id\":\"https:\\\/\\\/shanabooks.de\\\/#organization\",\"name\":\"www.shanbooks.de\",\"url\":\"https:\\\/\\\/shanabooks.de\\\/\",\"logo\":{\"@type\":\"ImageObject\",\"inLanguage\":\"de\",\"@id\":\"https:\\\/\\\/shanabooks.de\\\/#\\\/schema\\\/logo\\\/image\\\/\",\"url\":\"https:\\\/\\\/shanabooks.de\\\/wp-content\\\/uploads\\\/2024\\\/03\\\/SHANABOOKS__2_-removebg-preview.png\",\"contentUrl\":\"https:\\\/\\\/shanabooks.de\\\/wp-content\\\/uploads\\\/2024\\\/03\\\/SHANABOOKS__2_-removebg-preview.png\",\"width\":700,\"height\":150,\"caption\":\"www.shanbooks.de\"},\"image\":{\"@id\":\"https:\\\/\\\/shanabooks.de\\\/#\\\/schema\\\/logo\\\/image\\\/\"}}]}<\/script>\n<!-- \/ Yoast SEO plugin. -->","yoast_head_json":{"title":"Gava Ku Mas\u00ee T\u00ee Dibin - Hel\u00eem Y\u00fbsiv - www.shanabooks.de","description":"Gava Ku Mas\u00ee T\u00ee Dibin - Hel\u00eem Y\u00fbsiv Gava Ku Mas\u00ee T\u00ee Dibin, romana kesek\u00ee \u00fb dewrek\u00ea ye: Mas\u00ee bi xatir\u00ea ev\u00eena Berf\u00een\u00ea dide ser r\u00eaya \u00e7iy\u00ea, dibe \u015fervanek \u00fb ...","robots":{"index":"index","follow":"follow","max-snippet":"max-snippet:-1","max-image-preview":"max-image-preview:large","max-video-preview":"max-video-preview:-1"},"canonical":"https:\/\/shanabooks.de\/product\/gava-ku-masi-ti-dibin-helim-yusiv\/","og_locale":"de_DE","og_type":"article","og_title":"Gava Ku Mas\u00ee T\u00ee Dibin - Hel\u00eem Y\u00fbsiv - www.shanabooks.de","og_description":"Gava Ku Mas\u00ee T\u00ee Dibin - Hel\u00eem Y\u00fbsiv Gava Ku Mas\u00ee T\u00ee Dibin, romana kesek\u00ee \u00fb dewrek\u00ea ye: Mas\u00ee bi xatir\u00ea ev\u00eena Berf\u00een\u00ea dide ser r\u00eaya \u00e7iy\u00ea, dibe \u015fervanek \u00fb ...","og_url":"https:\/\/shanabooks.de\/product\/gava-ku-masi-ti-dibin-helim-yusiv\/","og_site_name":"www.shanabooks.de","article_modified_time":"2026-02-14T16:45:34+00:00","og_image":[{"width":301,"height":474,"url":"https:\/\/shanabooks.de\/wp-content\/uploads\/2024\/03\/Gava-ku-Masi-Ti-dibin.png","type":"image\/png"}],"twitter_card":"summary_large_image","twitter_misc":{"Gesch\u00e4tzte Lesezeit":"1\u00a0Minute"},"schema":{"@context":"https:\/\/schema.org","@graph":[{"@type":"WebPage","@id":"https:\/\/shanabooks.de\/product\/gava-ku-masi-ti-dibin-helim-yusiv\/","url":"https:\/\/shanabooks.de\/product\/gava-ku-masi-ti-dibin-helim-yusiv\/","name":"Gava Ku Mas\u00ee T\u00ee Dibin - Hel\u00eem Y\u00fbsiv - www.shanabooks.de","isPartOf":{"@id":"https:\/\/shanabooks.de\/#website"},"primaryImageOfPage":{"@id":"https:\/\/shanabooks.de\/product\/gava-ku-masi-ti-dibin-helim-yusiv\/#primaryimage"},"image":{"@id":"https:\/\/shanabooks.de\/product\/gava-ku-masi-ti-dibin-helim-yusiv\/#primaryimage"},"thumbnailUrl":"https:\/\/shanabooks.de\/wp-content\/uploads\/2024\/03\/Gava-ku-Masi-Ti-dibin.png","datePublished":"2024-03-03T19:48:38+00:00","dateModified":"2026-02-14T16:45:34+00:00","description":"Gava Ku Mas\u00ee T\u00ee Dibin - Hel\u00eem Y\u00fbsiv Gava Ku Mas\u00ee T\u00ee Dibin, romana kesek\u00ee \u00fb dewrek\u00ea ye: Mas\u00ee bi xatir\u00ea ev\u00eena Berf\u00een\u00ea dide ser r\u00eaya \u00e7iy\u00ea, dibe \u015fervanek \u00fb ...","breadcrumb":{"@id":"https:\/\/shanabooks.de\/product\/gava-ku-masi-ti-dibin-helim-yusiv\/#breadcrumb"},"inLanguage":"de","potentialAction":[{"@type":"ReadAction","target":["https:\/\/shanabooks.de\/product\/gava-ku-masi-ti-dibin-helim-yusiv\/"]}]},{"@type":"ImageObject","inLanguage":"de","@id":"https:\/\/shanabooks.de\/product\/gava-ku-masi-ti-dibin-helim-yusiv\/#primaryimage","url":"https:\/\/shanabooks.de\/wp-content\/uploads\/2024\/03\/Gava-ku-Masi-Ti-dibin.png","contentUrl":"https:\/\/shanabooks.de\/wp-content\/uploads\/2024\/03\/Gava-ku-Masi-Ti-dibin.png","width":301,"height":474,"caption":"Gava Ku Mas\u00ee T\u00ee Dibin - Hel\u00eem Y\u00fbsiv - pirt\u00fbk\u00ean kurd\u00ee"},{"@type":"BreadcrumbList","@id":"https:\/\/shanabooks.de\/product\/gava-ku-masi-ti-dibin-helim-yusiv\/#breadcrumb","itemListElement":[{"@type":"ListItem","position":1,"name":"\u0627\u0644\u0631\u0626\u064a\u0633\u064a\u0629","item":"https:\/\/shanabooks.de\/de\/"},{"@type":"ListItem","position":2,"name":"\u0627\u0644\u0645\u0646\u062a\u062c\u0627\u062a","item":"https:\/\/shanabooks.de\/shop\/"},{"@type":"ListItem","position":3,"name":"Gava Ku Mas\u00ee T\u00ee Dibin"}]},{"@type":"WebSite","@id":"https:\/\/shanabooks.de\/#website","url":"https:\/\/shanabooks.de\/","name":"www.shanbooks.de","description":"C\u00eehana Pirt\u00fbk\u00ean Kurd\u00ee \u0645\u0643\u062a\u0628\u0629 \u0634\u0627\u0646\u0627 \u0641\u064a \u0627\u0644\u0645\u0627\u0646\u064a\u0627 \u0648\u0623\u0648\u0631\u0628\u0627","publisher":{"@id":"https:\/\/shanabooks.de\/#organization"},"potentialAction":[{"@type":"SearchAction","target":{"@type":"EntryPoint","urlTemplate":"https:\/\/shanabooks.de\/?s={search_term_string}"},"query-input":{"@type":"PropertyValueSpecification","valueRequired":true,"valueName":"search_term_string"}}],"inLanguage":"de"},{"@type":"Organization","@id":"https:\/\/shanabooks.de\/#organization","name":"www.shanbooks.de","url":"https:\/\/shanabooks.de\/","logo":{"@type":"ImageObject","inLanguage":"de","@id":"https:\/\/shanabooks.de\/#\/schema\/logo\/image\/","url":"https:\/\/shanabooks.de\/wp-content\/uploads\/2024\/03\/SHANABOOKS__2_-removebg-preview.png","contentUrl":"https:\/\/shanabooks.de\/wp-content\/uploads\/2024\/03\/SHANABOOKS__2_-removebg-preview.png","width":700,"height":150,"caption":"www.shanbooks.de"},"image":{"@id":"https:\/\/shanabooks.de\/#\/schema\/logo\/image\/"}}]}},"jetpack_sharing_enabled":true,"_links":{"self":[{"href":"https:\/\/shanabooks.de\/de\/wp-json\/wp\/v2\/product\/13012","targetHints":{"allow":["GET"]}}],"collection":[{"href":"https:\/\/shanabooks.de\/de\/wp-json\/wp\/v2\/product"}],"about":[{"href":"https:\/\/shanabooks.de\/de\/wp-json\/wp\/v2\/types\/product"}],"version-history":[{"count":2,"href":"https:\/\/shanabooks.de\/de\/wp-json\/wp\/v2\/product\/13012\/revisions"}],"predecessor-version":[{"id":13911,"href":"https:\/\/shanabooks.de\/de\/wp-json\/wp\/v2\/product\/13012\/revisions\/13911"}],"wp:featuredmedia":[{"embeddable":true,"href":"https:\/\/shanabooks.de\/de\/wp-json\/wp\/v2\/media\/13068"}],"wp:attachment":[{"href":"https:\/\/shanabooks.de\/de\/wp-json\/wp\/v2\/media?parent=13012"}],"wp:term":[{"taxonomy":"product_brand","embeddable":true,"href":"https:\/\/shanabooks.de\/de\/wp-json\/wp\/v2\/product_brand?post=13012"},{"taxonomy":"product_cat","embeddable":true,"href":"https:\/\/shanabooks.de\/de\/wp-json\/wp\/v2\/product_cat?post=13012"},{"taxonomy":"product_tag","embeddable":true,"href":"https:\/\/shanabooks.de\/de\/wp-json\/wp\/v2\/product_tag?post=13012"}],"curies":[{"name":"wp","href":"https:\/\/api.w.org\/{rel}","templated":true}]}}