{"id":13023,"date":"2024-03-03T19:48:39","date_gmt":"2024-03-03T19:48:39","guid":{"rendered":"https:\/\/shanabooks.de\/?post_type=product&#038;p=13023"},"modified":"2024-04-08T17:50:12","modified_gmt":"2024-04-08T17:50:12","slug":"seta-miro-mem-bawer","status":"publish","type":"product","link":"https:\/\/shanabooks.de\/de\/product\/seta-miro-mem-bawer\/","title":{"rendered":"Seta M\u00eero"},"content":{"rendered":"<p style=\"text-align: left\"><strong>Seta M\u00eero &#8211; Mem Bawer<\/strong><\/p>\n<p style=\"text-align: left\">\u00a0M\u00ceRO-F\u00ear\u00ee Demsalan Dibe<br \/>\nM\u00eero, di v\u00ea pirt\u00fbk\u00ea de f\u00ear\u00ee nav\u00ean demsalan dibe. Bi dor\u00ea di zivistan, bihar, hav\u00een \u00fb pay\u00eez\u00ea da tev\u00ee malbata xwe \u00fb heval\u00ean xwe dil\u00eeze. Di her demsalek\u00ea da f\u00ear\u00ee ti\u015ft\u00ean gelek xwe\u015f dibe. Ji kal\u00ea xwe M\u00eerkal f\u00ear\u00ee \u00e7andin\u00eey\u00ea dibe \u00fb pa\u015f\u00ea bi hev ra strana demsalan distr\u00ean. M\u00eero di demsala hav\u00een\u00ea da hevalek\u00ee n\u00fb j\u00ee nas2 M\u00ceRO- F\u00ear\u00ee Hejmaran Dibe<br \/>\nM\u00eero rojek\u00ea li mitfex\u00ea li cem d\u00eaya xwe r\u00fbni\u015ft\u00eeye \u00fb xwarin dixe. M\u00eero, li wir ji d\u00eaya xwe nav\u00ea \u015fiklan h\u00een dibe. Pa\u015f\u00ea ji heval\u00ea xwe S\u00eemore j\u00ee f\u00ear\u00ee hejmaran dibe. Ew heval\u00ean xwe bi hev ra dijm\u00earin, dil\u00eezin \u00fb f\u00ear\u00ee ti\u015ft\u00ean n\u00fb dibin. Di v\u00ea pirt\u00fbk\u00ea da li ser jimaran starenek j\u00ee heye3 M\u00ceRO- Di\u00e7e Newroz\u00ea<br \/>\nDi v\u00ea pirt\u00fbk\u00ea da M\u00eero, ji bav\u00ea xwe Destana Kawa \u00fb \u00e7\u00eeroka Newroz\u00ea guhdar\u00ee dike. Pa\u015f\u00ea roja din tev\u00ee bav\u00ea xwe cil \u00fb berg\u00ean kurdewar li xwe dikin \u00fb di\u00e7in li qad\u00ea cejna Newroz\u00ea p\u00eeroz dikin. Ev pirt\u00fbk bi awayek\u00ee helbestk\u00ee hat\u00eeye nivis\u00een.4 M\u00eero-Dibe Astronot<br \/>\nM\u00eero di v\u00ea serp\u00eahat\u00eeya xwe da, rojek\u00ea li odeya xwe dil\u00eeze \u00fb her car\u00ea dixwaze bibe ti\u015ftek\u00ea. M\u00eero carcaran dixwaze bibe, w\u00eanesaz, mamoste, avah\u00eesaz, bij\u00ee\u015fk, agirkuj, astronot, muz\u00eekjen \u00fb \u015fanoger. Di v\u00ea pirt\u00fbk\u00ea da zarok bi saya M\u00eero hem\u00fb p\u00ee\u015feyan nas dikin. F\u00ear\u00ee taybet\u00eey\u00ean p\u00ee\u015feyan dibin.5-M\u00ceRO- Di\u00e7e Dibistan\u00ea<br \/>\nM\u00eero dest bi dibistan\u00ea dike. Ew \u00fb heval\u00ean xwe di\u00e7in dibistan\u00ea w\u00eaneyan boyax dikin, di dersa b\u00eerkar\u00eey\u00ea da f\u00ear\u00ee jimaran dibin. Li xwaringeh\u00ea xwarin dixwin. Bi p\u00eal\u00eestokan dil\u00eezin \u00fb ji mamosteya xwe f\u00ear\u00ee strananan dibin. Heval\u00ea wan Soro naxwaze bi\u00e7e dibistan\u00ea l\u00ea pa\u015f\u00ea ew j\u00ee tevli wan dibe \u00fb ji dibistan\u00ea gelek\u00ee hez dike.<\/p>\n<p style=\"text-align: left\">\n<p style=\"text-align: left\">\n","protected":false},"excerpt":{"rendered":"<p style=\"text-align: center\"><strong>Pirt\u00fbk: Seta M\u00eero<\/strong><br \/>\n<strong>Niv\u00eeskar: Mem Bawer<\/strong><br \/>\n<strong>Cure: Pirt\u00fbk\u00ean zarokan<\/strong><\/p>\n","protected":false},"featured_media":13087,"template":"","meta":{"site-sidebar-layout":"default","site-content-layout":"","ast-site-content-layout":"default","site-content-style":"default","site-sidebar-style":"default","ast-global-header-display":"","ast-banner-title-visibility":"","ast-main-header-display":"","ast-hfb-above-header-display":"","ast-hfb-below-header-display":"","ast-hfb-mobile-header-display":"","site-post-title":"","ast-breadcrumbs-content":"","ast-featured-img":"","footer-sml-layout":"","ast-disable-related-posts":"","theme-transparent-header-meta":"default","adv-header-id-meta":"","stick-header-meta":"","header-above-stick-meta":"","header-main-stick-meta":"","header-below-stick-meta":"","astra-migrate-meta-layouts":"set","ast-page-background-enabled":"default","ast-page-background-meta":{"desktop":{"background-color":"","background-image":"","background-repeat":"repeat","background-position":"center center","background-size":"auto","background-attachment":"scroll","background-type":"","background-media":"","overlay-type":"","overlay-color":"","overlay-opacity":"","overlay-gradient":""},"tablet":{"background-color":"","background-image":"","background-repeat":"repeat","background-position":"center center","background-size":"auto","background-attachment":"scroll","background-type":"","background-media":"","overlay-type":"","overlay-color":"","overlay-opacity":"","overlay-gradient":""},"mobile":{"background-color":"","background-image":"","background-repeat":"repeat","background-position":"center center","background-size":"auto","background-attachment":"scroll","background-type":"","background-media":"","overlay-type":"","overlay-color":"","overlay-opacity":"","overlay-gradient":""}},"ast-content-background-meta":{"desktop":{"background-color":"var(--ast-global-color-5)","background-image":"","background-repeat":"repeat","background-position":"center center","background-size":"auto","background-attachment":"scroll","background-type":"","background-media":"","overlay-type":"","overlay-color":"","overlay-opacity":"","overlay-gradient":""},"tablet":{"background-color":"var(--ast-global-color-5)","background-image":"","background-repeat":"repeat","background-position":"center center","background-size":"auto","background-attachment":"scroll","background-type":"","background-media":"","overlay-type":"","overlay-color":"","overlay-opacity":"","overlay-gradient":""},"mobile":{"background-color":"var(--ast-global-color-5)","background-image":"","background-repeat":"repeat","background-position":"center center","background-size":"auto","background-attachment":"scroll","background-type":"","background-media":"","overlay-type":"","overlay-color":"","overlay-opacity":"","overlay-gradient":""}}},"product_brand":[],"product_cat":[194,193],"product_tag":[],"class_list":{"0":"post-13023","1":"product","2":"type-product","3":"status-publish","4":"has-post-thumbnail","6":"product_cat--_","8":"pa_-zarok","9":"pa_-mem-bawer","10":"pa_-kurmanci","11":"pa_--mori-zarok","12":"desktop-align-left","13":"tablet-align-left","14":"mobile-align-left","16":"first","17":"instock","18":"shipping-taxable","19":"purchasable","20":"product-type-simple"},"yoast_head":"<!-- This site is optimized with the Yoast SEO plugin v27.4 - https:\/\/yoast.com\/product\/yoast-seo-wordpress\/ -->\n<title>Seta M\u00eero - Mem Bawer - www.shanabooks.de<\/title>\n<meta name=\"description\" content=\"Seta M\u00eero - Mem Bawer M\u00eero, di v\u00ea pirt\u00fbk\u00ea de f\u00ear\u00ee nav\u00ean demsalan dibe. Bi dor\u00ea di zivistan, bihar, hav\u00een \u00fb pay\u00eez\u00ea da tev\u00ee malbata xwe \u00fb heval\u00ean xwe dil\u00eez...\" \/>\n<meta name=\"robots\" content=\"index, follow, max-snippet:-1, max-image-preview:large, max-video-preview:-1\" \/>\n<link rel=\"canonical\" href=\"https:\/\/shanabooks.de\/product\/seta-miro-mem-bawer\/\" \/>\n<meta property=\"og:locale\" content=\"de_DE\" \/>\n<meta property=\"og:type\" content=\"article\" \/>\n<meta property=\"og:title\" content=\"Seta M\u00eero - Mem Bawer - www.shanabooks.de\" \/>\n<meta property=\"og:description\" content=\"Seta M\u00eero - Mem Bawer M\u00eero, di v\u00ea pirt\u00fbk\u00ea de f\u00ear\u00ee nav\u00ean demsalan dibe. Bi dor\u00ea di zivistan, bihar, hav\u00een \u00fb pay\u00eez\u00ea da tev\u00ee malbata xwe \u00fb heval\u00ean xwe dil\u00eez...\" \/>\n<meta property=\"og:url\" content=\"https:\/\/shanabooks.de\/product\/seta-miro-mem-bawer\/\" \/>\n<meta property=\"og:site_name\" content=\"www.shanabooks.de\" \/>\n<meta property=\"article:modified_time\" content=\"2024-04-08T17:50:12+00:00\" \/>\n<meta property=\"og:image\" content=\"https:\/\/shanabooks.de\/wp-content\/uploads\/2024\/03\/seta-Miro.webp\" \/>\n\t<meta property=\"og:image:width\" content=\"194\" \/>\n\t<meta property=\"og:image:height\" content=\"240\" \/>\n\t<meta property=\"og:image:type\" content=\"image\/webp\" \/>\n<meta name=\"twitter:card\" content=\"summary_large_image\" \/>\n<meta name=\"twitter:label1\" content=\"Gesch\u00e4tzte Lesezeit\" \/>\n\t<meta name=\"twitter:data1\" content=\"3\u00a0Minuten\" \/>\n<script type=\"application\/ld+json\" class=\"yoast-schema-graph\">{\"@context\":\"https:\\\/\\\/schema.org\",\"@graph\":[{\"@type\":\"WebPage\",\"@id\":\"https:\\\/\\\/shanabooks.de\\\/product\\\/seta-miro-mem-bawer\\\/\",\"url\":\"https:\\\/\\\/shanabooks.de\\\/product\\\/seta-miro-mem-bawer\\\/\",\"name\":\"Seta M\u00eero - Mem Bawer - www.shanabooks.de\",\"isPartOf\":{\"@id\":\"https:\\\/\\\/shanabooks.de\\\/#website\"},\"primaryImageOfPage\":{\"@id\":\"https:\\\/\\\/shanabooks.de\\\/product\\\/seta-miro-mem-bawer\\\/#primaryimage\"},\"image\":{\"@id\":\"https:\\\/\\\/shanabooks.de\\\/product\\\/seta-miro-mem-bawer\\\/#primaryimage\"},\"thumbnailUrl\":\"https:\\\/\\\/shanabooks.de\\\/wp-content\\\/uploads\\\/2024\\\/03\\\/seta-Miro.webp\",\"datePublished\":\"2024-03-03T19:48:39+00:00\",\"dateModified\":\"2024-04-08T17:50:12+00:00\",\"description\":\"Seta M\u00eero - Mem Bawer M\u00eero, di v\u00ea pirt\u00fbk\u00ea de f\u00ear\u00ee nav\u00ean demsalan dibe. Bi dor\u00ea di zivistan, bihar, hav\u00een \u00fb pay\u00eez\u00ea da tev\u00ee malbata xwe \u00fb heval\u00ean xwe dil\u00eez...\",\"breadcrumb\":{\"@id\":\"https:\\\/\\\/shanabooks.de\\\/product\\\/seta-miro-mem-bawer\\\/#breadcrumb\"},\"inLanguage\":\"de\",\"potentialAction\":[{\"@type\":\"ReadAction\",\"target\":[\"https:\\\/\\\/shanabooks.de\\\/product\\\/seta-miro-mem-bawer\\\/\"]}]},{\"@type\":\"ImageObject\",\"inLanguage\":\"de\",\"@id\":\"https:\\\/\\\/shanabooks.de\\\/product\\\/seta-miro-mem-bawer\\\/#primaryimage\",\"url\":\"https:\\\/\\\/shanabooks.de\\\/wp-content\\\/uploads\\\/2024\\\/03\\\/seta-Miro.webp\",\"contentUrl\":\"https:\\\/\\\/shanabooks.de\\\/wp-content\\\/uploads\\\/2024\\\/03\\\/seta-Miro.webp\",\"width\":194,\"height\":240,\"caption\":\"Seta M\u00eero - Mem Bawer - pirt\u00fbk\u00ean kurd\u00ee\"},{\"@type\":\"BreadcrumbList\",\"@id\":\"https:\\\/\\\/shanabooks.de\\\/product\\\/seta-miro-mem-bawer\\\/#breadcrumb\",\"itemListElement\":[{\"@type\":\"ListItem\",\"position\":1,\"name\":\"\u0627\u0644\u0631\u0626\u064a\u0633\u064a\u0629\",\"item\":\"https:\\\/\\\/shanabooks.de\\\/de\\\/\"},{\"@type\":\"ListItem\",\"position\":2,\"name\":\"\u0627\u0644\u0645\u0646\u062a\u062c\u0627\u062a\",\"item\":\"https:\\\/\\\/shanabooks.de\\\/shop\\\/\"},{\"@type\":\"ListItem\",\"position\":3,\"name\":\"Seta M\u00eero\"}]},{\"@type\":\"WebSite\",\"@id\":\"https:\\\/\\\/shanabooks.de\\\/#website\",\"url\":\"https:\\\/\\\/shanabooks.de\\\/\",\"name\":\"www.shanbooks.de\",\"description\":\"C\u00eehana Pirt\u00fbk\u00ean Kurd\u00ee \u0645\u0643\u062a\u0628\u0629 \u0634\u0627\u0646\u0627 \u0641\u064a \u0627\u0644\u0645\u0627\u0646\u064a\u0627 \u0648\u0623\u0648\u0631\u0628\u0627\",\"publisher\":{\"@id\":\"https:\\\/\\\/shanabooks.de\\\/#organization\"},\"potentialAction\":[{\"@type\":\"SearchAction\",\"target\":{\"@type\":\"EntryPoint\",\"urlTemplate\":\"https:\\\/\\\/shanabooks.de\\\/?s={search_term_string}\"},\"query-input\":{\"@type\":\"PropertyValueSpecification\",\"valueRequired\":true,\"valueName\":\"search_term_string\"}}],\"inLanguage\":\"de\"},{\"@type\":\"Organization\",\"@id\":\"https:\\\/\\\/shanabooks.de\\\/#organization\",\"name\":\"www.shanbooks.de\",\"url\":\"https:\\\/\\\/shanabooks.de\\\/\",\"logo\":{\"@type\":\"ImageObject\",\"inLanguage\":\"de\",\"@id\":\"https:\\\/\\\/shanabooks.de\\\/#\\\/schema\\\/logo\\\/image\\\/\",\"url\":\"https:\\\/\\\/shanabooks.de\\\/wp-content\\\/uploads\\\/2024\\\/03\\\/SHANABOOKS__2_-removebg-preview.png\",\"contentUrl\":\"https:\\\/\\\/shanabooks.de\\\/wp-content\\\/uploads\\\/2024\\\/03\\\/SHANABOOKS__2_-removebg-preview.png\",\"width\":700,\"height\":150,\"caption\":\"www.shanbooks.de\"},\"image\":{\"@id\":\"https:\\\/\\\/shanabooks.de\\\/#\\\/schema\\\/logo\\\/image\\\/\"}}]}<\/script>\n<!-- \/ Yoast SEO plugin. -->","yoast_head_json":{"title":"Seta M\u00eero - Mem Bawer - www.shanabooks.de","description":"Seta M\u00eero - Mem Bawer M\u00eero, di v\u00ea pirt\u00fbk\u00ea de f\u00ear\u00ee nav\u00ean demsalan dibe. Bi dor\u00ea di zivistan, bihar, hav\u00een \u00fb pay\u00eez\u00ea da tev\u00ee malbata xwe \u00fb heval\u00ean xwe dil\u00eez...","robots":{"index":"index","follow":"follow","max-snippet":"max-snippet:-1","max-image-preview":"max-image-preview:large","max-video-preview":"max-video-preview:-1"},"canonical":"https:\/\/shanabooks.de\/product\/seta-miro-mem-bawer\/","og_locale":"de_DE","og_type":"article","og_title":"Seta M\u00eero - Mem Bawer - www.shanabooks.de","og_description":"Seta M\u00eero - Mem Bawer M\u00eero, di v\u00ea pirt\u00fbk\u00ea de f\u00ear\u00ee nav\u00ean demsalan dibe. Bi dor\u00ea di zivistan, bihar, hav\u00een \u00fb pay\u00eez\u00ea da tev\u00ee malbata xwe \u00fb heval\u00ean xwe dil\u00eez...","og_url":"https:\/\/shanabooks.de\/product\/seta-miro-mem-bawer\/","og_site_name":"www.shanabooks.de","article_modified_time":"2024-04-08T17:50:12+00:00","og_image":[{"width":194,"height":240,"url":"https:\/\/shanabooks.de\/wp-content\/uploads\/2024\/03\/seta-Miro.webp","type":"image\/webp"}],"twitter_card":"summary_large_image","twitter_misc":{"Gesch\u00e4tzte Lesezeit":"3\u00a0Minuten"},"schema":{"@context":"https:\/\/schema.org","@graph":[{"@type":"WebPage","@id":"https:\/\/shanabooks.de\/product\/seta-miro-mem-bawer\/","url":"https:\/\/shanabooks.de\/product\/seta-miro-mem-bawer\/","name":"Seta M\u00eero - Mem Bawer - www.shanabooks.de","isPartOf":{"@id":"https:\/\/shanabooks.de\/#website"},"primaryImageOfPage":{"@id":"https:\/\/shanabooks.de\/product\/seta-miro-mem-bawer\/#primaryimage"},"image":{"@id":"https:\/\/shanabooks.de\/product\/seta-miro-mem-bawer\/#primaryimage"},"thumbnailUrl":"https:\/\/shanabooks.de\/wp-content\/uploads\/2024\/03\/seta-Miro.webp","datePublished":"2024-03-03T19:48:39+00:00","dateModified":"2024-04-08T17:50:12+00:00","description":"Seta M\u00eero - Mem Bawer M\u00eero, di v\u00ea pirt\u00fbk\u00ea de f\u00ear\u00ee nav\u00ean demsalan dibe. Bi dor\u00ea di zivistan, bihar, hav\u00een \u00fb pay\u00eez\u00ea da tev\u00ee malbata xwe \u00fb heval\u00ean xwe dil\u00eez...","breadcrumb":{"@id":"https:\/\/shanabooks.de\/product\/seta-miro-mem-bawer\/#breadcrumb"},"inLanguage":"de","potentialAction":[{"@type":"ReadAction","target":["https:\/\/shanabooks.de\/product\/seta-miro-mem-bawer\/"]}]},{"@type":"ImageObject","inLanguage":"de","@id":"https:\/\/shanabooks.de\/product\/seta-miro-mem-bawer\/#primaryimage","url":"https:\/\/shanabooks.de\/wp-content\/uploads\/2024\/03\/seta-Miro.webp","contentUrl":"https:\/\/shanabooks.de\/wp-content\/uploads\/2024\/03\/seta-Miro.webp","width":194,"height":240,"caption":"Seta M\u00eero - Mem Bawer - pirt\u00fbk\u00ean kurd\u00ee"},{"@type":"BreadcrumbList","@id":"https:\/\/shanabooks.de\/product\/seta-miro-mem-bawer\/#breadcrumb","itemListElement":[{"@type":"ListItem","position":1,"name":"\u0627\u0644\u0631\u0626\u064a\u0633\u064a\u0629","item":"https:\/\/shanabooks.de\/de\/"},{"@type":"ListItem","position":2,"name":"\u0627\u0644\u0645\u0646\u062a\u062c\u0627\u062a","item":"https:\/\/shanabooks.de\/shop\/"},{"@type":"ListItem","position":3,"name":"Seta M\u00eero"}]},{"@type":"WebSite","@id":"https:\/\/shanabooks.de\/#website","url":"https:\/\/shanabooks.de\/","name":"www.shanbooks.de","description":"C\u00eehana Pirt\u00fbk\u00ean Kurd\u00ee \u0645\u0643\u062a\u0628\u0629 \u0634\u0627\u0646\u0627 \u0641\u064a \u0627\u0644\u0645\u0627\u0646\u064a\u0627 \u0648\u0623\u0648\u0631\u0628\u0627","publisher":{"@id":"https:\/\/shanabooks.de\/#organization"},"potentialAction":[{"@type":"SearchAction","target":{"@type":"EntryPoint","urlTemplate":"https:\/\/shanabooks.de\/?s={search_term_string}"},"query-input":{"@type":"PropertyValueSpecification","valueRequired":true,"valueName":"search_term_string"}}],"inLanguage":"de"},{"@type":"Organization","@id":"https:\/\/shanabooks.de\/#organization","name":"www.shanbooks.de","url":"https:\/\/shanabooks.de\/","logo":{"@type":"ImageObject","inLanguage":"de","@id":"https:\/\/shanabooks.de\/#\/schema\/logo\/image\/","url":"https:\/\/shanabooks.de\/wp-content\/uploads\/2024\/03\/SHANABOOKS__2_-removebg-preview.png","contentUrl":"https:\/\/shanabooks.de\/wp-content\/uploads\/2024\/03\/SHANABOOKS__2_-removebg-preview.png","width":700,"height":150,"caption":"www.shanbooks.de"},"image":{"@id":"https:\/\/shanabooks.de\/#\/schema\/logo\/image\/"}}]}},"jetpack_sharing_enabled":true,"_links":{"self":[{"href":"https:\/\/shanabooks.de\/de\/wp-json\/wp\/v2\/product\/13023","targetHints":{"allow":["GET"]}}],"collection":[{"href":"https:\/\/shanabooks.de\/de\/wp-json\/wp\/v2\/product"}],"about":[{"href":"https:\/\/shanabooks.de\/de\/wp-json\/wp\/v2\/types\/product"}],"version-history":[{"count":3,"href":"https:\/\/shanabooks.de\/de\/wp-json\/wp\/v2\/product\/13023\/revisions"}],"predecessor-version":[{"id":23376,"href":"https:\/\/shanabooks.de\/de\/wp-json\/wp\/v2\/product\/13023\/revisions\/23376"}],"wp:featuredmedia":[{"embeddable":true,"href":"https:\/\/shanabooks.de\/de\/wp-json\/wp\/v2\/media\/13087"}],"wp:attachment":[{"href":"https:\/\/shanabooks.de\/de\/wp-json\/wp\/v2\/media?parent=13023"}],"wp:term":[{"taxonomy":"product_brand","embeddable":true,"href":"https:\/\/shanabooks.de\/de\/wp-json\/wp\/v2\/product_brand?post=13023"},{"taxonomy":"product_cat","embeddable":true,"href":"https:\/\/shanabooks.de\/de\/wp-json\/wp\/v2\/product_cat?post=13023"},{"taxonomy":"product_tag","embeddable":true,"href":"https:\/\/shanabooks.de\/de\/wp-json\/wp\/v2\/product_tag?post=13023"}],"curies":[{"name":"wp","href":"https:\/\/api.w.org\/{rel}","templated":true}]}}