{"id":13024,"date":"2024-03-03T19:48:39","date_gmt":"2024-03-03T19:48:39","guid":{"rendered":"https:\/\/shanabooks.de\/?post_type=product&#038;p=13024"},"modified":"2024-04-08T17:55:50","modified_gmt":"2024-04-08T17:55:50","slug":"mirze-miheme-mihemed-polat","status":"publish","type":"product","link":"https:\/\/shanabooks.de\/de\/product\/mirze-miheme-mihemed-polat\/","title":{"rendered":"M\u00eerze Miheme"},"content":{"rendered":"<p style=\"text-align: left\"><strong>M\u00eerze Miheme &#8211; Mihemed Polat<\/strong><\/p>\n<p style=\"font-weight: 400;text-align: left\">Pirt\u00fbka M\u00eerze Miheme, ji du \u00e7\u00eerok\u00ean dir\u00eaj p\u00eak t\u00ea. \u00c7\u00eeroka p\u00ea\u015f\u00ee \u201cM\u00eerze Miheme \u00fb Ke\u00e7a \u015e\u00eax\u00ea Ereban\u201d ya duyem \u201cM\u00eerze Miheme \u00fb \u00c7ilkez\u00eey\u00ea\u201d ye. Her du \u00e7\u00eerok j\u00ee her yek ji yek\u00ea xwe\u015ftir e. L\u00ea bi taybet\u00ee \u00e7\u00eeroka duyem, bi tevn \u00fb leheng\u00ean xwe y\u00ean fantast\u00eek d\u00ea xeyalgeha zarokan t\u00ear \u00fb tije bike. Di tevna her du \u00e7\u00eerokan de \u00e7and \u00fb xwezaya \u015f\u00fbnwar\u00ean kevnar \u00fb gelek peyv\u00ean kurdewar j\u00ee bi reng\u00ean bedew hatine neqi\u015fandin.<\/p>\n<p style=\"text-align: left\">\n","protected":false},"excerpt":{"rendered":"<p style=\"text-align: center\"><strong>Pirt\u00fbk: M\u00eerze Miheme<\/strong><br \/>\n<strong>Niv\u00eeskar: Mihemed Polat<\/strong><br \/>\n<strong>Cure: pirt\u00fbk\u00ean zarokan<\/strong><\/p>\n","protected":false},"featured_media":13089,"template":"","meta":{"site-sidebar-layout":"default","site-content-layout":"","ast-site-content-layout":"default","site-content-style":"default","site-sidebar-style":"default","ast-global-header-display":"","ast-banner-title-visibility":"","ast-main-header-display":"","ast-hfb-above-header-display":"","ast-hfb-below-header-display":"","ast-hfb-mobile-header-display":"","site-post-title":"","ast-breadcrumbs-content":"","ast-featured-img":"","footer-sml-layout":"","ast-disable-related-posts":"","theme-transparent-header-meta":"default","adv-header-id-meta":"","stick-header-meta":"","header-above-stick-meta":"","header-main-stick-meta":"","header-below-stick-meta":"","astra-migrate-meta-layouts":"set","ast-page-background-enabled":"default","ast-page-background-meta":{"desktop":{"background-color":"","background-image":"","background-repeat":"repeat","background-position":"center center","background-size":"auto","background-attachment":"scroll","background-type":"","background-media":"","overlay-type":"","overlay-color":"","overlay-opacity":"","overlay-gradient":""},"tablet":{"background-color":"","background-image":"","background-repeat":"repeat","background-position":"center center","background-size":"auto","background-attachment":"scroll","background-type":"","background-media":"","overlay-type":"","overlay-color":"","overlay-opacity":"","overlay-gradient":""},"mobile":{"background-color":"","background-image":"","background-repeat":"repeat","background-position":"center center","background-size":"auto","background-attachment":"scroll","background-type":"","background-media":"","overlay-type":"","overlay-color":"","overlay-opacity":"","overlay-gradient":""}},"ast-content-background-meta":{"desktop":{"background-color":"var(--ast-global-color-5)","background-image":"","background-repeat":"repeat","background-position":"center center","background-size":"auto","background-attachment":"scroll","background-type":"","background-media":"","overlay-type":"","overlay-color":"","overlay-opacity":"","overlay-gradient":""},"tablet":{"background-color":"var(--ast-global-color-5)","background-image":"","background-repeat":"repeat","background-position":"center center","background-size":"auto","background-attachment":"scroll","background-type":"","background-media":"","overlay-type":"","overlay-color":"","overlay-opacity":"","overlay-gradient":""},"mobile":{"background-color":"var(--ast-global-color-5)","background-image":"","background-repeat":"repeat","background-position":"center center","background-size":"auto","background-attachment":"scroll","background-type":"","background-media":"","overlay-type":"","overlay-color":"","overlay-opacity":"","overlay-gradient":""}}},"product_brand":[],"product_cat":[194,193],"product_tag":[],"class_list":{"0":"post-13024","1":"product","2":"type-product","3":"status-publish","4":"has-post-thumbnail","6":"product_cat--_","8":"pa_-zarok","9":"pa_-mihemed-polat","10":"pa_-kurmanci","11":"pa_--mori-zarok","12":"desktop-align-left","13":"tablet-align-left","14":"mobile-align-left","16":"first","17":"outofstock","18":"shipping-taxable","19":"purchasable","20":"product-type-simple"},"yoast_head":"<!-- This site is optimized with the Yoast SEO plugin v27.4 - https:\/\/yoast.com\/product\/yoast-seo-wordpress\/ -->\n<title>M\u00eerze Miheme - Mihemed Polat - www.shanabooks.de<\/title>\n<meta name=\"description\" content=\"M\u00eerze Miheme - Mihemed Polat Pirt\u00fbka M\u00eerze Miheme, ji du \u00e7\u00eerok\u00ean dir\u00eaj p\u00eak t\u00ea. \u00c7\u00eeroka p\u00ea\u015f\u00ee \u201cM\u00eerze Miheme \u00fb Ke\u00e7a \u015e\u00eax\u00ea Ereban\u201d ya duyem \u201cM\u00eerze Miheme \u00fb ...\" \/>\n<meta name=\"robots\" content=\"index, follow, max-snippet:-1, max-image-preview:large, max-video-preview:-1\" \/>\n<link rel=\"canonical\" href=\"https:\/\/shanabooks.de\/product\/mirze-miheme-mihemed-polat\/\" \/>\n<meta property=\"og:locale\" content=\"de_DE\" \/>\n<meta property=\"og:type\" content=\"article\" \/>\n<meta property=\"og:title\" content=\"M\u00eerze Miheme - Mihemed Polat - www.shanabooks.de\" \/>\n<meta property=\"og:description\" content=\"M\u00eerze Miheme - Mihemed Polat Pirt\u00fbka M\u00eerze Miheme, ji du \u00e7\u00eerok\u00ean dir\u00eaj p\u00eak t\u00ea. \u00c7\u00eeroka p\u00ea\u015f\u00ee \u201cM\u00eerze Miheme \u00fb Ke\u00e7a \u015e\u00eax\u00ea Ereban\u201d ya duyem \u201cM\u00eerze Miheme \u00fb ...\" \/>\n<meta property=\"og:url\" content=\"https:\/\/shanabooks.de\/product\/mirze-miheme-mihemed-polat\/\" \/>\n<meta property=\"og:site_name\" content=\"www.shanabooks.de\" \/>\n<meta property=\"article:modified_time\" content=\"2024-04-08T17:55:50+00:00\" \/>\n<meta property=\"og:image\" content=\"https:\/\/shanabooks.de\/wp-content\/uploads\/2024\/03\/Mirza-Miheme.webp\" \/>\n\t<meta property=\"og:image:width\" content=\"818\" \/>\n\t<meta property=\"og:image:height\" content=\"1188\" \/>\n\t<meta property=\"og:image:type\" content=\"image\/webp\" \/>\n<meta name=\"twitter:card\" content=\"summary_large_image\" \/>\n<meta name=\"twitter:label1\" content=\"Gesch\u00e4tzte Lesezeit\" \/>\n\t<meta name=\"twitter:data1\" content=\"1\u00a0Minute\" \/>\n<script type=\"application\/ld+json\" class=\"yoast-schema-graph\">{\"@context\":\"https:\\\/\\\/schema.org\",\"@graph\":[{\"@type\":\"WebPage\",\"@id\":\"https:\\\/\\\/shanabooks.de\\\/product\\\/mirze-miheme-mihemed-polat\\\/\",\"url\":\"https:\\\/\\\/shanabooks.de\\\/product\\\/mirze-miheme-mihemed-polat\\\/\",\"name\":\"M\u00eerze Miheme - Mihemed Polat - www.shanabooks.de\",\"isPartOf\":{\"@id\":\"https:\\\/\\\/shanabooks.de\\\/#website\"},\"primaryImageOfPage\":{\"@id\":\"https:\\\/\\\/shanabooks.de\\\/product\\\/mirze-miheme-mihemed-polat\\\/#primaryimage\"},\"image\":{\"@id\":\"https:\\\/\\\/shanabooks.de\\\/product\\\/mirze-miheme-mihemed-polat\\\/#primaryimage\"},\"thumbnailUrl\":\"https:\\\/\\\/shanabooks.de\\\/wp-content\\\/uploads\\\/2024\\\/03\\\/Mirza-Miheme.webp\",\"datePublished\":\"2024-03-03T19:48:39+00:00\",\"dateModified\":\"2024-04-08T17:55:50+00:00\",\"description\":\"M\u00eerze Miheme - Mihemed Polat Pirt\u00fbka M\u00eerze Miheme, ji du \u00e7\u00eerok\u00ean dir\u00eaj p\u00eak t\u00ea. \u00c7\u00eeroka p\u00ea\u015f\u00ee \u201cM\u00eerze Miheme \u00fb Ke\u00e7a \u015e\u00eax\u00ea Ereban\u201d ya duyem \u201cM\u00eerze Miheme \u00fb ...\",\"breadcrumb\":{\"@id\":\"https:\\\/\\\/shanabooks.de\\\/product\\\/mirze-miheme-mihemed-polat\\\/#breadcrumb\"},\"inLanguage\":\"de\",\"potentialAction\":[{\"@type\":\"ReadAction\",\"target\":[\"https:\\\/\\\/shanabooks.de\\\/product\\\/mirze-miheme-mihemed-polat\\\/\"]}]},{\"@type\":\"ImageObject\",\"inLanguage\":\"de\",\"@id\":\"https:\\\/\\\/shanabooks.de\\\/product\\\/mirze-miheme-mihemed-polat\\\/#primaryimage\",\"url\":\"https:\\\/\\\/shanabooks.de\\\/wp-content\\\/uploads\\\/2024\\\/03\\\/Mirza-Miheme.webp\",\"contentUrl\":\"https:\\\/\\\/shanabooks.de\\\/wp-content\\\/uploads\\\/2024\\\/03\\\/Mirza-Miheme.webp\",\"width\":818,\"height\":1188,\"caption\":\"M\u00eerze Miheme - Mihemed Polat - pirt\u00fbk\u00ean kurd\u00ee -zarok\"},{\"@type\":\"BreadcrumbList\",\"@id\":\"https:\\\/\\\/shanabooks.de\\\/product\\\/mirze-miheme-mihemed-polat\\\/#breadcrumb\",\"itemListElement\":[{\"@type\":\"ListItem\",\"position\":1,\"name\":\"\u0627\u0644\u0631\u0626\u064a\u0633\u064a\u0629\",\"item\":\"https:\\\/\\\/shanabooks.de\\\/de\\\/\"},{\"@type\":\"ListItem\",\"position\":2,\"name\":\"\u0627\u0644\u0645\u0646\u062a\u062c\u0627\u062a\",\"item\":\"https:\\\/\\\/shanabooks.de\\\/shop\\\/\"},{\"@type\":\"ListItem\",\"position\":3,\"name\":\"M\u00eerze Miheme\"}]},{\"@type\":\"WebSite\",\"@id\":\"https:\\\/\\\/shanabooks.de\\\/#website\",\"url\":\"https:\\\/\\\/shanabooks.de\\\/\",\"name\":\"www.shanbooks.de\",\"description\":\"C\u00eehana Pirt\u00fbk\u00ean Kurd\u00ee \u0645\u0643\u062a\u0628\u0629 \u0634\u0627\u0646\u0627 \u0641\u064a \u0627\u0644\u0645\u0627\u0646\u064a\u0627 \u0648\u0623\u0648\u0631\u0628\u0627\",\"publisher\":{\"@id\":\"https:\\\/\\\/shanabooks.de\\\/#organization\"},\"potentialAction\":[{\"@type\":\"SearchAction\",\"target\":{\"@type\":\"EntryPoint\",\"urlTemplate\":\"https:\\\/\\\/shanabooks.de\\\/?s={search_term_string}\"},\"query-input\":{\"@type\":\"PropertyValueSpecification\",\"valueRequired\":true,\"valueName\":\"search_term_string\"}}],\"inLanguage\":\"de\"},{\"@type\":\"Organization\",\"@id\":\"https:\\\/\\\/shanabooks.de\\\/#organization\",\"name\":\"www.shanbooks.de\",\"url\":\"https:\\\/\\\/shanabooks.de\\\/\",\"logo\":{\"@type\":\"ImageObject\",\"inLanguage\":\"de\",\"@id\":\"https:\\\/\\\/shanabooks.de\\\/#\\\/schema\\\/logo\\\/image\\\/\",\"url\":\"https:\\\/\\\/shanabooks.de\\\/wp-content\\\/uploads\\\/2024\\\/03\\\/SHANABOOKS__2_-removebg-preview.png\",\"contentUrl\":\"https:\\\/\\\/shanabooks.de\\\/wp-content\\\/uploads\\\/2024\\\/03\\\/SHANABOOKS__2_-removebg-preview.png\",\"width\":700,\"height\":150,\"caption\":\"www.shanbooks.de\"},\"image\":{\"@id\":\"https:\\\/\\\/shanabooks.de\\\/#\\\/schema\\\/logo\\\/image\\\/\"}}]}<\/script>\n<!-- \/ Yoast SEO plugin. -->","yoast_head_json":{"title":"M\u00eerze Miheme - Mihemed Polat - www.shanabooks.de","description":"M\u00eerze Miheme - Mihemed Polat Pirt\u00fbka M\u00eerze Miheme, ji du \u00e7\u00eerok\u00ean dir\u00eaj p\u00eak t\u00ea. \u00c7\u00eeroka p\u00ea\u015f\u00ee \u201cM\u00eerze Miheme \u00fb Ke\u00e7a \u015e\u00eax\u00ea Ereban\u201d ya duyem \u201cM\u00eerze Miheme \u00fb ...","robots":{"index":"index","follow":"follow","max-snippet":"max-snippet:-1","max-image-preview":"max-image-preview:large","max-video-preview":"max-video-preview:-1"},"canonical":"https:\/\/shanabooks.de\/product\/mirze-miheme-mihemed-polat\/","og_locale":"de_DE","og_type":"article","og_title":"M\u00eerze Miheme - Mihemed Polat - www.shanabooks.de","og_description":"M\u00eerze Miheme - Mihemed Polat Pirt\u00fbka M\u00eerze Miheme, ji du \u00e7\u00eerok\u00ean dir\u00eaj p\u00eak t\u00ea. \u00c7\u00eeroka p\u00ea\u015f\u00ee \u201cM\u00eerze Miheme \u00fb Ke\u00e7a \u015e\u00eax\u00ea Ereban\u201d ya duyem \u201cM\u00eerze Miheme \u00fb ...","og_url":"https:\/\/shanabooks.de\/product\/mirze-miheme-mihemed-polat\/","og_site_name":"www.shanabooks.de","article_modified_time":"2024-04-08T17:55:50+00:00","og_image":[{"width":818,"height":1188,"url":"https:\/\/shanabooks.de\/wp-content\/uploads\/2024\/03\/Mirza-Miheme.webp","type":"image\/webp"}],"twitter_card":"summary_large_image","twitter_misc":{"Gesch\u00e4tzte Lesezeit":"1\u00a0Minute"},"schema":{"@context":"https:\/\/schema.org","@graph":[{"@type":"WebPage","@id":"https:\/\/shanabooks.de\/product\/mirze-miheme-mihemed-polat\/","url":"https:\/\/shanabooks.de\/product\/mirze-miheme-mihemed-polat\/","name":"M\u00eerze Miheme - Mihemed Polat - www.shanabooks.de","isPartOf":{"@id":"https:\/\/shanabooks.de\/#website"},"primaryImageOfPage":{"@id":"https:\/\/shanabooks.de\/product\/mirze-miheme-mihemed-polat\/#primaryimage"},"image":{"@id":"https:\/\/shanabooks.de\/product\/mirze-miheme-mihemed-polat\/#primaryimage"},"thumbnailUrl":"https:\/\/shanabooks.de\/wp-content\/uploads\/2024\/03\/Mirza-Miheme.webp","datePublished":"2024-03-03T19:48:39+00:00","dateModified":"2024-04-08T17:55:50+00:00","description":"M\u00eerze Miheme - Mihemed Polat Pirt\u00fbka M\u00eerze Miheme, ji du \u00e7\u00eerok\u00ean dir\u00eaj p\u00eak t\u00ea. \u00c7\u00eeroka p\u00ea\u015f\u00ee \u201cM\u00eerze Miheme \u00fb Ke\u00e7a \u015e\u00eax\u00ea Ereban\u201d ya duyem \u201cM\u00eerze Miheme \u00fb ...","breadcrumb":{"@id":"https:\/\/shanabooks.de\/product\/mirze-miheme-mihemed-polat\/#breadcrumb"},"inLanguage":"de","potentialAction":[{"@type":"ReadAction","target":["https:\/\/shanabooks.de\/product\/mirze-miheme-mihemed-polat\/"]}]},{"@type":"ImageObject","inLanguage":"de","@id":"https:\/\/shanabooks.de\/product\/mirze-miheme-mihemed-polat\/#primaryimage","url":"https:\/\/shanabooks.de\/wp-content\/uploads\/2024\/03\/Mirza-Miheme.webp","contentUrl":"https:\/\/shanabooks.de\/wp-content\/uploads\/2024\/03\/Mirza-Miheme.webp","width":818,"height":1188,"caption":"M\u00eerze Miheme - Mihemed Polat - pirt\u00fbk\u00ean kurd\u00ee -zarok"},{"@type":"BreadcrumbList","@id":"https:\/\/shanabooks.de\/product\/mirze-miheme-mihemed-polat\/#breadcrumb","itemListElement":[{"@type":"ListItem","position":1,"name":"\u0627\u0644\u0631\u0626\u064a\u0633\u064a\u0629","item":"https:\/\/shanabooks.de\/de\/"},{"@type":"ListItem","position":2,"name":"\u0627\u0644\u0645\u0646\u062a\u062c\u0627\u062a","item":"https:\/\/shanabooks.de\/shop\/"},{"@type":"ListItem","position":3,"name":"M\u00eerze Miheme"}]},{"@type":"WebSite","@id":"https:\/\/shanabooks.de\/#website","url":"https:\/\/shanabooks.de\/","name":"www.shanbooks.de","description":"C\u00eehana Pirt\u00fbk\u00ean Kurd\u00ee \u0645\u0643\u062a\u0628\u0629 \u0634\u0627\u0646\u0627 \u0641\u064a \u0627\u0644\u0645\u0627\u0646\u064a\u0627 \u0648\u0623\u0648\u0631\u0628\u0627","publisher":{"@id":"https:\/\/shanabooks.de\/#organization"},"potentialAction":[{"@type":"SearchAction","target":{"@type":"EntryPoint","urlTemplate":"https:\/\/shanabooks.de\/?s={search_term_string}"},"query-input":{"@type":"PropertyValueSpecification","valueRequired":true,"valueName":"search_term_string"}}],"inLanguage":"de"},{"@type":"Organization","@id":"https:\/\/shanabooks.de\/#organization","name":"www.shanbooks.de","url":"https:\/\/shanabooks.de\/","logo":{"@type":"ImageObject","inLanguage":"de","@id":"https:\/\/shanabooks.de\/#\/schema\/logo\/image\/","url":"https:\/\/shanabooks.de\/wp-content\/uploads\/2024\/03\/SHANABOOKS__2_-removebg-preview.png","contentUrl":"https:\/\/shanabooks.de\/wp-content\/uploads\/2024\/03\/SHANABOOKS__2_-removebg-preview.png","width":700,"height":150,"caption":"www.shanbooks.de"},"image":{"@id":"https:\/\/shanabooks.de\/#\/schema\/logo\/image\/"}}]}},"jetpack_sharing_enabled":true,"_links":{"self":[{"href":"https:\/\/shanabooks.de\/de\/wp-json\/wp\/v2\/product\/13024","targetHints":{"allow":["GET"]}}],"collection":[{"href":"https:\/\/shanabooks.de\/de\/wp-json\/wp\/v2\/product"}],"about":[{"href":"https:\/\/shanabooks.de\/de\/wp-json\/wp\/v2\/types\/product"}],"version-history":[{"count":2,"href":"https:\/\/shanabooks.de\/de\/wp-json\/wp\/v2\/product\/13024\/revisions"}],"predecessor-version":[{"id":23378,"href":"https:\/\/shanabooks.de\/de\/wp-json\/wp\/v2\/product\/13024\/revisions\/23378"}],"wp:featuredmedia":[{"embeddable":true,"href":"https:\/\/shanabooks.de\/de\/wp-json\/wp\/v2\/media\/13089"}],"wp:attachment":[{"href":"https:\/\/shanabooks.de\/de\/wp-json\/wp\/v2\/media?parent=13024"}],"wp:term":[{"taxonomy":"product_brand","embeddable":true,"href":"https:\/\/shanabooks.de\/de\/wp-json\/wp\/v2\/product_brand?post=13024"},{"taxonomy":"product_cat","embeddable":true,"href":"https:\/\/shanabooks.de\/de\/wp-json\/wp\/v2\/product_cat?post=13024"},{"taxonomy":"product_tag","embeddable":true,"href":"https:\/\/shanabooks.de\/de\/wp-json\/wp\/v2\/product_tag?post=13024"}],"curies":[{"name":"wp","href":"https:\/\/api.w.org\/{rel}","templated":true}]}}