{"id":13025,"date":"2024-03-03T19:48:39","date_gmt":"2024-03-03T19:48:39","guid":{"rendered":"https:\/\/shanabooks.de\/?post_type=product&#038;p=13025"},"modified":"2024-04-08T18:01:05","modified_gmt":"2024-04-08T18:01:05","slug":"dara-piroz-berfin-ayse-ogut","status":"publish","type":"product","link":"https:\/\/shanabooks.de\/de\/product\/dara-piroz-berfin-ayse-ogut\/","title":{"rendered":"Dara P\u00eeroz"},"content":{"rendered":"<p style=\"text-align: left\"><strong>Dara P\u00eeroz &#8211; Berf\u00een Ay\u015fe \u00d6g\u00fct<\/strong><\/p>\n<p style=\"font-weight: 400;text-align: left\">Dara P\u00eeroz, \u00e7\u00eeroka xwezay\u00ea ye. Zerya<br \/>\npi\u015ft\u00ee nexwe\u015f dikeve dareke xwe\u015fik t\u00ea<br \/>\nxewna w\u00ea \u00fb Zerya bi pey xewna xwe<br \/>\ndikeve. Zerya bi saya mi\u015fmi\u015f\u00ean dar\u00ea<br \/>\nxwezay\u00ea nas dike \u00fb her ku dikeve nav<br \/>\nxwezay\u00ea b\u00eahtir j\u00ea hez dike. Di \u00e7\u00eerok\u00ea<br \/>\nde serp\u00eahat\u00eeya Zeryay\u00ea ya ku li gund\u00ea<br \/>\nxal\u00ea w\u00ea derbas dibe t\u00ea qalkirin. Di<br \/>\nheman dem\u00ea de ev \u00e7\u00eerok xwezay\u00ea bi<br \/>\nzarokan dide hezkirin.<\/p>\n","protected":false},"excerpt":{"rendered":"<p style=\"text-align: center\"><strong>Pirt\u00fbk: Dara P\u00eeroz<\/strong><br \/>\n<strong>Niv\u00eeskar: Berf\u00een Ay\u015fe \u00d6g\u00fct<\/strong><br \/>\n<strong>Cure: Pirt\u00fbk\u00ean Zarokan<\/strong><\/p>\n","protected":false},"featured_media":13107,"template":"","meta":{"site-sidebar-layout":"default","site-content-layout":"","ast-site-content-layout":"default","site-content-style":"default","site-sidebar-style":"default","ast-global-header-display":"","ast-banner-title-visibility":"","ast-main-header-display":"","ast-hfb-above-header-display":"","ast-hfb-below-header-display":"","ast-hfb-mobile-header-display":"","site-post-title":"","ast-breadcrumbs-content":"","ast-featured-img":"","footer-sml-layout":"","ast-disable-related-posts":"","theme-transparent-header-meta":"default","adv-header-id-meta":"","stick-header-meta":"","header-above-stick-meta":"","header-main-stick-meta":"","header-below-stick-meta":"","astra-migrate-meta-layouts":"set","ast-page-background-enabled":"default","ast-page-background-meta":{"desktop":{"background-color":"","background-image":"","background-repeat":"repeat","background-position":"center center","background-size":"auto","background-attachment":"scroll","background-type":"","background-media":"","overlay-type":"","overlay-color":"","overlay-opacity":"","overlay-gradient":""},"tablet":{"background-color":"","background-image":"","background-repeat":"repeat","background-position":"center center","background-size":"auto","background-attachment":"scroll","background-type":"","background-media":"","overlay-type":"","overlay-color":"","overlay-opacity":"","overlay-gradient":""},"mobile":{"background-color":"","background-image":"","background-repeat":"repeat","background-position":"center center","background-size":"auto","background-attachment":"scroll","background-type":"","background-media":"","overlay-type":"","overlay-color":"","overlay-opacity":"","overlay-gradient":""}},"ast-content-background-meta":{"desktop":{"background-color":"var(--ast-global-color-5)","background-image":"","background-repeat":"repeat","background-position":"center center","background-size":"auto","background-attachment":"scroll","background-type":"","background-media":"","overlay-type":"","overlay-color":"","overlay-opacity":"","overlay-gradient":""},"tablet":{"background-color":"var(--ast-global-color-5)","background-image":"","background-repeat":"repeat","background-position":"center center","background-size":"auto","background-attachment":"scroll","background-type":"","background-media":"","overlay-type":"","overlay-color":"","overlay-opacity":"","overlay-gradient":""},"mobile":{"background-color":"var(--ast-global-color-5)","background-image":"","background-repeat":"repeat","background-position":"center center","background-size":"auto","background-attachment":"scroll","background-type":"","background-media":"","overlay-type":"","overlay-color":"","overlay-opacity":"","overlay-gradient":""}}},"product_brand":[],"product_cat":[194,193],"product_tag":[],"class_list":{"0":"post-13025","1":"product","2":"type-product","3":"status-publish","4":"has-post-thumbnail","6":"product_cat--_","8":"pa_-zarok","9":"pa_-berfin-ayse-ogut","10":"pa_-kurmanci","11":"pa_--mori-zarok","12":"desktop-align-left","13":"tablet-align-left","14":"mobile-align-left","16":"first","17":"instock","18":"shipping-taxable","19":"purchasable","20":"product-type-simple"},"yoast_head":"<!-- This site is optimized with the Yoast SEO plugin v27.4 - https:\/\/yoast.com\/product\/yoast-seo-wordpress\/ -->\n<title>Dara P\u00eeroz - Berf\u00een Ay\u015fe \u00d6g\u00fct - www.shanabooks.de<\/title>\n<meta name=\"description\" content=\"Dara P\u00eeroz - Berf\u00een Ay\u015fe \u00d6g\u00fct Dara P\u00eeroz, \u00e7\u00eeroka xwezay\u00ea ye. Zeryapi\u015ft\u00ee nexwe\u015f dikeve dareke xwe\u015fik t\u00eaxewna w\u00ea \u00fb Zerya bi pey xewna xwedikeve. Zerya bi ...\" \/>\n<meta name=\"robots\" content=\"index, follow, max-snippet:-1, max-image-preview:large, max-video-preview:-1\" \/>\n<link rel=\"canonical\" href=\"https:\/\/shanabooks.de\/product\/dara-piroz-berfin-ayse-ogut\/\" \/>\n<meta property=\"og:locale\" content=\"de_DE\" \/>\n<meta property=\"og:type\" content=\"article\" \/>\n<meta property=\"og:title\" content=\"Dara P\u00eeroz - Berf\u00een Ay\u015fe \u00d6g\u00fct - www.shanabooks.de\" \/>\n<meta property=\"og:description\" content=\"Dara P\u00eeroz - Berf\u00een Ay\u015fe \u00d6g\u00fct Dara P\u00eeroz, \u00e7\u00eeroka xwezay\u00ea ye. Zeryapi\u015ft\u00ee nexwe\u015f dikeve dareke xwe\u015fik t\u00eaxewna w\u00ea \u00fb Zerya bi pey xewna xwedikeve. Zerya bi ...\" \/>\n<meta property=\"og:url\" content=\"https:\/\/shanabooks.de\/product\/dara-piroz-berfin-ayse-ogut\/\" \/>\n<meta property=\"og:site_name\" content=\"www.shanabooks.de\" \/>\n<meta property=\"article:modified_time\" content=\"2024-04-08T18:01:05+00:00\" \/>\n<meta property=\"og:image\" content=\"https:\/\/shanabooks.de\/wp-content\/uploads\/2024\/03\/dara-piroz.webp\" \/>\n\t<meta property=\"og:image:width\" content=\"485\" \/>\n\t<meta property=\"og:image:height\" content=\"711\" \/>\n\t<meta property=\"og:image:type\" content=\"image\/webp\" \/>\n<meta name=\"twitter:card\" content=\"summary_large_image\" \/>\n<meta name=\"twitter:label1\" content=\"Gesch\u00e4tzte Lesezeit\" \/>\n\t<meta name=\"twitter:data1\" content=\"1\u00a0Minute\" \/>\n<script type=\"application\/ld+json\" class=\"yoast-schema-graph\">{\"@context\":\"https:\\\/\\\/schema.org\",\"@graph\":[{\"@type\":\"WebPage\",\"@id\":\"https:\\\/\\\/shanabooks.de\\\/product\\\/dara-piroz-berfin-ayse-ogut\\\/\",\"url\":\"https:\\\/\\\/shanabooks.de\\\/product\\\/dara-piroz-berfin-ayse-ogut\\\/\",\"name\":\"Dara P\u00eeroz - Berf\u00een Ay\u015fe \u00d6g\u00fct - www.shanabooks.de\",\"isPartOf\":{\"@id\":\"https:\\\/\\\/shanabooks.de\\\/#website\"},\"primaryImageOfPage\":{\"@id\":\"https:\\\/\\\/shanabooks.de\\\/product\\\/dara-piroz-berfin-ayse-ogut\\\/#primaryimage\"},\"image\":{\"@id\":\"https:\\\/\\\/shanabooks.de\\\/product\\\/dara-piroz-berfin-ayse-ogut\\\/#primaryimage\"},\"thumbnailUrl\":\"https:\\\/\\\/shanabooks.de\\\/wp-content\\\/uploads\\\/2024\\\/03\\\/dara-piroz.webp\",\"datePublished\":\"2024-03-03T19:48:39+00:00\",\"dateModified\":\"2024-04-08T18:01:05+00:00\",\"description\":\"Dara P\u00eeroz - Berf\u00een Ay\u015fe \u00d6g\u00fct Dara P\u00eeroz, \u00e7\u00eeroka xwezay\u00ea ye. Zeryapi\u015ft\u00ee nexwe\u015f dikeve dareke xwe\u015fik t\u00eaxewna w\u00ea \u00fb Zerya bi pey xewna xwedikeve. Zerya bi ...\",\"breadcrumb\":{\"@id\":\"https:\\\/\\\/shanabooks.de\\\/product\\\/dara-piroz-berfin-ayse-ogut\\\/#breadcrumb\"},\"inLanguage\":\"de\",\"potentialAction\":[{\"@type\":\"ReadAction\",\"target\":[\"https:\\\/\\\/shanabooks.de\\\/product\\\/dara-piroz-berfin-ayse-ogut\\\/\"]}]},{\"@type\":\"ImageObject\",\"inLanguage\":\"de\",\"@id\":\"https:\\\/\\\/shanabooks.de\\\/product\\\/dara-piroz-berfin-ayse-ogut\\\/#primaryimage\",\"url\":\"https:\\\/\\\/shanabooks.de\\\/wp-content\\\/uploads\\\/2024\\\/03\\\/dara-piroz.webp\",\"contentUrl\":\"https:\\\/\\\/shanabooks.de\\\/wp-content\\\/uploads\\\/2024\\\/03\\\/dara-piroz.webp\",\"width\":485,\"height\":711,\"caption\":\"Dara P\u00eeroz - Berf\u00een Ay\u015fe \u00d6g\u00fct - pirt\u00fbk\u00ean kurd\u00ee - zarok\"},{\"@type\":\"BreadcrumbList\",\"@id\":\"https:\\\/\\\/shanabooks.de\\\/product\\\/dara-piroz-berfin-ayse-ogut\\\/#breadcrumb\",\"itemListElement\":[{\"@type\":\"ListItem\",\"position\":1,\"name\":\"\u0627\u0644\u0631\u0626\u064a\u0633\u064a\u0629\",\"item\":\"https:\\\/\\\/shanabooks.de\\\/de\\\/\"},{\"@type\":\"ListItem\",\"position\":2,\"name\":\"\u0627\u0644\u0645\u0646\u062a\u062c\u0627\u062a\",\"item\":\"https:\\\/\\\/shanabooks.de\\\/shop\\\/\"},{\"@type\":\"ListItem\",\"position\":3,\"name\":\"Dara P\u00eeroz\"}]},{\"@type\":\"WebSite\",\"@id\":\"https:\\\/\\\/shanabooks.de\\\/#website\",\"url\":\"https:\\\/\\\/shanabooks.de\\\/\",\"name\":\"www.shanbooks.de\",\"description\":\"C\u00eehana Pirt\u00fbk\u00ean Kurd\u00ee \u0645\u0643\u062a\u0628\u0629 \u0634\u0627\u0646\u0627 \u0641\u064a \u0627\u0644\u0645\u0627\u0646\u064a\u0627 \u0648\u0623\u0648\u0631\u0628\u0627\",\"publisher\":{\"@id\":\"https:\\\/\\\/shanabooks.de\\\/#organization\"},\"potentialAction\":[{\"@type\":\"SearchAction\",\"target\":{\"@type\":\"EntryPoint\",\"urlTemplate\":\"https:\\\/\\\/shanabooks.de\\\/?s={search_term_string}\"},\"query-input\":{\"@type\":\"PropertyValueSpecification\",\"valueRequired\":true,\"valueName\":\"search_term_string\"}}],\"inLanguage\":\"de\"},{\"@type\":\"Organization\",\"@id\":\"https:\\\/\\\/shanabooks.de\\\/#organization\",\"name\":\"www.shanbooks.de\",\"url\":\"https:\\\/\\\/shanabooks.de\\\/\",\"logo\":{\"@type\":\"ImageObject\",\"inLanguage\":\"de\",\"@id\":\"https:\\\/\\\/shanabooks.de\\\/#\\\/schema\\\/logo\\\/image\\\/\",\"url\":\"https:\\\/\\\/shanabooks.de\\\/wp-content\\\/uploads\\\/2024\\\/03\\\/SHANABOOKS__2_-removebg-preview.png\",\"contentUrl\":\"https:\\\/\\\/shanabooks.de\\\/wp-content\\\/uploads\\\/2024\\\/03\\\/SHANABOOKS__2_-removebg-preview.png\",\"width\":700,\"height\":150,\"caption\":\"www.shanbooks.de\"},\"image\":{\"@id\":\"https:\\\/\\\/shanabooks.de\\\/#\\\/schema\\\/logo\\\/image\\\/\"}}]}<\/script>\n<!-- \/ Yoast SEO plugin. -->","yoast_head_json":{"title":"Dara P\u00eeroz - Berf\u00een Ay\u015fe \u00d6g\u00fct - www.shanabooks.de","description":"Dara P\u00eeroz - Berf\u00een Ay\u015fe \u00d6g\u00fct Dara P\u00eeroz, \u00e7\u00eeroka xwezay\u00ea ye. Zeryapi\u015ft\u00ee nexwe\u015f dikeve dareke xwe\u015fik t\u00eaxewna w\u00ea \u00fb Zerya bi pey xewna xwedikeve. Zerya bi ...","robots":{"index":"index","follow":"follow","max-snippet":"max-snippet:-1","max-image-preview":"max-image-preview:large","max-video-preview":"max-video-preview:-1"},"canonical":"https:\/\/shanabooks.de\/product\/dara-piroz-berfin-ayse-ogut\/","og_locale":"de_DE","og_type":"article","og_title":"Dara P\u00eeroz - Berf\u00een Ay\u015fe \u00d6g\u00fct - www.shanabooks.de","og_description":"Dara P\u00eeroz - Berf\u00een Ay\u015fe \u00d6g\u00fct Dara P\u00eeroz, \u00e7\u00eeroka xwezay\u00ea ye. Zeryapi\u015ft\u00ee nexwe\u015f dikeve dareke xwe\u015fik t\u00eaxewna w\u00ea \u00fb Zerya bi pey xewna xwedikeve. Zerya bi ...","og_url":"https:\/\/shanabooks.de\/product\/dara-piroz-berfin-ayse-ogut\/","og_site_name":"www.shanabooks.de","article_modified_time":"2024-04-08T18:01:05+00:00","og_image":[{"width":485,"height":711,"url":"https:\/\/shanabooks.de\/wp-content\/uploads\/2024\/03\/dara-piroz.webp","type":"image\/webp"}],"twitter_card":"summary_large_image","twitter_misc":{"Gesch\u00e4tzte Lesezeit":"1\u00a0Minute"},"schema":{"@context":"https:\/\/schema.org","@graph":[{"@type":"WebPage","@id":"https:\/\/shanabooks.de\/product\/dara-piroz-berfin-ayse-ogut\/","url":"https:\/\/shanabooks.de\/product\/dara-piroz-berfin-ayse-ogut\/","name":"Dara P\u00eeroz - Berf\u00een Ay\u015fe \u00d6g\u00fct - www.shanabooks.de","isPartOf":{"@id":"https:\/\/shanabooks.de\/#website"},"primaryImageOfPage":{"@id":"https:\/\/shanabooks.de\/product\/dara-piroz-berfin-ayse-ogut\/#primaryimage"},"image":{"@id":"https:\/\/shanabooks.de\/product\/dara-piroz-berfin-ayse-ogut\/#primaryimage"},"thumbnailUrl":"https:\/\/shanabooks.de\/wp-content\/uploads\/2024\/03\/dara-piroz.webp","datePublished":"2024-03-03T19:48:39+00:00","dateModified":"2024-04-08T18:01:05+00:00","description":"Dara P\u00eeroz - Berf\u00een Ay\u015fe \u00d6g\u00fct Dara P\u00eeroz, \u00e7\u00eeroka xwezay\u00ea ye. Zeryapi\u015ft\u00ee nexwe\u015f dikeve dareke xwe\u015fik t\u00eaxewna w\u00ea \u00fb Zerya bi pey xewna xwedikeve. Zerya bi ...","breadcrumb":{"@id":"https:\/\/shanabooks.de\/product\/dara-piroz-berfin-ayse-ogut\/#breadcrumb"},"inLanguage":"de","potentialAction":[{"@type":"ReadAction","target":["https:\/\/shanabooks.de\/product\/dara-piroz-berfin-ayse-ogut\/"]}]},{"@type":"ImageObject","inLanguage":"de","@id":"https:\/\/shanabooks.de\/product\/dara-piroz-berfin-ayse-ogut\/#primaryimage","url":"https:\/\/shanabooks.de\/wp-content\/uploads\/2024\/03\/dara-piroz.webp","contentUrl":"https:\/\/shanabooks.de\/wp-content\/uploads\/2024\/03\/dara-piroz.webp","width":485,"height":711,"caption":"Dara P\u00eeroz - Berf\u00een Ay\u015fe \u00d6g\u00fct - pirt\u00fbk\u00ean kurd\u00ee - zarok"},{"@type":"BreadcrumbList","@id":"https:\/\/shanabooks.de\/product\/dara-piroz-berfin-ayse-ogut\/#breadcrumb","itemListElement":[{"@type":"ListItem","position":1,"name":"\u0627\u0644\u0631\u0626\u064a\u0633\u064a\u0629","item":"https:\/\/shanabooks.de\/de\/"},{"@type":"ListItem","position":2,"name":"\u0627\u0644\u0645\u0646\u062a\u062c\u0627\u062a","item":"https:\/\/shanabooks.de\/shop\/"},{"@type":"ListItem","position":3,"name":"Dara P\u00eeroz"}]},{"@type":"WebSite","@id":"https:\/\/shanabooks.de\/#website","url":"https:\/\/shanabooks.de\/","name":"www.shanbooks.de","description":"C\u00eehana Pirt\u00fbk\u00ean Kurd\u00ee \u0645\u0643\u062a\u0628\u0629 \u0634\u0627\u0646\u0627 \u0641\u064a \u0627\u0644\u0645\u0627\u0646\u064a\u0627 \u0648\u0623\u0648\u0631\u0628\u0627","publisher":{"@id":"https:\/\/shanabooks.de\/#organization"},"potentialAction":[{"@type":"SearchAction","target":{"@type":"EntryPoint","urlTemplate":"https:\/\/shanabooks.de\/?s={search_term_string}"},"query-input":{"@type":"PropertyValueSpecification","valueRequired":true,"valueName":"search_term_string"}}],"inLanguage":"de"},{"@type":"Organization","@id":"https:\/\/shanabooks.de\/#organization","name":"www.shanbooks.de","url":"https:\/\/shanabooks.de\/","logo":{"@type":"ImageObject","inLanguage":"de","@id":"https:\/\/shanabooks.de\/#\/schema\/logo\/image\/","url":"https:\/\/shanabooks.de\/wp-content\/uploads\/2024\/03\/SHANABOOKS__2_-removebg-preview.png","contentUrl":"https:\/\/shanabooks.de\/wp-content\/uploads\/2024\/03\/SHANABOOKS__2_-removebg-preview.png","width":700,"height":150,"caption":"www.shanbooks.de"},"image":{"@id":"https:\/\/shanabooks.de\/#\/schema\/logo\/image\/"}}]}},"jetpack_sharing_enabled":true,"_links":{"self":[{"href":"https:\/\/shanabooks.de\/de\/wp-json\/wp\/v2\/product\/13025","targetHints":{"allow":["GET"]}}],"collection":[{"href":"https:\/\/shanabooks.de\/de\/wp-json\/wp\/v2\/product"}],"about":[{"href":"https:\/\/shanabooks.de\/de\/wp-json\/wp\/v2\/types\/product"}],"version-history":[{"count":2,"href":"https:\/\/shanabooks.de\/de\/wp-json\/wp\/v2\/product\/13025\/revisions"}],"predecessor-version":[{"id":23380,"href":"https:\/\/shanabooks.de\/de\/wp-json\/wp\/v2\/product\/13025\/revisions\/23380"}],"wp:featuredmedia":[{"embeddable":true,"href":"https:\/\/shanabooks.de\/de\/wp-json\/wp\/v2\/media\/13107"}],"wp:attachment":[{"href":"https:\/\/shanabooks.de\/de\/wp-json\/wp\/v2\/media?parent=13025"}],"wp:term":[{"taxonomy":"product_brand","embeddable":true,"href":"https:\/\/shanabooks.de\/de\/wp-json\/wp\/v2\/product_brand?post=13025"},{"taxonomy":"product_cat","embeddable":true,"href":"https:\/\/shanabooks.de\/de\/wp-json\/wp\/v2\/product_cat?post=13025"},{"taxonomy":"product_tag","embeddable":true,"href":"https:\/\/shanabooks.de\/de\/wp-json\/wp\/v2\/product_tag?post=13025"}],"curies":[{"name":"wp","href":"https:\/\/api.w.org\/{rel}","templated":true}]}}