{"id":13093,"date":"2024-03-03T19:49:27","date_gmt":"2024-03-03T19:49:27","guid":{"rendered":"https:\/\/shanabooks.de\/?post_type=product&#038;p=13093"},"modified":"2026-01-02T20:34:19","modified_gmt":"2026-01-02T20:34:19","slug":"kehreman-rezan-isa","status":"publish","type":"product","link":"https:\/\/shanabooks.de\/de\/product\/kehreman-rezan-isa\/","title":{"rendered":"Kehreman"},"content":{"rendered":"<p style=\"text-align: left;\"><strong>Kehreman &#8211; R\u00eazan \u00cesa<\/strong><\/p>\n<div dir=\"auto\" style=\"text-align: left;\">Roj wek hev derbas nedib\u00fbn, Nal\u00een\u00ea piran\u00eeya dema xwe li amadeb\u00fbna gotarb\u00eaj\u00ean rew\u015fenb\u00eer\u00ee derbas kirin, y\u00ean ji bo perwerdekirina konevan\u00ee \u00fb der\u00fbn\u00eey\u00ea li dar diketin, Nal\u00een\u00ea dikar\u00eeb\u00fb hin pirt\u00fbkan di dema valah\u00eey\u00ea \u00fb katjim\u00ear\u00ean taybet y\u00ean xewndin\u00ea da bixw\u00eene \u00fb wisa rew\u015fenb\u00eer\u00eeya w\u00ea bi al\u00eekar\u00eeya wan gotar\u00ean pir firehtir b\u00fb, n\u00eaz\u00eek\u00ee deh rojan di ser heb\u00fbna w\u00ea ra di le\u015fkergeh\u00ea da derbas b\u00fbn.<\/div>\n<div dir=\"auto\" style=\"text-align: left;\">Dest\u00ea sibeh\u00ea h\u00ees kir ku ti\u015ftek\u00ee t\u00eavil di rojeva rojane da heye, v\u00eaca pi\u015ft\u00ee bikar\u00een\u00eena rah\u00ean\u00ear\u00eey\u00ean werzi\u015f\u00ee di ser\u00ea sib\u00ea da \u00fb xwarina ta\u015ft\u00ea tev ber bi qada le\u015fkergeh\u00ea va \u00e7\u00fbn, li wir maseyek \u00fb r\u00eaz\u00ean kurs\u00eeyan li ser dir\u00eajah\u00eeya qad\u00ea hatib\u00fb dan\u00een, wisa depek \u00fb hin p\u00ean\u00fbs\u00ean \u015f\u00eenyar j\u00ee dan\u00ee b\u00fbn \u00fb kam\u00eereyeke w\u00eaney\u00ee fotograf\u00ee li quncikek\u00ee qad\u00ea da\u00e7ikand\u00ee b\u00fb, \u00fb kam\u00eereyeke w\u00eanek\u00ea\u015f\u00eeya v\u00eedyo j\u00ee, w\u00ea gav\u00ea nas kir ku serok li le\u015fkergeh\u00ea ye \u00fb d\u00ea gotarek\u00ea bide.<\/div>\n<div dir=\"auto\">Romana Kehreman ya R\u00eazan \u00cesa ji we\u015fan\u00ean Avay\u00ea derkeriye.<\/div>\n","protected":false},"excerpt":{"rendered":"<p style=\"text-align: center;\"><strong>Pirt\u00fbk: Kehreman<\/strong><br \/>\n<strong>Niv\u00eeskar: R\u00eazan \u00cesa<\/strong><br \/>\n<strong>Cure: Roman<\/strong><\/p>\n","protected":false},"featured_media":5917,"template":"","meta":{"site-sidebar-layout":"default","site-content-layout":"","ast-site-content-layout":"default","site-content-style":"default","site-sidebar-style":"default","ast-global-header-display":"","ast-banner-title-visibility":"","ast-main-header-display":"","ast-hfb-above-header-display":"","ast-hfb-below-header-display":"","ast-hfb-mobile-header-display":"","site-post-title":"","ast-breadcrumbs-content":"","ast-featured-img":"","footer-sml-layout":"","ast-disable-related-posts":"","theme-transparent-header-meta":"default","adv-header-id-meta":"","stick-header-meta":"","header-above-stick-meta":"","header-main-stick-meta":"","header-below-stick-meta":"","astra-migrate-meta-layouts":"set","ast-page-background-enabled":"default","ast-page-background-meta":{"desktop":{"background-color":"","background-image":"","background-repeat":"repeat","background-position":"center center","background-size":"auto","background-attachment":"scroll","background-type":"","background-media":"","overlay-type":"","overlay-color":"","overlay-opacity":"","overlay-gradient":""},"tablet":{"background-color":"","background-image":"","background-repeat":"repeat","background-position":"center center","background-size":"auto","background-attachment":"scroll","background-type":"","background-media":"","overlay-type":"","overlay-color":"","overlay-opacity":"","overlay-gradient":""},"mobile":{"background-color":"","background-image":"","background-repeat":"repeat","background-position":"center center","background-size":"auto","background-attachment":"scroll","background-type":"","background-media":"","overlay-type":"","overlay-color":"","overlay-opacity":"","overlay-gradient":""}},"ast-content-background-meta":{"desktop":{"background-color":"var(--ast-global-color-5)","background-image":"","background-repeat":"repeat","background-position":"center center","background-size":"auto","background-attachment":"scroll","background-type":"","background-media":"","overlay-type":"","overlay-color":"","overlay-opacity":"","overlay-gradient":""},"tablet":{"background-color":"var(--ast-global-color-5)","background-image":"","background-repeat":"repeat","background-position":"center center","background-size":"auto","background-attachment":"scroll","background-type":"","background-media":"","overlay-type":"","overlay-color":"","overlay-opacity":"","overlay-gradient":""},"mobile":{"background-color":"var(--ast-global-color-5)","background-image":"","background-repeat":"repeat","background-position":"center center","background-size":"auto","background-attachment":"scroll","background-type":"","background-media":"","overlay-type":"","overlay-color":"","overlay-opacity":"","overlay-gradient":""}}},"product_brand":[],"product_cat":[182,193],"product_tag":[],"class_list":{"0":"post-13093","1":"product","2":"type-product","3":"status-publish","4":"has-post-thumbnail","6":"product_cat-_","7":"product_cat--_","8":"pa_-roman","9":"pa_-rezan-isa","10":"pa_-kurmanci","11":"pa_--wesanxaneya-ava","12":"desktop-align-left","13":"tablet-align-left","14":"mobile-align-left","16":"first","17":"instock","18":"shipping-taxable","19":"purchasable","20":"product-type-simple"},"yoast_head":"<!-- This site is optimized with the Yoast SEO plugin v27.4 - https:\/\/yoast.com\/product\/yoast-seo-wordpress\/ -->\n<title>Kehreman - R\u00eazan \u00cesa - www.shanabooks.de<\/title>\n<meta name=\"description\" content=\"Kehreman - R\u00eazan \u00cesa Roj wek hev derbas nedib\u00fbn, Nal\u00een\u00ea piran\u00eeya dema xwe li amadeb\u00fbna gotarb\u00eaj\u00ean rew\u015fenb\u00eer\u00ee derbas kirin, y\u00ean ji bo perwerdekirina konev...\" \/>\n<meta name=\"robots\" content=\"index, follow, max-snippet:-1, max-image-preview:large, max-video-preview:-1\" \/>\n<link rel=\"canonical\" href=\"https:\/\/shanabooks.de\/product\/kehreman-rezan-isa\/\" \/>\n<meta property=\"og:locale\" content=\"de_DE\" \/>\n<meta property=\"og:type\" content=\"article\" \/>\n<meta property=\"og:title\" content=\"Kehreman - R\u00eazan \u00cesa - www.shanabooks.de\" \/>\n<meta property=\"og:description\" content=\"Kehreman - R\u00eazan \u00cesa Roj wek hev derbas nedib\u00fbn, Nal\u00een\u00ea piran\u00eeya dema xwe li amadeb\u00fbna gotarb\u00eaj\u00ean rew\u015fenb\u00eer\u00ee derbas kirin, y\u00ean ji bo perwerdekirina konev...\" \/>\n<meta property=\"og:url\" content=\"https:\/\/shanabooks.de\/product\/kehreman-rezan-isa\/\" \/>\n<meta property=\"og:site_name\" content=\"www.shanabooks.de\" \/>\n<meta property=\"article:modified_time\" content=\"2026-01-02T20:34:19+00:00\" \/>\n<meta property=\"og:image\" content=\"https:\/\/shanabooks.de\/wp-content\/uploads\/2024\/01\/Kehreman-1.png\" \/>\n\t<meta property=\"og:image:width\" content=\"312\" \/>\n\t<meta property=\"og:image:height\" content=\"474\" \/>\n\t<meta property=\"og:image:type\" content=\"image\/png\" \/>\n<meta name=\"twitter:card\" content=\"summary_large_image\" \/>\n<meta name=\"twitter:label1\" content=\"Gesch\u00e4tzte Lesezeit\" \/>\n\t<meta name=\"twitter:data1\" content=\"2\u00a0Minuten\" \/>\n<script type=\"application\/ld+json\" class=\"yoast-schema-graph\">{\"@context\":\"https:\\\/\\\/schema.org\",\"@graph\":[{\"@type\":\"WebPage\",\"@id\":\"https:\\\/\\\/shanabooks.de\\\/product\\\/kehreman-rezan-isa\\\/\",\"url\":\"https:\\\/\\\/shanabooks.de\\\/product\\\/kehreman-rezan-isa\\\/\",\"name\":\"Kehreman - R\u00eazan \u00cesa - www.shanabooks.de\",\"isPartOf\":{\"@id\":\"https:\\\/\\\/shanabooks.de\\\/#website\"},\"primaryImageOfPage\":{\"@id\":\"https:\\\/\\\/shanabooks.de\\\/product\\\/kehreman-rezan-isa\\\/#primaryimage\"},\"image\":{\"@id\":\"https:\\\/\\\/shanabooks.de\\\/product\\\/kehreman-rezan-isa\\\/#primaryimage\"},\"thumbnailUrl\":\"https:\\\/\\\/shanabooks.de\\\/wp-content\\\/uploads\\\/2024\\\/01\\\/Kehreman-1.png\",\"datePublished\":\"2024-03-03T19:49:27+00:00\",\"dateModified\":\"2026-01-02T20:34:19+00:00\",\"description\":\"Kehreman - R\u00eazan \u00cesa Roj wek hev derbas nedib\u00fbn, Nal\u00een\u00ea piran\u00eeya dema xwe li amadeb\u00fbna gotarb\u00eaj\u00ean rew\u015fenb\u00eer\u00ee derbas kirin, y\u00ean ji bo perwerdekirina konev...\",\"breadcrumb\":{\"@id\":\"https:\\\/\\\/shanabooks.de\\\/product\\\/kehreman-rezan-isa\\\/#breadcrumb\"},\"inLanguage\":\"de\",\"potentialAction\":[{\"@type\":\"ReadAction\",\"target\":[\"https:\\\/\\\/shanabooks.de\\\/product\\\/kehreman-rezan-isa\\\/\"]}]},{\"@type\":\"ImageObject\",\"inLanguage\":\"de\",\"@id\":\"https:\\\/\\\/shanabooks.de\\\/product\\\/kehreman-rezan-isa\\\/#primaryimage\",\"url\":\"https:\\\/\\\/shanabooks.de\\\/wp-content\\\/uploads\\\/2024\\\/01\\\/Kehreman-1.png\",\"contentUrl\":\"https:\\\/\\\/shanabooks.de\\\/wp-content\\\/uploads\\\/2024\\\/01\\\/Kehreman-1.png\",\"width\":312,\"height\":474,\"caption\":\"Kehreman - R\u00eazan \u00cesa - pirt\u00fbk\u00ean kurd\u00ee - roman\"},{\"@type\":\"BreadcrumbList\",\"@id\":\"https:\\\/\\\/shanabooks.de\\\/product\\\/kehreman-rezan-isa\\\/#breadcrumb\",\"itemListElement\":[{\"@type\":\"ListItem\",\"position\":1,\"name\":\"\u0627\u0644\u0631\u0626\u064a\u0633\u064a\u0629\",\"item\":\"https:\\\/\\\/shanabooks.de\\\/de\\\/\"},{\"@type\":\"ListItem\",\"position\":2,\"name\":\"\u0627\u0644\u0645\u0646\u062a\u062c\u0627\u062a\",\"item\":\"https:\\\/\\\/shanabooks.de\\\/shop\\\/\"},{\"@type\":\"ListItem\",\"position\":3,\"name\":\"Kehreman\"}]},{\"@type\":\"WebSite\",\"@id\":\"https:\\\/\\\/shanabooks.de\\\/#website\",\"url\":\"https:\\\/\\\/shanabooks.de\\\/\",\"name\":\"www.shanbooks.de\",\"description\":\"C\u00eehana Pirt\u00fbk\u00ean Kurd\u00ee \u0645\u0643\u062a\u0628\u0629 \u0634\u0627\u0646\u0627 \u0641\u064a \u0627\u0644\u0645\u0627\u0646\u064a\u0627 \u0648\u0623\u0648\u0631\u0628\u0627\",\"publisher\":{\"@id\":\"https:\\\/\\\/shanabooks.de\\\/#organization\"},\"potentialAction\":[{\"@type\":\"SearchAction\",\"target\":{\"@type\":\"EntryPoint\",\"urlTemplate\":\"https:\\\/\\\/shanabooks.de\\\/?s={search_term_string}\"},\"query-input\":{\"@type\":\"PropertyValueSpecification\",\"valueRequired\":true,\"valueName\":\"search_term_string\"}}],\"inLanguage\":\"de\"},{\"@type\":\"Organization\",\"@id\":\"https:\\\/\\\/shanabooks.de\\\/#organization\",\"name\":\"www.shanbooks.de\",\"url\":\"https:\\\/\\\/shanabooks.de\\\/\",\"logo\":{\"@type\":\"ImageObject\",\"inLanguage\":\"de\",\"@id\":\"https:\\\/\\\/shanabooks.de\\\/#\\\/schema\\\/logo\\\/image\\\/\",\"url\":\"https:\\\/\\\/shanabooks.de\\\/wp-content\\\/uploads\\\/2024\\\/03\\\/SHANABOOKS__2_-removebg-preview.png\",\"contentUrl\":\"https:\\\/\\\/shanabooks.de\\\/wp-content\\\/uploads\\\/2024\\\/03\\\/SHANABOOKS__2_-removebg-preview.png\",\"width\":700,\"height\":150,\"caption\":\"www.shanbooks.de\"},\"image\":{\"@id\":\"https:\\\/\\\/shanabooks.de\\\/#\\\/schema\\\/logo\\\/image\\\/\"}}]}<\/script>\n<!-- \/ Yoast SEO plugin. -->","yoast_head_json":{"title":"Kehreman - R\u00eazan \u00cesa - www.shanabooks.de","description":"Kehreman - R\u00eazan \u00cesa Roj wek hev derbas nedib\u00fbn, Nal\u00een\u00ea piran\u00eeya dema xwe li amadeb\u00fbna gotarb\u00eaj\u00ean rew\u015fenb\u00eer\u00ee derbas kirin, y\u00ean ji bo perwerdekirina konev...","robots":{"index":"index","follow":"follow","max-snippet":"max-snippet:-1","max-image-preview":"max-image-preview:large","max-video-preview":"max-video-preview:-1"},"canonical":"https:\/\/shanabooks.de\/product\/kehreman-rezan-isa\/","og_locale":"de_DE","og_type":"article","og_title":"Kehreman - R\u00eazan \u00cesa - www.shanabooks.de","og_description":"Kehreman - R\u00eazan \u00cesa Roj wek hev derbas nedib\u00fbn, Nal\u00een\u00ea piran\u00eeya dema xwe li amadeb\u00fbna gotarb\u00eaj\u00ean rew\u015fenb\u00eer\u00ee derbas kirin, y\u00ean ji bo perwerdekirina konev...","og_url":"https:\/\/shanabooks.de\/product\/kehreman-rezan-isa\/","og_site_name":"www.shanabooks.de","article_modified_time":"2026-01-02T20:34:19+00:00","og_image":[{"width":312,"height":474,"url":"https:\/\/shanabooks.de\/wp-content\/uploads\/2024\/01\/Kehreman-1.png","type":"image\/png"}],"twitter_card":"summary_large_image","twitter_misc":{"Gesch\u00e4tzte Lesezeit":"2\u00a0Minuten"},"schema":{"@context":"https:\/\/schema.org","@graph":[{"@type":"WebPage","@id":"https:\/\/shanabooks.de\/product\/kehreman-rezan-isa\/","url":"https:\/\/shanabooks.de\/product\/kehreman-rezan-isa\/","name":"Kehreman - R\u00eazan \u00cesa - www.shanabooks.de","isPartOf":{"@id":"https:\/\/shanabooks.de\/#website"},"primaryImageOfPage":{"@id":"https:\/\/shanabooks.de\/product\/kehreman-rezan-isa\/#primaryimage"},"image":{"@id":"https:\/\/shanabooks.de\/product\/kehreman-rezan-isa\/#primaryimage"},"thumbnailUrl":"https:\/\/shanabooks.de\/wp-content\/uploads\/2024\/01\/Kehreman-1.png","datePublished":"2024-03-03T19:49:27+00:00","dateModified":"2026-01-02T20:34:19+00:00","description":"Kehreman - R\u00eazan \u00cesa Roj wek hev derbas nedib\u00fbn, Nal\u00een\u00ea piran\u00eeya dema xwe li amadeb\u00fbna gotarb\u00eaj\u00ean rew\u015fenb\u00eer\u00ee derbas kirin, y\u00ean ji bo perwerdekirina konev...","breadcrumb":{"@id":"https:\/\/shanabooks.de\/product\/kehreman-rezan-isa\/#breadcrumb"},"inLanguage":"de","potentialAction":[{"@type":"ReadAction","target":["https:\/\/shanabooks.de\/product\/kehreman-rezan-isa\/"]}]},{"@type":"ImageObject","inLanguage":"de","@id":"https:\/\/shanabooks.de\/product\/kehreman-rezan-isa\/#primaryimage","url":"https:\/\/shanabooks.de\/wp-content\/uploads\/2024\/01\/Kehreman-1.png","contentUrl":"https:\/\/shanabooks.de\/wp-content\/uploads\/2024\/01\/Kehreman-1.png","width":312,"height":474,"caption":"Kehreman - R\u00eazan \u00cesa - pirt\u00fbk\u00ean kurd\u00ee - roman"},{"@type":"BreadcrumbList","@id":"https:\/\/shanabooks.de\/product\/kehreman-rezan-isa\/#breadcrumb","itemListElement":[{"@type":"ListItem","position":1,"name":"\u0627\u0644\u0631\u0626\u064a\u0633\u064a\u0629","item":"https:\/\/shanabooks.de\/de\/"},{"@type":"ListItem","position":2,"name":"\u0627\u0644\u0645\u0646\u062a\u062c\u0627\u062a","item":"https:\/\/shanabooks.de\/shop\/"},{"@type":"ListItem","position":3,"name":"Kehreman"}]},{"@type":"WebSite","@id":"https:\/\/shanabooks.de\/#website","url":"https:\/\/shanabooks.de\/","name":"www.shanbooks.de","description":"C\u00eehana Pirt\u00fbk\u00ean Kurd\u00ee \u0645\u0643\u062a\u0628\u0629 \u0634\u0627\u0646\u0627 \u0641\u064a \u0627\u0644\u0645\u0627\u0646\u064a\u0627 \u0648\u0623\u0648\u0631\u0628\u0627","publisher":{"@id":"https:\/\/shanabooks.de\/#organization"},"potentialAction":[{"@type":"SearchAction","target":{"@type":"EntryPoint","urlTemplate":"https:\/\/shanabooks.de\/?s={search_term_string}"},"query-input":{"@type":"PropertyValueSpecification","valueRequired":true,"valueName":"search_term_string"}}],"inLanguage":"de"},{"@type":"Organization","@id":"https:\/\/shanabooks.de\/#organization","name":"www.shanbooks.de","url":"https:\/\/shanabooks.de\/","logo":{"@type":"ImageObject","inLanguage":"de","@id":"https:\/\/shanabooks.de\/#\/schema\/logo\/image\/","url":"https:\/\/shanabooks.de\/wp-content\/uploads\/2024\/03\/SHANABOOKS__2_-removebg-preview.png","contentUrl":"https:\/\/shanabooks.de\/wp-content\/uploads\/2024\/03\/SHANABOOKS__2_-removebg-preview.png","width":700,"height":150,"caption":"www.shanbooks.de"},"image":{"@id":"https:\/\/shanabooks.de\/#\/schema\/logo\/image\/"}}]}},"jetpack_sharing_enabled":true,"_links":{"self":[{"href":"https:\/\/shanabooks.de\/de\/wp-json\/wp\/v2\/product\/13093","targetHints":{"allow":["GET"]}}],"collection":[{"href":"https:\/\/shanabooks.de\/de\/wp-json\/wp\/v2\/product"}],"about":[{"href":"https:\/\/shanabooks.de\/de\/wp-json\/wp\/v2\/types\/product"}],"version-history":[{"count":3,"href":"https:\/\/shanabooks.de\/de\/wp-json\/wp\/v2\/product\/13093\/revisions"}],"predecessor-version":[{"id":22708,"href":"https:\/\/shanabooks.de\/de\/wp-json\/wp\/v2\/product\/13093\/revisions\/22708"}],"wp:featuredmedia":[{"embeddable":true,"href":"https:\/\/shanabooks.de\/de\/wp-json\/wp\/v2\/media\/5917"}],"wp:attachment":[{"href":"https:\/\/shanabooks.de\/de\/wp-json\/wp\/v2\/media?parent=13093"}],"wp:term":[{"taxonomy":"product_brand","embeddable":true,"href":"https:\/\/shanabooks.de\/de\/wp-json\/wp\/v2\/product_brand?post=13093"},{"taxonomy":"product_cat","embeddable":true,"href":"https:\/\/shanabooks.de\/de\/wp-json\/wp\/v2\/product_cat?post=13093"},{"taxonomy":"product_tag","embeddable":true,"href":"https:\/\/shanabooks.de\/de\/wp-json\/wp\/v2\/product_tag?post=13093"}],"curies":[{"name":"wp","href":"https:\/\/api.w.org\/{rel}","templated":true}]}}