{"id":13100,"date":"2024-03-03T19:49:27","date_gmt":"2024-03-03T19:49:27","guid":{"rendered":"https:\/\/shanabooks.de\/?post_type=product&#038;p=13100"},"modified":"2026-01-01T19:53:18","modified_gmt":"2026-01-01T19:53:18","slug":"55ciroken-35-salan-sahin-bekir-sorekli","status":"publish","type":"product","link":"https:\/\/shanabooks.de\/de\/product\/55ciroken-35-salan-sahin-bekir-sorekli\/","title":{"rendered":"55 \u00c7\u00eerok\u00ean 38 salan"},"content":{"rendered":"<p style=\"text-align: left;\"><strong>55\u00c7\u00eeroken 35 Salan &#8211; \u015eah\u00een Bekir Sorekl\u00ee<\/strong><\/p>\n<div class=\"cxmmr5t8 oygrvhab hcukyx3x c1et5uql o9v6fnle ii04i59q\" style=\"text-align: left;\">\n<div dir=\"auto\">Di nav 38 sal\u00ean niv\u00eesandina \u00e7\u00eerokan bi ziman\u00ea kurd\u00ee de, Shah\u00een\u00ea Bekir\u00ea Sorekl\u00ee derheq\u00ea mirovan, raman, xuset \u00fb xwestek\u00ean wan de, \u00fb li ser siyaseta wan bi dunyay\u00ea ve gir\u00eadide, diniv\u00ees\u00eene \u00fb dir\u00ease.<\/div>\n<\/div>\n<div class=\"cxmmr5t8 oygrvhab hcukyx3x c1et5uql o9v6fnle ii04i59q\" style=\"text-align: left;\">\n<div dir=\"auto\">Di van \u00e7\u00eerokan de Shah\u00een xizmeteke mezin ji ziman\u00ea kurd\u00ee re dike, \u00e7imk\u00ee her niv\u00eeskarek\u00ee \u015f\u00eaweyeke xwe ya taybet heye ku xwe bi niv\u00eesandin\u00ea \u00fb rag\u00eehandina ramanan \u00fb wateyan ve peywend\u00eegir dike. Niv\u00eeskar dema niv\u00eesandina \u00e7\u00eerok\u00ea gr\u00eeng dib\u00eene, ji ber ku hinek \u00e7\u00eerok neynika dema xwe ne. Li mil\u00ea din, ew bi xwe j\u00ee, her weha \u015f\u00eaweya ziman \u00fb niv\u00eesandina w\u00ee, bi dem\u00ea re dih\u00ean guhertin.<\/div>\n<\/div>\n<div class=\"cxmmr5t8 oygrvhab hcukyx3x c1et5uql o9v6fnle ii04i59q\" style=\"text-align: left;\">\n<div dir=\"auto\">Naveroka \u00e7\u00eerok\u00ean di v\u00ea pirt\u00fbk\u00ea de xwe bi gellek mijaran ve peywend\u00eegir dikin, mijar\u00ean civat\u00ee, siyas\u00ee, ol\u00ee, mirovah\u00ee \u00fb felsef\u00ee j\u00ee di nav de hene. Hinek ji van \u00e7\u00eerokan bi tevah\u00ee xeyal\u00ee ne; di hinek\u00ean din de xeyal \u00fb rast\u00ee dikevin nav hev, \u00fb di hinekan de \u015fop\u00ean ji jiyana niv\u00eesk\u00ear \u00fb bandor\u00ean ji tecr\u00fbbey\u00ean jiyana w\u00ee d\u00ea hebin.<\/div>\n<\/div>\n<div class=\"cxmmr5t8 oygrvhab hcukyx3x c1et5uql o9v6fnle ii04i59q\">\n<div dir=\"auto\" style=\"text-align: left;\">Di v\u00ea pirt\u00fbka 55\u00c7\u00eeroken 35 Salan ya \u015eah\u00een Bekir Sorekl\u00ee de 51 berhem\u00ean Shah\u00een bi xwe \u00fb 4\u00ean ji Alman\u00ee \u00fb \u00cengliz\u00ee hatine wergerandin hene. Ji berhem\u00ean w\u00ee bi xwe, ya yekem\u00een sal 2019 hatiye niv\u00eesandin \u00fb ya daw\u00een sal 1981.<\/div>\n<\/div>\n","protected":false},"excerpt":{"rendered":"<p style=\"text-align: center;\"><strong>pirt\u00fbk: 55 \u00c7\u00eeroken 35 Salan<\/strong><br \/>\n<strong>Niv\u00eeskar: \u015eah\u00een Bekir Sorekl\u00ee<\/strong><br \/>\n<strong>Cure: \u00e7\u00eerok<\/strong><\/p>\n","protected":false},"featured_media":5931,"template":"","meta":{"site-sidebar-layout":"default","site-content-layout":"","ast-site-content-layout":"default","site-content-style":"default","site-sidebar-style":"default","ast-global-header-display":"","ast-banner-title-visibility":"","ast-main-header-display":"","ast-hfb-above-header-display":"","ast-hfb-below-header-display":"","ast-hfb-mobile-header-display":"","site-post-title":"","ast-breadcrumbs-content":"","ast-featured-img":"","footer-sml-layout":"","ast-disable-related-posts":"","theme-transparent-header-meta":"default","adv-header-id-meta":"","stick-header-meta":"","header-above-stick-meta":"","header-main-stick-meta":"","header-below-stick-meta":"","astra-migrate-meta-layouts":"set","ast-page-background-enabled":"default","ast-page-background-meta":{"desktop":{"background-color":"","background-image":"","background-repeat":"repeat","background-position":"center center","background-size":"auto","background-attachment":"scroll","background-type":"","background-media":"","overlay-type":"","overlay-color":"","overlay-opacity":"","overlay-gradient":""},"tablet":{"background-color":"","background-image":"","background-repeat":"repeat","background-position":"center center","background-size":"auto","background-attachment":"scroll","background-type":"","background-media":"","overlay-type":"","overlay-color":"","overlay-opacity":"","overlay-gradient":""},"mobile":{"background-color":"","background-image":"","background-repeat":"repeat","background-position":"center center","background-size":"auto","background-attachment":"scroll","background-type":"","background-media":"","overlay-type":"","overlay-color":"","overlay-opacity":"","overlay-gradient":""}},"ast-content-background-meta":{"desktop":{"background-color":"var(--ast-global-color-5)","background-image":"","background-repeat":"repeat","background-position":"center center","background-size":"auto","background-attachment":"scroll","background-type":"","background-media":"","overlay-type":"","overlay-color":"","overlay-opacity":"","overlay-gradient":""},"tablet":{"background-color":"var(--ast-global-color-5)","background-image":"","background-repeat":"repeat","background-position":"center center","background-size":"auto","background-attachment":"scroll","background-type":"","background-media":"","overlay-type":"","overlay-color":"","overlay-opacity":"","overlay-gradient":""},"mobile":{"background-color":"var(--ast-global-color-5)","background-image":"","background-repeat":"repeat","background-position":"center center","background-size":"auto","background-attachment":"scroll","background-type":"","background-media":"","overlay-type":"","overlay-color":"","overlay-opacity":"","overlay-gradient":""}}},"product_brand":[],"product_cat":[182,193],"product_tag":[],"class_list":{"0":"post-13100","1":"product","2":"type-product","3":"status-publish","4":"has-post-thumbnail","6":"product_cat-_","7":"product_cat--_","8":"pa_-cirok","9":"pa_-sahin-bekir-sorekli","10":"pa_-kurmanci","11":"pa_--wesanxaneya-ava","12":"desktop-align-left","13":"tablet-align-left","14":"mobile-align-left","16":"first","17":"instock","18":"shipping-taxable","19":"purchasable","20":"product-type-simple"},"yoast_head":"<!-- This site is optimized with the Yoast SEO plugin v27.4 - https:\/\/yoast.com\/product\/yoast-seo-wordpress\/ -->\n<title>55\u00c7\u00eeroken 35 Salan - \u015eah\u00een Bekir Sorekl\u00ee - www.shanabooks.de<\/title>\n<meta name=\"description\" content=\"55\u00c7\u00eeroken 35 Salan - \u015eah\u00een Bekir Sorekl\u00ee Di nav 38 sal\u00ean niv\u00eesandina \u00e7\u00eerokan bi ziman\u00ea kurd\u00ee de, Shah\u00een\u00ea Bekir\u00ea Sorekl\u00ee derheq\u00ea mirovan, raman, xuset ...\" \/>\n<meta name=\"robots\" content=\"index, follow, max-snippet:-1, max-image-preview:large, max-video-preview:-1\" \/>\n<link rel=\"canonical\" href=\"https:\/\/shanabooks.de\/product\/55ciroken-35-salan-sahin-bekir-sorekli\/\" \/>\n<meta property=\"og:locale\" content=\"de_DE\" \/>\n<meta property=\"og:type\" content=\"article\" \/>\n<meta property=\"og:title\" content=\"55\u00c7\u00eeroken 35 Salan - \u015eah\u00een Bekir Sorekl\u00ee - www.shanabooks.de\" \/>\n<meta property=\"og:description\" content=\"55\u00c7\u00eeroken 35 Salan - \u015eah\u00een Bekir Sorekl\u00ee Di nav 38 sal\u00ean niv\u00eesandina \u00e7\u00eerokan bi ziman\u00ea kurd\u00ee de, Shah\u00een\u00ea Bekir\u00ea Sorekl\u00ee derheq\u00ea mirovan, raman, xuset ...\" \/>\n<meta property=\"og:url\" content=\"https:\/\/shanabooks.de\/product\/55ciroken-35-salan-sahin-bekir-sorekli\/\" \/>\n<meta property=\"og:site_name\" content=\"www.shanabooks.de\" \/>\n<meta property=\"article:modified_time\" content=\"2026-01-01T19:53:18+00:00\" \/>\n<meta property=\"og:image\" content=\"https:\/\/shanabooks.de\/wp-content\/uploads\/2024\/01\/55-ciroken-38-salan-1.png\" \/>\n\t<meta property=\"og:image:width\" content=\"315\" \/>\n\t<meta property=\"og:image:height\" content=\"476\" \/>\n\t<meta property=\"og:image:type\" content=\"image\/png\" \/>\n<meta name=\"twitter:card\" content=\"summary_large_image\" \/>\n<meta name=\"twitter:label1\" content=\"Gesch\u00e4tzte Lesezeit\" \/>\n\t<meta name=\"twitter:data1\" content=\"2\u00a0Minuten\" \/>\n<script type=\"application\/ld+json\" class=\"yoast-schema-graph\">{\"@context\":\"https:\\\/\\\/schema.org\",\"@graph\":[{\"@type\":\"WebPage\",\"@id\":\"https:\\\/\\\/shanabooks.de\\\/product\\\/55ciroken-35-salan-sahin-bekir-sorekli\\\/\",\"url\":\"https:\\\/\\\/shanabooks.de\\\/product\\\/55ciroken-35-salan-sahin-bekir-sorekli\\\/\",\"name\":\"55\u00c7\u00eeroken 35 Salan - \u015eah\u00een Bekir Sorekl\u00ee - www.shanabooks.de\",\"isPartOf\":{\"@id\":\"https:\\\/\\\/shanabooks.de\\\/#website\"},\"primaryImageOfPage\":{\"@id\":\"https:\\\/\\\/shanabooks.de\\\/product\\\/55ciroken-35-salan-sahin-bekir-sorekli\\\/#primaryimage\"},\"image\":{\"@id\":\"https:\\\/\\\/shanabooks.de\\\/product\\\/55ciroken-35-salan-sahin-bekir-sorekli\\\/#primaryimage\"},\"thumbnailUrl\":\"https:\\\/\\\/shanabooks.de\\\/wp-content\\\/uploads\\\/2024\\\/01\\\/55-ciroken-38-salan-1.png\",\"datePublished\":\"2024-03-03T19:49:27+00:00\",\"dateModified\":\"2026-01-01T19:53:18+00:00\",\"description\":\"55\u00c7\u00eeroken 35 Salan - \u015eah\u00een Bekir Sorekl\u00ee Di nav 38 sal\u00ean niv\u00eesandina \u00e7\u00eerokan bi ziman\u00ea kurd\u00ee de, Shah\u00een\u00ea Bekir\u00ea Sorekl\u00ee derheq\u00ea mirovan, raman, xuset ...\",\"breadcrumb\":{\"@id\":\"https:\\\/\\\/shanabooks.de\\\/product\\\/55ciroken-35-salan-sahin-bekir-sorekli\\\/#breadcrumb\"},\"inLanguage\":\"de\",\"potentialAction\":[{\"@type\":\"ReadAction\",\"target\":[\"https:\\\/\\\/shanabooks.de\\\/product\\\/55ciroken-35-salan-sahin-bekir-sorekli\\\/\"]}]},{\"@type\":\"ImageObject\",\"inLanguage\":\"de\",\"@id\":\"https:\\\/\\\/shanabooks.de\\\/product\\\/55ciroken-35-salan-sahin-bekir-sorekli\\\/#primaryimage\",\"url\":\"https:\\\/\\\/shanabooks.de\\\/wp-content\\\/uploads\\\/2024\\\/01\\\/55-ciroken-38-salan-1.png\",\"contentUrl\":\"https:\\\/\\\/shanabooks.de\\\/wp-content\\\/uploads\\\/2024\\\/01\\\/55-ciroken-38-salan-1.png\",\"width\":315,\"height\":476,\"caption\":\"55\u00c7\u00eeroken 35 Salan - \u015eah\u00een Bekir Sorekl\u00ee - pirt\u00fbk\u00ean kurd\u00ee -\u00e7\u00eerok\"},{\"@type\":\"BreadcrumbList\",\"@id\":\"https:\\\/\\\/shanabooks.de\\\/product\\\/55ciroken-35-salan-sahin-bekir-sorekli\\\/#breadcrumb\",\"itemListElement\":[{\"@type\":\"ListItem\",\"position\":1,\"name\":\"\u0627\u0644\u0631\u0626\u064a\u0633\u064a\u0629\",\"item\":\"https:\\\/\\\/shanabooks.de\\\/de\\\/\"},{\"@type\":\"ListItem\",\"position\":2,\"name\":\"\u0627\u0644\u0645\u0646\u062a\u062c\u0627\u062a\",\"item\":\"https:\\\/\\\/shanabooks.de\\\/shop\\\/\"},{\"@type\":\"ListItem\",\"position\":3,\"name\":\"55 \u00c7\u00eerok\u00ean 38 salan\"}]},{\"@type\":\"WebSite\",\"@id\":\"https:\\\/\\\/shanabooks.de\\\/#website\",\"url\":\"https:\\\/\\\/shanabooks.de\\\/\",\"name\":\"www.shanbooks.de\",\"description\":\"C\u00eehana Pirt\u00fbk\u00ean Kurd\u00ee \u0645\u0643\u062a\u0628\u0629 \u0634\u0627\u0646\u0627 \u0641\u064a \u0627\u0644\u0645\u0627\u0646\u064a\u0627 \u0648\u0623\u0648\u0631\u0628\u0627\",\"publisher\":{\"@id\":\"https:\\\/\\\/shanabooks.de\\\/#organization\"},\"potentialAction\":[{\"@type\":\"SearchAction\",\"target\":{\"@type\":\"EntryPoint\",\"urlTemplate\":\"https:\\\/\\\/shanabooks.de\\\/?s={search_term_string}\"},\"query-input\":{\"@type\":\"PropertyValueSpecification\",\"valueRequired\":true,\"valueName\":\"search_term_string\"}}],\"inLanguage\":\"de\"},{\"@type\":\"Organization\",\"@id\":\"https:\\\/\\\/shanabooks.de\\\/#organization\",\"name\":\"www.shanbooks.de\",\"url\":\"https:\\\/\\\/shanabooks.de\\\/\",\"logo\":{\"@type\":\"ImageObject\",\"inLanguage\":\"de\",\"@id\":\"https:\\\/\\\/shanabooks.de\\\/#\\\/schema\\\/logo\\\/image\\\/\",\"url\":\"https:\\\/\\\/shanabooks.de\\\/wp-content\\\/uploads\\\/2024\\\/03\\\/SHANABOOKS__2_-removebg-preview.png\",\"contentUrl\":\"https:\\\/\\\/shanabooks.de\\\/wp-content\\\/uploads\\\/2024\\\/03\\\/SHANABOOKS__2_-removebg-preview.png\",\"width\":700,\"height\":150,\"caption\":\"www.shanbooks.de\"},\"image\":{\"@id\":\"https:\\\/\\\/shanabooks.de\\\/#\\\/schema\\\/logo\\\/image\\\/\"}}]}<\/script>\n<!-- \/ Yoast SEO plugin. -->","yoast_head_json":{"title":"55\u00c7\u00eeroken 35 Salan - \u015eah\u00een Bekir Sorekl\u00ee - www.shanabooks.de","description":"55\u00c7\u00eeroken 35 Salan - \u015eah\u00een Bekir Sorekl\u00ee Di nav 38 sal\u00ean niv\u00eesandina \u00e7\u00eerokan bi ziman\u00ea kurd\u00ee de, Shah\u00een\u00ea Bekir\u00ea Sorekl\u00ee derheq\u00ea mirovan, raman, xuset ...","robots":{"index":"index","follow":"follow","max-snippet":"max-snippet:-1","max-image-preview":"max-image-preview:large","max-video-preview":"max-video-preview:-1"},"canonical":"https:\/\/shanabooks.de\/product\/55ciroken-35-salan-sahin-bekir-sorekli\/","og_locale":"de_DE","og_type":"article","og_title":"55\u00c7\u00eeroken 35 Salan - \u015eah\u00een Bekir Sorekl\u00ee - www.shanabooks.de","og_description":"55\u00c7\u00eeroken 35 Salan - \u015eah\u00een Bekir Sorekl\u00ee Di nav 38 sal\u00ean niv\u00eesandina \u00e7\u00eerokan bi ziman\u00ea kurd\u00ee de, Shah\u00een\u00ea Bekir\u00ea Sorekl\u00ee derheq\u00ea mirovan, raman, xuset ...","og_url":"https:\/\/shanabooks.de\/product\/55ciroken-35-salan-sahin-bekir-sorekli\/","og_site_name":"www.shanabooks.de","article_modified_time":"2026-01-01T19:53:18+00:00","og_image":[{"width":315,"height":476,"url":"https:\/\/shanabooks.de\/wp-content\/uploads\/2024\/01\/55-ciroken-38-salan-1.png","type":"image\/png"}],"twitter_card":"summary_large_image","twitter_misc":{"Gesch\u00e4tzte Lesezeit":"2\u00a0Minuten"},"schema":{"@context":"https:\/\/schema.org","@graph":[{"@type":"WebPage","@id":"https:\/\/shanabooks.de\/product\/55ciroken-35-salan-sahin-bekir-sorekli\/","url":"https:\/\/shanabooks.de\/product\/55ciroken-35-salan-sahin-bekir-sorekli\/","name":"55\u00c7\u00eeroken 35 Salan - \u015eah\u00een Bekir Sorekl\u00ee - www.shanabooks.de","isPartOf":{"@id":"https:\/\/shanabooks.de\/#website"},"primaryImageOfPage":{"@id":"https:\/\/shanabooks.de\/product\/55ciroken-35-salan-sahin-bekir-sorekli\/#primaryimage"},"image":{"@id":"https:\/\/shanabooks.de\/product\/55ciroken-35-salan-sahin-bekir-sorekli\/#primaryimage"},"thumbnailUrl":"https:\/\/shanabooks.de\/wp-content\/uploads\/2024\/01\/55-ciroken-38-salan-1.png","datePublished":"2024-03-03T19:49:27+00:00","dateModified":"2026-01-01T19:53:18+00:00","description":"55\u00c7\u00eeroken 35 Salan - \u015eah\u00een Bekir Sorekl\u00ee Di nav 38 sal\u00ean niv\u00eesandina \u00e7\u00eerokan bi ziman\u00ea kurd\u00ee de, Shah\u00een\u00ea Bekir\u00ea Sorekl\u00ee derheq\u00ea mirovan, raman, xuset ...","breadcrumb":{"@id":"https:\/\/shanabooks.de\/product\/55ciroken-35-salan-sahin-bekir-sorekli\/#breadcrumb"},"inLanguage":"de","potentialAction":[{"@type":"ReadAction","target":["https:\/\/shanabooks.de\/product\/55ciroken-35-salan-sahin-bekir-sorekli\/"]}]},{"@type":"ImageObject","inLanguage":"de","@id":"https:\/\/shanabooks.de\/product\/55ciroken-35-salan-sahin-bekir-sorekli\/#primaryimage","url":"https:\/\/shanabooks.de\/wp-content\/uploads\/2024\/01\/55-ciroken-38-salan-1.png","contentUrl":"https:\/\/shanabooks.de\/wp-content\/uploads\/2024\/01\/55-ciroken-38-salan-1.png","width":315,"height":476,"caption":"55\u00c7\u00eeroken 35 Salan - \u015eah\u00een Bekir Sorekl\u00ee - pirt\u00fbk\u00ean kurd\u00ee -\u00e7\u00eerok"},{"@type":"BreadcrumbList","@id":"https:\/\/shanabooks.de\/product\/55ciroken-35-salan-sahin-bekir-sorekli\/#breadcrumb","itemListElement":[{"@type":"ListItem","position":1,"name":"\u0627\u0644\u0631\u0626\u064a\u0633\u064a\u0629","item":"https:\/\/shanabooks.de\/de\/"},{"@type":"ListItem","position":2,"name":"\u0627\u0644\u0645\u0646\u062a\u062c\u0627\u062a","item":"https:\/\/shanabooks.de\/shop\/"},{"@type":"ListItem","position":3,"name":"55 \u00c7\u00eerok\u00ean 38 salan"}]},{"@type":"WebSite","@id":"https:\/\/shanabooks.de\/#website","url":"https:\/\/shanabooks.de\/","name":"www.shanbooks.de","description":"C\u00eehana Pirt\u00fbk\u00ean Kurd\u00ee \u0645\u0643\u062a\u0628\u0629 \u0634\u0627\u0646\u0627 \u0641\u064a \u0627\u0644\u0645\u0627\u0646\u064a\u0627 \u0648\u0623\u0648\u0631\u0628\u0627","publisher":{"@id":"https:\/\/shanabooks.de\/#organization"},"potentialAction":[{"@type":"SearchAction","target":{"@type":"EntryPoint","urlTemplate":"https:\/\/shanabooks.de\/?s={search_term_string}"},"query-input":{"@type":"PropertyValueSpecification","valueRequired":true,"valueName":"search_term_string"}}],"inLanguage":"de"},{"@type":"Organization","@id":"https:\/\/shanabooks.de\/#organization","name":"www.shanbooks.de","url":"https:\/\/shanabooks.de\/","logo":{"@type":"ImageObject","inLanguage":"de","@id":"https:\/\/shanabooks.de\/#\/schema\/logo\/image\/","url":"https:\/\/shanabooks.de\/wp-content\/uploads\/2024\/03\/SHANABOOKS__2_-removebg-preview.png","contentUrl":"https:\/\/shanabooks.de\/wp-content\/uploads\/2024\/03\/SHANABOOKS__2_-removebg-preview.png","width":700,"height":150,"caption":"www.shanbooks.de"},"image":{"@id":"https:\/\/shanabooks.de\/#\/schema\/logo\/image\/"}}]}},"jetpack_sharing_enabled":true,"_links":{"self":[{"href":"https:\/\/shanabooks.de\/de\/wp-json\/wp\/v2\/product\/13100","targetHints":{"allow":["GET"]}}],"collection":[{"href":"https:\/\/shanabooks.de\/de\/wp-json\/wp\/v2\/product"}],"about":[{"href":"https:\/\/shanabooks.de\/de\/wp-json\/wp\/v2\/types\/product"}],"version-history":[{"count":3,"href":"https:\/\/shanabooks.de\/de\/wp-json\/wp\/v2\/product\/13100\/revisions"}],"predecessor-version":[{"id":22705,"href":"https:\/\/shanabooks.de\/de\/wp-json\/wp\/v2\/product\/13100\/revisions\/22705"}],"wp:featuredmedia":[{"embeddable":true,"href":"https:\/\/shanabooks.de\/de\/wp-json\/wp\/v2\/media\/5931"}],"wp:attachment":[{"href":"https:\/\/shanabooks.de\/de\/wp-json\/wp\/v2\/media?parent=13100"}],"wp:term":[{"taxonomy":"product_brand","embeddable":true,"href":"https:\/\/shanabooks.de\/de\/wp-json\/wp\/v2\/product_brand?post=13100"},{"taxonomy":"product_cat","embeddable":true,"href":"https:\/\/shanabooks.de\/de\/wp-json\/wp\/v2\/product_cat?post=13100"},{"taxonomy":"product_tag","embeddable":true,"href":"https:\/\/shanabooks.de\/de\/wp-json\/wp\/v2\/product_tag?post=13100"}],"curies":[{"name":"wp","href":"https:\/\/api.w.org\/{rel}","templated":true}]}}