{"id":13159,"date":"2024-03-03T19:50:08","date_gmt":"2024-03-03T19:50:08","guid":{"rendered":"https:\/\/shanabooks.de\/?post_type=product&#038;p=13159"},"modified":"2024-04-10T10:51:19","modified_gmt":"2024-04-10T10:51:19","slug":"dilan-hitoke-u-papusko-newaf-miro","status":"publish","type":"product","link":"https:\/\/shanabooks.de\/de\/product\/dilan-hitoke-u-papusko-newaf-miro\/","title":{"rendered":"D\u00eelan &#8211; Hitok\u00ea \u00fb Pap\u00fb\u015fko"},"content":{"rendered":"<p style=\"text-align: left\"><strong>D\u00eelan &#8211; Hitok\u00ea \u00fb Pap\u00fb\u015fko &#8211; Newaf M\u00eero<\/strong><\/p>\n<p style=\"text-align: left\">Pap\u00fb\u015fko ka t\u00eakeve dest\u00ean min,<br \/>\nez \u00fb tu d\u00eelana kurd\u00ee bikim.<br \/>\n&#8230;.<\/p>\n","protected":false},"excerpt":{"rendered":"<p style=\"text-align: center\"><strong>Pirt\u00fbk: D\u00eelan &#8211; Hitok\u00ea \u00fb Pap\u00fb\u015fko<br \/>\nNiv\u00eeskar:\u00a0Newaf M\u00eero<br \/>\nCure: Pirt\u00fbk\u00ean Zarokan<\/strong><\/p>\n","protected":false},"featured_media":0,"template":"","meta":{"site-sidebar-layout":"default","site-content-layout":"","ast-site-content-layout":"default","site-content-style":"default","site-sidebar-style":"default","ast-global-header-display":"","ast-banner-title-visibility":"","ast-main-header-display":"","ast-hfb-above-header-display":"","ast-hfb-below-header-display":"","ast-hfb-mobile-header-display":"","site-post-title":"","ast-breadcrumbs-content":"","ast-featured-img":"","footer-sml-layout":"","ast-disable-related-posts":"","theme-transparent-header-meta":"default","adv-header-id-meta":"","stick-header-meta":"","header-above-stick-meta":"","header-main-stick-meta":"","header-below-stick-meta":"","astra-migrate-meta-layouts":"set","ast-page-background-enabled":"default","ast-page-background-meta":{"desktop":{"background-color":"","background-image":"","background-repeat":"repeat","background-position":"center center","background-size":"auto","background-attachment":"scroll","background-type":"","background-media":"","overlay-type":"","overlay-color":"","overlay-opacity":"","overlay-gradient":""},"tablet":{"background-color":"","background-image":"","background-repeat":"repeat","background-position":"center center","background-size":"auto","background-attachment":"scroll","background-type":"","background-media":"","overlay-type":"","overlay-color":"","overlay-opacity":"","overlay-gradient":""},"mobile":{"background-color":"","background-image":"","background-repeat":"repeat","background-position":"center center","background-size":"auto","background-attachment":"scroll","background-type":"","background-media":"","overlay-type":"","overlay-color":"","overlay-opacity":"","overlay-gradient":""}},"ast-content-background-meta":{"desktop":{"background-color":"var(--ast-global-color-5)","background-image":"","background-repeat":"repeat","background-position":"center center","background-size":"auto","background-attachment":"scroll","background-type":"","background-media":"","overlay-type":"","overlay-color":"","overlay-opacity":"","overlay-gradient":""},"tablet":{"background-color":"var(--ast-global-color-5)","background-image":"","background-repeat":"repeat","background-position":"center center","background-size":"auto","background-attachment":"scroll","background-type":"","background-media":"","overlay-type":"","overlay-color":"","overlay-opacity":"","overlay-gradient":""},"mobile":{"background-color":"var(--ast-global-color-5)","background-image":"","background-repeat":"repeat","background-position":"center center","background-size":"auto","background-attachment":"scroll","background-type":"","background-media":"","overlay-type":"","overlay-color":"","overlay-opacity":"","overlay-gradient":""}}},"product_brand":[],"product_cat":[194,193],"product_tag":[],"class_list":{"0":"post-13159","1":"product","2":"type-product","3":"status-publish","5":"product_cat--_","7":"pa_-zarok","8":"pa_-newaf-miro","9":"pa_-kurmanci","10":"pa_--mori-zarok","11":"desktop-align-left","12":"tablet-align-left","13":"mobile-align-left","15":"first","16":"outofstock","17":"shipping-taxable","18":"purchasable","19":"product-type-simple"},"yoast_head":"<!-- This site is optimized with the Yoast SEO plugin v27.4 - https:\/\/yoast.com\/product\/yoast-seo-wordpress\/ -->\n<title>D\u00eelan - Hitok\u00ea \u00fb Pap\u00fb\u015fko - Newaf M\u00eero - www.shanabooks.de<\/title>\n<meta name=\"description\" content=\"D\u00eelan - Hitok\u00ea \u00fb Pap\u00fb\u015fko - Newaf M\u00eero Pap\u00fb\u015fko ka t\u00eakeve dest\u00ean min, ez \u00fb tu d\u00eelana kurd\u00ee bikim..... www.shanabooks.de - D\u00eelan - Hitok\u00ea \u00fb Pap\u00fb\u015fko\" \/>\n<meta name=\"robots\" content=\"index, follow, max-snippet:-1, max-image-preview:large, max-video-preview:-1\" \/>\n<link rel=\"canonical\" href=\"https:\/\/shanabooks.de\/product\/dilan-hitoke-u-papusko-newaf-miro\/\" \/>\n<meta property=\"og:locale\" content=\"de_DE\" \/>\n<meta property=\"og:type\" content=\"article\" \/>\n<meta property=\"og:title\" content=\"D\u00eelan - Hitok\u00ea \u00fb Pap\u00fb\u015fko - Newaf M\u00eero - www.shanabooks.de\" \/>\n<meta property=\"og:description\" content=\"D\u00eelan - Hitok\u00ea \u00fb Pap\u00fb\u015fko - Newaf M\u00eero Pap\u00fb\u015fko ka t\u00eakeve dest\u00ean min, ez \u00fb tu d\u00eelana kurd\u00ee bikim..... www.shanabooks.de - D\u00eelan - Hitok\u00ea \u00fb Pap\u00fb\u015fko\" \/>\n<meta property=\"og:url\" content=\"https:\/\/shanabooks.de\/product\/dilan-hitoke-u-papusko-newaf-miro\/\" \/>\n<meta property=\"og:site_name\" content=\"www.shanabooks.de\" \/>\n<meta property=\"article:modified_time\" content=\"2024-04-10T10:51:19+00:00\" \/>\n<meta name=\"twitter:card\" content=\"summary_large_image\" \/>\n<meta name=\"twitter:label1\" content=\"Gesch\u00e4tzte Lesezeit\" \/>\n\t<meta name=\"twitter:data1\" content=\"1\u00a0Minute\" \/>\n<script type=\"application\/ld+json\" class=\"yoast-schema-graph\">{\"@context\":\"https:\\\/\\\/schema.org\",\"@graph\":[{\"@type\":\"WebPage\",\"@id\":\"https:\\\/\\\/shanabooks.de\\\/product\\\/dilan-hitoke-u-papusko-newaf-miro\\\/\",\"url\":\"https:\\\/\\\/shanabooks.de\\\/product\\\/dilan-hitoke-u-papusko-newaf-miro\\\/\",\"name\":\"D\u00eelan - Hitok\u00ea \u00fb Pap\u00fb\u015fko - Newaf M\u00eero - www.shanabooks.de\",\"isPartOf\":{\"@id\":\"https:\\\/\\\/shanabooks.de\\\/#website\"},\"datePublished\":\"2024-03-03T19:50:08+00:00\",\"dateModified\":\"2024-04-10T10:51:19+00:00\",\"description\":\"D\u00eelan - Hitok\u00ea \u00fb Pap\u00fb\u015fko - Newaf M\u00eero Pap\u00fb\u015fko ka t\u00eakeve dest\u00ean min, ez \u00fb tu d\u00eelana kurd\u00ee bikim..... www.shanabooks.de - D\u00eelan - Hitok\u00ea \u00fb Pap\u00fb\u015fko\",\"breadcrumb\":{\"@id\":\"https:\\\/\\\/shanabooks.de\\\/product\\\/dilan-hitoke-u-papusko-newaf-miro\\\/#breadcrumb\"},\"inLanguage\":\"de\",\"potentialAction\":[{\"@type\":\"ReadAction\",\"target\":[\"https:\\\/\\\/shanabooks.de\\\/product\\\/dilan-hitoke-u-papusko-newaf-miro\\\/\"]}]},{\"@type\":\"BreadcrumbList\",\"@id\":\"https:\\\/\\\/shanabooks.de\\\/product\\\/dilan-hitoke-u-papusko-newaf-miro\\\/#breadcrumb\",\"itemListElement\":[{\"@type\":\"ListItem\",\"position\":1,\"name\":\"\u0627\u0644\u0631\u0626\u064a\u0633\u064a\u0629\",\"item\":\"https:\\\/\\\/shanabooks.de\\\/de\\\/\"},{\"@type\":\"ListItem\",\"position\":2,\"name\":\"\u0627\u0644\u0645\u0646\u062a\u062c\u0627\u062a\",\"item\":\"https:\\\/\\\/shanabooks.de\\\/shop\\\/\"},{\"@type\":\"ListItem\",\"position\":3,\"name\":\"D\u00eelan &#8211; Hitok\u00ea \u00fb Pap\u00fb\u015fko\"}]},{\"@type\":\"WebSite\",\"@id\":\"https:\\\/\\\/shanabooks.de\\\/#website\",\"url\":\"https:\\\/\\\/shanabooks.de\\\/\",\"name\":\"www.shanbooks.de\",\"description\":\"C\u00eehana Pirt\u00fbk\u00ean Kurd\u00ee \u0645\u0643\u062a\u0628\u0629 \u0634\u0627\u0646\u0627 \u0641\u064a \u0627\u0644\u0645\u0627\u0646\u064a\u0627 \u0648\u0623\u0648\u0631\u0628\u0627\",\"publisher\":{\"@id\":\"https:\\\/\\\/shanabooks.de\\\/#organization\"},\"potentialAction\":[{\"@type\":\"SearchAction\",\"target\":{\"@type\":\"EntryPoint\",\"urlTemplate\":\"https:\\\/\\\/shanabooks.de\\\/?s={search_term_string}\"},\"query-input\":{\"@type\":\"PropertyValueSpecification\",\"valueRequired\":true,\"valueName\":\"search_term_string\"}}],\"inLanguage\":\"de\"},{\"@type\":\"Organization\",\"@id\":\"https:\\\/\\\/shanabooks.de\\\/#organization\",\"name\":\"www.shanbooks.de\",\"url\":\"https:\\\/\\\/shanabooks.de\\\/\",\"logo\":{\"@type\":\"ImageObject\",\"inLanguage\":\"de\",\"@id\":\"https:\\\/\\\/shanabooks.de\\\/#\\\/schema\\\/logo\\\/image\\\/\",\"url\":\"https:\\\/\\\/shanabooks.de\\\/wp-content\\\/uploads\\\/2024\\\/03\\\/SHANABOOKS__2_-removebg-preview.png\",\"contentUrl\":\"https:\\\/\\\/shanabooks.de\\\/wp-content\\\/uploads\\\/2024\\\/03\\\/SHANABOOKS__2_-removebg-preview.png\",\"width\":700,\"height\":150,\"caption\":\"www.shanbooks.de\"},\"image\":{\"@id\":\"https:\\\/\\\/shanabooks.de\\\/#\\\/schema\\\/logo\\\/image\\\/\"}}]}<\/script>\n<!-- \/ Yoast SEO plugin. -->","yoast_head_json":{"title":"D\u00eelan - Hitok\u00ea \u00fb Pap\u00fb\u015fko - Newaf M\u00eero - www.shanabooks.de","description":"D\u00eelan - Hitok\u00ea \u00fb Pap\u00fb\u015fko - Newaf M\u00eero Pap\u00fb\u015fko ka t\u00eakeve dest\u00ean min, ez \u00fb tu d\u00eelana kurd\u00ee bikim..... www.shanabooks.de - D\u00eelan - Hitok\u00ea \u00fb Pap\u00fb\u015fko","robots":{"index":"index","follow":"follow","max-snippet":"max-snippet:-1","max-image-preview":"max-image-preview:large","max-video-preview":"max-video-preview:-1"},"canonical":"https:\/\/shanabooks.de\/product\/dilan-hitoke-u-papusko-newaf-miro\/","og_locale":"de_DE","og_type":"article","og_title":"D\u00eelan - Hitok\u00ea \u00fb Pap\u00fb\u015fko - Newaf M\u00eero - www.shanabooks.de","og_description":"D\u00eelan - Hitok\u00ea \u00fb Pap\u00fb\u015fko - Newaf M\u00eero Pap\u00fb\u015fko ka t\u00eakeve dest\u00ean min, ez \u00fb tu d\u00eelana kurd\u00ee bikim..... www.shanabooks.de - D\u00eelan - Hitok\u00ea \u00fb Pap\u00fb\u015fko","og_url":"https:\/\/shanabooks.de\/product\/dilan-hitoke-u-papusko-newaf-miro\/","og_site_name":"www.shanabooks.de","article_modified_time":"2024-04-10T10:51:19+00:00","twitter_card":"summary_large_image","twitter_misc":{"Gesch\u00e4tzte Lesezeit":"1\u00a0Minute"},"schema":{"@context":"https:\/\/schema.org","@graph":[{"@type":"WebPage","@id":"https:\/\/shanabooks.de\/product\/dilan-hitoke-u-papusko-newaf-miro\/","url":"https:\/\/shanabooks.de\/product\/dilan-hitoke-u-papusko-newaf-miro\/","name":"D\u00eelan - Hitok\u00ea \u00fb Pap\u00fb\u015fko - Newaf M\u00eero - www.shanabooks.de","isPartOf":{"@id":"https:\/\/shanabooks.de\/#website"},"datePublished":"2024-03-03T19:50:08+00:00","dateModified":"2024-04-10T10:51:19+00:00","description":"D\u00eelan - Hitok\u00ea \u00fb Pap\u00fb\u015fko - Newaf M\u00eero Pap\u00fb\u015fko ka t\u00eakeve dest\u00ean min, ez \u00fb tu d\u00eelana kurd\u00ee bikim..... www.shanabooks.de - D\u00eelan - Hitok\u00ea \u00fb Pap\u00fb\u015fko","breadcrumb":{"@id":"https:\/\/shanabooks.de\/product\/dilan-hitoke-u-papusko-newaf-miro\/#breadcrumb"},"inLanguage":"de","potentialAction":[{"@type":"ReadAction","target":["https:\/\/shanabooks.de\/product\/dilan-hitoke-u-papusko-newaf-miro\/"]}]},{"@type":"BreadcrumbList","@id":"https:\/\/shanabooks.de\/product\/dilan-hitoke-u-papusko-newaf-miro\/#breadcrumb","itemListElement":[{"@type":"ListItem","position":1,"name":"\u0627\u0644\u0631\u0626\u064a\u0633\u064a\u0629","item":"https:\/\/shanabooks.de\/de\/"},{"@type":"ListItem","position":2,"name":"\u0627\u0644\u0645\u0646\u062a\u062c\u0627\u062a","item":"https:\/\/shanabooks.de\/shop\/"},{"@type":"ListItem","position":3,"name":"D\u00eelan &#8211; Hitok\u00ea \u00fb Pap\u00fb\u015fko"}]},{"@type":"WebSite","@id":"https:\/\/shanabooks.de\/#website","url":"https:\/\/shanabooks.de\/","name":"www.shanbooks.de","description":"C\u00eehana Pirt\u00fbk\u00ean Kurd\u00ee \u0645\u0643\u062a\u0628\u0629 \u0634\u0627\u0646\u0627 \u0641\u064a \u0627\u0644\u0645\u0627\u0646\u064a\u0627 \u0648\u0623\u0648\u0631\u0628\u0627","publisher":{"@id":"https:\/\/shanabooks.de\/#organization"},"potentialAction":[{"@type":"SearchAction","target":{"@type":"EntryPoint","urlTemplate":"https:\/\/shanabooks.de\/?s={search_term_string}"},"query-input":{"@type":"PropertyValueSpecification","valueRequired":true,"valueName":"search_term_string"}}],"inLanguage":"de"},{"@type":"Organization","@id":"https:\/\/shanabooks.de\/#organization","name":"www.shanbooks.de","url":"https:\/\/shanabooks.de\/","logo":{"@type":"ImageObject","inLanguage":"de","@id":"https:\/\/shanabooks.de\/#\/schema\/logo\/image\/","url":"https:\/\/shanabooks.de\/wp-content\/uploads\/2024\/03\/SHANABOOKS__2_-removebg-preview.png","contentUrl":"https:\/\/shanabooks.de\/wp-content\/uploads\/2024\/03\/SHANABOOKS__2_-removebg-preview.png","width":700,"height":150,"caption":"www.shanbooks.de"},"image":{"@id":"https:\/\/shanabooks.de\/#\/schema\/logo\/image\/"}}]}},"jetpack_sharing_enabled":true,"_links":{"self":[{"href":"https:\/\/shanabooks.de\/de\/wp-json\/wp\/v2\/product\/13159","targetHints":{"allow":["GET"]}}],"collection":[{"href":"https:\/\/shanabooks.de\/de\/wp-json\/wp\/v2\/product"}],"about":[{"href":"https:\/\/shanabooks.de\/de\/wp-json\/wp\/v2\/types\/product"}],"version-history":[{"count":2,"href":"https:\/\/shanabooks.de\/de\/wp-json\/wp\/v2\/product\/13159\/revisions"}],"predecessor-version":[{"id":23549,"href":"https:\/\/shanabooks.de\/de\/wp-json\/wp\/v2\/product\/13159\/revisions\/23549"}],"wp:attachment":[{"href":"https:\/\/shanabooks.de\/de\/wp-json\/wp\/v2\/media?parent=13159"}],"wp:term":[{"taxonomy":"product_brand","embeddable":true,"href":"https:\/\/shanabooks.de\/de\/wp-json\/wp\/v2\/product_brand?post=13159"},{"taxonomy":"product_cat","embeddable":true,"href":"https:\/\/shanabooks.de\/de\/wp-json\/wp\/v2\/product_cat?post=13159"},{"taxonomy":"product_tag","embeddable":true,"href":"https:\/\/shanabooks.de\/de\/wp-json\/wp\/v2\/product_tag?post=13159"}],"curies":[{"name":"wp","href":"https:\/\/api.w.org\/{rel}","templated":true}]}}