{"id":13168,"date":"2024-03-03T19:50:09","date_gmt":"2024-03-03T19:50:09","guid":{"rendered":"https:\/\/shanabooks.de\/?post_type=product&#038;p=13168"},"modified":"2026-01-02T20:46:26","modified_gmt":"2026-01-02T20:46:26","slug":"rumet-vejina-kurd","status":"publish","type":"product","link":"https:\/\/shanabooks.de\/de\/product\/rumet-vejina-kurd\/","title":{"rendered":"R\u00fbmet"},"content":{"rendered":"<p style=\"text-align: left;\"><strong>R\u00fbmet &#8211; Vej\u00eena Kurd<\/strong><\/p>\n<p style=\"text-align: left;\">Te\u015f\u00eeya romana bi nav\u00ea R\u00fbmet bi tevna jin\u00ea hat\u00eeye ristin \u00fb Vej\u00eena Kurd rew\u015f \u00fb j\u00eeyana jina kurd di nav x\u00eaz\u00ean roman\u00ea da dide ber ronah\u00eey\u00ea \u00fb herwiha \u00ea\u015f \u00fb kul\u00ean w\u00ea werdiger\u00eene \u00fb dinivis\u00eene.<br \/>\nDi civaka Kurd\u00ee da t\u00eageha r\u00fbmet\u00ea b\u00eatir bi jin\u00ea va gir\u00eaday\u00ee ye. Ji ber w\u00ea j\u00ee her ke\u00e7ikek ji dema zaroktiya xwe da li gelek pirsgir\u00eakan dilukime \u00fb bandoreke mezin li jiyana w\u00ea bi tevah\u00ee dike.<br \/>\nLehenga roman\u00ea Lor\u00een dipirse:<br \/>\n&#8220; -Day\u00ea! \u00c7ima d\u00eap\u00eera min li min wisa kir?<br \/>\n&#8211; Ji ber ku tu q\u00eez \u00ee \u00fb bi te\u015fqeley\u00ean wisa dibe tu ji ke\u00e7an\u00eey\u00ea bikev\u00ee.<br \/>\n&#8211; Day\u00ea! Ke\u00e7an\u00ee \u00e7i ye?!<br \/>\n&#8211; Eger tu mezin bib\u00ee tu y\u00ea zanib\u00ee.<br \/>\n&#8211; Day\u00ea! Xort j\u00ee ji ke\u00e7an\u00eey\u00ea dikevin?!<br \/>\n&#8211; Pirs\u00ean b\u00ea\u00e7\u00eaj neke \u00fb here bi biray\u00ea xwe ra bil\u00eeze&#8230;&#8220;<\/p>\n","protected":false},"excerpt":{"rendered":"<p style=\"text-align: center;\"><strong>Pirt\u00fbk: R\u00fbmet<br \/>\nNiv\u00eeskar: Vej\u00eena Kurd<br \/>\nCure: Roman<\/strong><\/p>\n","protected":false},"featured_media":5988,"template":"","meta":{"site-sidebar-layout":"default","site-content-layout":"","ast-site-content-layout":"default","site-content-style":"default","site-sidebar-style":"default","ast-global-header-display":"","ast-banner-title-visibility":"","ast-main-header-display":"","ast-hfb-above-header-display":"","ast-hfb-below-header-display":"","ast-hfb-mobile-header-display":"","site-post-title":"","ast-breadcrumbs-content":"","ast-featured-img":"","footer-sml-layout":"","ast-disable-related-posts":"","theme-transparent-header-meta":"default","adv-header-id-meta":"","stick-header-meta":"","header-above-stick-meta":"","header-main-stick-meta":"","header-below-stick-meta":"","astra-migrate-meta-layouts":"set","ast-page-background-enabled":"default","ast-page-background-meta":{"desktop":{"background-color":"","background-image":"","background-repeat":"repeat","background-position":"center center","background-size":"auto","background-attachment":"scroll","background-type":"","background-media":"","overlay-type":"","overlay-color":"","overlay-opacity":"","overlay-gradient":""},"tablet":{"background-color":"","background-image":"","background-repeat":"repeat","background-position":"center center","background-size":"auto","background-attachment":"scroll","background-type":"","background-media":"","overlay-type":"","overlay-color":"","overlay-opacity":"","overlay-gradient":""},"mobile":{"background-color":"","background-image":"","background-repeat":"repeat","background-position":"center center","background-size":"auto","background-attachment":"scroll","background-type":"","background-media":"","overlay-type":"","overlay-color":"","overlay-opacity":"","overlay-gradient":""}},"ast-content-background-meta":{"desktop":{"background-color":"var(--ast-global-color-5)","background-image":"","background-repeat":"repeat","background-position":"center center","background-size":"auto","background-attachment":"scroll","background-type":"","background-media":"","overlay-type":"","overlay-color":"","overlay-opacity":"","overlay-gradient":""},"tablet":{"background-color":"var(--ast-global-color-5)","background-image":"","background-repeat":"repeat","background-position":"center center","background-size":"auto","background-attachment":"scroll","background-type":"","background-media":"","overlay-type":"","overlay-color":"","overlay-opacity":"","overlay-gradient":""},"mobile":{"background-color":"var(--ast-global-color-5)","background-image":"","background-repeat":"repeat","background-position":"center center","background-size":"auto","background-attachment":"scroll","background-type":"","background-media":"","overlay-type":"","overlay-color":"","overlay-opacity":"","overlay-gradient":""}}},"product_brand":[],"product_cat":[182,193],"product_tag":[],"class_list":{"0":"post-13168","1":"product","2":"type-product","3":"status-publish","4":"has-post-thumbnail","6":"product_cat-_","7":"product_cat--_","8":"pa_-roman","9":"pa_-vejina-kurd","10":"pa_-kurmanci","11":"pa_--wesanxaneya-ava","12":"desktop-align-left","13":"tablet-align-left","14":"mobile-align-left","16":"first","17":"instock","18":"shipping-taxable","19":"purchasable","20":"product-type-simple"},"yoast_head":"<!-- This site is optimized with the Yoast SEO plugin v27.4 - https:\/\/yoast.com\/product\/yoast-seo-wordpress\/ -->\n<title>R\u00fbmet - Vej\u00eena Kurd - www.shanabooks.de<\/title>\n<meta name=\"description\" content=\"R\u00fbmet - Vej\u00eena Kurd Te\u015f\u00eeya romana R\u00dbMET&#039;\u00ea bi tevna jin\u00ea hat\u00eeye ristin, \u00fb Vej\u00eena Kurd rew\u015f \u00fb j\u00eeyana jina kurd di nav x\u00eaz\u00ean roman\u00ea da dide ber ronah\u00eey\u00ea \u00fb ...\" \/>\n<meta name=\"robots\" content=\"index, follow, max-snippet:-1, max-image-preview:large, max-video-preview:-1\" \/>\n<link rel=\"canonical\" href=\"https:\/\/shanabooks.de\/product\/rumet-vejina-kurd\/\" \/>\n<meta property=\"og:locale\" content=\"de_DE\" \/>\n<meta property=\"og:type\" content=\"article\" \/>\n<meta property=\"og:title\" content=\"R\u00fbmet - Vej\u00eena Kurd - www.shanabooks.de\" \/>\n<meta property=\"og:description\" content=\"R\u00fbmet - Vej\u00eena Kurd Te\u015f\u00eeya romana R\u00dbMET&#039;\u00ea bi tevna jin\u00ea hat\u00eeye ristin, \u00fb Vej\u00eena Kurd rew\u015f \u00fb j\u00eeyana jina kurd di nav x\u00eaz\u00ean roman\u00ea da dide ber ronah\u00eey\u00ea \u00fb ...\" \/>\n<meta property=\"og:url\" content=\"https:\/\/shanabooks.de\/product\/rumet-vejina-kurd\/\" \/>\n<meta property=\"og:site_name\" content=\"www.shanabooks.de\" \/>\n<meta property=\"article:modified_time\" content=\"2026-01-02T20:46:26+00:00\" \/>\n<meta property=\"og:image\" content=\"https:\/\/shanabooks.de\/wp-content\/uploads\/2024\/01\/Rumet-1.png\" \/>\n\t<meta property=\"og:image:width\" content=\"328\" \/>\n\t<meta property=\"og:image:height\" content=\"477\" \/>\n\t<meta property=\"og:image:type\" content=\"image\/png\" \/>\n<meta name=\"twitter:card\" content=\"summary_large_image\" \/>\n<meta name=\"twitter:label1\" content=\"Gesch\u00e4tzte Lesezeit\" \/>\n\t<meta name=\"twitter:data1\" content=\"2\u00a0Minuten\" \/>\n<script type=\"application\/ld+json\" class=\"yoast-schema-graph\">{\"@context\":\"https:\\\/\\\/schema.org\",\"@graph\":[{\"@type\":\"WebPage\",\"@id\":\"https:\\\/\\\/shanabooks.de\\\/product\\\/rumet-vejina-kurd\\\/\",\"url\":\"https:\\\/\\\/shanabooks.de\\\/product\\\/rumet-vejina-kurd\\\/\",\"name\":\"R\u00fbmet - Vej\u00eena Kurd - www.shanabooks.de\",\"isPartOf\":{\"@id\":\"https:\\\/\\\/shanabooks.de\\\/#website\"},\"primaryImageOfPage\":{\"@id\":\"https:\\\/\\\/shanabooks.de\\\/product\\\/rumet-vejina-kurd\\\/#primaryimage\"},\"image\":{\"@id\":\"https:\\\/\\\/shanabooks.de\\\/product\\\/rumet-vejina-kurd\\\/#primaryimage\"},\"thumbnailUrl\":\"https:\\\/\\\/shanabooks.de\\\/wp-content\\\/uploads\\\/2024\\\/01\\\/Rumet-1.png\",\"datePublished\":\"2024-03-03T19:50:09+00:00\",\"dateModified\":\"2026-01-02T20:46:26+00:00\",\"description\":\"R\u00fbmet - Vej\u00eena Kurd Te\u015f\u00eeya romana R\u00dbMET'\u00ea bi tevna jin\u00ea hat\u00eeye ristin, \u00fb Vej\u00eena Kurd rew\u015f \u00fb j\u00eeyana jina kurd di nav x\u00eaz\u00ean roman\u00ea da dide ber ronah\u00eey\u00ea \u00fb ...\",\"breadcrumb\":{\"@id\":\"https:\\\/\\\/shanabooks.de\\\/product\\\/rumet-vejina-kurd\\\/#breadcrumb\"},\"inLanguage\":\"de\",\"potentialAction\":[{\"@type\":\"ReadAction\",\"target\":[\"https:\\\/\\\/shanabooks.de\\\/product\\\/rumet-vejina-kurd\\\/\"]}]},{\"@type\":\"ImageObject\",\"inLanguage\":\"de\",\"@id\":\"https:\\\/\\\/shanabooks.de\\\/product\\\/rumet-vejina-kurd\\\/#primaryimage\",\"url\":\"https:\\\/\\\/shanabooks.de\\\/wp-content\\\/uploads\\\/2024\\\/01\\\/Rumet-1.png\",\"contentUrl\":\"https:\\\/\\\/shanabooks.de\\\/wp-content\\\/uploads\\\/2024\\\/01\\\/Rumet-1.png\",\"width\":328,\"height\":477,\"caption\":\"R\u00fbmet - Vej\u00eena Kurd - pirt\u00fbk\u00ean kurd\u00ee - roman\"},{\"@type\":\"BreadcrumbList\",\"@id\":\"https:\\\/\\\/shanabooks.de\\\/product\\\/rumet-vejina-kurd\\\/#breadcrumb\",\"itemListElement\":[{\"@type\":\"ListItem\",\"position\":1,\"name\":\"\u0627\u0644\u0631\u0626\u064a\u0633\u064a\u0629\",\"item\":\"https:\\\/\\\/shanabooks.de\\\/de\\\/\"},{\"@type\":\"ListItem\",\"position\":2,\"name\":\"\u0627\u0644\u0645\u0646\u062a\u062c\u0627\u062a\",\"item\":\"https:\\\/\\\/shanabooks.de\\\/shop\\\/\"},{\"@type\":\"ListItem\",\"position\":3,\"name\":\"R\u00fbmet\"}]},{\"@type\":\"WebSite\",\"@id\":\"https:\\\/\\\/shanabooks.de\\\/#website\",\"url\":\"https:\\\/\\\/shanabooks.de\\\/\",\"name\":\"www.shanbooks.de\",\"description\":\"C\u00eehana Pirt\u00fbk\u00ean Kurd\u00ee \u0645\u0643\u062a\u0628\u0629 \u0634\u0627\u0646\u0627 \u0641\u064a \u0627\u0644\u0645\u0627\u0646\u064a\u0627 \u0648\u0623\u0648\u0631\u0628\u0627\",\"publisher\":{\"@id\":\"https:\\\/\\\/shanabooks.de\\\/#organization\"},\"potentialAction\":[{\"@type\":\"SearchAction\",\"target\":{\"@type\":\"EntryPoint\",\"urlTemplate\":\"https:\\\/\\\/shanabooks.de\\\/?s={search_term_string}\"},\"query-input\":{\"@type\":\"PropertyValueSpecification\",\"valueRequired\":true,\"valueName\":\"search_term_string\"}}],\"inLanguage\":\"de\"},{\"@type\":\"Organization\",\"@id\":\"https:\\\/\\\/shanabooks.de\\\/#organization\",\"name\":\"www.shanbooks.de\",\"url\":\"https:\\\/\\\/shanabooks.de\\\/\",\"logo\":{\"@type\":\"ImageObject\",\"inLanguage\":\"de\",\"@id\":\"https:\\\/\\\/shanabooks.de\\\/#\\\/schema\\\/logo\\\/image\\\/\",\"url\":\"https:\\\/\\\/shanabooks.de\\\/wp-content\\\/uploads\\\/2024\\\/03\\\/SHANABOOKS__2_-removebg-preview.png\",\"contentUrl\":\"https:\\\/\\\/shanabooks.de\\\/wp-content\\\/uploads\\\/2024\\\/03\\\/SHANABOOKS__2_-removebg-preview.png\",\"width\":700,\"height\":150,\"caption\":\"www.shanbooks.de\"},\"image\":{\"@id\":\"https:\\\/\\\/shanabooks.de\\\/#\\\/schema\\\/logo\\\/image\\\/\"}}]}<\/script>\n<!-- \/ Yoast SEO plugin. -->","yoast_head_json":{"title":"R\u00fbmet - Vej\u00eena Kurd - www.shanabooks.de","description":"R\u00fbmet - Vej\u00eena Kurd Te\u015f\u00eeya romana R\u00dbMET'\u00ea bi tevna jin\u00ea hat\u00eeye ristin, \u00fb Vej\u00eena Kurd rew\u015f \u00fb j\u00eeyana jina kurd di nav x\u00eaz\u00ean roman\u00ea da dide ber ronah\u00eey\u00ea \u00fb ...","robots":{"index":"index","follow":"follow","max-snippet":"max-snippet:-1","max-image-preview":"max-image-preview:large","max-video-preview":"max-video-preview:-1"},"canonical":"https:\/\/shanabooks.de\/product\/rumet-vejina-kurd\/","og_locale":"de_DE","og_type":"article","og_title":"R\u00fbmet - Vej\u00eena Kurd - www.shanabooks.de","og_description":"R\u00fbmet - Vej\u00eena Kurd Te\u015f\u00eeya romana R\u00dbMET'\u00ea bi tevna jin\u00ea hat\u00eeye ristin, \u00fb Vej\u00eena Kurd rew\u015f \u00fb j\u00eeyana jina kurd di nav x\u00eaz\u00ean roman\u00ea da dide ber ronah\u00eey\u00ea \u00fb ...","og_url":"https:\/\/shanabooks.de\/product\/rumet-vejina-kurd\/","og_site_name":"www.shanabooks.de","article_modified_time":"2026-01-02T20:46:26+00:00","og_image":[{"width":328,"height":477,"url":"https:\/\/shanabooks.de\/wp-content\/uploads\/2024\/01\/Rumet-1.png","type":"image\/png"}],"twitter_card":"summary_large_image","twitter_misc":{"Gesch\u00e4tzte Lesezeit":"2\u00a0Minuten"},"schema":{"@context":"https:\/\/schema.org","@graph":[{"@type":"WebPage","@id":"https:\/\/shanabooks.de\/product\/rumet-vejina-kurd\/","url":"https:\/\/shanabooks.de\/product\/rumet-vejina-kurd\/","name":"R\u00fbmet - Vej\u00eena Kurd - www.shanabooks.de","isPartOf":{"@id":"https:\/\/shanabooks.de\/#website"},"primaryImageOfPage":{"@id":"https:\/\/shanabooks.de\/product\/rumet-vejina-kurd\/#primaryimage"},"image":{"@id":"https:\/\/shanabooks.de\/product\/rumet-vejina-kurd\/#primaryimage"},"thumbnailUrl":"https:\/\/shanabooks.de\/wp-content\/uploads\/2024\/01\/Rumet-1.png","datePublished":"2024-03-03T19:50:09+00:00","dateModified":"2026-01-02T20:46:26+00:00","description":"R\u00fbmet - Vej\u00eena Kurd Te\u015f\u00eeya romana R\u00dbMET'\u00ea bi tevna jin\u00ea hat\u00eeye ristin, \u00fb Vej\u00eena Kurd rew\u015f \u00fb j\u00eeyana jina kurd di nav x\u00eaz\u00ean roman\u00ea da dide ber ronah\u00eey\u00ea \u00fb ...","breadcrumb":{"@id":"https:\/\/shanabooks.de\/product\/rumet-vejina-kurd\/#breadcrumb"},"inLanguage":"de","potentialAction":[{"@type":"ReadAction","target":["https:\/\/shanabooks.de\/product\/rumet-vejina-kurd\/"]}]},{"@type":"ImageObject","inLanguage":"de","@id":"https:\/\/shanabooks.de\/product\/rumet-vejina-kurd\/#primaryimage","url":"https:\/\/shanabooks.de\/wp-content\/uploads\/2024\/01\/Rumet-1.png","contentUrl":"https:\/\/shanabooks.de\/wp-content\/uploads\/2024\/01\/Rumet-1.png","width":328,"height":477,"caption":"R\u00fbmet - Vej\u00eena Kurd - pirt\u00fbk\u00ean kurd\u00ee - roman"},{"@type":"BreadcrumbList","@id":"https:\/\/shanabooks.de\/product\/rumet-vejina-kurd\/#breadcrumb","itemListElement":[{"@type":"ListItem","position":1,"name":"\u0627\u0644\u0631\u0626\u064a\u0633\u064a\u0629","item":"https:\/\/shanabooks.de\/de\/"},{"@type":"ListItem","position":2,"name":"\u0627\u0644\u0645\u0646\u062a\u062c\u0627\u062a","item":"https:\/\/shanabooks.de\/shop\/"},{"@type":"ListItem","position":3,"name":"R\u00fbmet"}]},{"@type":"WebSite","@id":"https:\/\/shanabooks.de\/#website","url":"https:\/\/shanabooks.de\/","name":"www.shanbooks.de","description":"C\u00eehana Pirt\u00fbk\u00ean Kurd\u00ee \u0645\u0643\u062a\u0628\u0629 \u0634\u0627\u0646\u0627 \u0641\u064a \u0627\u0644\u0645\u0627\u0646\u064a\u0627 \u0648\u0623\u0648\u0631\u0628\u0627","publisher":{"@id":"https:\/\/shanabooks.de\/#organization"},"potentialAction":[{"@type":"SearchAction","target":{"@type":"EntryPoint","urlTemplate":"https:\/\/shanabooks.de\/?s={search_term_string}"},"query-input":{"@type":"PropertyValueSpecification","valueRequired":true,"valueName":"search_term_string"}}],"inLanguage":"de"},{"@type":"Organization","@id":"https:\/\/shanabooks.de\/#organization","name":"www.shanbooks.de","url":"https:\/\/shanabooks.de\/","logo":{"@type":"ImageObject","inLanguage":"de","@id":"https:\/\/shanabooks.de\/#\/schema\/logo\/image\/","url":"https:\/\/shanabooks.de\/wp-content\/uploads\/2024\/03\/SHANABOOKS__2_-removebg-preview.png","contentUrl":"https:\/\/shanabooks.de\/wp-content\/uploads\/2024\/03\/SHANABOOKS__2_-removebg-preview.png","width":700,"height":150,"caption":"www.shanbooks.de"},"image":{"@id":"https:\/\/shanabooks.de\/#\/schema\/logo\/image\/"}}]}},"jetpack_sharing_enabled":true,"_links":{"self":[{"href":"https:\/\/shanabooks.de\/de\/wp-json\/wp\/v2\/product\/13168","targetHints":{"allow":["GET"]}}],"collection":[{"href":"https:\/\/shanabooks.de\/de\/wp-json\/wp\/v2\/product"}],"about":[{"href":"https:\/\/shanabooks.de\/de\/wp-json\/wp\/v2\/types\/product"}],"version-history":[{"count":3,"href":"https:\/\/shanabooks.de\/de\/wp-json\/wp\/v2\/product\/13168\/revisions"}],"predecessor-version":[{"id":22696,"href":"https:\/\/shanabooks.de\/de\/wp-json\/wp\/v2\/product\/13168\/revisions\/22696"}],"wp:featuredmedia":[{"embeddable":true,"href":"https:\/\/shanabooks.de\/de\/wp-json\/wp\/v2\/media\/5988"}],"wp:attachment":[{"href":"https:\/\/shanabooks.de\/de\/wp-json\/wp\/v2\/media?parent=13168"}],"wp:term":[{"taxonomy":"product_brand","embeddable":true,"href":"https:\/\/shanabooks.de\/de\/wp-json\/wp\/v2\/product_brand?post=13168"},{"taxonomy":"product_cat","embeddable":true,"href":"https:\/\/shanabooks.de\/de\/wp-json\/wp\/v2\/product_cat?post=13168"},{"taxonomy":"product_tag","embeddable":true,"href":"https:\/\/shanabooks.de\/de\/wp-json\/wp\/v2\/product_tag?post=13168"}],"curies":[{"name":"wp","href":"https:\/\/api.w.org\/{rel}","templated":true}]}}