{"id":13169,"date":"2024-03-03T19:50:09","date_gmt":"2024-03-03T19:50:09","guid":{"rendered":"https:\/\/shanabooks.de\/?post_type=product&#038;p=13169"},"modified":"2026-01-02T20:40:53","modified_gmt":"2026-01-02T20:40:53","slug":"peyalen-jane-can-bapir","status":"publish","type":"product","link":"https:\/\/shanabooks.de\/de\/product\/peyalen-jane-can-bapir\/","title":{"rendered":"Peyal\u00ean Jan\u00ea"},"content":{"rendered":"<p style=\"text-align: left;\"><strong>Peyal\u00ean Jan\u00ea &#8211; Can Bap\u00eer<\/strong><\/p>\n<p style=\"text-align: left;\">Peyal\u00ean Jan\u00ea ya Can Bap\u00eer, gelek \u015f\u00eawey\u00ean helbest\u00ea di hundir\u00ea xwe de radigire.<br \/>\nJi c\u00fbrey\u00ean r\u00eazbend, \u00e7ar\u00een \u00fb her wiha pex\u015fan mirov t\u00eade dib\u00eene.<br \/>\nHelbestvan Can Bap\u00eer di h\u00fbnandina hevok \u00fb w\u00eaney\u00ean helbest\u00ea de pala xwe daye peyv\u00ean kurd\u00ee y\u00ean resen \u00fb her wiha ji \u00e7anda xwe ya koban\u00ee d\u00fbr neketiye.<br \/>\nBi wirdekariy\u00ea dest p\u00ea kiriye, l\u00eestok\u00ean kevin ta zargotin di helbest\u00ean w\u00ee de cih\u00ean xwe digirin, pir caran em dib\u00eenin ku ji kaniya sof\u00eezim\u00ea vexwariye, nemaze di \u00e7ar\u00een\u00ean Meyxanan de ku t\u00eade dikeve ol \u00fb afirandey\u00ean Xwed\u00ea \u00fb pirs\u00ean heb\u00fbn\u00ea.<br \/>\nCan di Peyal\u00ean Jan\u00ea de carinan bar\u00ea helbest\u00ea li pi\u015fta xwe kiriye \u00fb carinan j\u00ee bar\u00ea \u00ea\u015f\u00ean xwe \u00fb \u00ea\u015f\u00ean welat\u00ea xwe daye ser mil\u00ea helbest\u00ea.<br \/>\nBi awayek\u00ee gi\u015ft\u00ee em li p\u00ea\u015f helbest \u00fb pex\u015fan\u00ean c\u00fbr bi c\u00fbr in bi rengek\u00ee modern ku hatine ristin \u00fb bi hostayet\u00ee ji dil hatine hinartin.<\/p>\n","protected":false},"excerpt":{"rendered":"<p style=\"text-align: center;\"><strong>pirt\u00fbk: Peyal\u00ean Jan\u00ea<\/strong><br \/>\n<strong>Niv\u00eeskar: Can Bap\u00eer<\/strong><br \/>\n<strong>Cure: Helbest<\/strong><\/p>\n","protected":false},"featured_media":5990,"template":"","meta":{"site-sidebar-layout":"default","site-content-layout":"","ast-site-content-layout":"default","site-content-style":"default","site-sidebar-style":"default","ast-global-header-display":"","ast-banner-title-visibility":"","ast-main-header-display":"","ast-hfb-above-header-display":"","ast-hfb-below-header-display":"","ast-hfb-mobile-header-display":"","site-post-title":"","ast-breadcrumbs-content":"","ast-featured-img":"","footer-sml-layout":"","ast-disable-related-posts":"","theme-transparent-header-meta":"default","adv-header-id-meta":"","stick-header-meta":"","header-above-stick-meta":"","header-main-stick-meta":"","header-below-stick-meta":"","astra-migrate-meta-layouts":"set","ast-page-background-enabled":"default","ast-page-background-meta":{"desktop":{"background-color":"","background-image":"","background-repeat":"repeat","background-position":"center center","background-size":"auto","background-attachment":"scroll","background-type":"","background-media":"","overlay-type":"","overlay-color":"","overlay-opacity":"","overlay-gradient":""},"tablet":{"background-color":"","background-image":"","background-repeat":"repeat","background-position":"center center","background-size":"auto","background-attachment":"scroll","background-type":"","background-media":"","overlay-type":"","overlay-color":"","overlay-opacity":"","overlay-gradient":""},"mobile":{"background-color":"","background-image":"","background-repeat":"repeat","background-position":"center center","background-size":"auto","background-attachment":"scroll","background-type":"","background-media":"","overlay-type":"","overlay-color":"","overlay-opacity":"","overlay-gradient":""}},"ast-content-background-meta":{"desktop":{"background-color":"var(--ast-global-color-5)","background-image":"","background-repeat":"repeat","background-position":"center center","background-size":"auto","background-attachment":"scroll","background-type":"","background-media":"","overlay-type":"","overlay-color":"","overlay-opacity":"","overlay-gradient":""},"tablet":{"background-color":"var(--ast-global-color-5)","background-image":"","background-repeat":"repeat","background-position":"center center","background-size":"auto","background-attachment":"scroll","background-type":"","background-media":"","overlay-type":"","overlay-color":"","overlay-opacity":"","overlay-gradient":""},"mobile":{"background-color":"var(--ast-global-color-5)","background-image":"","background-repeat":"repeat","background-position":"center center","background-size":"auto","background-attachment":"scroll","background-type":"","background-media":"","overlay-type":"","overlay-color":"","overlay-opacity":"","overlay-gradient":""}}},"product_brand":[],"product_cat":[184,193],"product_tag":[],"class_list":{"0":"post-13169","1":"product","2":"type-product","3":"status-publish","4":"has-post-thumbnail","6":"product_cat-_","7":"product_cat--_","8":"pa_-helbest","9":"pa_-can-bapir","10":"pa_-kurmanci","11":"pa_--wesanxaneya-ava","12":"desktop-align-left","13":"tablet-align-left","14":"mobile-align-left","16":"first","17":"instock","18":"shipping-taxable","19":"purchasable","20":"product-type-simple"},"yoast_head":"<!-- This site is optimized with the Yoast SEO plugin v27.4 - https:\/\/yoast.com\/product\/yoast-seo-wordpress\/ -->\n<title>Peyal\u00ean Jan\u00ea - Can Bap\u00eer - www.shanabooks.de<\/title>\n<meta name=\"description\" content=\"Peyal\u00ean Jan\u00ea - Can Bap\u00eer Peyal\u00ean Jan\u00ea, gelek \u015f\u00eawey\u00ean helbest\u00ea di hundir\u00ea xwe de radigire. Ji c\u00fbrey\u00ean r\u00eazbend, \u00e7ar\u00een \u00fb her wiha pex\u015fan mirov t\u00eade dib\u00eene.\" \/>\n<meta name=\"robots\" content=\"index, follow, max-snippet:-1, max-image-preview:large, max-video-preview:-1\" \/>\n<link rel=\"canonical\" href=\"https:\/\/shanabooks.de\/product\/peyalen-jane-can-bapir\/\" \/>\n<meta property=\"og:locale\" content=\"de_DE\" \/>\n<meta property=\"og:type\" content=\"article\" \/>\n<meta property=\"og:title\" content=\"Peyal\u00ean Jan\u00ea - Can Bap\u00eer - www.shanabooks.de\" \/>\n<meta property=\"og:description\" content=\"Peyal\u00ean Jan\u00ea - Can Bap\u00eer Peyal\u00ean Jan\u00ea, gelek \u015f\u00eawey\u00ean helbest\u00ea di hundir\u00ea xwe de radigire. Ji c\u00fbrey\u00ean r\u00eazbend, \u00e7ar\u00een \u00fb her wiha pex\u015fan mirov t\u00eade dib\u00eene.\" \/>\n<meta property=\"og:url\" content=\"https:\/\/shanabooks.de\/product\/peyalen-jane-can-bapir\/\" \/>\n<meta property=\"og:site_name\" content=\"www.shanabooks.de\" \/>\n<meta property=\"article:modified_time\" content=\"2026-01-02T20:40:53+00:00\" \/>\n<meta property=\"og:image\" content=\"https:\/\/shanabooks.de\/wp-content\/uploads\/2024\/01\/Peyalen-Jane-1.png\" \/>\n\t<meta property=\"og:image:width\" content=\"288\" \/>\n\t<meta property=\"og:image:height\" content=\"477\" \/>\n\t<meta property=\"og:image:type\" content=\"image\/png\" \/>\n<meta name=\"twitter:card\" content=\"summary_large_image\" \/>\n<meta name=\"twitter:label1\" content=\"Gesch\u00e4tzte Lesezeit\" \/>\n\t<meta name=\"twitter:data1\" content=\"2\u00a0Minuten\" \/>\n<script type=\"application\/ld+json\" class=\"yoast-schema-graph\">{\"@context\":\"https:\\\/\\\/schema.org\",\"@graph\":[{\"@type\":\"WebPage\",\"@id\":\"https:\\\/\\\/shanabooks.de\\\/product\\\/peyalen-jane-can-bapir\\\/\",\"url\":\"https:\\\/\\\/shanabooks.de\\\/product\\\/peyalen-jane-can-bapir\\\/\",\"name\":\"Peyal\u00ean Jan\u00ea - Can Bap\u00eer - www.shanabooks.de\",\"isPartOf\":{\"@id\":\"https:\\\/\\\/shanabooks.de\\\/#website\"},\"primaryImageOfPage\":{\"@id\":\"https:\\\/\\\/shanabooks.de\\\/product\\\/peyalen-jane-can-bapir\\\/#primaryimage\"},\"image\":{\"@id\":\"https:\\\/\\\/shanabooks.de\\\/product\\\/peyalen-jane-can-bapir\\\/#primaryimage\"},\"thumbnailUrl\":\"https:\\\/\\\/shanabooks.de\\\/wp-content\\\/uploads\\\/2024\\\/01\\\/Peyalen-Jane-1.png\",\"datePublished\":\"2024-03-03T19:50:09+00:00\",\"dateModified\":\"2026-01-02T20:40:53+00:00\",\"description\":\"Peyal\u00ean Jan\u00ea - Can Bap\u00eer Peyal\u00ean Jan\u00ea, gelek \u015f\u00eawey\u00ean helbest\u00ea di hundir\u00ea xwe de radigire. Ji c\u00fbrey\u00ean r\u00eazbend, \u00e7ar\u00een \u00fb her wiha pex\u015fan mirov t\u00eade dib\u00eene.\",\"breadcrumb\":{\"@id\":\"https:\\\/\\\/shanabooks.de\\\/product\\\/peyalen-jane-can-bapir\\\/#breadcrumb\"},\"inLanguage\":\"de\",\"potentialAction\":[{\"@type\":\"ReadAction\",\"target\":[\"https:\\\/\\\/shanabooks.de\\\/product\\\/peyalen-jane-can-bapir\\\/\"]}]},{\"@type\":\"ImageObject\",\"inLanguage\":\"de\",\"@id\":\"https:\\\/\\\/shanabooks.de\\\/product\\\/peyalen-jane-can-bapir\\\/#primaryimage\",\"url\":\"https:\\\/\\\/shanabooks.de\\\/wp-content\\\/uploads\\\/2024\\\/01\\\/Peyalen-Jane-1.png\",\"contentUrl\":\"https:\\\/\\\/shanabooks.de\\\/wp-content\\\/uploads\\\/2024\\\/01\\\/Peyalen-Jane-1.png\",\"width\":288,\"height\":477,\"caption\":\"Peyal\u00ean Jan\u00ea - Can Bap\u00eer - pirt\u00fbk\u00ean kurd\u00ee - helbest\"},{\"@type\":\"BreadcrumbList\",\"@id\":\"https:\\\/\\\/shanabooks.de\\\/product\\\/peyalen-jane-can-bapir\\\/#breadcrumb\",\"itemListElement\":[{\"@type\":\"ListItem\",\"position\":1,\"name\":\"\u0627\u0644\u0631\u0626\u064a\u0633\u064a\u0629\",\"item\":\"https:\\\/\\\/shanabooks.de\\\/de\\\/\"},{\"@type\":\"ListItem\",\"position\":2,\"name\":\"\u0627\u0644\u0645\u0646\u062a\u062c\u0627\u062a\",\"item\":\"https:\\\/\\\/shanabooks.de\\\/shop\\\/\"},{\"@type\":\"ListItem\",\"position\":3,\"name\":\"Peyal\u00ean Jan\u00ea\"}]},{\"@type\":\"WebSite\",\"@id\":\"https:\\\/\\\/shanabooks.de\\\/#website\",\"url\":\"https:\\\/\\\/shanabooks.de\\\/\",\"name\":\"www.shanbooks.de\",\"description\":\"C\u00eehana Pirt\u00fbk\u00ean Kurd\u00ee \u0645\u0643\u062a\u0628\u0629 \u0634\u0627\u0646\u0627 \u0641\u064a \u0627\u0644\u0645\u0627\u0646\u064a\u0627 \u0648\u0623\u0648\u0631\u0628\u0627\",\"publisher\":{\"@id\":\"https:\\\/\\\/shanabooks.de\\\/#organization\"},\"potentialAction\":[{\"@type\":\"SearchAction\",\"target\":{\"@type\":\"EntryPoint\",\"urlTemplate\":\"https:\\\/\\\/shanabooks.de\\\/?s={search_term_string}\"},\"query-input\":{\"@type\":\"PropertyValueSpecification\",\"valueRequired\":true,\"valueName\":\"search_term_string\"}}],\"inLanguage\":\"de\"},{\"@type\":\"Organization\",\"@id\":\"https:\\\/\\\/shanabooks.de\\\/#organization\",\"name\":\"www.shanbooks.de\",\"url\":\"https:\\\/\\\/shanabooks.de\\\/\",\"logo\":{\"@type\":\"ImageObject\",\"inLanguage\":\"de\",\"@id\":\"https:\\\/\\\/shanabooks.de\\\/#\\\/schema\\\/logo\\\/image\\\/\",\"url\":\"https:\\\/\\\/shanabooks.de\\\/wp-content\\\/uploads\\\/2024\\\/03\\\/SHANABOOKS__2_-removebg-preview.png\",\"contentUrl\":\"https:\\\/\\\/shanabooks.de\\\/wp-content\\\/uploads\\\/2024\\\/03\\\/SHANABOOKS__2_-removebg-preview.png\",\"width\":700,\"height\":150,\"caption\":\"www.shanbooks.de\"},\"image\":{\"@id\":\"https:\\\/\\\/shanabooks.de\\\/#\\\/schema\\\/logo\\\/image\\\/\"}}]}<\/script>\n<!-- \/ Yoast SEO plugin. -->","yoast_head_json":{"title":"Peyal\u00ean Jan\u00ea - Can Bap\u00eer - www.shanabooks.de","description":"Peyal\u00ean Jan\u00ea - Can Bap\u00eer Peyal\u00ean Jan\u00ea, gelek \u015f\u00eawey\u00ean helbest\u00ea di hundir\u00ea xwe de radigire. Ji c\u00fbrey\u00ean r\u00eazbend, \u00e7ar\u00een \u00fb her wiha pex\u015fan mirov t\u00eade dib\u00eene.","robots":{"index":"index","follow":"follow","max-snippet":"max-snippet:-1","max-image-preview":"max-image-preview:large","max-video-preview":"max-video-preview:-1"},"canonical":"https:\/\/shanabooks.de\/product\/peyalen-jane-can-bapir\/","og_locale":"de_DE","og_type":"article","og_title":"Peyal\u00ean Jan\u00ea - Can Bap\u00eer - www.shanabooks.de","og_description":"Peyal\u00ean Jan\u00ea - Can Bap\u00eer Peyal\u00ean Jan\u00ea, gelek \u015f\u00eawey\u00ean helbest\u00ea di hundir\u00ea xwe de radigire. Ji c\u00fbrey\u00ean r\u00eazbend, \u00e7ar\u00een \u00fb her wiha pex\u015fan mirov t\u00eade dib\u00eene.","og_url":"https:\/\/shanabooks.de\/product\/peyalen-jane-can-bapir\/","og_site_name":"www.shanabooks.de","article_modified_time":"2026-01-02T20:40:53+00:00","og_image":[{"width":288,"height":477,"url":"https:\/\/shanabooks.de\/wp-content\/uploads\/2024\/01\/Peyalen-Jane-1.png","type":"image\/png"}],"twitter_card":"summary_large_image","twitter_misc":{"Gesch\u00e4tzte Lesezeit":"2\u00a0Minuten"},"schema":{"@context":"https:\/\/schema.org","@graph":[{"@type":"WebPage","@id":"https:\/\/shanabooks.de\/product\/peyalen-jane-can-bapir\/","url":"https:\/\/shanabooks.de\/product\/peyalen-jane-can-bapir\/","name":"Peyal\u00ean Jan\u00ea - Can Bap\u00eer - www.shanabooks.de","isPartOf":{"@id":"https:\/\/shanabooks.de\/#website"},"primaryImageOfPage":{"@id":"https:\/\/shanabooks.de\/product\/peyalen-jane-can-bapir\/#primaryimage"},"image":{"@id":"https:\/\/shanabooks.de\/product\/peyalen-jane-can-bapir\/#primaryimage"},"thumbnailUrl":"https:\/\/shanabooks.de\/wp-content\/uploads\/2024\/01\/Peyalen-Jane-1.png","datePublished":"2024-03-03T19:50:09+00:00","dateModified":"2026-01-02T20:40:53+00:00","description":"Peyal\u00ean Jan\u00ea - Can Bap\u00eer Peyal\u00ean Jan\u00ea, gelek \u015f\u00eawey\u00ean helbest\u00ea di hundir\u00ea xwe de radigire. Ji c\u00fbrey\u00ean r\u00eazbend, \u00e7ar\u00een \u00fb her wiha pex\u015fan mirov t\u00eade dib\u00eene.","breadcrumb":{"@id":"https:\/\/shanabooks.de\/product\/peyalen-jane-can-bapir\/#breadcrumb"},"inLanguage":"de","potentialAction":[{"@type":"ReadAction","target":["https:\/\/shanabooks.de\/product\/peyalen-jane-can-bapir\/"]}]},{"@type":"ImageObject","inLanguage":"de","@id":"https:\/\/shanabooks.de\/product\/peyalen-jane-can-bapir\/#primaryimage","url":"https:\/\/shanabooks.de\/wp-content\/uploads\/2024\/01\/Peyalen-Jane-1.png","contentUrl":"https:\/\/shanabooks.de\/wp-content\/uploads\/2024\/01\/Peyalen-Jane-1.png","width":288,"height":477,"caption":"Peyal\u00ean Jan\u00ea - Can Bap\u00eer - pirt\u00fbk\u00ean kurd\u00ee - helbest"},{"@type":"BreadcrumbList","@id":"https:\/\/shanabooks.de\/product\/peyalen-jane-can-bapir\/#breadcrumb","itemListElement":[{"@type":"ListItem","position":1,"name":"\u0627\u0644\u0631\u0626\u064a\u0633\u064a\u0629","item":"https:\/\/shanabooks.de\/de\/"},{"@type":"ListItem","position":2,"name":"\u0627\u0644\u0645\u0646\u062a\u062c\u0627\u062a","item":"https:\/\/shanabooks.de\/shop\/"},{"@type":"ListItem","position":3,"name":"Peyal\u00ean Jan\u00ea"}]},{"@type":"WebSite","@id":"https:\/\/shanabooks.de\/#website","url":"https:\/\/shanabooks.de\/","name":"www.shanbooks.de","description":"C\u00eehana Pirt\u00fbk\u00ean Kurd\u00ee \u0645\u0643\u062a\u0628\u0629 \u0634\u0627\u0646\u0627 \u0641\u064a \u0627\u0644\u0645\u0627\u0646\u064a\u0627 \u0648\u0623\u0648\u0631\u0628\u0627","publisher":{"@id":"https:\/\/shanabooks.de\/#organization"},"potentialAction":[{"@type":"SearchAction","target":{"@type":"EntryPoint","urlTemplate":"https:\/\/shanabooks.de\/?s={search_term_string}"},"query-input":{"@type":"PropertyValueSpecification","valueRequired":true,"valueName":"search_term_string"}}],"inLanguage":"de"},{"@type":"Organization","@id":"https:\/\/shanabooks.de\/#organization","name":"www.shanbooks.de","url":"https:\/\/shanabooks.de\/","logo":{"@type":"ImageObject","inLanguage":"de","@id":"https:\/\/shanabooks.de\/#\/schema\/logo\/image\/","url":"https:\/\/shanabooks.de\/wp-content\/uploads\/2024\/03\/SHANABOOKS__2_-removebg-preview.png","contentUrl":"https:\/\/shanabooks.de\/wp-content\/uploads\/2024\/03\/SHANABOOKS__2_-removebg-preview.png","width":700,"height":150,"caption":"www.shanbooks.de"},"image":{"@id":"https:\/\/shanabooks.de\/#\/schema\/logo\/image\/"}}]}},"jetpack_sharing_enabled":true,"_links":{"self":[{"href":"https:\/\/shanabooks.de\/de\/wp-json\/wp\/v2\/product\/13169","targetHints":{"allow":["GET"]}}],"collection":[{"href":"https:\/\/shanabooks.de\/de\/wp-json\/wp\/v2\/product"}],"about":[{"href":"https:\/\/shanabooks.de\/de\/wp-json\/wp\/v2\/types\/product"}],"version-history":[{"count":3,"href":"https:\/\/shanabooks.de\/de\/wp-json\/wp\/v2\/product\/13169\/revisions"}],"predecessor-version":[{"id":22699,"href":"https:\/\/shanabooks.de\/de\/wp-json\/wp\/v2\/product\/13169\/revisions\/22699"}],"wp:featuredmedia":[{"embeddable":true,"href":"https:\/\/shanabooks.de\/de\/wp-json\/wp\/v2\/media\/5990"}],"wp:attachment":[{"href":"https:\/\/shanabooks.de\/de\/wp-json\/wp\/v2\/media?parent=13169"}],"wp:term":[{"taxonomy":"product_brand","embeddable":true,"href":"https:\/\/shanabooks.de\/de\/wp-json\/wp\/v2\/product_brand?post=13169"},{"taxonomy":"product_cat","embeddable":true,"href":"https:\/\/shanabooks.de\/de\/wp-json\/wp\/v2\/product_cat?post=13169"},{"taxonomy":"product_tag","embeddable":true,"href":"https:\/\/shanabooks.de\/de\/wp-json\/wp\/v2\/product_tag?post=13169"}],"curies":[{"name":"wp","href":"https:\/\/api.w.org\/{rel}","templated":true}]}}