{"id":13351,"date":"2024-03-03T19:51:22","date_gmt":"2024-03-03T19:51:22","guid":{"rendered":"https:\/\/shanabooks.de\/?post_type=product&#038;p=13351"},"modified":"2026-02-07T09:50:16","modified_gmt":"2026-02-07T09:50:16","slug":"herba-cihane-2-celadet-ali-bedirxan","status":"publish","type":"product","link":"https:\/\/shanabooks.de\/de\/product\/herba-cihane-2-celadet-ali-bedirxan\/","title":{"rendered":"Herba C\u00eehan\u00ea 2"},"content":{"rendered":"<p style=\"text-align: left\"><strong>Herba C\u00eehan\u00ea 2 &#8211; Celadet Al\u00ee Bedirxan<\/strong><\/p>\n<p style=\"text-align: left\">Helbet li ser Herba C\u00eehan\u00ea ya Duyem\u00een pirr \u00e7avkan\u00ee hene,l\u00ea ferq \u00fb giringiya a pirt\u00fbk\u00ea ev e ku bi d\u00eetin \u00fb t\u00eagih\u00ee\u015ftina Rojhilatiyek\u00ee \u00fb ferqa her\u00ee giring bi p\u00ean\u00fbsa Kurdek\u00ee hatiye niv\u00ees\u00een; \u00fb li aliy\u00ea din ev p\u00ean\u00fbs ji ber ku ji ava w\u00eajey\u00ea vedixwar ziman\u00ea niv\u00eesan li gel naveroka xwe pirr nerm \u00fb hen\u00fbn e.M\u00eer CeladetAl\u00ee Bed\u00eer-Xan, van niv\u00ees\u00ean li ser herb\u00ea ji \u015fam\u00ea diniv\u00eese,yan\u00ee mirovek\u00ee ne ji dervey\u00ee herb\u00ea rasterast ji zik\u00ea herb\u00ea daq\u00fbl\u00ee diny\u00ea dibe \u00fb li gel s\u00eenor\u00ea herb\u00ea y\u00ea fireh ew gav bi gav \u015fopandiye \u00fb bi b\u00eateraf\u00ee p\u00eanusa xwe bi kar an\u00eeye.<\/p>\n<p style=\"text-align: left\">Herba C\u00eehan\u00ea 2 ya Celadet Al\u00ee Bedirxan ji we\u015fan\u00ean Belk\u00ee ye.<\/p>\n","protected":false},"excerpt":{"rendered":"<p style=\"text-align: center\"><strong>Pirt\u00fbk: Herba C\u00eehan\u00ea 2<br \/>\nNiv\u00eeskar: Celadet El\u00ee Bedirxan<br \/>\nCure: D\u00eerok\u00ee<\/strong><\/p>\n","protected":false},"featured_media":6217,"template":"","meta":{"site-sidebar-layout":"default","site-content-layout":"","ast-site-content-layout":"default","site-content-style":"default","site-sidebar-style":"default","ast-global-header-display":"","ast-banner-title-visibility":"","ast-main-header-display":"","ast-hfb-above-header-display":"","ast-hfb-below-header-display":"","ast-hfb-mobile-header-display":"","site-post-title":"","ast-breadcrumbs-content":"","ast-featured-img":"","footer-sml-layout":"","ast-disable-related-posts":"","theme-transparent-header-meta":"default","adv-header-id-meta":"","stick-header-meta":"","header-above-stick-meta":"","header-main-stick-meta":"","header-below-stick-meta":"","astra-migrate-meta-layouts":"set","ast-page-background-enabled":"default","ast-page-background-meta":{"desktop":{"background-color":"","background-image":"","background-repeat":"repeat","background-position":"center center","background-size":"auto","background-attachment":"scroll","background-type":"","background-media":"","overlay-type":"","overlay-color":"","overlay-opacity":"","overlay-gradient":""},"tablet":{"background-color":"","background-image":"","background-repeat":"repeat","background-position":"center center","background-size":"auto","background-attachment":"scroll","background-type":"","background-media":"","overlay-type":"","overlay-color":"","overlay-opacity":"","overlay-gradient":""},"mobile":{"background-color":"","background-image":"","background-repeat":"repeat","background-position":"center center","background-size":"auto","background-attachment":"scroll","background-type":"","background-media":"","overlay-type":"","overlay-color":"","overlay-opacity":"","overlay-gradient":""}},"ast-content-background-meta":{"desktop":{"background-color":"var(--ast-global-color-5)","background-image":"","background-repeat":"repeat","background-position":"center center","background-size":"auto","background-attachment":"scroll","background-type":"","background-media":"","overlay-type":"","overlay-color":"","overlay-opacity":"","overlay-gradient":""},"tablet":{"background-color":"var(--ast-global-color-5)","background-image":"","background-repeat":"repeat","background-position":"center center","background-size":"auto","background-attachment":"scroll","background-type":"","background-media":"","overlay-type":"","overlay-color":"","overlay-opacity":"","overlay-gradient":""},"mobile":{"background-color":"var(--ast-global-color-5)","background-image":"","background-repeat":"repeat","background-position":"center center","background-size":"auto","background-attachment":"scroll","background-type":"","background-media":"","overlay-type":"","overlay-color":"","overlay-opacity":"","overlay-gradient":""}}},"product_brand":[],"product_cat":[187,193],"product_tag":[],"class_list":{"0":"post-13351","1":"product","2":"type-product","3":"status-publish","4":"has-post-thumbnail","6":"product_cat-_","7":"product_cat--_","8":"pa_-dirok","9":"pa_-celadet-ali-bedirxan","10":"pa_-kurmanci","11":"pa_--belki","12":"desktop-align-left","13":"tablet-align-left","14":"mobile-align-left","16":"first","17":"instock","18":"shipping-taxable","19":"purchasable","20":"product-type-simple"},"yoast_head":"<!-- This site is optimized with the Yoast SEO plugin v27.5 - https:\/\/yoast.com\/product\/yoast-seo-wordpress\/ -->\n<title>Herba C\u00eehan\u00ea 2 - Celadet Al\u00ee Bedirxan - www.shanabooks.de<\/title>\n<meta name=\"description\" content=\"Herba C\u00eehan\u00ea 2 - Celadet Al\u00ee Bedirxan Helbet li ser Herba C\u00eehan\u00ea ya Duyem\u00een pirr \u00e7avkan\u00ee hene,l\u00ea ferq \u00fb giringiya a pirt\u00fbk\u00ea ev e ku bi d\u00eetin \u00fb t\u00eagih\u00ee\u015ftin...\" \/>\n<meta name=\"robots\" content=\"index, follow, max-snippet:-1, max-image-preview:large, max-video-preview:-1\" \/>\n<link rel=\"canonical\" href=\"https:\/\/shanabooks.de\/product\/herba-cihane-2-celadet-ali-bedirxan\/\" \/>\n<meta property=\"og:locale\" content=\"de_DE\" \/>\n<meta property=\"og:type\" content=\"article\" \/>\n<meta property=\"og:title\" content=\"Herba C\u00eehan\u00ea 2 - Celadet Al\u00ee Bedirxan - www.shanabooks.de\" \/>\n<meta property=\"og:description\" content=\"Herba C\u00eehan\u00ea 2 - Celadet Al\u00ee Bedirxan Helbet li ser Herba C\u00eehan\u00ea ya Duyem\u00een pirr \u00e7avkan\u00ee hene,l\u00ea ferq \u00fb giringiya a pirt\u00fbk\u00ea ev e ku bi d\u00eetin \u00fb t\u00eagih\u00ee\u015ftin...\" \/>\n<meta property=\"og:url\" content=\"https:\/\/shanabooks.de\/product\/herba-cihane-2-celadet-ali-bedirxan\/\" \/>\n<meta property=\"og:site_name\" content=\"www.shanabooks.de\" \/>\n<meta property=\"article:modified_time\" content=\"2026-02-07T09:50:16+00:00\" \/>\n<meta property=\"og:image\" content=\"https:\/\/shanabooks.de\/wp-content\/uploads\/2024\/01\/Herba-Cihane-2-1.png\" \/>\n\t<meta property=\"og:image:width\" content=\"301\" \/>\n\t<meta property=\"og:image:height\" content=\"474\" \/>\n\t<meta property=\"og:image:type\" content=\"image\/png\" \/>\n<meta name=\"twitter:card\" content=\"summary_large_image\" \/>\n<meta name=\"twitter:label1\" content=\"Gesch\u00e4tzte Lesezeit\" \/>\n\t<meta name=\"twitter:data1\" content=\"1\u00a0Minute\" \/>\n<script type=\"application\/ld+json\" class=\"yoast-schema-graph\">{\"@context\":\"https:\\\/\\\/schema.org\",\"@graph\":[{\"@type\":\"WebPage\",\"@id\":\"https:\\\/\\\/shanabooks.de\\\/product\\\/herba-cihane-2-celadet-ali-bedirxan\\\/\",\"url\":\"https:\\\/\\\/shanabooks.de\\\/product\\\/herba-cihane-2-celadet-ali-bedirxan\\\/\",\"name\":\"Herba C\u00eehan\u00ea 2 - Celadet Al\u00ee Bedirxan - www.shanabooks.de\",\"isPartOf\":{\"@id\":\"https:\\\/\\\/shanabooks.de\\\/#website\"},\"primaryImageOfPage\":{\"@id\":\"https:\\\/\\\/shanabooks.de\\\/product\\\/herba-cihane-2-celadet-ali-bedirxan\\\/#primaryimage\"},\"image\":{\"@id\":\"https:\\\/\\\/shanabooks.de\\\/product\\\/herba-cihane-2-celadet-ali-bedirxan\\\/#primaryimage\"},\"thumbnailUrl\":\"https:\\\/\\\/shanabooks.de\\\/wp-content\\\/uploads\\\/2024\\\/01\\\/Herba-Cihane-2-1.png\",\"datePublished\":\"2024-03-03T19:51:22+00:00\",\"dateModified\":\"2026-02-07T09:50:16+00:00\",\"description\":\"Herba C\u00eehan\u00ea 2 - Celadet Al\u00ee Bedirxan Helbet li ser Herba C\u00eehan\u00ea ya Duyem\u00een pirr \u00e7avkan\u00ee hene,l\u00ea ferq \u00fb giringiya a pirt\u00fbk\u00ea ev e ku bi d\u00eetin \u00fb t\u00eagih\u00ee\u015ftin...\",\"breadcrumb\":{\"@id\":\"https:\\\/\\\/shanabooks.de\\\/product\\\/herba-cihane-2-celadet-ali-bedirxan\\\/#breadcrumb\"},\"inLanguage\":\"de\",\"potentialAction\":[{\"@type\":\"ReadAction\",\"target\":[\"https:\\\/\\\/shanabooks.de\\\/product\\\/herba-cihane-2-celadet-ali-bedirxan\\\/\"]}]},{\"@type\":\"ImageObject\",\"inLanguage\":\"de\",\"@id\":\"https:\\\/\\\/shanabooks.de\\\/product\\\/herba-cihane-2-celadet-ali-bedirxan\\\/#primaryimage\",\"url\":\"https:\\\/\\\/shanabooks.de\\\/wp-content\\\/uploads\\\/2024\\\/01\\\/Herba-Cihane-2-1.png\",\"contentUrl\":\"https:\\\/\\\/shanabooks.de\\\/wp-content\\\/uploads\\\/2024\\\/01\\\/Herba-Cihane-2-1.png\",\"width\":301,\"height\":474,\"caption\":\"Herba C\u00eehan\u00ea 2 - Celadet Al\u00ee Bedirxan - pirt\u00fbk\u00ean kurd\u00ee\"},{\"@type\":\"BreadcrumbList\",\"@id\":\"https:\\\/\\\/shanabooks.de\\\/product\\\/herba-cihane-2-celadet-ali-bedirxan\\\/#breadcrumb\",\"itemListElement\":[{\"@type\":\"ListItem\",\"position\":1,\"name\":\"\u0627\u0644\u0631\u0626\u064a\u0633\u064a\u0629\",\"item\":\"https:\\\/\\\/shanabooks.de\\\/de\\\/\"},{\"@type\":\"ListItem\",\"position\":2,\"name\":\"\u0627\u0644\u0645\u0646\u062a\u062c\u0627\u062a\",\"item\":\"https:\\\/\\\/shanabooks.de\\\/shop\\\/\"},{\"@type\":\"ListItem\",\"position\":3,\"name\":\"Herba C\u00eehan\u00ea 2\"}]},{\"@type\":\"WebSite\",\"@id\":\"https:\\\/\\\/shanabooks.de\\\/#website\",\"url\":\"https:\\\/\\\/shanabooks.de\\\/\",\"name\":\"www.shanbooks.de\",\"description\":\"C\u00eehana Pirt\u00fbk\u00ean Kurd\u00ee \u0645\u0643\u062a\u0628\u0629 \u0634\u0627\u0646\u0627 \u0641\u064a \u0627\u0644\u0645\u0627\u0646\u064a\u0627 \u0648\u0623\u0648\u0631\u0628\u0627\",\"publisher\":{\"@id\":\"https:\\\/\\\/shanabooks.de\\\/#organization\"},\"potentialAction\":[{\"@type\":\"SearchAction\",\"target\":{\"@type\":\"EntryPoint\",\"urlTemplate\":\"https:\\\/\\\/shanabooks.de\\\/?s={search_term_string}\"},\"query-input\":{\"@type\":\"PropertyValueSpecification\",\"valueRequired\":true,\"valueName\":\"search_term_string\"}}],\"inLanguage\":\"de\"},{\"@type\":\"Organization\",\"@id\":\"https:\\\/\\\/shanabooks.de\\\/#organization\",\"name\":\"www.shanbooks.de\",\"url\":\"https:\\\/\\\/shanabooks.de\\\/\",\"logo\":{\"@type\":\"ImageObject\",\"inLanguage\":\"de\",\"@id\":\"https:\\\/\\\/shanabooks.de\\\/#\\\/schema\\\/logo\\\/image\\\/\",\"url\":\"https:\\\/\\\/shanabooks.de\\\/wp-content\\\/uploads\\\/2024\\\/03\\\/SHANABOOKS__2_-removebg-preview.png\",\"contentUrl\":\"https:\\\/\\\/shanabooks.de\\\/wp-content\\\/uploads\\\/2024\\\/03\\\/SHANABOOKS__2_-removebg-preview.png\",\"width\":700,\"height\":150,\"caption\":\"www.shanbooks.de\"},\"image\":{\"@id\":\"https:\\\/\\\/shanabooks.de\\\/#\\\/schema\\\/logo\\\/image\\\/\"}}]}<\/script>\n<!-- \/ Yoast SEO plugin. -->","yoast_head_json":{"title":"Herba C\u00eehan\u00ea 2 - Celadet Al\u00ee Bedirxan - www.shanabooks.de","description":"Herba C\u00eehan\u00ea 2 - Celadet Al\u00ee Bedirxan Helbet li ser Herba C\u00eehan\u00ea ya Duyem\u00een pirr \u00e7avkan\u00ee hene,l\u00ea ferq \u00fb giringiya a pirt\u00fbk\u00ea ev e ku bi d\u00eetin \u00fb t\u00eagih\u00ee\u015ftin...","robots":{"index":"index","follow":"follow","max-snippet":"max-snippet:-1","max-image-preview":"max-image-preview:large","max-video-preview":"max-video-preview:-1"},"canonical":"https:\/\/shanabooks.de\/product\/herba-cihane-2-celadet-ali-bedirxan\/","og_locale":"de_DE","og_type":"article","og_title":"Herba C\u00eehan\u00ea 2 - Celadet Al\u00ee Bedirxan - www.shanabooks.de","og_description":"Herba C\u00eehan\u00ea 2 - Celadet Al\u00ee Bedirxan Helbet li ser Herba C\u00eehan\u00ea ya Duyem\u00een pirr \u00e7avkan\u00ee hene,l\u00ea ferq \u00fb giringiya a pirt\u00fbk\u00ea ev e ku bi d\u00eetin \u00fb t\u00eagih\u00ee\u015ftin...","og_url":"https:\/\/shanabooks.de\/product\/herba-cihane-2-celadet-ali-bedirxan\/","og_site_name":"www.shanabooks.de","article_modified_time":"2026-02-07T09:50:16+00:00","og_image":[{"width":301,"height":474,"url":"https:\/\/shanabooks.de\/wp-content\/uploads\/2024\/01\/Herba-Cihane-2-1.png","type":"image\/png"}],"twitter_card":"summary_large_image","twitter_misc":{"Gesch\u00e4tzte Lesezeit":"1\u00a0Minute"},"schema":{"@context":"https:\/\/schema.org","@graph":[{"@type":"WebPage","@id":"https:\/\/shanabooks.de\/product\/herba-cihane-2-celadet-ali-bedirxan\/","url":"https:\/\/shanabooks.de\/product\/herba-cihane-2-celadet-ali-bedirxan\/","name":"Herba C\u00eehan\u00ea 2 - Celadet Al\u00ee Bedirxan - www.shanabooks.de","isPartOf":{"@id":"https:\/\/shanabooks.de\/#website"},"primaryImageOfPage":{"@id":"https:\/\/shanabooks.de\/product\/herba-cihane-2-celadet-ali-bedirxan\/#primaryimage"},"image":{"@id":"https:\/\/shanabooks.de\/product\/herba-cihane-2-celadet-ali-bedirxan\/#primaryimage"},"thumbnailUrl":"https:\/\/shanabooks.de\/wp-content\/uploads\/2024\/01\/Herba-Cihane-2-1.png","datePublished":"2024-03-03T19:51:22+00:00","dateModified":"2026-02-07T09:50:16+00:00","description":"Herba C\u00eehan\u00ea 2 - Celadet Al\u00ee Bedirxan Helbet li ser Herba C\u00eehan\u00ea ya Duyem\u00een pirr \u00e7avkan\u00ee hene,l\u00ea ferq \u00fb giringiya a pirt\u00fbk\u00ea ev e ku bi d\u00eetin \u00fb t\u00eagih\u00ee\u015ftin...","breadcrumb":{"@id":"https:\/\/shanabooks.de\/product\/herba-cihane-2-celadet-ali-bedirxan\/#breadcrumb"},"inLanguage":"de","potentialAction":[{"@type":"ReadAction","target":["https:\/\/shanabooks.de\/product\/herba-cihane-2-celadet-ali-bedirxan\/"]}]},{"@type":"ImageObject","inLanguage":"de","@id":"https:\/\/shanabooks.de\/product\/herba-cihane-2-celadet-ali-bedirxan\/#primaryimage","url":"https:\/\/shanabooks.de\/wp-content\/uploads\/2024\/01\/Herba-Cihane-2-1.png","contentUrl":"https:\/\/shanabooks.de\/wp-content\/uploads\/2024\/01\/Herba-Cihane-2-1.png","width":301,"height":474,"caption":"Herba C\u00eehan\u00ea 2 - Celadet Al\u00ee Bedirxan - pirt\u00fbk\u00ean kurd\u00ee"},{"@type":"BreadcrumbList","@id":"https:\/\/shanabooks.de\/product\/herba-cihane-2-celadet-ali-bedirxan\/#breadcrumb","itemListElement":[{"@type":"ListItem","position":1,"name":"\u0627\u0644\u0631\u0626\u064a\u0633\u064a\u0629","item":"https:\/\/shanabooks.de\/de\/"},{"@type":"ListItem","position":2,"name":"\u0627\u0644\u0645\u0646\u062a\u062c\u0627\u062a","item":"https:\/\/shanabooks.de\/shop\/"},{"@type":"ListItem","position":3,"name":"Herba C\u00eehan\u00ea 2"}]},{"@type":"WebSite","@id":"https:\/\/shanabooks.de\/#website","url":"https:\/\/shanabooks.de\/","name":"www.shanbooks.de","description":"C\u00eehana Pirt\u00fbk\u00ean Kurd\u00ee \u0645\u0643\u062a\u0628\u0629 \u0634\u0627\u0646\u0627 \u0641\u064a \u0627\u0644\u0645\u0627\u0646\u064a\u0627 \u0648\u0623\u0648\u0631\u0628\u0627","publisher":{"@id":"https:\/\/shanabooks.de\/#organization"},"potentialAction":[{"@type":"SearchAction","target":{"@type":"EntryPoint","urlTemplate":"https:\/\/shanabooks.de\/?s={search_term_string}"},"query-input":{"@type":"PropertyValueSpecification","valueRequired":true,"valueName":"search_term_string"}}],"inLanguage":"de"},{"@type":"Organization","@id":"https:\/\/shanabooks.de\/#organization","name":"www.shanbooks.de","url":"https:\/\/shanabooks.de\/","logo":{"@type":"ImageObject","inLanguage":"de","@id":"https:\/\/shanabooks.de\/#\/schema\/logo\/image\/","url":"https:\/\/shanabooks.de\/wp-content\/uploads\/2024\/03\/SHANABOOKS__2_-removebg-preview.png","contentUrl":"https:\/\/shanabooks.de\/wp-content\/uploads\/2024\/03\/SHANABOOKS__2_-removebg-preview.png","width":700,"height":150,"caption":"www.shanbooks.de"},"image":{"@id":"https:\/\/shanabooks.de\/#\/schema\/logo\/image\/"}}]}},"jetpack_sharing_enabled":true,"_links":{"self":[{"href":"https:\/\/shanabooks.de\/de\/wp-json\/wp\/v2\/product\/13351","targetHints":{"allow":["GET"]}}],"collection":[{"href":"https:\/\/shanabooks.de\/de\/wp-json\/wp\/v2\/product"}],"about":[{"href":"https:\/\/shanabooks.de\/de\/wp-json\/wp\/v2\/types\/product"}],"version-history":[{"count":3,"href":"https:\/\/shanabooks.de\/de\/wp-json\/wp\/v2\/product\/13351\/revisions"}],"predecessor-version":[{"id":17349,"href":"https:\/\/shanabooks.de\/de\/wp-json\/wp\/v2\/product\/13351\/revisions\/17349"}],"wp:featuredmedia":[{"embeddable":true,"href":"https:\/\/shanabooks.de\/de\/wp-json\/wp\/v2\/media\/6217"}],"wp:attachment":[{"href":"https:\/\/shanabooks.de\/de\/wp-json\/wp\/v2\/media?parent=13351"}],"wp:term":[{"taxonomy":"product_brand","embeddable":true,"href":"https:\/\/shanabooks.de\/de\/wp-json\/wp\/v2\/product_brand?post=13351"},{"taxonomy":"product_cat","embeddable":true,"href":"https:\/\/shanabooks.de\/de\/wp-json\/wp\/v2\/product_cat?post=13351"},{"taxonomy":"product_tag","embeddable":true,"href":"https:\/\/shanabooks.de\/de\/wp-json\/wp\/v2\/product_tag?post=13351"}],"curies":[{"name":"wp","href":"https:\/\/api.w.org\/{rel}","templated":true}]}}