{"id":13352,"date":"2024-03-03T19:51:22","date_gmt":"2024-03-03T19:51:22","guid":{"rendered":"https:\/\/shanabooks.de\/?post_type=product&#038;p=13352"},"modified":"2024-03-10T11:26:23","modified_gmt":"2024-03-10T11:26:23","slug":"di-tuwalete-de-renas-jiyan","status":"publish","type":"product","link":"https:\/\/shanabooks.de\/de\/product\/di-tuwalete-de-renas-jiyan\/","title":{"rendered":"Di Tuwalet\u00ea De"},"content":{"rendered":"<p style=\"text-align: left\"><strong>Di Tuwalet\u00ea De &#8211; R\u00eanas Jiyan<\/strong><\/p>\n<div id=\"nasa-section-accordion-description\" class=\"hidden-tag nasa-panel nasa-content-panel nasa-sp-panel nasa-content-description active first\" style=\"text-align: left\">\n<p>\u201cJi ber feq\u00eeriya min b\u00fb h\u00earsa min a ji ew\u00ean sosyet\u00eek, ji wan qehpik\u00ean gew\u00ee y\u00ean ku ne xema terik\u00ean wan b\u00fb \u00fb ji xwe re digeriyan; \u00ean ku cil\u00ean buha \u00fb bi marqe, teng \u00fb tenik li xwe dikirin \u00fb li ciy\u00ean mezin xwarin dixwarin \u00fb l\u00eav\u00ean xwe sor \u00fb neyn\u00fbk\u00ean xwe pemba dikirin; h\u00earsa min a ji wan ji ber feq\u00eeriya min b\u00fb \u00fb gava di ber min re derbas dib\u00fbn \u00fb b\u00eena wan dihat min, ez \u201cd\u00een\u201d dikirim.<br \/>\nHeta v\u00ee emr\u00ee ez di kar\u00ea xelk\u00ea de bihesib\u00eenin bi nanozik\u00ea \u015fixul\u00eeb\u00fbm \u00fb ji xeyn\u00ee \u201cd\u00een\u201d\u00ea min ku min ew j\u00ee bi xwe\u015fikay\u00ee nizan\u00eeb\u00fb, ti sermiyan \u00fb mal \u00fb milk\u00ea min tune b\u00fb \u00fb keng\u00ee ez \u00e7av li jin\u00ean wiha diketim aliy\u00ea min \u00ee d\u00een\u00ee xizaniya min niqu\u00e7k dikir \u00fb xizaniya min j\u00ee azibiya min \u00fb min dixwest ku ez keran bera wan bidim, ker!\u201d<\/p>\n<p>Di Tuwalet\u00ea De wek \u015eano ji aliy\u00ea R\u00eanas Jiyan ve hatiye nivs\u00een \u00fb ji we\u015fan\u00ean Belk\u00ee derketiye.<\/p>\n<\/div>\n<div class=\"nasa-accordion-title\" style=\"text-align: left\"><\/div>\n","protected":false},"excerpt":{"rendered":"<p style=\"text-align: center\"><strong>Pirt\u00fbk: Di Tuwalet\u00ea De<br \/>\nNiv\u00eeskar: R\u00eanas Jiyan<br \/>\nCure: \u015eano<br \/>\n<\/strong><\/p>\n","protected":false},"featured_media":13386,"template":"","meta":{"site-sidebar-layout":"default","site-content-layout":"","ast-site-content-layout":"default","site-content-style":"default","site-sidebar-style":"default","ast-global-header-display":"","ast-banner-title-visibility":"","ast-main-header-display":"","ast-hfb-above-header-display":"","ast-hfb-below-header-display":"","ast-hfb-mobile-header-display":"","site-post-title":"","ast-breadcrumbs-content":"","ast-featured-img":"","footer-sml-layout":"","ast-disable-related-posts":"","theme-transparent-header-meta":"default","adv-header-id-meta":"","stick-header-meta":"","header-above-stick-meta":"","header-main-stick-meta":"","header-below-stick-meta":"","astra-migrate-meta-layouts":"set","ast-page-background-enabled":"default","ast-page-background-meta":{"desktop":{"background-color":"","background-image":"","background-repeat":"repeat","background-position":"center center","background-size":"auto","background-attachment":"scroll","background-type":"","background-media":"","overlay-type":"","overlay-color":"","overlay-opacity":"","overlay-gradient":""},"tablet":{"background-color":"","background-image":"","background-repeat":"repeat","background-position":"center center","background-size":"auto","background-attachment":"scroll","background-type":"","background-media":"","overlay-type":"","overlay-color":"","overlay-opacity":"","overlay-gradient":""},"mobile":{"background-color":"","background-image":"","background-repeat":"repeat","background-position":"center center","background-size":"auto","background-attachment":"scroll","background-type":"","background-media":"","overlay-type":"","overlay-color":"","overlay-opacity":"","overlay-gradient":""}},"ast-content-background-meta":{"desktop":{"background-color":"var(--ast-global-color-5)","background-image":"","background-repeat":"repeat","background-position":"center center","background-size":"auto","background-attachment":"scroll","background-type":"","background-media":"","overlay-type":"","overlay-color":"","overlay-opacity":"","overlay-gradient":""},"tablet":{"background-color":"var(--ast-global-color-5)","background-image":"","background-repeat":"repeat","background-position":"center center","background-size":"auto","background-attachment":"scroll","background-type":"","background-media":"","overlay-type":"","overlay-color":"","overlay-opacity":"","overlay-gradient":""},"mobile":{"background-color":"var(--ast-global-color-5)","background-image":"","background-repeat":"repeat","background-position":"center center","background-size":"auto","background-attachment":"scroll","background-type":"","background-media":"","overlay-type":"","overlay-color":"","overlay-opacity":"","overlay-gradient":""}}},"product_brand":[],"product_cat":[334,193],"product_tag":[],"class_list":{"0":"post-13352","1":"product","2":"type-product","3":"status-publish","4":"has-post-thumbnail","6":"product_cat--_","8":"pa_-sano","9":"pa_-renas-jiyan","10":"pa_-kurmanci","11":"pa_--belki","12":"desktop-align-left","13":"tablet-align-left","14":"mobile-align-left","16":"first","17":"instock","18":"shipping-taxable","19":"purchasable","20":"product-type-simple"},"yoast_head":"<!-- This site is optimized with the Yoast SEO plugin v27.4 - https:\/\/yoast.com\/product\/yoast-seo-wordpress\/ -->\n<title>Di Tuwalet\u00ea De - R\u00eanas Jiyan - www.shanabooks.de<\/title>\n<meta name=\"description\" content=\"Di Tuwalet\u00ea De - R\u00eanas Jiyan \u201cJi ber feq\u00eeriya min b\u00fb h\u00earsa min a ji ew\u00ean sosyet\u00eek, ji wan qehpik\u00ean gew\u00ee y\u00ean ku ne xema terik\u00ean wan b\u00fb \u00fb ji xwe re digeriy...\" \/>\n<meta name=\"robots\" content=\"index, follow, max-snippet:-1, max-image-preview:large, max-video-preview:-1\" \/>\n<link rel=\"canonical\" href=\"https:\/\/shanabooks.de\/product\/di-tuwalete-de-renas-jiyan\/\" \/>\n<meta property=\"og:locale\" content=\"de_DE\" \/>\n<meta property=\"og:type\" content=\"article\" \/>\n<meta property=\"og:title\" content=\"Di Tuwalet\u00ea De - R\u00eanas Jiyan - www.shanabooks.de\" \/>\n<meta property=\"og:description\" content=\"Di Tuwalet\u00ea De - R\u00eanas Jiyan \u201cJi ber feq\u00eeriya min b\u00fb h\u00earsa min a ji ew\u00ean sosyet\u00eek, ji wan qehpik\u00ean gew\u00ee y\u00ean ku ne xema terik\u00ean wan b\u00fb \u00fb ji xwe re digeriy...\" \/>\n<meta property=\"og:url\" content=\"https:\/\/shanabooks.de\/product\/di-tuwalete-de-renas-jiyan\/\" \/>\n<meta property=\"og:site_name\" content=\"www.shanabooks.de\" \/>\n<meta property=\"article:modified_time\" content=\"2024-03-10T11:26:23+00:00\" \/>\n<meta property=\"og:image\" content=\"https:\/\/shanabooks.de\/wp-content\/uploads\/2024\/03\/di-Tuwalete-de-1.png\" \/>\n\t<meta property=\"og:image:width\" content=\"313\" \/>\n\t<meta property=\"og:image:height\" content=\"478\" \/>\n\t<meta property=\"og:image:type\" content=\"image\/png\" \/>\n<meta name=\"twitter:card\" content=\"summary_large_image\" \/>\n<meta name=\"twitter:label1\" content=\"Gesch\u00e4tzte Lesezeit\" \/>\n\t<meta name=\"twitter:data1\" content=\"2\u00a0Minuten\" \/>\n<script type=\"application\/ld+json\" class=\"yoast-schema-graph\">{\"@context\":\"https:\\\/\\\/schema.org\",\"@graph\":[{\"@type\":\"WebPage\",\"@id\":\"https:\\\/\\\/shanabooks.de\\\/product\\\/di-tuwalete-de-renas-jiyan\\\/\",\"url\":\"https:\\\/\\\/shanabooks.de\\\/product\\\/di-tuwalete-de-renas-jiyan\\\/\",\"name\":\"Di Tuwalet\u00ea De - R\u00eanas Jiyan - www.shanabooks.de\",\"isPartOf\":{\"@id\":\"https:\\\/\\\/shanabooks.de\\\/#website\"},\"primaryImageOfPage\":{\"@id\":\"https:\\\/\\\/shanabooks.de\\\/product\\\/di-tuwalete-de-renas-jiyan\\\/#primaryimage\"},\"image\":{\"@id\":\"https:\\\/\\\/shanabooks.de\\\/product\\\/di-tuwalete-de-renas-jiyan\\\/#primaryimage\"},\"thumbnailUrl\":\"https:\\\/\\\/shanabooks.de\\\/wp-content\\\/uploads\\\/2024\\\/03\\\/di-Tuwalete-de-1.png\",\"datePublished\":\"2024-03-03T19:51:22+00:00\",\"dateModified\":\"2024-03-10T11:26:23+00:00\",\"description\":\"Di Tuwalet\u00ea De - R\u00eanas Jiyan \u201cJi ber feq\u00eeriya min b\u00fb h\u00earsa min a ji ew\u00ean sosyet\u00eek, ji wan qehpik\u00ean gew\u00ee y\u00ean ku ne xema terik\u00ean wan b\u00fb \u00fb ji xwe re digeriy...\",\"breadcrumb\":{\"@id\":\"https:\\\/\\\/shanabooks.de\\\/product\\\/di-tuwalete-de-renas-jiyan\\\/#breadcrumb\"},\"inLanguage\":\"de\",\"potentialAction\":[{\"@type\":\"ReadAction\",\"target\":[\"https:\\\/\\\/shanabooks.de\\\/product\\\/di-tuwalete-de-renas-jiyan\\\/\"]}]},{\"@type\":\"ImageObject\",\"inLanguage\":\"de\",\"@id\":\"https:\\\/\\\/shanabooks.de\\\/product\\\/di-tuwalete-de-renas-jiyan\\\/#primaryimage\",\"url\":\"https:\\\/\\\/shanabooks.de\\\/wp-content\\\/uploads\\\/2024\\\/03\\\/di-Tuwalete-de-1.png\",\"contentUrl\":\"https:\\\/\\\/shanabooks.de\\\/wp-content\\\/uploads\\\/2024\\\/03\\\/di-Tuwalete-de-1.png\",\"width\":313,\"height\":478,\"caption\":\"Di Tuwalet\u00ea De - R\u00eanas Jiyan - pirt\u00fbk\u00ean kurd\u00ee\"},{\"@type\":\"BreadcrumbList\",\"@id\":\"https:\\\/\\\/shanabooks.de\\\/product\\\/di-tuwalete-de-renas-jiyan\\\/#breadcrumb\",\"itemListElement\":[{\"@type\":\"ListItem\",\"position\":1,\"name\":\"\u0627\u0644\u0631\u0626\u064a\u0633\u064a\u0629\",\"item\":\"https:\\\/\\\/shanabooks.de\\\/de\\\/\"},{\"@type\":\"ListItem\",\"position\":2,\"name\":\"\u0627\u0644\u0645\u0646\u062a\u062c\u0627\u062a\",\"item\":\"https:\\\/\\\/shanabooks.de\\\/shop\\\/\"},{\"@type\":\"ListItem\",\"position\":3,\"name\":\"Di Tuwalet\u00ea De\"}]},{\"@type\":\"WebSite\",\"@id\":\"https:\\\/\\\/shanabooks.de\\\/#website\",\"url\":\"https:\\\/\\\/shanabooks.de\\\/\",\"name\":\"www.shanbooks.de\",\"description\":\"C\u00eehana Pirt\u00fbk\u00ean Kurd\u00ee \u0645\u0643\u062a\u0628\u0629 \u0634\u0627\u0646\u0627 \u0641\u064a \u0627\u0644\u0645\u0627\u0646\u064a\u0627 \u0648\u0623\u0648\u0631\u0628\u0627\",\"publisher\":{\"@id\":\"https:\\\/\\\/shanabooks.de\\\/#organization\"},\"potentialAction\":[{\"@type\":\"SearchAction\",\"target\":{\"@type\":\"EntryPoint\",\"urlTemplate\":\"https:\\\/\\\/shanabooks.de\\\/?s={search_term_string}\"},\"query-input\":{\"@type\":\"PropertyValueSpecification\",\"valueRequired\":true,\"valueName\":\"search_term_string\"}}],\"inLanguage\":\"de\"},{\"@type\":\"Organization\",\"@id\":\"https:\\\/\\\/shanabooks.de\\\/#organization\",\"name\":\"www.shanbooks.de\",\"url\":\"https:\\\/\\\/shanabooks.de\\\/\",\"logo\":{\"@type\":\"ImageObject\",\"inLanguage\":\"de\",\"@id\":\"https:\\\/\\\/shanabooks.de\\\/#\\\/schema\\\/logo\\\/image\\\/\",\"url\":\"https:\\\/\\\/shanabooks.de\\\/wp-content\\\/uploads\\\/2024\\\/03\\\/SHANABOOKS__2_-removebg-preview.png\",\"contentUrl\":\"https:\\\/\\\/shanabooks.de\\\/wp-content\\\/uploads\\\/2024\\\/03\\\/SHANABOOKS__2_-removebg-preview.png\",\"width\":700,\"height\":150,\"caption\":\"www.shanbooks.de\"},\"image\":{\"@id\":\"https:\\\/\\\/shanabooks.de\\\/#\\\/schema\\\/logo\\\/image\\\/\"}}]}<\/script>\n<!-- \/ Yoast SEO plugin. -->","yoast_head_json":{"title":"Di Tuwalet\u00ea De - R\u00eanas Jiyan - www.shanabooks.de","description":"Di Tuwalet\u00ea De - R\u00eanas Jiyan \u201cJi ber feq\u00eeriya min b\u00fb h\u00earsa min a ji ew\u00ean sosyet\u00eek, ji wan qehpik\u00ean gew\u00ee y\u00ean ku ne xema terik\u00ean wan b\u00fb \u00fb ji xwe re digeriy...","robots":{"index":"index","follow":"follow","max-snippet":"max-snippet:-1","max-image-preview":"max-image-preview:large","max-video-preview":"max-video-preview:-1"},"canonical":"https:\/\/shanabooks.de\/product\/di-tuwalete-de-renas-jiyan\/","og_locale":"de_DE","og_type":"article","og_title":"Di Tuwalet\u00ea De - R\u00eanas Jiyan - www.shanabooks.de","og_description":"Di Tuwalet\u00ea De - R\u00eanas Jiyan \u201cJi ber feq\u00eeriya min b\u00fb h\u00earsa min a ji ew\u00ean sosyet\u00eek, ji wan qehpik\u00ean gew\u00ee y\u00ean ku ne xema terik\u00ean wan b\u00fb \u00fb ji xwe re digeriy...","og_url":"https:\/\/shanabooks.de\/product\/di-tuwalete-de-renas-jiyan\/","og_site_name":"www.shanabooks.de","article_modified_time":"2024-03-10T11:26:23+00:00","og_image":[{"width":313,"height":478,"url":"https:\/\/shanabooks.de\/wp-content\/uploads\/2024\/03\/di-Tuwalete-de-1.png","type":"image\/png"}],"twitter_card":"summary_large_image","twitter_misc":{"Gesch\u00e4tzte Lesezeit":"2\u00a0Minuten"},"schema":{"@context":"https:\/\/schema.org","@graph":[{"@type":"WebPage","@id":"https:\/\/shanabooks.de\/product\/di-tuwalete-de-renas-jiyan\/","url":"https:\/\/shanabooks.de\/product\/di-tuwalete-de-renas-jiyan\/","name":"Di Tuwalet\u00ea De - R\u00eanas Jiyan - www.shanabooks.de","isPartOf":{"@id":"https:\/\/shanabooks.de\/#website"},"primaryImageOfPage":{"@id":"https:\/\/shanabooks.de\/product\/di-tuwalete-de-renas-jiyan\/#primaryimage"},"image":{"@id":"https:\/\/shanabooks.de\/product\/di-tuwalete-de-renas-jiyan\/#primaryimage"},"thumbnailUrl":"https:\/\/shanabooks.de\/wp-content\/uploads\/2024\/03\/di-Tuwalete-de-1.png","datePublished":"2024-03-03T19:51:22+00:00","dateModified":"2024-03-10T11:26:23+00:00","description":"Di Tuwalet\u00ea De - R\u00eanas Jiyan \u201cJi ber feq\u00eeriya min b\u00fb h\u00earsa min a ji ew\u00ean sosyet\u00eek, ji wan qehpik\u00ean gew\u00ee y\u00ean ku ne xema terik\u00ean wan b\u00fb \u00fb ji xwe re digeriy...","breadcrumb":{"@id":"https:\/\/shanabooks.de\/product\/di-tuwalete-de-renas-jiyan\/#breadcrumb"},"inLanguage":"de","potentialAction":[{"@type":"ReadAction","target":["https:\/\/shanabooks.de\/product\/di-tuwalete-de-renas-jiyan\/"]}]},{"@type":"ImageObject","inLanguage":"de","@id":"https:\/\/shanabooks.de\/product\/di-tuwalete-de-renas-jiyan\/#primaryimage","url":"https:\/\/shanabooks.de\/wp-content\/uploads\/2024\/03\/di-Tuwalete-de-1.png","contentUrl":"https:\/\/shanabooks.de\/wp-content\/uploads\/2024\/03\/di-Tuwalete-de-1.png","width":313,"height":478,"caption":"Di Tuwalet\u00ea De - R\u00eanas Jiyan - pirt\u00fbk\u00ean kurd\u00ee"},{"@type":"BreadcrumbList","@id":"https:\/\/shanabooks.de\/product\/di-tuwalete-de-renas-jiyan\/#breadcrumb","itemListElement":[{"@type":"ListItem","position":1,"name":"\u0627\u0644\u0631\u0626\u064a\u0633\u064a\u0629","item":"https:\/\/shanabooks.de\/de\/"},{"@type":"ListItem","position":2,"name":"\u0627\u0644\u0645\u0646\u062a\u062c\u0627\u062a","item":"https:\/\/shanabooks.de\/shop\/"},{"@type":"ListItem","position":3,"name":"Di Tuwalet\u00ea De"}]},{"@type":"WebSite","@id":"https:\/\/shanabooks.de\/#website","url":"https:\/\/shanabooks.de\/","name":"www.shanbooks.de","description":"C\u00eehana Pirt\u00fbk\u00ean Kurd\u00ee \u0645\u0643\u062a\u0628\u0629 \u0634\u0627\u0646\u0627 \u0641\u064a \u0627\u0644\u0645\u0627\u0646\u064a\u0627 \u0648\u0623\u0648\u0631\u0628\u0627","publisher":{"@id":"https:\/\/shanabooks.de\/#organization"},"potentialAction":[{"@type":"SearchAction","target":{"@type":"EntryPoint","urlTemplate":"https:\/\/shanabooks.de\/?s={search_term_string}"},"query-input":{"@type":"PropertyValueSpecification","valueRequired":true,"valueName":"search_term_string"}}],"inLanguage":"de"},{"@type":"Organization","@id":"https:\/\/shanabooks.de\/#organization","name":"www.shanbooks.de","url":"https:\/\/shanabooks.de\/","logo":{"@type":"ImageObject","inLanguage":"de","@id":"https:\/\/shanabooks.de\/#\/schema\/logo\/image\/","url":"https:\/\/shanabooks.de\/wp-content\/uploads\/2024\/03\/SHANABOOKS__2_-removebg-preview.png","contentUrl":"https:\/\/shanabooks.de\/wp-content\/uploads\/2024\/03\/SHANABOOKS__2_-removebg-preview.png","width":700,"height":150,"caption":"www.shanbooks.de"},"image":{"@id":"https:\/\/shanabooks.de\/#\/schema\/logo\/image\/"}}]}},"jetpack_sharing_enabled":true,"_links":{"self":[{"href":"https:\/\/shanabooks.de\/de\/wp-json\/wp\/v2\/product\/13352","targetHints":{"allow":["GET"]}}],"collection":[{"href":"https:\/\/shanabooks.de\/de\/wp-json\/wp\/v2\/product"}],"about":[{"href":"https:\/\/shanabooks.de\/de\/wp-json\/wp\/v2\/types\/product"}],"version-history":[{"count":3,"href":"https:\/\/shanabooks.de\/de\/wp-json\/wp\/v2\/product\/13352\/revisions"}],"predecessor-version":[{"id":17347,"href":"https:\/\/shanabooks.de\/de\/wp-json\/wp\/v2\/product\/13352\/revisions\/17347"}],"wp:featuredmedia":[{"embeddable":true,"href":"https:\/\/shanabooks.de\/de\/wp-json\/wp\/v2\/media\/13386"}],"wp:attachment":[{"href":"https:\/\/shanabooks.de\/de\/wp-json\/wp\/v2\/media?parent=13352"}],"wp:term":[{"taxonomy":"product_brand","embeddable":true,"href":"https:\/\/shanabooks.de\/de\/wp-json\/wp\/v2\/product_brand?post=13352"},{"taxonomy":"product_cat","embeddable":true,"href":"https:\/\/shanabooks.de\/de\/wp-json\/wp\/v2\/product_cat?post=13352"},{"taxonomy":"product_tag","embeddable":true,"href":"https:\/\/shanabooks.de\/de\/wp-json\/wp\/v2\/product_tag?post=13352"}],"curies":[{"name":"wp","href":"https:\/\/api.w.org\/{rel}","templated":true}]}}