{"id":13421,"date":"2024-03-03T19:51:36","date_gmt":"2024-03-03T19:51:36","guid":{"rendered":"https:\/\/shanabooks.de\/?post_type=product&#038;p=13421"},"modified":"2026-01-02T20:42:43","modified_gmt":"2026-01-02T20:42:43","slug":"siruda-hesten-penaber","status":"publish","type":"product","link":"https:\/\/shanabooks.de\/de\/product\/siruda-hesten-penaber\/","title":{"rendered":"Sir\u00fbda Hest\u00ean Penaber"},"content":{"rendered":"<p style=\"text-align: left;\"><strong>Sir\u00fbda Hest\u00ean Penaber &#8211; Ron\u00ee El\u00ee<\/strong><\/p>\n<p style=\"text-align: left;\">li ber deriy\u00ea te<br \/>\nsibeh bi sibeh<br \/>\nweke parsekvanek\u00ee<br \/>\nradiwestim<br \/>\nh\u00eav\u00ee.. Der\u00ee vebe<br \/>\nji r\u00fb\u00e7ik\u00ea te<br \/>\nkezwan\u00ean ken\u00ea berbang\u00ea<br \/>\nbicv\u00eenim<br \/>\nji nav zengulaka xwe<br \/>\nrondik\u00ean \u00eavara bihor\u00ee<br \/>\nbitebit\u00eenim.. Damalim<br \/>\nDer\u00ee veneb\u00fb.. Venabe<br \/>\nSermeya Bay\u00ea re\u015f<br \/>\nh\u00eav\u00ee di nav rondikan de<br \/>\ndixwarin<\/p>\n","protected":false},"excerpt":{"rendered":"<p style=\"text-align: center;\"><strong>Pirt\u00fbk: Sir\u00fbda Hest\u00ean Penaber<br \/>\nNiv\u00eeskar: Ron\u00ee El\u00ee<br \/>\nCure: Helbest<\/strong><\/p>\n","protected":false},"featured_media":6322,"template":"","meta":{"site-sidebar-layout":"default","site-content-layout":"","ast-site-content-layout":"default","site-content-style":"default","site-sidebar-style":"default","ast-global-header-display":"","ast-banner-title-visibility":"","ast-main-header-display":"","ast-hfb-above-header-display":"","ast-hfb-below-header-display":"","ast-hfb-mobile-header-display":"","site-post-title":"","ast-breadcrumbs-content":"","ast-featured-img":"","footer-sml-layout":"","ast-disable-related-posts":"","theme-transparent-header-meta":"default","adv-header-id-meta":"","stick-header-meta":"","header-above-stick-meta":"","header-main-stick-meta":"","header-below-stick-meta":"","astra-migrate-meta-layouts":"set","ast-page-background-enabled":"default","ast-page-background-meta":{"desktop":{"background-color":"","background-image":"","background-repeat":"repeat","background-position":"center center","background-size":"auto","background-attachment":"scroll","background-type":"","background-media":"","overlay-type":"","overlay-color":"","overlay-opacity":"","overlay-gradient":""},"tablet":{"background-color":"","background-image":"","background-repeat":"repeat","background-position":"center center","background-size":"auto","background-attachment":"scroll","background-type":"","background-media":"","overlay-type":"","overlay-color":"","overlay-opacity":"","overlay-gradient":""},"mobile":{"background-color":"","background-image":"","background-repeat":"repeat","background-position":"center center","background-size":"auto","background-attachment":"scroll","background-type":"","background-media":"","overlay-type":"","overlay-color":"","overlay-opacity":"","overlay-gradient":""}},"ast-content-background-meta":{"desktop":{"background-color":"var(--ast-global-color-5)","background-image":"","background-repeat":"repeat","background-position":"center center","background-size":"auto","background-attachment":"scroll","background-type":"","background-media":"","overlay-type":"","overlay-color":"","overlay-opacity":"","overlay-gradient":""},"tablet":{"background-color":"var(--ast-global-color-5)","background-image":"","background-repeat":"repeat","background-position":"center center","background-size":"auto","background-attachment":"scroll","background-type":"","background-media":"","overlay-type":"","overlay-color":"","overlay-opacity":"","overlay-gradient":""},"mobile":{"background-color":"var(--ast-global-color-5)","background-image":"","background-repeat":"repeat","background-position":"center center","background-size":"auto","background-attachment":"scroll","background-type":"","background-media":"","overlay-type":"","overlay-color":"","overlay-opacity":"","overlay-gradient":""}}},"product_brand":[],"product_cat":[184,193],"product_tag":[],"class_list":{"0":"post-13421","1":"product","2":"type-product","3":"status-publish","4":"has-post-thumbnail","6":"product_cat-_","7":"product_cat--_","8":"pa_-helbest","9":"pa_-roni-eli","10":"pa_-kurmanci","11":"pa_--wesanxaneya-ava","12":"desktop-align-left","13":"tablet-align-left","14":"mobile-align-left","16":"first","17":"instock","18":"shipping-taxable","19":"purchasable","20":"product-type-simple"},"yoast_head":"<!-- This site is optimized with the Yoast SEO plugin v27.4 - https:\/\/yoast.com\/product\/yoast-seo-wordpress\/ -->\n<title>Sir\u00fbda Hest\u00ean Penaber - www.shanabooks.de<\/title>\n<meta name=\"description\" content=\"Sir\u00fbda Hest\u00ean Penaber - Ron\u00ee El\u00ee. li ber deriy\u00ea tesibeh bi sibehweke parsekvanek\u00eeradiwestimh\u00eav\u00ee.. Der\u00ee vebeji r\u00fb\u00e7ik\u00ea tekezwan\u00ean ken\u00ea berbang\u00eabicv\u00eenimji ...\" \/>\n<meta name=\"robots\" content=\"index, follow, max-snippet:-1, max-image-preview:large, max-video-preview:-1\" \/>\n<link rel=\"canonical\" href=\"https:\/\/shanabooks.de\/product\/siruda-hesten-penaber\/\" \/>\n<meta property=\"og:locale\" content=\"de_DE\" \/>\n<meta property=\"og:type\" content=\"article\" \/>\n<meta property=\"og:title\" content=\"Sir\u00fbda Hest\u00ean Penaber - www.shanabooks.de\" \/>\n<meta property=\"og:description\" content=\"Sir\u00fbda Hest\u00ean Penaber - Ron\u00ee El\u00ee. li ber deriy\u00ea tesibeh bi sibehweke parsekvanek\u00eeradiwestimh\u00eav\u00ee.. Der\u00ee vebeji r\u00fb\u00e7ik\u00ea tekezwan\u00ean ken\u00ea berbang\u00eabicv\u00eenimji ...\" \/>\n<meta property=\"og:url\" content=\"https:\/\/shanabooks.de\/product\/siruda-hesten-penaber\/\" \/>\n<meta property=\"og:site_name\" content=\"www.shanabooks.de\" \/>\n<meta property=\"article:modified_time\" content=\"2026-01-02T20:42:43+00:00\" \/>\n<meta property=\"og:image\" content=\"https:\/\/shanabooks.de\/wp-content\/uploads\/2024\/01\/siruda-hesten-penaber-1.png\" \/>\n\t<meta property=\"og:image:width\" content=\"309\" \/>\n\t<meta property=\"og:image:height\" content=\"477\" \/>\n\t<meta property=\"og:image:type\" content=\"image\/png\" \/>\n<meta name=\"twitter:card\" content=\"summary_large_image\" \/>\n<meta name=\"twitter:label1\" content=\"Gesch\u00e4tzte Lesezeit\" \/>\n\t<meta name=\"twitter:data1\" content=\"1\u00a0Minute\" \/>\n<script type=\"application\/ld+json\" class=\"yoast-schema-graph\">{\"@context\":\"https:\\\/\\\/schema.org\",\"@graph\":[{\"@type\":\"WebPage\",\"@id\":\"https:\\\/\\\/shanabooks.de\\\/product\\\/siruda-hesten-penaber\\\/\",\"url\":\"https:\\\/\\\/shanabooks.de\\\/product\\\/siruda-hesten-penaber\\\/\",\"name\":\"Sir\u00fbda Hest\u00ean Penaber - www.shanabooks.de\",\"isPartOf\":{\"@id\":\"https:\\\/\\\/shanabooks.de\\\/#website\"},\"primaryImageOfPage\":{\"@id\":\"https:\\\/\\\/shanabooks.de\\\/product\\\/siruda-hesten-penaber\\\/#primaryimage\"},\"image\":{\"@id\":\"https:\\\/\\\/shanabooks.de\\\/product\\\/siruda-hesten-penaber\\\/#primaryimage\"},\"thumbnailUrl\":\"https:\\\/\\\/shanabooks.de\\\/wp-content\\\/uploads\\\/2024\\\/01\\\/siruda-hesten-penaber-1.png\",\"datePublished\":\"2024-03-03T19:51:36+00:00\",\"dateModified\":\"2026-01-02T20:42:43+00:00\",\"description\":\"Sir\u00fbda Hest\u00ean Penaber - Ron\u00ee El\u00ee. li ber deriy\u00ea tesibeh bi sibehweke parsekvanek\u00eeradiwestimh\u00eav\u00ee.. Der\u00ee vebeji r\u00fb\u00e7ik\u00ea tekezwan\u00ean ken\u00ea berbang\u00eabicv\u00eenimji ...\",\"breadcrumb\":{\"@id\":\"https:\\\/\\\/shanabooks.de\\\/product\\\/siruda-hesten-penaber\\\/#breadcrumb\"},\"inLanguage\":\"de\",\"potentialAction\":[{\"@type\":\"ReadAction\",\"target\":[\"https:\\\/\\\/shanabooks.de\\\/product\\\/siruda-hesten-penaber\\\/\"]}]},{\"@type\":\"ImageObject\",\"inLanguage\":\"de\",\"@id\":\"https:\\\/\\\/shanabooks.de\\\/product\\\/siruda-hesten-penaber\\\/#primaryimage\",\"url\":\"https:\\\/\\\/shanabooks.de\\\/wp-content\\\/uploads\\\/2024\\\/01\\\/siruda-hesten-penaber-1.png\",\"contentUrl\":\"https:\\\/\\\/shanabooks.de\\\/wp-content\\\/uploads\\\/2024\\\/01\\\/siruda-hesten-penaber-1.png\",\"width\":309,\"height\":477,\"caption\":\"Sir\u00fbda Hest\u00ean Penaber - Ron\u00ee El\u00ee Pirt\u00fbk\u00ean kurd\u00ee helbest\"},{\"@type\":\"BreadcrumbList\",\"@id\":\"https:\\\/\\\/shanabooks.de\\\/product\\\/siruda-hesten-penaber\\\/#breadcrumb\",\"itemListElement\":[{\"@type\":\"ListItem\",\"position\":1,\"name\":\"\u0627\u0644\u0631\u0626\u064a\u0633\u064a\u0629\",\"item\":\"https:\\\/\\\/shanabooks.de\\\/de\\\/\"},{\"@type\":\"ListItem\",\"position\":2,\"name\":\"\u0627\u0644\u0645\u0646\u062a\u062c\u0627\u062a\",\"item\":\"https:\\\/\\\/shanabooks.de\\\/shop\\\/\"},{\"@type\":\"ListItem\",\"position\":3,\"name\":\"Sir\u00fbda Hest\u00ean Penaber\"}]},{\"@type\":\"WebSite\",\"@id\":\"https:\\\/\\\/shanabooks.de\\\/#website\",\"url\":\"https:\\\/\\\/shanabooks.de\\\/\",\"name\":\"www.shanbooks.de\",\"description\":\"C\u00eehana Pirt\u00fbk\u00ean Kurd\u00ee \u0645\u0643\u062a\u0628\u0629 \u0634\u0627\u0646\u0627 \u0641\u064a \u0627\u0644\u0645\u0627\u0646\u064a\u0627 \u0648\u0623\u0648\u0631\u0628\u0627\",\"publisher\":{\"@id\":\"https:\\\/\\\/shanabooks.de\\\/#organization\"},\"potentialAction\":[{\"@type\":\"SearchAction\",\"target\":{\"@type\":\"EntryPoint\",\"urlTemplate\":\"https:\\\/\\\/shanabooks.de\\\/?s={search_term_string}\"},\"query-input\":{\"@type\":\"PropertyValueSpecification\",\"valueRequired\":true,\"valueName\":\"search_term_string\"}}],\"inLanguage\":\"de\"},{\"@type\":\"Organization\",\"@id\":\"https:\\\/\\\/shanabooks.de\\\/#organization\",\"name\":\"www.shanbooks.de\",\"url\":\"https:\\\/\\\/shanabooks.de\\\/\",\"logo\":{\"@type\":\"ImageObject\",\"inLanguage\":\"de\",\"@id\":\"https:\\\/\\\/shanabooks.de\\\/#\\\/schema\\\/logo\\\/image\\\/\",\"url\":\"https:\\\/\\\/shanabooks.de\\\/wp-content\\\/uploads\\\/2024\\\/03\\\/SHANABOOKS__2_-removebg-preview.png\",\"contentUrl\":\"https:\\\/\\\/shanabooks.de\\\/wp-content\\\/uploads\\\/2024\\\/03\\\/SHANABOOKS__2_-removebg-preview.png\",\"width\":700,\"height\":150,\"caption\":\"www.shanbooks.de\"},\"image\":{\"@id\":\"https:\\\/\\\/shanabooks.de\\\/#\\\/schema\\\/logo\\\/image\\\/\"}}]}<\/script>\n<!-- \/ Yoast SEO plugin. -->","yoast_head_json":{"title":"Sir\u00fbda Hest\u00ean Penaber - www.shanabooks.de","description":"Sir\u00fbda Hest\u00ean Penaber - Ron\u00ee El\u00ee. li ber deriy\u00ea tesibeh bi sibehweke parsekvanek\u00eeradiwestimh\u00eav\u00ee.. Der\u00ee vebeji r\u00fb\u00e7ik\u00ea tekezwan\u00ean ken\u00ea berbang\u00eabicv\u00eenimji ...","robots":{"index":"index","follow":"follow","max-snippet":"max-snippet:-1","max-image-preview":"max-image-preview:large","max-video-preview":"max-video-preview:-1"},"canonical":"https:\/\/shanabooks.de\/product\/siruda-hesten-penaber\/","og_locale":"de_DE","og_type":"article","og_title":"Sir\u00fbda Hest\u00ean Penaber - www.shanabooks.de","og_description":"Sir\u00fbda Hest\u00ean Penaber - Ron\u00ee El\u00ee. li ber deriy\u00ea tesibeh bi sibehweke parsekvanek\u00eeradiwestimh\u00eav\u00ee.. Der\u00ee vebeji r\u00fb\u00e7ik\u00ea tekezwan\u00ean ken\u00ea berbang\u00eabicv\u00eenimji ...","og_url":"https:\/\/shanabooks.de\/product\/siruda-hesten-penaber\/","og_site_name":"www.shanabooks.de","article_modified_time":"2026-01-02T20:42:43+00:00","og_image":[{"width":309,"height":477,"url":"https:\/\/shanabooks.de\/wp-content\/uploads\/2024\/01\/siruda-hesten-penaber-1.png","type":"image\/png"}],"twitter_card":"summary_large_image","twitter_misc":{"Gesch\u00e4tzte Lesezeit":"1\u00a0Minute"},"schema":{"@context":"https:\/\/schema.org","@graph":[{"@type":"WebPage","@id":"https:\/\/shanabooks.de\/product\/siruda-hesten-penaber\/","url":"https:\/\/shanabooks.de\/product\/siruda-hesten-penaber\/","name":"Sir\u00fbda Hest\u00ean Penaber - www.shanabooks.de","isPartOf":{"@id":"https:\/\/shanabooks.de\/#website"},"primaryImageOfPage":{"@id":"https:\/\/shanabooks.de\/product\/siruda-hesten-penaber\/#primaryimage"},"image":{"@id":"https:\/\/shanabooks.de\/product\/siruda-hesten-penaber\/#primaryimage"},"thumbnailUrl":"https:\/\/shanabooks.de\/wp-content\/uploads\/2024\/01\/siruda-hesten-penaber-1.png","datePublished":"2024-03-03T19:51:36+00:00","dateModified":"2026-01-02T20:42:43+00:00","description":"Sir\u00fbda Hest\u00ean Penaber - Ron\u00ee El\u00ee. li ber deriy\u00ea tesibeh bi sibehweke parsekvanek\u00eeradiwestimh\u00eav\u00ee.. Der\u00ee vebeji r\u00fb\u00e7ik\u00ea tekezwan\u00ean ken\u00ea berbang\u00eabicv\u00eenimji ...","breadcrumb":{"@id":"https:\/\/shanabooks.de\/product\/siruda-hesten-penaber\/#breadcrumb"},"inLanguage":"de","potentialAction":[{"@type":"ReadAction","target":["https:\/\/shanabooks.de\/product\/siruda-hesten-penaber\/"]}]},{"@type":"ImageObject","inLanguage":"de","@id":"https:\/\/shanabooks.de\/product\/siruda-hesten-penaber\/#primaryimage","url":"https:\/\/shanabooks.de\/wp-content\/uploads\/2024\/01\/siruda-hesten-penaber-1.png","contentUrl":"https:\/\/shanabooks.de\/wp-content\/uploads\/2024\/01\/siruda-hesten-penaber-1.png","width":309,"height":477,"caption":"Sir\u00fbda Hest\u00ean Penaber - Ron\u00ee El\u00ee Pirt\u00fbk\u00ean kurd\u00ee helbest"},{"@type":"BreadcrumbList","@id":"https:\/\/shanabooks.de\/product\/siruda-hesten-penaber\/#breadcrumb","itemListElement":[{"@type":"ListItem","position":1,"name":"\u0627\u0644\u0631\u0626\u064a\u0633\u064a\u0629","item":"https:\/\/shanabooks.de\/de\/"},{"@type":"ListItem","position":2,"name":"\u0627\u0644\u0645\u0646\u062a\u062c\u0627\u062a","item":"https:\/\/shanabooks.de\/shop\/"},{"@type":"ListItem","position":3,"name":"Sir\u00fbda Hest\u00ean Penaber"}]},{"@type":"WebSite","@id":"https:\/\/shanabooks.de\/#website","url":"https:\/\/shanabooks.de\/","name":"www.shanbooks.de","description":"C\u00eehana Pirt\u00fbk\u00ean Kurd\u00ee \u0645\u0643\u062a\u0628\u0629 \u0634\u0627\u0646\u0627 \u0641\u064a \u0627\u0644\u0645\u0627\u0646\u064a\u0627 \u0648\u0623\u0648\u0631\u0628\u0627","publisher":{"@id":"https:\/\/shanabooks.de\/#organization"},"potentialAction":[{"@type":"SearchAction","target":{"@type":"EntryPoint","urlTemplate":"https:\/\/shanabooks.de\/?s={search_term_string}"},"query-input":{"@type":"PropertyValueSpecification","valueRequired":true,"valueName":"search_term_string"}}],"inLanguage":"de"},{"@type":"Organization","@id":"https:\/\/shanabooks.de\/#organization","name":"www.shanbooks.de","url":"https:\/\/shanabooks.de\/","logo":{"@type":"ImageObject","inLanguage":"de","@id":"https:\/\/shanabooks.de\/#\/schema\/logo\/image\/","url":"https:\/\/shanabooks.de\/wp-content\/uploads\/2024\/03\/SHANABOOKS__2_-removebg-preview.png","contentUrl":"https:\/\/shanabooks.de\/wp-content\/uploads\/2024\/03\/SHANABOOKS__2_-removebg-preview.png","width":700,"height":150,"caption":"www.shanbooks.de"},"image":{"@id":"https:\/\/shanabooks.de\/#\/schema\/logo\/image\/"}}]}},"jetpack_sharing_enabled":true,"_links":{"self":[{"href":"https:\/\/shanabooks.de\/de\/wp-json\/wp\/v2\/product\/13421","targetHints":{"allow":["GET"]}}],"collection":[{"href":"https:\/\/shanabooks.de\/de\/wp-json\/wp\/v2\/product"}],"about":[{"href":"https:\/\/shanabooks.de\/de\/wp-json\/wp\/v2\/types\/product"}],"version-history":[{"count":3,"href":"https:\/\/shanabooks.de\/de\/wp-json\/wp\/v2\/product\/13421\/revisions"}],"predecessor-version":[{"id":21307,"href":"https:\/\/shanabooks.de\/de\/wp-json\/wp\/v2\/product\/13421\/revisions\/21307"}],"wp:featuredmedia":[{"embeddable":true,"href":"https:\/\/shanabooks.de\/de\/wp-json\/wp\/v2\/media\/6322"}],"wp:attachment":[{"href":"https:\/\/shanabooks.de\/de\/wp-json\/wp\/v2\/media?parent=13421"}],"wp:term":[{"taxonomy":"product_brand","embeddable":true,"href":"https:\/\/shanabooks.de\/de\/wp-json\/wp\/v2\/product_brand?post=13421"},{"taxonomy":"product_cat","embeddable":true,"href":"https:\/\/shanabooks.de\/de\/wp-json\/wp\/v2\/product_cat?post=13421"},{"taxonomy":"product_tag","embeddable":true,"href":"https:\/\/shanabooks.de\/de\/wp-json\/wp\/v2\/product_tag?post=13421"}],"curies":[{"name":"wp","href":"https:\/\/api.w.org\/{rel}","templated":true}]}}