{"id":13423,"date":"2024-03-03T19:51:37","date_gmt":"2024-03-03T19:51:37","guid":{"rendered":"https:\/\/shanabooks.de\/?post_type=product&#038;p=13423"},"modified":"2024-03-10T18:59:07","modified_gmt":"2024-03-10T18:59:07","slug":"beyan-xwarinan-u-zewqen-wan-sex-muhyedine-heni","status":"publish","type":"product","link":"https:\/\/shanabooks.de\/de\/product\/beyan-xwarinan-u-zewqen-wan-sex-muhyedine-heni\/","title":{"rendered":"Beyana xwarinan \u00fb zewq\u00ean wan"},"content":{"rendered":"<p style=\"text-align: left\"><strong>Beyana xwarinan \u00fb zewq\u00ean wan &#8211; \u015e\u00eax Muhyed\u00een\u00ea H\u00ean\u00ee<\/strong><\/p>\n<p style=\"text-align: left\">Ev destxeta ku \u00e7\u00eeroka peydab\u00fbna w\u00ea j\u00ee bi qas\u00ee w\u00ea balk\u00ea\u015f e, wisa diyar e di war\u00ea curey\u00ea xwe de (simatiye)<br \/>\nberhema Beyana xwarinan \u00fb zewq\u00ean wan ya \u015f\u00eax Muhyed\u00een\u00ea H\u00ean\u00ee tekane ya edebiyata kurd\u00ee ya klas\u00eek e.<br \/>\nMenz\u00fbme a\u00eed\u00ee sedsala 19an e \u00fb bi \u015f\u00eaweya mesnewiy\u00ea hatiye niv\u00ees\u00een.<br \/>\nDi nav 186 beyt\u00ean w\u00ea de nav\u00ea 130 xwarin\u00ean cur bi cur derbas dibin ku hinek j\u00ea \u00eero hatine jib\u00eerkirin \u00fb hinek j\u00ea j\u00ee bi nav\u00ea xwe re heta \u00eero hatine.<br \/>\nBalk\u00ea\u015f e ku ev xwarin, li gor cure \u00fb cins\u00ean wan, \u00e7\u00eakirin \u00fb \u00e7\u00eaja wan, bi awayek\u00ee binyad\u00ee hatine r\u00eazkirin. Bel\u00ea beriya her ti\u015ft\u00ee metneke helbest\u00ea ye, l\u00ea di heman dem\u00ea de belgeyeke antropoloj\u00eek \u00fb d\u00eerok\u00ee ye j\u00ee.<br \/>\nLewma xelasb\u00fbna w\u00ea ya ji ber xezeba d\u00eeroka v\u00ea cografyay\u00ea, payeya textual survival bex\u015f\u00ee w\u00ea dike.<br \/>\nTu behs\u00ea ji pat\u00eele\u00ea qenc bike \u00c7i reng t\u00eate xwarin zeban\u00ee veke Digel r\u00fbn\u00ea teze we toraqa pak Bi zehter wel\u00ea qenc tenik be j\u00ee \u00e7ak Eger b\u00eate pehtin bi s\u00eal\u00ea bixwu We ger bi firin\u00ea ye esla mexwu Hev\u00eer e hev\u00eer e hev\u00eer e hev\u00eer Tu guh d\u00eare v\u00ea bend\u00ea min ey em\u00eer<\/p>\n","protected":false},"excerpt":{"rendered":"<p style=\"text-align: center\"><strong>Pirt\u00fbk: Beyana xwarinan \u00fb zewq\u00ean wan<br \/>\nNiv\u00eeskar: \u015e\u00eax Muhyed\u00een\u00ea H\u00ean\u00ee<br \/>\nCure: Klas\u00eek<\/strong><\/p>\n","protected":false},"featured_media":6326,"template":"","meta":{"site-sidebar-layout":"default","site-content-layout":"","ast-site-content-layout":"default","site-content-style":"default","site-sidebar-style":"default","ast-global-header-display":"","ast-banner-title-visibility":"","ast-main-header-display":"","ast-hfb-above-header-display":"","ast-hfb-below-header-display":"","ast-hfb-mobile-header-display":"","site-post-title":"","ast-breadcrumbs-content":"","ast-featured-img":"","footer-sml-layout":"","ast-disable-related-posts":"","theme-transparent-header-meta":"default","adv-header-id-meta":"","stick-header-meta":"","header-above-stick-meta":"","header-main-stick-meta":"","header-below-stick-meta":"","astra-migrate-meta-layouts":"set","ast-page-background-enabled":"default","ast-page-background-meta":{"desktop":{"background-color":"","background-image":"","background-repeat":"repeat","background-position":"center center","background-size":"auto","background-attachment":"scroll","background-type":"","background-media":"","overlay-type":"","overlay-color":"","overlay-opacity":"","overlay-gradient":""},"tablet":{"background-color":"","background-image":"","background-repeat":"repeat","background-position":"center center","background-size":"auto","background-attachment":"scroll","background-type":"","background-media":"","overlay-type":"","overlay-color":"","overlay-opacity":"","overlay-gradient":""},"mobile":{"background-color":"","background-image":"","background-repeat":"repeat","background-position":"center center","background-size":"auto","background-attachment":"scroll","background-type":"","background-media":"","overlay-type":"","overlay-color":"","overlay-opacity":"","overlay-gradient":""}},"ast-content-background-meta":{"desktop":{"background-color":"var(--ast-global-color-5)","background-image":"","background-repeat":"repeat","background-position":"center center","background-size":"auto","background-attachment":"scroll","background-type":"","background-media":"","overlay-type":"","overlay-color":"","overlay-opacity":"","overlay-gradient":""},"tablet":{"background-color":"var(--ast-global-color-5)","background-image":"","background-repeat":"repeat","background-position":"center center","background-size":"auto","background-attachment":"scroll","background-type":"","background-media":"","overlay-type":"","overlay-color":"","overlay-opacity":"","overlay-gradient":""},"mobile":{"background-color":"var(--ast-global-color-5)","background-image":"","background-repeat":"repeat","background-position":"center center","background-size":"auto","background-attachment":"scroll","background-type":"","background-media":"","overlay-type":"","overlay-color":"","overlay-opacity":"","overlay-gradient":""}}},"product_brand":[],"product_cat":[179,193],"product_tag":[],"class_list":{"0":"post-13423","1":"product","2":"type-product","3":"status-publish","4":"has-post-thumbnail","6":"product_cat-_","7":"product_cat--_","8":"pa_-klasiken-kurdi","9":"pa_-lekolin","10":"pa_-sex-muhyedine-heni","11":"pa_-kurmanci","12":"pa_--peywend-yayinlari","13":"desktop-align-left","14":"tablet-align-left","15":"mobile-align-left","17":"first","18":"instock","19":"shipping-taxable","20":"purchasable","21":"product-type-simple"},"yoast_head":"<!-- This site is optimized with the Yoast SEO plugin v27.4 - https:\/\/yoast.com\/product\/yoast-seo-wordpress\/ -->\n<title>Beyana xwarinan \u00fb zewq\u00ean wan - \u015e\u00eax Muhyed\u00een\u00ea H\u00ean\u00ee - www.shanabooks.de<\/title>\n<meta name=\"description\" content=\"Beyana xwarinan \u00fb zewq\u00ean wan - \u015e\u00eax Muhyed\u00een\u00ea H\u00ean\u00ee Ev destxeta ku \u00e7\u00eeroka peydab\u00fbna w\u00ea j\u00ee bi qas\u00ee w\u00ea balk\u00ea\u015f e, wisa diyar e di war\u00ea curey\u00ea xwe de (simatiye...\" \/>\n<meta name=\"robots\" content=\"index, follow, max-snippet:-1, max-image-preview:large, max-video-preview:-1\" \/>\n<link rel=\"canonical\" href=\"https:\/\/shanabooks.de\/product\/beyan-xwarinan-u-zewqen-wan-sex-muhyedine-heni\/\" \/>\n<meta property=\"og:locale\" content=\"de_DE\" \/>\n<meta property=\"og:type\" content=\"article\" \/>\n<meta property=\"og:title\" content=\"Beyana xwarinan \u00fb zewq\u00ean wan - \u015e\u00eax Muhyed\u00een\u00ea H\u00ean\u00ee - www.shanabooks.de\" \/>\n<meta property=\"og:description\" content=\"Beyana xwarinan \u00fb zewq\u00ean wan - \u015e\u00eax Muhyed\u00een\u00ea H\u00ean\u00ee Ev destxeta ku \u00e7\u00eeroka peydab\u00fbna w\u00ea j\u00ee bi qas\u00ee w\u00ea balk\u00ea\u015f e, wisa diyar e di war\u00ea curey\u00ea xwe de (simatiye...\" \/>\n<meta property=\"og:url\" content=\"https:\/\/shanabooks.de\/product\/beyan-xwarinan-u-zewqen-wan-sex-muhyedine-heni\/\" \/>\n<meta property=\"og:site_name\" content=\"www.shanabooks.de\" \/>\n<meta property=\"article:modified_time\" content=\"2024-03-10T18:59:07+00:00\" \/>\n<meta property=\"og:image\" content=\"https:\/\/shanabooks.de\/wp-content\/uploads\/2024\/01\/Beyanen-xwarinan-u-zewqen-wan.png\" \/>\n\t<meta property=\"og:image:width\" content=\"305\" \/>\n\t<meta property=\"og:image:height\" content=\"478\" \/>\n\t<meta property=\"og:image:type\" content=\"image\/png\" \/>\n<meta name=\"twitter:card\" content=\"summary_large_image\" \/>\n<meta name=\"twitter:label1\" content=\"Gesch\u00e4tzte Lesezeit\" \/>\n\t<meta name=\"twitter:data1\" content=\"2\u00a0Minuten\" \/>\n<script type=\"application\/ld+json\" class=\"yoast-schema-graph\">{\"@context\":\"https:\\\/\\\/schema.org\",\"@graph\":[{\"@type\":\"WebPage\",\"@id\":\"https:\\\/\\\/shanabooks.de\\\/product\\\/beyan-xwarinan-u-zewqen-wan-sex-muhyedine-heni\\\/\",\"url\":\"https:\\\/\\\/shanabooks.de\\\/product\\\/beyan-xwarinan-u-zewqen-wan-sex-muhyedine-heni\\\/\",\"name\":\"Beyana xwarinan \u00fb zewq\u00ean wan - \u015e\u00eax Muhyed\u00een\u00ea H\u00ean\u00ee - www.shanabooks.de\",\"isPartOf\":{\"@id\":\"https:\\\/\\\/shanabooks.de\\\/#website\"},\"primaryImageOfPage\":{\"@id\":\"https:\\\/\\\/shanabooks.de\\\/product\\\/beyan-xwarinan-u-zewqen-wan-sex-muhyedine-heni\\\/#primaryimage\"},\"image\":{\"@id\":\"https:\\\/\\\/shanabooks.de\\\/product\\\/beyan-xwarinan-u-zewqen-wan-sex-muhyedine-heni\\\/#primaryimage\"},\"thumbnailUrl\":\"https:\\\/\\\/shanabooks.de\\\/wp-content\\\/uploads\\\/2024\\\/01\\\/Beyanen-xwarinan-u-zewqen-wan.png\",\"datePublished\":\"2024-03-03T19:51:37+00:00\",\"dateModified\":\"2024-03-10T18:59:07+00:00\",\"description\":\"Beyana xwarinan \u00fb zewq\u00ean wan - \u015e\u00eax Muhyed\u00een\u00ea H\u00ean\u00ee Ev destxeta ku \u00e7\u00eeroka peydab\u00fbna w\u00ea j\u00ee bi qas\u00ee w\u00ea balk\u00ea\u015f e, wisa diyar e di war\u00ea curey\u00ea xwe de (simatiye...\",\"breadcrumb\":{\"@id\":\"https:\\\/\\\/shanabooks.de\\\/product\\\/beyan-xwarinan-u-zewqen-wan-sex-muhyedine-heni\\\/#breadcrumb\"},\"inLanguage\":\"de\",\"potentialAction\":[{\"@type\":\"ReadAction\",\"target\":[\"https:\\\/\\\/shanabooks.de\\\/product\\\/beyan-xwarinan-u-zewqen-wan-sex-muhyedine-heni\\\/\"]}]},{\"@type\":\"ImageObject\",\"inLanguage\":\"de\",\"@id\":\"https:\\\/\\\/shanabooks.de\\\/product\\\/beyan-xwarinan-u-zewqen-wan-sex-muhyedine-heni\\\/#primaryimage\",\"url\":\"https:\\\/\\\/shanabooks.de\\\/wp-content\\\/uploads\\\/2024\\\/01\\\/Beyanen-xwarinan-u-zewqen-wan.png\",\"contentUrl\":\"https:\\\/\\\/shanabooks.de\\\/wp-content\\\/uploads\\\/2024\\\/01\\\/Beyanen-xwarinan-u-zewqen-wan.png\",\"width\":305,\"height\":478,\"caption\":\"Beyan xwarinan \u00fb zewq\u00ean wan - \u015e\u00eax Muhyed\u00een\u00ea H\u00ean\u00ee -pirt\u00fbk\u00ean kurd\u00ee\"},{\"@type\":\"BreadcrumbList\",\"@id\":\"https:\\\/\\\/shanabooks.de\\\/product\\\/beyan-xwarinan-u-zewqen-wan-sex-muhyedine-heni\\\/#breadcrumb\",\"itemListElement\":[{\"@type\":\"ListItem\",\"position\":1,\"name\":\"\u0627\u0644\u0631\u0626\u064a\u0633\u064a\u0629\",\"item\":\"https:\\\/\\\/shanabooks.de\\\/de\\\/\"},{\"@type\":\"ListItem\",\"position\":2,\"name\":\"\u0627\u0644\u0645\u0646\u062a\u062c\u0627\u062a\",\"item\":\"https:\\\/\\\/shanabooks.de\\\/shop\\\/\"},{\"@type\":\"ListItem\",\"position\":3,\"name\":\"Beyana xwarinan \u00fb zewq\u00ean wan\"}]},{\"@type\":\"WebSite\",\"@id\":\"https:\\\/\\\/shanabooks.de\\\/#website\",\"url\":\"https:\\\/\\\/shanabooks.de\\\/\",\"name\":\"www.shanbooks.de\",\"description\":\"C\u00eehana Pirt\u00fbk\u00ean Kurd\u00ee \u0645\u0643\u062a\u0628\u0629 \u0634\u0627\u0646\u0627 \u0641\u064a \u0627\u0644\u0645\u0627\u0646\u064a\u0627 \u0648\u0623\u0648\u0631\u0628\u0627\",\"publisher\":{\"@id\":\"https:\\\/\\\/shanabooks.de\\\/#organization\"},\"potentialAction\":[{\"@type\":\"SearchAction\",\"target\":{\"@type\":\"EntryPoint\",\"urlTemplate\":\"https:\\\/\\\/shanabooks.de\\\/?s={search_term_string}\"},\"query-input\":{\"@type\":\"PropertyValueSpecification\",\"valueRequired\":true,\"valueName\":\"search_term_string\"}}],\"inLanguage\":\"de\"},{\"@type\":\"Organization\",\"@id\":\"https:\\\/\\\/shanabooks.de\\\/#organization\",\"name\":\"www.shanbooks.de\",\"url\":\"https:\\\/\\\/shanabooks.de\\\/\",\"logo\":{\"@type\":\"ImageObject\",\"inLanguage\":\"de\",\"@id\":\"https:\\\/\\\/shanabooks.de\\\/#\\\/schema\\\/logo\\\/image\\\/\",\"url\":\"https:\\\/\\\/shanabooks.de\\\/wp-content\\\/uploads\\\/2024\\\/03\\\/SHANABOOKS__2_-removebg-preview.png\",\"contentUrl\":\"https:\\\/\\\/shanabooks.de\\\/wp-content\\\/uploads\\\/2024\\\/03\\\/SHANABOOKS__2_-removebg-preview.png\",\"width\":700,\"height\":150,\"caption\":\"www.shanbooks.de\"},\"image\":{\"@id\":\"https:\\\/\\\/shanabooks.de\\\/#\\\/schema\\\/logo\\\/image\\\/\"}}]}<\/script>\n<!-- \/ Yoast SEO plugin. -->","yoast_head_json":{"title":"Beyana xwarinan \u00fb zewq\u00ean wan - \u015e\u00eax Muhyed\u00een\u00ea H\u00ean\u00ee - www.shanabooks.de","description":"Beyana xwarinan \u00fb zewq\u00ean wan - \u015e\u00eax Muhyed\u00een\u00ea H\u00ean\u00ee Ev destxeta ku \u00e7\u00eeroka peydab\u00fbna w\u00ea j\u00ee bi qas\u00ee w\u00ea balk\u00ea\u015f e, wisa diyar e di war\u00ea curey\u00ea xwe de (simatiye...","robots":{"index":"index","follow":"follow","max-snippet":"max-snippet:-1","max-image-preview":"max-image-preview:large","max-video-preview":"max-video-preview:-1"},"canonical":"https:\/\/shanabooks.de\/product\/beyan-xwarinan-u-zewqen-wan-sex-muhyedine-heni\/","og_locale":"de_DE","og_type":"article","og_title":"Beyana xwarinan \u00fb zewq\u00ean wan - \u015e\u00eax Muhyed\u00een\u00ea H\u00ean\u00ee - www.shanabooks.de","og_description":"Beyana xwarinan \u00fb zewq\u00ean wan - \u015e\u00eax Muhyed\u00een\u00ea H\u00ean\u00ee Ev destxeta ku \u00e7\u00eeroka peydab\u00fbna w\u00ea j\u00ee bi qas\u00ee w\u00ea balk\u00ea\u015f e, wisa diyar e di war\u00ea curey\u00ea xwe de (simatiye...","og_url":"https:\/\/shanabooks.de\/product\/beyan-xwarinan-u-zewqen-wan-sex-muhyedine-heni\/","og_site_name":"www.shanabooks.de","article_modified_time":"2024-03-10T18:59:07+00:00","og_image":[{"width":305,"height":478,"url":"https:\/\/shanabooks.de\/wp-content\/uploads\/2024\/01\/Beyanen-xwarinan-u-zewqen-wan.png","type":"image\/png"}],"twitter_card":"summary_large_image","twitter_misc":{"Gesch\u00e4tzte Lesezeit":"2\u00a0Minuten"},"schema":{"@context":"https:\/\/schema.org","@graph":[{"@type":"WebPage","@id":"https:\/\/shanabooks.de\/product\/beyan-xwarinan-u-zewqen-wan-sex-muhyedine-heni\/","url":"https:\/\/shanabooks.de\/product\/beyan-xwarinan-u-zewqen-wan-sex-muhyedine-heni\/","name":"Beyana xwarinan \u00fb zewq\u00ean wan - \u015e\u00eax Muhyed\u00een\u00ea H\u00ean\u00ee - www.shanabooks.de","isPartOf":{"@id":"https:\/\/shanabooks.de\/#website"},"primaryImageOfPage":{"@id":"https:\/\/shanabooks.de\/product\/beyan-xwarinan-u-zewqen-wan-sex-muhyedine-heni\/#primaryimage"},"image":{"@id":"https:\/\/shanabooks.de\/product\/beyan-xwarinan-u-zewqen-wan-sex-muhyedine-heni\/#primaryimage"},"thumbnailUrl":"https:\/\/shanabooks.de\/wp-content\/uploads\/2024\/01\/Beyanen-xwarinan-u-zewqen-wan.png","datePublished":"2024-03-03T19:51:37+00:00","dateModified":"2024-03-10T18:59:07+00:00","description":"Beyana xwarinan \u00fb zewq\u00ean wan - \u015e\u00eax Muhyed\u00een\u00ea H\u00ean\u00ee Ev destxeta ku \u00e7\u00eeroka peydab\u00fbna w\u00ea j\u00ee bi qas\u00ee w\u00ea balk\u00ea\u015f e, wisa diyar e di war\u00ea curey\u00ea xwe de (simatiye...","breadcrumb":{"@id":"https:\/\/shanabooks.de\/product\/beyan-xwarinan-u-zewqen-wan-sex-muhyedine-heni\/#breadcrumb"},"inLanguage":"de","potentialAction":[{"@type":"ReadAction","target":["https:\/\/shanabooks.de\/product\/beyan-xwarinan-u-zewqen-wan-sex-muhyedine-heni\/"]}]},{"@type":"ImageObject","inLanguage":"de","@id":"https:\/\/shanabooks.de\/product\/beyan-xwarinan-u-zewqen-wan-sex-muhyedine-heni\/#primaryimage","url":"https:\/\/shanabooks.de\/wp-content\/uploads\/2024\/01\/Beyanen-xwarinan-u-zewqen-wan.png","contentUrl":"https:\/\/shanabooks.de\/wp-content\/uploads\/2024\/01\/Beyanen-xwarinan-u-zewqen-wan.png","width":305,"height":478,"caption":"Beyan xwarinan \u00fb zewq\u00ean wan - \u015e\u00eax Muhyed\u00een\u00ea H\u00ean\u00ee -pirt\u00fbk\u00ean kurd\u00ee"},{"@type":"BreadcrumbList","@id":"https:\/\/shanabooks.de\/product\/beyan-xwarinan-u-zewqen-wan-sex-muhyedine-heni\/#breadcrumb","itemListElement":[{"@type":"ListItem","position":1,"name":"\u0627\u0644\u0631\u0626\u064a\u0633\u064a\u0629","item":"https:\/\/shanabooks.de\/de\/"},{"@type":"ListItem","position":2,"name":"\u0627\u0644\u0645\u0646\u062a\u062c\u0627\u062a","item":"https:\/\/shanabooks.de\/shop\/"},{"@type":"ListItem","position":3,"name":"Beyana xwarinan \u00fb zewq\u00ean wan"}]},{"@type":"WebSite","@id":"https:\/\/shanabooks.de\/#website","url":"https:\/\/shanabooks.de\/","name":"www.shanbooks.de","description":"C\u00eehana Pirt\u00fbk\u00ean Kurd\u00ee \u0645\u0643\u062a\u0628\u0629 \u0634\u0627\u0646\u0627 \u0641\u064a \u0627\u0644\u0645\u0627\u0646\u064a\u0627 \u0648\u0623\u0648\u0631\u0628\u0627","publisher":{"@id":"https:\/\/shanabooks.de\/#organization"},"potentialAction":[{"@type":"SearchAction","target":{"@type":"EntryPoint","urlTemplate":"https:\/\/shanabooks.de\/?s={search_term_string}"},"query-input":{"@type":"PropertyValueSpecification","valueRequired":true,"valueName":"search_term_string"}}],"inLanguage":"de"},{"@type":"Organization","@id":"https:\/\/shanabooks.de\/#organization","name":"www.shanbooks.de","url":"https:\/\/shanabooks.de\/","logo":{"@type":"ImageObject","inLanguage":"de","@id":"https:\/\/shanabooks.de\/#\/schema\/logo\/image\/","url":"https:\/\/shanabooks.de\/wp-content\/uploads\/2024\/03\/SHANABOOKS__2_-removebg-preview.png","contentUrl":"https:\/\/shanabooks.de\/wp-content\/uploads\/2024\/03\/SHANABOOKS__2_-removebg-preview.png","width":700,"height":150,"caption":"www.shanbooks.de"},"image":{"@id":"https:\/\/shanabooks.de\/#\/schema\/logo\/image\/"}}]}},"jetpack_sharing_enabled":true,"_links":{"self":[{"href":"https:\/\/shanabooks.de\/de\/wp-json\/wp\/v2\/product\/13423","targetHints":{"allow":["GET"]}}],"collection":[{"href":"https:\/\/shanabooks.de\/de\/wp-json\/wp\/v2\/product"}],"about":[{"href":"https:\/\/shanabooks.de\/de\/wp-json\/wp\/v2\/types\/product"}],"version-history":[{"count":3,"href":"https:\/\/shanabooks.de\/de\/wp-json\/wp\/v2\/product\/13423\/revisions"}],"predecessor-version":[{"id":17404,"href":"https:\/\/shanabooks.de\/de\/wp-json\/wp\/v2\/product\/13423\/revisions\/17404"}],"wp:featuredmedia":[{"embeddable":true,"href":"https:\/\/shanabooks.de\/de\/wp-json\/wp\/v2\/media\/6326"}],"wp:attachment":[{"href":"https:\/\/shanabooks.de\/de\/wp-json\/wp\/v2\/media?parent=13423"}],"wp:term":[{"taxonomy":"product_brand","embeddable":true,"href":"https:\/\/shanabooks.de\/de\/wp-json\/wp\/v2\/product_brand?post=13423"},{"taxonomy":"product_cat","embeddable":true,"href":"https:\/\/shanabooks.de\/de\/wp-json\/wp\/v2\/product_cat?post=13423"},{"taxonomy":"product_tag","embeddable":true,"href":"https:\/\/shanabooks.de\/de\/wp-json\/wp\/v2\/product_tag?post=13423"}],"curies":[{"name":"wp","href":"https:\/\/api.w.org\/{rel}","templated":true}]}}