{"id":13485,"date":"2024-03-03T19:51:42","date_gmt":"2024-03-03T19:51:42","guid":{"rendered":"https:\/\/shanabooks.de\/?post_type=product&#038;p=13485"},"modified":"2024-08-25T23:03:39","modified_gmt":"2024-08-25T23:03:39","slug":"ji-duriye-re-berken-bereh","status":"publish","type":"product","link":"https:\/\/shanabooks.de\/de\/product\/ji-duriye-re-berken-bereh\/","title":{"rendered":"Ji D\u00fbriy\u00ea re"},"content":{"rendered":"<p style=\"text-align: left\"><strong>Ji D\u00fbriy\u00ea re &#8211; Berken Bereh<\/strong><\/p>\n<p style=\"text-align: left\">\u00e7av\u00ean te ji reng\u00ea \u015fana hingiv\u00ea<br \/>\n\u00eaxs\u00eer\u00ea bav \u00fb biray\u00ean xwe\u2026<\/p>\n<p style=\"text-align: left\">taveheyv bo k\u00ea pay\u00eez e?<\/p>\n<p style=\"text-align: left\">li vir<br \/>\nbil\u00fbr \u00fb xw\u00een; kevan<br \/>\nrojavay\u00ea batil \u00fb zerde\u015ft<\/p>\n<p style=\"text-align: left\">hesp\u00ea min amade ye bo \u015fev\u00ea<br \/>\nji xunava sp\u00eadey\u00ea re<\/p>\n<p style=\"text-align: left\">bir\u00eena ji qel\u00ee\u015fteka w\u00ea wer b\u00fby\u00eem<br \/>\nya ku ji min diherike bi keskay\u00ee<\/p>\n<p style=\"text-align: left\">hi\u015f\u00ea dara ber\u00fby\u00ea<br \/>\nxw\u00eena li destmala min<\/p>\n<p style=\"text-align: left\">ji ni\u015fka ve ta min digire<br \/>\nbi b\u00eadeng\u00ee \u00fb bo maweyeke dir\u00eaj<\/p>\n<p style=\"text-align: left\">di xeyala min de<br \/>\nbil\u00fbrek darek\u00ea<br \/>\nji qurm radike<\/p>\n","protected":false},"excerpt":{"rendered":"<p style=\"text-align: center\"><strong>Pirt\u00fbk: Ji D\u00fbriy\u00ea re<br \/>\nNiv\u00eeskar: Berken Bereh<br \/>\nCure: Helbest<\/strong><\/p>\n","protected":false},"featured_media":6430,"template":"","meta":{"site-sidebar-layout":"default","site-content-layout":"","ast-site-content-layout":"default","site-content-style":"default","site-sidebar-style":"default","ast-global-header-display":"","ast-banner-title-visibility":"","ast-main-header-display":"","ast-hfb-above-header-display":"","ast-hfb-below-header-display":"","ast-hfb-mobile-header-display":"","site-post-title":"","ast-breadcrumbs-content":"","ast-featured-img":"","footer-sml-layout":"","ast-disable-related-posts":"","theme-transparent-header-meta":"default","adv-header-id-meta":"","stick-header-meta":"","header-above-stick-meta":"","header-main-stick-meta":"","header-below-stick-meta":"","astra-migrate-meta-layouts":"set","ast-page-background-enabled":"default","ast-page-background-meta":{"desktop":{"background-color":"","background-image":"","background-repeat":"repeat","background-position":"center center","background-size":"auto","background-attachment":"scroll","background-type":"","background-media":"","overlay-type":"","overlay-color":"","overlay-opacity":"","overlay-gradient":""},"tablet":{"background-color":"","background-image":"","background-repeat":"repeat","background-position":"center center","background-size":"auto","background-attachment":"scroll","background-type":"","background-media":"","overlay-type":"","overlay-color":"","overlay-opacity":"","overlay-gradient":""},"mobile":{"background-color":"","background-image":"","background-repeat":"repeat","background-position":"center center","background-size":"auto","background-attachment":"scroll","background-type":"","background-media":"","overlay-type":"","overlay-color":"","overlay-opacity":"","overlay-gradient":""}},"ast-content-background-meta":{"desktop":{"background-color":"var(--ast-global-color-5)","background-image":"","background-repeat":"repeat","background-position":"center center","background-size":"auto","background-attachment":"scroll","background-type":"","background-media":"","overlay-type":"","overlay-color":"","overlay-opacity":"","overlay-gradient":""},"tablet":{"background-color":"var(--ast-global-color-5)","background-image":"","background-repeat":"repeat","background-position":"center center","background-size":"auto","background-attachment":"scroll","background-type":"","background-media":"","overlay-type":"","overlay-color":"","overlay-opacity":"","overlay-gradient":""},"mobile":{"background-color":"var(--ast-global-color-5)","background-image":"","background-repeat":"repeat","background-position":"center center","background-size":"auto","background-attachment":"scroll","background-type":"","background-media":"","overlay-type":"","overlay-color":"","overlay-opacity":"","overlay-gradient":""}}},"product_brand":[],"product_cat":[184,193],"product_tag":[],"class_list":{"0":"post-13485","1":"product","2":"type-product","3":"status-publish","4":"has-post-thumbnail","6":"product_cat-_","7":"product_cat--_","8":"pa_-helbest","9":"pa_-berken-bereh","10":"pa_-kurmanci","11":"pa_--avesta-yayinlari","12":"desktop-align-left","13":"tablet-align-left","14":"mobile-align-left","16":"first","17":"instock","18":"shipping-taxable","19":"purchasable","20":"product-type-simple"},"yoast_head":"<!-- This site is optimized with the Yoast SEO plugin v27.4 - https:\/\/yoast.com\/product\/yoast-seo-wordpress\/ -->\n<title>Ji D\u00fbriy\u00ea re - Berken Bereh - www.shanabooks.de<\/title>\n<meta name=\"description\" content=\"Ji D\u00fbriy\u00ea re - Berken Bereh \u00e7av\u00ean te ji reng\u00ea \u015fana hingiv\u00ea \u00eaxs\u00eer\u00ea bav \u00fb biray\u00ean xwe\u2026taveheyv bo k\u00ea pay\u00eez e? li vir bil\u00fbr \u00fb xw\u00een; kevan rojavay\u00ea batil \u00fb...\" \/>\n<meta name=\"robots\" content=\"index, follow, max-snippet:-1, max-image-preview:large, max-video-preview:-1\" \/>\n<link rel=\"canonical\" href=\"https:\/\/shanabooks.de\/product\/ji-duriye-re-berken-bereh\/\" \/>\n<meta property=\"og:locale\" content=\"de_DE\" \/>\n<meta property=\"og:type\" content=\"article\" \/>\n<meta property=\"og:title\" content=\"Ji D\u00fbriy\u00ea re - Berken Bereh - www.shanabooks.de\" \/>\n<meta property=\"og:description\" content=\"Ji D\u00fbriy\u00ea re - Berken Bereh \u00e7av\u00ean te ji reng\u00ea \u015fana hingiv\u00ea \u00eaxs\u00eer\u00ea bav \u00fb biray\u00ean xwe\u2026taveheyv bo k\u00ea pay\u00eez e? li vir bil\u00fbr \u00fb xw\u00een; kevan rojavay\u00ea batil \u00fb...\" \/>\n<meta property=\"og:url\" content=\"https:\/\/shanabooks.de\/product\/ji-duriye-re-berken-bereh\/\" \/>\n<meta property=\"og:site_name\" content=\"www.shanabooks.de\" \/>\n<meta property=\"article:modified_time\" content=\"2024-08-25T23:03:39+00:00\" \/>\n<meta property=\"og:image\" content=\"https:\/\/shanabooks.de\/wp-content\/uploads\/2024\/01\/ji-Duriye-re.jpg\" \/>\n\t<meta property=\"og:image:width\" content=\"599\" \/>\n\t<meta property=\"og:image:height\" content=\"900\" \/>\n\t<meta property=\"og:image:type\" content=\"image\/jpeg\" \/>\n<meta name=\"twitter:card\" content=\"summary_large_image\" \/>\n<meta name=\"twitter:label1\" content=\"Gesch\u00e4tzte Lesezeit\" \/>\n\t<meta name=\"twitter:data1\" content=\"1\u00a0Minute\" \/>\n<script type=\"application\/ld+json\" class=\"yoast-schema-graph\">{\"@context\":\"https:\\\/\\\/schema.org\",\"@graph\":[{\"@type\":\"WebPage\",\"@id\":\"https:\\\/\\\/shanabooks.de\\\/product\\\/ji-duriye-re-berken-bereh\\\/\",\"url\":\"https:\\\/\\\/shanabooks.de\\\/product\\\/ji-duriye-re-berken-bereh\\\/\",\"name\":\"Ji D\u00fbriy\u00ea re - Berken Bereh - www.shanabooks.de\",\"isPartOf\":{\"@id\":\"https:\\\/\\\/shanabooks.de\\\/#website\"},\"primaryImageOfPage\":{\"@id\":\"https:\\\/\\\/shanabooks.de\\\/product\\\/ji-duriye-re-berken-bereh\\\/#primaryimage\"},\"image\":{\"@id\":\"https:\\\/\\\/shanabooks.de\\\/product\\\/ji-duriye-re-berken-bereh\\\/#primaryimage\"},\"thumbnailUrl\":\"https:\\\/\\\/shanabooks.de\\\/wp-content\\\/uploads\\\/2024\\\/01\\\/ji-Duriye-re.jpg\",\"datePublished\":\"2024-03-03T19:51:42+00:00\",\"dateModified\":\"2024-08-25T23:03:39+00:00\",\"description\":\"Ji D\u00fbriy\u00ea re - Berken Bereh \u00e7av\u00ean te ji reng\u00ea \u015fana hingiv\u00ea \u00eaxs\u00eer\u00ea bav \u00fb biray\u00ean xwe\u2026taveheyv bo k\u00ea pay\u00eez e? li vir bil\u00fbr \u00fb xw\u00een; kevan rojavay\u00ea batil \u00fb...\",\"breadcrumb\":{\"@id\":\"https:\\\/\\\/shanabooks.de\\\/product\\\/ji-duriye-re-berken-bereh\\\/#breadcrumb\"},\"inLanguage\":\"de\",\"potentialAction\":[{\"@type\":\"ReadAction\",\"target\":[\"https:\\\/\\\/shanabooks.de\\\/product\\\/ji-duriye-re-berken-bereh\\\/\"]}]},{\"@type\":\"ImageObject\",\"inLanguage\":\"de\",\"@id\":\"https:\\\/\\\/shanabooks.de\\\/product\\\/ji-duriye-re-berken-bereh\\\/#primaryimage\",\"url\":\"https:\\\/\\\/shanabooks.de\\\/wp-content\\\/uploads\\\/2024\\\/01\\\/ji-Duriye-re.jpg\",\"contentUrl\":\"https:\\\/\\\/shanabooks.de\\\/wp-content\\\/uploads\\\/2024\\\/01\\\/ji-Duriye-re.jpg\",\"width\":599,\"height\":900,\"caption\":\"Ji D\u00fbriy\u00ea re - Berken Bereh - pirt\u00fbk\u00ean kurd\u00ee\"},{\"@type\":\"BreadcrumbList\",\"@id\":\"https:\\\/\\\/shanabooks.de\\\/product\\\/ji-duriye-re-berken-bereh\\\/#breadcrumb\",\"itemListElement\":[{\"@type\":\"ListItem\",\"position\":1,\"name\":\"\u0627\u0644\u0631\u0626\u064a\u0633\u064a\u0629\",\"item\":\"https:\\\/\\\/shanabooks.de\\\/de\\\/\"},{\"@type\":\"ListItem\",\"position\":2,\"name\":\"\u0627\u0644\u0645\u0646\u062a\u062c\u0627\u062a\",\"item\":\"https:\\\/\\\/shanabooks.de\\\/shop\\\/\"},{\"@type\":\"ListItem\",\"position\":3,\"name\":\"Ji D\u00fbriy\u00ea re\"}]},{\"@type\":\"WebSite\",\"@id\":\"https:\\\/\\\/shanabooks.de\\\/#website\",\"url\":\"https:\\\/\\\/shanabooks.de\\\/\",\"name\":\"www.shanbooks.de\",\"description\":\"C\u00eehana Pirt\u00fbk\u00ean Kurd\u00ee \u0645\u0643\u062a\u0628\u0629 \u0634\u0627\u0646\u0627 \u0641\u064a \u0627\u0644\u0645\u0627\u0646\u064a\u0627 \u0648\u0623\u0648\u0631\u0628\u0627\",\"publisher\":{\"@id\":\"https:\\\/\\\/shanabooks.de\\\/#organization\"},\"potentialAction\":[{\"@type\":\"SearchAction\",\"target\":{\"@type\":\"EntryPoint\",\"urlTemplate\":\"https:\\\/\\\/shanabooks.de\\\/?s={search_term_string}\"},\"query-input\":{\"@type\":\"PropertyValueSpecification\",\"valueRequired\":true,\"valueName\":\"search_term_string\"}}],\"inLanguage\":\"de\"},{\"@type\":\"Organization\",\"@id\":\"https:\\\/\\\/shanabooks.de\\\/#organization\",\"name\":\"www.shanbooks.de\",\"url\":\"https:\\\/\\\/shanabooks.de\\\/\",\"logo\":{\"@type\":\"ImageObject\",\"inLanguage\":\"de\",\"@id\":\"https:\\\/\\\/shanabooks.de\\\/#\\\/schema\\\/logo\\\/image\\\/\",\"url\":\"https:\\\/\\\/shanabooks.de\\\/wp-content\\\/uploads\\\/2024\\\/03\\\/SHANABOOKS__2_-removebg-preview.png\",\"contentUrl\":\"https:\\\/\\\/shanabooks.de\\\/wp-content\\\/uploads\\\/2024\\\/03\\\/SHANABOOKS__2_-removebg-preview.png\",\"width\":700,\"height\":150,\"caption\":\"www.shanbooks.de\"},\"image\":{\"@id\":\"https:\\\/\\\/shanabooks.de\\\/#\\\/schema\\\/logo\\\/image\\\/\"}}]}<\/script>\n<!-- \/ Yoast SEO plugin. -->","yoast_head_json":{"title":"Ji D\u00fbriy\u00ea re - Berken Bereh - www.shanabooks.de","description":"Ji D\u00fbriy\u00ea re - Berken Bereh \u00e7av\u00ean te ji reng\u00ea \u015fana hingiv\u00ea \u00eaxs\u00eer\u00ea bav \u00fb biray\u00ean xwe\u2026taveheyv bo k\u00ea pay\u00eez e? li vir bil\u00fbr \u00fb xw\u00een; kevan rojavay\u00ea batil \u00fb...","robots":{"index":"index","follow":"follow","max-snippet":"max-snippet:-1","max-image-preview":"max-image-preview:large","max-video-preview":"max-video-preview:-1"},"canonical":"https:\/\/shanabooks.de\/product\/ji-duriye-re-berken-bereh\/","og_locale":"de_DE","og_type":"article","og_title":"Ji D\u00fbriy\u00ea re - Berken Bereh - www.shanabooks.de","og_description":"Ji D\u00fbriy\u00ea re - Berken Bereh \u00e7av\u00ean te ji reng\u00ea \u015fana hingiv\u00ea \u00eaxs\u00eer\u00ea bav \u00fb biray\u00ean xwe\u2026taveheyv bo k\u00ea pay\u00eez e? li vir bil\u00fbr \u00fb xw\u00een; kevan rojavay\u00ea batil \u00fb...","og_url":"https:\/\/shanabooks.de\/product\/ji-duriye-re-berken-bereh\/","og_site_name":"www.shanabooks.de","article_modified_time":"2024-08-25T23:03:39+00:00","og_image":[{"width":599,"height":900,"url":"https:\/\/shanabooks.de\/wp-content\/uploads\/2024\/01\/ji-Duriye-re.jpg","type":"image\/jpeg"}],"twitter_card":"summary_large_image","twitter_misc":{"Gesch\u00e4tzte Lesezeit":"1\u00a0Minute"},"schema":{"@context":"https:\/\/schema.org","@graph":[{"@type":"WebPage","@id":"https:\/\/shanabooks.de\/product\/ji-duriye-re-berken-bereh\/","url":"https:\/\/shanabooks.de\/product\/ji-duriye-re-berken-bereh\/","name":"Ji D\u00fbriy\u00ea re - Berken Bereh - www.shanabooks.de","isPartOf":{"@id":"https:\/\/shanabooks.de\/#website"},"primaryImageOfPage":{"@id":"https:\/\/shanabooks.de\/product\/ji-duriye-re-berken-bereh\/#primaryimage"},"image":{"@id":"https:\/\/shanabooks.de\/product\/ji-duriye-re-berken-bereh\/#primaryimage"},"thumbnailUrl":"https:\/\/shanabooks.de\/wp-content\/uploads\/2024\/01\/ji-Duriye-re.jpg","datePublished":"2024-03-03T19:51:42+00:00","dateModified":"2024-08-25T23:03:39+00:00","description":"Ji D\u00fbriy\u00ea re - Berken Bereh \u00e7av\u00ean te ji reng\u00ea \u015fana hingiv\u00ea \u00eaxs\u00eer\u00ea bav \u00fb biray\u00ean xwe\u2026taveheyv bo k\u00ea pay\u00eez e? li vir bil\u00fbr \u00fb xw\u00een; kevan rojavay\u00ea batil \u00fb...","breadcrumb":{"@id":"https:\/\/shanabooks.de\/product\/ji-duriye-re-berken-bereh\/#breadcrumb"},"inLanguage":"de","potentialAction":[{"@type":"ReadAction","target":["https:\/\/shanabooks.de\/product\/ji-duriye-re-berken-bereh\/"]}]},{"@type":"ImageObject","inLanguage":"de","@id":"https:\/\/shanabooks.de\/product\/ji-duriye-re-berken-bereh\/#primaryimage","url":"https:\/\/shanabooks.de\/wp-content\/uploads\/2024\/01\/ji-Duriye-re.jpg","contentUrl":"https:\/\/shanabooks.de\/wp-content\/uploads\/2024\/01\/ji-Duriye-re.jpg","width":599,"height":900,"caption":"Ji D\u00fbriy\u00ea re - Berken Bereh - pirt\u00fbk\u00ean kurd\u00ee"},{"@type":"BreadcrumbList","@id":"https:\/\/shanabooks.de\/product\/ji-duriye-re-berken-bereh\/#breadcrumb","itemListElement":[{"@type":"ListItem","position":1,"name":"\u0627\u0644\u0631\u0626\u064a\u0633\u064a\u0629","item":"https:\/\/shanabooks.de\/de\/"},{"@type":"ListItem","position":2,"name":"\u0627\u0644\u0645\u0646\u062a\u062c\u0627\u062a","item":"https:\/\/shanabooks.de\/shop\/"},{"@type":"ListItem","position":3,"name":"Ji D\u00fbriy\u00ea re"}]},{"@type":"WebSite","@id":"https:\/\/shanabooks.de\/#website","url":"https:\/\/shanabooks.de\/","name":"www.shanbooks.de","description":"C\u00eehana Pirt\u00fbk\u00ean Kurd\u00ee \u0645\u0643\u062a\u0628\u0629 \u0634\u0627\u0646\u0627 \u0641\u064a \u0627\u0644\u0645\u0627\u0646\u064a\u0627 \u0648\u0623\u0648\u0631\u0628\u0627","publisher":{"@id":"https:\/\/shanabooks.de\/#organization"},"potentialAction":[{"@type":"SearchAction","target":{"@type":"EntryPoint","urlTemplate":"https:\/\/shanabooks.de\/?s={search_term_string}"},"query-input":{"@type":"PropertyValueSpecification","valueRequired":true,"valueName":"search_term_string"}}],"inLanguage":"de"},{"@type":"Organization","@id":"https:\/\/shanabooks.de\/#organization","name":"www.shanbooks.de","url":"https:\/\/shanabooks.de\/","logo":{"@type":"ImageObject","inLanguage":"de","@id":"https:\/\/shanabooks.de\/#\/schema\/logo\/image\/","url":"https:\/\/shanabooks.de\/wp-content\/uploads\/2024\/03\/SHANABOOKS__2_-removebg-preview.png","contentUrl":"https:\/\/shanabooks.de\/wp-content\/uploads\/2024\/03\/SHANABOOKS__2_-removebg-preview.png","width":700,"height":150,"caption":"www.shanbooks.de"},"image":{"@id":"https:\/\/shanabooks.de\/#\/schema\/logo\/image\/"}}]}},"jetpack_sharing_enabled":true,"_links":{"self":[{"href":"https:\/\/shanabooks.de\/de\/wp-json\/wp\/v2\/product\/13485","targetHints":{"allow":["GET"]}}],"collection":[{"href":"https:\/\/shanabooks.de\/de\/wp-json\/wp\/v2\/product"}],"about":[{"href":"https:\/\/shanabooks.de\/de\/wp-json\/wp\/v2\/types\/product"}],"version-history":[{"count":2,"href":"https:\/\/shanabooks.de\/de\/wp-json\/wp\/v2\/product\/13485\/revisions"}],"predecessor-version":[{"id":17319,"href":"https:\/\/shanabooks.de\/de\/wp-json\/wp\/v2\/product\/13485\/revisions\/17319"}],"wp:featuredmedia":[{"embeddable":true,"href":"https:\/\/shanabooks.de\/de\/wp-json\/wp\/v2\/media\/6430"}],"wp:attachment":[{"href":"https:\/\/shanabooks.de\/de\/wp-json\/wp\/v2\/media?parent=13485"}],"wp:term":[{"taxonomy":"product_brand","embeddable":true,"href":"https:\/\/shanabooks.de\/de\/wp-json\/wp\/v2\/product_brand?post=13485"},{"taxonomy":"product_cat","embeddable":true,"href":"https:\/\/shanabooks.de\/de\/wp-json\/wp\/v2\/product_cat?post=13485"},{"taxonomy":"product_tag","embeddable":true,"href":"https:\/\/shanabooks.de\/de\/wp-json\/wp\/v2\/product_tag?post=13485"}],"curies":[{"name":"wp","href":"https:\/\/api.w.org\/{rel}","templated":true}]}}