{"id":13486,"date":"2024-03-03T19:51:42","date_gmt":"2024-03-03T19:51:42","guid":{"rendered":"https:\/\/shanabooks.de\/?post_type=product&#038;p=13486"},"modified":"2024-03-10T07:01:16","modified_gmt":"2024-03-10T07:01:16","slug":"pandomim-berken-bereh","status":"publish","type":"product","link":"https:\/\/shanabooks.de\/de\/product\/pandomim-berken-bereh\/","title":{"rendered":"Pandom\u00eem"},"content":{"rendered":"<p style=\"text-align: left\"><strong>Pandom\u00eem &#8211; Berken Bereh<\/strong><\/p>\n<p style=\"text-align: left\">\u201cde dest bi guneheki\u0302 nu\u0302 bikeem di\u0302sa bipirsin navni\u0302s\u0327ana ti\u0302re\u0302je\u0302 ji s\u0327eve\u0302bi ritmeke xwes\u0327ik a s\u0327e\u0302tbu\u0302ne\u0302em bireqisin li ber deriye\u0302 heyate\u0302ji seriyek ta yeki\u0302 dinem bigavi\u0302nin xweliya bendemayi\u0302ne\u0302em navine nu\u0302 binivi\u0302sinli ser c\u0327erme\u0302 tene\u0302tiya qehweyi\u0302em bikin kugule\u0302n s\u0327abu\u0302ne\u0302 har u\u0302 di\u0302n bibinji seriyeki\u0302 ta yeki\u0302 din\u201d<\/p>\n<p style=\"text-align: left\">\u201cde dest bi guneheki\u0302 nu\u0302 bike<br \/>\nem di\u0302sa bipirsin navni\u0302s\u0327ana ti\u0302re\u0302je\u0302 ji s\u0327eve\u0302<br \/>\nbi ritmeke xwes\u0327ik a s\u0327e\u0302tbu\u0302ne\u0302<br \/>\nem bireqisin li ber deriye\u0302 heyate\u0302<br \/>\nji seriyek ta yeki\u0302 din<br \/>\nem bigavi\u0302nin xweliya bendemayi\u0302ne\u0302<br \/>\nem navine nu\u0302 binivi\u0302sin<br \/>\nli ser c\u0327erme\u0302 tene\u0302tiya qehweyi\u0302<br \/>\nem bikin ku<br \/>\ngule\u0302n s\u0327abu\u0302ne\u0302 har u\u0302 di\u0302n bibin<br \/>\nji seriyeki\u0302 ta yeki\u0302 din\u201d<\/p>\n","protected":false},"excerpt":{"rendered":"<p style=\"text-align: center\"><strong>Pirt\u00fbk: Pandom\u00eem<br \/>\nNiv\u00eeskar: Berken Bereh<br \/>\nCure: Helbest<\/strong><\/p>\n","protected":false},"featured_media":6432,"template":"","meta":{"site-sidebar-layout":"default","site-content-layout":"","ast-site-content-layout":"default","site-content-style":"default","site-sidebar-style":"default","ast-global-header-display":"","ast-banner-title-visibility":"","ast-main-header-display":"","ast-hfb-above-header-display":"","ast-hfb-below-header-display":"","ast-hfb-mobile-header-display":"","site-post-title":"","ast-breadcrumbs-content":"","ast-featured-img":"","footer-sml-layout":"","ast-disable-related-posts":"","theme-transparent-header-meta":"default","adv-header-id-meta":"","stick-header-meta":"","header-above-stick-meta":"","header-main-stick-meta":"","header-below-stick-meta":"","astra-migrate-meta-layouts":"set","ast-page-background-enabled":"default","ast-page-background-meta":{"desktop":{"background-color":"","background-image":"","background-repeat":"repeat","background-position":"center center","background-size":"auto","background-attachment":"scroll","background-type":"","background-media":"","overlay-type":"","overlay-color":"","overlay-opacity":"","overlay-gradient":""},"tablet":{"background-color":"","background-image":"","background-repeat":"repeat","background-position":"center center","background-size":"auto","background-attachment":"scroll","background-type":"","background-media":"","overlay-type":"","overlay-color":"","overlay-opacity":"","overlay-gradient":""},"mobile":{"background-color":"","background-image":"","background-repeat":"repeat","background-position":"center center","background-size":"auto","background-attachment":"scroll","background-type":"","background-media":"","overlay-type":"","overlay-color":"","overlay-opacity":"","overlay-gradient":""}},"ast-content-background-meta":{"desktop":{"background-color":"var(--ast-global-color-5)","background-image":"","background-repeat":"repeat","background-position":"center center","background-size":"auto","background-attachment":"scroll","background-type":"","background-media":"","overlay-type":"","overlay-color":"","overlay-opacity":"","overlay-gradient":""},"tablet":{"background-color":"var(--ast-global-color-5)","background-image":"","background-repeat":"repeat","background-position":"center center","background-size":"auto","background-attachment":"scroll","background-type":"","background-media":"","overlay-type":"","overlay-color":"","overlay-opacity":"","overlay-gradient":""},"mobile":{"background-color":"var(--ast-global-color-5)","background-image":"","background-repeat":"repeat","background-position":"center center","background-size":"auto","background-attachment":"scroll","background-type":"","background-media":"","overlay-type":"","overlay-color":"","overlay-opacity":"","overlay-gradient":""}}},"product_brand":[],"product_cat":[184,193],"product_tag":[],"class_list":{"0":"post-13486","1":"product","2":"type-product","3":"status-publish","4":"has-post-thumbnail","6":"product_cat-_","7":"product_cat--_","8":"pa_-helbest","9":"pa_-berken-bereh","10":"pa_-kurmanci","11":"pa_--avesta-yayinlari","12":"desktop-align-left","13":"tablet-align-left","14":"mobile-align-left","16":"first","17":"instock","18":"shipping-taxable","19":"purchasable","20":"product-type-simple"},"yoast_head":"<!-- This site is optimized with the Yoast SEO plugin v27.4 - https:\/\/yoast.com\/product\/yoast-seo-wordpress\/ -->\n<title>Pandom\u00eem - Berken Bereh - www.shanabooks.de<\/title>\n<meta name=\"description\" content=\"Pandom\u00eem - Berken Bereh \u201cde dest bi guneheki\u0302 nu\u0302 bikeem di\u0302sa bipirsin navni\u0302s\u0327ana ti\u0302re\u0302je\u0302 ji s\u0327eve\u0302bi ritmeke xwes\u0327ik a s\u0327e\u0302tbu\u0302ne\u0302em bireqisin li be...\" \/>\n<meta name=\"robots\" content=\"index, follow, max-snippet:-1, max-image-preview:large, max-video-preview:-1\" \/>\n<link rel=\"canonical\" href=\"https:\/\/shanabooks.de\/product\/pandomim-berken-bereh\/\" \/>\n<meta property=\"og:locale\" content=\"de_DE\" \/>\n<meta property=\"og:type\" content=\"article\" \/>\n<meta property=\"og:title\" content=\"Pandom\u00eem - Berken Bereh - www.shanabooks.de\" \/>\n<meta property=\"og:description\" content=\"Pandom\u00eem - Berken Bereh \u201cde dest bi guneheki\u0302 nu\u0302 bikeem di\u0302sa bipirsin navni\u0302s\u0327ana ti\u0302re\u0302je\u0302 ji s\u0327eve\u0302bi ritmeke xwes\u0327ik a s\u0327e\u0302tbu\u0302ne\u0302em bireqisin li be...\" \/>\n<meta property=\"og:url\" content=\"https:\/\/shanabooks.de\/product\/pandomim-berken-bereh\/\" \/>\n<meta property=\"og:site_name\" content=\"www.shanabooks.de\" \/>\n<meta property=\"article:modified_time\" content=\"2024-03-10T07:01:16+00:00\" \/>\n<meta property=\"og:image\" content=\"https:\/\/shanabooks.de\/wp-content\/uploads\/2024\/01\/Pandomim.jpg\" \/>\n\t<meta property=\"og:image:width\" content=\"600\" \/>\n\t<meta property=\"og:image:height\" content=\"900\" \/>\n\t<meta property=\"og:image:type\" content=\"image\/jpeg\" \/>\n<meta name=\"twitter:card\" content=\"summary_large_image\" \/>\n<meta name=\"twitter:label1\" content=\"Gesch\u00e4tzte Lesezeit\" \/>\n\t<meta name=\"twitter:data1\" content=\"1\u00a0Minute\" \/>\n<script type=\"application\/ld+json\" class=\"yoast-schema-graph\">{\"@context\":\"https:\\\/\\\/schema.org\",\"@graph\":[{\"@type\":\"WebPage\",\"@id\":\"https:\\\/\\\/shanabooks.de\\\/product\\\/pandomim-berken-bereh\\\/\",\"url\":\"https:\\\/\\\/shanabooks.de\\\/product\\\/pandomim-berken-bereh\\\/\",\"name\":\"Pandom\u00eem - Berken Bereh - www.shanabooks.de\",\"isPartOf\":{\"@id\":\"https:\\\/\\\/shanabooks.de\\\/#website\"},\"primaryImageOfPage\":{\"@id\":\"https:\\\/\\\/shanabooks.de\\\/product\\\/pandomim-berken-bereh\\\/#primaryimage\"},\"image\":{\"@id\":\"https:\\\/\\\/shanabooks.de\\\/product\\\/pandomim-berken-bereh\\\/#primaryimage\"},\"thumbnailUrl\":\"https:\\\/\\\/shanabooks.de\\\/wp-content\\\/uploads\\\/2024\\\/01\\\/Pandomim.jpg\",\"datePublished\":\"2024-03-03T19:51:42+00:00\",\"dateModified\":\"2024-03-10T07:01:16+00:00\",\"description\":\"Pandom\u00eem - Berken Bereh \u201cde dest bi guneheki\u0302 nu\u0302 bikeem di\u0302sa bipirsin navni\u0302s\u0327ana ti\u0302re\u0302je\u0302 ji s\u0327eve\u0302bi ritmeke xwes\u0327ik a s\u0327e\u0302tbu\u0302ne\u0302em bireqisin li be...\",\"breadcrumb\":{\"@id\":\"https:\\\/\\\/shanabooks.de\\\/product\\\/pandomim-berken-bereh\\\/#breadcrumb\"},\"inLanguage\":\"de\",\"potentialAction\":[{\"@type\":\"ReadAction\",\"target\":[\"https:\\\/\\\/shanabooks.de\\\/product\\\/pandomim-berken-bereh\\\/\"]}]},{\"@type\":\"ImageObject\",\"inLanguage\":\"de\",\"@id\":\"https:\\\/\\\/shanabooks.de\\\/product\\\/pandomim-berken-bereh\\\/#primaryimage\",\"url\":\"https:\\\/\\\/shanabooks.de\\\/wp-content\\\/uploads\\\/2024\\\/01\\\/Pandomim.jpg\",\"contentUrl\":\"https:\\\/\\\/shanabooks.de\\\/wp-content\\\/uploads\\\/2024\\\/01\\\/Pandomim.jpg\",\"width\":600,\"height\":900,\"caption\":\"Pandom\u00eem - Berken Bereh - pirt\u00fbk\u00ean kurd\u00ee\"},{\"@type\":\"BreadcrumbList\",\"@id\":\"https:\\\/\\\/shanabooks.de\\\/product\\\/pandomim-berken-bereh\\\/#breadcrumb\",\"itemListElement\":[{\"@type\":\"ListItem\",\"position\":1,\"name\":\"\u0627\u0644\u0631\u0626\u064a\u0633\u064a\u0629\",\"item\":\"https:\\\/\\\/shanabooks.de\\\/de\\\/\"},{\"@type\":\"ListItem\",\"position\":2,\"name\":\"\u0627\u0644\u0645\u0646\u062a\u062c\u0627\u062a\",\"item\":\"https:\\\/\\\/shanabooks.de\\\/shop\\\/\"},{\"@type\":\"ListItem\",\"position\":3,\"name\":\"Pandom\u00eem\"}]},{\"@type\":\"WebSite\",\"@id\":\"https:\\\/\\\/shanabooks.de\\\/#website\",\"url\":\"https:\\\/\\\/shanabooks.de\\\/\",\"name\":\"www.shanbooks.de\",\"description\":\"C\u00eehana Pirt\u00fbk\u00ean Kurd\u00ee \u0645\u0643\u062a\u0628\u0629 \u0634\u0627\u0646\u0627 \u0641\u064a \u0627\u0644\u0645\u0627\u0646\u064a\u0627 \u0648\u0623\u0648\u0631\u0628\u0627\",\"publisher\":{\"@id\":\"https:\\\/\\\/shanabooks.de\\\/#organization\"},\"potentialAction\":[{\"@type\":\"SearchAction\",\"target\":{\"@type\":\"EntryPoint\",\"urlTemplate\":\"https:\\\/\\\/shanabooks.de\\\/?s={search_term_string}\"},\"query-input\":{\"@type\":\"PropertyValueSpecification\",\"valueRequired\":true,\"valueName\":\"search_term_string\"}}],\"inLanguage\":\"de\"},{\"@type\":\"Organization\",\"@id\":\"https:\\\/\\\/shanabooks.de\\\/#organization\",\"name\":\"www.shanbooks.de\",\"url\":\"https:\\\/\\\/shanabooks.de\\\/\",\"logo\":{\"@type\":\"ImageObject\",\"inLanguage\":\"de\",\"@id\":\"https:\\\/\\\/shanabooks.de\\\/#\\\/schema\\\/logo\\\/image\\\/\",\"url\":\"https:\\\/\\\/shanabooks.de\\\/wp-content\\\/uploads\\\/2024\\\/03\\\/SHANABOOKS__2_-removebg-preview.png\",\"contentUrl\":\"https:\\\/\\\/shanabooks.de\\\/wp-content\\\/uploads\\\/2024\\\/03\\\/SHANABOOKS__2_-removebg-preview.png\",\"width\":700,\"height\":150,\"caption\":\"www.shanbooks.de\"},\"image\":{\"@id\":\"https:\\\/\\\/shanabooks.de\\\/#\\\/schema\\\/logo\\\/image\\\/\"}}]}<\/script>\n<!-- \/ Yoast SEO plugin. -->","yoast_head_json":{"title":"Pandom\u00eem - Berken Bereh - www.shanabooks.de","description":"Pandom\u00eem - Berken Bereh \u201cde dest bi guneheki\u0302 nu\u0302 bikeem di\u0302sa bipirsin navni\u0302s\u0327ana ti\u0302re\u0302je\u0302 ji s\u0327eve\u0302bi ritmeke xwes\u0327ik a s\u0327e\u0302tbu\u0302ne\u0302em bireqisin li be...","robots":{"index":"index","follow":"follow","max-snippet":"max-snippet:-1","max-image-preview":"max-image-preview:large","max-video-preview":"max-video-preview:-1"},"canonical":"https:\/\/shanabooks.de\/product\/pandomim-berken-bereh\/","og_locale":"de_DE","og_type":"article","og_title":"Pandom\u00eem - Berken Bereh - www.shanabooks.de","og_description":"Pandom\u00eem - Berken Bereh \u201cde dest bi guneheki\u0302 nu\u0302 bikeem di\u0302sa bipirsin navni\u0302s\u0327ana ti\u0302re\u0302je\u0302 ji s\u0327eve\u0302bi ritmeke xwes\u0327ik a s\u0327e\u0302tbu\u0302ne\u0302em bireqisin li be...","og_url":"https:\/\/shanabooks.de\/product\/pandomim-berken-bereh\/","og_site_name":"www.shanabooks.de","article_modified_time":"2024-03-10T07:01:16+00:00","og_image":[{"width":600,"height":900,"url":"https:\/\/shanabooks.de\/wp-content\/uploads\/2024\/01\/Pandomim.jpg","type":"image\/jpeg"}],"twitter_card":"summary_large_image","twitter_misc":{"Gesch\u00e4tzte Lesezeit":"1\u00a0Minute"},"schema":{"@context":"https:\/\/schema.org","@graph":[{"@type":"WebPage","@id":"https:\/\/shanabooks.de\/product\/pandomim-berken-bereh\/","url":"https:\/\/shanabooks.de\/product\/pandomim-berken-bereh\/","name":"Pandom\u00eem - Berken Bereh - www.shanabooks.de","isPartOf":{"@id":"https:\/\/shanabooks.de\/#website"},"primaryImageOfPage":{"@id":"https:\/\/shanabooks.de\/product\/pandomim-berken-bereh\/#primaryimage"},"image":{"@id":"https:\/\/shanabooks.de\/product\/pandomim-berken-bereh\/#primaryimage"},"thumbnailUrl":"https:\/\/shanabooks.de\/wp-content\/uploads\/2024\/01\/Pandomim.jpg","datePublished":"2024-03-03T19:51:42+00:00","dateModified":"2024-03-10T07:01:16+00:00","description":"Pandom\u00eem - Berken Bereh \u201cde dest bi guneheki\u0302 nu\u0302 bikeem di\u0302sa bipirsin navni\u0302s\u0327ana ti\u0302re\u0302je\u0302 ji s\u0327eve\u0302bi ritmeke xwes\u0327ik a s\u0327e\u0302tbu\u0302ne\u0302em bireqisin li be...","breadcrumb":{"@id":"https:\/\/shanabooks.de\/product\/pandomim-berken-bereh\/#breadcrumb"},"inLanguage":"de","potentialAction":[{"@type":"ReadAction","target":["https:\/\/shanabooks.de\/product\/pandomim-berken-bereh\/"]}]},{"@type":"ImageObject","inLanguage":"de","@id":"https:\/\/shanabooks.de\/product\/pandomim-berken-bereh\/#primaryimage","url":"https:\/\/shanabooks.de\/wp-content\/uploads\/2024\/01\/Pandomim.jpg","contentUrl":"https:\/\/shanabooks.de\/wp-content\/uploads\/2024\/01\/Pandomim.jpg","width":600,"height":900,"caption":"Pandom\u00eem - Berken Bereh - pirt\u00fbk\u00ean kurd\u00ee"},{"@type":"BreadcrumbList","@id":"https:\/\/shanabooks.de\/product\/pandomim-berken-bereh\/#breadcrumb","itemListElement":[{"@type":"ListItem","position":1,"name":"\u0627\u0644\u0631\u0626\u064a\u0633\u064a\u0629","item":"https:\/\/shanabooks.de\/de\/"},{"@type":"ListItem","position":2,"name":"\u0627\u0644\u0645\u0646\u062a\u062c\u0627\u062a","item":"https:\/\/shanabooks.de\/shop\/"},{"@type":"ListItem","position":3,"name":"Pandom\u00eem"}]},{"@type":"WebSite","@id":"https:\/\/shanabooks.de\/#website","url":"https:\/\/shanabooks.de\/","name":"www.shanbooks.de","description":"C\u00eehana Pirt\u00fbk\u00ean Kurd\u00ee \u0645\u0643\u062a\u0628\u0629 \u0634\u0627\u0646\u0627 \u0641\u064a \u0627\u0644\u0645\u0627\u0646\u064a\u0627 \u0648\u0623\u0648\u0631\u0628\u0627","publisher":{"@id":"https:\/\/shanabooks.de\/#organization"},"potentialAction":[{"@type":"SearchAction","target":{"@type":"EntryPoint","urlTemplate":"https:\/\/shanabooks.de\/?s={search_term_string}"},"query-input":{"@type":"PropertyValueSpecification","valueRequired":true,"valueName":"search_term_string"}}],"inLanguage":"de"},{"@type":"Organization","@id":"https:\/\/shanabooks.de\/#organization","name":"www.shanbooks.de","url":"https:\/\/shanabooks.de\/","logo":{"@type":"ImageObject","inLanguage":"de","@id":"https:\/\/shanabooks.de\/#\/schema\/logo\/image\/","url":"https:\/\/shanabooks.de\/wp-content\/uploads\/2024\/03\/SHANABOOKS__2_-removebg-preview.png","contentUrl":"https:\/\/shanabooks.de\/wp-content\/uploads\/2024\/03\/SHANABOOKS__2_-removebg-preview.png","width":700,"height":150,"caption":"www.shanbooks.de"},"image":{"@id":"https:\/\/shanabooks.de\/#\/schema\/logo\/image\/"}}]}},"jetpack_sharing_enabled":true,"_links":{"self":[{"href":"https:\/\/shanabooks.de\/de\/wp-json\/wp\/v2\/product\/13486","targetHints":{"allow":["GET"]}}],"collection":[{"href":"https:\/\/shanabooks.de\/de\/wp-json\/wp\/v2\/product"}],"about":[{"href":"https:\/\/shanabooks.de\/de\/wp-json\/wp\/v2\/types\/product"}],"version-history":[{"count":3,"href":"https:\/\/shanabooks.de\/de\/wp-json\/wp\/v2\/product\/13486\/revisions"}],"predecessor-version":[{"id":17317,"href":"https:\/\/shanabooks.de\/de\/wp-json\/wp\/v2\/product\/13486\/revisions\/17317"}],"wp:featuredmedia":[{"embeddable":true,"href":"https:\/\/shanabooks.de\/de\/wp-json\/wp\/v2\/media\/6432"}],"wp:attachment":[{"href":"https:\/\/shanabooks.de\/de\/wp-json\/wp\/v2\/media?parent=13486"}],"wp:term":[{"taxonomy":"product_brand","embeddable":true,"href":"https:\/\/shanabooks.de\/de\/wp-json\/wp\/v2\/product_brand?post=13486"},{"taxonomy":"product_cat","embeddable":true,"href":"https:\/\/shanabooks.de\/de\/wp-json\/wp\/v2\/product_cat?post=13486"},{"taxonomy":"product_tag","embeddable":true,"href":"https:\/\/shanabooks.de\/de\/wp-json\/wp\/v2\/product_tag?post=13486"}],"curies":[{"name":"wp","href":"https:\/\/api.w.org\/{rel}","templated":true}]}}