{"id":13520,"date":"2024-03-03T19:51:45","date_gmt":"2024-03-03T19:51:45","guid":{"rendered":"https:\/\/shanabooks.de\/?post_type=product&#038;p=13520"},"modified":"2024-03-07T18:38:32","modified_gmt":"2024-03-07T18:38:32","slug":"term-hisen-kemal","status":"publish","type":"product","link":"https:\/\/shanabooks.de\/de\/product\/term-hisen-kemal\/","title":{"rendered":"Term"},"content":{"rendered":"<p style=\"text-align: left\"><strong>Term &#8211; His\u00ean Kemal<\/strong><\/p>\n<p style=\"font-weight: 400;text-align: left\">Term ya His\u00ean Kemal, bi ziman, honak \u00fb mijara xwe, di nava roman\u00ean kurd\u00ee da xwed\u00ee cihek\u00ee taybet e. Neynika jiyana<br \/>\ncivaka kurdan e, ew civaka ku tev\u00ee hem\u00fb nakok\u00ee \u00fb ser\u00ea\u015f\u00eey\u00ean xwe ji gundan ber bi bajaran digindire,<br \/>\ndifeli\u015fe. Bi h\u00fbrgil\u00eey\u00ean xwe, bi vegotina xwe ya xweser \u00fb b\u00eaal\u00ee, bi tat\u00eala xwe ya zind\u00ee, Term ji ser\u00ee heta<br \/>\ndaw\u00ee we ber bi babl\u00eesoka xwe ve diki\u015f\u00eene.<\/p>\n<p style=\"font-weight: 400;text-align: left\">\u201cH\u00easir bi \u00e7avan ketib\u00fbn. Li kevir\u00ean gora Xens\u00ea din\u00ear\u00ee, l\u00ea tu deng bi keviran nediket, \u201c\u00cero dinya li ser\u00ea<br \/>\nmin teng b\u00fbye! \u00cero erd \u00fb axa Xwed\u00ea kin b\u00fbye, bi\u00e7\u00fbk b\u00fbye li ber min. Digerim, dizivirim, do\u015f dibim,<br \/>\ndereka ez p\u00ea ve bi\u00e7im nab\u00eenim. Ji h\u00ealek\u00ea ve Awzer \u00fb Fat\u00ea bi p\u00eas\u00eera min digirin, ji h\u00ealek\u00ea ve gotin \u00fb<br \/>\n\u00e7\u00eerok \u00fb kilam\u00ean we bi ber st\u00fby\u00ea min digirin! Ez nizanim \u00e7i bikim, bi ku da bi\u00e7im!\u201d<\/p>\n","protected":false},"excerpt":{"rendered":"<p style=\"text-align: center\"><strong>Pirt\u00fbk: Term<br \/>\nNiv\u00eeskar: His\u00ean Kemal<br \/>\nCure: Roman<\/strong><\/p>\n","protected":false},"featured_media":6440,"template":"","meta":{"site-sidebar-layout":"default","site-content-layout":"","ast-site-content-layout":"default","site-content-style":"default","site-sidebar-style":"default","ast-global-header-display":"","ast-banner-title-visibility":"","ast-main-header-display":"","ast-hfb-above-header-display":"","ast-hfb-below-header-display":"","ast-hfb-mobile-header-display":"","site-post-title":"","ast-breadcrumbs-content":"","ast-featured-img":"","footer-sml-layout":"","ast-disable-related-posts":"","theme-transparent-header-meta":"default","adv-header-id-meta":"","stick-header-meta":"","header-above-stick-meta":"","header-main-stick-meta":"","header-below-stick-meta":"","astra-migrate-meta-layouts":"set","ast-page-background-enabled":"default","ast-page-background-meta":{"desktop":{"background-color":"","background-image":"","background-repeat":"repeat","background-position":"center center","background-size":"auto","background-attachment":"scroll","background-type":"","background-media":"","overlay-type":"","overlay-color":"","overlay-opacity":"","overlay-gradient":""},"tablet":{"background-color":"","background-image":"","background-repeat":"repeat","background-position":"center center","background-size":"auto","background-attachment":"scroll","background-type":"","background-media":"","overlay-type":"","overlay-color":"","overlay-opacity":"","overlay-gradient":""},"mobile":{"background-color":"","background-image":"","background-repeat":"repeat","background-position":"center center","background-size":"auto","background-attachment":"scroll","background-type":"","background-media":"","overlay-type":"","overlay-color":"","overlay-opacity":"","overlay-gradient":""}},"ast-content-background-meta":{"desktop":{"background-color":"var(--ast-global-color-5)","background-image":"","background-repeat":"repeat","background-position":"center center","background-size":"auto","background-attachment":"scroll","background-type":"","background-media":"","overlay-type":"","overlay-color":"","overlay-opacity":"","overlay-gradient":""},"tablet":{"background-color":"var(--ast-global-color-5)","background-image":"","background-repeat":"repeat","background-position":"center center","background-size":"auto","background-attachment":"scroll","background-type":"","background-media":"","overlay-type":"","overlay-color":"","overlay-opacity":"","overlay-gradient":""},"mobile":{"background-color":"var(--ast-global-color-5)","background-image":"","background-repeat":"repeat","background-position":"center center","background-size":"auto","background-attachment":"scroll","background-type":"","background-media":"","overlay-type":"","overlay-color":"","overlay-opacity":"","overlay-gradient":""}}},"product_brand":[],"product_cat":[182,193],"product_tag":[],"class_list":{"0":"post-13520","1":"product","2":"type-product","3":"status-publish","4":"has-post-thumbnail","6":"product_cat-_","7":"product_cat--_","8":"pa_-roman","9":"pa_-hisen-kemal","10":"pa_-kurmanci","11":"pa_--wardoz-yayinlari","12":"desktop-align-left","13":"tablet-align-left","14":"mobile-align-left","16":"first","17":"instock","18":"shipping-taxable","19":"purchasable","20":"product-type-simple"},"yoast_head":"<!-- This site is optimized with the Yoast SEO plugin v27.5 - https:\/\/yoast.com\/product\/yoast-seo-wordpress\/ -->\n<title>Term - His\u00ean Kemal - www.shanabooks.de<\/title>\n<meta name=\"description\" content=\"Term - His\u00ean Kemal Term, bi ziman, honak \u00fb mijara xwe, di nava roman\u00ean kurd\u00ee da xwed\u00ee cihek\u00ee taybet e. Neynika jiyanacivaka kurdan e, ew civaka ku tev\u00ee ...\" \/>\n<meta name=\"robots\" content=\"index, follow, max-snippet:-1, max-image-preview:large, max-video-preview:-1\" \/>\n<link rel=\"canonical\" href=\"https:\/\/shanabooks.de\/en\/product\/term-hisen-kemal\/\" \/>\n<meta property=\"og:locale\" content=\"de_DE\" \/>\n<meta property=\"og:type\" content=\"article\" \/>\n<meta property=\"og:title\" content=\"Term - His\u00ean Kemal - www.shanabooks.de\" \/>\n<meta property=\"og:description\" content=\"Term - His\u00ean Kemal Term, bi ziman, honak \u00fb mijara xwe, di nava roman\u00ean kurd\u00ee da xwed\u00ee cihek\u00ee taybet e. Neynika jiyanacivaka kurdan e, ew civaka ku tev\u00ee ...\" \/>\n<meta property=\"og:url\" content=\"https:\/\/shanabooks.de\/en\/product\/term-hisen-kemal\/\" \/>\n<meta property=\"og:site_name\" content=\"www.shanabooks.de\" \/>\n<meta property=\"article:modified_time\" content=\"2024-03-07T18:38:32+00:00\" \/>\n<meta property=\"og:image\" content=\"https:\/\/shanabooks.de\/wp-content\/uploads\/2024\/01\/Term.png\" \/>\n\t<meta property=\"og:image:width\" content=\"277\" \/>\n\t<meta property=\"og:image:height\" content=\"473\" \/>\n\t<meta property=\"og:image:type\" content=\"image\/png\" \/>\n<meta name=\"twitter:card\" content=\"summary_large_image\" \/>\n<meta name=\"twitter:label1\" content=\"Gesch\u00e4tzte Lesezeit\" \/>\n\t<meta name=\"twitter:data1\" content=\"2\u00a0Minuten\" \/>\n<script type=\"application\/ld+json\" class=\"yoast-schema-graph\">{\"@context\":\"https:\\\/\\\/schema.org\",\"@graph\":[{\"@type\":\"WebPage\",\"@id\":\"https:\\\/\\\/shanabooks.de\\\/en\\\/product\\\/term-hisen-kemal\\\/\",\"url\":\"https:\\\/\\\/shanabooks.de\\\/en\\\/product\\\/term-hisen-kemal\\\/\",\"name\":\"Term - His\u00ean Kemal - www.shanabooks.de\",\"isPartOf\":{\"@id\":\"https:\\\/\\\/shanabooks.de\\\/#website\"},\"primaryImageOfPage\":{\"@id\":\"https:\\\/\\\/shanabooks.de\\\/en\\\/product\\\/term-hisen-kemal\\\/#primaryimage\"},\"image\":{\"@id\":\"https:\\\/\\\/shanabooks.de\\\/en\\\/product\\\/term-hisen-kemal\\\/#primaryimage\"},\"thumbnailUrl\":\"https:\\\/\\\/shanabooks.de\\\/wp-content\\\/uploads\\\/2024\\\/01\\\/Term.png\",\"datePublished\":\"2024-03-03T19:51:45+00:00\",\"dateModified\":\"2024-03-07T18:38:32+00:00\",\"description\":\"Term - His\u00ean Kemal Term, bi ziman, honak \u00fb mijara xwe, di nava roman\u00ean kurd\u00ee da xwed\u00ee cihek\u00ee taybet e. Neynika jiyanacivaka kurdan e, ew civaka ku tev\u00ee ...\",\"breadcrumb\":{\"@id\":\"https:\\\/\\\/shanabooks.de\\\/en\\\/product\\\/term-hisen-kemal\\\/#breadcrumb\"},\"inLanguage\":\"de\",\"potentialAction\":[{\"@type\":\"ReadAction\",\"target\":[\"https:\\\/\\\/shanabooks.de\\\/en\\\/product\\\/term-hisen-kemal\\\/\"]}]},{\"@type\":\"ImageObject\",\"inLanguage\":\"de\",\"@id\":\"https:\\\/\\\/shanabooks.de\\\/en\\\/product\\\/term-hisen-kemal\\\/#primaryimage\",\"url\":\"https:\\\/\\\/shanabooks.de\\\/wp-content\\\/uploads\\\/2024\\\/01\\\/Term.png\",\"contentUrl\":\"https:\\\/\\\/shanabooks.de\\\/wp-content\\\/uploads\\\/2024\\\/01\\\/Term.png\",\"width\":277,\"height\":473,\"caption\":\"Term - His\u00ean Kemal - pirt\u00fbk\u00ean kurd\u00ee\"},{\"@type\":\"BreadcrumbList\",\"@id\":\"https:\\\/\\\/shanabooks.de\\\/en\\\/product\\\/term-hisen-kemal\\\/#breadcrumb\",\"itemListElement\":[{\"@type\":\"ListItem\",\"position\":1,\"name\":\"\u0627\u0644\u0631\u0626\u064a\u0633\u064a\u0629\",\"item\":\"https:\\\/\\\/shanabooks.de\\\/de\\\/\"},{\"@type\":\"ListItem\",\"position\":2,\"name\":\"\u0627\u0644\u0645\u0646\u062a\u062c\u0627\u062a\",\"item\":\"https:\\\/\\\/shanabooks.de\\\/shop\\\/\"},{\"@type\":\"ListItem\",\"position\":3,\"name\":\"Term\"}]},{\"@type\":\"WebSite\",\"@id\":\"https:\\\/\\\/shanabooks.de\\\/#website\",\"url\":\"https:\\\/\\\/shanabooks.de\\\/\",\"name\":\"www.shanbooks.de\",\"description\":\"C\u00eehana Pirt\u00fbk\u00ean Kurd\u00ee \u0645\u0643\u062a\u0628\u0629 \u0634\u0627\u0646\u0627 \u0641\u064a \u0627\u0644\u0645\u0627\u0646\u064a\u0627 \u0648\u0623\u0648\u0631\u0628\u0627\",\"publisher\":{\"@id\":\"https:\\\/\\\/shanabooks.de\\\/#organization\"},\"potentialAction\":[{\"@type\":\"SearchAction\",\"target\":{\"@type\":\"EntryPoint\",\"urlTemplate\":\"https:\\\/\\\/shanabooks.de\\\/?s={search_term_string}\"},\"query-input\":{\"@type\":\"PropertyValueSpecification\",\"valueRequired\":true,\"valueName\":\"search_term_string\"}}],\"inLanguage\":\"de\"},{\"@type\":\"Organization\",\"@id\":\"https:\\\/\\\/shanabooks.de\\\/#organization\",\"name\":\"www.shanbooks.de\",\"url\":\"https:\\\/\\\/shanabooks.de\\\/\",\"logo\":{\"@type\":\"ImageObject\",\"inLanguage\":\"de\",\"@id\":\"https:\\\/\\\/shanabooks.de\\\/#\\\/schema\\\/logo\\\/image\\\/\",\"url\":\"https:\\\/\\\/shanabooks.de\\\/wp-content\\\/uploads\\\/2024\\\/03\\\/SHANABOOKS__2_-removebg-preview.png\",\"contentUrl\":\"https:\\\/\\\/shanabooks.de\\\/wp-content\\\/uploads\\\/2024\\\/03\\\/SHANABOOKS__2_-removebg-preview.png\",\"width\":700,\"height\":150,\"caption\":\"www.shanbooks.de\"},\"image\":{\"@id\":\"https:\\\/\\\/shanabooks.de\\\/#\\\/schema\\\/logo\\\/image\\\/\"}}]}<\/script>\n<!-- \/ Yoast SEO plugin. -->","yoast_head_json":{"title":"Term - His\u00ean Kemal - www.shanabooks.de","description":"Term - His\u00ean Kemal Term, bi ziman, honak \u00fb mijara xwe, di nava roman\u00ean kurd\u00ee da xwed\u00ee cihek\u00ee taybet e. Neynika jiyanacivaka kurdan e, ew civaka ku tev\u00ee ...","robots":{"index":"index","follow":"follow","max-snippet":"max-snippet:-1","max-image-preview":"max-image-preview:large","max-video-preview":"max-video-preview:-1"},"canonical":"https:\/\/shanabooks.de\/en\/product\/term-hisen-kemal\/","og_locale":"de_DE","og_type":"article","og_title":"Term - His\u00ean Kemal - www.shanabooks.de","og_description":"Term - His\u00ean Kemal Term, bi ziman, honak \u00fb mijara xwe, di nava roman\u00ean kurd\u00ee da xwed\u00ee cihek\u00ee taybet e. Neynika jiyanacivaka kurdan e, ew civaka ku tev\u00ee ...","og_url":"https:\/\/shanabooks.de\/en\/product\/term-hisen-kemal\/","og_site_name":"www.shanabooks.de","article_modified_time":"2024-03-07T18:38:32+00:00","og_image":[{"width":277,"height":473,"url":"https:\/\/shanabooks.de\/wp-content\/uploads\/2024\/01\/Term.png","type":"image\/png"}],"twitter_card":"summary_large_image","twitter_misc":{"Gesch\u00e4tzte Lesezeit":"2\u00a0Minuten"},"schema":{"@context":"https:\/\/schema.org","@graph":[{"@type":"WebPage","@id":"https:\/\/shanabooks.de\/en\/product\/term-hisen-kemal\/","url":"https:\/\/shanabooks.de\/en\/product\/term-hisen-kemal\/","name":"Term - His\u00ean Kemal - www.shanabooks.de","isPartOf":{"@id":"https:\/\/shanabooks.de\/#website"},"primaryImageOfPage":{"@id":"https:\/\/shanabooks.de\/en\/product\/term-hisen-kemal\/#primaryimage"},"image":{"@id":"https:\/\/shanabooks.de\/en\/product\/term-hisen-kemal\/#primaryimage"},"thumbnailUrl":"https:\/\/shanabooks.de\/wp-content\/uploads\/2024\/01\/Term.png","datePublished":"2024-03-03T19:51:45+00:00","dateModified":"2024-03-07T18:38:32+00:00","description":"Term - His\u00ean Kemal Term, bi ziman, honak \u00fb mijara xwe, di nava roman\u00ean kurd\u00ee da xwed\u00ee cihek\u00ee taybet e. Neynika jiyanacivaka kurdan e, ew civaka ku tev\u00ee ...","breadcrumb":{"@id":"https:\/\/shanabooks.de\/en\/product\/term-hisen-kemal\/#breadcrumb"},"inLanguage":"de","potentialAction":[{"@type":"ReadAction","target":["https:\/\/shanabooks.de\/en\/product\/term-hisen-kemal\/"]}]},{"@type":"ImageObject","inLanguage":"de","@id":"https:\/\/shanabooks.de\/en\/product\/term-hisen-kemal\/#primaryimage","url":"https:\/\/shanabooks.de\/wp-content\/uploads\/2024\/01\/Term.png","contentUrl":"https:\/\/shanabooks.de\/wp-content\/uploads\/2024\/01\/Term.png","width":277,"height":473,"caption":"Term - His\u00ean Kemal - pirt\u00fbk\u00ean kurd\u00ee"},{"@type":"BreadcrumbList","@id":"https:\/\/shanabooks.de\/en\/product\/term-hisen-kemal\/#breadcrumb","itemListElement":[{"@type":"ListItem","position":1,"name":"\u0627\u0644\u0631\u0626\u064a\u0633\u064a\u0629","item":"https:\/\/shanabooks.de\/de\/"},{"@type":"ListItem","position":2,"name":"\u0627\u0644\u0645\u0646\u062a\u062c\u0627\u062a","item":"https:\/\/shanabooks.de\/shop\/"},{"@type":"ListItem","position":3,"name":"Term"}]},{"@type":"WebSite","@id":"https:\/\/shanabooks.de\/#website","url":"https:\/\/shanabooks.de\/","name":"www.shanbooks.de","description":"C\u00eehana Pirt\u00fbk\u00ean Kurd\u00ee \u0645\u0643\u062a\u0628\u0629 \u0634\u0627\u0646\u0627 \u0641\u064a \u0627\u0644\u0645\u0627\u0646\u064a\u0627 \u0648\u0623\u0648\u0631\u0628\u0627","publisher":{"@id":"https:\/\/shanabooks.de\/#organization"},"potentialAction":[{"@type":"SearchAction","target":{"@type":"EntryPoint","urlTemplate":"https:\/\/shanabooks.de\/?s={search_term_string}"},"query-input":{"@type":"PropertyValueSpecification","valueRequired":true,"valueName":"search_term_string"}}],"inLanguage":"de"},{"@type":"Organization","@id":"https:\/\/shanabooks.de\/#organization","name":"www.shanbooks.de","url":"https:\/\/shanabooks.de\/","logo":{"@type":"ImageObject","inLanguage":"de","@id":"https:\/\/shanabooks.de\/#\/schema\/logo\/image\/","url":"https:\/\/shanabooks.de\/wp-content\/uploads\/2024\/03\/SHANABOOKS__2_-removebg-preview.png","contentUrl":"https:\/\/shanabooks.de\/wp-content\/uploads\/2024\/03\/SHANABOOKS__2_-removebg-preview.png","width":700,"height":150,"caption":"www.shanbooks.de"},"image":{"@id":"https:\/\/shanabooks.de\/#\/schema\/logo\/image\/"}}]}},"jetpack_sharing_enabled":true,"_links":{"self":[{"href":"https:\/\/shanabooks.de\/de\/wp-json\/wp\/v2\/product\/13520","targetHints":{"allow":["GET"]}}],"collection":[{"href":"https:\/\/shanabooks.de\/de\/wp-json\/wp\/v2\/product"}],"about":[{"href":"https:\/\/shanabooks.de\/de\/wp-json\/wp\/v2\/types\/product"}],"version-history":[{"count":3,"href":"https:\/\/shanabooks.de\/de\/wp-json\/wp\/v2\/product\/13520\/revisions"}],"predecessor-version":[{"id":13983,"href":"https:\/\/shanabooks.de\/de\/wp-json\/wp\/v2\/product\/13520\/revisions\/13983"}],"wp:featuredmedia":[{"embeddable":true,"href":"https:\/\/shanabooks.de\/de\/wp-json\/wp\/v2\/media\/6440"}],"wp:attachment":[{"href":"https:\/\/shanabooks.de\/de\/wp-json\/wp\/v2\/media?parent=13520"}],"wp:term":[{"taxonomy":"product_brand","embeddable":true,"href":"https:\/\/shanabooks.de\/de\/wp-json\/wp\/v2\/product_brand?post=13520"},{"taxonomy":"product_cat","embeddable":true,"href":"https:\/\/shanabooks.de\/de\/wp-json\/wp\/v2\/product_cat?post=13520"},{"taxonomy":"product_tag","embeddable":true,"href":"https:\/\/shanabooks.de\/de\/wp-json\/wp\/v2\/product_tag?post=13520"}],"curies":[{"name":"wp","href":"https:\/\/api.w.org\/{rel}","templated":true}]}}