{"id":13522,"date":"2024-03-03T19:51:45","date_gmt":"2024-03-03T19:51:45","guid":{"rendered":"https:\/\/shanabooks.de\/?post_type=product&#038;p=13522"},"modified":"2024-07-11T20:48:53","modified_gmt":"2024-07-11T20:48:53","slug":"hopo-erebe-semo","status":"publish","type":"product","link":"https:\/\/shanabooks.de\/de\/product\/hopo-erebe-semo\/","title":{"rendered":"Hopo"},"content":{"rendered":"<p style=\"text-align: left\"><strong>Hopo &#8211; Ereb\u00ea \u015eemo<\/strong><\/p>\n<p style=\"text-align: left\">\u00a0Hopo romana Ereb\u00ea \u015eemo ya ku li j\u00ear bandora \u015fore\u015feke mezin, \u015eore\u015fa Sovyet\u00ea, behsa guher\u00een \u00fb veguher\u00eena pergala Kurdan a abor\u00ee, civak\u00ee \u00fb s\u00eeyas\u00ee dike. Di v\u00ea r\u00eaya l\u00eager\u00eena Kurdan bo peydakirina roman\u00ea de nim\u00fbneyek e ku div\u00ea bi k\u00eamas\u00ee \u00fb z\u00eadey\u00eey\u00ean xwe were naskirin \u00fb xwendin, bi her hal\u00ea xwe ve ji me re bibe pal \u00fb pi\u015ft.<br \/>\nDi romana \u201cHopo\u201dy\u00ea de, niv\u00eeskar\u00ea me y\u00ea gewre Ereb\u00ea \u015eemo bal\u00ea diki\u015f\u00eene ser j\u00eeyana Kurdan a di bi<span class=\"text_exposed_show\">n s\u00eewana hikimdar\u00eeya Sovyet\u00ea de, nemaze j\u00eeyana di nava kolxozan de. Ereb\u00ea \u015eemo bi zimanek\u00ee sade \u00fb rewan kitekit\u00ean j\u00eeyana kolxozan li ber \u00e7avan radixe, w\u00eaney\u00ea t\u00eako\u015f\u00eena li dij\u00ee derebeg\u00eey\u00ea diki\u015f\u00eene \u00fb raber\u00ee me dike.<br \/>\nDi vegotina b\u00fbyeran \u00fb \u015firovekirina kitekit\u00ean atmosfera j\u00eeyana kolxozan de, Ereb\u00ea \u015eemo y\u00ea hosta xwe disp\u00eare Kurd\u00eeyeke folklor\u00eek ku n\u00eaz\u00ee g\u00eeyan\u00ea civaka Kurd a Sovyet\u00ee ye. Ev yek j\u00ee herikbar\u00eeyeke ned\u00eet\u00ee li xwendina roman\u00ea bar dike \u00fb dih\u00eale xw\u00eener z\u00fb bi z\u00fb di nav r\u00fbn\u00ea gotin\u00ean n\u00eaz\u00ee dil de b\u00ea bi\u015faftin.<br \/>\nWe\u015fanxaneya L\u00ees\u00ea ku barek\u00ee ev \u00e7end giran hildaye ser mil\u00ean xwe, valab\u00fbna warek\u00ee d\u00eetiye \u00fb dest av\u00eatiye berhevkirin \u00fb \u00e7apkirina pareke m\u00eerateya Kurdan a niv\u00eesk\u00ee, bi r\u00eaza van pirt\u00fbkan ber\u00ea xwe dide asoyeke berfirehtir \u00fb \u00ee\u015faret bi plan \u00fb nex\u015feyine din \u00ean b\u00eahtir gerd\u00fbn\u00ee dike.<\/span><\/p>\n","protected":false},"excerpt":{"rendered":"<p style=\"text-align: center\"><strong>Pirt\u00fbk: Hopo<\/strong><br \/>\n<strong>Niv\u00eeskar: Ereb\u00ea \u015eemo<\/strong><br \/>\n<strong>Cure: Roman<\/strong><\/p>\n","protected":false},"featured_media":6444,"template":"","meta":{"site-sidebar-layout":"default","site-content-layout":"","ast-site-content-layout":"default","site-content-style":"default","site-sidebar-style":"default","ast-global-header-display":"","ast-banner-title-visibility":"","ast-main-header-display":"","ast-hfb-above-header-display":"","ast-hfb-below-header-display":"","ast-hfb-mobile-header-display":"","site-post-title":"","ast-breadcrumbs-content":"","ast-featured-img":"","footer-sml-layout":"","ast-disable-related-posts":"","theme-transparent-header-meta":"default","adv-header-id-meta":"","stick-header-meta":"","header-above-stick-meta":"","header-main-stick-meta":"","header-below-stick-meta":"","astra-migrate-meta-layouts":"set","ast-page-background-enabled":"default","ast-page-background-meta":{"desktop":{"background-color":"","background-image":"","background-repeat":"repeat","background-position":"center center","background-size":"auto","background-attachment":"scroll","background-type":"","background-media":"","overlay-type":"","overlay-color":"","overlay-opacity":"","overlay-gradient":""},"tablet":{"background-color":"","background-image":"","background-repeat":"repeat","background-position":"center center","background-size":"auto","background-attachment":"scroll","background-type":"","background-media":"","overlay-type":"","overlay-color":"","overlay-opacity":"","overlay-gradient":""},"mobile":{"background-color":"","background-image":"","background-repeat":"repeat","background-position":"center center","background-size":"auto","background-attachment":"scroll","background-type":"","background-media":"","overlay-type":"","overlay-color":"","overlay-opacity":"","overlay-gradient":""}},"ast-content-background-meta":{"desktop":{"background-color":"var(--ast-global-color-5)","background-image":"","background-repeat":"repeat","background-position":"center center","background-size":"auto","background-attachment":"scroll","background-type":"","background-media":"","overlay-type":"","overlay-color":"","overlay-opacity":"","overlay-gradient":""},"tablet":{"background-color":"var(--ast-global-color-5)","background-image":"","background-repeat":"repeat","background-position":"center center","background-size":"auto","background-attachment":"scroll","background-type":"","background-media":"","overlay-type":"","overlay-color":"","overlay-opacity":"","overlay-gradient":""},"mobile":{"background-color":"var(--ast-global-color-5)","background-image":"","background-repeat":"repeat","background-position":"center center","background-size":"auto","background-attachment":"scroll","background-type":"","background-media":"","overlay-type":"","overlay-color":"","overlay-opacity":"","overlay-gradient":""}}},"product_brand":[],"product_cat":[182,193],"product_tag":[],"class_list":{"0":"post-13522","1":"product","2":"type-product","3":"status-publish","4":"has-post-thumbnail","6":"product_cat-_","7":"product_cat--_","8":"pa_-roman","9":"pa_-erebe-semo","10":"pa_-kurmanci","11":"pa_--lis-yayinevi","12":"desktop-align-left","13":"tablet-align-left","14":"mobile-align-left","16":"first","17":"instock","18":"shipping-taxable","19":"purchasable","20":"product-type-simple"},"yoast_head":"<!-- This site is optimized with the Yoast SEO plugin v27.3 - https:\/\/yoast.com\/product\/yoast-seo-wordpress\/ -->\n<title>Hopo - Ereb\u00ea \u015eemo - www.shanabooks.de<\/title>\n<meta name=\"description\" content=\"Hopo - Ereb\u00ea \u015eemo\u00a0Hopo romana Ereb\u00ea \u015eemo ya ku li j\u00ear bandora \u015fore\u015feke mezin, \u015eore\u015fa Sovyet\u00ea, behsa guher\u00een \u00fb veguher\u00eena pergala Kurdan a abor\u00ee, civak\u00ee...\" \/>\n<meta name=\"robots\" content=\"index, follow, max-snippet:-1, max-image-preview:large, max-video-preview:-1\" \/>\n<link rel=\"canonical\" href=\"https:\/\/shanabooks.de\/product\/hopo-erebe-semo\/\" \/>\n<meta property=\"og:locale\" content=\"de_DE\" \/>\n<meta property=\"og:type\" content=\"article\" \/>\n<meta property=\"og:title\" content=\"Hopo - Ereb\u00ea \u015eemo - www.shanabooks.de\" \/>\n<meta property=\"og:description\" content=\"Hopo - Ereb\u00ea \u015eemo\u00a0Hopo romana Ereb\u00ea \u015eemo ya ku li j\u00ear bandora \u015fore\u015feke mezin, \u015eore\u015fa Sovyet\u00ea, behsa guher\u00een \u00fb veguher\u00eena pergala Kurdan a abor\u00ee, civak\u00ee...\" \/>\n<meta property=\"og:url\" content=\"https:\/\/shanabooks.de\/product\/hopo-erebe-semo\/\" \/>\n<meta property=\"og:site_name\" content=\"www.shanabooks.de\" \/>\n<meta property=\"article:modified_time\" content=\"2024-07-11T20:48:53+00:00\" \/>\n<meta property=\"og:image\" content=\"https:\/\/shanabooks.de\/wp-content\/uploads\/2024\/01\/Hopo.png\" \/>\n\t<meta property=\"og:image:width\" content=\"275\" \/>\n\t<meta property=\"og:image:height\" content=\"466\" \/>\n\t<meta property=\"og:image:type\" content=\"image\/png\" \/>\n<meta name=\"twitter:card\" content=\"summary_large_image\" \/>\n<meta name=\"twitter:label1\" content=\"Gesch\u00e4tzte Lesezeit\" \/>\n\t<meta name=\"twitter:data1\" content=\"2\u00a0Minuten\" \/>\n<script type=\"application\/ld+json\" class=\"yoast-schema-graph\">{\"@context\":\"https:\\\/\\\/schema.org\",\"@graph\":[{\"@type\":\"WebPage\",\"@id\":\"https:\\\/\\\/shanabooks.de\\\/product\\\/hopo-erebe-semo\\\/\",\"url\":\"https:\\\/\\\/shanabooks.de\\\/product\\\/hopo-erebe-semo\\\/\",\"name\":\"Hopo - Ereb\u00ea \u015eemo - www.shanabooks.de\",\"isPartOf\":{\"@id\":\"https:\\\/\\\/shanabooks.de\\\/#website\"},\"primaryImageOfPage\":{\"@id\":\"https:\\\/\\\/shanabooks.de\\\/product\\\/hopo-erebe-semo\\\/#primaryimage\"},\"image\":{\"@id\":\"https:\\\/\\\/shanabooks.de\\\/product\\\/hopo-erebe-semo\\\/#primaryimage\"},\"thumbnailUrl\":\"https:\\\/\\\/shanabooks.de\\\/wp-content\\\/uploads\\\/2024\\\/01\\\/Hopo.png\",\"datePublished\":\"2024-03-03T19:51:45+00:00\",\"dateModified\":\"2024-07-11T20:48:53+00:00\",\"description\":\"Hopo - Ereb\u00ea \u015eemo\u00a0Hopo romana Ereb\u00ea \u015eemo ya ku li j\u00ear bandora \u015fore\u015feke mezin, \u015eore\u015fa Sovyet\u00ea, behsa guher\u00een \u00fb veguher\u00eena pergala Kurdan a abor\u00ee, civak\u00ee...\",\"breadcrumb\":{\"@id\":\"https:\\\/\\\/shanabooks.de\\\/product\\\/hopo-erebe-semo\\\/#breadcrumb\"},\"inLanguage\":\"de\",\"potentialAction\":[{\"@type\":\"ReadAction\",\"target\":[\"https:\\\/\\\/shanabooks.de\\\/product\\\/hopo-erebe-semo\\\/\"]}]},{\"@type\":\"ImageObject\",\"inLanguage\":\"de\",\"@id\":\"https:\\\/\\\/shanabooks.de\\\/product\\\/hopo-erebe-semo\\\/#primaryimage\",\"url\":\"https:\\\/\\\/shanabooks.de\\\/wp-content\\\/uploads\\\/2024\\\/01\\\/Hopo.png\",\"contentUrl\":\"https:\\\/\\\/shanabooks.de\\\/wp-content\\\/uploads\\\/2024\\\/01\\\/Hopo.png\",\"width\":275,\"height\":466,\"caption\":\"Hopo - Ereb\u00ea \u015eemo - pirt\u00fbk\u00ean kurd\u00ee\"},{\"@type\":\"BreadcrumbList\",\"@id\":\"https:\\\/\\\/shanabooks.de\\\/product\\\/hopo-erebe-semo\\\/#breadcrumb\",\"itemListElement\":[{\"@type\":\"ListItem\",\"position\":1,\"name\":\"\u0627\u0644\u0631\u0626\u064a\u0633\u064a\u0629\",\"item\":\"https:\\\/\\\/shanabooks.de\\\/de\\\/\"},{\"@type\":\"ListItem\",\"position\":2,\"name\":\"\u0627\u0644\u0645\u0646\u062a\u062c\u0627\u062a\",\"item\":\"https:\\\/\\\/shanabooks.de\\\/shop\\\/\"},{\"@type\":\"ListItem\",\"position\":3,\"name\":\"Hopo\"}]},{\"@type\":\"WebSite\",\"@id\":\"https:\\\/\\\/shanabooks.de\\\/#website\",\"url\":\"https:\\\/\\\/shanabooks.de\\\/\",\"name\":\"www.shanbooks.de\",\"description\":\"C\u00eehana Pirt\u00fbk\u00ean Kurd\u00ee \u0645\u0643\u062a\u0628\u0629 \u0634\u0627\u0646\u0627 \u0641\u064a \u0627\u0644\u0645\u0627\u0646\u064a\u0627 \u0648\u0623\u0648\u0631\u0628\u0627\",\"publisher\":{\"@id\":\"https:\\\/\\\/shanabooks.de\\\/#organization\"},\"potentialAction\":[{\"@type\":\"SearchAction\",\"target\":{\"@type\":\"EntryPoint\",\"urlTemplate\":\"https:\\\/\\\/shanabooks.de\\\/?s={search_term_string}\"},\"query-input\":{\"@type\":\"PropertyValueSpecification\",\"valueRequired\":true,\"valueName\":\"search_term_string\"}}],\"inLanguage\":\"de\"},{\"@type\":\"Organization\",\"@id\":\"https:\\\/\\\/shanabooks.de\\\/#organization\",\"name\":\"www.shanbooks.de\",\"url\":\"https:\\\/\\\/shanabooks.de\\\/\",\"logo\":{\"@type\":\"ImageObject\",\"inLanguage\":\"de\",\"@id\":\"https:\\\/\\\/shanabooks.de\\\/#\\\/schema\\\/logo\\\/image\\\/\",\"url\":\"https:\\\/\\\/shanabooks.de\\\/wp-content\\\/uploads\\\/2024\\\/03\\\/SHANABOOKS__2_-removebg-preview.png\",\"contentUrl\":\"https:\\\/\\\/shanabooks.de\\\/wp-content\\\/uploads\\\/2024\\\/03\\\/SHANABOOKS__2_-removebg-preview.png\",\"width\":700,\"height\":150,\"caption\":\"www.shanbooks.de\"},\"image\":{\"@id\":\"https:\\\/\\\/shanabooks.de\\\/#\\\/schema\\\/logo\\\/image\\\/\"}}]}<\/script>\n<!-- \/ Yoast SEO plugin. -->","yoast_head_json":{"title":"Hopo - Ereb\u00ea \u015eemo - www.shanabooks.de","description":"Hopo - Ereb\u00ea \u015eemo\u00a0Hopo romana Ereb\u00ea \u015eemo ya ku li j\u00ear bandora \u015fore\u015feke mezin, \u015eore\u015fa Sovyet\u00ea, behsa guher\u00een \u00fb veguher\u00eena pergala Kurdan a abor\u00ee, civak\u00ee...","robots":{"index":"index","follow":"follow","max-snippet":"max-snippet:-1","max-image-preview":"max-image-preview:large","max-video-preview":"max-video-preview:-1"},"canonical":"https:\/\/shanabooks.de\/product\/hopo-erebe-semo\/","og_locale":"de_DE","og_type":"article","og_title":"Hopo - Ereb\u00ea \u015eemo - www.shanabooks.de","og_description":"Hopo - Ereb\u00ea \u015eemo\u00a0Hopo romana Ereb\u00ea \u015eemo ya ku li j\u00ear bandora \u015fore\u015feke mezin, \u015eore\u015fa Sovyet\u00ea, behsa guher\u00een \u00fb veguher\u00eena pergala Kurdan a abor\u00ee, civak\u00ee...","og_url":"https:\/\/shanabooks.de\/product\/hopo-erebe-semo\/","og_site_name":"www.shanabooks.de","article_modified_time":"2024-07-11T20:48:53+00:00","og_image":[{"width":275,"height":466,"url":"https:\/\/shanabooks.de\/wp-content\/uploads\/2024\/01\/Hopo.png","type":"image\/png"}],"twitter_card":"summary_large_image","twitter_misc":{"Gesch\u00e4tzte Lesezeit":"2\u00a0Minuten"},"schema":{"@context":"https:\/\/schema.org","@graph":[{"@type":"WebPage","@id":"https:\/\/shanabooks.de\/product\/hopo-erebe-semo\/","url":"https:\/\/shanabooks.de\/product\/hopo-erebe-semo\/","name":"Hopo - Ereb\u00ea \u015eemo - www.shanabooks.de","isPartOf":{"@id":"https:\/\/shanabooks.de\/#website"},"primaryImageOfPage":{"@id":"https:\/\/shanabooks.de\/product\/hopo-erebe-semo\/#primaryimage"},"image":{"@id":"https:\/\/shanabooks.de\/product\/hopo-erebe-semo\/#primaryimage"},"thumbnailUrl":"https:\/\/shanabooks.de\/wp-content\/uploads\/2024\/01\/Hopo.png","datePublished":"2024-03-03T19:51:45+00:00","dateModified":"2024-07-11T20:48:53+00:00","description":"Hopo - Ereb\u00ea \u015eemo\u00a0Hopo romana Ereb\u00ea \u015eemo ya ku li j\u00ear bandora \u015fore\u015feke mezin, \u015eore\u015fa Sovyet\u00ea, behsa guher\u00een \u00fb veguher\u00eena pergala Kurdan a abor\u00ee, civak\u00ee...","breadcrumb":{"@id":"https:\/\/shanabooks.de\/product\/hopo-erebe-semo\/#breadcrumb"},"inLanguage":"de","potentialAction":[{"@type":"ReadAction","target":["https:\/\/shanabooks.de\/product\/hopo-erebe-semo\/"]}]},{"@type":"ImageObject","inLanguage":"de","@id":"https:\/\/shanabooks.de\/product\/hopo-erebe-semo\/#primaryimage","url":"https:\/\/shanabooks.de\/wp-content\/uploads\/2024\/01\/Hopo.png","contentUrl":"https:\/\/shanabooks.de\/wp-content\/uploads\/2024\/01\/Hopo.png","width":275,"height":466,"caption":"Hopo - Ereb\u00ea \u015eemo - pirt\u00fbk\u00ean kurd\u00ee"},{"@type":"BreadcrumbList","@id":"https:\/\/shanabooks.de\/product\/hopo-erebe-semo\/#breadcrumb","itemListElement":[{"@type":"ListItem","position":1,"name":"\u0627\u0644\u0631\u0626\u064a\u0633\u064a\u0629","item":"https:\/\/shanabooks.de\/de\/"},{"@type":"ListItem","position":2,"name":"\u0627\u0644\u0645\u0646\u062a\u062c\u0627\u062a","item":"https:\/\/shanabooks.de\/shop\/"},{"@type":"ListItem","position":3,"name":"Hopo"}]},{"@type":"WebSite","@id":"https:\/\/shanabooks.de\/#website","url":"https:\/\/shanabooks.de\/","name":"www.shanbooks.de","description":"C\u00eehana Pirt\u00fbk\u00ean Kurd\u00ee \u0645\u0643\u062a\u0628\u0629 \u0634\u0627\u0646\u0627 \u0641\u064a \u0627\u0644\u0645\u0627\u0646\u064a\u0627 \u0648\u0623\u0648\u0631\u0628\u0627","publisher":{"@id":"https:\/\/shanabooks.de\/#organization"},"potentialAction":[{"@type":"SearchAction","target":{"@type":"EntryPoint","urlTemplate":"https:\/\/shanabooks.de\/?s={search_term_string}"},"query-input":{"@type":"PropertyValueSpecification","valueRequired":true,"valueName":"search_term_string"}}],"inLanguage":"de"},{"@type":"Organization","@id":"https:\/\/shanabooks.de\/#organization","name":"www.shanbooks.de","url":"https:\/\/shanabooks.de\/","logo":{"@type":"ImageObject","inLanguage":"de","@id":"https:\/\/shanabooks.de\/#\/schema\/logo\/image\/","url":"https:\/\/shanabooks.de\/wp-content\/uploads\/2024\/03\/SHANABOOKS__2_-removebg-preview.png","contentUrl":"https:\/\/shanabooks.de\/wp-content\/uploads\/2024\/03\/SHANABOOKS__2_-removebg-preview.png","width":700,"height":150,"caption":"www.shanbooks.de"},"image":{"@id":"https:\/\/shanabooks.de\/#\/schema\/logo\/image\/"}}]}},"jetpack_sharing_enabled":true,"_links":{"self":[{"href":"https:\/\/shanabooks.de\/de\/wp-json\/wp\/v2\/product\/13522","targetHints":{"allow":["GET"]}}],"collection":[{"href":"https:\/\/shanabooks.de\/de\/wp-json\/wp\/v2\/product"}],"about":[{"href":"https:\/\/shanabooks.de\/de\/wp-json\/wp\/v2\/types\/product"}],"version-history":[{"count":3,"href":"https:\/\/shanabooks.de\/de\/wp-json\/wp\/v2\/product\/13522\/revisions"}],"predecessor-version":[{"id":17265,"href":"https:\/\/shanabooks.de\/de\/wp-json\/wp\/v2\/product\/13522\/revisions\/17265"}],"wp:featuredmedia":[{"embeddable":true,"href":"https:\/\/shanabooks.de\/de\/wp-json\/wp\/v2\/media\/6444"}],"wp:attachment":[{"href":"https:\/\/shanabooks.de\/de\/wp-json\/wp\/v2\/media?parent=13522"}],"wp:term":[{"taxonomy":"product_brand","embeddable":true,"href":"https:\/\/shanabooks.de\/de\/wp-json\/wp\/v2\/product_brand?post=13522"},{"taxonomy":"product_cat","embeddable":true,"href":"https:\/\/shanabooks.de\/de\/wp-json\/wp\/v2\/product_cat?post=13522"},{"taxonomy":"product_tag","embeddable":true,"href":"https:\/\/shanabooks.de\/de\/wp-json\/wp\/v2\/product_tag?post=13522"}],"curies":[{"name":"wp","href":"https:\/\/api.w.org\/{rel}","templated":true}]}}