{"id":13523,"date":"2024-03-03T19:51:45","date_gmt":"2024-03-03T19:51:45","guid":{"rendered":"https:\/\/shanabooks.de\/?post_type=product&#038;p=13523"},"modified":"2024-11-23T12:18:40","modified_gmt":"2024-11-23T12:18:40","slug":"car-leheng-osman-sebri","status":"publish","type":"product","link":"https:\/\/shanabooks.de\/de\/product\/car-leheng-osman-sebri\/","title":{"rendered":"\u00c7ar Leheng"},"content":{"rendered":"<p style=\"text-align: left\"><strong>\u00c7ar Leheng &#8211; Osman Sebr\u00ee<\/strong><\/p>\n<p style=\"text-align: left\">Di pirt\u00fbkoka &#8222;\u00c7ar Leheng&#8220; de, Ap\u00ea me\u00a0Osman Sebr\u00ee\u00a0bi zimanek\u00ee rewan \u00fb berdil behsa leheng\u00eeya \u00e7end m\u00earxas\u00ean Kurd dike ku ser\u00ee li hember\u00ee sitemkar\u00ee \u00fb zordar\u00eeya dewleta Tirk hildaye \u00fb nav\u00ean xwe bi t\u00eep\u00ean z\u00ear\u00een di deftera ni\u015ftimanperwer\u00eeya Kurdistan\u00ea de niv\u00eesandine.<\/p>\n<p style=\"text-align: left\">Ji Ferzendey\u00ea xwe\u015fm\u00ear bigire ku wek\u00ee siwarek\u00ee \u00e7ak \u00ea Ser\u00eehildana Agir\u00eey\u00ea t\u00ea naskirin \u00fb cih\u00ea bawer\u00eeya fermandar\u00ea Kurd\u00a0\u00cehsan N\u00fbr\u00ee Pa\u015fa\u00a0b\u00fb, heta bi Sey\u00eedxan, Sil\u00eaman Axa, Mistefa \u00fb Remezan\u00ea ku bi tena ser\u00ea xwe li hember\u00ee du alay\u00eey\u00ean dijmin \u015fer kir \u00fb n\u00eaz\u00ee heft\u00ea le\u015fker ku\u015ftin \u00fb bir\u00eendar kirin. Leheng\u00ea daw\u00ee j\u00ee Adil Beg e ku r\u00fbmeta xwe li p\u00ea\u015fber\u00ee mifrezeya le\u015fkeran ne\u015fikand \u00fb b\u00eabav\u00eeya efser\u00ea Tirk danequrtand \u00fb ew \u00fb mifrezeya w\u00ee di xw\u00een\u00ea de vegevizandin.<\/p>\n<p style=\"text-align: left\">Ap\u00ea me Osman Sebr\u00ee ku bi xwe xwe\u015fm\u00earek\u00ee Kurd \u00ea welatperwer e \u00fb sal\u00ean j\u00eeyana xwe bi temam\u00ee di nav zindan, jank\u00ea\u015f\u00ee \u00fb derbider\u00eey\u00ea de derbas kirine; bi p\u00ean\u00fbsa xwe ya t\u00fbj pesin\u00ea qehreman\u00eeya Kurdistan\u00eey\u00ean duh dike ku meydana Kurdperwer\u00eey\u00ea tu car\u00ee ji wan xal\u00ee neb\u00fbye<\/p>\n","protected":false},"excerpt":{"rendered":"<p style=\"text-align: center\"><strong>Pirt\u00fbk: \u00c7ar Leheng<\/strong><br \/>\n<strong>Niv\u00eeskar: Osman Sebr\u00ee<\/strong><br \/>\n<strong>Cure: Roman<\/strong><\/p>\n","protected":false},"featured_media":6446,"template":"","meta":{"site-sidebar-layout":"default","site-content-layout":"","ast-site-content-layout":"default","site-content-style":"default","site-sidebar-style":"default","ast-global-header-display":"","ast-banner-title-visibility":"","ast-main-header-display":"","ast-hfb-above-header-display":"","ast-hfb-below-header-display":"","ast-hfb-mobile-header-display":"","site-post-title":"","ast-breadcrumbs-content":"","ast-featured-img":"","footer-sml-layout":"","ast-disable-related-posts":"","theme-transparent-header-meta":"default","adv-header-id-meta":"","stick-header-meta":"","header-above-stick-meta":"","header-main-stick-meta":"","header-below-stick-meta":"","astra-migrate-meta-layouts":"set","ast-page-background-enabled":"default","ast-page-background-meta":{"desktop":{"background-color":"","background-image":"","background-repeat":"repeat","background-position":"center center","background-size":"auto","background-attachment":"scroll","background-type":"","background-media":"","overlay-type":"","overlay-color":"","overlay-opacity":"","overlay-gradient":""},"tablet":{"background-color":"","background-image":"","background-repeat":"repeat","background-position":"center center","background-size":"auto","background-attachment":"scroll","background-type":"","background-media":"","overlay-type":"","overlay-color":"","overlay-opacity":"","overlay-gradient":""},"mobile":{"background-color":"","background-image":"","background-repeat":"repeat","background-position":"center center","background-size":"auto","background-attachment":"scroll","background-type":"","background-media":"","overlay-type":"","overlay-color":"","overlay-opacity":"","overlay-gradient":""}},"ast-content-background-meta":{"desktop":{"background-color":"var(--ast-global-color-5)","background-image":"","background-repeat":"repeat","background-position":"center center","background-size":"auto","background-attachment":"scroll","background-type":"","background-media":"","overlay-type":"","overlay-color":"","overlay-opacity":"","overlay-gradient":""},"tablet":{"background-color":"var(--ast-global-color-5)","background-image":"","background-repeat":"repeat","background-position":"center center","background-size":"auto","background-attachment":"scroll","background-type":"","background-media":"","overlay-type":"","overlay-color":"","overlay-opacity":"","overlay-gradient":""},"mobile":{"background-color":"var(--ast-global-color-5)","background-image":"","background-repeat":"repeat","background-position":"center center","background-size":"auto","background-attachment":"scroll","background-type":"","background-media":"","overlay-type":"","overlay-color":"","overlay-opacity":"","overlay-gradient":""}}},"product_brand":[],"product_cat":[182,193],"product_tag":[],"class_list":{"0":"post-13523","1":"product","2":"type-product","3":"status-publish","4":"has-post-thumbnail","6":"product_cat-_","7":"product_cat--_","8":"pa_-jiyanname","9":"pa_-roman","10":"pa_-osman-sebri","11":"pa_-kurmanci","12":"pa_--lis-yayinevi","13":"desktop-align-left","14":"tablet-align-left","15":"mobile-align-left","17":"first","18":"outofstock","19":"shipping-taxable","20":"purchasable","21":"product-type-simple"},"yoast_head":"<!-- This site is optimized with the Yoast SEO plugin v27.4 - https:\/\/yoast.com\/product\/yoast-seo-wordpress\/ -->\n<title>\u00c7ar Leheng - Osman Sebr\u00ee - www.shanabooks.de<\/title>\n<meta name=\"description\" content=\"\u00c7ar Leheng - Osman Sebr\u00ee Di pirt\u00fbkoka &quot;\u00c7ar Leheng&quot; de, Ap\u00ea me\u00a0Osman Sebr\u00ee\u00a0bi zimanek\u00ee rewan \u00fb berdil behsa leheng\u00eeya \u00e7end m\u00earxas\u00ean Kurd dike ku ser\u00ee li ...\" \/>\n<meta name=\"robots\" content=\"index, follow, max-snippet:-1, max-image-preview:large, max-video-preview:-1\" \/>\n<link rel=\"canonical\" href=\"https:\/\/shanabooks.de\/product\/car-leheng-osman-sebri\/\" \/>\n<meta property=\"og:locale\" content=\"de_DE\" \/>\n<meta property=\"og:type\" content=\"article\" \/>\n<meta property=\"og:title\" content=\"\u00c7ar Leheng - Osman Sebr\u00ee - www.shanabooks.de\" \/>\n<meta property=\"og:description\" content=\"\u00c7ar Leheng - Osman Sebr\u00ee Di pirt\u00fbkoka &quot;\u00c7ar Leheng&quot; de, Ap\u00ea me\u00a0Osman Sebr\u00ee\u00a0bi zimanek\u00ee rewan \u00fb berdil behsa leheng\u00eeya \u00e7end m\u00earxas\u00ean Kurd dike ku ser\u00ee li ...\" \/>\n<meta property=\"og:url\" content=\"https:\/\/shanabooks.de\/product\/car-leheng-osman-sebri\/\" \/>\n<meta property=\"og:site_name\" content=\"www.shanabooks.de\" \/>\n<meta property=\"article:modified_time\" content=\"2024-11-23T12:18:40+00:00\" \/>\n<meta property=\"og:image\" content=\"https:\/\/shanabooks.de\/wp-content\/uploads\/2024\/01\/Car-Leheng.png\" \/>\n\t<meta property=\"og:image:width\" content=\"275\" \/>\n\t<meta property=\"og:image:height\" content=\"474\" \/>\n\t<meta property=\"og:image:type\" content=\"image\/png\" \/>\n<meta name=\"twitter:card\" content=\"summary_large_image\" \/>\n<meta name=\"twitter:label1\" content=\"Gesch\u00e4tzte Lesezeit\" \/>\n\t<meta name=\"twitter:data1\" content=\"2\u00a0Minuten\" \/>\n<script type=\"application\/ld+json\" class=\"yoast-schema-graph\">{\"@context\":\"https:\\\/\\\/schema.org\",\"@graph\":[{\"@type\":\"WebPage\",\"@id\":\"https:\\\/\\\/shanabooks.de\\\/product\\\/car-leheng-osman-sebri\\\/\",\"url\":\"https:\\\/\\\/shanabooks.de\\\/product\\\/car-leheng-osman-sebri\\\/\",\"name\":\"\u00c7ar Leheng - Osman Sebr\u00ee - www.shanabooks.de\",\"isPartOf\":{\"@id\":\"https:\\\/\\\/shanabooks.de\\\/#website\"},\"primaryImageOfPage\":{\"@id\":\"https:\\\/\\\/shanabooks.de\\\/product\\\/car-leheng-osman-sebri\\\/#primaryimage\"},\"image\":{\"@id\":\"https:\\\/\\\/shanabooks.de\\\/product\\\/car-leheng-osman-sebri\\\/#primaryimage\"},\"thumbnailUrl\":\"https:\\\/\\\/shanabooks.de\\\/wp-content\\\/uploads\\\/2024\\\/01\\\/Car-Leheng.png\",\"datePublished\":\"2024-03-03T19:51:45+00:00\",\"dateModified\":\"2024-11-23T12:18:40+00:00\",\"description\":\"\u00c7ar Leheng - Osman Sebr\u00ee Di pirt\u00fbkoka \\\"\u00c7ar Leheng\\\" de, Ap\u00ea me\u00a0Osman Sebr\u00ee\u00a0bi zimanek\u00ee rewan \u00fb berdil behsa leheng\u00eeya \u00e7end m\u00earxas\u00ean Kurd dike ku ser\u00ee li ...\",\"breadcrumb\":{\"@id\":\"https:\\\/\\\/shanabooks.de\\\/product\\\/car-leheng-osman-sebri\\\/#breadcrumb\"},\"inLanguage\":\"de\",\"potentialAction\":[{\"@type\":\"ReadAction\",\"target\":[\"https:\\\/\\\/shanabooks.de\\\/product\\\/car-leheng-osman-sebri\\\/\"]}]},{\"@type\":\"ImageObject\",\"inLanguage\":\"de\",\"@id\":\"https:\\\/\\\/shanabooks.de\\\/product\\\/car-leheng-osman-sebri\\\/#primaryimage\",\"url\":\"https:\\\/\\\/shanabooks.de\\\/wp-content\\\/uploads\\\/2024\\\/01\\\/Car-Leheng.png\",\"contentUrl\":\"https:\\\/\\\/shanabooks.de\\\/wp-content\\\/uploads\\\/2024\\\/01\\\/Car-Leheng.png\",\"width\":275,\"height\":474,\"caption\":\"\u00c7ar Leheng - Osman Sebr\u00ee - pirt\u00fbk\u00ean kurd\u00ee\"},{\"@type\":\"BreadcrumbList\",\"@id\":\"https:\\\/\\\/shanabooks.de\\\/product\\\/car-leheng-osman-sebri\\\/#breadcrumb\",\"itemListElement\":[{\"@type\":\"ListItem\",\"position\":1,\"name\":\"\u0627\u0644\u0631\u0626\u064a\u0633\u064a\u0629\",\"item\":\"https:\\\/\\\/shanabooks.de\\\/de\\\/\"},{\"@type\":\"ListItem\",\"position\":2,\"name\":\"\u0627\u0644\u0645\u0646\u062a\u062c\u0627\u062a\",\"item\":\"https:\\\/\\\/shanabooks.de\\\/shop\\\/\"},{\"@type\":\"ListItem\",\"position\":3,\"name\":\"\u00c7ar Leheng\"}]},{\"@type\":\"WebSite\",\"@id\":\"https:\\\/\\\/shanabooks.de\\\/#website\",\"url\":\"https:\\\/\\\/shanabooks.de\\\/\",\"name\":\"www.shanbooks.de\",\"description\":\"C\u00eehana Pirt\u00fbk\u00ean Kurd\u00ee \u0645\u0643\u062a\u0628\u0629 \u0634\u0627\u0646\u0627 \u0641\u064a \u0627\u0644\u0645\u0627\u0646\u064a\u0627 \u0648\u0623\u0648\u0631\u0628\u0627\",\"publisher\":{\"@id\":\"https:\\\/\\\/shanabooks.de\\\/#organization\"},\"potentialAction\":[{\"@type\":\"SearchAction\",\"target\":{\"@type\":\"EntryPoint\",\"urlTemplate\":\"https:\\\/\\\/shanabooks.de\\\/?s={search_term_string}\"},\"query-input\":{\"@type\":\"PropertyValueSpecification\",\"valueRequired\":true,\"valueName\":\"search_term_string\"}}],\"inLanguage\":\"de\"},{\"@type\":\"Organization\",\"@id\":\"https:\\\/\\\/shanabooks.de\\\/#organization\",\"name\":\"www.shanbooks.de\",\"url\":\"https:\\\/\\\/shanabooks.de\\\/\",\"logo\":{\"@type\":\"ImageObject\",\"inLanguage\":\"de\",\"@id\":\"https:\\\/\\\/shanabooks.de\\\/#\\\/schema\\\/logo\\\/image\\\/\",\"url\":\"https:\\\/\\\/shanabooks.de\\\/wp-content\\\/uploads\\\/2024\\\/03\\\/SHANABOOKS__2_-removebg-preview.png\",\"contentUrl\":\"https:\\\/\\\/shanabooks.de\\\/wp-content\\\/uploads\\\/2024\\\/03\\\/SHANABOOKS__2_-removebg-preview.png\",\"width\":700,\"height\":150,\"caption\":\"www.shanbooks.de\"},\"image\":{\"@id\":\"https:\\\/\\\/shanabooks.de\\\/#\\\/schema\\\/logo\\\/image\\\/\"}}]}<\/script>\n<!-- \/ Yoast SEO plugin. -->","yoast_head_json":{"title":"\u00c7ar Leheng - Osman Sebr\u00ee - www.shanabooks.de","description":"\u00c7ar Leheng - Osman Sebr\u00ee Di pirt\u00fbkoka \"\u00c7ar Leheng\" de, Ap\u00ea me\u00a0Osman Sebr\u00ee\u00a0bi zimanek\u00ee rewan \u00fb berdil behsa leheng\u00eeya \u00e7end m\u00earxas\u00ean Kurd dike ku ser\u00ee li ...","robots":{"index":"index","follow":"follow","max-snippet":"max-snippet:-1","max-image-preview":"max-image-preview:large","max-video-preview":"max-video-preview:-1"},"canonical":"https:\/\/shanabooks.de\/product\/car-leheng-osman-sebri\/","og_locale":"de_DE","og_type":"article","og_title":"\u00c7ar Leheng - Osman Sebr\u00ee - www.shanabooks.de","og_description":"\u00c7ar Leheng - Osman Sebr\u00ee Di pirt\u00fbkoka \"\u00c7ar Leheng\" de, Ap\u00ea me\u00a0Osman Sebr\u00ee\u00a0bi zimanek\u00ee rewan \u00fb berdil behsa leheng\u00eeya \u00e7end m\u00earxas\u00ean Kurd dike ku ser\u00ee li ...","og_url":"https:\/\/shanabooks.de\/product\/car-leheng-osman-sebri\/","og_site_name":"www.shanabooks.de","article_modified_time":"2024-11-23T12:18:40+00:00","og_image":[{"width":275,"height":474,"url":"https:\/\/shanabooks.de\/wp-content\/uploads\/2024\/01\/Car-Leheng.png","type":"image\/png"}],"twitter_card":"summary_large_image","twitter_misc":{"Gesch\u00e4tzte Lesezeit":"2\u00a0Minuten"},"schema":{"@context":"https:\/\/schema.org","@graph":[{"@type":"WebPage","@id":"https:\/\/shanabooks.de\/product\/car-leheng-osman-sebri\/","url":"https:\/\/shanabooks.de\/product\/car-leheng-osman-sebri\/","name":"\u00c7ar Leheng - Osman Sebr\u00ee - www.shanabooks.de","isPartOf":{"@id":"https:\/\/shanabooks.de\/#website"},"primaryImageOfPage":{"@id":"https:\/\/shanabooks.de\/product\/car-leheng-osman-sebri\/#primaryimage"},"image":{"@id":"https:\/\/shanabooks.de\/product\/car-leheng-osman-sebri\/#primaryimage"},"thumbnailUrl":"https:\/\/shanabooks.de\/wp-content\/uploads\/2024\/01\/Car-Leheng.png","datePublished":"2024-03-03T19:51:45+00:00","dateModified":"2024-11-23T12:18:40+00:00","description":"\u00c7ar Leheng - Osman Sebr\u00ee Di pirt\u00fbkoka \"\u00c7ar Leheng\" de, Ap\u00ea me\u00a0Osman Sebr\u00ee\u00a0bi zimanek\u00ee rewan \u00fb berdil behsa leheng\u00eeya \u00e7end m\u00earxas\u00ean Kurd dike ku ser\u00ee li ...","breadcrumb":{"@id":"https:\/\/shanabooks.de\/product\/car-leheng-osman-sebri\/#breadcrumb"},"inLanguage":"de","potentialAction":[{"@type":"ReadAction","target":["https:\/\/shanabooks.de\/product\/car-leheng-osman-sebri\/"]}]},{"@type":"ImageObject","inLanguage":"de","@id":"https:\/\/shanabooks.de\/product\/car-leheng-osman-sebri\/#primaryimage","url":"https:\/\/shanabooks.de\/wp-content\/uploads\/2024\/01\/Car-Leheng.png","contentUrl":"https:\/\/shanabooks.de\/wp-content\/uploads\/2024\/01\/Car-Leheng.png","width":275,"height":474,"caption":"\u00c7ar Leheng - Osman Sebr\u00ee - pirt\u00fbk\u00ean kurd\u00ee"},{"@type":"BreadcrumbList","@id":"https:\/\/shanabooks.de\/product\/car-leheng-osman-sebri\/#breadcrumb","itemListElement":[{"@type":"ListItem","position":1,"name":"\u0627\u0644\u0631\u0626\u064a\u0633\u064a\u0629","item":"https:\/\/shanabooks.de\/de\/"},{"@type":"ListItem","position":2,"name":"\u0627\u0644\u0645\u0646\u062a\u062c\u0627\u062a","item":"https:\/\/shanabooks.de\/shop\/"},{"@type":"ListItem","position":3,"name":"\u00c7ar Leheng"}]},{"@type":"WebSite","@id":"https:\/\/shanabooks.de\/#website","url":"https:\/\/shanabooks.de\/","name":"www.shanbooks.de","description":"C\u00eehana Pirt\u00fbk\u00ean Kurd\u00ee \u0645\u0643\u062a\u0628\u0629 \u0634\u0627\u0646\u0627 \u0641\u064a \u0627\u0644\u0645\u0627\u0646\u064a\u0627 \u0648\u0623\u0648\u0631\u0628\u0627","publisher":{"@id":"https:\/\/shanabooks.de\/#organization"},"potentialAction":[{"@type":"SearchAction","target":{"@type":"EntryPoint","urlTemplate":"https:\/\/shanabooks.de\/?s={search_term_string}"},"query-input":{"@type":"PropertyValueSpecification","valueRequired":true,"valueName":"search_term_string"}}],"inLanguage":"de"},{"@type":"Organization","@id":"https:\/\/shanabooks.de\/#organization","name":"www.shanbooks.de","url":"https:\/\/shanabooks.de\/","logo":{"@type":"ImageObject","inLanguage":"de","@id":"https:\/\/shanabooks.de\/#\/schema\/logo\/image\/","url":"https:\/\/shanabooks.de\/wp-content\/uploads\/2024\/03\/SHANABOOKS__2_-removebg-preview.png","contentUrl":"https:\/\/shanabooks.de\/wp-content\/uploads\/2024\/03\/SHANABOOKS__2_-removebg-preview.png","width":700,"height":150,"caption":"www.shanbooks.de"},"image":{"@id":"https:\/\/shanabooks.de\/#\/schema\/logo\/image\/"}}]}},"jetpack_sharing_enabled":true,"_links":{"self":[{"href":"https:\/\/shanabooks.de\/de\/wp-json\/wp\/v2\/product\/13523","targetHints":{"allow":["GET"]}}],"collection":[{"href":"https:\/\/shanabooks.de\/de\/wp-json\/wp\/v2\/product"}],"about":[{"href":"https:\/\/shanabooks.de\/de\/wp-json\/wp\/v2\/types\/product"}],"version-history":[{"count":2,"href":"https:\/\/shanabooks.de\/de\/wp-json\/wp\/v2\/product\/13523\/revisions"}],"predecessor-version":[{"id":17267,"href":"https:\/\/shanabooks.de\/de\/wp-json\/wp\/v2\/product\/13523\/revisions\/17267"}],"wp:featuredmedia":[{"embeddable":true,"href":"https:\/\/shanabooks.de\/de\/wp-json\/wp\/v2\/media\/6446"}],"wp:attachment":[{"href":"https:\/\/shanabooks.de\/de\/wp-json\/wp\/v2\/media?parent=13523"}],"wp:term":[{"taxonomy":"product_brand","embeddable":true,"href":"https:\/\/shanabooks.de\/de\/wp-json\/wp\/v2\/product_brand?post=13523"},{"taxonomy":"product_cat","embeddable":true,"href":"https:\/\/shanabooks.de\/de\/wp-json\/wp\/v2\/product_cat?post=13523"},{"taxonomy":"product_tag","embeddable":true,"href":"https:\/\/shanabooks.de\/de\/wp-json\/wp\/v2\/product_tag?post=13523"}],"curies":[{"name":"wp","href":"https:\/\/api.w.org\/{rel}","templated":true}]}}