{"id":13524,"date":"2024-03-03T19:51:45","date_gmt":"2024-03-03T19:51:45","guid":{"rendered":"https:\/\/shanabooks.de\/?post_type=product&#038;p=13524"},"modified":"2026-01-02T19:52:34","modified_gmt":"2026-01-02T19:52:34","slug":"li-gorstaneke-amede-osman-sebri","status":"publish","type":"product","link":"https:\/\/shanabooks.de\/de\/product\/li-gorstaneke-amede-osman-sebri\/","title":{"rendered":"Li Gorstaneke Amed\u00ea"},"content":{"rendered":"<p style=\"text-align: left\"><strong>Li Gorstaneke Amed\u00ea &#8211; Osman Sebr\u00ee<\/strong><\/p>\n<p style=\"text-align: left\">Helbestkar \u00fb niv\u00eeskar\u00ea nemir Ap Osman Sebr\u00ee y\u00ea ku di 57 hejmar\u00ean Hawar\u00ea de ji n\u00eev\u00eey\u00ea b\u00eahtir niv\u00ees\u00ean w\u00ee hatine we\u015fandin, di he\u015ft\u00ea \u00fb he\u015ft sal\u00ean temen\u00ea xwe y\u00ea dir\u00eaj de, hema hema di her war\u00ea niv\u00ees\u00een\u00ea de berhem dane.<\/p>\n<p style=\"text-align: left\">Ev berhema bi nav\u00ea \u201cLi Goristaneke Amed\u00ea\u201d ji \u00e7\u00eerok\u00ean niv\u00eesk\u00ear \u00ean ku ji Hawar \u00fb Ronah\u00eey\u00ea hatine wergirtin p\u00eak hatiye, li gor m\u00eaj\u00fbya niv\u00eesandina wan hatine r\u00eazkirin \u00fb hatine berhevkirin di di pirt\u00fbkek\u00ea de.<\/p>\n<p style=\"text-align: left\">Berhema ku ji deh \u00e7\u00eerokan p\u00eak t\u00ea bi \u00e7\u00eeroka bi nav\u00ea \u201cLi P\u00ea\u015fber\u00ea Yar\u00ea\u201d dest p\u00ea dike ku bi \u015f\u00eawevegotina namey\u00ea \u00fb bi away\u00ea x\u00eetab\u00ee hatiye niv\u00eesandin. X\u00eetab ji dev\u00ea leheng\u00ea \u00e7\u00eerok\u00ea, an ku ji dev\u00ea \u00e7\u00eerokniv\u00ees bi xwe, bi away\u00ea helbest\u00ee hatiye kirin.<\/p>\n<p style=\"text-align: left\">Di \u00e7\u00eeroka \u201cLi Goristaneke Amed\u00ea\u201d de; leheng\u00ea ku ji ber b\u00eahnteng\u00eeya xwe dihere kev\u00eeya Behra Sor, li w\u00ea der\u00ea ji ser hi\u015f\u00ea xwe ve dihere \u00fb dikeve deryaya xeyalan, der\u00fbn\u00eeya hem\u00fb rew\u015fenb\u00eer \u00fb p\u00ea\u015feway\u00ean Kurd ku ji welat\u00ea xwe d\u00fbr ketine, vedib\u00eaje.<\/p>\n<p style=\"text-align: left\">\u00c7\u00eeroka \u201c\u015eeytanq\u00fbn\u00ee\u201d ku ji s\u00ea be\u015fan p\u00eak t\u00ea, li ser h\u00eem\u00ea xurefey\u00ean di nav \u00e7anda Kurd\u00ee de ava b\u00fbye. Heger ev \u00e7\u00eerok di dema niv\u00ees\u00eena xwe de li ziman\u00ean din bihata wergerandin, d\u00ea bi teqez\u00ee cih di nav \u00e7\u00eerok\u00ean klas\u00eek \u00ean w\u00eajeya c\u00eehan\u00ea de bigirt<\/p>\n","protected":false},"excerpt":{"rendered":"<p style=\"text-align: center\"><strong>Pirt\u00fbk: Li Gorstaneke Amed\u00ea<br \/>\nNiv\u00eeskar: Osman Sebr\u00ee<br \/>\nCure: Roman<\/strong><\/p>\n","protected":false},"featured_media":6448,"template":"","meta":{"site-sidebar-layout":"default","site-content-layout":"","ast-site-content-layout":"default","site-content-style":"default","site-sidebar-style":"default","ast-global-header-display":"","ast-banner-title-visibility":"","ast-main-header-display":"","ast-hfb-above-header-display":"","ast-hfb-below-header-display":"","ast-hfb-mobile-header-display":"","site-post-title":"","ast-breadcrumbs-content":"","ast-featured-img":"","footer-sml-layout":"","ast-disable-related-posts":"","theme-transparent-header-meta":"default","adv-header-id-meta":"","stick-header-meta":"","header-above-stick-meta":"","header-main-stick-meta":"","header-below-stick-meta":"","astra-migrate-meta-layouts":"set","ast-page-background-enabled":"default","ast-page-background-meta":{"desktop":{"background-color":"","background-image":"","background-repeat":"repeat","background-position":"center center","background-size":"auto","background-attachment":"scroll","background-type":"","background-media":"","overlay-type":"","overlay-color":"","overlay-opacity":"","overlay-gradient":""},"tablet":{"background-color":"","background-image":"","background-repeat":"repeat","background-position":"center center","background-size":"auto","background-attachment":"scroll","background-type":"","background-media":"","overlay-type":"","overlay-color":"","overlay-opacity":"","overlay-gradient":""},"mobile":{"background-color":"","background-image":"","background-repeat":"repeat","background-position":"center center","background-size":"auto","background-attachment":"scroll","background-type":"","background-media":"","overlay-type":"","overlay-color":"","overlay-opacity":"","overlay-gradient":""}},"ast-content-background-meta":{"desktop":{"background-color":"var(--ast-global-color-5)","background-image":"","background-repeat":"repeat","background-position":"center center","background-size":"auto","background-attachment":"scroll","background-type":"","background-media":"","overlay-type":"","overlay-color":"","overlay-opacity":"","overlay-gradient":""},"tablet":{"background-color":"var(--ast-global-color-5)","background-image":"","background-repeat":"repeat","background-position":"center center","background-size":"auto","background-attachment":"scroll","background-type":"","background-media":"","overlay-type":"","overlay-color":"","overlay-opacity":"","overlay-gradient":""},"mobile":{"background-color":"var(--ast-global-color-5)","background-image":"","background-repeat":"repeat","background-position":"center center","background-size":"auto","background-attachment":"scroll","background-type":"","background-media":"","overlay-type":"","overlay-color":"","overlay-opacity":"","overlay-gradient":""}}},"product_brand":[],"product_cat":[182,193],"product_tag":[],"class_list":{"0":"post-13524","1":"product","2":"type-product","3":"status-publish","4":"has-post-thumbnail","6":"product_cat-_","7":"product_cat--_","8":"pa_-roman","9":"pa_-osman-sebri","10":"pa_-kurmanci","11":"pa_--lis-yayinevi","12":"desktop-align-left","13":"tablet-align-left","14":"mobile-align-left","16":"first","17":"instock","18":"shipping-taxable","19":"purchasable","20":"product-type-simple"},"yoast_head":"<!-- This site is optimized with the Yoast SEO plugin v27.4 - https:\/\/yoast.com\/product\/yoast-seo-wordpress\/ -->\n<title>Li Gorstaneke Amed\u00ea - Osman Sebr\u00ee - www.shanabooks.de<\/title>\n<meta name=\"description\" content=\"Li Gorstaneke Amed\u00ea - Osman Sebr\u00ee Helbestkar \u00fb niv\u00eeskar\u00ea nemir Ap Osman Sebr\u00ee y\u00ea ku di 57 hejmar\u00ean Hawar\u00ea de ji n\u00eev\u00eey\u00ea b\u00eahtir niv\u00ees\u00ean w\u00ee hatine we\u015fandin,...\" \/>\n<meta name=\"robots\" content=\"index, follow, max-snippet:-1, max-image-preview:large, max-video-preview:-1\" \/>\n<link rel=\"canonical\" href=\"https:\/\/shanabooks.de\/product\/li-gorstaneke-amede-osman-sebri\/\" \/>\n<meta property=\"og:locale\" content=\"de_DE\" \/>\n<meta property=\"og:type\" content=\"article\" \/>\n<meta property=\"og:title\" content=\"Li Gorstaneke Amed\u00ea - Osman Sebr\u00ee - www.shanabooks.de\" \/>\n<meta property=\"og:description\" content=\"Li Gorstaneke Amed\u00ea - Osman Sebr\u00ee Helbestkar \u00fb niv\u00eeskar\u00ea nemir Ap Osman Sebr\u00ee y\u00ea ku di 57 hejmar\u00ean Hawar\u00ea de ji n\u00eev\u00eey\u00ea b\u00eahtir niv\u00ees\u00ean w\u00ee hatine we\u015fandin,...\" \/>\n<meta property=\"og:url\" content=\"https:\/\/shanabooks.de\/product\/li-gorstaneke-amede-osman-sebri\/\" \/>\n<meta property=\"og:site_name\" content=\"www.shanabooks.de\" \/>\n<meta property=\"article:modified_time\" content=\"2026-01-02T19:52:34+00:00\" \/>\n<meta property=\"og:image\" content=\"https:\/\/shanabooks.de\/wp-content\/uploads\/2024\/01\/Li-Gorstaneke-Amede.png\" \/>\n\t<meta property=\"og:image:width\" content=\"267\" \/>\n\t<meta property=\"og:image:height\" content=\"467\" \/>\n\t<meta property=\"og:image:type\" content=\"image\/png\" \/>\n<meta name=\"twitter:card\" content=\"summary_large_image\" \/>\n<meta name=\"twitter:label1\" content=\"Gesch\u00e4tzte Lesezeit\" \/>\n\t<meta name=\"twitter:data1\" content=\"2\u00a0Minuten\" \/>\n<script type=\"application\/ld+json\" class=\"yoast-schema-graph\">{\"@context\":\"https:\\\/\\\/schema.org\",\"@graph\":[{\"@type\":\"WebPage\",\"@id\":\"https:\\\/\\\/shanabooks.de\\\/product\\\/li-gorstaneke-amede-osman-sebri\\\/\",\"url\":\"https:\\\/\\\/shanabooks.de\\\/product\\\/li-gorstaneke-amede-osman-sebri\\\/\",\"name\":\"Li Gorstaneke Amed\u00ea - Osman Sebr\u00ee - www.shanabooks.de\",\"isPartOf\":{\"@id\":\"https:\\\/\\\/shanabooks.de\\\/#website\"},\"primaryImageOfPage\":{\"@id\":\"https:\\\/\\\/shanabooks.de\\\/product\\\/li-gorstaneke-amede-osman-sebri\\\/#primaryimage\"},\"image\":{\"@id\":\"https:\\\/\\\/shanabooks.de\\\/product\\\/li-gorstaneke-amede-osman-sebri\\\/#primaryimage\"},\"thumbnailUrl\":\"https:\\\/\\\/shanabooks.de\\\/wp-content\\\/uploads\\\/2024\\\/01\\\/Li-Gorstaneke-Amede.png\",\"datePublished\":\"2024-03-03T19:51:45+00:00\",\"dateModified\":\"2026-01-02T19:52:34+00:00\",\"description\":\"Li Gorstaneke Amed\u00ea - Osman Sebr\u00ee Helbestkar \u00fb niv\u00eeskar\u00ea nemir Ap Osman Sebr\u00ee y\u00ea ku di 57 hejmar\u00ean Hawar\u00ea de ji n\u00eev\u00eey\u00ea b\u00eahtir niv\u00ees\u00ean w\u00ee hatine we\u015fandin,...\",\"breadcrumb\":{\"@id\":\"https:\\\/\\\/shanabooks.de\\\/product\\\/li-gorstaneke-amede-osman-sebri\\\/#breadcrumb\"},\"inLanguage\":\"de\",\"potentialAction\":[{\"@type\":\"ReadAction\",\"target\":[\"https:\\\/\\\/shanabooks.de\\\/product\\\/li-gorstaneke-amede-osman-sebri\\\/\"]}]},{\"@type\":\"ImageObject\",\"inLanguage\":\"de\",\"@id\":\"https:\\\/\\\/shanabooks.de\\\/product\\\/li-gorstaneke-amede-osman-sebri\\\/#primaryimage\",\"url\":\"https:\\\/\\\/shanabooks.de\\\/wp-content\\\/uploads\\\/2024\\\/01\\\/Li-Gorstaneke-Amede.png\",\"contentUrl\":\"https:\\\/\\\/shanabooks.de\\\/wp-content\\\/uploads\\\/2024\\\/01\\\/Li-Gorstaneke-Amede.png\",\"width\":267,\"height\":467,\"caption\":\"Li Gorstaneke Amed\u00ea - Osman Sebr\u00ee - pirt\u00fbk\u00ean kurd\u00ee\"},{\"@type\":\"BreadcrumbList\",\"@id\":\"https:\\\/\\\/shanabooks.de\\\/product\\\/li-gorstaneke-amede-osman-sebri\\\/#breadcrumb\",\"itemListElement\":[{\"@type\":\"ListItem\",\"position\":1,\"name\":\"\u0627\u0644\u0631\u0626\u064a\u0633\u064a\u0629\",\"item\":\"https:\\\/\\\/shanabooks.de\\\/de\\\/\"},{\"@type\":\"ListItem\",\"position\":2,\"name\":\"\u0627\u0644\u0645\u0646\u062a\u062c\u0627\u062a\",\"item\":\"https:\\\/\\\/shanabooks.de\\\/shop\\\/\"},{\"@type\":\"ListItem\",\"position\":3,\"name\":\"Li Gorstaneke Amed\u00ea\"}]},{\"@type\":\"WebSite\",\"@id\":\"https:\\\/\\\/shanabooks.de\\\/#website\",\"url\":\"https:\\\/\\\/shanabooks.de\\\/\",\"name\":\"www.shanbooks.de\",\"description\":\"C\u00eehana Pirt\u00fbk\u00ean Kurd\u00ee \u0645\u0643\u062a\u0628\u0629 \u0634\u0627\u0646\u0627 \u0641\u064a \u0627\u0644\u0645\u0627\u0646\u064a\u0627 \u0648\u0623\u0648\u0631\u0628\u0627\",\"publisher\":{\"@id\":\"https:\\\/\\\/shanabooks.de\\\/#organization\"},\"potentialAction\":[{\"@type\":\"SearchAction\",\"target\":{\"@type\":\"EntryPoint\",\"urlTemplate\":\"https:\\\/\\\/shanabooks.de\\\/?s={search_term_string}\"},\"query-input\":{\"@type\":\"PropertyValueSpecification\",\"valueRequired\":true,\"valueName\":\"search_term_string\"}}],\"inLanguage\":\"de\"},{\"@type\":\"Organization\",\"@id\":\"https:\\\/\\\/shanabooks.de\\\/#organization\",\"name\":\"www.shanbooks.de\",\"url\":\"https:\\\/\\\/shanabooks.de\\\/\",\"logo\":{\"@type\":\"ImageObject\",\"inLanguage\":\"de\",\"@id\":\"https:\\\/\\\/shanabooks.de\\\/#\\\/schema\\\/logo\\\/image\\\/\",\"url\":\"https:\\\/\\\/shanabooks.de\\\/wp-content\\\/uploads\\\/2024\\\/03\\\/SHANABOOKS__2_-removebg-preview.png\",\"contentUrl\":\"https:\\\/\\\/shanabooks.de\\\/wp-content\\\/uploads\\\/2024\\\/03\\\/SHANABOOKS__2_-removebg-preview.png\",\"width\":700,\"height\":150,\"caption\":\"www.shanbooks.de\"},\"image\":{\"@id\":\"https:\\\/\\\/shanabooks.de\\\/#\\\/schema\\\/logo\\\/image\\\/\"}}]}<\/script>\n<!-- \/ Yoast SEO plugin. -->","yoast_head_json":{"title":"Li Gorstaneke Amed\u00ea - Osman Sebr\u00ee - www.shanabooks.de","description":"Li Gorstaneke Amed\u00ea - Osman Sebr\u00ee Helbestkar \u00fb niv\u00eeskar\u00ea nemir Ap Osman Sebr\u00ee y\u00ea ku di 57 hejmar\u00ean Hawar\u00ea de ji n\u00eev\u00eey\u00ea b\u00eahtir niv\u00ees\u00ean w\u00ee hatine we\u015fandin,...","robots":{"index":"index","follow":"follow","max-snippet":"max-snippet:-1","max-image-preview":"max-image-preview:large","max-video-preview":"max-video-preview:-1"},"canonical":"https:\/\/shanabooks.de\/product\/li-gorstaneke-amede-osman-sebri\/","og_locale":"de_DE","og_type":"article","og_title":"Li Gorstaneke Amed\u00ea - Osman Sebr\u00ee - www.shanabooks.de","og_description":"Li Gorstaneke Amed\u00ea - Osman Sebr\u00ee Helbestkar \u00fb niv\u00eeskar\u00ea nemir Ap Osman Sebr\u00ee y\u00ea ku di 57 hejmar\u00ean Hawar\u00ea de ji n\u00eev\u00eey\u00ea b\u00eahtir niv\u00ees\u00ean w\u00ee hatine we\u015fandin,...","og_url":"https:\/\/shanabooks.de\/product\/li-gorstaneke-amede-osman-sebri\/","og_site_name":"www.shanabooks.de","article_modified_time":"2026-01-02T19:52:34+00:00","og_image":[{"width":267,"height":467,"url":"https:\/\/shanabooks.de\/wp-content\/uploads\/2024\/01\/Li-Gorstaneke-Amede.png","type":"image\/png"}],"twitter_card":"summary_large_image","twitter_misc":{"Gesch\u00e4tzte Lesezeit":"2\u00a0Minuten"},"schema":{"@context":"https:\/\/schema.org","@graph":[{"@type":"WebPage","@id":"https:\/\/shanabooks.de\/product\/li-gorstaneke-amede-osman-sebri\/","url":"https:\/\/shanabooks.de\/product\/li-gorstaneke-amede-osman-sebri\/","name":"Li Gorstaneke Amed\u00ea - Osman Sebr\u00ee - www.shanabooks.de","isPartOf":{"@id":"https:\/\/shanabooks.de\/#website"},"primaryImageOfPage":{"@id":"https:\/\/shanabooks.de\/product\/li-gorstaneke-amede-osman-sebri\/#primaryimage"},"image":{"@id":"https:\/\/shanabooks.de\/product\/li-gorstaneke-amede-osman-sebri\/#primaryimage"},"thumbnailUrl":"https:\/\/shanabooks.de\/wp-content\/uploads\/2024\/01\/Li-Gorstaneke-Amede.png","datePublished":"2024-03-03T19:51:45+00:00","dateModified":"2026-01-02T19:52:34+00:00","description":"Li Gorstaneke Amed\u00ea - Osman Sebr\u00ee Helbestkar \u00fb niv\u00eeskar\u00ea nemir Ap Osman Sebr\u00ee y\u00ea ku di 57 hejmar\u00ean Hawar\u00ea de ji n\u00eev\u00eey\u00ea b\u00eahtir niv\u00ees\u00ean w\u00ee hatine we\u015fandin,...","breadcrumb":{"@id":"https:\/\/shanabooks.de\/product\/li-gorstaneke-amede-osman-sebri\/#breadcrumb"},"inLanguage":"de","potentialAction":[{"@type":"ReadAction","target":["https:\/\/shanabooks.de\/product\/li-gorstaneke-amede-osman-sebri\/"]}]},{"@type":"ImageObject","inLanguage":"de","@id":"https:\/\/shanabooks.de\/product\/li-gorstaneke-amede-osman-sebri\/#primaryimage","url":"https:\/\/shanabooks.de\/wp-content\/uploads\/2024\/01\/Li-Gorstaneke-Amede.png","contentUrl":"https:\/\/shanabooks.de\/wp-content\/uploads\/2024\/01\/Li-Gorstaneke-Amede.png","width":267,"height":467,"caption":"Li Gorstaneke Amed\u00ea - Osman Sebr\u00ee - pirt\u00fbk\u00ean kurd\u00ee"},{"@type":"BreadcrumbList","@id":"https:\/\/shanabooks.de\/product\/li-gorstaneke-amede-osman-sebri\/#breadcrumb","itemListElement":[{"@type":"ListItem","position":1,"name":"\u0627\u0644\u0631\u0626\u064a\u0633\u064a\u0629","item":"https:\/\/shanabooks.de\/de\/"},{"@type":"ListItem","position":2,"name":"\u0627\u0644\u0645\u0646\u062a\u062c\u0627\u062a","item":"https:\/\/shanabooks.de\/shop\/"},{"@type":"ListItem","position":3,"name":"Li Gorstaneke Amed\u00ea"}]},{"@type":"WebSite","@id":"https:\/\/shanabooks.de\/#website","url":"https:\/\/shanabooks.de\/","name":"www.shanbooks.de","description":"C\u00eehana Pirt\u00fbk\u00ean Kurd\u00ee \u0645\u0643\u062a\u0628\u0629 \u0634\u0627\u0646\u0627 \u0641\u064a \u0627\u0644\u0645\u0627\u0646\u064a\u0627 \u0648\u0623\u0648\u0631\u0628\u0627","publisher":{"@id":"https:\/\/shanabooks.de\/#organization"},"potentialAction":[{"@type":"SearchAction","target":{"@type":"EntryPoint","urlTemplate":"https:\/\/shanabooks.de\/?s={search_term_string}"},"query-input":{"@type":"PropertyValueSpecification","valueRequired":true,"valueName":"search_term_string"}}],"inLanguage":"de"},{"@type":"Organization","@id":"https:\/\/shanabooks.de\/#organization","name":"www.shanbooks.de","url":"https:\/\/shanabooks.de\/","logo":{"@type":"ImageObject","inLanguage":"de","@id":"https:\/\/shanabooks.de\/#\/schema\/logo\/image\/","url":"https:\/\/shanabooks.de\/wp-content\/uploads\/2024\/03\/SHANABOOKS__2_-removebg-preview.png","contentUrl":"https:\/\/shanabooks.de\/wp-content\/uploads\/2024\/03\/SHANABOOKS__2_-removebg-preview.png","width":700,"height":150,"caption":"www.shanbooks.de"},"image":{"@id":"https:\/\/shanabooks.de\/#\/schema\/logo\/image\/"}}]}},"jetpack_sharing_enabled":true,"_links":{"self":[{"href":"https:\/\/shanabooks.de\/de\/wp-json\/wp\/v2\/product\/13524","targetHints":{"allow":["GET"]}}],"collection":[{"href":"https:\/\/shanabooks.de\/de\/wp-json\/wp\/v2\/product"}],"about":[{"href":"https:\/\/shanabooks.de\/de\/wp-json\/wp\/v2\/types\/product"}],"version-history":[{"count":2,"href":"https:\/\/shanabooks.de\/de\/wp-json\/wp\/v2\/product\/13524\/revisions"}],"predecessor-version":[{"id":17270,"href":"https:\/\/shanabooks.de\/de\/wp-json\/wp\/v2\/product\/13524\/revisions\/17270"}],"wp:featuredmedia":[{"embeddable":true,"href":"https:\/\/shanabooks.de\/de\/wp-json\/wp\/v2\/media\/6448"}],"wp:attachment":[{"href":"https:\/\/shanabooks.de\/de\/wp-json\/wp\/v2\/media?parent=13524"}],"wp:term":[{"taxonomy":"product_brand","embeddable":true,"href":"https:\/\/shanabooks.de\/de\/wp-json\/wp\/v2\/product_brand?post=13524"},{"taxonomy":"product_cat","embeddable":true,"href":"https:\/\/shanabooks.de\/de\/wp-json\/wp\/v2\/product_cat?post=13524"},{"taxonomy":"product_tag","embeddable":true,"href":"https:\/\/shanabooks.de\/de\/wp-json\/wp\/v2\/product_tag?post=13524"}],"curies":[{"name":"wp","href":"https:\/\/api.w.org\/{rel}","templated":true}]}}