{"id":13526,"date":"2024-03-03T19:51:45","date_gmt":"2024-03-03T19:51:45","guid":{"rendered":"https:\/\/shanabooks.de\/?post_type=product&#038;p=13526"},"modified":"2024-11-23T12:18:40","modified_gmt":"2024-11-23T12:18:40","slug":"hevale-cak-osman-sebri","status":"publish","type":"product","link":"https:\/\/shanabooks.de\/de\/product\/hevale-cak-osman-sebri\/","title":{"rendered":"Heval\u00ea \u00e7ak"},"content":{"rendered":"<p style=\"text-align: left\"><strong>Heval\u00ea \u00e7ak &#8211; Osman Sebr\u00ee<\/strong><\/p>\n<p style=\"text-align: left\">Pirt\u00fbka gorbehi\u015ft Osman Sebr\u00ee ya bi nav\u00ea \u201cHeval\u00ea \u00c7ak\u201d cara yekem ji al\u00eey\u00ea We\u015fanxaneya L\u00ees\u00ea ve t\u00ea \u00e7apkirin.<br \/>\nPirt\u00fbk ji gotar \u00fb niv\u00ees\u00ean pex\u015fan\u00ee y\u00ean nemir Osman Sebr\u00ee p\u00eak t\u00ea ku du bir\u00ean wan di dem\u00ean cuda di kovar\u00ean Hawar \u00fb Ronah\u00eey\u00ea de hatine we\u015fandin \u00fb bir\u00ea s\u00eayem j\u00ee ji hinek destniv\u00eesan p\u00eak t\u00ea ku ev cara yekem t\u00ean we\u015fandin.<br \/>\nNaveroka piran\u00eeya van gotar \u00fb niv\u00eesan li ser cam\u00ear\u00ee, m\u00earxas\u00ee, leheng\u00ee, ser\u00eehildan\u00ean gel\u00ea Kurd, qewim\u00een \u00fb malkambax\u00eey\u00ean ku hatine ser\u00ea Kurdan, fen \u00fb f\u00eet\u00ean dijminan \u00fb par\u00e7ekirina \u00e7areniv\u00eesa gel\u00ea Kurd e. Pirt\u00fbk her weha hinek \u00e7\u00eerok\u00ean Osman Sebr\u00ee y\u00ean wek\u00ee \u201cLi Goristaneke Amed\u00ea\u201d, \u201c\u015eeytanq\u00fbn\u00ee\u201d \u00fb \u201cLi P\u00ea\u015fber\u00ea Yar\u00ea\u201d di nav xwe de vedihew\u00eene, ku xw\u00eener di h\u00fbnandina van \u00e7\u00eerokan de rast\u00ee vegotineke \u015f\u00eer\u00een \u00fb p\u00ea\u015fket\u00ee t\u00ea \u00fb p\u00ea ditehmije.<br \/>\nLi al\u00eey\u00ea din, pirt\u00fbk hinek \u00e7\u00eerok\u00ean gel\u00ear\u00ee y\u00ean jin\u00fbveniv\u00eesand\u00ee hemb\u00eaz dike ku Osman Sebr\u00ee ew di qalibek\u00ee w\u00eajey\u00ee y\u00ea nazik \u00fb berdil de ro kirine.Bi r\u00eaya xwendin \u00fb l\u00eakol\u00eena li ser van gotar \u00fb niv\u00eesan, mirov dikare rew\u015f\u00ean civak\u00ee, ol\u00ee \u00fb r\u00eazan\u00ee di destp\u00eaka sedsala b\u00eestan de li Kurdistan\u00ea, nemaze li Bakur\u00ea Kurdistan\u00ea, nas bike \u00fb li ser bisekine.Ap\u00ea me Osman Sebr\u00ee bi van gotar, \u00e7\u00eerok \u00fb niv\u00ees\u00ean xwe, bi g\u00eeyanek\u00ee Kurdewar \u00ea hestyar \u00fb bi p\u00ean\u00fbseke hem t\u00fbj \u00fb hem rewan gelek behs\u00ean gir\u00eaday\u00ee d\u00eeroka Kurdistan\u00ea raber\u00ee me dike.<\/p>\n","protected":false},"excerpt":{"rendered":"<p style=\"text-align: center\"><strong>Pirt\u00fbk: Heval\u00ea \u00e7ak<br \/>\nNiv\u00eeskar: Osman Sebr\u00ee<br \/>\nCure: Pex\u015fan<\/strong><\/p>\n","protected":false},"featured_media":6465,"template":"","meta":{"site-sidebar-layout":"default","site-content-layout":"","ast-site-content-layout":"default","site-content-style":"default","site-sidebar-style":"default","ast-global-header-display":"","ast-banner-title-visibility":"","ast-main-header-display":"","ast-hfb-above-header-display":"","ast-hfb-below-header-display":"","ast-hfb-mobile-header-display":"","site-post-title":"","ast-breadcrumbs-content":"","ast-featured-img":"","footer-sml-layout":"","ast-disable-related-posts":"","theme-transparent-header-meta":"default","adv-header-id-meta":"","stick-header-meta":"","header-above-stick-meta":"","header-main-stick-meta":"","header-below-stick-meta":"","astra-migrate-meta-layouts":"set","ast-page-background-enabled":"default","ast-page-background-meta":{"desktop":{"background-color":"","background-image":"","background-repeat":"repeat","background-position":"center center","background-size":"auto","background-attachment":"scroll","background-type":"","background-media":"","overlay-type":"","overlay-color":"","overlay-opacity":"","overlay-gradient":""},"tablet":{"background-color":"","background-image":"","background-repeat":"repeat","background-position":"center center","background-size":"auto","background-attachment":"scroll","background-type":"","background-media":"","overlay-type":"","overlay-color":"","overlay-opacity":"","overlay-gradient":""},"mobile":{"background-color":"","background-image":"","background-repeat":"repeat","background-position":"center center","background-size":"auto","background-attachment":"scroll","background-type":"","background-media":"","overlay-type":"","overlay-color":"","overlay-opacity":"","overlay-gradient":""}},"ast-content-background-meta":{"desktop":{"background-color":"var(--ast-global-color-5)","background-image":"","background-repeat":"repeat","background-position":"center center","background-size":"auto","background-attachment":"scroll","background-type":"","background-media":"","overlay-type":"","overlay-color":"","overlay-opacity":"","overlay-gradient":""},"tablet":{"background-color":"var(--ast-global-color-5)","background-image":"","background-repeat":"repeat","background-position":"center center","background-size":"auto","background-attachment":"scroll","background-type":"","background-media":"","overlay-type":"","overlay-color":"","overlay-opacity":"","overlay-gradient":""},"mobile":{"background-color":"var(--ast-global-color-5)","background-image":"","background-repeat":"repeat","background-position":"center center","background-size":"auto","background-attachment":"scroll","background-type":"","background-media":"","overlay-type":"","overlay-color":"","overlay-opacity":"","overlay-gradient":""}}},"product_brand":[],"product_cat":[183,193],"product_tag":[],"class_list":{"0":"post-13526","1":"product","2":"type-product","3":"status-publish","4":"has-post-thumbnail","6":"product_cat-_","7":"product_cat--_","8":"pa_-pexsan","9":"pa_-osman-sebri","10":"pa_-kurmanci","11":"pa_--lis-yayinevi","12":"desktop-align-left","13":"tablet-align-left","14":"mobile-align-left","16":"first","17":"outofstock","18":"shipping-taxable","19":"purchasable","20":"product-type-simple"},"yoast_head":"<!-- This site is optimized with the Yoast SEO plugin v27.5 - https:\/\/yoast.com\/product\/yoast-seo-wordpress\/ -->\n<title>Heval\u00ea \u00e7ak - Osman Sebr\u00ee - www.shanabooks.de<\/title>\n<meta name=\"description\" content=\"Heval\u00ea \u00e7ak - Osman Sebr\u00ee Ev Pirt\u00fbk ya niv\u00eeskar Osman Sebr\u00ee ye, wek pex\u015fan hatiye niv\u00ees\u00een \u00fb ji aliy\u00ea we\u015fanxaneya L\u00ees\u00ea ve hatiye \u00e7apkirin\" \/>\n<meta name=\"robots\" content=\"index, follow, max-snippet:-1, max-image-preview:large, max-video-preview:-1\" \/>\n<link rel=\"canonical\" href=\"https:\/\/shanabooks.de\/product\/hevale-cak-osman-sebri\/\" \/>\n<meta property=\"og:locale\" content=\"de_DE\" \/>\n<meta property=\"og:type\" content=\"article\" \/>\n<meta property=\"og:title\" content=\"Heval\u00ea \u00e7ak - Osman Sebr\u00ee - www.shanabooks.de\" \/>\n<meta property=\"og:description\" content=\"Heval\u00ea \u00e7ak - Osman Sebr\u00ee Ev Pirt\u00fbk ya niv\u00eeskar Osman Sebr\u00ee ye, wek pex\u015fan hatiye niv\u00ees\u00een \u00fb ji aliy\u00ea we\u015fanxaneya L\u00ees\u00ea ve hatiye \u00e7apkirin\" \/>\n<meta property=\"og:url\" content=\"https:\/\/shanabooks.de\/product\/hevale-cak-osman-sebri\/\" \/>\n<meta property=\"og:site_name\" content=\"www.shanabooks.de\" \/>\n<meta property=\"article:modified_time\" content=\"2024-11-23T12:18:40+00:00\" \/>\n<meta property=\"og:image\" content=\"https:\/\/shanabooks.de\/wp-content\/uploads\/2024\/01\/Hevale-cak.png\" \/>\n\t<meta property=\"og:image:width\" content=\"294\" \/>\n\t<meta property=\"og:image:height\" content=\"479\" \/>\n\t<meta property=\"og:image:type\" content=\"image\/png\" \/>\n<meta name=\"twitter:card\" content=\"summary_large_image\" \/>\n<meta name=\"twitter:label1\" content=\"Gesch\u00e4tzte Lesezeit\" \/>\n\t<meta name=\"twitter:data1\" content=\"2\u00a0Minuten\" \/>\n<script type=\"application\/ld+json\" class=\"yoast-schema-graph\">{\"@context\":\"https:\\\/\\\/schema.org\",\"@graph\":[{\"@type\":\"WebPage\",\"@id\":\"https:\\\/\\\/shanabooks.de\\\/product\\\/hevale-cak-osman-sebri\\\/\",\"url\":\"https:\\\/\\\/shanabooks.de\\\/product\\\/hevale-cak-osman-sebri\\\/\",\"name\":\"Heval\u00ea \u00e7ak - Osman Sebr\u00ee - www.shanabooks.de\",\"isPartOf\":{\"@id\":\"https:\\\/\\\/shanabooks.de\\\/#website\"},\"primaryImageOfPage\":{\"@id\":\"https:\\\/\\\/shanabooks.de\\\/product\\\/hevale-cak-osman-sebri\\\/#primaryimage\"},\"image\":{\"@id\":\"https:\\\/\\\/shanabooks.de\\\/product\\\/hevale-cak-osman-sebri\\\/#primaryimage\"},\"thumbnailUrl\":\"https:\\\/\\\/shanabooks.de\\\/wp-content\\\/uploads\\\/2024\\\/01\\\/Hevale-cak.png\",\"datePublished\":\"2024-03-03T19:51:45+00:00\",\"dateModified\":\"2024-11-23T12:18:40+00:00\",\"description\":\"Heval\u00ea \u00e7ak - Osman Sebr\u00ee Ev Pirt\u00fbk ya niv\u00eeskar Osman Sebr\u00ee ye, wek pex\u015fan hatiye niv\u00ees\u00een \u00fb ji aliy\u00ea we\u015fanxaneya L\u00ees\u00ea ve hatiye \u00e7apkirin\",\"breadcrumb\":{\"@id\":\"https:\\\/\\\/shanabooks.de\\\/product\\\/hevale-cak-osman-sebri\\\/#breadcrumb\"},\"inLanguage\":\"de\",\"potentialAction\":[{\"@type\":\"ReadAction\",\"target\":[\"https:\\\/\\\/shanabooks.de\\\/product\\\/hevale-cak-osman-sebri\\\/\"]}]},{\"@type\":\"ImageObject\",\"inLanguage\":\"de\",\"@id\":\"https:\\\/\\\/shanabooks.de\\\/product\\\/hevale-cak-osman-sebri\\\/#primaryimage\",\"url\":\"https:\\\/\\\/shanabooks.de\\\/wp-content\\\/uploads\\\/2024\\\/01\\\/Hevale-cak.png\",\"contentUrl\":\"https:\\\/\\\/shanabooks.de\\\/wp-content\\\/uploads\\\/2024\\\/01\\\/Hevale-cak.png\",\"width\":294,\"height\":479,\"caption\":\"Heval\u00ea \u00e7ak - Osman Sebr\u00ee - pirt\u00fbk\u00ean kurd\u00ee\"},{\"@type\":\"BreadcrumbList\",\"@id\":\"https:\\\/\\\/shanabooks.de\\\/product\\\/hevale-cak-osman-sebri\\\/#breadcrumb\",\"itemListElement\":[{\"@type\":\"ListItem\",\"position\":1,\"name\":\"\u0627\u0644\u0631\u0626\u064a\u0633\u064a\u0629\",\"item\":\"https:\\\/\\\/shanabooks.de\\\/de\\\/\"},{\"@type\":\"ListItem\",\"position\":2,\"name\":\"\u0627\u0644\u0645\u0646\u062a\u062c\u0627\u062a\",\"item\":\"https:\\\/\\\/shanabooks.de\\\/shop\\\/\"},{\"@type\":\"ListItem\",\"position\":3,\"name\":\"Heval\u00ea \u00e7ak\"}]},{\"@type\":\"WebSite\",\"@id\":\"https:\\\/\\\/shanabooks.de\\\/#website\",\"url\":\"https:\\\/\\\/shanabooks.de\\\/\",\"name\":\"www.shanbooks.de\",\"description\":\"C\u00eehana Pirt\u00fbk\u00ean Kurd\u00ee \u0645\u0643\u062a\u0628\u0629 \u0634\u0627\u0646\u0627 \u0641\u064a \u0627\u0644\u0645\u0627\u0646\u064a\u0627 \u0648\u0623\u0648\u0631\u0628\u0627\",\"publisher\":{\"@id\":\"https:\\\/\\\/shanabooks.de\\\/#organization\"},\"potentialAction\":[{\"@type\":\"SearchAction\",\"target\":{\"@type\":\"EntryPoint\",\"urlTemplate\":\"https:\\\/\\\/shanabooks.de\\\/?s={search_term_string}\"},\"query-input\":{\"@type\":\"PropertyValueSpecification\",\"valueRequired\":true,\"valueName\":\"search_term_string\"}}],\"inLanguage\":\"de\"},{\"@type\":\"Organization\",\"@id\":\"https:\\\/\\\/shanabooks.de\\\/#organization\",\"name\":\"www.shanbooks.de\",\"url\":\"https:\\\/\\\/shanabooks.de\\\/\",\"logo\":{\"@type\":\"ImageObject\",\"inLanguage\":\"de\",\"@id\":\"https:\\\/\\\/shanabooks.de\\\/#\\\/schema\\\/logo\\\/image\\\/\",\"url\":\"https:\\\/\\\/shanabooks.de\\\/wp-content\\\/uploads\\\/2024\\\/03\\\/SHANABOOKS__2_-removebg-preview.png\",\"contentUrl\":\"https:\\\/\\\/shanabooks.de\\\/wp-content\\\/uploads\\\/2024\\\/03\\\/SHANABOOKS__2_-removebg-preview.png\",\"width\":700,\"height\":150,\"caption\":\"www.shanbooks.de\"},\"image\":{\"@id\":\"https:\\\/\\\/shanabooks.de\\\/#\\\/schema\\\/logo\\\/image\\\/\"}}]}<\/script>\n<!-- \/ Yoast SEO plugin. -->","yoast_head_json":{"title":"Heval\u00ea \u00e7ak - Osman Sebr\u00ee - www.shanabooks.de","description":"Heval\u00ea \u00e7ak - Osman Sebr\u00ee Ev Pirt\u00fbk ya niv\u00eeskar Osman Sebr\u00ee ye, wek pex\u015fan hatiye niv\u00ees\u00een \u00fb ji aliy\u00ea we\u015fanxaneya L\u00ees\u00ea ve hatiye \u00e7apkirin","robots":{"index":"index","follow":"follow","max-snippet":"max-snippet:-1","max-image-preview":"max-image-preview:large","max-video-preview":"max-video-preview:-1"},"canonical":"https:\/\/shanabooks.de\/product\/hevale-cak-osman-sebri\/","og_locale":"de_DE","og_type":"article","og_title":"Heval\u00ea \u00e7ak - Osman Sebr\u00ee - www.shanabooks.de","og_description":"Heval\u00ea \u00e7ak - Osman Sebr\u00ee Ev Pirt\u00fbk ya niv\u00eeskar Osman Sebr\u00ee ye, wek pex\u015fan hatiye niv\u00ees\u00een \u00fb ji aliy\u00ea we\u015fanxaneya L\u00ees\u00ea ve hatiye \u00e7apkirin","og_url":"https:\/\/shanabooks.de\/product\/hevale-cak-osman-sebri\/","og_site_name":"www.shanabooks.de","article_modified_time":"2024-11-23T12:18:40+00:00","og_image":[{"width":294,"height":479,"url":"https:\/\/shanabooks.de\/wp-content\/uploads\/2024\/01\/Hevale-cak.png","type":"image\/png"}],"twitter_card":"summary_large_image","twitter_misc":{"Gesch\u00e4tzte Lesezeit":"2\u00a0Minuten"},"schema":{"@context":"https:\/\/schema.org","@graph":[{"@type":"WebPage","@id":"https:\/\/shanabooks.de\/product\/hevale-cak-osman-sebri\/","url":"https:\/\/shanabooks.de\/product\/hevale-cak-osman-sebri\/","name":"Heval\u00ea \u00e7ak - Osman Sebr\u00ee - www.shanabooks.de","isPartOf":{"@id":"https:\/\/shanabooks.de\/#website"},"primaryImageOfPage":{"@id":"https:\/\/shanabooks.de\/product\/hevale-cak-osman-sebri\/#primaryimage"},"image":{"@id":"https:\/\/shanabooks.de\/product\/hevale-cak-osman-sebri\/#primaryimage"},"thumbnailUrl":"https:\/\/shanabooks.de\/wp-content\/uploads\/2024\/01\/Hevale-cak.png","datePublished":"2024-03-03T19:51:45+00:00","dateModified":"2024-11-23T12:18:40+00:00","description":"Heval\u00ea \u00e7ak - Osman Sebr\u00ee Ev Pirt\u00fbk ya niv\u00eeskar Osman Sebr\u00ee ye, wek pex\u015fan hatiye niv\u00ees\u00een \u00fb ji aliy\u00ea we\u015fanxaneya L\u00ees\u00ea ve hatiye \u00e7apkirin","breadcrumb":{"@id":"https:\/\/shanabooks.de\/product\/hevale-cak-osman-sebri\/#breadcrumb"},"inLanguage":"de","potentialAction":[{"@type":"ReadAction","target":["https:\/\/shanabooks.de\/product\/hevale-cak-osman-sebri\/"]}]},{"@type":"ImageObject","inLanguage":"de","@id":"https:\/\/shanabooks.de\/product\/hevale-cak-osman-sebri\/#primaryimage","url":"https:\/\/shanabooks.de\/wp-content\/uploads\/2024\/01\/Hevale-cak.png","contentUrl":"https:\/\/shanabooks.de\/wp-content\/uploads\/2024\/01\/Hevale-cak.png","width":294,"height":479,"caption":"Heval\u00ea \u00e7ak - Osman Sebr\u00ee - pirt\u00fbk\u00ean kurd\u00ee"},{"@type":"BreadcrumbList","@id":"https:\/\/shanabooks.de\/product\/hevale-cak-osman-sebri\/#breadcrumb","itemListElement":[{"@type":"ListItem","position":1,"name":"\u0627\u0644\u0631\u0626\u064a\u0633\u064a\u0629","item":"https:\/\/shanabooks.de\/de\/"},{"@type":"ListItem","position":2,"name":"\u0627\u0644\u0645\u0646\u062a\u062c\u0627\u062a","item":"https:\/\/shanabooks.de\/shop\/"},{"@type":"ListItem","position":3,"name":"Heval\u00ea \u00e7ak"}]},{"@type":"WebSite","@id":"https:\/\/shanabooks.de\/#website","url":"https:\/\/shanabooks.de\/","name":"www.shanbooks.de","description":"C\u00eehana Pirt\u00fbk\u00ean Kurd\u00ee \u0645\u0643\u062a\u0628\u0629 \u0634\u0627\u0646\u0627 \u0641\u064a \u0627\u0644\u0645\u0627\u0646\u064a\u0627 \u0648\u0623\u0648\u0631\u0628\u0627","publisher":{"@id":"https:\/\/shanabooks.de\/#organization"},"potentialAction":[{"@type":"SearchAction","target":{"@type":"EntryPoint","urlTemplate":"https:\/\/shanabooks.de\/?s={search_term_string}"},"query-input":{"@type":"PropertyValueSpecification","valueRequired":true,"valueName":"search_term_string"}}],"inLanguage":"de"},{"@type":"Organization","@id":"https:\/\/shanabooks.de\/#organization","name":"www.shanbooks.de","url":"https:\/\/shanabooks.de\/","logo":{"@type":"ImageObject","inLanguage":"de","@id":"https:\/\/shanabooks.de\/#\/schema\/logo\/image\/","url":"https:\/\/shanabooks.de\/wp-content\/uploads\/2024\/03\/SHANABOOKS__2_-removebg-preview.png","contentUrl":"https:\/\/shanabooks.de\/wp-content\/uploads\/2024\/03\/SHANABOOKS__2_-removebg-preview.png","width":700,"height":150,"caption":"www.shanbooks.de"},"image":{"@id":"https:\/\/shanabooks.de\/#\/schema\/logo\/image\/"}}]}},"jetpack_sharing_enabled":true,"_links":{"self":[{"href":"https:\/\/shanabooks.de\/de\/wp-json\/wp\/v2\/product\/13526","targetHints":{"allow":["GET"]}}],"collection":[{"href":"https:\/\/shanabooks.de\/de\/wp-json\/wp\/v2\/product"}],"about":[{"href":"https:\/\/shanabooks.de\/de\/wp-json\/wp\/v2\/types\/product"}],"version-history":[{"count":3,"href":"https:\/\/shanabooks.de\/de\/wp-json\/wp\/v2\/product\/13526\/revisions"}],"predecessor-version":[{"id":17300,"href":"https:\/\/shanabooks.de\/de\/wp-json\/wp\/v2\/product\/13526\/revisions\/17300"}],"wp:featuredmedia":[{"embeddable":true,"href":"https:\/\/shanabooks.de\/de\/wp-json\/wp\/v2\/media\/6465"}],"wp:attachment":[{"href":"https:\/\/shanabooks.de\/de\/wp-json\/wp\/v2\/media?parent=13526"}],"wp:term":[{"taxonomy":"product_brand","embeddable":true,"href":"https:\/\/shanabooks.de\/de\/wp-json\/wp\/v2\/product_brand?post=13526"},{"taxonomy":"product_cat","embeddable":true,"href":"https:\/\/shanabooks.de\/de\/wp-json\/wp\/v2\/product_cat?post=13526"},{"taxonomy":"product_tag","embeddable":true,"href":"https:\/\/shanabooks.de\/de\/wp-json\/wp\/v2\/product_tag?post=13526"}],"curies":[{"name":"wp","href":"https:\/\/api.w.org\/{rel}","templated":true}]}}