{"id":13527,"date":"2024-03-03T19:51:45","date_gmt":"2024-03-03T19:51:45","guid":{"rendered":"https:\/\/shanabooks.de\/?post_type=product&#038;p=13527"},"modified":"2026-02-15T18:22:07","modified_gmt":"2026-02-15T18:22:07","slug":"pesangeha-suretan-irfan-amida","status":"publish","type":"product","link":"https:\/\/shanabooks.de\/de\/product\/pesangeha-suretan-irfan-amida\/","title":{"rendered":"P\u00ea\u015fangeha S\u00fbretan"},"content":{"rendered":"<p style=\"text-align: left\"><strong>P\u00ea\u015fangeha S\u00fbretan &#8211; \u00cerfan Am\u00eeda<\/strong><\/p>\n<p style=\"text-align: left\">P\u00ea\u015fangeha S\u00fbretan\u00a0 ya niv\u00eeskar \u00cerfan Am\u00eeda bi s\u00fbret\u00ean ku di \u2018p\u00ea\u015fangeh\u2019ek\u00ea de xuya dikin bi p\u00ea\u015f de t\u00ea. Niv\u00eeskar Am\u00eeda romana xwe li ser felsefeyek\u00ea ava kiriye, ku t\u00ea de\u00a0 jiyan ji s\u00fbretan p\u00eak t\u00ea \u00fb carinan mirov bi ten\u00ea di s\u00fbretek\u00ee de dialiqe. Wek\u00ee Fat\u00eema Xanim\u00ea ya ku bi ten\u00ea di s\u00fbret\u00ea Aram\u00ea winda b\u00fby\u00ee de aliqiye. Ku mirov li jiyana xwe vedigere, bi ten\u00ea p\u00earg\u00ee s\u00fbretan t\u00ea. Ku mirov bi wan s\u00fbretan sosyolojiya v\u00ea ax\u00ea, d\u00eerok \u00fb \u00e7\u00eeroka v\u00ea ax\u00ea j\u00ee de\u015f\u00eefre dike.<\/p>\n<p style=\"text-align: left\">Roman bi p\u00ea\u015fangeha \u00e7arem\u00een, bi s\u00fbret\u00ean Fat\u00eema Xanim\u00ea dest p\u00ea dike, ku li ber sikrat\u00ea ye \u00fb li s\u00fbret\u00ean jiyana xwe vedigere. S\u00fbret\u00ean ku bi 1915\u2019an, bi tehc\u00eera Ermeniyan dest p\u00ea dikin. Di\u00e7e t\u00ea li s\u00fbret\u00ea bir\u00eena xwe ya \u015f\u00east \u00fb p\u00eanc sal\u00ee dialiqe Fat\u00eema Xanim\u00ea \u00fb niv\u00eeskar di destp\u00eak\u00ea de dipirse: Mirov ber\u00ea ji k\u00fb dera xwe dimire? \u00db bi p\u00ea\u015fangeha p\u00ea\u015f\u00een, bi s\u00fbret\u00ea Serv\u00ean diqede \u00fb li s\u00fbret\u00ea daw\u00ee d\u00eesa pirs dike niv\u00eeskar: Mirov ber\u00ea ji k\u00fb dera xwe vedije? Bi v\u00ee away\u00ee, roman di navbera mirin \u00fb vej\u00een\u00ea de di\u00e7e \u00fb t\u00ea.<\/p>\n<p style=\"text-align: left\">P\u00ea\u015fangeha S\u00fbretan, yekem romana \u00cerfan Am\u00eeday\u00ea helbestkar \u00fb werg\u00ear, sercemeke s\u00fbretan e, bi ziman\u00ea xwe ve ji p\u00ean\u00fbsa helbestkarek\u00ee zey\u00eeniye. Romaneke ku bi b\u00eahna xwe ya fireh mizg\u00eeniy\u00ea dide ku w\u00ea \u00cerfan Am\u00eeda bi niv\u00ees\u00eena roman\u00ean n\u00fb y\u00ean bedew berdewam be.<\/p>\n","protected":false},"excerpt":{"rendered":"<p style=\"text-align: center\"><strong>Pirt\u00fbk: P\u00ea\u015fangeha S\u00fbretan<br \/>\nNiv\u00eeskar: \u00cerfan Am\u00eeda<br \/>\nCure: Roman<\/strong><\/p>\n","protected":false},"featured_media":6467,"template":"","meta":{"site-sidebar-layout":"default","site-content-layout":"","ast-site-content-layout":"default","site-content-style":"default","site-sidebar-style":"default","ast-global-header-display":"","ast-banner-title-visibility":"","ast-main-header-display":"","ast-hfb-above-header-display":"","ast-hfb-below-header-display":"","ast-hfb-mobile-header-display":"","site-post-title":"","ast-breadcrumbs-content":"","ast-featured-img":"","footer-sml-layout":"","ast-disable-related-posts":"","theme-transparent-header-meta":"default","adv-header-id-meta":"","stick-header-meta":"","header-above-stick-meta":"","header-main-stick-meta":"","header-below-stick-meta":"","astra-migrate-meta-layouts":"set","ast-page-background-enabled":"default","ast-page-background-meta":{"desktop":{"background-color":"","background-image":"","background-repeat":"repeat","background-position":"center center","background-size":"auto","background-attachment":"scroll","background-type":"","background-media":"","overlay-type":"","overlay-color":"","overlay-opacity":"","overlay-gradient":""},"tablet":{"background-color":"","background-image":"","background-repeat":"repeat","background-position":"center center","background-size":"auto","background-attachment":"scroll","background-type":"","background-media":"","overlay-type":"","overlay-color":"","overlay-opacity":"","overlay-gradient":""},"mobile":{"background-color":"","background-image":"","background-repeat":"repeat","background-position":"center center","background-size":"auto","background-attachment":"scroll","background-type":"","background-media":"","overlay-type":"","overlay-color":"","overlay-opacity":"","overlay-gradient":""}},"ast-content-background-meta":{"desktop":{"background-color":"var(--ast-global-color-5)","background-image":"","background-repeat":"repeat","background-position":"center center","background-size":"auto","background-attachment":"scroll","background-type":"","background-media":"","overlay-type":"","overlay-color":"","overlay-opacity":"","overlay-gradient":""},"tablet":{"background-color":"var(--ast-global-color-5)","background-image":"","background-repeat":"repeat","background-position":"center center","background-size":"auto","background-attachment":"scroll","background-type":"","background-media":"","overlay-type":"","overlay-color":"","overlay-opacity":"","overlay-gradient":""},"mobile":{"background-color":"var(--ast-global-color-5)","background-image":"","background-repeat":"repeat","background-position":"center center","background-size":"auto","background-attachment":"scroll","background-type":"","background-media":"","overlay-type":"","overlay-color":"","overlay-opacity":"","overlay-gradient":""}}},"product_brand":[],"product_cat":[182,193],"product_tag":[],"class_list":{"0":"post-13527","1":"product","2":"type-product","3":"status-publish","4":"has-post-thumbnail","6":"product_cat-_","7":"product_cat--_","8":"pa_-roman","9":"pa_-irfan-amida","10":"pa_-kurmanci","11":"pa_--lis-yayinevi","12":"desktop-align-left","13":"tablet-align-left","14":"mobile-align-left","16":"first","17":"outofstock","18":"shipping-taxable","19":"purchasable","20":"product-type-simple"},"yoast_head":"<!-- This site is optimized with the Yoast SEO plugin v27.4 - https:\/\/yoast.com\/product\/yoast-seo-wordpress\/ -->\n<title>P\u00ea\u015fangeha S\u00fbretan - \u00cerfan Am\u00eeda - www.shanabooks.de<\/title>\n<meta name=\"description\" content=\"P\u00ea\u015fangeha S\u00fbretan - \u00cerfan Am\u00eeda P\u00ea\u015fangeha S\u00fbretan\u00a0 ya niv\u00eeskar \u00cerfan Am\u00eeda bi s\u00fbret\u00ean ku di \u2018p\u00ea\u015fangeh\u2019ek\u00ea de xuya dikin bi p\u00ea\u015f de t\u00ea. Niv\u00eeskar Am\u00eeda roman...\" \/>\n<meta name=\"robots\" content=\"index, follow, max-snippet:-1, max-image-preview:large, max-video-preview:-1\" \/>\n<link rel=\"canonical\" href=\"https:\/\/shanabooks.de\/en\/product\/pesangeha-suretan-irfan-amida\/\" \/>\n<meta property=\"og:locale\" content=\"de_DE\" \/>\n<meta property=\"og:type\" content=\"article\" \/>\n<meta property=\"og:title\" content=\"P\u00ea\u015fangeha S\u00fbretan - \u00cerfan Am\u00eeda - www.shanabooks.de\" \/>\n<meta property=\"og:description\" content=\"P\u00ea\u015fangeha S\u00fbretan - \u00cerfan Am\u00eeda P\u00ea\u015fangeha S\u00fbretan\u00a0 ya niv\u00eeskar \u00cerfan Am\u00eeda bi s\u00fbret\u00ean ku di \u2018p\u00ea\u015fangeh\u2019ek\u00ea de xuya dikin bi p\u00ea\u015f de t\u00ea. Niv\u00eeskar Am\u00eeda roman...\" \/>\n<meta property=\"og:url\" content=\"https:\/\/shanabooks.de\/en\/product\/pesangeha-suretan-irfan-amida\/\" \/>\n<meta property=\"og:site_name\" content=\"www.shanabooks.de\" \/>\n<meta property=\"article:modified_time\" content=\"2026-02-15T18:22:07+00:00\" \/>\n<meta property=\"og:image\" content=\"https:\/\/shanabooks.de\/wp-content\/uploads\/2024\/01\/Pesangeha-Suretan.png\" \/>\n\t<meta property=\"og:image:width\" content=\"294\" \/>\n\t<meta property=\"og:image:height\" content=\"475\" \/>\n\t<meta property=\"og:image:type\" content=\"image\/png\" \/>\n<meta name=\"twitter:card\" content=\"summary_large_image\" \/>\n<meta name=\"twitter:label1\" content=\"Gesch\u00e4tzte Lesezeit\" \/>\n\t<meta name=\"twitter:data1\" content=\"2\u00a0Minuten\" \/>\n<script type=\"application\/ld+json\" class=\"yoast-schema-graph\">{\"@context\":\"https:\\\/\\\/schema.org\",\"@graph\":[{\"@type\":\"WebPage\",\"@id\":\"https:\\\/\\\/shanabooks.de\\\/en\\\/product\\\/pesangeha-suretan-irfan-amida\\\/\",\"url\":\"https:\\\/\\\/shanabooks.de\\\/en\\\/product\\\/pesangeha-suretan-irfan-amida\\\/\",\"name\":\"P\u00ea\u015fangeha S\u00fbretan - \u00cerfan Am\u00eeda - www.shanabooks.de\",\"isPartOf\":{\"@id\":\"https:\\\/\\\/shanabooks.de\\\/#website\"},\"primaryImageOfPage\":{\"@id\":\"https:\\\/\\\/shanabooks.de\\\/en\\\/product\\\/pesangeha-suretan-irfan-amida\\\/#primaryimage\"},\"image\":{\"@id\":\"https:\\\/\\\/shanabooks.de\\\/en\\\/product\\\/pesangeha-suretan-irfan-amida\\\/#primaryimage\"},\"thumbnailUrl\":\"https:\\\/\\\/shanabooks.de\\\/wp-content\\\/uploads\\\/2024\\\/01\\\/Pesangeha-Suretan.png\",\"datePublished\":\"2024-03-03T19:51:45+00:00\",\"dateModified\":\"2026-02-15T18:22:07+00:00\",\"description\":\"P\u00ea\u015fangeha S\u00fbretan - \u00cerfan Am\u00eeda P\u00ea\u015fangeha S\u00fbretan\u00a0 ya niv\u00eeskar \u00cerfan Am\u00eeda bi s\u00fbret\u00ean ku di \u2018p\u00ea\u015fangeh\u2019ek\u00ea de xuya dikin bi p\u00ea\u015f de t\u00ea. Niv\u00eeskar Am\u00eeda roman...\",\"breadcrumb\":{\"@id\":\"https:\\\/\\\/shanabooks.de\\\/en\\\/product\\\/pesangeha-suretan-irfan-amida\\\/#breadcrumb\"},\"inLanguage\":\"de\",\"potentialAction\":[{\"@type\":\"ReadAction\",\"target\":[\"https:\\\/\\\/shanabooks.de\\\/en\\\/product\\\/pesangeha-suretan-irfan-amida\\\/\"]}]},{\"@type\":\"ImageObject\",\"inLanguage\":\"de\",\"@id\":\"https:\\\/\\\/shanabooks.de\\\/en\\\/product\\\/pesangeha-suretan-irfan-amida\\\/#primaryimage\",\"url\":\"https:\\\/\\\/shanabooks.de\\\/wp-content\\\/uploads\\\/2024\\\/01\\\/Pesangeha-Suretan.png\",\"contentUrl\":\"https:\\\/\\\/shanabooks.de\\\/wp-content\\\/uploads\\\/2024\\\/01\\\/Pesangeha-Suretan.png\",\"width\":294,\"height\":475,\"caption\":\"P\u00ea\u015fangeha S\u00fbretan - \u00cerfan Am\u00eeda - pirt\u00fbk\u00ean kurd\u00ee\"},{\"@type\":\"BreadcrumbList\",\"@id\":\"https:\\\/\\\/shanabooks.de\\\/en\\\/product\\\/pesangeha-suretan-irfan-amida\\\/#breadcrumb\",\"itemListElement\":[{\"@type\":\"ListItem\",\"position\":1,\"name\":\"\u0627\u0644\u0631\u0626\u064a\u0633\u064a\u0629\",\"item\":\"https:\\\/\\\/shanabooks.de\\\/de\\\/\"},{\"@type\":\"ListItem\",\"position\":2,\"name\":\"\u0627\u0644\u0645\u0646\u062a\u062c\u0627\u062a\",\"item\":\"https:\\\/\\\/shanabooks.de\\\/shop\\\/\"},{\"@type\":\"ListItem\",\"position\":3,\"name\":\"P\u00ea\u015fangeha S\u00fbretan\"}]},{\"@type\":\"WebSite\",\"@id\":\"https:\\\/\\\/shanabooks.de\\\/#website\",\"url\":\"https:\\\/\\\/shanabooks.de\\\/\",\"name\":\"www.shanbooks.de\",\"description\":\"C\u00eehana Pirt\u00fbk\u00ean Kurd\u00ee \u0645\u0643\u062a\u0628\u0629 \u0634\u0627\u0646\u0627 \u0641\u064a \u0627\u0644\u0645\u0627\u0646\u064a\u0627 \u0648\u0623\u0648\u0631\u0628\u0627\",\"publisher\":{\"@id\":\"https:\\\/\\\/shanabooks.de\\\/#organization\"},\"potentialAction\":[{\"@type\":\"SearchAction\",\"target\":{\"@type\":\"EntryPoint\",\"urlTemplate\":\"https:\\\/\\\/shanabooks.de\\\/?s={search_term_string}\"},\"query-input\":{\"@type\":\"PropertyValueSpecification\",\"valueRequired\":true,\"valueName\":\"search_term_string\"}}],\"inLanguage\":\"de\"},{\"@type\":\"Organization\",\"@id\":\"https:\\\/\\\/shanabooks.de\\\/#organization\",\"name\":\"www.shanbooks.de\",\"url\":\"https:\\\/\\\/shanabooks.de\\\/\",\"logo\":{\"@type\":\"ImageObject\",\"inLanguage\":\"de\",\"@id\":\"https:\\\/\\\/shanabooks.de\\\/#\\\/schema\\\/logo\\\/image\\\/\",\"url\":\"https:\\\/\\\/shanabooks.de\\\/wp-content\\\/uploads\\\/2024\\\/03\\\/SHANABOOKS__2_-removebg-preview.png\",\"contentUrl\":\"https:\\\/\\\/shanabooks.de\\\/wp-content\\\/uploads\\\/2024\\\/03\\\/SHANABOOKS__2_-removebg-preview.png\",\"width\":700,\"height\":150,\"caption\":\"www.shanbooks.de\"},\"image\":{\"@id\":\"https:\\\/\\\/shanabooks.de\\\/#\\\/schema\\\/logo\\\/image\\\/\"}}]}<\/script>\n<!-- \/ Yoast SEO plugin. -->","yoast_head_json":{"title":"P\u00ea\u015fangeha S\u00fbretan - \u00cerfan Am\u00eeda - www.shanabooks.de","description":"P\u00ea\u015fangeha S\u00fbretan - \u00cerfan Am\u00eeda P\u00ea\u015fangeha S\u00fbretan\u00a0 ya niv\u00eeskar \u00cerfan Am\u00eeda bi s\u00fbret\u00ean ku di \u2018p\u00ea\u015fangeh\u2019ek\u00ea de xuya dikin bi p\u00ea\u015f de t\u00ea. Niv\u00eeskar Am\u00eeda roman...","robots":{"index":"index","follow":"follow","max-snippet":"max-snippet:-1","max-image-preview":"max-image-preview:large","max-video-preview":"max-video-preview:-1"},"canonical":"https:\/\/shanabooks.de\/en\/product\/pesangeha-suretan-irfan-amida\/","og_locale":"de_DE","og_type":"article","og_title":"P\u00ea\u015fangeha S\u00fbretan - \u00cerfan Am\u00eeda - www.shanabooks.de","og_description":"P\u00ea\u015fangeha S\u00fbretan - \u00cerfan Am\u00eeda P\u00ea\u015fangeha S\u00fbretan\u00a0 ya niv\u00eeskar \u00cerfan Am\u00eeda bi s\u00fbret\u00ean ku di \u2018p\u00ea\u015fangeh\u2019ek\u00ea de xuya dikin bi p\u00ea\u015f de t\u00ea. Niv\u00eeskar Am\u00eeda roman...","og_url":"https:\/\/shanabooks.de\/en\/product\/pesangeha-suretan-irfan-amida\/","og_site_name":"www.shanabooks.de","article_modified_time":"2026-02-15T18:22:07+00:00","og_image":[{"width":294,"height":475,"url":"https:\/\/shanabooks.de\/wp-content\/uploads\/2024\/01\/Pesangeha-Suretan.png","type":"image\/png"}],"twitter_card":"summary_large_image","twitter_misc":{"Gesch\u00e4tzte Lesezeit":"2\u00a0Minuten"},"schema":{"@context":"https:\/\/schema.org","@graph":[{"@type":"WebPage","@id":"https:\/\/shanabooks.de\/en\/product\/pesangeha-suretan-irfan-amida\/","url":"https:\/\/shanabooks.de\/en\/product\/pesangeha-suretan-irfan-amida\/","name":"P\u00ea\u015fangeha S\u00fbretan - \u00cerfan Am\u00eeda - www.shanabooks.de","isPartOf":{"@id":"https:\/\/shanabooks.de\/#website"},"primaryImageOfPage":{"@id":"https:\/\/shanabooks.de\/en\/product\/pesangeha-suretan-irfan-amida\/#primaryimage"},"image":{"@id":"https:\/\/shanabooks.de\/en\/product\/pesangeha-suretan-irfan-amida\/#primaryimage"},"thumbnailUrl":"https:\/\/shanabooks.de\/wp-content\/uploads\/2024\/01\/Pesangeha-Suretan.png","datePublished":"2024-03-03T19:51:45+00:00","dateModified":"2026-02-15T18:22:07+00:00","description":"P\u00ea\u015fangeha S\u00fbretan - \u00cerfan Am\u00eeda P\u00ea\u015fangeha S\u00fbretan\u00a0 ya niv\u00eeskar \u00cerfan Am\u00eeda bi s\u00fbret\u00ean ku di \u2018p\u00ea\u015fangeh\u2019ek\u00ea de xuya dikin bi p\u00ea\u015f de t\u00ea. Niv\u00eeskar Am\u00eeda roman...","breadcrumb":{"@id":"https:\/\/shanabooks.de\/en\/product\/pesangeha-suretan-irfan-amida\/#breadcrumb"},"inLanguage":"de","potentialAction":[{"@type":"ReadAction","target":["https:\/\/shanabooks.de\/en\/product\/pesangeha-suretan-irfan-amida\/"]}]},{"@type":"ImageObject","inLanguage":"de","@id":"https:\/\/shanabooks.de\/en\/product\/pesangeha-suretan-irfan-amida\/#primaryimage","url":"https:\/\/shanabooks.de\/wp-content\/uploads\/2024\/01\/Pesangeha-Suretan.png","contentUrl":"https:\/\/shanabooks.de\/wp-content\/uploads\/2024\/01\/Pesangeha-Suretan.png","width":294,"height":475,"caption":"P\u00ea\u015fangeha S\u00fbretan - \u00cerfan Am\u00eeda - pirt\u00fbk\u00ean kurd\u00ee"},{"@type":"BreadcrumbList","@id":"https:\/\/shanabooks.de\/en\/product\/pesangeha-suretan-irfan-amida\/#breadcrumb","itemListElement":[{"@type":"ListItem","position":1,"name":"\u0627\u0644\u0631\u0626\u064a\u0633\u064a\u0629","item":"https:\/\/shanabooks.de\/de\/"},{"@type":"ListItem","position":2,"name":"\u0627\u0644\u0645\u0646\u062a\u062c\u0627\u062a","item":"https:\/\/shanabooks.de\/shop\/"},{"@type":"ListItem","position":3,"name":"P\u00ea\u015fangeha S\u00fbretan"}]},{"@type":"WebSite","@id":"https:\/\/shanabooks.de\/#website","url":"https:\/\/shanabooks.de\/","name":"www.shanbooks.de","description":"C\u00eehana Pirt\u00fbk\u00ean Kurd\u00ee \u0645\u0643\u062a\u0628\u0629 \u0634\u0627\u0646\u0627 \u0641\u064a \u0627\u0644\u0645\u0627\u0646\u064a\u0627 \u0648\u0623\u0648\u0631\u0628\u0627","publisher":{"@id":"https:\/\/shanabooks.de\/#organization"},"potentialAction":[{"@type":"SearchAction","target":{"@type":"EntryPoint","urlTemplate":"https:\/\/shanabooks.de\/?s={search_term_string}"},"query-input":{"@type":"PropertyValueSpecification","valueRequired":true,"valueName":"search_term_string"}}],"inLanguage":"de"},{"@type":"Organization","@id":"https:\/\/shanabooks.de\/#organization","name":"www.shanbooks.de","url":"https:\/\/shanabooks.de\/","logo":{"@type":"ImageObject","inLanguage":"de","@id":"https:\/\/shanabooks.de\/#\/schema\/logo\/image\/","url":"https:\/\/shanabooks.de\/wp-content\/uploads\/2024\/03\/SHANABOOKS__2_-removebg-preview.png","contentUrl":"https:\/\/shanabooks.de\/wp-content\/uploads\/2024\/03\/SHANABOOKS__2_-removebg-preview.png","width":700,"height":150,"caption":"www.shanbooks.de"},"image":{"@id":"https:\/\/shanabooks.de\/#\/schema\/logo\/image\/"}}]}},"jetpack_sharing_enabled":true,"_links":{"self":[{"href":"https:\/\/shanabooks.de\/de\/wp-json\/wp\/v2\/product\/13527","targetHints":{"allow":["GET"]}}],"collection":[{"href":"https:\/\/shanabooks.de\/de\/wp-json\/wp\/v2\/product"}],"about":[{"href":"https:\/\/shanabooks.de\/de\/wp-json\/wp\/v2\/types\/product"}],"version-history":[{"count":3,"href":"https:\/\/shanabooks.de\/de\/wp-json\/wp\/v2\/product\/13527\/revisions"}],"predecessor-version":[{"id":13988,"href":"https:\/\/shanabooks.de\/de\/wp-json\/wp\/v2\/product\/13527\/revisions\/13988"}],"wp:featuredmedia":[{"embeddable":true,"href":"https:\/\/shanabooks.de\/de\/wp-json\/wp\/v2\/media\/6467"}],"wp:attachment":[{"href":"https:\/\/shanabooks.de\/de\/wp-json\/wp\/v2\/media?parent=13527"}],"wp:term":[{"taxonomy":"product_brand","embeddable":true,"href":"https:\/\/shanabooks.de\/de\/wp-json\/wp\/v2\/product_brand?post=13527"},{"taxonomy":"product_cat","embeddable":true,"href":"https:\/\/shanabooks.de\/de\/wp-json\/wp\/v2\/product_cat?post=13527"},{"taxonomy":"product_tag","embeddable":true,"href":"https:\/\/shanabooks.de\/de\/wp-json\/wp\/v2\/product_tag?post=13527"}],"curies":[{"name":"wp","href":"https:\/\/api.w.org\/{rel}","templated":true}]}}