{"id":13531,"date":"2024-03-03T19:51:46","date_gmt":"2024-03-03T19:51:46","guid":{"rendered":"https:\/\/shanabooks.de\/?post_type=product&#038;p=13531"},"modified":"2025-12-31T17:38:34","modified_gmt":"2025-12-31T17:38:34","slug":"dansa-berber-sirri-ayhan","status":"publish","type":"product","link":"https:\/\/shanabooks.de\/de\/product\/dansa-berber-sirri-ayhan\/","title":{"rendered":"Dansa Berber"},"content":{"rendered":"<p style=\"text-align: left\"><strong>Dansa Berber &#8211; Sirri Ayhan<\/strong><\/p>\n<p style=\"text-align: left\">\u201cdi pirt\u00fbka ken kesey de leheng\u00ea bi nav\u00ea re\u00ees \u00ea d\u00eendey\u00fbz ku xwe li lal\u00eetiy\u00ea daniye, weke kamerayeke her vekir\u00ee hem\u00fb b\u00fbyer, qewam \u00fb kirin\u00ean r\u00eavebir\u00ean nexwe\u015fxaney\u00ea bi xw\u00eener dide tema\u015fekirin; l\u00ea, di pirt\u00fbka sirri ayhan de leheng\u00ea ku bi nav\u00ea bedran ku bi nasnameya miriyek\u00ee bi nav\u00ea can, weke xebatkarek\u00ee ji koma r\u00eavebir\u00ean nexwe\u015fxaney\u00ea b\u00fbyer, qewam \u00fb kirin\u00ean hovane y\u00ean pergaleke zordest ku gel\u00ean welat\u00ea xwe ber bi d\u00een\u00eetiy\u00ea ve didahf\u00eenin, ligel bi\u015fir\u00eeneke ser\u00ea l\u00eavan a xemg\u00een bi xw\u00eener dide jiyandin.\u201d<\/p>\n<p style=\"text-align: left\"><em>yaqob tilermen\u00ee<\/em><\/p>\n<p style=\"text-align: left\">\u201cem li \u00e7\u00eerokek wiha ya ka\u015fkirin\u00ea; ne di romanek\u00ea de, ne j\u00ee di fil\u00eemek\u00ee de rast hatine. bi qas\u00ee karesat\u00ee ye, ew qas\u00ee j\u00ee watey\u00ean k\u00fbr radigire. hinek\u00ee \u00e7\u00eeroka \u00e7exov, hinek\u00ee \u015folohov \u00fb simonov\u2026\u201d<\/p>\n<p style=\"text-align: left\"><em>feridun anda\u00e7<\/em><\/p>\n","protected":false},"excerpt":{"rendered":"<p style=\"text-align: center\"><strong>Pirt\u00fbk: Dansa Berber<br \/>\nNiv\u00eeskar: Sirri Ayhan<br \/>\nCure: Roman<\/strong><\/p>\n","protected":false},"featured_media":6475,"template":"","meta":{"site-sidebar-layout":"default","site-content-layout":"","ast-site-content-layout":"default","site-content-style":"default","site-sidebar-style":"default","ast-global-header-display":"","ast-banner-title-visibility":"","ast-main-header-display":"","ast-hfb-above-header-display":"","ast-hfb-below-header-display":"","ast-hfb-mobile-header-display":"","site-post-title":"","ast-breadcrumbs-content":"","ast-featured-img":"","footer-sml-layout":"","ast-disable-related-posts":"","theme-transparent-header-meta":"default","adv-header-id-meta":"","stick-header-meta":"","header-above-stick-meta":"","header-main-stick-meta":"","header-below-stick-meta":"","astra-migrate-meta-layouts":"set","ast-page-background-enabled":"default","ast-page-background-meta":{"desktop":{"background-color":"","background-image":"","background-repeat":"repeat","background-position":"center center","background-size":"auto","background-attachment":"scroll","background-type":"","background-media":"","overlay-type":"","overlay-color":"","overlay-opacity":"","overlay-gradient":""},"tablet":{"background-color":"","background-image":"","background-repeat":"repeat","background-position":"center center","background-size":"auto","background-attachment":"scroll","background-type":"","background-media":"","overlay-type":"","overlay-color":"","overlay-opacity":"","overlay-gradient":""},"mobile":{"background-color":"","background-image":"","background-repeat":"repeat","background-position":"center center","background-size":"auto","background-attachment":"scroll","background-type":"","background-media":"","overlay-type":"","overlay-color":"","overlay-opacity":"","overlay-gradient":""}},"ast-content-background-meta":{"desktop":{"background-color":"var(--ast-global-color-5)","background-image":"","background-repeat":"repeat","background-position":"center center","background-size":"auto","background-attachment":"scroll","background-type":"","background-media":"","overlay-type":"","overlay-color":"","overlay-opacity":"","overlay-gradient":""},"tablet":{"background-color":"var(--ast-global-color-5)","background-image":"","background-repeat":"repeat","background-position":"center center","background-size":"auto","background-attachment":"scroll","background-type":"","background-media":"","overlay-type":"","overlay-color":"","overlay-opacity":"","overlay-gradient":""},"mobile":{"background-color":"var(--ast-global-color-5)","background-image":"","background-repeat":"repeat","background-position":"center center","background-size":"auto","background-attachment":"scroll","background-type":"","background-media":"","overlay-type":"","overlay-color":"","overlay-opacity":"","overlay-gradient":""}}},"product_brand":[],"product_cat":[182,193],"product_tag":[],"class_list":{"0":"post-13531","1":"product","2":"type-product","3":"status-publish","4":"has-post-thumbnail","6":"product_cat-_","7":"product_cat--_","8":"pa_-roman","9":"pa_-sirri-ayhan","10":"pa_-kurmanci","11":"desktop-align-left","12":"tablet-align-left","13":"mobile-align-left","15":"first","16":"instock","17":"shipping-taxable","18":"purchasable","19":"product-type-simple"},"yoast_head":"<!-- This site is optimized with the Yoast SEO plugin v27.4 - https:\/\/yoast.com\/product\/yoast-seo-wordpress\/ -->\n<title>Dansa Berber - Sirri Ayhan - www.shanabooks.de<\/title>\n<meta name=\"description\" content=\"Dansa Berber - Sirri Ayhan \u201cdi pirt\u00fbka ken kesey de leheng\u00ea bi nav\u00ea re\u00ees \u00ea d\u00eendey\u00fbz ku xwe li lal\u00eetiy\u00ea daniye, weke kamerayeke her vekir\u00ee hem\u00fb b\u00fbyer, qew...\" \/>\n<meta name=\"robots\" content=\"index, follow, max-snippet:-1, max-image-preview:large, max-video-preview:-1\" \/>\n<link rel=\"canonical\" href=\"https:\/\/shanabooks.de\/product\/dansa-berber-sirri-ayhan\/\" \/>\n<meta property=\"og:locale\" content=\"de_DE\" \/>\n<meta property=\"og:type\" content=\"article\" \/>\n<meta property=\"og:title\" content=\"Dansa Berber - Sirri Ayhan - www.shanabooks.de\" \/>\n<meta property=\"og:description\" content=\"Dansa Berber - Sirri Ayhan \u201cdi pirt\u00fbka ken kesey de leheng\u00ea bi nav\u00ea re\u00ees \u00ea d\u00eendey\u00fbz ku xwe li lal\u00eetiy\u00ea daniye, weke kamerayeke her vekir\u00ee hem\u00fb b\u00fbyer, qew...\" \/>\n<meta property=\"og:url\" content=\"https:\/\/shanabooks.de\/product\/dansa-berber-sirri-ayhan\/\" \/>\n<meta property=\"og:site_name\" content=\"www.shanabooks.de\" \/>\n<meta property=\"article:modified_time\" content=\"2025-12-31T17:38:34+00:00\" \/>\n<meta property=\"og:image\" content=\"https:\/\/shanabooks.de\/wp-content\/uploads\/2024\/01\/Dana-Berber-1.png\" \/>\n\t<meta property=\"og:image:width\" content=\"599\" \/>\n\t<meta property=\"og:image:height\" content=\"900\" \/>\n\t<meta property=\"og:image:type\" content=\"image\/png\" \/>\n<meta name=\"twitter:card\" content=\"summary_large_image\" \/>\n<meta name=\"twitter:label1\" content=\"Gesch\u00e4tzte Lesezeit\" \/>\n\t<meta name=\"twitter:data1\" content=\"2\u00a0Minuten\" \/>\n<script type=\"application\/ld+json\" class=\"yoast-schema-graph\">{\"@context\":\"https:\\\/\\\/schema.org\",\"@graph\":[{\"@type\":\"WebPage\",\"@id\":\"https:\\\/\\\/shanabooks.de\\\/product\\\/dansa-berber-sirri-ayhan\\\/\",\"url\":\"https:\\\/\\\/shanabooks.de\\\/product\\\/dansa-berber-sirri-ayhan\\\/\",\"name\":\"Dansa Berber - Sirri Ayhan - www.shanabooks.de\",\"isPartOf\":{\"@id\":\"https:\\\/\\\/shanabooks.de\\\/#website\"},\"primaryImageOfPage\":{\"@id\":\"https:\\\/\\\/shanabooks.de\\\/product\\\/dansa-berber-sirri-ayhan\\\/#primaryimage\"},\"image\":{\"@id\":\"https:\\\/\\\/shanabooks.de\\\/product\\\/dansa-berber-sirri-ayhan\\\/#primaryimage\"},\"thumbnailUrl\":\"https:\\\/\\\/shanabooks.de\\\/wp-content\\\/uploads\\\/2024\\\/01\\\/Dana-Berber-1.png\",\"datePublished\":\"2024-03-03T19:51:46+00:00\",\"dateModified\":\"2025-12-31T17:38:34+00:00\",\"description\":\"Dansa Berber - Sirri Ayhan \u201cdi pirt\u00fbka ken kesey de leheng\u00ea bi nav\u00ea re\u00ees \u00ea d\u00eendey\u00fbz ku xwe li lal\u00eetiy\u00ea daniye, weke kamerayeke her vekir\u00ee hem\u00fb b\u00fbyer, qew...\",\"breadcrumb\":{\"@id\":\"https:\\\/\\\/shanabooks.de\\\/product\\\/dansa-berber-sirri-ayhan\\\/#breadcrumb\"},\"inLanguage\":\"de\",\"potentialAction\":[{\"@type\":\"ReadAction\",\"target\":[\"https:\\\/\\\/shanabooks.de\\\/product\\\/dansa-berber-sirri-ayhan\\\/\"]}]},{\"@type\":\"ImageObject\",\"inLanguage\":\"de\",\"@id\":\"https:\\\/\\\/shanabooks.de\\\/product\\\/dansa-berber-sirri-ayhan\\\/#primaryimage\",\"url\":\"https:\\\/\\\/shanabooks.de\\\/wp-content\\\/uploads\\\/2024\\\/01\\\/Dana-Berber-1.png\",\"contentUrl\":\"https:\\\/\\\/shanabooks.de\\\/wp-content\\\/uploads\\\/2024\\\/01\\\/Dana-Berber-1.png\",\"width\":599,\"height\":900,\"caption\":\"Dansa Berber - Sirri Ayhan - pirt\u00fbk\u00ean kurd\u00ee\"},{\"@type\":\"BreadcrumbList\",\"@id\":\"https:\\\/\\\/shanabooks.de\\\/product\\\/dansa-berber-sirri-ayhan\\\/#breadcrumb\",\"itemListElement\":[{\"@type\":\"ListItem\",\"position\":1,\"name\":\"\u0627\u0644\u0631\u0626\u064a\u0633\u064a\u0629\",\"item\":\"https:\\\/\\\/shanabooks.de\\\/de\\\/\"},{\"@type\":\"ListItem\",\"position\":2,\"name\":\"\u0627\u0644\u0645\u0646\u062a\u062c\u0627\u062a\",\"item\":\"https:\\\/\\\/shanabooks.de\\\/shop\\\/\"},{\"@type\":\"ListItem\",\"position\":3,\"name\":\"Dansa Berber\"}]},{\"@type\":\"WebSite\",\"@id\":\"https:\\\/\\\/shanabooks.de\\\/#website\",\"url\":\"https:\\\/\\\/shanabooks.de\\\/\",\"name\":\"www.shanbooks.de\",\"description\":\"C\u00eehana Pirt\u00fbk\u00ean Kurd\u00ee \u0645\u0643\u062a\u0628\u0629 \u0634\u0627\u0646\u0627 \u0641\u064a \u0627\u0644\u0645\u0627\u0646\u064a\u0627 \u0648\u0623\u0648\u0631\u0628\u0627\",\"publisher\":{\"@id\":\"https:\\\/\\\/shanabooks.de\\\/#organization\"},\"potentialAction\":[{\"@type\":\"SearchAction\",\"target\":{\"@type\":\"EntryPoint\",\"urlTemplate\":\"https:\\\/\\\/shanabooks.de\\\/?s={search_term_string}\"},\"query-input\":{\"@type\":\"PropertyValueSpecification\",\"valueRequired\":true,\"valueName\":\"search_term_string\"}}],\"inLanguage\":\"de\"},{\"@type\":\"Organization\",\"@id\":\"https:\\\/\\\/shanabooks.de\\\/#organization\",\"name\":\"www.shanbooks.de\",\"url\":\"https:\\\/\\\/shanabooks.de\\\/\",\"logo\":{\"@type\":\"ImageObject\",\"inLanguage\":\"de\",\"@id\":\"https:\\\/\\\/shanabooks.de\\\/#\\\/schema\\\/logo\\\/image\\\/\",\"url\":\"https:\\\/\\\/shanabooks.de\\\/wp-content\\\/uploads\\\/2024\\\/03\\\/SHANABOOKS__2_-removebg-preview.png\",\"contentUrl\":\"https:\\\/\\\/shanabooks.de\\\/wp-content\\\/uploads\\\/2024\\\/03\\\/SHANABOOKS__2_-removebg-preview.png\",\"width\":700,\"height\":150,\"caption\":\"www.shanbooks.de\"},\"image\":{\"@id\":\"https:\\\/\\\/shanabooks.de\\\/#\\\/schema\\\/logo\\\/image\\\/\"}}]}<\/script>\n<!-- \/ Yoast SEO plugin. -->","yoast_head_json":{"title":"Dansa Berber - Sirri Ayhan - www.shanabooks.de","description":"Dansa Berber - Sirri Ayhan \u201cdi pirt\u00fbka ken kesey de leheng\u00ea bi nav\u00ea re\u00ees \u00ea d\u00eendey\u00fbz ku xwe li lal\u00eetiy\u00ea daniye, weke kamerayeke her vekir\u00ee hem\u00fb b\u00fbyer, qew...","robots":{"index":"index","follow":"follow","max-snippet":"max-snippet:-1","max-image-preview":"max-image-preview:large","max-video-preview":"max-video-preview:-1"},"canonical":"https:\/\/shanabooks.de\/product\/dansa-berber-sirri-ayhan\/","og_locale":"de_DE","og_type":"article","og_title":"Dansa Berber - Sirri Ayhan - www.shanabooks.de","og_description":"Dansa Berber - Sirri Ayhan \u201cdi pirt\u00fbka ken kesey de leheng\u00ea bi nav\u00ea re\u00ees \u00ea d\u00eendey\u00fbz ku xwe li lal\u00eetiy\u00ea daniye, weke kamerayeke her vekir\u00ee hem\u00fb b\u00fbyer, qew...","og_url":"https:\/\/shanabooks.de\/product\/dansa-berber-sirri-ayhan\/","og_site_name":"www.shanabooks.de","article_modified_time":"2025-12-31T17:38:34+00:00","og_image":[{"width":599,"height":900,"url":"https:\/\/shanabooks.de\/wp-content\/uploads\/2024\/01\/Dana-Berber-1.png","type":"image\/png"}],"twitter_card":"summary_large_image","twitter_misc":{"Gesch\u00e4tzte Lesezeit":"2\u00a0Minuten"},"schema":{"@context":"https:\/\/schema.org","@graph":[{"@type":"WebPage","@id":"https:\/\/shanabooks.de\/product\/dansa-berber-sirri-ayhan\/","url":"https:\/\/shanabooks.de\/product\/dansa-berber-sirri-ayhan\/","name":"Dansa Berber - Sirri Ayhan - www.shanabooks.de","isPartOf":{"@id":"https:\/\/shanabooks.de\/#website"},"primaryImageOfPage":{"@id":"https:\/\/shanabooks.de\/product\/dansa-berber-sirri-ayhan\/#primaryimage"},"image":{"@id":"https:\/\/shanabooks.de\/product\/dansa-berber-sirri-ayhan\/#primaryimage"},"thumbnailUrl":"https:\/\/shanabooks.de\/wp-content\/uploads\/2024\/01\/Dana-Berber-1.png","datePublished":"2024-03-03T19:51:46+00:00","dateModified":"2025-12-31T17:38:34+00:00","description":"Dansa Berber - Sirri Ayhan \u201cdi pirt\u00fbka ken kesey de leheng\u00ea bi nav\u00ea re\u00ees \u00ea d\u00eendey\u00fbz ku xwe li lal\u00eetiy\u00ea daniye, weke kamerayeke her vekir\u00ee hem\u00fb b\u00fbyer, qew...","breadcrumb":{"@id":"https:\/\/shanabooks.de\/product\/dansa-berber-sirri-ayhan\/#breadcrumb"},"inLanguage":"de","potentialAction":[{"@type":"ReadAction","target":["https:\/\/shanabooks.de\/product\/dansa-berber-sirri-ayhan\/"]}]},{"@type":"ImageObject","inLanguage":"de","@id":"https:\/\/shanabooks.de\/product\/dansa-berber-sirri-ayhan\/#primaryimage","url":"https:\/\/shanabooks.de\/wp-content\/uploads\/2024\/01\/Dana-Berber-1.png","contentUrl":"https:\/\/shanabooks.de\/wp-content\/uploads\/2024\/01\/Dana-Berber-1.png","width":599,"height":900,"caption":"Dansa Berber - Sirri Ayhan - pirt\u00fbk\u00ean kurd\u00ee"},{"@type":"BreadcrumbList","@id":"https:\/\/shanabooks.de\/product\/dansa-berber-sirri-ayhan\/#breadcrumb","itemListElement":[{"@type":"ListItem","position":1,"name":"\u0627\u0644\u0631\u0626\u064a\u0633\u064a\u0629","item":"https:\/\/shanabooks.de\/de\/"},{"@type":"ListItem","position":2,"name":"\u0627\u0644\u0645\u0646\u062a\u062c\u0627\u062a","item":"https:\/\/shanabooks.de\/shop\/"},{"@type":"ListItem","position":3,"name":"Dansa Berber"}]},{"@type":"WebSite","@id":"https:\/\/shanabooks.de\/#website","url":"https:\/\/shanabooks.de\/","name":"www.shanbooks.de","description":"C\u00eehana Pirt\u00fbk\u00ean Kurd\u00ee \u0645\u0643\u062a\u0628\u0629 \u0634\u0627\u0646\u0627 \u0641\u064a \u0627\u0644\u0645\u0627\u0646\u064a\u0627 \u0648\u0623\u0648\u0631\u0628\u0627","publisher":{"@id":"https:\/\/shanabooks.de\/#organization"},"potentialAction":[{"@type":"SearchAction","target":{"@type":"EntryPoint","urlTemplate":"https:\/\/shanabooks.de\/?s={search_term_string}"},"query-input":{"@type":"PropertyValueSpecification","valueRequired":true,"valueName":"search_term_string"}}],"inLanguage":"de"},{"@type":"Organization","@id":"https:\/\/shanabooks.de\/#organization","name":"www.shanbooks.de","url":"https:\/\/shanabooks.de\/","logo":{"@type":"ImageObject","inLanguage":"de","@id":"https:\/\/shanabooks.de\/#\/schema\/logo\/image\/","url":"https:\/\/shanabooks.de\/wp-content\/uploads\/2024\/03\/SHANABOOKS__2_-removebg-preview.png","contentUrl":"https:\/\/shanabooks.de\/wp-content\/uploads\/2024\/03\/SHANABOOKS__2_-removebg-preview.png","width":700,"height":150,"caption":"www.shanbooks.de"},"image":{"@id":"https:\/\/shanabooks.de\/#\/schema\/logo\/image\/"}}]}},"jetpack_sharing_enabled":true,"_links":{"self":[{"href":"https:\/\/shanabooks.de\/de\/wp-json\/wp\/v2\/product\/13531","targetHints":{"allow":["GET"]}}],"collection":[{"href":"https:\/\/shanabooks.de\/de\/wp-json\/wp\/v2\/product"}],"about":[{"href":"https:\/\/shanabooks.de\/de\/wp-json\/wp\/v2\/types\/product"}],"version-history":[{"count":3,"href":"https:\/\/shanabooks.de\/de\/wp-json\/wp\/v2\/product\/13531\/revisions"}],"predecessor-version":[{"id":13957,"href":"https:\/\/shanabooks.de\/de\/wp-json\/wp\/v2\/product\/13531\/revisions\/13957"}],"wp:featuredmedia":[{"embeddable":true,"href":"https:\/\/shanabooks.de\/de\/wp-json\/wp\/v2\/media\/6475"}],"wp:attachment":[{"href":"https:\/\/shanabooks.de\/de\/wp-json\/wp\/v2\/media?parent=13531"}],"wp:term":[{"taxonomy":"product_brand","embeddable":true,"href":"https:\/\/shanabooks.de\/de\/wp-json\/wp\/v2\/product_brand?post=13531"},{"taxonomy":"product_cat","embeddable":true,"href":"https:\/\/shanabooks.de\/de\/wp-json\/wp\/v2\/product_cat?post=13531"},{"taxonomy":"product_tag","embeddable":true,"href":"https:\/\/shanabooks.de\/de\/wp-json\/wp\/v2\/product_tag?post=13531"}],"curies":[{"name":"wp","href":"https:\/\/api.w.org\/{rel}","templated":true}]}}