{"id":13536,"date":"2024-03-03T19:51:46","date_gmt":"2024-03-03T19:51:46","guid":{"rendered":"https:\/\/shanabooks.de\/?post_type=product&#038;p=13536"},"modified":"2024-03-07T18:53:47","modified_gmt":"2024-03-07T18:53:47","slug":"risteme-zal-edib-polat","status":"publish","type":"product","link":"https:\/\/shanabooks.de\/de\/product\/risteme-zal-edib-polat\/","title":{"rendered":"Ristem\u00ea zal"},"content":{"rendered":"<p style=\"text-align: left\"><strong>Ristem\u00ea zal &#8211; Edib Polat<\/strong><\/p>\n<p style=\"text-align: left\"><span style=\"font-family: Verdana\">Sal buhur\u00een, dem guher\u00ee. Pad\u00ee\u015fah\u00ea Hamaw\u00earan\u00ea, bi dek \u00fb dolab Kaw\u00fbs xapand \u00fb ew ji seray\u00ea revand. Keykaw\u00fbs bi ec\u00eabek giran winda b\u00fb. Gel \u015fa\u015f ma. R\u00eaveber\u00ee \u00fb hukumdar\u00eeya \u00ceran\u00ea sist b\u00fb, dewlet b\u00ea serok ma. Pi\u015ft\u00ee v\u00ea yek\u00ea e\u015f\u00eeret\u00ean li ser s\u00eenor\u00ea \u00ceran\u00ea \u00e7av berdan welat\u00ea wan. K\u00een \u00fb xerez cardin bijkuv\u00een. Elfesiyay\u00ea Bavp\u00ea\u015feng le\u015fker civand \u00fb li ser tuxub bicih kir. Gel ket xeter\u00ea, tirs li her der\u00ee belav b\u00fb, digotin: \u201c\u015e\u00eeyar bin, \u00ear\u00ee\u015fa T\u00fbraniyan li r\u00ea ye! Ew d\u00ea werin, tola xwe bist\u00eenin!\u201d<\/span><\/p>\n<p style=\"text-align: left\"><span style=\"font-family: Verdana\">L\u00ea bel\u00ea nehatin, ew girseya le\u015fkeran ber\u00ea xwe da welat\u00ea Ereban. Ceng li dar ket; art\u00ea\u015fa Tirkan bi \u015fer \u00fb pev\u00e7\u00fbn s\u00ea mehan di welat\u00ea Ereban de ma. Gelek le\u015fker \u00fb p\u00eahlewan hatin ku\u015ftin, di encam\u00ea de Ereb li ber T\u00fbraniyan \u015fikiyan \u00fb t\u00eak\u00e7\u00fbn. Efrasiyab, ber\u00ea hesp\u00ea xwe cardin da tuxub\u00ea \u00ceran\u00ea. Li ser v\u00ea b\u00fbyer\u00ea, zana \u00fb porsip\u00eey\u00ean \u00ceran\u00ea li hev civiyan, lijneyek \u00e7\u00eakirin, tev\u00ee nameyek\u00ea \u015fandin cem Ristem\u00ea Zal.<\/span><\/p>\n<p style=\"text-align: left\"><span style=\"font-family: Verdana\">be\u015fek ji roman\u00ea<\/span><\/p>\n","protected":false},"excerpt":{"rendered":"<p style=\"text-align: center\"><strong>Pirt\u00fbk: Ristem\u00ea zal<br \/>\nNiv\u00eeskar: Ed\u00eeb Polat<br \/>\nCure: Roman<\/strong><\/p>\n","protected":false},"featured_media":6494,"template":"","meta":{"site-sidebar-layout":"default","site-content-layout":"","ast-site-content-layout":"default","site-content-style":"default","site-sidebar-style":"default","ast-global-header-display":"","ast-banner-title-visibility":"","ast-main-header-display":"","ast-hfb-above-header-display":"","ast-hfb-below-header-display":"","ast-hfb-mobile-header-display":"","site-post-title":"","ast-breadcrumbs-content":"","ast-featured-img":"","footer-sml-layout":"","ast-disable-related-posts":"","theme-transparent-header-meta":"default","adv-header-id-meta":"","stick-header-meta":"","header-above-stick-meta":"","header-main-stick-meta":"","header-below-stick-meta":"","astra-migrate-meta-layouts":"set","ast-page-background-enabled":"default","ast-page-background-meta":{"desktop":{"background-color":"","background-image":"","background-repeat":"repeat","background-position":"center center","background-size":"auto","background-attachment":"scroll","background-type":"","background-media":"","overlay-type":"","overlay-color":"","overlay-opacity":"","overlay-gradient":""},"tablet":{"background-color":"","background-image":"","background-repeat":"repeat","background-position":"center center","background-size":"auto","background-attachment":"scroll","background-type":"","background-media":"","overlay-type":"","overlay-color":"","overlay-opacity":"","overlay-gradient":""},"mobile":{"background-color":"","background-image":"","background-repeat":"repeat","background-position":"center center","background-size":"auto","background-attachment":"scroll","background-type":"","background-media":"","overlay-type":"","overlay-color":"","overlay-opacity":"","overlay-gradient":""}},"ast-content-background-meta":{"desktop":{"background-color":"var(--ast-global-color-5)","background-image":"","background-repeat":"repeat","background-position":"center center","background-size":"auto","background-attachment":"scroll","background-type":"","background-media":"","overlay-type":"","overlay-color":"","overlay-opacity":"","overlay-gradient":""},"tablet":{"background-color":"var(--ast-global-color-5)","background-image":"","background-repeat":"repeat","background-position":"center center","background-size":"auto","background-attachment":"scroll","background-type":"","background-media":"","overlay-type":"","overlay-color":"","overlay-opacity":"","overlay-gradient":""},"mobile":{"background-color":"var(--ast-global-color-5)","background-image":"","background-repeat":"repeat","background-position":"center center","background-size":"auto","background-attachment":"scroll","background-type":"","background-media":"","overlay-type":"","overlay-color":"","overlay-opacity":"","overlay-gradient":""}}},"product_brand":[],"product_cat":[182,193],"product_tag":[],"class_list":{"0":"post-13536","1":"product","2":"type-product","3":"status-publish","4":"has-post-thumbnail","6":"product_cat-_","7":"product_cat--_","8":"pa_-roman","9":"pa_-edib-polat","10":"pa_-kurmanci","11":"pa_--dara-yayinlari","12":"desktop-align-left","13":"tablet-align-left","14":"mobile-align-left","16":"first","17":"instock","18":"shipping-taxable","19":"purchasable","20":"product-type-simple"},"yoast_head":"<!-- This site is optimized with the Yoast SEO plugin v27.5 - https:\/\/yoast.com\/product\/yoast-seo-wordpress\/ -->\n<title>Ristem\u00ea zal - Edib Polat - www.shanabooks.de<\/title>\n<meta name=\"description\" content=\"Ristem\u00ea zal - Edib Polat Sal buhur\u00een, dem guher\u00ee. Pad\u00ee\u015fah\u00ea Hamaw\u00earan\u00ea, bi dek \u00fb dolab Kaw\u00fbs xapand \u00fb ew ji seray\u00ea revand...\" \/>\n<meta name=\"robots\" content=\"index, follow, max-snippet:-1, max-image-preview:large, max-video-preview:-1\" \/>\n<link rel=\"canonical\" href=\"https:\/\/shanabooks.de\/product\/risteme-zal-edib-polat\/\" \/>\n<meta property=\"og:locale\" content=\"de_DE\" \/>\n<meta property=\"og:type\" content=\"article\" \/>\n<meta property=\"og:title\" content=\"Ristem\u00ea zal - Edib Polat - www.shanabooks.de\" \/>\n<meta property=\"og:description\" content=\"Ristem\u00ea zal - Edib Polat Sal buhur\u00een, dem guher\u00ee. Pad\u00ee\u015fah\u00ea Hamaw\u00earan\u00ea, bi dek \u00fb dolab Kaw\u00fbs xapand \u00fb ew ji seray\u00ea revand...\" \/>\n<meta property=\"og:url\" content=\"https:\/\/shanabooks.de\/product\/risteme-zal-edib-polat\/\" \/>\n<meta property=\"og:site_name\" content=\"www.shanabooks.de\" \/>\n<meta property=\"article:modified_time\" content=\"2024-03-07T18:53:47+00:00\" \/>\n<meta property=\"og:image\" content=\"https:\/\/shanabooks.de\/wp-content\/uploads\/2024\/01\/Risteme-zal-1.png\" \/>\n\t<meta property=\"og:image:width\" content=\"289\" \/>\n\t<meta property=\"og:image:height\" content=\"476\" \/>\n\t<meta property=\"og:image:type\" content=\"image\/png\" \/>\n<meta name=\"twitter:card\" content=\"summary_large_image\" \/>\n<meta name=\"twitter:label1\" content=\"Gesch\u00e4tzte Lesezeit\" \/>\n\t<meta name=\"twitter:data1\" content=\"2\u00a0Minuten\" \/>\n<script type=\"application\/ld+json\" class=\"yoast-schema-graph\">{\"@context\":\"https:\\\/\\\/schema.org\",\"@graph\":[{\"@type\":\"WebPage\",\"@id\":\"https:\\\/\\\/shanabooks.de\\\/product\\\/risteme-zal-edib-polat\\\/\",\"url\":\"https:\\\/\\\/shanabooks.de\\\/product\\\/risteme-zal-edib-polat\\\/\",\"name\":\"Ristem\u00ea zal - Edib Polat - www.shanabooks.de\",\"isPartOf\":{\"@id\":\"https:\\\/\\\/shanabooks.de\\\/#website\"},\"primaryImageOfPage\":{\"@id\":\"https:\\\/\\\/shanabooks.de\\\/product\\\/risteme-zal-edib-polat\\\/#primaryimage\"},\"image\":{\"@id\":\"https:\\\/\\\/shanabooks.de\\\/product\\\/risteme-zal-edib-polat\\\/#primaryimage\"},\"thumbnailUrl\":\"https:\\\/\\\/shanabooks.de\\\/wp-content\\\/uploads\\\/2024\\\/01\\\/Risteme-zal-1.png\",\"datePublished\":\"2024-03-03T19:51:46+00:00\",\"dateModified\":\"2024-03-07T18:53:47+00:00\",\"description\":\"Ristem\u00ea zal - Edib Polat Sal buhur\u00een, dem guher\u00ee. Pad\u00ee\u015fah\u00ea Hamaw\u00earan\u00ea, bi dek \u00fb dolab Kaw\u00fbs xapand \u00fb ew ji seray\u00ea revand...\",\"breadcrumb\":{\"@id\":\"https:\\\/\\\/shanabooks.de\\\/product\\\/risteme-zal-edib-polat\\\/#breadcrumb\"},\"inLanguage\":\"de\",\"potentialAction\":[{\"@type\":\"ReadAction\",\"target\":[\"https:\\\/\\\/shanabooks.de\\\/product\\\/risteme-zal-edib-polat\\\/\"]}]},{\"@type\":\"ImageObject\",\"inLanguage\":\"de\",\"@id\":\"https:\\\/\\\/shanabooks.de\\\/product\\\/risteme-zal-edib-polat\\\/#primaryimage\",\"url\":\"https:\\\/\\\/shanabooks.de\\\/wp-content\\\/uploads\\\/2024\\\/01\\\/Risteme-zal-1.png\",\"contentUrl\":\"https:\\\/\\\/shanabooks.de\\\/wp-content\\\/uploads\\\/2024\\\/01\\\/Risteme-zal-1.png\",\"width\":289,\"height\":476,\"caption\":\"Ristem\u00ea zal - Edib Polat - pirt\u00fbk\u00ean kurd\u00ee\"},{\"@type\":\"BreadcrumbList\",\"@id\":\"https:\\\/\\\/shanabooks.de\\\/product\\\/risteme-zal-edib-polat\\\/#breadcrumb\",\"itemListElement\":[{\"@type\":\"ListItem\",\"position\":1,\"name\":\"\u0627\u0644\u0631\u0626\u064a\u0633\u064a\u0629\",\"item\":\"https:\\\/\\\/shanabooks.de\\\/de\\\/\"},{\"@type\":\"ListItem\",\"position\":2,\"name\":\"\u0627\u0644\u0645\u0646\u062a\u062c\u0627\u062a\",\"item\":\"https:\\\/\\\/shanabooks.de\\\/shop\\\/\"},{\"@type\":\"ListItem\",\"position\":3,\"name\":\"Ristem\u00ea zal\"}]},{\"@type\":\"WebSite\",\"@id\":\"https:\\\/\\\/shanabooks.de\\\/#website\",\"url\":\"https:\\\/\\\/shanabooks.de\\\/\",\"name\":\"www.shanbooks.de\",\"description\":\"C\u00eehana Pirt\u00fbk\u00ean Kurd\u00ee \u0645\u0643\u062a\u0628\u0629 \u0634\u0627\u0646\u0627 \u0641\u064a \u0627\u0644\u0645\u0627\u0646\u064a\u0627 \u0648\u0623\u0648\u0631\u0628\u0627\",\"publisher\":{\"@id\":\"https:\\\/\\\/shanabooks.de\\\/#organization\"},\"potentialAction\":[{\"@type\":\"SearchAction\",\"target\":{\"@type\":\"EntryPoint\",\"urlTemplate\":\"https:\\\/\\\/shanabooks.de\\\/?s={search_term_string}\"},\"query-input\":{\"@type\":\"PropertyValueSpecification\",\"valueRequired\":true,\"valueName\":\"search_term_string\"}}],\"inLanguage\":\"de\"},{\"@type\":\"Organization\",\"@id\":\"https:\\\/\\\/shanabooks.de\\\/#organization\",\"name\":\"www.shanbooks.de\",\"url\":\"https:\\\/\\\/shanabooks.de\\\/\",\"logo\":{\"@type\":\"ImageObject\",\"inLanguage\":\"de\",\"@id\":\"https:\\\/\\\/shanabooks.de\\\/#\\\/schema\\\/logo\\\/image\\\/\",\"url\":\"https:\\\/\\\/shanabooks.de\\\/wp-content\\\/uploads\\\/2024\\\/03\\\/SHANABOOKS__2_-removebg-preview.png\",\"contentUrl\":\"https:\\\/\\\/shanabooks.de\\\/wp-content\\\/uploads\\\/2024\\\/03\\\/SHANABOOKS__2_-removebg-preview.png\",\"width\":700,\"height\":150,\"caption\":\"www.shanbooks.de\"},\"image\":{\"@id\":\"https:\\\/\\\/shanabooks.de\\\/#\\\/schema\\\/logo\\\/image\\\/\"}}]}<\/script>\n<!-- \/ Yoast SEO plugin. -->","yoast_head_json":{"title":"Ristem\u00ea zal - Edib Polat - www.shanabooks.de","description":"Ristem\u00ea zal - Edib Polat Sal buhur\u00een, dem guher\u00ee. Pad\u00ee\u015fah\u00ea Hamaw\u00earan\u00ea, bi dek \u00fb dolab Kaw\u00fbs xapand \u00fb ew ji seray\u00ea revand...","robots":{"index":"index","follow":"follow","max-snippet":"max-snippet:-1","max-image-preview":"max-image-preview:large","max-video-preview":"max-video-preview:-1"},"canonical":"https:\/\/shanabooks.de\/product\/risteme-zal-edib-polat\/","og_locale":"de_DE","og_type":"article","og_title":"Ristem\u00ea zal - Edib Polat - www.shanabooks.de","og_description":"Ristem\u00ea zal - Edib Polat Sal buhur\u00een, dem guher\u00ee. Pad\u00ee\u015fah\u00ea Hamaw\u00earan\u00ea, bi dek \u00fb dolab Kaw\u00fbs xapand \u00fb ew ji seray\u00ea revand...","og_url":"https:\/\/shanabooks.de\/product\/risteme-zal-edib-polat\/","og_site_name":"www.shanabooks.de","article_modified_time":"2024-03-07T18:53:47+00:00","og_image":[{"width":289,"height":476,"url":"https:\/\/shanabooks.de\/wp-content\/uploads\/2024\/01\/Risteme-zal-1.png","type":"image\/png"}],"twitter_card":"summary_large_image","twitter_misc":{"Gesch\u00e4tzte Lesezeit":"2\u00a0Minuten"},"schema":{"@context":"https:\/\/schema.org","@graph":[{"@type":"WebPage","@id":"https:\/\/shanabooks.de\/product\/risteme-zal-edib-polat\/","url":"https:\/\/shanabooks.de\/product\/risteme-zal-edib-polat\/","name":"Ristem\u00ea zal - Edib Polat - www.shanabooks.de","isPartOf":{"@id":"https:\/\/shanabooks.de\/#website"},"primaryImageOfPage":{"@id":"https:\/\/shanabooks.de\/product\/risteme-zal-edib-polat\/#primaryimage"},"image":{"@id":"https:\/\/shanabooks.de\/product\/risteme-zal-edib-polat\/#primaryimage"},"thumbnailUrl":"https:\/\/shanabooks.de\/wp-content\/uploads\/2024\/01\/Risteme-zal-1.png","datePublished":"2024-03-03T19:51:46+00:00","dateModified":"2024-03-07T18:53:47+00:00","description":"Ristem\u00ea zal - Edib Polat Sal buhur\u00een, dem guher\u00ee. Pad\u00ee\u015fah\u00ea Hamaw\u00earan\u00ea, bi dek \u00fb dolab Kaw\u00fbs xapand \u00fb ew ji seray\u00ea revand...","breadcrumb":{"@id":"https:\/\/shanabooks.de\/product\/risteme-zal-edib-polat\/#breadcrumb"},"inLanguage":"de","potentialAction":[{"@type":"ReadAction","target":["https:\/\/shanabooks.de\/product\/risteme-zal-edib-polat\/"]}]},{"@type":"ImageObject","inLanguage":"de","@id":"https:\/\/shanabooks.de\/product\/risteme-zal-edib-polat\/#primaryimage","url":"https:\/\/shanabooks.de\/wp-content\/uploads\/2024\/01\/Risteme-zal-1.png","contentUrl":"https:\/\/shanabooks.de\/wp-content\/uploads\/2024\/01\/Risteme-zal-1.png","width":289,"height":476,"caption":"Ristem\u00ea zal - Edib Polat - pirt\u00fbk\u00ean kurd\u00ee"},{"@type":"BreadcrumbList","@id":"https:\/\/shanabooks.de\/product\/risteme-zal-edib-polat\/#breadcrumb","itemListElement":[{"@type":"ListItem","position":1,"name":"\u0627\u0644\u0631\u0626\u064a\u0633\u064a\u0629","item":"https:\/\/shanabooks.de\/de\/"},{"@type":"ListItem","position":2,"name":"\u0627\u0644\u0645\u0646\u062a\u062c\u0627\u062a","item":"https:\/\/shanabooks.de\/shop\/"},{"@type":"ListItem","position":3,"name":"Ristem\u00ea zal"}]},{"@type":"WebSite","@id":"https:\/\/shanabooks.de\/#website","url":"https:\/\/shanabooks.de\/","name":"www.shanbooks.de","description":"C\u00eehana Pirt\u00fbk\u00ean Kurd\u00ee \u0645\u0643\u062a\u0628\u0629 \u0634\u0627\u0646\u0627 \u0641\u064a \u0627\u0644\u0645\u0627\u0646\u064a\u0627 \u0648\u0623\u0648\u0631\u0628\u0627","publisher":{"@id":"https:\/\/shanabooks.de\/#organization"},"potentialAction":[{"@type":"SearchAction","target":{"@type":"EntryPoint","urlTemplate":"https:\/\/shanabooks.de\/?s={search_term_string}"},"query-input":{"@type":"PropertyValueSpecification","valueRequired":true,"valueName":"search_term_string"}}],"inLanguage":"de"},{"@type":"Organization","@id":"https:\/\/shanabooks.de\/#organization","name":"www.shanbooks.de","url":"https:\/\/shanabooks.de\/","logo":{"@type":"ImageObject","inLanguage":"de","@id":"https:\/\/shanabooks.de\/#\/schema\/logo\/image\/","url":"https:\/\/shanabooks.de\/wp-content\/uploads\/2024\/03\/SHANABOOKS__2_-removebg-preview.png","contentUrl":"https:\/\/shanabooks.de\/wp-content\/uploads\/2024\/03\/SHANABOOKS__2_-removebg-preview.png","width":700,"height":150,"caption":"www.shanbooks.de"},"image":{"@id":"https:\/\/shanabooks.de\/#\/schema\/logo\/image\/"}}]}},"jetpack_sharing_enabled":true,"_links":{"self":[{"href":"https:\/\/shanabooks.de\/de\/wp-json\/wp\/v2\/product\/13536","targetHints":{"allow":["GET"]}}],"collection":[{"href":"https:\/\/shanabooks.de\/de\/wp-json\/wp\/v2\/product"}],"about":[{"href":"https:\/\/shanabooks.de\/de\/wp-json\/wp\/v2\/types\/product"}],"version-history":[{"count":2,"href":"https:\/\/shanabooks.de\/de\/wp-json\/wp\/v2\/product\/13536\/revisions"}],"predecessor-version":[{"id":13990,"href":"https:\/\/shanabooks.de\/de\/wp-json\/wp\/v2\/product\/13536\/revisions\/13990"}],"wp:featuredmedia":[{"embeddable":true,"href":"https:\/\/shanabooks.de\/de\/wp-json\/wp\/v2\/media\/6494"}],"wp:attachment":[{"href":"https:\/\/shanabooks.de\/de\/wp-json\/wp\/v2\/media?parent=13536"}],"wp:term":[{"taxonomy":"product_brand","embeddable":true,"href":"https:\/\/shanabooks.de\/de\/wp-json\/wp\/v2\/product_brand?post=13536"},{"taxonomy":"product_cat","embeddable":true,"href":"https:\/\/shanabooks.de\/de\/wp-json\/wp\/v2\/product_cat?post=13536"},{"taxonomy":"product_tag","embeddable":true,"href":"https:\/\/shanabooks.de\/de\/wp-json\/wp\/v2\/product_tag?post=13536"}],"curies":[{"name":"wp","href":"https:\/\/api.w.org\/{rel}","templated":true}]}}