{"id":13537,"date":"2024-03-03T19:51:46","date_gmt":"2024-03-03T19:51:46","guid":{"rendered":"https:\/\/shanabooks.de\/?post_type=product&#038;p=13537"},"modified":"2024-04-10T12:19:32","modified_gmt":"2024-04-10T12:19:32","slug":"hebu-tune-bu-zinare-xamo","status":"publish","type":"product","link":"https:\/\/shanabooks.de\/de\/product\/hebu-tune-bu-zinare-xamo\/","title":{"rendered":"Heb\u00fb tune b\u00fb"},"content":{"rendered":"<p style=\"text-align: left\"><strong>Heb\u00fb tune b\u00fb &#8211; Zinar\u00ea Xamo<\/strong><\/p>\n<p style=\"text-align: left\">Ji zarokt\u00eeya xwe da ye ez ji xem\u00ee\u015fok\/\u00e7\u00eerok, qirwelk, d\u00fbrik, p\u00eaken\u00een, sitran\u00ean dengb\u00eaj\u00eey\u00ea, bi kurt\u00ee ji zargotina kurd\u00ee gelek\u00ee hez dikim. Bi ev\u00eendar\u00ee l\u00ea guhdar\u00ee dikim, dixw\u00eenim, ji ber dikim \u00fb diniv\u00eesim.\u00a0Jixwe berhevkirina xem\u00ee\u015fok\u00ean (\u00e7\u00eerok\u00ean) v\u00ea antoloj\u00eey\u00ea j\u00ee wiha dest p\u00ea kir.\u00a0Ev hezkirina ji \u00e7\u00eerokan b\u00fb sebeb\u00ea ez v\u00ea antoloj\u00eeya di dest\u00ea we da hazir bikim.\u00a0\u00c7il sal e min ew heb bi heb top kirin, ji bo ku zarok\u00ean me wan bixw\u00eenin \u00fb ji zargotina p\u00ea\u015fiy\u00ean xwe b\u00eapar nem\u00eenin, bi riya van \u00e7\u00eerokan ziman\u00ea xwe nas bikin, ba\u015ftir f\u00ear bibin.<\/p>\n<p style=\"text-align: left\">Ez ji sala 1980\u00ee vir da ye \u00e7\u00eerok\u00ean (xem\u00ee\u015fok\u00ean) zarokan diniv\u00eesim. B\u00eaguman li hin her\u00eam\u00ean Kurdistan\u00ea \u00fb li gelek welatan j\u00ee hin wers\u00eeyon\u00ean van \u00e7\u00eerokan hene.\u00a0Ji \u00e7\u00eerok\u00ean kit\u00eab\u00ea hinek di\u015fibin fabil\u00ean(\u00e7\u00eerok\u00ean) Ezop, hinek di\u015fibin \u00e7\u00eerok\u00ean La Fontaine, hinek j\u00ee \u00e7\u00eerok\u00ean b\u00fbne kilas\u00eek\u00ean kurd\u00ee. Ji bo ku zarok \u00e7\u00eerok\u00ean di antoloj\u00eey\u00ea da rihet fam bikin heta ji min hat min zimanek\u00ee sade \u00fb sivik bi kar an\u00ee. Min hewil da ziman\u00ea xem\u00ee\u015fokan gel\u00ear\u00ee be, wek ziman\u00ea \u00e7\u00eerokb\u00eajan be, ji bo ku her zarok j\u00ea fam bikin.\u00a0Ez h\u00eav\u00ee dikim, zarok\u00ean me ew\u00ea ji van xem\u00ee\u015fokan\/\u00e7\u00eerokan hez bikin, ew\u00ea bi dil\u00ea wan be \u00fb bi hezkirin bixw\u00eenin.<\/p>\n<p style=\"text-align: left\">Di v\u00ea \u00e7apa berfirehkir\u00ee ya Heb\u00fb tune b\u00fb ya Zinar\u00ea Xamo da antoloj\u00ee bi w\u00eaneyan hatiye xemilandin, 189 \u00e7\u00eerok t\u00ea da hene.<\/p>\n<p style=\"text-align: left\">Berga Taybet<\/p>\n","protected":false},"excerpt":{"rendered":"<p style=\"text-align: center\"><strong>Pirt\u00fbk: Heb\u00fb tune b\u00fb<br \/>\nNiv\u00eeskar: Zinar\u00ea Xamo<br \/>\nCure: \u00c7\u00eerok<\/strong><\/p>\n","protected":false},"featured_media":6496,"template":"","meta":{"site-sidebar-layout":"default","site-content-layout":"","ast-site-content-layout":"default","site-content-style":"default","site-sidebar-style":"default","ast-global-header-display":"","ast-banner-title-visibility":"","ast-main-header-display":"","ast-hfb-above-header-display":"","ast-hfb-below-header-display":"","ast-hfb-mobile-header-display":"","site-post-title":"","ast-breadcrumbs-content":"","ast-featured-img":"","footer-sml-layout":"","ast-disable-related-posts":"","theme-transparent-header-meta":"default","adv-header-id-meta":"","stick-header-meta":"","header-above-stick-meta":"","header-main-stick-meta":"","header-below-stick-meta":"","astra-migrate-meta-layouts":"set","ast-page-background-enabled":"default","ast-page-background-meta":{"desktop":{"background-color":"","background-image":"","background-repeat":"repeat","background-position":"center center","background-size":"auto","background-attachment":"scroll","background-type":"","background-media":"","overlay-type":"","overlay-color":"","overlay-opacity":"","overlay-gradient":""},"tablet":{"background-color":"","background-image":"","background-repeat":"repeat","background-position":"center center","background-size":"auto","background-attachment":"scroll","background-type":"","background-media":"","overlay-type":"","overlay-color":"","overlay-opacity":"","overlay-gradient":""},"mobile":{"background-color":"","background-image":"","background-repeat":"repeat","background-position":"center center","background-size":"auto","background-attachment":"scroll","background-type":"","background-media":"","overlay-type":"","overlay-color":"","overlay-opacity":"","overlay-gradient":""}},"ast-content-background-meta":{"desktop":{"background-color":"var(--ast-global-color-5)","background-image":"","background-repeat":"repeat","background-position":"center center","background-size":"auto","background-attachment":"scroll","background-type":"","background-media":"","overlay-type":"","overlay-color":"","overlay-opacity":"","overlay-gradient":""},"tablet":{"background-color":"var(--ast-global-color-5)","background-image":"","background-repeat":"repeat","background-position":"center center","background-size":"auto","background-attachment":"scroll","background-type":"","background-media":"","overlay-type":"","overlay-color":"","overlay-opacity":"","overlay-gradient":""},"mobile":{"background-color":"var(--ast-global-color-5)","background-image":"","background-repeat":"repeat","background-position":"center center","background-size":"auto","background-attachment":"scroll","background-type":"","background-media":"","overlay-type":"","overlay-color":"","overlay-opacity":"","overlay-gradient":""}}},"product_brand":[],"product_cat":[194,193],"product_tag":[],"class_list":{"0":"post-13537","1":"product","2":"type-product","3":"status-publish","4":"has-post-thumbnail","6":"product_cat--_","8":"pa_-cirok","9":"pa_-zarok","10":"pa_-zinare-xamo","11":"pa_-kurmanci","12":"pa_--dara-yayinlari","13":"desktop-align-left","14":"tablet-align-left","15":"mobile-align-left","17":"first","18":"instock","19":"shipping-taxable","20":"purchasable","21":"product-type-simple"},"yoast_head":"<!-- This site is optimized with the Yoast SEO plugin v27.4 - https:\/\/yoast.com\/product\/yoast-seo-wordpress\/ -->\n<title>Heb\u00fb tune b\u00fb - Zinar\u00ea Xamo - www.shanabooks.de<\/title>\n<meta name=\"description\" content=\"Heb\u00fb tune b\u00fb - Zinar\u00ea Xamo Ji zarokt\u00eeya xwe da ye ez ji xem\u00ee\u015fok\/\u00e7\u00eerok, qirwelk, d\u00fbrik, p\u00eaken\u00een, sitran\u00ean dengb\u00eaj\u00eey\u00ea, bi kurt\u00ee ji zargotina kurd\u00ee gelek\u00ee ...\" \/>\n<meta name=\"robots\" content=\"index, follow, max-snippet:-1, max-image-preview:large, max-video-preview:-1\" \/>\n<link rel=\"canonical\" href=\"https:\/\/shanabooks.de\/product\/hebu-tune-bu-zinare-xamo\/\" \/>\n<meta property=\"og:locale\" content=\"de_DE\" \/>\n<meta property=\"og:type\" content=\"article\" \/>\n<meta property=\"og:title\" content=\"Heb\u00fb tune b\u00fb - Zinar\u00ea Xamo - www.shanabooks.de\" \/>\n<meta property=\"og:description\" content=\"Heb\u00fb tune b\u00fb - Zinar\u00ea Xamo Ji zarokt\u00eeya xwe da ye ez ji xem\u00ee\u015fok\/\u00e7\u00eerok, qirwelk, d\u00fbrik, p\u00eaken\u00een, sitran\u00ean dengb\u00eaj\u00eey\u00ea, bi kurt\u00ee ji zargotina kurd\u00ee gelek\u00ee ...\" \/>\n<meta property=\"og:url\" content=\"https:\/\/shanabooks.de\/product\/hebu-tune-bu-zinare-xamo\/\" \/>\n<meta property=\"og:site_name\" content=\"www.shanabooks.de\" \/>\n<meta property=\"article:modified_time\" content=\"2024-04-10T12:19:32+00:00\" \/>\n<meta property=\"og:image\" content=\"https:\/\/shanabooks.de\/wp-content\/uploads\/2024\/01\/Hebu-tune-bu-1-1.png\" \/>\n\t<meta property=\"og:image:width\" content=\"599\" \/>\n\t<meta property=\"og:image:height\" content=\"900\" \/>\n\t<meta property=\"og:image:type\" content=\"image\/png\" \/>\n<meta name=\"twitter:card\" content=\"summary_large_image\" \/>\n<meta name=\"twitter:label1\" content=\"Gesch\u00e4tzte Lesezeit\" \/>\n\t<meta name=\"twitter:data1\" content=\"2\u00a0Minuten\" \/>\n<script type=\"application\/ld+json\" class=\"yoast-schema-graph\">{\"@context\":\"https:\\\/\\\/schema.org\",\"@graph\":[{\"@type\":\"WebPage\",\"@id\":\"https:\\\/\\\/shanabooks.de\\\/product\\\/hebu-tune-bu-zinare-xamo\\\/\",\"url\":\"https:\\\/\\\/shanabooks.de\\\/product\\\/hebu-tune-bu-zinare-xamo\\\/\",\"name\":\"Heb\u00fb tune b\u00fb - Zinar\u00ea Xamo - www.shanabooks.de\",\"isPartOf\":{\"@id\":\"https:\\\/\\\/shanabooks.de\\\/#website\"},\"primaryImageOfPage\":{\"@id\":\"https:\\\/\\\/shanabooks.de\\\/product\\\/hebu-tune-bu-zinare-xamo\\\/#primaryimage\"},\"image\":{\"@id\":\"https:\\\/\\\/shanabooks.de\\\/product\\\/hebu-tune-bu-zinare-xamo\\\/#primaryimage\"},\"thumbnailUrl\":\"https:\\\/\\\/shanabooks.de\\\/wp-content\\\/uploads\\\/2024\\\/01\\\/Hebu-tune-bu-1-1.png\",\"datePublished\":\"2024-03-03T19:51:46+00:00\",\"dateModified\":\"2024-04-10T12:19:32+00:00\",\"description\":\"Heb\u00fb tune b\u00fb - Zinar\u00ea Xamo Ji zarokt\u00eeya xwe da ye ez ji xem\u00ee\u015fok\\\/\u00e7\u00eerok, qirwelk, d\u00fbrik, p\u00eaken\u00een, sitran\u00ean dengb\u00eaj\u00eey\u00ea, bi kurt\u00ee ji zargotina kurd\u00ee gelek\u00ee ...\",\"breadcrumb\":{\"@id\":\"https:\\\/\\\/shanabooks.de\\\/product\\\/hebu-tune-bu-zinare-xamo\\\/#breadcrumb\"},\"inLanguage\":\"de\",\"potentialAction\":[{\"@type\":\"ReadAction\",\"target\":[\"https:\\\/\\\/shanabooks.de\\\/product\\\/hebu-tune-bu-zinare-xamo\\\/\"]}]},{\"@type\":\"ImageObject\",\"inLanguage\":\"de\",\"@id\":\"https:\\\/\\\/shanabooks.de\\\/product\\\/hebu-tune-bu-zinare-xamo\\\/#primaryimage\",\"url\":\"https:\\\/\\\/shanabooks.de\\\/wp-content\\\/uploads\\\/2024\\\/01\\\/Hebu-tune-bu-1-1.png\",\"contentUrl\":\"https:\\\/\\\/shanabooks.de\\\/wp-content\\\/uploads\\\/2024\\\/01\\\/Hebu-tune-bu-1-1.png\",\"width\":599,\"height\":900,\"caption\":\"Heb\u00fb tune b\u00fb - Zinar\u00ea Xamo - pirt\u00fbk\u00ean kurd\u00ee - zarok\"},{\"@type\":\"BreadcrumbList\",\"@id\":\"https:\\\/\\\/shanabooks.de\\\/product\\\/hebu-tune-bu-zinare-xamo\\\/#breadcrumb\",\"itemListElement\":[{\"@type\":\"ListItem\",\"position\":1,\"name\":\"\u0627\u0644\u0631\u0626\u064a\u0633\u064a\u0629\",\"item\":\"https:\\\/\\\/shanabooks.de\\\/de\\\/\"},{\"@type\":\"ListItem\",\"position\":2,\"name\":\"\u0627\u0644\u0645\u0646\u062a\u062c\u0627\u062a\",\"item\":\"https:\\\/\\\/shanabooks.de\\\/shop\\\/\"},{\"@type\":\"ListItem\",\"position\":3,\"name\":\"Heb\u00fb tune b\u00fb\"}]},{\"@type\":\"WebSite\",\"@id\":\"https:\\\/\\\/shanabooks.de\\\/#website\",\"url\":\"https:\\\/\\\/shanabooks.de\\\/\",\"name\":\"www.shanbooks.de\",\"description\":\"C\u00eehana Pirt\u00fbk\u00ean Kurd\u00ee \u0645\u0643\u062a\u0628\u0629 \u0634\u0627\u0646\u0627 \u0641\u064a \u0627\u0644\u0645\u0627\u0646\u064a\u0627 \u0648\u0623\u0648\u0631\u0628\u0627\",\"publisher\":{\"@id\":\"https:\\\/\\\/shanabooks.de\\\/#organization\"},\"potentialAction\":[{\"@type\":\"SearchAction\",\"target\":{\"@type\":\"EntryPoint\",\"urlTemplate\":\"https:\\\/\\\/shanabooks.de\\\/?s={search_term_string}\"},\"query-input\":{\"@type\":\"PropertyValueSpecification\",\"valueRequired\":true,\"valueName\":\"search_term_string\"}}],\"inLanguage\":\"de\"},{\"@type\":\"Organization\",\"@id\":\"https:\\\/\\\/shanabooks.de\\\/#organization\",\"name\":\"www.shanbooks.de\",\"url\":\"https:\\\/\\\/shanabooks.de\\\/\",\"logo\":{\"@type\":\"ImageObject\",\"inLanguage\":\"de\",\"@id\":\"https:\\\/\\\/shanabooks.de\\\/#\\\/schema\\\/logo\\\/image\\\/\",\"url\":\"https:\\\/\\\/shanabooks.de\\\/wp-content\\\/uploads\\\/2024\\\/03\\\/SHANABOOKS__2_-removebg-preview.png\",\"contentUrl\":\"https:\\\/\\\/shanabooks.de\\\/wp-content\\\/uploads\\\/2024\\\/03\\\/SHANABOOKS__2_-removebg-preview.png\",\"width\":700,\"height\":150,\"caption\":\"www.shanbooks.de\"},\"image\":{\"@id\":\"https:\\\/\\\/shanabooks.de\\\/#\\\/schema\\\/logo\\\/image\\\/\"}}]}<\/script>\n<!-- \/ Yoast SEO plugin. -->","yoast_head_json":{"title":"Heb\u00fb tune b\u00fb - Zinar\u00ea Xamo - www.shanabooks.de","description":"Heb\u00fb tune b\u00fb - Zinar\u00ea Xamo Ji zarokt\u00eeya xwe da ye ez ji xem\u00ee\u015fok\/\u00e7\u00eerok, qirwelk, d\u00fbrik, p\u00eaken\u00een, sitran\u00ean dengb\u00eaj\u00eey\u00ea, bi kurt\u00ee ji zargotina kurd\u00ee gelek\u00ee ...","robots":{"index":"index","follow":"follow","max-snippet":"max-snippet:-1","max-image-preview":"max-image-preview:large","max-video-preview":"max-video-preview:-1"},"canonical":"https:\/\/shanabooks.de\/product\/hebu-tune-bu-zinare-xamo\/","og_locale":"de_DE","og_type":"article","og_title":"Heb\u00fb tune b\u00fb - Zinar\u00ea Xamo - www.shanabooks.de","og_description":"Heb\u00fb tune b\u00fb - Zinar\u00ea Xamo Ji zarokt\u00eeya xwe da ye ez ji xem\u00ee\u015fok\/\u00e7\u00eerok, qirwelk, d\u00fbrik, p\u00eaken\u00een, sitran\u00ean dengb\u00eaj\u00eey\u00ea, bi kurt\u00ee ji zargotina kurd\u00ee gelek\u00ee ...","og_url":"https:\/\/shanabooks.de\/product\/hebu-tune-bu-zinare-xamo\/","og_site_name":"www.shanabooks.de","article_modified_time":"2024-04-10T12:19:32+00:00","og_image":[{"width":599,"height":900,"url":"https:\/\/shanabooks.de\/wp-content\/uploads\/2024\/01\/Hebu-tune-bu-1-1.png","type":"image\/png"}],"twitter_card":"summary_large_image","twitter_misc":{"Gesch\u00e4tzte Lesezeit":"2\u00a0Minuten"},"schema":{"@context":"https:\/\/schema.org","@graph":[{"@type":"WebPage","@id":"https:\/\/shanabooks.de\/product\/hebu-tune-bu-zinare-xamo\/","url":"https:\/\/shanabooks.de\/product\/hebu-tune-bu-zinare-xamo\/","name":"Heb\u00fb tune b\u00fb - Zinar\u00ea Xamo - www.shanabooks.de","isPartOf":{"@id":"https:\/\/shanabooks.de\/#website"},"primaryImageOfPage":{"@id":"https:\/\/shanabooks.de\/product\/hebu-tune-bu-zinare-xamo\/#primaryimage"},"image":{"@id":"https:\/\/shanabooks.de\/product\/hebu-tune-bu-zinare-xamo\/#primaryimage"},"thumbnailUrl":"https:\/\/shanabooks.de\/wp-content\/uploads\/2024\/01\/Hebu-tune-bu-1-1.png","datePublished":"2024-03-03T19:51:46+00:00","dateModified":"2024-04-10T12:19:32+00:00","description":"Heb\u00fb tune b\u00fb - Zinar\u00ea Xamo Ji zarokt\u00eeya xwe da ye ez ji xem\u00ee\u015fok\/\u00e7\u00eerok, qirwelk, d\u00fbrik, p\u00eaken\u00een, sitran\u00ean dengb\u00eaj\u00eey\u00ea, bi kurt\u00ee ji zargotina kurd\u00ee gelek\u00ee ...","breadcrumb":{"@id":"https:\/\/shanabooks.de\/product\/hebu-tune-bu-zinare-xamo\/#breadcrumb"},"inLanguage":"de","potentialAction":[{"@type":"ReadAction","target":["https:\/\/shanabooks.de\/product\/hebu-tune-bu-zinare-xamo\/"]}]},{"@type":"ImageObject","inLanguage":"de","@id":"https:\/\/shanabooks.de\/product\/hebu-tune-bu-zinare-xamo\/#primaryimage","url":"https:\/\/shanabooks.de\/wp-content\/uploads\/2024\/01\/Hebu-tune-bu-1-1.png","contentUrl":"https:\/\/shanabooks.de\/wp-content\/uploads\/2024\/01\/Hebu-tune-bu-1-1.png","width":599,"height":900,"caption":"Heb\u00fb tune b\u00fb - Zinar\u00ea Xamo - pirt\u00fbk\u00ean kurd\u00ee - zarok"},{"@type":"BreadcrumbList","@id":"https:\/\/shanabooks.de\/product\/hebu-tune-bu-zinare-xamo\/#breadcrumb","itemListElement":[{"@type":"ListItem","position":1,"name":"\u0627\u0644\u0631\u0626\u064a\u0633\u064a\u0629","item":"https:\/\/shanabooks.de\/de\/"},{"@type":"ListItem","position":2,"name":"\u0627\u0644\u0645\u0646\u062a\u062c\u0627\u062a","item":"https:\/\/shanabooks.de\/shop\/"},{"@type":"ListItem","position":3,"name":"Heb\u00fb tune b\u00fb"}]},{"@type":"WebSite","@id":"https:\/\/shanabooks.de\/#website","url":"https:\/\/shanabooks.de\/","name":"www.shanbooks.de","description":"C\u00eehana Pirt\u00fbk\u00ean Kurd\u00ee \u0645\u0643\u062a\u0628\u0629 \u0634\u0627\u0646\u0627 \u0641\u064a \u0627\u0644\u0645\u0627\u0646\u064a\u0627 \u0648\u0623\u0648\u0631\u0628\u0627","publisher":{"@id":"https:\/\/shanabooks.de\/#organization"},"potentialAction":[{"@type":"SearchAction","target":{"@type":"EntryPoint","urlTemplate":"https:\/\/shanabooks.de\/?s={search_term_string}"},"query-input":{"@type":"PropertyValueSpecification","valueRequired":true,"valueName":"search_term_string"}}],"inLanguage":"de"},{"@type":"Organization","@id":"https:\/\/shanabooks.de\/#organization","name":"www.shanbooks.de","url":"https:\/\/shanabooks.de\/","logo":{"@type":"ImageObject","inLanguage":"de","@id":"https:\/\/shanabooks.de\/#\/schema\/logo\/image\/","url":"https:\/\/shanabooks.de\/wp-content\/uploads\/2024\/03\/SHANABOOKS__2_-removebg-preview.png","contentUrl":"https:\/\/shanabooks.de\/wp-content\/uploads\/2024\/03\/SHANABOOKS__2_-removebg-preview.png","width":700,"height":150,"caption":"www.shanbooks.de"},"image":{"@id":"https:\/\/shanabooks.de\/#\/schema\/logo\/image\/"}}]}},"jetpack_sharing_enabled":true,"_links":{"self":[{"href":"https:\/\/shanabooks.de\/de\/wp-json\/wp\/v2\/product\/13537","targetHints":{"allow":["GET"]}}],"collection":[{"href":"https:\/\/shanabooks.de\/de\/wp-json\/wp\/v2\/product"}],"about":[{"href":"https:\/\/shanabooks.de\/de\/wp-json\/wp\/v2\/types\/product"}],"version-history":[{"count":3,"href":"https:\/\/shanabooks.de\/de\/wp-json\/wp\/v2\/product\/13537\/revisions"}],"predecessor-version":[{"id":23579,"href":"https:\/\/shanabooks.de\/de\/wp-json\/wp\/v2\/product\/13537\/revisions\/23579"}],"wp:featuredmedia":[{"embeddable":true,"href":"https:\/\/shanabooks.de\/de\/wp-json\/wp\/v2\/media\/6496"}],"wp:attachment":[{"href":"https:\/\/shanabooks.de\/de\/wp-json\/wp\/v2\/media?parent=13537"}],"wp:term":[{"taxonomy":"product_brand","embeddable":true,"href":"https:\/\/shanabooks.de\/de\/wp-json\/wp\/v2\/product_brand?post=13537"},{"taxonomy":"product_cat","embeddable":true,"href":"https:\/\/shanabooks.de\/de\/wp-json\/wp\/v2\/product_cat?post=13537"},{"taxonomy":"product_tag","embeddable":true,"href":"https:\/\/shanabooks.de\/de\/wp-json\/wp\/v2\/product_tag?post=13537"}],"curies":[{"name":"wp","href":"https:\/\/api.w.org\/{rel}","templated":true}]}}