{"id":13542,"date":"2024-03-03T19:51:46","date_gmt":"2024-03-03T19:51:46","guid":{"rendered":"https:\/\/shanabooks.de\/?post_type=product&#038;p=13542"},"modified":"2024-03-06T22:40:21","modified_gmt":"2024-03-06T22:40:21","slug":"guldesteyek-ji-baxe-rewane-ferid-demirel","status":"publish","type":"product","link":"https:\/\/shanabooks.de\/de\/product\/guldesteyek-ji-baxe-rewane-ferid-demirel\/","title":{"rendered":"Guldesteyek ji bax\u00ea Rewan\u00ea"},"content":{"rendered":"<p style=\"text-align: left\"><strong>Guldesteyek ji bax\u00ea Rewan\u00ea &#8211; Ferid Demirel<\/strong><\/p>\n<div style=\"text-align: left\"><span style=\"font-family: Verdana\">Di dema Sovyetistan\u00ea de li Ermenistan\u00ea civaka kurdan ji bo dibistanan pirt\u00fbk\u00ean dersan amade kirine. Zarok\u00ean ku di\u00e7\u00fbn dibistan\u00ea bi saya van pirt\u00fbkan bi kurmanc\u00ee xwendine \u00fb niv\u00eesandine. Di van pirt\u00fbkan de \u00e7\u00eerok, metelok, helbest \u00fb ti\u015ft\u00ean din \u00ean kurdan heb\u00fbn. Li h\u00ealek\u00ea j\u00ee di van pirt\u00fbkan de fikra sosyal\u00eezm\u00ea heb\u00fb. Behsa hejariy\u00ea, sedema v\u00ea hejariy\u00ea, ba\u015fb\u00fbna s\u00eestema sosyal\u00eezm\u00ea \u00fb rizgarb\u00fbna gelan heb\u00fb.<\/span><\/div>\n<div style=\"text-align: left\"><span style=\"font-family: Verdana\">\u00a0<\/span><\/div>\n<div style=\"text-align: left\"><span style=\"font-family: Verdana\">Ereb\u00ea \u015eemo, Heciy\u00ea Cind\u00ee, Em\u00een\u00ea Evdal, Casim\u00ea Cel\u00eel, Cerdoy\u00ea G\u00eanco ev pirt\u00fbk bi hevkariya niv\u00eeskar\u00ean ermen \u00ean weke H. Mikirt\u00e7yan, G. Zenyan \u00fb R. Drambyan\u00ee amade kirine. Di van pirt\u00fbkan de heman kesan \u00e7\u00eerok\u00ean xwe we\u015fandine, \u00e7\u00eerok \u00fb helbest\u00ean niv\u00eeskar\u00ean kurd \u00fb ermen \u00e7ap kirine. Her weha ne ten\u00ea y\u00ean xwe we\u015fandine, \u00e7\u00eerok\u00ean Gork\u00ee, \u00c7exov, Tolstoy, T\u00fbrg\u00eany\u00eav, T\u00fbmanyan \u00fb gelek\u00ean din wergerandine.<\/span><\/div>\n","protected":false},"excerpt":{"rendered":"<p style=\"text-align: center\"><strong>Pirt\u00fbk: Guldesteyek ji bax\u00ea Rewan\u00ea<br \/>\nNiv\u00eeskar: Ferid Demirel<br \/>\nCure: Roman<\/strong><\/p>\n","protected":false},"featured_media":6506,"template":"","meta":{"site-sidebar-layout":"default","site-content-layout":"","ast-site-content-layout":"default","site-content-style":"default","site-sidebar-style":"default","ast-global-header-display":"","ast-banner-title-visibility":"","ast-main-header-display":"","ast-hfb-above-header-display":"","ast-hfb-below-header-display":"","ast-hfb-mobile-header-display":"","site-post-title":"","ast-breadcrumbs-content":"","ast-featured-img":"","footer-sml-layout":"","ast-disable-related-posts":"","theme-transparent-header-meta":"default","adv-header-id-meta":"","stick-header-meta":"","header-above-stick-meta":"","header-main-stick-meta":"","header-below-stick-meta":"","astra-migrate-meta-layouts":"set","ast-page-background-enabled":"default","ast-page-background-meta":{"desktop":{"background-color":"","background-image":"","background-repeat":"repeat","background-position":"center center","background-size":"auto","background-attachment":"scroll","background-type":"","background-media":"","overlay-type":"","overlay-color":"","overlay-opacity":"","overlay-gradient":""},"tablet":{"background-color":"","background-image":"","background-repeat":"repeat","background-position":"center center","background-size":"auto","background-attachment":"scroll","background-type":"","background-media":"","overlay-type":"","overlay-color":"","overlay-opacity":"","overlay-gradient":""},"mobile":{"background-color":"","background-image":"","background-repeat":"repeat","background-position":"center center","background-size":"auto","background-attachment":"scroll","background-type":"","background-media":"","overlay-type":"","overlay-color":"","overlay-opacity":"","overlay-gradient":""}},"ast-content-background-meta":{"desktop":{"background-color":"var(--ast-global-color-5)","background-image":"","background-repeat":"repeat","background-position":"center center","background-size":"auto","background-attachment":"scroll","background-type":"","background-media":"","overlay-type":"","overlay-color":"","overlay-opacity":"","overlay-gradient":""},"tablet":{"background-color":"var(--ast-global-color-5)","background-image":"","background-repeat":"repeat","background-position":"center center","background-size":"auto","background-attachment":"scroll","background-type":"","background-media":"","overlay-type":"","overlay-color":"","overlay-opacity":"","overlay-gradient":""},"mobile":{"background-color":"var(--ast-global-color-5)","background-image":"","background-repeat":"repeat","background-position":"center center","background-size":"auto","background-attachment":"scroll","background-type":"","background-media":"","overlay-type":"","overlay-color":"","overlay-opacity":"","overlay-gradient":""}}},"product_brand":[],"product_cat":[182,193],"product_tag":[],"class_list":{"0":"post-13542","1":"product","2":"type-product","3":"status-publish","4":"has-post-thumbnail","6":"product_cat-_","7":"product_cat--_","8":"pa_-roman","9":"pa_-ferid-demirel","10":"pa_-kurmanci","11":"pa_--wesanen-sor","12":"desktop-align-left","13":"tablet-align-left","14":"mobile-align-left","16":"first","17":"instock","18":"shipping-taxable","19":"purchasable","20":"product-type-simple"},"yoast_head":"<!-- This site is optimized with the Yoast SEO plugin v27.4 - https:\/\/yoast.com\/product\/yoast-seo-wordpress\/ -->\n<title>Guldesteyek ji bax\u00ea Rewan\u00ea - Ferid Demirel - www.shanabooks.de<\/title>\n<meta name=\"description\" content=\"Guldesteyek ji bax\u00ea Rewan\u00ea - Ferid Demirel Di dema Sovyetistan\u00ea de li Ermenistan\u00ea civaka kurdan ji bo dibistanan pirt\u00fbk\u00ean dersan amade kirine. Zarok\u00ean ...\" \/>\n<meta name=\"robots\" content=\"index, follow, max-snippet:-1, max-image-preview:large, max-video-preview:-1\" \/>\n<link rel=\"canonical\" href=\"https:\/\/shanabooks.de\/product\/guldesteyek-ji-baxe-rewane-ferid-demirel\/\" \/>\n<meta property=\"og:locale\" content=\"de_DE\" \/>\n<meta property=\"og:type\" content=\"article\" \/>\n<meta property=\"og:title\" content=\"Guldesteyek ji bax\u00ea Rewan\u00ea - Ferid Demirel - www.shanabooks.de\" \/>\n<meta property=\"og:description\" content=\"Guldesteyek ji bax\u00ea Rewan\u00ea - Ferid Demirel Di dema Sovyetistan\u00ea de li Ermenistan\u00ea civaka kurdan ji bo dibistanan pirt\u00fbk\u00ean dersan amade kirine. Zarok\u00ean ...\" \/>\n<meta property=\"og:url\" content=\"https:\/\/shanabooks.de\/product\/guldesteyek-ji-baxe-rewane-ferid-demirel\/\" \/>\n<meta property=\"og:site_name\" content=\"www.shanabooks.de\" \/>\n<meta property=\"article:modified_time\" content=\"2024-03-06T22:40:21+00:00\" \/>\n<meta property=\"og:image\" content=\"https:\/\/shanabooks.de\/wp-content\/uploads\/2024\/01\/Guldesteyek-ji-baxe-Rewane.png\" \/>\n\t<meta property=\"og:image:width\" content=\"300\" \/>\n\t<meta property=\"og:image:height\" content=\"473\" \/>\n\t<meta property=\"og:image:type\" content=\"image\/png\" \/>\n<meta name=\"twitter:card\" content=\"summary_large_image\" \/>\n<meta name=\"twitter:label1\" content=\"Gesch\u00e4tzte Lesezeit\" \/>\n\t<meta name=\"twitter:data1\" content=\"2\u00a0Minuten\" \/>\n<script type=\"application\/ld+json\" class=\"yoast-schema-graph\">{\"@context\":\"https:\\\/\\\/schema.org\",\"@graph\":[{\"@type\":\"WebPage\",\"@id\":\"https:\\\/\\\/shanabooks.de\\\/product\\\/guldesteyek-ji-baxe-rewane-ferid-demirel\\\/\",\"url\":\"https:\\\/\\\/shanabooks.de\\\/product\\\/guldesteyek-ji-baxe-rewane-ferid-demirel\\\/\",\"name\":\"Guldesteyek ji bax\u00ea Rewan\u00ea - Ferid Demirel - www.shanabooks.de\",\"isPartOf\":{\"@id\":\"https:\\\/\\\/shanabooks.de\\\/#website\"},\"primaryImageOfPage\":{\"@id\":\"https:\\\/\\\/shanabooks.de\\\/product\\\/guldesteyek-ji-baxe-rewane-ferid-demirel\\\/#primaryimage\"},\"image\":{\"@id\":\"https:\\\/\\\/shanabooks.de\\\/product\\\/guldesteyek-ji-baxe-rewane-ferid-demirel\\\/#primaryimage\"},\"thumbnailUrl\":\"https:\\\/\\\/shanabooks.de\\\/wp-content\\\/uploads\\\/2024\\\/01\\\/Guldesteyek-ji-baxe-Rewane.png\",\"datePublished\":\"2024-03-03T19:51:46+00:00\",\"dateModified\":\"2024-03-06T22:40:21+00:00\",\"description\":\"Guldesteyek ji bax\u00ea Rewan\u00ea - Ferid Demirel Di dema Sovyetistan\u00ea de li Ermenistan\u00ea civaka kurdan ji bo dibistanan pirt\u00fbk\u00ean dersan amade kirine. Zarok\u00ean ...\",\"breadcrumb\":{\"@id\":\"https:\\\/\\\/shanabooks.de\\\/product\\\/guldesteyek-ji-baxe-rewane-ferid-demirel\\\/#breadcrumb\"},\"inLanguage\":\"de\",\"potentialAction\":[{\"@type\":\"ReadAction\",\"target\":[\"https:\\\/\\\/shanabooks.de\\\/product\\\/guldesteyek-ji-baxe-rewane-ferid-demirel\\\/\"]}]},{\"@type\":\"ImageObject\",\"inLanguage\":\"de\",\"@id\":\"https:\\\/\\\/shanabooks.de\\\/product\\\/guldesteyek-ji-baxe-rewane-ferid-demirel\\\/#primaryimage\",\"url\":\"https:\\\/\\\/shanabooks.de\\\/wp-content\\\/uploads\\\/2024\\\/01\\\/Guldesteyek-ji-baxe-Rewane.png\",\"contentUrl\":\"https:\\\/\\\/shanabooks.de\\\/wp-content\\\/uploads\\\/2024\\\/01\\\/Guldesteyek-ji-baxe-Rewane.png\",\"width\":300,\"height\":473,\"caption\":\"Guldesteyek ji bax\u00ea Rewan\u00ea - Ferid Demirel - pirt\u00fbk\u00ean kurd\u00ee\"},{\"@type\":\"BreadcrumbList\",\"@id\":\"https:\\\/\\\/shanabooks.de\\\/product\\\/guldesteyek-ji-baxe-rewane-ferid-demirel\\\/#breadcrumb\",\"itemListElement\":[{\"@type\":\"ListItem\",\"position\":1,\"name\":\"\u0627\u0644\u0631\u0626\u064a\u0633\u064a\u0629\",\"item\":\"https:\\\/\\\/shanabooks.de\\\/de\\\/\"},{\"@type\":\"ListItem\",\"position\":2,\"name\":\"\u0627\u0644\u0645\u0646\u062a\u062c\u0627\u062a\",\"item\":\"https:\\\/\\\/shanabooks.de\\\/shop\\\/\"},{\"@type\":\"ListItem\",\"position\":3,\"name\":\"Guldesteyek ji bax\u00ea Rewan\u00ea\"}]},{\"@type\":\"WebSite\",\"@id\":\"https:\\\/\\\/shanabooks.de\\\/#website\",\"url\":\"https:\\\/\\\/shanabooks.de\\\/\",\"name\":\"www.shanbooks.de\",\"description\":\"C\u00eehana Pirt\u00fbk\u00ean Kurd\u00ee \u0645\u0643\u062a\u0628\u0629 \u0634\u0627\u0646\u0627 \u0641\u064a \u0627\u0644\u0645\u0627\u0646\u064a\u0627 \u0648\u0623\u0648\u0631\u0628\u0627\",\"publisher\":{\"@id\":\"https:\\\/\\\/shanabooks.de\\\/#organization\"},\"potentialAction\":[{\"@type\":\"SearchAction\",\"target\":{\"@type\":\"EntryPoint\",\"urlTemplate\":\"https:\\\/\\\/shanabooks.de\\\/?s={search_term_string}\"},\"query-input\":{\"@type\":\"PropertyValueSpecification\",\"valueRequired\":true,\"valueName\":\"search_term_string\"}}],\"inLanguage\":\"de\"},{\"@type\":\"Organization\",\"@id\":\"https:\\\/\\\/shanabooks.de\\\/#organization\",\"name\":\"www.shanbooks.de\",\"url\":\"https:\\\/\\\/shanabooks.de\\\/\",\"logo\":{\"@type\":\"ImageObject\",\"inLanguage\":\"de\",\"@id\":\"https:\\\/\\\/shanabooks.de\\\/#\\\/schema\\\/logo\\\/image\\\/\",\"url\":\"https:\\\/\\\/shanabooks.de\\\/wp-content\\\/uploads\\\/2024\\\/03\\\/SHANABOOKS__2_-removebg-preview.png\",\"contentUrl\":\"https:\\\/\\\/shanabooks.de\\\/wp-content\\\/uploads\\\/2024\\\/03\\\/SHANABOOKS__2_-removebg-preview.png\",\"width\":700,\"height\":150,\"caption\":\"www.shanbooks.de\"},\"image\":{\"@id\":\"https:\\\/\\\/shanabooks.de\\\/#\\\/schema\\\/logo\\\/image\\\/\"}}]}<\/script>\n<!-- \/ Yoast SEO plugin. -->","yoast_head_json":{"title":"Guldesteyek ji bax\u00ea Rewan\u00ea - Ferid Demirel - www.shanabooks.de","description":"Guldesteyek ji bax\u00ea Rewan\u00ea - Ferid Demirel Di dema Sovyetistan\u00ea de li Ermenistan\u00ea civaka kurdan ji bo dibistanan pirt\u00fbk\u00ean dersan amade kirine. Zarok\u00ean ...","robots":{"index":"index","follow":"follow","max-snippet":"max-snippet:-1","max-image-preview":"max-image-preview:large","max-video-preview":"max-video-preview:-1"},"canonical":"https:\/\/shanabooks.de\/product\/guldesteyek-ji-baxe-rewane-ferid-demirel\/","og_locale":"de_DE","og_type":"article","og_title":"Guldesteyek ji bax\u00ea Rewan\u00ea - Ferid Demirel - www.shanabooks.de","og_description":"Guldesteyek ji bax\u00ea Rewan\u00ea - Ferid Demirel Di dema Sovyetistan\u00ea de li Ermenistan\u00ea civaka kurdan ji bo dibistanan pirt\u00fbk\u00ean dersan amade kirine. Zarok\u00ean ...","og_url":"https:\/\/shanabooks.de\/product\/guldesteyek-ji-baxe-rewane-ferid-demirel\/","og_site_name":"www.shanabooks.de","article_modified_time":"2024-03-06T22:40:21+00:00","og_image":[{"width":300,"height":473,"url":"https:\/\/shanabooks.de\/wp-content\/uploads\/2024\/01\/Guldesteyek-ji-baxe-Rewane.png","type":"image\/png"}],"twitter_card":"summary_large_image","twitter_misc":{"Gesch\u00e4tzte Lesezeit":"2\u00a0Minuten"},"schema":{"@context":"https:\/\/schema.org","@graph":[{"@type":"WebPage","@id":"https:\/\/shanabooks.de\/product\/guldesteyek-ji-baxe-rewane-ferid-demirel\/","url":"https:\/\/shanabooks.de\/product\/guldesteyek-ji-baxe-rewane-ferid-demirel\/","name":"Guldesteyek ji bax\u00ea Rewan\u00ea - Ferid Demirel - www.shanabooks.de","isPartOf":{"@id":"https:\/\/shanabooks.de\/#website"},"primaryImageOfPage":{"@id":"https:\/\/shanabooks.de\/product\/guldesteyek-ji-baxe-rewane-ferid-demirel\/#primaryimage"},"image":{"@id":"https:\/\/shanabooks.de\/product\/guldesteyek-ji-baxe-rewane-ferid-demirel\/#primaryimage"},"thumbnailUrl":"https:\/\/shanabooks.de\/wp-content\/uploads\/2024\/01\/Guldesteyek-ji-baxe-Rewane.png","datePublished":"2024-03-03T19:51:46+00:00","dateModified":"2024-03-06T22:40:21+00:00","description":"Guldesteyek ji bax\u00ea Rewan\u00ea - Ferid Demirel Di dema Sovyetistan\u00ea de li Ermenistan\u00ea civaka kurdan ji bo dibistanan pirt\u00fbk\u00ean dersan amade kirine. Zarok\u00ean ...","breadcrumb":{"@id":"https:\/\/shanabooks.de\/product\/guldesteyek-ji-baxe-rewane-ferid-demirel\/#breadcrumb"},"inLanguage":"de","potentialAction":[{"@type":"ReadAction","target":["https:\/\/shanabooks.de\/product\/guldesteyek-ji-baxe-rewane-ferid-demirel\/"]}]},{"@type":"ImageObject","inLanguage":"de","@id":"https:\/\/shanabooks.de\/product\/guldesteyek-ji-baxe-rewane-ferid-demirel\/#primaryimage","url":"https:\/\/shanabooks.de\/wp-content\/uploads\/2024\/01\/Guldesteyek-ji-baxe-Rewane.png","contentUrl":"https:\/\/shanabooks.de\/wp-content\/uploads\/2024\/01\/Guldesteyek-ji-baxe-Rewane.png","width":300,"height":473,"caption":"Guldesteyek ji bax\u00ea Rewan\u00ea - Ferid Demirel - pirt\u00fbk\u00ean kurd\u00ee"},{"@type":"BreadcrumbList","@id":"https:\/\/shanabooks.de\/product\/guldesteyek-ji-baxe-rewane-ferid-demirel\/#breadcrumb","itemListElement":[{"@type":"ListItem","position":1,"name":"\u0627\u0644\u0631\u0626\u064a\u0633\u064a\u0629","item":"https:\/\/shanabooks.de\/de\/"},{"@type":"ListItem","position":2,"name":"\u0627\u0644\u0645\u0646\u062a\u062c\u0627\u062a","item":"https:\/\/shanabooks.de\/shop\/"},{"@type":"ListItem","position":3,"name":"Guldesteyek ji bax\u00ea Rewan\u00ea"}]},{"@type":"WebSite","@id":"https:\/\/shanabooks.de\/#website","url":"https:\/\/shanabooks.de\/","name":"www.shanbooks.de","description":"C\u00eehana Pirt\u00fbk\u00ean Kurd\u00ee \u0645\u0643\u062a\u0628\u0629 \u0634\u0627\u0646\u0627 \u0641\u064a \u0627\u0644\u0645\u0627\u0646\u064a\u0627 \u0648\u0623\u0648\u0631\u0628\u0627","publisher":{"@id":"https:\/\/shanabooks.de\/#organization"},"potentialAction":[{"@type":"SearchAction","target":{"@type":"EntryPoint","urlTemplate":"https:\/\/shanabooks.de\/?s={search_term_string}"},"query-input":{"@type":"PropertyValueSpecification","valueRequired":true,"valueName":"search_term_string"}}],"inLanguage":"de"},{"@type":"Organization","@id":"https:\/\/shanabooks.de\/#organization","name":"www.shanbooks.de","url":"https:\/\/shanabooks.de\/","logo":{"@type":"ImageObject","inLanguage":"de","@id":"https:\/\/shanabooks.de\/#\/schema\/logo\/image\/","url":"https:\/\/shanabooks.de\/wp-content\/uploads\/2024\/03\/SHANABOOKS__2_-removebg-preview.png","contentUrl":"https:\/\/shanabooks.de\/wp-content\/uploads\/2024\/03\/SHANABOOKS__2_-removebg-preview.png","width":700,"height":150,"caption":"www.shanbooks.de"},"image":{"@id":"https:\/\/shanabooks.de\/#\/schema\/logo\/image\/"}}]}},"jetpack_sharing_enabled":true,"_links":{"self":[{"href":"https:\/\/shanabooks.de\/de\/wp-json\/wp\/v2\/product\/13542","targetHints":{"allow":["GET"]}}],"collection":[{"href":"https:\/\/shanabooks.de\/de\/wp-json\/wp\/v2\/product"}],"about":[{"href":"https:\/\/shanabooks.de\/de\/wp-json\/wp\/v2\/types\/product"}],"version-history":[{"count":2,"href":"https:\/\/shanabooks.de\/de\/wp-json\/wp\/v2\/product\/13542\/revisions"}],"predecessor-version":[{"id":13952,"href":"https:\/\/shanabooks.de\/de\/wp-json\/wp\/v2\/product\/13542\/revisions\/13952"}],"wp:featuredmedia":[{"embeddable":true,"href":"https:\/\/shanabooks.de\/de\/wp-json\/wp\/v2\/media\/6506"}],"wp:attachment":[{"href":"https:\/\/shanabooks.de\/de\/wp-json\/wp\/v2\/media?parent=13542"}],"wp:term":[{"taxonomy":"product_brand","embeddable":true,"href":"https:\/\/shanabooks.de\/de\/wp-json\/wp\/v2\/product_brand?post=13542"},{"taxonomy":"product_cat","embeddable":true,"href":"https:\/\/shanabooks.de\/de\/wp-json\/wp\/v2\/product_cat?post=13542"},{"taxonomy":"product_tag","embeddable":true,"href":"https:\/\/shanabooks.de\/de\/wp-json\/wp\/v2\/product_tag?post=13542"}],"curies":[{"name":"wp","href":"https:\/\/api.w.org\/{rel}","templated":true}]}}