{"id":13546,"date":"2024-03-03T19:51:47","date_gmt":"2024-03-03T19:51:47","guid":{"rendered":"https:\/\/shanabooks.de\/?post_type=product&#038;p=13546"},"modified":"2026-01-02T20:56:54","modified_gmt":"2026-01-02T20:56:54","slug":"hezar-u-yek-sev-werger-menaf-osman","status":"publish","type":"product","link":"https:\/\/shanabooks.de\/de\/product\/hezar-u-yek-sev-werger-menaf-osman\/","title":{"rendered":"Hezar \u00fb Yek \u015eev"},"content":{"rendered":"<p style=\"text-align: left;\"><strong>Hezar \u00fb yek \u015fev &#8211; Werg\u00ear Menaf Osman<\/strong><\/p>\n<p style=\"text-align: left;\">Kit\u00eaba \u201cHezar \u00fb Yek \u015eev\u201d\u00ea, wek ku werg\u00ear Menaf Osman di p\u00ea\u015fgotina kit\u00eab\u00ea de niv\u00ees\u00eeye yek ji kit\u00eab\u00ea her\u00ee navdar y\u00ea dinyay\u00ea ye \u00fb werger\u00ee gelek zimanan b\u00fbye. Cara ewil di ser\u00ea sedsala 18\u2019an de ji aliy\u00ea Antoine Galland ve, di dawiya sedsala 19\u2019an \u00fb destp\u00eaka sedsala 20\u2019an de j\u00ee ji aliy\u00ea Joseph Charles Mardrus ve werger\u00ean Frens\u00ee b\u00fbne. Di heman dem\u00ea de di sedsala 19\u2019an de werger\u00ean \u0130ngil\u00eez\u00ee, R\u00fbs\u00ee, \u0130spanyol\u00ee j\u00ee hatine kirin \u00fb li Ewr\u00fbpa tev\u00ee belav b\u00fbne. Hin werg\u00ear di \u00e7\u00eerokan de guhertin kirine, hin j\u00ea j\u00ee b\u00eay\u00ee ku tu guhertina bikin werger kirine. H\u00een j\u00ee li her der\u00ea dinyay\u00ea \u00e7ap\u00ea nuh t\u00eane derxistin, axilbe ji bo zarokan bi \u015f\u00eawey\u00ean cuda cuda t\u00eane amadekirin \u00fb bi baldar\u00ee t\u00eane xwendin. \u00c7\u00eerok\u00ean \u201cHezar \u00fb Yek \u015eev\u201d\u00ea ji al\u00ee fikir \u00fb sin\u2019et de gelek tes\u00eer li dinyay\u00ea tev\u00ee kiriye. B\u00fbye kan\u00ee \u00fb bingeh ji gelek mijar\u00ean roman, t\u00eeyatro, muz\u00eek \u00fb film\u00ea s\u00eenemaya. Gelek niv\u00eeskar\u00ean navdar, s\u00fbd ji v\u00ea berhem\u00ea girtine. Mirov kare b\u00eaje, tu berhem di dinyay\u00ea de bi qas\u00ee \u00c7\u00eerok\u00ean Hezar \u00fb Yek \u015eev\u00ea tes\u00eer li sin\u2019et, edebiyat, s\u00eenema, t\u00eeyatro \u00fb hwd. nekiriye. H\u00een j\u00ee nav\u00ea leheng\u00ea wan li deran t\u00ea kirin \u00fb dibin nav\u00ea merqeyan, resm\u00ea ku wan tems\u00eel dikin li ser gelek cihan \u00fb am\u00fbran cih digre. Yan\u00ee tes\u00eer li hem\u00fb aliy\u00ea jiyan\u00ea kiriye; li jiyana civak\u00ee, li zarokan, li pol\u00eet\u00eekay\u00ea, li edebiyat\u00ea, li tiyatroy\u00ea, li s\u00eenemay\u00ea\u2026<\/p>\n","protected":false},"excerpt":{"rendered":"<p style=\"text-align: center;\"><strong>Pirt\u00fbk: Hezar \u00db yek \u015eev<\/strong><br \/>\n<strong>Niv\u00eeskar: Menaf Osman<br \/>\n<\/strong><strong>Cure: \u00c7\u00eerok<\/strong><\/p>\n","protected":false},"featured_media":6524,"template":"","meta":{"site-sidebar-layout":"default","site-content-layout":"","ast-site-content-layout":"default","site-content-style":"default","site-sidebar-style":"default","ast-global-header-display":"","ast-banner-title-visibility":"","ast-main-header-display":"","ast-hfb-above-header-display":"","ast-hfb-below-header-display":"","ast-hfb-mobile-header-display":"","site-post-title":"","ast-breadcrumbs-content":"","ast-featured-img":"","footer-sml-layout":"","ast-disable-related-posts":"","theme-transparent-header-meta":"default","adv-header-id-meta":"","stick-header-meta":"","header-above-stick-meta":"","header-main-stick-meta":"","header-below-stick-meta":"","astra-migrate-meta-layouts":"set","ast-page-background-enabled":"default","ast-page-background-meta":{"desktop":{"background-color":"","background-image":"","background-repeat":"repeat","background-position":"center center","background-size":"auto","background-attachment":"scroll","background-type":"","background-media":"","overlay-type":"","overlay-color":"","overlay-opacity":"","overlay-gradient":""},"tablet":{"background-color":"","background-image":"","background-repeat":"repeat","background-position":"center center","background-size":"auto","background-attachment":"scroll","background-type":"","background-media":"","overlay-type":"","overlay-color":"","overlay-opacity":"","overlay-gradient":""},"mobile":{"background-color":"","background-image":"","background-repeat":"repeat","background-position":"center center","background-size":"auto","background-attachment":"scroll","background-type":"","background-media":"","overlay-type":"","overlay-color":"","overlay-opacity":"","overlay-gradient":""}},"ast-content-background-meta":{"desktop":{"background-color":"var(--ast-global-color-5)","background-image":"","background-repeat":"repeat","background-position":"center center","background-size":"auto","background-attachment":"scroll","background-type":"","background-media":"","overlay-type":"","overlay-color":"","overlay-opacity":"","overlay-gradient":""},"tablet":{"background-color":"var(--ast-global-color-5)","background-image":"","background-repeat":"repeat","background-position":"center center","background-size":"auto","background-attachment":"scroll","background-type":"","background-media":"","overlay-type":"","overlay-color":"","overlay-opacity":"","overlay-gradient":""},"mobile":{"background-color":"var(--ast-global-color-5)","background-image":"","background-repeat":"repeat","background-position":"center center","background-size":"auto","background-attachment":"scroll","background-type":"","background-media":"","overlay-type":"","overlay-color":"","overlay-opacity":"","overlay-gradient":""}}},"product_brand":[],"product_cat":[194,193],"product_tag":[],"class_list":{"0":"post-13546","1":"product","2":"type-product","3":"status-publish","4":"has-post-thumbnail","6":"product_cat--_","8":"pa_-cirok","9":"pa_-menaf-osman","10":"pa_-kurmanci","11":"pa_--azad-yayinlari-2","12":"desktop-align-left","13":"tablet-align-left","14":"mobile-align-left","16":"first","17":"instock","18":"shipping-taxable","19":"purchasable","20":"product-type-simple"},"yoast_head":"<!-- This site is optimized with the Yoast SEO plugin v27.4 - https:\/\/yoast.com\/product\/yoast-seo-wordpress\/ -->\n<title>Hezar \u00fb yek \u015fev - Werg\u00ear Menaf Osman - www.shanabooks.de<\/title>\n<meta name=\"description\" content=\"Hezar \u00fb yek \u015fev - Werg\u00ear Menaf Osman Kit\u00eaba \u201cHezar \u00fb Yek \u015eev\u201d\u00ea, wek ku werg\u00ear Menaf Osman di p\u00ea\u015fgotina kit\u00eab\u00ea de niv\u00ees\u00eeye yek ji kit\u00eab\u00ea her\u00ee navda...\" \/>\n<meta name=\"robots\" content=\"index, follow, max-snippet:-1, max-image-preview:large, max-video-preview:-1\" \/>\n<link rel=\"canonical\" href=\"https:\/\/shanabooks.de\/product\/hezar-u-yek-sev-werger-menaf-osman\/\" \/>\n<meta property=\"og:locale\" content=\"de_DE\" \/>\n<meta property=\"og:type\" content=\"article\" \/>\n<meta property=\"og:title\" content=\"Hezar \u00fb yek \u015fev - Werg\u00ear Menaf Osman - www.shanabooks.de\" \/>\n<meta property=\"og:description\" content=\"Hezar \u00fb yek \u015fev - Werg\u00ear Menaf Osman Kit\u00eaba \u201cHezar \u00fb Yek \u015eev\u201d\u00ea, wek ku werg\u00ear Menaf Osman di p\u00ea\u015fgotina kit\u00eab\u00ea de niv\u00ees\u00eeye yek ji kit\u00eab\u00ea her\u00ee navda...\" \/>\n<meta property=\"og:url\" content=\"https:\/\/shanabooks.de\/product\/hezar-u-yek-sev-werger-menaf-osman\/\" \/>\n<meta property=\"og:site_name\" content=\"www.shanabooks.de\" \/>\n<meta property=\"article:modified_time\" content=\"2026-01-02T20:56:54+00:00\" \/>\n<meta property=\"og:image\" content=\"https:\/\/shanabooks.de\/wp-content\/uploads\/2024\/01\/Hezar-u-yek-sev.png\" \/>\n\t<meta property=\"og:image:width\" content=\"323\" \/>\n\t<meta property=\"og:image:height\" content=\"469\" \/>\n\t<meta property=\"og:image:type\" content=\"image\/png\" \/>\n<meta name=\"twitter:card\" content=\"summary_large_image\" \/>\n<meta name=\"twitter:label1\" content=\"Gesch\u00e4tzte Lesezeit\" \/>\n\t<meta name=\"twitter:data1\" content=\"2\u00a0Minuten\" \/>\n<script type=\"application\/ld+json\" class=\"yoast-schema-graph\">{\"@context\":\"https:\\\/\\\/schema.org\",\"@graph\":[{\"@type\":\"WebPage\",\"@id\":\"https:\\\/\\\/shanabooks.de\\\/product\\\/hezar-u-yek-sev-werger-menaf-osman\\\/\",\"url\":\"https:\\\/\\\/shanabooks.de\\\/product\\\/hezar-u-yek-sev-werger-menaf-osman\\\/\",\"name\":\"Hezar \u00fb yek \u015fev - Werg\u00ear Menaf Osman - www.shanabooks.de\",\"isPartOf\":{\"@id\":\"https:\\\/\\\/shanabooks.de\\\/#website\"},\"primaryImageOfPage\":{\"@id\":\"https:\\\/\\\/shanabooks.de\\\/product\\\/hezar-u-yek-sev-werger-menaf-osman\\\/#primaryimage\"},\"image\":{\"@id\":\"https:\\\/\\\/shanabooks.de\\\/product\\\/hezar-u-yek-sev-werger-menaf-osman\\\/#primaryimage\"},\"thumbnailUrl\":\"https:\\\/\\\/shanabooks.de\\\/wp-content\\\/uploads\\\/2024\\\/01\\\/Hezar-u-yek-sev.png\",\"datePublished\":\"2024-03-03T19:51:47+00:00\",\"dateModified\":\"2026-01-02T20:56:54+00:00\",\"description\":\"Hezar \u00fb yek \u015fev - Werg\u00ear Menaf Osman Kit\u00eaba \u201cHezar \u00fb Yek \u015eev\u201d\u00ea, wek ku werg\u00ear Menaf Osman di p\u00ea\u015fgotina kit\u00eab\u00ea de niv\u00ees\u00eeye yek ji kit\u00eab\u00ea her\u00ee navda...\",\"breadcrumb\":{\"@id\":\"https:\\\/\\\/shanabooks.de\\\/product\\\/hezar-u-yek-sev-werger-menaf-osman\\\/#breadcrumb\"},\"inLanguage\":\"de\",\"potentialAction\":[{\"@type\":\"ReadAction\",\"target\":[\"https:\\\/\\\/shanabooks.de\\\/product\\\/hezar-u-yek-sev-werger-menaf-osman\\\/\"]}]},{\"@type\":\"ImageObject\",\"inLanguage\":\"de\",\"@id\":\"https:\\\/\\\/shanabooks.de\\\/product\\\/hezar-u-yek-sev-werger-menaf-osman\\\/#primaryimage\",\"url\":\"https:\\\/\\\/shanabooks.de\\\/wp-content\\\/uploads\\\/2024\\\/01\\\/Hezar-u-yek-sev.png\",\"contentUrl\":\"https:\\\/\\\/shanabooks.de\\\/wp-content\\\/uploads\\\/2024\\\/01\\\/Hezar-u-yek-sev.png\",\"width\":323,\"height\":469,\"caption\":\"Hezar \u00fb yek \u015fev - Werg\u00ear Menaf Osman - pirt\u00fbk\u00ean kurd\u00ee - zarok\"},{\"@type\":\"BreadcrumbList\",\"@id\":\"https:\\\/\\\/shanabooks.de\\\/product\\\/hezar-u-yek-sev-werger-menaf-osman\\\/#breadcrumb\",\"itemListElement\":[{\"@type\":\"ListItem\",\"position\":1,\"name\":\"\u0627\u0644\u0631\u0626\u064a\u0633\u064a\u0629\",\"item\":\"https:\\\/\\\/shanabooks.de\\\/de\\\/\"},{\"@type\":\"ListItem\",\"position\":2,\"name\":\"\u0627\u0644\u0645\u0646\u062a\u062c\u0627\u062a\",\"item\":\"https:\\\/\\\/shanabooks.de\\\/shop\\\/\"},{\"@type\":\"ListItem\",\"position\":3,\"name\":\"Hezar \u00fb Yek \u015eev\"}]},{\"@type\":\"WebSite\",\"@id\":\"https:\\\/\\\/shanabooks.de\\\/#website\",\"url\":\"https:\\\/\\\/shanabooks.de\\\/\",\"name\":\"www.shanbooks.de\",\"description\":\"C\u00eehana Pirt\u00fbk\u00ean Kurd\u00ee \u0645\u0643\u062a\u0628\u0629 \u0634\u0627\u0646\u0627 \u0641\u064a \u0627\u0644\u0645\u0627\u0646\u064a\u0627 \u0648\u0623\u0648\u0631\u0628\u0627\",\"publisher\":{\"@id\":\"https:\\\/\\\/shanabooks.de\\\/#organization\"},\"potentialAction\":[{\"@type\":\"SearchAction\",\"target\":{\"@type\":\"EntryPoint\",\"urlTemplate\":\"https:\\\/\\\/shanabooks.de\\\/?s={search_term_string}\"},\"query-input\":{\"@type\":\"PropertyValueSpecification\",\"valueRequired\":true,\"valueName\":\"search_term_string\"}}],\"inLanguage\":\"de\"},{\"@type\":\"Organization\",\"@id\":\"https:\\\/\\\/shanabooks.de\\\/#organization\",\"name\":\"www.shanbooks.de\",\"url\":\"https:\\\/\\\/shanabooks.de\\\/\",\"logo\":{\"@type\":\"ImageObject\",\"inLanguage\":\"de\",\"@id\":\"https:\\\/\\\/shanabooks.de\\\/#\\\/schema\\\/logo\\\/image\\\/\",\"url\":\"https:\\\/\\\/shanabooks.de\\\/wp-content\\\/uploads\\\/2024\\\/03\\\/SHANABOOKS__2_-removebg-preview.png\",\"contentUrl\":\"https:\\\/\\\/shanabooks.de\\\/wp-content\\\/uploads\\\/2024\\\/03\\\/SHANABOOKS__2_-removebg-preview.png\",\"width\":700,\"height\":150,\"caption\":\"www.shanbooks.de\"},\"image\":{\"@id\":\"https:\\\/\\\/shanabooks.de\\\/#\\\/schema\\\/logo\\\/image\\\/\"}}]}<\/script>\n<!-- \/ Yoast SEO plugin. -->","yoast_head_json":{"title":"Hezar \u00fb yek \u015fev - Werg\u00ear Menaf Osman - www.shanabooks.de","description":"Hezar \u00fb yek \u015fev - Werg\u00ear Menaf Osman Kit\u00eaba \u201cHezar \u00fb Yek \u015eev\u201d\u00ea, wek ku werg\u00ear Menaf Osman di p\u00ea\u015fgotina kit\u00eab\u00ea de niv\u00ees\u00eeye yek ji kit\u00eab\u00ea her\u00ee navda...","robots":{"index":"index","follow":"follow","max-snippet":"max-snippet:-1","max-image-preview":"max-image-preview:large","max-video-preview":"max-video-preview:-1"},"canonical":"https:\/\/shanabooks.de\/product\/hezar-u-yek-sev-werger-menaf-osman\/","og_locale":"de_DE","og_type":"article","og_title":"Hezar \u00fb yek \u015fev - Werg\u00ear Menaf Osman - www.shanabooks.de","og_description":"Hezar \u00fb yek \u015fev - Werg\u00ear Menaf Osman Kit\u00eaba \u201cHezar \u00fb Yek \u015eev\u201d\u00ea, wek ku werg\u00ear Menaf Osman di p\u00ea\u015fgotina kit\u00eab\u00ea de niv\u00ees\u00eeye yek ji kit\u00eab\u00ea her\u00ee navda...","og_url":"https:\/\/shanabooks.de\/product\/hezar-u-yek-sev-werger-menaf-osman\/","og_site_name":"www.shanabooks.de","article_modified_time":"2026-01-02T20:56:54+00:00","og_image":[{"width":323,"height":469,"url":"https:\/\/shanabooks.de\/wp-content\/uploads\/2024\/01\/Hezar-u-yek-sev.png","type":"image\/png"}],"twitter_card":"summary_large_image","twitter_misc":{"Gesch\u00e4tzte Lesezeit":"2\u00a0Minuten"},"schema":{"@context":"https:\/\/schema.org","@graph":[{"@type":"WebPage","@id":"https:\/\/shanabooks.de\/product\/hezar-u-yek-sev-werger-menaf-osman\/","url":"https:\/\/shanabooks.de\/product\/hezar-u-yek-sev-werger-menaf-osman\/","name":"Hezar \u00fb yek \u015fev - Werg\u00ear Menaf Osman - www.shanabooks.de","isPartOf":{"@id":"https:\/\/shanabooks.de\/#website"},"primaryImageOfPage":{"@id":"https:\/\/shanabooks.de\/product\/hezar-u-yek-sev-werger-menaf-osman\/#primaryimage"},"image":{"@id":"https:\/\/shanabooks.de\/product\/hezar-u-yek-sev-werger-menaf-osman\/#primaryimage"},"thumbnailUrl":"https:\/\/shanabooks.de\/wp-content\/uploads\/2024\/01\/Hezar-u-yek-sev.png","datePublished":"2024-03-03T19:51:47+00:00","dateModified":"2026-01-02T20:56:54+00:00","description":"Hezar \u00fb yek \u015fev - Werg\u00ear Menaf Osman Kit\u00eaba \u201cHezar \u00fb Yek \u015eev\u201d\u00ea, wek ku werg\u00ear Menaf Osman di p\u00ea\u015fgotina kit\u00eab\u00ea de niv\u00ees\u00eeye yek ji kit\u00eab\u00ea her\u00ee navda...","breadcrumb":{"@id":"https:\/\/shanabooks.de\/product\/hezar-u-yek-sev-werger-menaf-osman\/#breadcrumb"},"inLanguage":"de","potentialAction":[{"@type":"ReadAction","target":["https:\/\/shanabooks.de\/product\/hezar-u-yek-sev-werger-menaf-osman\/"]}]},{"@type":"ImageObject","inLanguage":"de","@id":"https:\/\/shanabooks.de\/product\/hezar-u-yek-sev-werger-menaf-osman\/#primaryimage","url":"https:\/\/shanabooks.de\/wp-content\/uploads\/2024\/01\/Hezar-u-yek-sev.png","contentUrl":"https:\/\/shanabooks.de\/wp-content\/uploads\/2024\/01\/Hezar-u-yek-sev.png","width":323,"height":469,"caption":"Hezar \u00fb yek \u015fev - Werg\u00ear Menaf Osman - pirt\u00fbk\u00ean kurd\u00ee - zarok"},{"@type":"BreadcrumbList","@id":"https:\/\/shanabooks.de\/product\/hezar-u-yek-sev-werger-menaf-osman\/#breadcrumb","itemListElement":[{"@type":"ListItem","position":1,"name":"\u0627\u0644\u0631\u0626\u064a\u0633\u064a\u0629","item":"https:\/\/shanabooks.de\/de\/"},{"@type":"ListItem","position":2,"name":"\u0627\u0644\u0645\u0646\u062a\u062c\u0627\u062a","item":"https:\/\/shanabooks.de\/shop\/"},{"@type":"ListItem","position":3,"name":"Hezar \u00fb Yek \u015eev"}]},{"@type":"WebSite","@id":"https:\/\/shanabooks.de\/#website","url":"https:\/\/shanabooks.de\/","name":"www.shanbooks.de","description":"C\u00eehana Pirt\u00fbk\u00ean Kurd\u00ee \u0645\u0643\u062a\u0628\u0629 \u0634\u0627\u0646\u0627 \u0641\u064a \u0627\u0644\u0645\u0627\u0646\u064a\u0627 \u0648\u0623\u0648\u0631\u0628\u0627","publisher":{"@id":"https:\/\/shanabooks.de\/#organization"},"potentialAction":[{"@type":"SearchAction","target":{"@type":"EntryPoint","urlTemplate":"https:\/\/shanabooks.de\/?s={search_term_string}"},"query-input":{"@type":"PropertyValueSpecification","valueRequired":true,"valueName":"search_term_string"}}],"inLanguage":"de"},{"@type":"Organization","@id":"https:\/\/shanabooks.de\/#organization","name":"www.shanbooks.de","url":"https:\/\/shanabooks.de\/","logo":{"@type":"ImageObject","inLanguage":"de","@id":"https:\/\/shanabooks.de\/#\/schema\/logo\/image\/","url":"https:\/\/shanabooks.de\/wp-content\/uploads\/2024\/03\/SHANABOOKS__2_-removebg-preview.png","contentUrl":"https:\/\/shanabooks.de\/wp-content\/uploads\/2024\/03\/SHANABOOKS__2_-removebg-preview.png","width":700,"height":150,"caption":"www.shanbooks.de"},"image":{"@id":"https:\/\/shanabooks.de\/#\/schema\/logo\/image\/"}}]}},"jetpack_sharing_enabled":true,"_links":{"self":[{"href":"https:\/\/shanabooks.de\/de\/wp-json\/wp\/v2\/product\/13546","targetHints":{"allow":["GET"]}}],"collection":[{"href":"https:\/\/shanabooks.de\/de\/wp-json\/wp\/v2\/product"}],"about":[{"href":"https:\/\/shanabooks.de\/de\/wp-json\/wp\/v2\/types\/product"}],"version-history":[{"count":3,"href":"https:\/\/shanabooks.de\/de\/wp-json\/wp\/v2\/product\/13546\/revisions"}],"predecessor-version":[{"id":25676,"href":"https:\/\/shanabooks.de\/de\/wp-json\/wp\/v2\/product\/13546\/revisions\/25676"}],"wp:featuredmedia":[{"embeddable":true,"href":"https:\/\/shanabooks.de\/de\/wp-json\/wp\/v2\/media\/6524"}],"wp:attachment":[{"href":"https:\/\/shanabooks.de\/de\/wp-json\/wp\/v2\/media?parent=13546"}],"wp:term":[{"taxonomy":"product_brand","embeddable":true,"href":"https:\/\/shanabooks.de\/de\/wp-json\/wp\/v2\/product_brand?post=13546"},{"taxonomy":"product_cat","embeddable":true,"href":"https:\/\/shanabooks.de\/de\/wp-json\/wp\/v2\/product_cat?post=13546"},{"taxonomy":"product_tag","embeddable":true,"href":"https:\/\/shanabooks.de\/de\/wp-json\/wp\/v2\/product_tag?post=13546"}],"curies":[{"name":"wp","href":"https:\/\/api.w.org\/{rel}","templated":true}]}}