{"id":13580,"date":"2024-03-03T19:51:51","date_gmt":"2024-03-03T19:51:51","guid":{"rendered":"https:\/\/shanabooks.de\/?post_type=product&#038;p=13580"},"modified":"2024-04-21T09:43:42","modified_gmt":"2024-04-21T09:43:42","slug":"manga-sor-birindar-dibe-jujja-wieslander","status":"publish","type":"product","link":"https:\/\/shanabooks.de\/de\/product\/manga-sor-birindar-dibe-jujja-wieslander\/","title":{"rendered":"Manga Sor bir\u00eendar dibe"},"content":{"rendered":"<p style=\"text-align: left;\"><strong>Manga Sor bir\u00eendar dibe &#8211; Jujja Wieslander<\/strong><\/p>\n<p style=\"text-align: left;\">-Rojba\u015f\u00a0Manga Sor. \u00cecar \u00e7i b\u00fb ye?<br \/>\n\u00c7ima tu v\u00ea roja xwe\u015f di axur de y\u00ee?<br \/>\nManga Sor bi dengek\u00ee h\u00ead\u00ee got:<br \/>\n-Ez nexwe\u015f im.<br \/>\nQiriko bi q\u00eer\u00een got:<br \/>\n\u2013 Wey p\u00fbrt\u00ea min biwe\u015fe, te \u00e7i kiriye!<br \/>\nWermeke mezin li eniya te \u00e7\u00eab\u00fbye!<br \/>\nManga Sor got:<br \/>\n-Er\u00ea, ka li vir bin\u00eare!<br \/>\n\u2013 Qirrr! Seran ser\u00ea zik\u00ea te bandkir\u00ee ye, \u00e7i<br \/>\nbi ser\u00ea te de hatiye?!<\/p>\n","protected":false},"excerpt":{"rendered":"<p style=\"text-align: center;\"><strong>Pirt\u00fbk: Manga Sor bir\u00eendar dibe<br \/>\nNiv\u00eeskar: Jujja Wieslander<br \/>\nCure: Zarok<\/strong><\/p>\n","protected":false},"featured_media":6533,"template":"","meta":{"site-sidebar-layout":"default","site-content-layout":"","ast-site-content-layout":"default","site-content-style":"default","site-sidebar-style":"default","ast-global-header-display":"","ast-banner-title-visibility":"","ast-main-header-display":"","ast-hfb-above-header-display":"","ast-hfb-below-header-display":"","ast-hfb-mobile-header-display":"","site-post-title":"","ast-breadcrumbs-content":"","ast-featured-img":"","footer-sml-layout":"","ast-disable-related-posts":"","theme-transparent-header-meta":"default","adv-header-id-meta":"","stick-header-meta":"","header-above-stick-meta":"","header-main-stick-meta":"","header-below-stick-meta":"","astra-migrate-meta-layouts":"set","ast-page-background-enabled":"default","ast-page-background-meta":{"desktop":{"background-color":"","background-image":"","background-repeat":"repeat","background-position":"center center","background-size":"auto","background-attachment":"scroll","background-type":"","background-media":"","overlay-type":"","overlay-color":"","overlay-opacity":"","overlay-gradient":""},"tablet":{"background-color":"","background-image":"","background-repeat":"repeat","background-position":"center center","background-size":"auto","background-attachment":"scroll","background-type":"","background-media":"","overlay-type":"","overlay-color":"","overlay-opacity":"","overlay-gradient":""},"mobile":{"background-color":"","background-image":"","background-repeat":"repeat","background-position":"center center","background-size":"auto","background-attachment":"scroll","background-type":"","background-media":"","overlay-type":"","overlay-color":"","overlay-opacity":"","overlay-gradient":""}},"ast-content-background-meta":{"desktop":{"background-color":"var(--ast-global-color-5)","background-image":"","background-repeat":"repeat","background-position":"center center","background-size":"auto","background-attachment":"scroll","background-type":"","background-media":"","overlay-type":"","overlay-color":"","overlay-opacity":"","overlay-gradient":""},"tablet":{"background-color":"var(--ast-global-color-5)","background-image":"","background-repeat":"repeat","background-position":"center center","background-size":"auto","background-attachment":"scroll","background-type":"","background-media":"","overlay-type":"","overlay-color":"","overlay-opacity":"","overlay-gradient":""},"mobile":{"background-color":"var(--ast-global-color-5)","background-image":"","background-repeat":"repeat","background-position":"center center","background-size":"auto","background-attachment":"scroll","background-type":"","background-media":"","overlay-type":"","overlay-color":"","overlay-opacity":"","overlay-gradient":""}}},"product_brand":[],"product_cat":[194,193],"product_tag":[],"class_list":{"0":"post-13580","1":"product","2":"type-product","3":"status-publish","4":"has-post-thumbnail","6":"product_cat--_","8":"pa_-zarok","9":"pa_-jujja-wieslander","10":"pa_-kurmanci","11":"pa_--apec","12":"desktop-align-left","13":"tablet-align-left","14":"mobile-align-left","16":"first","17":"instock","18":"shipping-taxable","19":"purchasable","20":"product-type-simple"},"yoast_head":"<!-- This site is optimized with the Yoast SEO plugin v27.4 - https:\/\/yoast.com\/product\/yoast-seo-wordpress\/ -->\n<title>Manga Sor bir\u00eendar dibe - Jujja Wieslander - www.shanabooks.de<\/title>\n<meta name=\"description\" content=\"Manga Sor bir\u00eendar dibe - Jujja Wieslander -Rojba\u015f\u00a0Manga Sor. \u00cecar \u00e7i b\u00fb ye? \u00c7ima tu v\u00ea roja xwe\u015f di axur de y\u00ee? Manga Sor bi dengek\u00ee h\u00ead\u00ee got: -Ez ...\" \/>\n<meta name=\"robots\" content=\"index, follow, max-snippet:-1, max-image-preview:large, max-video-preview:-1\" \/>\n<link rel=\"canonical\" href=\"https:\/\/shanabooks.de\/product\/manga-sor-birindar-dibe-jujja-wieslander\/\" \/>\n<meta property=\"og:locale\" content=\"de_DE\" \/>\n<meta property=\"og:type\" content=\"article\" \/>\n<meta property=\"og:title\" content=\"Manga Sor bir\u00eendar dibe - Jujja Wieslander - www.shanabooks.de\" \/>\n<meta property=\"og:description\" content=\"Manga Sor bir\u00eendar dibe - Jujja Wieslander -Rojba\u015f\u00a0Manga Sor. \u00cecar \u00e7i b\u00fb ye? \u00c7ima tu v\u00ea roja xwe\u015f di axur de y\u00ee? Manga Sor bi dengek\u00ee h\u00ead\u00ee got: -Ez ...\" \/>\n<meta property=\"og:url\" content=\"https:\/\/shanabooks.de\/product\/manga-sor-birindar-dibe-jujja-wieslander\/\" \/>\n<meta property=\"og:site_name\" content=\"www.shanabooks.de\" \/>\n<meta property=\"article:modified_time\" content=\"2024-04-21T09:43:42+00:00\" \/>\n<meta property=\"og:image\" content=\"https:\/\/shanabooks.de\/wp-content\/uploads\/2024\/01\/Manga-Sor-birindar-dibe-Apec.png\" \/>\n\t<meta property=\"og:image:width\" content=\"338\" \/>\n\t<meta property=\"og:image:height\" content=\"472\" \/>\n\t<meta property=\"og:image:type\" content=\"image\/png\" \/>\n<meta name=\"twitter:card\" content=\"summary_large_image\" \/>\n<meta name=\"twitter:label1\" content=\"Gesch\u00e4tzte Lesezeit\" \/>\n\t<meta name=\"twitter:data1\" content=\"1\u00a0Minute\" \/>\n<script type=\"application\/ld+json\" class=\"yoast-schema-graph\">{\"@context\":\"https:\\\/\\\/schema.org\",\"@graph\":[{\"@type\":\"WebPage\",\"@id\":\"https:\\\/\\\/shanabooks.de\\\/product\\\/manga-sor-birindar-dibe-jujja-wieslander\\\/\",\"url\":\"https:\\\/\\\/shanabooks.de\\\/product\\\/manga-sor-birindar-dibe-jujja-wieslander\\\/\",\"name\":\"Manga Sor bir\u00eendar dibe - Jujja Wieslander - www.shanabooks.de\",\"isPartOf\":{\"@id\":\"https:\\\/\\\/shanabooks.de\\\/#website\"},\"primaryImageOfPage\":{\"@id\":\"https:\\\/\\\/shanabooks.de\\\/product\\\/manga-sor-birindar-dibe-jujja-wieslander\\\/#primaryimage\"},\"image\":{\"@id\":\"https:\\\/\\\/shanabooks.de\\\/product\\\/manga-sor-birindar-dibe-jujja-wieslander\\\/#primaryimage\"},\"thumbnailUrl\":\"https:\\\/\\\/shanabooks.de\\\/wp-content\\\/uploads\\\/2024\\\/01\\\/Manga-Sor-birindar-dibe-Apec.png\",\"datePublished\":\"2024-03-03T19:51:51+00:00\",\"dateModified\":\"2024-04-21T09:43:42+00:00\",\"description\":\"Manga Sor bir\u00eendar dibe - Jujja Wieslander -Rojba\u015f\u00a0Manga Sor. \u00cecar \u00e7i b\u00fb ye? \u00c7ima tu v\u00ea roja xwe\u015f di axur de y\u00ee? Manga Sor bi dengek\u00ee h\u00ead\u00ee got: -Ez ...\",\"breadcrumb\":{\"@id\":\"https:\\\/\\\/shanabooks.de\\\/product\\\/manga-sor-birindar-dibe-jujja-wieslander\\\/#breadcrumb\"},\"inLanguage\":\"de\",\"potentialAction\":[{\"@type\":\"ReadAction\",\"target\":[\"https:\\\/\\\/shanabooks.de\\\/product\\\/manga-sor-birindar-dibe-jujja-wieslander\\\/\"]}]},{\"@type\":\"ImageObject\",\"inLanguage\":\"de\",\"@id\":\"https:\\\/\\\/shanabooks.de\\\/product\\\/manga-sor-birindar-dibe-jujja-wieslander\\\/#primaryimage\",\"url\":\"https:\\\/\\\/shanabooks.de\\\/wp-content\\\/uploads\\\/2024\\\/01\\\/Manga-Sor-birindar-dibe-Apec.png\",\"contentUrl\":\"https:\\\/\\\/shanabooks.de\\\/wp-content\\\/uploads\\\/2024\\\/01\\\/Manga-Sor-birindar-dibe-Apec.png\",\"width\":338,\"height\":472,\"caption\":\"Manga Sor bir\u00eendar dibe - Jujja Wieslander - pirt\u00fbk\u00ean kurd\u00ee -zarok\"},{\"@type\":\"BreadcrumbList\",\"@id\":\"https:\\\/\\\/shanabooks.de\\\/product\\\/manga-sor-birindar-dibe-jujja-wieslander\\\/#breadcrumb\",\"itemListElement\":[{\"@type\":\"ListItem\",\"position\":1,\"name\":\"\u0627\u0644\u0631\u0626\u064a\u0633\u064a\u0629\",\"item\":\"https:\\\/\\\/shanabooks.de\\\/de\\\/\"},{\"@type\":\"ListItem\",\"position\":2,\"name\":\"\u0627\u0644\u0645\u0646\u062a\u062c\u0627\u062a\",\"item\":\"https:\\\/\\\/shanabooks.de\\\/shop\\\/\"},{\"@type\":\"ListItem\",\"position\":3,\"name\":\"Manga Sor bir\u00eendar dibe\"}]},{\"@type\":\"WebSite\",\"@id\":\"https:\\\/\\\/shanabooks.de\\\/#website\",\"url\":\"https:\\\/\\\/shanabooks.de\\\/\",\"name\":\"www.shanbooks.de\",\"description\":\"C\u00eehana Pirt\u00fbk\u00ean Kurd\u00ee \u0645\u0643\u062a\u0628\u0629 \u0634\u0627\u0646\u0627 \u0641\u064a \u0627\u0644\u0645\u0627\u0646\u064a\u0627 \u0648\u0623\u0648\u0631\u0628\u0627\",\"publisher\":{\"@id\":\"https:\\\/\\\/shanabooks.de\\\/#organization\"},\"potentialAction\":[{\"@type\":\"SearchAction\",\"target\":{\"@type\":\"EntryPoint\",\"urlTemplate\":\"https:\\\/\\\/shanabooks.de\\\/?s={search_term_string}\"},\"query-input\":{\"@type\":\"PropertyValueSpecification\",\"valueRequired\":true,\"valueName\":\"search_term_string\"}}],\"inLanguage\":\"de\"},{\"@type\":\"Organization\",\"@id\":\"https:\\\/\\\/shanabooks.de\\\/#organization\",\"name\":\"www.shanbooks.de\",\"url\":\"https:\\\/\\\/shanabooks.de\\\/\",\"logo\":{\"@type\":\"ImageObject\",\"inLanguage\":\"de\",\"@id\":\"https:\\\/\\\/shanabooks.de\\\/#\\\/schema\\\/logo\\\/image\\\/\",\"url\":\"https:\\\/\\\/shanabooks.de\\\/wp-content\\\/uploads\\\/2024\\\/03\\\/SHANABOOKS__2_-removebg-preview.png\",\"contentUrl\":\"https:\\\/\\\/shanabooks.de\\\/wp-content\\\/uploads\\\/2024\\\/03\\\/SHANABOOKS__2_-removebg-preview.png\",\"width\":700,\"height\":150,\"caption\":\"www.shanbooks.de\"},\"image\":{\"@id\":\"https:\\\/\\\/shanabooks.de\\\/#\\\/schema\\\/logo\\\/image\\\/\"}}]}<\/script>\n<!-- \/ Yoast SEO plugin. -->","yoast_head_json":{"title":"Manga Sor bir\u00eendar dibe - Jujja Wieslander - www.shanabooks.de","description":"Manga Sor bir\u00eendar dibe - Jujja Wieslander -Rojba\u015f\u00a0Manga Sor. \u00cecar \u00e7i b\u00fb ye? \u00c7ima tu v\u00ea roja xwe\u015f di axur de y\u00ee? Manga Sor bi dengek\u00ee h\u00ead\u00ee got: -Ez ...","robots":{"index":"index","follow":"follow","max-snippet":"max-snippet:-1","max-image-preview":"max-image-preview:large","max-video-preview":"max-video-preview:-1"},"canonical":"https:\/\/shanabooks.de\/product\/manga-sor-birindar-dibe-jujja-wieslander\/","og_locale":"de_DE","og_type":"article","og_title":"Manga Sor bir\u00eendar dibe - Jujja Wieslander - www.shanabooks.de","og_description":"Manga Sor bir\u00eendar dibe - Jujja Wieslander -Rojba\u015f\u00a0Manga Sor. \u00cecar \u00e7i b\u00fb ye? \u00c7ima tu v\u00ea roja xwe\u015f di axur de y\u00ee? Manga Sor bi dengek\u00ee h\u00ead\u00ee got: -Ez ...","og_url":"https:\/\/shanabooks.de\/product\/manga-sor-birindar-dibe-jujja-wieslander\/","og_site_name":"www.shanabooks.de","article_modified_time":"2024-04-21T09:43:42+00:00","og_image":[{"width":338,"height":472,"url":"https:\/\/shanabooks.de\/wp-content\/uploads\/2024\/01\/Manga-Sor-birindar-dibe-Apec.png","type":"image\/png"}],"twitter_card":"summary_large_image","twitter_misc":{"Gesch\u00e4tzte Lesezeit":"1\u00a0Minute"},"schema":{"@context":"https:\/\/schema.org","@graph":[{"@type":"WebPage","@id":"https:\/\/shanabooks.de\/product\/manga-sor-birindar-dibe-jujja-wieslander\/","url":"https:\/\/shanabooks.de\/product\/manga-sor-birindar-dibe-jujja-wieslander\/","name":"Manga Sor bir\u00eendar dibe - Jujja Wieslander - www.shanabooks.de","isPartOf":{"@id":"https:\/\/shanabooks.de\/#website"},"primaryImageOfPage":{"@id":"https:\/\/shanabooks.de\/product\/manga-sor-birindar-dibe-jujja-wieslander\/#primaryimage"},"image":{"@id":"https:\/\/shanabooks.de\/product\/manga-sor-birindar-dibe-jujja-wieslander\/#primaryimage"},"thumbnailUrl":"https:\/\/shanabooks.de\/wp-content\/uploads\/2024\/01\/Manga-Sor-birindar-dibe-Apec.png","datePublished":"2024-03-03T19:51:51+00:00","dateModified":"2024-04-21T09:43:42+00:00","description":"Manga Sor bir\u00eendar dibe - Jujja Wieslander -Rojba\u015f\u00a0Manga Sor. \u00cecar \u00e7i b\u00fb ye? \u00c7ima tu v\u00ea roja xwe\u015f di axur de y\u00ee? Manga Sor bi dengek\u00ee h\u00ead\u00ee got: -Ez ...","breadcrumb":{"@id":"https:\/\/shanabooks.de\/product\/manga-sor-birindar-dibe-jujja-wieslander\/#breadcrumb"},"inLanguage":"de","potentialAction":[{"@type":"ReadAction","target":["https:\/\/shanabooks.de\/product\/manga-sor-birindar-dibe-jujja-wieslander\/"]}]},{"@type":"ImageObject","inLanguage":"de","@id":"https:\/\/shanabooks.de\/product\/manga-sor-birindar-dibe-jujja-wieslander\/#primaryimage","url":"https:\/\/shanabooks.de\/wp-content\/uploads\/2024\/01\/Manga-Sor-birindar-dibe-Apec.png","contentUrl":"https:\/\/shanabooks.de\/wp-content\/uploads\/2024\/01\/Manga-Sor-birindar-dibe-Apec.png","width":338,"height":472,"caption":"Manga Sor bir\u00eendar dibe - Jujja Wieslander - pirt\u00fbk\u00ean kurd\u00ee -zarok"},{"@type":"BreadcrumbList","@id":"https:\/\/shanabooks.de\/product\/manga-sor-birindar-dibe-jujja-wieslander\/#breadcrumb","itemListElement":[{"@type":"ListItem","position":1,"name":"\u0627\u0644\u0631\u0626\u064a\u0633\u064a\u0629","item":"https:\/\/shanabooks.de\/de\/"},{"@type":"ListItem","position":2,"name":"\u0627\u0644\u0645\u0646\u062a\u062c\u0627\u062a","item":"https:\/\/shanabooks.de\/shop\/"},{"@type":"ListItem","position":3,"name":"Manga Sor bir\u00eendar dibe"}]},{"@type":"WebSite","@id":"https:\/\/shanabooks.de\/#website","url":"https:\/\/shanabooks.de\/","name":"www.shanbooks.de","description":"C\u00eehana Pirt\u00fbk\u00ean Kurd\u00ee \u0645\u0643\u062a\u0628\u0629 \u0634\u0627\u0646\u0627 \u0641\u064a \u0627\u0644\u0645\u0627\u0646\u064a\u0627 \u0648\u0623\u0648\u0631\u0628\u0627","publisher":{"@id":"https:\/\/shanabooks.de\/#organization"},"potentialAction":[{"@type":"SearchAction","target":{"@type":"EntryPoint","urlTemplate":"https:\/\/shanabooks.de\/?s={search_term_string}"},"query-input":{"@type":"PropertyValueSpecification","valueRequired":true,"valueName":"search_term_string"}}],"inLanguage":"de"},{"@type":"Organization","@id":"https:\/\/shanabooks.de\/#organization","name":"www.shanbooks.de","url":"https:\/\/shanabooks.de\/","logo":{"@type":"ImageObject","inLanguage":"de","@id":"https:\/\/shanabooks.de\/#\/schema\/logo\/image\/","url":"https:\/\/shanabooks.de\/wp-content\/uploads\/2024\/03\/SHANABOOKS__2_-removebg-preview.png","contentUrl":"https:\/\/shanabooks.de\/wp-content\/uploads\/2024\/03\/SHANABOOKS__2_-removebg-preview.png","width":700,"height":150,"caption":"www.shanbooks.de"},"image":{"@id":"https:\/\/shanabooks.de\/#\/schema\/logo\/image\/"}}]}},"jetpack_sharing_enabled":true,"_links":{"self":[{"href":"https:\/\/shanabooks.de\/de\/wp-json\/wp\/v2\/product\/13580","targetHints":{"allow":["GET"]}}],"collection":[{"href":"https:\/\/shanabooks.de\/de\/wp-json\/wp\/v2\/product"}],"about":[{"href":"https:\/\/shanabooks.de\/de\/wp-json\/wp\/v2\/types\/product"}],"version-history":[{"count":2,"href":"https:\/\/shanabooks.de\/de\/wp-json\/wp\/v2\/product\/13580\/revisions"}],"predecessor-version":[{"id":24627,"href":"https:\/\/shanabooks.de\/de\/wp-json\/wp\/v2\/product\/13580\/revisions\/24627"}],"wp:featuredmedia":[{"embeddable":true,"href":"https:\/\/shanabooks.de\/de\/wp-json\/wp\/v2\/media\/6533"}],"wp:attachment":[{"href":"https:\/\/shanabooks.de\/de\/wp-json\/wp\/v2\/media?parent=13580"}],"wp:term":[{"taxonomy":"product_brand","embeddable":true,"href":"https:\/\/shanabooks.de\/de\/wp-json\/wp\/v2\/product_brand?post=13580"},{"taxonomy":"product_cat","embeddable":true,"href":"https:\/\/shanabooks.de\/de\/wp-json\/wp\/v2\/product_cat?post=13580"},{"taxonomy":"product_tag","embeddable":true,"href":"https:\/\/shanabooks.de\/de\/wp-json\/wp\/v2\/product_tag?post=13580"}],"curies":[{"name":"wp","href":"https:\/\/api.w.org\/{rel}","templated":true}]}}