{"id":13581,"date":"2024-03-03T19:51:51","date_gmt":"2024-03-03T19:51:51","guid":{"rendered":"https:\/\/shanabooks.de\/?post_type=product&#038;p=13581"},"modified":"2026-01-02T20:08:27","modified_gmt":"2026-01-02T20:08:27","slug":"cemiyeta-hevi-ya-telabeye-kurdan-u-roji-kurd-seid-veroj","status":"publish","type":"product","link":"https:\/\/shanabooks.de\/de\/product\/cemiyeta-hevi-ya-telabeye-kurdan-u-roji-kurd-seid-veroj\/","title":{"rendered":"Cem\u00eeyeta H\u00eav\u00ee ya Telabey\u00ea Kurdan \u00fb ROJ\u00ce KURD"},"content":{"rendered":"<p style=\"text-align: left\"><strong>Cem\u00eeyeta H\u00eav\u00ee ya Telabey\u00ea Kurdan \u00fb ROJ\u00ce KURD &#8211; Se\u00eed Veroj<\/strong><\/p>\n<p style=\"text-align: left\">Cem\u00eeyeta H\u00eav\u00ee, yek ji wan cem\u00eeyetan e ku di destp\u00eaka sal\u00ean 1900\u00ee de ji lay\u00ea xwendevan\u00ean Kurd \u00ean li \u00cestenbol\u00ea hat\u00eeye damezrandin. Di nav r\u00eaza endam\u00ean w\u00ea y\u00ean damezran\u00ear de ev law\u00ean kurd heb\u00fbn: Xel\u00eel Xeyal\u00ee (Modk\u00ee), Qedr\u00ee Cem\u00eelpa\u015fa (D\u00eeyarbekir), Fuat Temo (Wan), Zek\u00ee Efend\u00ee (D\u00eeyarbekir) \u00fb Memduh Sel\u00eem (Wan). Cem\u00eeyeta H\u00eav\u00ee ya Xwendekar\u00ean Kurd, di 27\u00ea Tem\u00fbza 1328an (9\u00ea Tebaxa 1912an) de li \u00cestenbol\u00ea hat\u00eeye damezrandin \u00fb Umer Cem\u00eel Pa\u015fa muweqeten ji bo sekreter\u00eeya Cem\u00eeyeta H\u00eav\u00ee hat\u00eeye wez\u00eefedarkirin. Li gor\u00ee agadar\u00eeya Qedr\u00ee Cem\u00eel Pa\u015fa (Zinar Silop\u00ee); w\u00ee \u00fb heval\u00ean xwe bi \u015f\u00eeret \u00fb ronah\u00eedar\u00eeya Xel\u00eel Xeyal\u00ee dest bi xebata damezrandina Komela H\u00eav\u00ee (Komela Xwendekar\u00ean Kurd) kirine. Damezrandina Cem\u00eeyeta H\u00eav\u00ee \u00fb xebat\u00ean w\u00ea, gelek tes\u00eer li ser ciwan \u00fb xwendakar\u00ean kurd kir\u00eeye. Bi r\u00eavebir\u00eeya Komeleya H\u00eav\u00ee, di sala 1913an de \u00e7ar hejmar\u00ean Roj\u00ee Kurd t\u00eane we\u015fandin. Hinek mijar \u00fb pirsgir\u00eak\u00ean gir\u00eeng di nav r\u00fbpel\u00ean v\u00ea kovar\u00ea de hatine genge\u015f\u00eekirin, ku \u00eero j\u00ee ew genge\u015f\u00ee berdewam dikin. Cem\u00eeyeta H\u00eav\u00ee, pi\u015ft\u00ee damezrandin\u00ea, di \u00e7ar\u00e7oveya armanca komel\u00ea de dest bi we\u015fandina kovara Roj\u00ee Kurd dike. Roj\u00ee Kurd, ji meh\u00ea carek\u00ee bi ziman\u00ea kurd\u00ee-tirk\u00ee t\u00eate we\u015fandin \u00fb li ser hev \u00e7ar jimar hatine \u00e7apkirin \u00fb belavkirin. Jimara yekem\u00een a kovara Roj\u00ee Kurd, di 6\u00ea Hez\u00eerana 1329 (1913)an de hat\u00eeye \u00e7apkirin.<\/p>\n","protected":false},"excerpt":{"rendered":"<p style=\"text-align: center\"><strong>Pirt\u00fbk: Cem\u00eeyeta H\u00eav\u00ee ya Telabey\u00ea Kurdan \u00fb ROJ\u00ce KURD<br \/>\nNiv\u00eeskar: Se\u00eed Veroj<br \/>\nCure: D\u00eerok<\/strong><\/p>\n","protected":false},"featured_media":6542,"template":"","meta":{"site-sidebar-layout":"default","site-content-layout":"","ast-site-content-layout":"default","site-content-style":"default","site-sidebar-style":"default","ast-global-header-display":"","ast-banner-title-visibility":"","ast-main-header-display":"","ast-hfb-above-header-display":"","ast-hfb-below-header-display":"","ast-hfb-mobile-header-display":"","site-post-title":"","ast-breadcrumbs-content":"","ast-featured-img":"","footer-sml-layout":"","ast-disable-related-posts":"","theme-transparent-header-meta":"default","adv-header-id-meta":"","stick-header-meta":"","header-above-stick-meta":"","header-main-stick-meta":"","header-below-stick-meta":"","astra-migrate-meta-layouts":"set","ast-page-background-enabled":"default","ast-page-background-meta":{"desktop":{"background-color":"","background-image":"","background-repeat":"repeat","background-position":"center center","background-size":"auto","background-attachment":"scroll","background-type":"","background-media":"","overlay-type":"","overlay-color":"","overlay-opacity":"","overlay-gradient":""},"tablet":{"background-color":"","background-image":"","background-repeat":"repeat","background-position":"center center","background-size":"auto","background-attachment":"scroll","background-type":"","background-media":"","overlay-type":"","overlay-color":"","overlay-opacity":"","overlay-gradient":""},"mobile":{"background-color":"","background-image":"","background-repeat":"repeat","background-position":"center center","background-size":"auto","background-attachment":"scroll","background-type":"","background-media":"","overlay-type":"","overlay-color":"","overlay-opacity":"","overlay-gradient":""}},"ast-content-background-meta":{"desktop":{"background-color":"var(--ast-global-color-5)","background-image":"","background-repeat":"repeat","background-position":"center center","background-size":"auto","background-attachment":"scroll","background-type":"","background-media":"","overlay-type":"","overlay-color":"","overlay-opacity":"","overlay-gradient":""},"tablet":{"background-color":"var(--ast-global-color-5)","background-image":"","background-repeat":"repeat","background-position":"center center","background-size":"auto","background-attachment":"scroll","background-type":"","background-media":"","overlay-type":"","overlay-color":"","overlay-opacity":"","overlay-gradient":""},"mobile":{"background-color":"var(--ast-global-color-5)","background-image":"","background-repeat":"repeat","background-position":"center center","background-size":"auto","background-attachment":"scroll","background-type":"","background-media":"","overlay-type":"","overlay-color":"","overlay-opacity":"","overlay-gradient":""}}},"product_brand":[],"product_cat":[187,179,193],"product_tag":[],"class_list":{"0":"post-13581","1":"product","2":"type-product","3":"status-publish","4":"has-post-thumbnail","6":"product_cat-_","8":"product_cat--_","9":"pa_-dirok","10":"pa_-lekolin","11":"pa_-seid-veroj","12":"pa_-kurmanci","13":"pa_--dara-yayinlari","14":"desktop-align-left","15":"tablet-align-left","16":"mobile-align-left","18":"first","19":"instock","20":"shipping-taxable","21":"purchasable","22":"product-type-simple"},"yoast_head":"<!-- This site is optimized with the Yoast SEO plugin v27.4 - https:\/\/yoast.com\/product\/yoast-seo-wordpress\/ -->\n<title>Cem\u00eeyeta H\u00eav\u00ee ya Telabey\u00ea Kurdan \u00fb ROJ\u00ce KURD - Se\u00eed Veroj - www.shanabooks.de<\/title>\n<meta name=\"description\" content=\"Cem\u00eeyeta H\u00eav\u00ee ya Telabey\u00ea Kurdan \u00fb ROJ\u00ce KURD - Se\u00eed Veroj Cem\u00eeyeta H\u00eav\u00ee, yek ji wan cem\u00eeyetan e ku di destp\u00eaka sal\u00ean 1900\u00ee de ji lay\u00ea xwendevan\u00ean Kurd \u00ean...\" \/>\n<meta name=\"robots\" content=\"index, follow, max-snippet:-1, max-image-preview:large, max-video-preview:-1\" \/>\n<link rel=\"canonical\" href=\"https:\/\/shanabooks.de\/product\/cemiyeta-hevi-ya-telabeye-kurdan-u-roji-kurd-seid-veroj\/\" \/>\n<meta property=\"og:locale\" content=\"de_DE\" \/>\n<meta property=\"og:type\" content=\"article\" \/>\n<meta property=\"og:title\" content=\"Cem\u00eeyeta H\u00eav\u00ee ya Telabey\u00ea Kurdan \u00fb ROJ\u00ce KURD - Se\u00eed Veroj - www.shanabooks.de\" \/>\n<meta property=\"og:description\" content=\"Cem\u00eeyeta H\u00eav\u00ee ya Telabey\u00ea Kurdan \u00fb ROJ\u00ce KURD - Se\u00eed Veroj Cem\u00eeyeta H\u00eav\u00ee, yek ji wan cem\u00eeyetan e ku di destp\u00eaka sal\u00ean 1900\u00ee de ji lay\u00ea xwendevan\u00ean Kurd \u00ean...\" \/>\n<meta property=\"og:url\" content=\"https:\/\/shanabooks.de\/product\/cemiyeta-hevi-ya-telabeye-kurdan-u-roji-kurd-seid-veroj\/\" \/>\n<meta property=\"og:site_name\" content=\"www.shanabooks.de\" \/>\n<meta property=\"article:modified_time\" content=\"2026-01-02T20:08:27+00:00\" \/>\n<meta property=\"og:image\" content=\"https:\/\/shanabooks.de\/wp-content\/uploads\/2024\/01\/Roji-Kurd-Dara.png\" \/>\n\t<meta property=\"og:image:width\" content=\"309\" \/>\n\t<meta property=\"og:image:height\" content=\"469\" \/>\n\t<meta property=\"og:image:type\" content=\"image\/png\" \/>\n<meta name=\"twitter:card\" content=\"summary_large_image\" \/>\n<meta name=\"twitter:label1\" content=\"Gesch\u00e4tzte Lesezeit\" \/>\n\t<meta name=\"twitter:data1\" content=\"2\u00a0Minuten\" \/>\n<script type=\"application\/ld+json\" class=\"yoast-schema-graph\">{\"@context\":\"https:\\\/\\\/schema.org\",\"@graph\":[{\"@type\":\"WebPage\",\"@id\":\"https:\\\/\\\/shanabooks.de\\\/product\\\/cemiyeta-hevi-ya-telabeye-kurdan-u-roji-kurd-seid-veroj\\\/\",\"url\":\"https:\\\/\\\/shanabooks.de\\\/product\\\/cemiyeta-hevi-ya-telabeye-kurdan-u-roji-kurd-seid-veroj\\\/\",\"name\":\"Cem\u00eeyeta H\u00eav\u00ee ya Telabey\u00ea Kurdan \u00fb ROJ\u00ce KURD - Se\u00eed Veroj - www.shanabooks.de\",\"isPartOf\":{\"@id\":\"https:\\\/\\\/shanabooks.de\\\/#website\"},\"primaryImageOfPage\":{\"@id\":\"https:\\\/\\\/shanabooks.de\\\/product\\\/cemiyeta-hevi-ya-telabeye-kurdan-u-roji-kurd-seid-veroj\\\/#primaryimage\"},\"image\":{\"@id\":\"https:\\\/\\\/shanabooks.de\\\/product\\\/cemiyeta-hevi-ya-telabeye-kurdan-u-roji-kurd-seid-veroj\\\/#primaryimage\"},\"thumbnailUrl\":\"https:\\\/\\\/shanabooks.de\\\/wp-content\\\/uploads\\\/2024\\\/01\\\/Roji-Kurd-Dara.png\",\"datePublished\":\"2024-03-03T19:51:51+00:00\",\"dateModified\":\"2026-01-02T20:08:27+00:00\",\"description\":\"Cem\u00eeyeta H\u00eav\u00ee ya Telabey\u00ea Kurdan \u00fb ROJ\u00ce KURD - Se\u00eed Veroj Cem\u00eeyeta H\u00eav\u00ee, yek ji wan cem\u00eeyetan e ku di destp\u00eaka sal\u00ean 1900\u00ee de ji lay\u00ea xwendevan\u00ean Kurd \u00ean...\",\"breadcrumb\":{\"@id\":\"https:\\\/\\\/shanabooks.de\\\/product\\\/cemiyeta-hevi-ya-telabeye-kurdan-u-roji-kurd-seid-veroj\\\/#breadcrumb\"},\"inLanguage\":\"de\",\"potentialAction\":[{\"@type\":\"ReadAction\",\"target\":[\"https:\\\/\\\/shanabooks.de\\\/product\\\/cemiyeta-hevi-ya-telabeye-kurdan-u-roji-kurd-seid-veroj\\\/\"]}]},{\"@type\":\"ImageObject\",\"inLanguage\":\"de\",\"@id\":\"https:\\\/\\\/shanabooks.de\\\/product\\\/cemiyeta-hevi-ya-telabeye-kurdan-u-roji-kurd-seid-veroj\\\/#primaryimage\",\"url\":\"https:\\\/\\\/shanabooks.de\\\/wp-content\\\/uploads\\\/2024\\\/01\\\/Roji-Kurd-Dara.png\",\"contentUrl\":\"https:\\\/\\\/shanabooks.de\\\/wp-content\\\/uploads\\\/2024\\\/01\\\/Roji-Kurd-Dara.png\",\"width\":309,\"height\":469,\"caption\":\"Cem\u00eeyeta H\u00eav\u00ee ya Telabey\u00ea Kurdan \u00fb ROJ\u00ce KURD - Se\u00eed Veroj - pirt\u00fbk\u00ean kurd\u00ee\"},{\"@type\":\"BreadcrumbList\",\"@id\":\"https:\\\/\\\/shanabooks.de\\\/product\\\/cemiyeta-hevi-ya-telabeye-kurdan-u-roji-kurd-seid-veroj\\\/#breadcrumb\",\"itemListElement\":[{\"@type\":\"ListItem\",\"position\":1,\"name\":\"\u0627\u0644\u0631\u0626\u064a\u0633\u064a\u0629\",\"item\":\"https:\\\/\\\/shanabooks.de\\\/de\\\/\"},{\"@type\":\"ListItem\",\"position\":2,\"name\":\"\u0627\u0644\u0645\u0646\u062a\u062c\u0627\u062a\",\"item\":\"https:\\\/\\\/shanabooks.de\\\/shop\\\/\"},{\"@type\":\"ListItem\",\"position\":3,\"name\":\"Cem\u00eeyeta H\u00eav\u00ee ya Telabey\u00ea Kurdan \u00fb ROJ\u00ce KURD\"}]},{\"@type\":\"WebSite\",\"@id\":\"https:\\\/\\\/shanabooks.de\\\/#website\",\"url\":\"https:\\\/\\\/shanabooks.de\\\/\",\"name\":\"www.shanbooks.de\",\"description\":\"C\u00eehana Pirt\u00fbk\u00ean Kurd\u00ee \u0645\u0643\u062a\u0628\u0629 \u0634\u0627\u0646\u0627 \u0641\u064a \u0627\u0644\u0645\u0627\u0646\u064a\u0627 \u0648\u0623\u0648\u0631\u0628\u0627\",\"publisher\":{\"@id\":\"https:\\\/\\\/shanabooks.de\\\/#organization\"},\"potentialAction\":[{\"@type\":\"SearchAction\",\"target\":{\"@type\":\"EntryPoint\",\"urlTemplate\":\"https:\\\/\\\/shanabooks.de\\\/?s={search_term_string}\"},\"query-input\":{\"@type\":\"PropertyValueSpecification\",\"valueRequired\":true,\"valueName\":\"search_term_string\"}}],\"inLanguage\":\"de\"},{\"@type\":\"Organization\",\"@id\":\"https:\\\/\\\/shanabooks.de\\\/#organization\",\"name\":\"www.shanbooks.de\",\"url\":\"https:\\\/\\\/shanabooks.de\\\/\",\"logo\":{\"@type\":\"ImageObject\",\"inLanguage\":\"de\",\"@id\":\"https:\\\/\\\/shanabooks.de\\\/#\\\/schema\\\/logo\\\/image\\\/\",\"url\":\"https:\\\/\\\/shanabooks.de\\\/wp-content\\\/uploads\\\/2024\\\/03\\\/SHANABOOKS__2_-removebg-preview.png\",\"contentUrl\":\"https:\\\/\\\/shanabooks.de\\\/wp-content\\\/uploads\\\/2024\\\/03\\\/SHANABOOKS__2_-removebg-preview.png\",\"width\":700,\"height\":150,\"caption\":\"www.shanbooks.de\"},\"image\":{\"@id\":\"https:\\\/\\\/shanabooks.de\\\/#\\\/schema\\\/logo\\\/image\\\/\"}}]}<\/script>\n<!-- \/ Yoast SEO plugin. -->","yoast_head_json":{"title":"Cem\u00eeyeta H\u00eav\u00ee ya Telabey\u00ea Kurdan \u00fb ROJ\u00ce KURD - Se\u00eed Veroj - www.shanabooks.de","description":"Cem\u00eeyeta H\u00eav\u00ee ya Telabey\u00ea Kurdan \u00fb ROJ\u00ce KURD - Se\u00eed Veroj Cem\u00eeyeta H\u00eav\u00ee, yek ji wan cem\u00eeyetan e ku di destp\u00eaka sal\u00ean 1900\u00ee de ji lay\u00ea xwendevan\u00ean Kurd \u00ean...","robots":{"index":"index","follow":"follow","max-snippet":"max-snippet:-1","max-image-preview":"max-image-preview:large","max-video-preview":"max-video-preview:-1"},"canonical":"https:\/\/shanabooks.de\/product\/cemiyeta-hevi-ya-telabeye-kurdan-u-roji-kurd-seid-veroj\/","og_locale":"de_DE","og_type":"article","og_title":"Cem\u00eeyeta H\u00eav\u00ee ya Telabey\u00ea Kurdan \u00fb ROJ\u00ce KURD - Se\u00eed Veroj - www.shanabooks.de","og_description":"Cem\u00eeyeta H\u00eav\u00ee ya Telabey\u00ea Kurdan \u00fb ROJ\u00ce KURD - Se\u00eed Veroj Cem\u00eeyeta H\u00eav\u00ee, yek ji wan cem\u00eeyetan e ku di destp\u00eaka sal\u00ean 1900\u00ee de ji lay\u00ea xwendevan\u00ean Kurd \u00ean...","og_url":"https:\/\/shanabooks.de\/product\/cemiyeta-hevi-ya-telabeye-kurdan-u-roji-kurd-seid-veroj\/","og_site_name":"www.shanabooks.de","article_modified_time":"2026-01-02T20:08:27+00:00","og_image":[{"width":309,"height":469,"url":"https:\/\/shanabooks.de\/wp-content\/uploads\/2024\/01\/Roji-Kurd-Dara.png","type":"image\/png"}],"twitter_card":"summary_large_image","twitter_misc":{"Gesch\u00e4tzte Lesezeit":"2\u00a0Minuten"},"schema":{"@context":"https:\/\/schema.org","@graph":[{"@type":"WebPage","@id":"https:\/\/shanabooks.de\/product\/cemiyeta-hevi-ya-telabeye-kurdan-u-roji-kurd-seid-veroj\/","url":"https:\/\/shanabooks.de\/product\/cemiyeta-hevi-ya-telabeye-kurdan-u-roji-kurd-seid-veroj\/","name":"Cem\u00eeyeta H\u00eav\u00ee ya Telabey\u00ea Kurdan \u00fb ROJ\u00ce KURD - Se\u00eed Veroj - www.shanabooks.de","isPartOf":{"@id":"https:\/\/shanabooks.de\/#website"},"primaryImageOfPage":{"@id":"https:\/\/shanabooks.de\/product\/cemiyeta-hevi-ya-telabeye-kurdan-u-roji-kurd-seid-veroj\/#primaryimage"},"image":{"@id":"https:\/\/shanabooks.de\/product\/cemiyeta-hevi-ya-telabeye-kurdan-u-roji-kurd-seid-veroj\/#primaryimage"},"thumbnailUrl":"https:\/\/shanabooks.de\/wp-content\/uploads\/2024\/01\/Roji-Kurd-Dara.png","datePublished":"2024-03-03T19:51:51+00:00","dateModified":"2026-01-02T20:08:27+00:00","description":"Cem\u00eeyeta H\u00eav\u00ee ya Telabey\u00ea Kurdan \u00fb ROJ\u00ce KURD - Se\u00eed Veroj Cem\u00eeyeta H\u00eav\u00ee, yek ji wan cem\u00eeyetan e ku di destp\u00eaka sal\u00ean 1900\u00ee de ji lay\u00ea xwendevan\u00ean Kurd \u00ean...","breadcrumb":{"@id":"https:\/\/shanabooks.de\/product\/cemiyeta-hevi-ya-telabeye-kurdan-u-roji-kurd-seid-veroj\/#breadcrumb"},"inLanguage":"de","potentialAction":[{"@type":"ReadAction","target":["https:\/\/shanabooks.de\/product\/cemiyeta-hevi-ya-telabeye-kurdan-u-roji-kurd-seid-veroj\/"]}]},{"@type":"ImageObject","inLanguage":"de","@id":"https:\/\/shanabooks.de\/product\/cemiyeta-hevi-ya-telabeye-kurdan-u-roji-kurd-seid-veroj\/#primaryimage","url":"https:\/\/shanabooks.de\/wp-content\/uploads\/2024\/01\/Roji-Kurd-Dara.png","contentUrl":"https:\/\/shanabooks.de\/wp-content\/uploads\/2024\/01\/Roji-Kurd-Dara.png","width":309,"height":469,"caption":"Cem\u00eeyeta H\u00eav\u00ee ya Telabey\u00ea Kurdan \u00fb ROJ\u00ce KURD - Se\u00eed Veroj - pirt\u00fbk\u00ean kurd\u00ee"},{"@type":"BreadcrumbList","@id":"https:\/\/shanabooks.de\/product\/cemiyeta-hevi-ya-telabeye-kurdan-u-roji-kurd-seid-veroj\/#breadcrumb","itemListElement":[{"@type":"ListItem","position":1,"name":"\u0627\u0644\u0631\u0626\u064a\u0633\u064a\u0629","item":"https:\/\/shanabooks.de\/de\/"},{"@type":"ListItem","position":2,"name":"\u0627\u0644\u0645\u0646\u062a\u062c\u0627\u062a","item":"https:\/\/shanabooks.de\/shop\/"},{"@type":"ListItem","position":3,"name":"Cem\u00eeyeta H\u00eav\u00ee ya Telabey\u00ea Kurdan \u00fb ROJ\u00ce KURD"}]},{"@type":"WebSite","@id":"https:\/\/shanabooks.de\/#website","url":"https:\/\/shanabooks.de\/","name":"www.shanbooks.de","description":"C\u00eehana Pirt\u00fbk\u00ean Kurd\u00ee \u0645\u0643\u062a\u0628\u0629 \u0634\u0627\u0646\u0627 \u0641\u064a \u0627\u0644\u0645\u0627\u0646\u064a\u0627 \u0648\u0623\u0648\u0631\u0628\u0627","publisher":{"@id":"https:\/\/shanabooks.de\/#organization"},"potentialAction":[{"@type":"SearchAction","target":{"@type":"EntryPoint","urlTemplate":"https:\/\/shanabooks.de\/?s={search_term_string}"},"query-input":{"@type":"PropertyValueSpecification","valueRequired":true,"valueName":"search_term_string"}}],"inLanguage":"de"},{"@type":"Organization","@id":"https:\/\/shanabooks.de\/#organization","name":"www.shanbooks.de","url":"https:\/\/shanabooks.de\/","logo":{"@type":"ImageObject","inLanguage":"de","@id":"https:\/\/shanabooks.de\/#\/schema\/logo\/image\/","url":"https:\/\/shanabooks.de\/wp-content\/uploads\/2024\/03\/SHANABOOKS__2_-removebg-preview.png","contentUrl":"https:\/\/shanabooks.de\/wp-content\/uploads\/2024\/03\/SHANABOOKS__2_-removebg-preview.png","width":700,"height":150,"caption":"www.shanbooks.de"},"image":{"@id":"https:\/\/shanabooks.de\/#\/schema\/logo\/image\/"}}]}},"jetpack_sharing_enabled":true,"_links":{"self":[{"href":"https:\/\/shanabooks.de\/de\/wp-json\/wp\/v2\/product\/13581","targetHints":{"allow":["GET"]}}],"collection":[{"href":"https:\/\/shanabooks.de\/de\/wp-json\/wp\/v2\/product"}],"about":[{"href":"https:\/\/shanabooks.de\/de\/wp-json\/wp\/v2\/types\/product"}],"version-history":[{"count":2,"href":"https:\/\/shanabooks.de\/de\/wp-json\/wp\/v2\/product\/13581\/revisions"}],"predecessor-version":[{"id":13926,"href":"https:\/\/shanabooks.de\/de\/wp-json\/wp\/v2\/product\/13581\/revisions\/13926"}],"wp:featuredmedia":[{"embeddable":true,"href":"https:\/\/shanabooks.de\/de\/wp-json\/wp\/v2\/media\/6542"}],"wp:attachment":[{"href":"https:\/\/shanabooks.de\/de\/wp-json\/wp\/v2\/media?parent=13581"}],"wp:term":[{"taxonomy":"product_brand","embeddable":true,"href":"https:\/\/shanabooks.de\/de\/wp-json\/wp\/v2\/product_brand?post=13581"},{"taxonomy":"product_cat","embeddable":true,"href":"https:\/\/shanabooks.de\/de\/wp-json\/wp\/v2\/product_cat?post=13581"},{"taxonomy":"product_tag","embeddable":true,"href":"https:\/\/shanabooks.de\/de\/wp-json\/wp\/v2\/product_tag?post=13581"}],"curies":[{"name":"wp","href":"https:\/\/api.w.org\/{rel}","templated":true}]}}