{"id":13583,"date":"2024-03-03T19:51:51","date_gmt":"2024-03-03T19:51:51","guid":{"rendered":"https:\/\/shanabooks.de\/?post_type=product&#038;p=13583"},"modified":"2025-12-30T22:42:14","modified_gmt":"2025-12-30T22:42:14","slug":"adat-u-rusumatnamee-ekradiye-mela-mehmud-bayezidi","status":"publish","type":"product","link":"https:\/\/shanabooks.de\/de\/product\/adat-u-rusumatnamee-ekradiye-mela-mehmud-bayezidi\/","title":{"rendered":"Adat \u00fb Rus\u00fbmatname\u00ea Ekradiye"},"content":{"rendered":"<p style=\"text-align: left;\"><strong>Adat \u00fb Rus\u00fbmatname\u00ea Ekradiye &#8211; Mela Mehm\u00fbd Bayez\u00eed\u00ee<\/strong><\/p>\n<p style=\"text-align: left;\">Ev pirt\u00fbka w\u00eaje, folklor \u00fb zargotin\u00ea ji aliy\u00ea niv\u00eeskar Jan Dost ve hatiye amadekirin \u00fb ji we\u015fan\u00ean Daray\u00ea belav b\u00fbye.<\/p>\n<p style=\"text-align: left;\">Ev pirt\u00fbka ku di dest\u00ea me de, ber\u00ee her ti\u015ft\u00ee pirt\u00fbka civaknasiy\u00ea ye. Etnografiya millet\u00ea Kurd e. L\u00ea ew b\u00eatir li ser civaka Kurd\u00ean ko\u00e7er e. Di v\u00ea pirt\u00fbk\u00ea de rab\u00fbn \u00fb r\u00fbni\u015ftina civaka Kurd\u00ee, dab \u00fb reng \u00fb r\u00fby\u00ean jiyan\u00ea hem\u00ee di xwe de digunc\u00eene. Ew mir\u00eaka civak\u00ea ye. Ziman\u00ea w\u00ea gelek\u00ee rihet e \u00fb n\u00eaz\u00eek\u00ee t\u00eagih\u00ee\u015ftina xwendevan\u00ean dema xwe ye.<\/p>\n","protected":false},"excerpt":{"rendered":"<p style=\"text-align: center;\"><strong>Pirt\u00fbk: Adat \u00fb Rus\u00fbmatname\u00ea Ekradiye<br \/>\nNiv\u00eeskar: Mela Mehm\u00fbd Bayez\u00eed\u00ee<br \/>\nCure: W\u00eaje \u00fb Folklor<\/strong><\/p>\n","protected":false},"featured_media":6546,"template":"","meta":{"site-sidebar-layout":"default","site-content-layout":"","ast-site-content-layout":"default","site-content-style":"default","site-sidebar-style":"default","ast-global-header-display":"","ast-banner-title-visibility":"","ast-main-header-display":"","ast-hfb-above-header-display":"","ast-hfb-below-header-display":"","ast-hfb-mobile-header-display":"","site-post-title":"","ast-breadcrumbs-content":"","ast-featured-img":"","footer-sml-layout":"","ast-disable-related-posts":"","theme-transparent-header-meta":"default","adv-header-id-meta":"","stick-header-meta":"","header-above-stick-meta":"","header-main-stick-meta":"","header-below-stick-meta":"","astra-migrate-meta-layouts":"set","ast-page-background-enabled":"default","ast-page-background-meta":{"desktop":{"background-color":"","background-image":"","background-repeat":"repeat","background-position":"center center","background-size":"auto","background-attachment":"scroll","background-type":"","background-media":"","overlay-type":"","overlay-color":"","overlay-opacity":"","overlay-gradient":""},"tablet":{"background-color":"","background-image":"","background-repeat":"repeat","background-position":"center center","background-size":"auto","background-attachment":"scroll","background-type":"","background-media":"","overlay-type":"","overlay-color":"","overlay-opacity":"","overlay-gradient":""},"mobile":{"background-color":"","background-image":"","background-repeat":"repeat","background-position":"center center","background-size":"auto","background-attachment":"scroll","background-type":"","background-media":"","overlay-type":"","overlay-color":"","overlay-opacity":"","overlay-gradient":""}},"ast-content-background-meta":{"desktop":{"background-color":"var(--ast-global-color-5)","background-image":"","background-repeat":"repeat","background-position":"center center","background-size":"auto","background-attachment":"scroll","background-type":"","background-media":"","overlay-type":"","overlay-color":"","overlay-opacity":"","overlay-gradient":""},"tablet":{"background-color":"var(--ast-global-color-5)","background-image":"","background-repeat":"repeat","background-position":"center center","background-size":"auto","background-attachment":"scroll","background-type":"","background-media":"","overlay-type":"","overlay-color":"","overlay-opacity":"","overlay-gradient":""},"mobile":{"background-color":"var(--ast-global-color-5)","background-image":"","background-repeat":"repeat","background-position":"center center","background-size":"auto","background-attachment":"scroll","background-type":"","background-media":"","overlay-type":"","overlay-color":"","overlay-opacity":"","overlay-gradient":""}}},"product_brand":[],"product_cat":[187,179,180,193],"product_tag":[],"class_list":{"0":"post-13583","1":"product","2":"type-product","3":"status-publish","4":"has-post-thumbnail","6":"product_cat-_","9":"product_cat--_","10":"pa_-folklor","11":"pa_-zargotin","12":"pa_-mela-mehmud-bayezidi","13":"pa_-kurmanci","14":"pa_--dara-yayinlari","15":"desktop-align-left","16":"tablet-align-left","17":"mobile-align-left","19":"first","20":"instock","21":"shipping-taxable","22":"purchasable","23":"product-type-simple"},"yoast_head":"<!-- This site is optimized with the Yoast SEO plugin v27.4 - https:\/\/yoast.com\/product\/yoast-seo-wordpress\/ -->\n<title>Adat \u00fb Rus\u00fbmatname\u00ea Ekradiye - Mela Mehm\u00fbd Bayez\u00eed\u00ee - www.shanabooks.de<\/title>\n<meta name=\"description\" content=\"Adat \u00fb Rus\u00fbmatname\u00ea Ekradiye - Mela Mehm\u00fbd Bayez\u00eed\u00ee Ev pirt\u00fbka w\u00eaje, folklor \u00fb zargotin\u00ea ji aliy\u00ea niv\u00eeskar Jan Dost ve hatiye amadekirin \u00fb ji we\u015fan\u00ean ...\" \/>\n<meta name=\"robots\" content=\"index, follow, max-snippet:-1, max-image-preview:large, max-video-preview:-1\" \/>\n<link rel=\"canonical\" href=\"https:\/\/shanabooks.de\/product\/adat-u-rusumatnamee-ekradiye-mela-mehmud-bayezidi\/\" \/>\n<meta property=\"og:locale\" content=\"de_DE\" \/>\n<meta property=\"og:type\" content=\"article\" \/>\n<meta property=\"og:title\" content=\"Adat \u00fb Rus\u00fbmatname\u00ea Ekradiye - Mela Mehm\u00fbd Bayez\u00eed\u00ee - www.shanabooks.de\" \/>\n<meta property=\"og:description\" content=\"Adat \u00fb Rus\u00fbmatname\u00ea Ekradiye - Mela Mehm\u00fbd Bayez\u00eed\u00ee Ev pirt\u00fbka w\u00eaje, folklor \u00fb zargotin\u00ea ji aliy\u00ea niv\u00eeskar Jan Dost ve hatiye amadekirin \u00fb ji we\u015fan\u00ean ...\" \/>\n<meta property=\"og:url\" content=\"https:\/\/shanabooks.de\/product\/adat-u-rusumatnamee-ekradiye-mela-mehmud-bayezidi\/\" \/>\n<meta property=\"og:site_name\" content=\"www.shanabooks.de\" \/>\n<meta property=\"article:modified_time\" content=\"2025-12-30T22:42:14+00:00\" \/>\n<meta property=\"og:image\" content=\"https:\/\/shanabooks.de\/wp-content\/uploads\/2024\/01\/Adat-u-Rusumatnamee-Ekradiye-dara.png\" \/>\n\t<meta property=\"og:image:width\" content=\"303\" \/>\n\t<meta property=\"og:image:height\" content=\"469\" \/>\n\t<meta property=\"og:image:type\" content=\"image\/png\" \/>\n<meta name=\"twitter:card\" content=\"summary_large_image\" \/>\n<meta name=\"twitter:label1\" content=\"Gesch\u00e4tzte Lesezeit\" \/>\n\t<meta name=\"twitter:data1\" content=\"1\u00a0Minute\" \/>\n<script type=\"application\/ld+json\" class=\"yoast-schema-graph\">{\"@context\":\"https:\\\/\\\/schema.org\",\"@graph\":[{\"@type\":\"WebPage\",\"@id\":\"https:\\\/\\\/shanabooks.de\\\/product\\\/adat-u-rusumatnamee-ekradiye-mela-mehmud-bayezidi\\\/\",\"url\":\"https:\\\/\\\/shanabooks.de\\\/product\\\/adat-u-rusumatnamee-ekradiye-mela-mehmud-bayezidi\\\/\",\"name\":\"Adat \u00fb Rus\u00fbmatname\u00ea Ekradiye - Mela Mehm\u00fbd Bayez\u00eed\u00ee - www.shanabooks.de\",\"isPartOf\":{\"@id\":\"https:\\\/\\\/shanabooks.de\\\/#website\"},\"primaryImageOfPage\":{\"@id\":\"https:\\\/\\\/shanabooks.de\\\/product\\\/adat-u-rusumatnamee-ekradiye-mela-mehmud-bayezidi\\\/#primaryimage\"},\"image\":{\"@id\":\"https:\\\/\\\/shanabooks.de\\\/product\\\/adat-u-rusumatnamee-ekradiye-mela-mehmud-bayezidi\\\/#primaryimage\"},\"thumbnailUrl\":\"https:\\\/\\\/shanabooks.de\\\/wp-content\\\/uploads\\\/2024\\\/01\\\/Adat-u-Rusumatnamee-Ekradiye-dara.png\",\"datePublished\":\"2024-03-03T19:51:51+00:00\",\"dateModified\":\"2025-12-30T22:42:14+00:00\",\"description\":\"Adat \u00fb Rus\u00fbmatname\u00ea Ekradiye - Mela Mehm\u00fbd Bayez\u00eed\u00ee Ev pirt\u00fbka w\u00eaje, folklor \u00fb zargotin\u00ea ji aliy\u00ea niv\u00eeskar Jan Dost ve hatiye amadekirin \u00fb ji we\u015fan\u00ean ...\",\"breadcrumb\":{\"@id\":\"https:\\\/\\\/shanabooks.de\\\/product\\\/adat-u-rusumatnamee-ekradiye-mela-mehmud-bayezidi\\\/#breadcrumb\"},\"inLanguage\":\"de\",\"potentialAction\":[{\"@type\":\"ReadAction\",\"target\":[\"https:\\\/\\\/shanabooks.de\\\/product\\\/adat-u-rusumatnamee-ekradiye-mela-mehmud-bayezidi\\\/\"]}]},{\"@type\":\"ImageObject\",\"inLanguage\":\"de\",\"@id\":\"https:\\\/\\\/shanabooks.de\\\/product\\\/adat-u-rusumatnamee-ekradiye-mela-mehmud-bayezidi\\\/#primaryimage\",\"url\":\"https:\\\/\\\/shanabooks.de\\\/wp-content\\\/uploads\\\/2024\\\/01\\\/Adat-u-Rusumatnamee-Ekradiye-dara.png\",\"contentUrl\":\"https:\\\/\\\/shanabooks.de\\\/wp-content\\\/uploads\\\/2024\\\/01\\\/Adat-u-Rusumatnamee-Ekradiye-dara.png\",\"width\":303,\"height\":469,\"caption\":\"Adat \u00fb Rus\u00fbmatname\u00ea Ekradiye - Mela Mehm\u00fbd Bayez\u00eed\u00ee + pirt\u00fbk\u00ean kurd\u00ee - folklor\"},{\"@type\":\"BreadcrumbList\",\"@id\":\"https:\\\/\\\/shanabooks.de\\\/product\\\/adat-u-rusumatnamee-ekradiye-mela-mehmud-bayezidi\\\/#breadcrumb\",\"itemListElement\":[{\"@type\":\"ListItem\",\"position\":1,\"name\":\"\u0627\u0644\u0631\u0626\u064a\u0633\u064a\u0629\",\"item\":\"https:\\\/\\\/shanabooks.de\\\/de\\\/\"},{\"@type\":\"ListItem\",\"position\":2,\"name\":\"\u0627\u0644\u0645\u0646\u062a\u062c\u0627\u062a\",\"item\":\"https:\\\/\\\/shanabooks.de\\\/shop\\\/\"},{\"@type\":\"ListItem\",\"position\":3,\"name\":\"Adat \u00fb Rus\u00fbmatname\u00ea Ekradiye\"}]},{\"@type\":\"WebSite\",\"@id\":\"https:\\\/\\\/shanabooks.de\\\/#website\",\"url\":\"https:\\\/\\\/shanabooks.de\\\/\",\"name\":\"www.shanbooks.de\",\"description\":\"C\u00eehana Pirt\u00fbk\u00ean Kurd\u00ee \u0645\u0643\u062a\u0628\u0629 \u0634\u0627\u0646\u0627 \u0641\u064a \u0627\u0644\u0645\u0627\u0646\u064a\u0627 \u0648\u0623\u0648\u0631\u0628\u0627\",\"publisher\":{\"@id\":\"https:\\\/\\\/shanabooks.de\\\/#organization\"},\"potentialAction\":[{\"@type\":\"SearchAction\",\"target\":{\"@type\":\"EntryPoint\",\"urlTemplate\":\"https:\\\/\\\/shanabooks.de\\\/?s={search_term_string}\"},\"query-input\":{\"@type\":\"PropertyValueSpecification\",\"valueRequired\":true,\"valueName\":\"search_term_string\"}}],\"inLanguage\":\"de\"},{\"@type\":\"Organization\",\"@id\":\"https:\\\/\\\/shanabooks.de\\\/#organization\",\"name\":\"www.shanbooks.de\",\"url\":\"https:\\\/\\\/shanabooks.de\\\/\",\"logo\":{\"@type\":\"ImageObject\",\"inLanguage\":\"de\",\"@id\":\"https:\\\/\\\/shanabooks.de\\\/#\\\/schema\\\/logo\\\/image\\\/\",\"url\":\"https:\\\/\\\/shanabooks.de\\\/wp-content\\\/uploads\\\/2024\\\/03\\\/SHANABOOKS__2_-removebg-preview.png\",\"contentUrl\":\"https:\\\/\\\/shanabooks.de\\\/wp-content\\\/uploads\\\/2024\\\/03\\\/SHANABOOKS__2_-removebg-preview.png\",\"width\":700,\"height\":150,\"caption\":\"www.shanbooks.de\"},\"image\":{\"@id\":\"https:\\\/\\\/shanabooks.de\\\/#\\\/schema\\\/logo\\\/image\\\/\"}}]}<\/script>\n<!-- \/ Yoast SEO plugin. -->","yoast_head_json":{"title":"Adat \u00fb Rus\u00fbmatname\u00ea Ekradiye - Mela Mehm\u00fbd Bayez\u00eed\u00ee - www.shanabooks.de","description":"Adat \u00fb Rus\u00fbmatname\u00ea Ekradiye - Mela Mehm\u00fbd Bayez\u00eed\u00ee Ev pirt\u00fbka w\u00eaje, folklor \u00fb zargotin\u00ea ji aliy\u00ea niv\u00eeskar Jan Dost ve hatiye amadekirin \u00fb ji we\u015fan\u00ean ...","robots":{"index":"index","follow":"follow","max-snippet":"max-snippet:-1","max-image-preview":"max-image-preview:large","max-video-preview":"max-video-preview:-1"},"canonical":"https:\/\/shanabooks.de\/product\/adat-u-rusumatnamee-ekradiye-mela-mehmud-bayezidi\/","og_locale":"de_DE","og_type":"article","og_title":"Adat \u00fb Rus\u00fbmatname\u00ea Ekradiye - Mela Mehm\u00fbd Bayez\u00eed\u00ee - www.shanabooks.de","og_description":"Adat \u00fb Rus\u00fbmatname\u00ea Ekradiye - Mela Mehm\u00fbd Bayez\u00eed\u00ee Ev pirt\u00fbka w\u00eaje, folklor \u00fb zargotin\u00ea ji aliy\u00ea niv\u00eeskar Jan Dost ve hatiye amadekirin \u00fb ji we\u015fan\u00ean ...","og_url":"https:\/\/shanabooks.de\/product\/adat-u-rusumatnamee-ekradiye-mela-mehmud-bayezidi\/","og_site_name":"www.shanabooks.de","article_modified_time":"2025-12-30T22:42:14+00:00","og_image":[{"width":303,"height":469,"url":"https:\/\/shanabooks.de\/wp-content\/uploads\/2024\/01\/Adat-u-Rusumatnamee-Ekradiye-dara.png","type":"image\/png"}],"twitter_card":"summary_large_image","twitter_misc":{"Gesch\u00e4tzte Lesezeit":"1\u00a0Minute"},"schema":{"@context":"https:\/\/schema.org","@graph":[{"@type":"WebPage","@id":"https:\/\/shanabooks.de\/product\/adat-u-rusumatnamee-ekradiye-mela-mehmud-bayezidi\/","url":"https:\/\/shanabooks.de\/product\/adat-u-rusumatnamee-ekradiye-mela-mehmud-bayezidi\/","name":"Adat \u00fb Rus\u00fbmatname\u00ea Ekradiye - Mela Mehm\u00fbd Bayez\u00eed\u00ee - www.shanabooks.de","isPartOf":{"@id":"https:\/\/shanabooks.de\/#website"},"primaryImageOfPage":{"@id":"https:\/\/shanabooks.de\/product\/adat-u-rusumatnamee-ekradiye-mela-mehmud-bayezidi\/#primaryimage"},"image":{"@id":"https:\/\/shanabooks.de\/product\/adat-u-rusumatnamee-ekradiye-mela-mehmud-bayezidi\/#primaryimage"},"thumbnailUrl":"https:\/\/shanabooks.de\/wp-content\/uploads\/2024\/01\/Adat-u-Rusumatnamee-Ekradiye-dara.png","datePublished":"2024-03-03T19:51:51+00:00","dateModified":"2025-12-30T22:42:14+00:00","description":"Adat \u00fb Rus\u00fbmatname\u00ea Ekradiye - Mela Mehm\u00fbd Bayez\u00eed\u00ee Ev pirt\u00fbka w\u00eaje, folklor \u00fb zargotin\u00ea ji aliy\u00ea niv\u00eeskar Jan Dost ve hatiye amadekirin \u00fb ji we\u015fan\u00ean ...","breadcrumb":{"@id":"https:\/\/shanabooks.de\/product\/adat-u-rusumatnamee-ekradiye-mela-mehmud-bayezidi\/#breadcrumb"},"inLanguage":"de","potentialAction":[{"@type":"ReadAction","target":["https:\/\/shanabooks.de\/product\/adat-u-rusumatnamee-ekradiye-mela-mehmud-bayezidi\/"]}]},{"@type":"ImageObject","inLanguage":"de","@id":"https:\/\/shanabooks.de\/product\/adat-u-rusumatnamee-ekradiye-mela-mehmud-bayezidi\/#primaryimage","url":"https:\/\/shanabooks.de\/wp-content\/uploads\/2024\/01\/Adat-u-Rusumatnamee-Ekradiye-dara.png","contentUrl":"https:\/\/shanabooks.de\/wp-content\/uploads\/2024\/01\/Adat-u-Rusumatnamee-Ekradiye-dara.png","width":303,"height":469,"caption":"Adat \u00fb Rus\u00fbmatname\u00ea Ekradiye - Mela Mehm\u00fbd Bayez\u00eed\u00ee + pirt\u00fbk\u00ean kurd\u00ee - folklor"},{"@type":"BreadcrumbList","@id":"https:\/\/shanabooks.de\/product\/adat-u-rusumatnamee-ekradiye-mela-mehmud-bayezidi\/#breadcrumb","itemListElement":[{"@type":"ListItem","position":1,"name":"\u0627\u0644\u0631\u0626\u064a\u0633\u064a\u0629","item":"https:\/\/shanabooks.de\/de\/"},{"@type":"ListItem","position":2,"name":"\u0627\u0644\u0645\u0646\u062a\u062c\u0627\u062a","item":"https:\/\/shanabooks.de\/shop\/"},{"@type":"ListItem","position":3,"name":"Adat \u00fb Rus\u00fbmatname\u00ea Ekradiye"}]},{"@type":"WebSite","@id":"https:\/\/shanabooks.de\/#website","url":"https:\/\/shanabooks.de\/","name":"www.shanbooks.de","description":"C\u00eehana Pirt\u00fbk\u00ean Kurd\u00ee \u0645\u0643\u062a\u0628\u0629 \u0634\u0627\u0646\u0627 \u0641\u064a \u0627\u0644\u0645\u0627\u0646\u064a\u0627 \u0648\u0623\u0648\u0631\u0628\u0627","publisher":{"@id":"https:\/\/shanabooks.de\/#organization"},"potentialAction":[{"@type":"SearchAction","target":{"@type":"EntryPoint","urlTemplate":"https:\/\/shanabooks.de\/?s={search_term_string}"},"query-input":{"@type":"PropertyValueSpecification","valueRequired":true,"valueName":"search_term_string"}}],"inLanguage":"de"},{"@type":"Organization","@id":"https:\/\/shanabooks.de\/#organization","name":"www.shanbooks.de","url":"https:\/\/shanabooks.de\/","logo":{"@type":"ImageObject","inLanguage":"de","@id":"https:\/\/shanabooks.de\/#\/schema\/logo\/image\/","url":"https:\/\/shanabooks.de\/wp-content\/uploads\/2024\/03\/SHANABOOKS__2_-removebg-preview.png","contentUrl":"https:\/\/shanabooks.de\/wp-content\/uploads\/2024\/03\/SHANABOOKS__2_-removebg-preview.png","width":700,"height":150,"caption":"www.shanbooks.de"},"image":{"@id":"https:\/\/shanabooks.de\/#\/schema\/logo\/image\/"}}]}},"jetpack_sharing_enabled":true,"_links":{"self":[{"href":"https:\/\/shanabooks.de\/de\/wp-json\/wp\/v2\/product\/13583","targetHints":{"allow":["GET"]}}],"collection":[{"href":"https:\/\/shanabooks.de\/de\/wp-json\/wp\/v2\/product"}],"about":[{"href":"https:\/\/shanabooks.de\/de\/wp-json\/wp\/v2\/types\/product"}],"version-history":[{"count":3,"href":"https:\/\/shanabooks.de\/de\/wp-json\/wp\/v2\/product\/13583\/revisions"}],"predecessor-version":[{"id":24604,"href":"https:\/\/shanabooks.de\/de\/wp-json\/wp\/v2\/product\/13583\/revisions\/24604"}],"wp:featuredmedia":[{"embeddable":true,"href":"https:\/\/shanabooks.de\/de\/wp-json\/wp\/v2\/media\/6546"}],"wp:attachment":[{"href":"https:\/\/shanabooks.de\/de\/wp-json\/wp\/v2\/media?parent=13583"}],"wp:term":[{"taxonomy":"product_brand","embeddable":true,"href":"https:\/\/shanabooks.de\/de\/wp-json\/wp\/v2\/product_brand?post=13583"},{"taxonomy":"product_cat","embeddable":true,"href":"https:\/\/shanabooks.de\/de\/wp-json\/wp\/v2\/product_cat?post=13583"},{"taxonomy":"product_tag","embeddable":true,"href":"https:\/\/shanabooks.de\/de\/wp-json\/wp\/v2\/product_tag?post=13583"}],"curies":[{"name":"wp","href":"https:\/\/api.w.org\/{rel}","templated":true}]}}