{"id":13588,"date":"2024-03-03T19:51:51","date_gmt":"2024-03-03T19:51:51","guid":{"rendered":"https:\/\/shanabooks.de\/?post_type=product&#038;p=13588"},"modified":"2026-01-01T16:43:35","modified_gmt":"2026-01-01T16:43:35","slug":"ferhenga-bisaftine-bahoz-baran","status":"publish","type":"product","link":"https:\/\/shanabooks.de\/de\/product\/ferhenga-bisaftine-bahoz-baran\/","title":{"rendered":"Ferhenga Bi\u015faftin\u00ea"},"content":{"rendered":"<p style=\"text-align: left;\"><strong>Ferhenga Bi\u015faftin\u00ea &#8211; Bahoz Baran<\/strong><\/p>\n<p style=\"text-align: left;\">Ev pirt\u00fbka bi nav\u00ea Ferhenga bi\u015faftin\u00ea ya Bahoz Baran, bi \u00e7avd\u00ear\u00ee \u00fb serp\u00eahat\u00eeya 15 salan hat\u00eeye l\u00eakirin. Niv\u00eeskar\u00ee, ji al\u00eey\u00ea bi\u015faftin\u00ea va guh daye hal\u00ea civak\u00ea \u00fb ti\u015ft\u00ean ku d\u00eetine hebo hebo qeyd \u00fb tesn\u00eef kirine. Ev xebat, xebateka teatral e, ji nava j\u00eeyana Kurdan hat\u00eeye dawerivandin. Der\u00eey\u00ea v\u00ea xebat\u00ea ji \u015fano \u00fb s\u00eenemay\u00ea ra vekir\u00ee ye.<\/p>\n<p style=\"text-align: left;\">Xwarz\u00ea, ji xal\u00ea xwe ra dib\u00eaje, \u201cKurmanc\u00eeya min nake n\u00eev\u00ea Kurmanc\u00eeya te!\u201d Ew xala j\u00ee j\u00ea ra dib\u00eaje, \u201cEr\u00ea tu wisa dib\u00eaj\u00ee, l\u00ea Kurmanc\u00eeya min j\u00ee nake n\u00eev\u00ea Kurmanc\u00eeya d\u00eeya min \u00fb ya d\u00eeya min j\u00ee nake n\u00eev\u00ea ya p\u00eera min!\u201d De were \u00fb v\u00ee ker\u00ee di v\u00ea bihur\u00ea ra derbas bike? Gelek Kurd, wext\u00ea ku li \u201c1\u201d\u00ea din\u00earin, \u201cb\u00eer\u201da Tirkan t\u00ea b\u00eera wan. Hinek Kurd wext\u00ea \u00e7av bi v\u00ea Kurd\u00eeya akadem\u00eek dixin, dib\u00eajin qey ew bi ti\u015ftek\u00ee nizanin, ziman\u00ea d\u00ea \u00fb bav\u00ea wan re\u015f dibe li ber \u00e7av\u00ean wan<\/p>\n","protected":false},"excerpt":{"rendered":"<p style=\"text-align: center;\"><strong>Pirt\u00fbk: Ferhenga Bi\u015faftin\u00ea<br \/>\n<\/strong><strong><\/strong><\/p>\n<p style=\"direction: ltr; text-align: center;\"><strong>Niv\u00eeskar: Bahoz Baran<br \/>\n<\/strong><strong>Cure: Ferheng<\/strong><\/p>\n","protected":false},"featured_media":6563,"template":"","meta":{"site-sidebar-layout":"default","site-content-layout":"","ast-site-content-layout":"default","site-content-style":"default","site-sidebar-style":"default","ast-global-header-display":"","ast-banner-title-visibility":"","ast-main-header-display":"","ast-hfb-above-header-display":"","ast-hfb-below-header-display":"","ast-hfb-mobile-header-display":"","site-post-title":"","ast-breadcrumbs-content":"","ast-featured-img":"","footer-sml-layout":"","ast-disable-related-posts":"","theme-transparent-header-meta":"default","adv-header-id-meta":"","stick-header-meta":"","header-above-stick-meta":"","header-main-stick-meta":"","header-below-stick-meta":"","astra-migrate-meta-layouts":"set","ast-page-background-enabled":"default","ast-page-background-meta":{"desktop":{"background-color":"","background-image":"","background-repeat":"repeat","background-position":"center center","background-size":"auto","background-attachment":"scroll","background-type":"","background-media":"","overlay-type":"","overlay-color":"","overlay-opacity":"","overlay-gradient":""},"tablet":{"background-color":"","background-image":"","background-repeat":"repeat","background-position":"center center","background-size":"auto","background-attachment":"scroll","background-type":"","background-media":"","overlay-type":"","overlay-color":"","overlay-opacity":"","overlay-gradient":""},"mobile":{"background-color":"","background-image":"","background-repeat":"repeat","background-position":"center center","background-size":"auto","background-attachment":"scroll","background-type":"","background-media":"","overlay-type":"","overlay-color":"","overlay-opacity":"","overlay-gradient":""}},"ast-content-background-meta":{"desktop":{"background-color":"var(--ast-global-color-5)","background-image":"","background-repeat":"repeat","background-position":"center center","background-size":"auto","background-attachment":"scroll","background-type":"","background-media":"","overlay-type":"","overlay-color":"","overlay-opacity":"","overlay-gradient":""},"tablet":{"background-color":"var(--ast-global-color-5)","background-image":"","background-repeat":"repeat","background-position":"center center","background-size":"auto","background-attachment":"scroll","background-type":"","background-media":"","overlay-type":"","overlay-color":"","overlay-opacity":"","overlay-gradient":""},"mobile":{"background-color":"var(--ast-global-color-5)","background-image":"","background-repeat":"repeat","background-position":"center center","background-size":"auto","background-attachment":"scroll","background-type":"","background-media":"","overlay-type":"","overlay-color":"","overlay-opacity":"","overlay-gradient":""}}},"product_brand":[],"product_cat":[186,193],"product_tag":[],"class_list":{"0":"post-13588","1":"product","2":"type-product","3":"status-publish","4":"has-post-thumbnail","6":"product_cat-_","7":"product_cat--_","8":"pa_-ferheng","9":"pa_-bahoz-baran","10":"pa_-kurmanci","11":"pa_--wardoz-yayinlari","12":"desktop-align-left","13":"tablet-align-left","14":"mobile-align-left","16":"first","17":"instock","18":"shipping-taxable","19":"purchasable","20":"product-type-simple"},"yoast_head":"<!-- This site is optimized with the Yoast SEO plugin v27.4 - https:\/\/yoast.com\/product\/yoast-seo-wordpress\/ -->\n<title>Ferhenga Bi\u015faftin\u00ea - Bahoz Baran - www.shanabooks.de<\/title>\n<meta name=\"description\" content=\"Ferhenga Bi\u015faftin\u00ea - Bahoz Baran Ev pirt\u00fbk, bi \u00e7avd\u00ear\u00ee \u00fb serp\u00eahat\u00eeya 15 salan hat\u00eeye l\u00eakirin. Niv\u00eeskar\u00ee, ji al\u00eey\u00ea bi\u015faftin\u00ea va guh daye hal\u00ea civak\u00ea \u00fb ...\" \/>\n<meta name=\"robots\" content=\"index, follow, max-snippet:-1, max-image-preview:large, max-video-preview:-1\" \/>\n<link rel=\"canonical\" href=\"https:\/\/shanabooks.de\/product\/ferhenga-bisaftine-bahoz-baran\/\" \/>\n<meta property=\"og:locale\" content=\"de_DE\" \/>\n<meta property=\"og:type\" content=\"article\" \/>\n<meta property=\"og:title\" content=\"Ferhenga Bi\u015faftin\u00ea - Bahoz Baran - www.shanabooks.de\" \/>\n<meta property=\"og:description\" content=\"Ferhenga Bi\u015faftin\u00ea - Bahoz Baran Ev pirt\u00fbk, bi \u00e7avd\u00ear\u00ee \u00fb serp\u00eahat\u00eeya 15 salan hat\u00eeye l\u00eakirin. Niv\u00eeskar\u00ee, ji al\u00eey\u00ea bi\u015faftin\u00ea va guh daye hal\u00ea civak\u00ea \u00fb ...\" \/>\n<meta property=\"og:url\" content=\"https:\/\/shanabooks.de\/product\/ferhenga-bisaftine-bahoz-baran\/\" \/>\n<meta property=\"og:site_name\" content=\"www.shanabooks.de\" \/>\n<meta property=\"article:modified_time\" content=\"2026-01-01T16:43:35+00:00\" \/>\n<meta property=\"og:image\" content=\"https:\/\/shanabooks.de\/wp-content\/uploads\/2024\/01\/Ferhenga-Bisaftine-wardoz.png\" \/>\n\t<meta property=\"og:image:width\" content=\"308\" \/>\n\t<meta property=\"og:image:height\" content=\"473\" \/>\n\t<meta property=\"og:image:type\" content=\"image\/png\" \/>\n<meta name=\"twitter:card\" content=\"summary_large_image\" \/>\n<meta name=\"twitter:label1\" content=\"Gesch\u00e4tzte Lesezeit\" \/>\n\t<meta name=\"twitter:data1\" content=\"2\u00a0Minuten\" \/>\n<script type=\"application\/ld+json\" class=\"yoast-schema-graph\">{\"@context\":\"https:\\\/\\\/schema.org\",\"@graph\":[{\"@type\":\"WebPage\",\"@id\":\"https:\\\/\\\/shanabooks.de\\\/product\\\/ferhenga-bisaftine-bahoz-baran\\\/\",\"url\":\"https:\\\/\\\/shanabooks.de\\\/product\\\/ferhenga-bisaftine-bahoz-baran\\\/\",\"name\":\"Ferhenga Bi\u015faftin\u00ea - Bahoz Baran - www.shanabooks.de\",\"isPartOf\":{\"@id\":\"https:\\\/\\\/shanabooks.de\\\/#website\"},\"primaryImageOfPage\":{\"@id\":\"https:\\\/\\\/shanabooks.de\\\/product\\\/ferhenga-bisaftine-bahoz-baran\\\/#primaryimage\"},\"image\":{\"@id\":\"https:\\\/\\\/shanabooks.de\\\/product\\\/ferhenga-bisaftine-bahoz-baran\\\/#primaryimage\"},\"thumbnailUrl\":\"https:\\\/\\\/shanabooks.de\\\/wp-content\\\/uploads\\\/2024\\\/01\\\/Ferhenga-Bisaftine-wardoz.png\",\"datePublished\":\"2024-03-03T19:51:51+00:00\",\"dateModified\":\"2026-01-01T16:43:35+00:00\",\"description\":\"Ferhenga Bi\u015faftin\u00ea - Bahoz Baran Ev pirt\u00fbk, bi \u00e7avd\u00ear\u00ee \u00fb serp\u00eahat\u00eeya 15 salan hat\u00eeye l\u00eakirin. Niv\u00eeskar\u00ee, ji al\u00eey\u00ea bi\u015faftin\u00ea va guh daye hal\u00ea civak\u00ea \u00fb ...\",\"breadcrumb\":{\"@id\":\"https:\\\/\\\/shanabooks.de\\\/product\\\/ferhenga-bisaftine-bahoz-baran\\\/#breadcrumb\"},\"inLanguage\":\"de\",\"potentialAction\":[{\"@type\":\"ReadAction\",\"target\":[\"https:\\\/\\\/shanabooks.de\\\/product\\\/ferhenga-bisaftine-bahoz-baran\\\/\"]}]},{\"@type\":\"ImageObject\",\"inLanguage\":\"de\",\"@id\":\"https:\\\/\\\/shanabooks.de\\\/product\\\/ferhenga-bisaftine-bahoz-baran\\\/#primaryimage\",\"url\":\"https:\\\/\\\/shanabooks.de\\\/wp-content\\\/uploads\\\/2024\\\/01\\\/Ferhenga-Bisaftine-wardoz.png\",\"contentUrl\":\"https:\\\/\\\/shanabooks.de\\\/wp-content\\\/uploads\\\/2024\\\/01\\\/Ferhenga-Bisaftine-wardoz.png\",\"width\":308,\"height\":473,\"caption\":\"Ferhenga Bi\u015faftin\u00ea - Bahoz Baran - pirt\u00fbk\u00ean kurd\u00ee - ferheng\"},{\"@type\":\"BreadcrumbList\",\"@id\":\"https:\\\/\\\/shanabooks.de\\\/product\\\/ferhenga-bisaftine-bahoz-baran\\\/#breadcrumb\",\"itemListElement\":[{\"@type\":\"ListItem\",\"position\":1,\"name\":\"\u0627\u0644\u0631\u0626\u064a\u0633\u064a\u0629\",\"item\":\"https:\\\/\\\/shanabooks.de\\\/de\\\/\"},{\"@type\":\"ListItem\",\"position\":2,\"name\":\"\u0627\u0644\u0645\u0646\u062a\u062c\u0627\u062a\",\"item\":\"https:\\\/\\\/shanabooks.de\\\/shop\\\/\"},{\"@type\":\"ListItem\",\"position\":3,\"name\":\"Ferhenga Bi\u015faftin\u00ea\"}]},{\"@type\":\"WebSite\",\"@id\":\"https:\\\/\\\/shanabooks.de\\\/#website\",\"url\":\"https:\\\/\\\/shanabooks.de\\\/\",\"name\":\"www.shanbooks.de\",\"description\":\"C\u00eehana Pirt\u00fbk\u00ean Kurd\u00ee \u0645\u0643\u062a\u0628\u0629 \u0634\u0627\u0646\u0627 \u0641\u064a \u0627\u0644\u0645\u0627\u0646\u064a\u0627 \u0648\u0623\u0648\u0631\u0628\u0627\",\"publisher\":{\"@id\":\"https:\\\/\\\/shanabooks.de\\\/#organization\"},\"potentialAction\":[{\"@type\":\"SearchAction\",\"target\":{\"@type\":\"EntryPoint\",\"urlTemplate\":\"https:\\\/\\\/shanabooks.de\\\/?s={search_term_string}\"},\"query-input\":{\"@type\":\"PropertyValueSpecification\",\"valueRequired\":true,\"valueName\":\"search_term_string\"}}],\"inLanguage\":\"de\"},{\"@type\":\"Organization\",\"@id\":\"https:\\\/\\\/shanabooks.de\\\/#organization\",\"name\":\"www.shanbooks.de\",\"url\":\"https:\\\/\\\/shanabooks.de\\\/\",\"logo\":{\"@type\":\"ImageObject\",\"inLanguage\":\"de\",\"@id\":\"https:\\\/\\\/shanabooks.de\\\/#\\\/schema\\\/logo\\\/image\\\/\",\"url\":\"https:\\\/\\\/shanabooks.de\\\/wp-content\\\/uploads\\\/2024\\\/03\\\/SHANABOOKS__2_-removebg-preview.png\",\"contentUrl\":\"https:\\\/\\\/shanabooks.de\\\/wp-content\\\/uploads\\\/2024\\\/03\\\/SHANABOOKS__2_-removebg-preview.png\",\"width\":700,\"height\":150,\"caption\":\"www.shanbooks.de\"},\"image\":{\"@id\":\"https:\\\/\\\/shanabooks.de\\\/#\\\/schema\\\/logo\\\/image\\\/\"}}]}<\/script>\n<!-- \/ Yoast SEO plugin. -->","yoast_head_json":{"title":"Ferhenga Bi\u015faftin\u00ea - Bahoz Baran - www.shanabooks.de","description":"Ferhenga Bi\u015faftin\u00ea - Bahoz Baran Ev pirt\u00fbk, bi \u00e7avd\u00ear\u00ee \u00fb serp\u00eahat\u00eeya 15 salan hat\u00eeye l\u00eakirin. Niv\u00eeskar\u00ee, ji al\u00eey\u00ea bi\u015faftin\u00ea va guh daye hal\u00ea civak\u00ea \u00fb ...","robots":{"index":"index","follow":"follow","max-snippet":"max-snippet:-1","max-image-preview":"max-image-preview:large","max-video-preview":"max-video-preview:-1"},"canonical":"https:\/\/shanabooks.de\/product\/ferhenga-bisaftine-bahoz-baran\/","og_locale":"de_DE","og_type":"article","og_title":"Ferhenga Bi\u015faftin\u00ea - Bahoz Baran - www.shanabooks.de","og_description":"Ferhenga Bi\u015faftin\u00ea - Bahoz Baran Ev pirt\u00fbk, bi \u00e7avd\u00ear\u00ee \u00fb serp\u00eahat\u00eeya 15 salan hat\u00eeye l\u00eakirin. Niv\u00eeskar\u00ee, ji al\u00eey\u00ea bi\u015faftin\u00ea va guh daye hal\u00ea civak\u00ea \u00fb ...","og_url":"https:\/\/shanabooks.de\/product\/ferhenga-bisaftine-bahoz-baran\/","og_site_name":"www.shanabooks.de","article_modified_time":"2026-01-01T16:43:35+00:00","og_image":[{"width":308,"height":473,"url":"https:\/\/shanabooks.de\/wp-content\/uploads\/2024\/01\/Ferhenga-Bisaftine-wardoz.png","type":"image\/png"}],"twitter_card":"summary_large_image","twitter_misc":{"Gesch\u00e4tzte Lesezeit":"2\u00a0Minuten"},"schema":{"@context":"https:\/\/schema.org","@graph":[{"@type":"WebPage","@id":"https:\/\/shanabooks.de\/product\/ferhenga-bisaftine-bahoz-baran\/","url":"https:\/\/shanabooks.de\/product\/ferhenga-bisaftine-bahoz-baran\/","name":"Ferhenga Bi\u015faftin\u00ea - Bahoz Baran - www.shanabooks.de","isPartOf":{"@id":"https:\/\/shanabooks.de\/#website"},"primaryImageOfPage":{"@id":"https:\/\/shanabooks.de\/product\/ferhenga-bisaftine-bahoz-baran\/#primaryimage"},"image":{"@id":"https:\/\/shanabooks.de\/product\/ferhenga-bisaftine-bahoz-baran\/#primaryimage"},"thumbnailUrl":"https:\/\/shanabooks.de\/wp-content\/uploads\/2024\/01\/Ferhenga-Bisaftine-wardoz.png","datePublished":"2024-03-03T19:51:51+00:00","dateModified":"2026-01-01T16:43:35+00:00","description":"Ferhenga Bi\u015faftin\u00ea - Bahoz Baran Ev pirt\u00fbk, bi \u00e7avd\u00ear\u00ee \u00fb serp\u00eahat\u00eeya 15 salan hat\u00eeye l\u00eakirin. Niv\u00eeskar\u00ee, ji al\u00eey\u00ea bi\u015faftin\u00ea va guh daye hal\u00ea civak\u00ea \u00fb ...","breadcrumb":{"@id":"https:\/\/shanabooks.de\/product\/ferhenga-bisaftine-bahoz-baran\/#breadcrumb"},"inLanguage":"de","potentialAction":[{"@type":"ReadAction","target":["https:\/\/shanabooks.de\/product\/ferhenga-bisaftine-bahoz-baran\/"]}]},{"@type":"ImageObject","inLanguage":"de","@id":"https:\/\/shanabooks.de\/product\/ferhenga-bisaftine-bahoz-baran\/#primaryimage","url":"https:\/\/shanabooks.de\/wp-content\/uploads\/2024\/01\/Ferhenga-Bisaftine-wardoz.png","contentUrl":"https:\/\/shanabooks.de\/wp-content\/uploads\/2024\/01\/Ferhenga-Bisaftine-wardoz.png","width":308,"height":473,"caption":"Ferhenga Bi\u015faftin\u00ea - Bahoz Baran - pirt\u00fbk\u00ean kurd\u00ee - ferheng"},{"@type":"BreadcrumbList","@id":"https:\/\/shanabooks.de\/product\/ferhenga-bisaftine-bahoz-baran\/#breadcrumb","itemListElement":[{"@type":"ListItem","position":1,"name":"\u0627\u0644\u0631\u0626\u064a\u0633\u064a\u0629","item":"https:\/\/shanabooks.de\/de\/"},{"@type":"ListItem","position":2,"name":"\u0627\u0644\u0645\u0646\u062a\u062c\u0627\u062a","item":"https:\/\/shanabooks.de\/shop\/"},{"@type":"ListItem","position":3,"name":"Ferhenga Bi\u015faftin\u00ea"}]},{"@type":"WebSite","@id":"https:\/\/shanabooks.de\/#website","url":"https:\/\/shanabooks.de\/","name":"www.shanbooks.de","description":"C\u00eehana Pirt\u00fbk\u00ean Kurd\u00ee \u0645\u0643\u062a\u0628\u0629 \u0634\u0627\u0646\u0627 \u0641\u064a \u0627\u0644\u0645\u0627\u0646\u064a\u0627 \u0648\u0623\u0648\u0631\u0628\u0627","publisher":{"@id":"https:\/\/shanabooks.de\/#organization"},"potentialAction":[{"@type":"SearchAction","target":{"@type":"EntryPoint","urlTemplate":"https:\/\/shanabooks.de\/?s={search_term_string}"},"query-input":{"@type":"PropertyValueSpecification","valueRequired":true,"valueName":"search_term_string"}}],"inLanguage":"de"},{"@type":"Organization","@id":"https:\/\/shanabooks.de\/#organization","name":"www.shanbooks.de","url":"https:\/\/shanabooks.de\/","logo":{"@type":"ImageObject","inLanguage":"de","@id":"https:\/\/shanabooks.de\/#\/schema\/logo\/image\/","url":"https:\/\/shanabooks.de\/wp-content\/uploads\/2024\/03\/SHANABOOKS__2_-removebg-preview.png","contentUrl":"https:\/\/shanabooks.de\/wp-content\/uploads\/2024\/03\/SHANABOOKS__2_-removebg-preview.png","width":700,"height":150,"caption":"www.shanbooks.de"},"image":{"@id":"https:\/\/shanabooks.de\/#\/schema\/logo\/image\/"}}]}},"jetpack_sharing_enabled":true,"_links":{"self":[{"href":"https:\/\/shanabooks.de\/de\/wp-json\/wp\/v2\/product\/13588","targetHints":{"allow":["GET"]}}],"collection":[{"href":"https:\/\/shanabooks.de\/de\/wp-json\/wp\/v2\/product"}],"about":[{"href":"https:\/\/shanabooks.de\/de\/wp-json\/wp\/v2\/types\/product"}],"version-history":[{"count":3,"href":"https:\/\/shanabooks.de\/de\/wp-json\/wp\/v2\/product\/13588\/revisions"}],"predecessor-version":[{"id":24610,"href":"https:\/\/shanabooks.de\/de\/wp-json\/wp\/v2\/product\/13588\/revisions\/24610"}],"wp:featuredmedia":[{"embeddable":true,"href":"https:\/\/shanabooks.de\/de\/wp-json\/wp\/v2\/media\/6563"}],"wp:attachment":[{"href":"https:\/\/shanabooks.de\/de\/wp-json\/wp\/v2\/media?parent=13588"}],"wp:term":[{"taxonomy":"product_brand","embeddable":true,"href":"https:\/\/shanabooks.de\/de\/wp-json\/wp\/v2\/product_brand?post=13588"},{"taxonomy":"product_cat","embeddable":true,"href":"https:\/\/shanabooks.de\/de\/wp-json\/wp\/v2\/product_cat?post=13588"},{"taxonomy":"product_tag","embeddable":true,"href":"https:\/\/shanabooks.de\/de\/wp-json\/wp\/v2\/product_tag?post=13588"}],"curies":[{"name":"wp","href":"https:\/\/api.w.org\/{rel}","templated":true}]}}