{"id":13589,"date":"2024-03-03T19:51:51","date_gmt":"2024-03-03T19:51:51","guid":{"rendered":"https:\/\/shanabooks.de\/?post_type=product&#038;p=13589"},"modified":"2024-03-06T13:50:35","modified_gmt":"2024-03-06T13:50:35","slug":"girava-gencineye-r-l-stevenson","status":"publish","type":"product","link":"https:\/\/shanabooks.de\/de\/product\/girava-gencineye-r-l-stevenson\/","title":{"rendered":"Girava Genc\u00eeney\u00ea"},"content":{"rendered":"<p style=\"text-align: left\"><strong>Girava Genc\u00eeney\u00ea &#8211; R.L. Stevenson<\/strong><\/p>\n<p style=\"text-align: left\">Pirt\u00fbka Girava Genc\u00eeney\u00ea ya R.L. Stevenson ji wergera Bilal \u00c7elik e.<\/p>\n<p style=\"text-align: left\">\u00cengilistana sedsala 18. Xaneke bi nav\u00ea Xana Am\u00eeral Benbow a li ser piy\u00ea perava ba\u015f\u00fbr\u00ea \u00cengilistan\u00ea. Jim Hawkins\u00ea xortik \u00ea kur\u00ea xwediy\u00ean v\u00ea xana ku dih\u00eale ev malbat encax bikaribe bidebire. Heyameke ku li c\u00eehan\u00ea, li ser deryay\u00ean d\u00fbredest, ke\u015ft\u00ee \u00fb qewtey\u00ean kele\u015f, korsan \u00fb r\u00eabirran didine \u00e7irv\u00eetkan, rojek\u00ea riya kevnekorsanek\u00ee bi nav\u00ea Billy Bones bi v\u00ea xan\u00ea dikeve. Billy Bones ne yek\u00ee xal\u00ee ye, bi hatina ku t\u00ea xan\u00ea, qedera Jim Hawkins \u00fb malbata w\u00ee \u00fb birrek kesan diguher\u00eene. Bones, li gel ku dibe sedema mirina bav\u00ea Jim, bi xwe re bela \u00fb bobelateke mezin j\u00ee t\u00eene. Ji ber ku Bones li pey genc\u00eeneya korsanek\u00ee xeternak \u00ea bi nav\u00ea Flint e, ku Flint bi xwe kevneheval\u00ea Bones e, ji bo ku v\u00ea genc\u00eeneya ku ji aliy\u00ea giraniya xwe ve b\u00ea hevta ye bi dest bixe, li kar e her ti\u015ft\u00ee bike. Bones wexta hat\u00ee v\u00ea xan\u00ea, p\u00ea re nex\u015feyek heye, ku nav \u00fb n\u00ee\u015fan\u00ean giravek\u00ea \u00fb ciy\u00ea ku ev genc\u00eeneya mijara behs\u00ea l\u00ea hatiye ve\u015fartin n\u00ee\u015fan dide. L\u00ea \u00e7embera b\u00fbyer \u00fb qewaman fireh dibe, li \u015f\u00fbna ku genc\u00eene bibe para v\u00ee korsan\u00ee, b\u00fbyer \u00fb qewam dikin ku Jim\u00ea xortik bibe serp\u00ealewan\u00ea \u00e7\u00eerok\u00ea \u00fb li pey v\u00ea genc\u00eeney\u00ea dest bi serp\u00eahatiyeke d\u00fbr \u00fb dir\u00eaj bike.<\/p>\n<p style=\"text-align: left\"><em>Girava Genc\u00eeney\u00ea<\/em>. Romana klas\u00eek a serb\u00fbriyan a Robert Louis Stevenson\u00ea niv\u00eeskar\u00ea Skot\u00ee, ku di sala 1883\u2019yan de \u00e7ap b\u00fbye \u00fb genc\u00eeneya me ya zanyariyan \u00fb h\u00eamayan a li ser girav\u00ean trop\u00eekal, nex\u015fey\u00ean ku ciy\u00ean genc\u00eeneyan n\u00ee\u015fan didin, korsan\u00ean bi yek \u00e7av\u00ee, di \u015f\u00fbna dest\u00ean wan \u00ean j\u00ea b\u00fby\u00ee de qancey\u00ean bi zend\u00ean wan ve, ango\u00a0<em>b\u00eer<\/em>a me ya li ser van ti\u015ftan, bi giran\u00ee xwe disp\u00eare\u00a0<em>Girava Genc\u00eeney\u00ea<\/em>\u00a0\u00fb \u00e7end berhem\u00ean ku xelef\u00ean w\u00ea ne. Ev romana ku yek ji wan roman\u00ean klas\u00eek e, y\u00ean ku bi her away\u00ee berhem\u00ean nemir in, bi dereng\u00ee be j\u00ee, \u00ead\u00ee w\u00ea xwendevan\u00ea Kurd\u00ee bikaribe w\u00ea bi Kurd\u00ee bixw\u00eene. Bi Kurdiya werg\u00ear\u00ea n\u00fbhat\u00ee, Bilal \u00c7elik.<\/p>\n","protected":false},"excerpt":{"rendered":"<p style=\"text-align: center\"><strong>Pirt\u00fbk: Girava Genc\u00eeney\u00ea<br \/>\nNiv\u00eeskar: R. L. Stevenson<br \/>\nCure: Roman<\/strong><\/p>\n","protected":false},"featured_media":6565,"template":"","meta":{"site-sidebar-layout":"default","site-content-layout":"","ast-site-content-layout":"default","site-content-style":"default","site-sidebar-style":"default","ast-global-header-display":"","ast-banner-title-visibility":"","ast-main-header-display":"","ast-hfb-above-header-display":"","ast-hfb-below-header-display":"","ast-hfb-mobile-header-display":"","site-post-title":"","ast-breadcrumbs-content":"","ast-featured-img":"","footer-sml-layout":"","ast-disable-related-posts":"","theme-transparent-header-meta":"default","adv-header-id-meta":"","stick-header-meta":"","header-above-stick-meta":"","header-main-stick-meta":"","header-below-stick-meta":"","astra-migrate-meta-layouts":"set","ast-page-background-enabled":"default","ast-page-background-meta":{"desktop":{"background-color":"","background-image":"","background-repeat":"repeat","background-position":"center center","background-size":"auto","background-attachment":"scroll","background-type":"","background-media":"","overlay-type":"","overlay-color":"","overlay-opacity":"","overlay-gradient":""},"tablet":{"background-color":"","background-image":"","background-repeat":"repeat","background-position":"center center","background-size":"auto","background-attachment":"scroll","background-type":"","background-media":"","overlay-type":"","overlay-color":"","overlay-opacity":"","overlay-gradient":""},"mobile":{"background-color":"","background-image":"","background-repeat":"repeat","background-position":"center center","background-size":"auto","background-attachment":"scroll","background-type":"","background-media":"","overlay-type":"","overlay-color":"","overlay-opacity":"","overlay-gradient":""}},"ast-content-background-meta":{"desktop":{"background-color":"var(--ast-global-color-5)","background-image":"","background-repeat":"repeat","background-position":"center center","background-size":"auto","background-attachment":"scroll","background-type":"","background-media":"","overlay-type":"","overlay-color":"","overlay-opacity":"","overlay-gradient":""},"tablet":{"background-color":"var(--ast-global-color-5)","background-image":"","background-repeat":"repeat","background-position":"center center","background-size":"auto","background-attachment":"scroll","background-type":"","background-media":"","overlay-type":"","overlay-color":"","overlay-opacity":"","overlay-gradient":""},"mobile":{"background-color":"var(--ast-global-color-5)","background-image":"","background-repeat":"repeat","background-position":"center center","background-size":"auto","background-attachment":"scroll","background-type":"","background-media":"","overlay-type":"","overlay-color":"","overlay-opacity":"","overlay-gradient":""}}},"product_brand":[],"product_cat":[185,193],"product_tag":[],"class_list":{"0":"post-13589","1":"product","2":"type-product","3":"status-publish","4":"has-post-thumbnail","6":"product_cat--_","8":"pa_-roman","9":"pa_-wejeye-cihani","10":"pa_-r-l-stevenson","11":"pa_-kurmanci","12":"pa_--lis-yayinevi","13":"desktop-align-left","14":"tablet-align-left","15":"mobile-align-left","17":"first","18":"instock","19":"shipping-taxable","20":"purchasable","21":"product-type-simple"},"yoast_head":"<!-- This site is optimized with the Yoast SEO plugin v27.4 - https:\/\/yoast.com\/product\/yoast-seo-wordpress\/ -->\n<title>Girava Genc\u00eeney\u00ea - R.L. Stevenson - www.shanabooks.de<\/title>\n<meta name=\"description\" content=\"Girava Genc\u00eeney\u00ea - R.L. Stevenson \u00cengilistana sedsala 18. Xaneke bi nav\u00ea Xana Am\u00eeral Benbow a li ser piy\u00ea perava ba\u015f\u00fbr\u00ea \u00cengilistan\u00ea. Jim Hawkins\u00ea xortik ...\" \/>\n<meta name=\"robots\" content=\"index, follow, max-snippet:-1, max-image-preview:large, max-video-preview:-1\" \/>\n<link rel=\"canonical\" href=\"https:\/\/shanabooks.de\/product\/girava-gencineye-r-l-stevenson\/\" \/>\n<meta property=\"og:locale\" content=\"de_DE\" \/>\n<meta property=\"og:type\" content=\"article\" \/>\n<meta property=\"og:title\" content=\"Girava Genc\u00eeney\u00ea - R.L. Stevenson - www.shanabooks.de\" \/>\n<meta property=\"og:description\" content=\"Girava Genc\u00eeney\u00ea - R.L. Stevenson \u00cengilistana sedsala 18. Xaneke bi nav\u00ea Xana Am\u00eeral Benbow a li ser piy\u00ea perava ba\u015f\u00fbr\u00ea \u00cengilistan\u00ea. Jim Hawkins\u00ea xortik ...\" \/>\n<meta property=\"og:url\" content=\"https:\/\/shanabooks.de\/product\/girava-gencineye-r-l-stevenson\/\" \/>\n<meta property=\"og:site_name\" content=\"www.shanabooks.de\" \/>\n<meta property=\"article:modified_time\" content=\"2024-03-06T13:50:35+00:00\" \/>\n<meta property=\"og:image\" content=\"https:\/\/shanabooks.de\/wp-content\/uploads\/2024\/01\/Girava-Gencineye.png\" \/>\n\t<meta property=\"og:image:width\" content=\"320\" \/>\n\t<meta property=\"og:image:height\" content=\"476\" \/>\n\t<meta property=\"og:image:type\" content=\"image\/png\" \/>\n<meta name=\"twitter:card\" content=\"summary_large_image\" \/>\n<meta name=\"twitter:label1\" content=\"Gesch\u00e4tzte Lesezeit\" \/>\n\t<meta name=\"twitter:data1\" content=\"3\u00a0Minuten\" \/>\n<script type=\"application\/ld+json\" class=\"yoast-schema-graph\">{\"@context\":\"https:\\\/\\\/schema.org\",\"@graph\":[{\"@type\":\"WebPage\",\"@id\":\"https:\\\/\\\/shanabooks.de\\\/product\\\/girava-gencineye-r-l-stevenson\\\/\",\"url\":\"https:\\\/\\\/shanabooks.de\\\/product\\\/girava-gencineye-r-l-stevenson\\\/\",\"name\":\"Girava Genc\u00eeney\u00ea - R.L. Stevenson - www.shanabooks.de\",\"isPartOf\":{\"@id\":\"https:\\\/\\\/shanabooks.de\\\/#website\"},\"primaryImageOfPage\":{\"@id\":\"https:\\\/\\\/shanabooks.de\\\/product\\\/girava-gencineye-r-l-stevenson\\\/#primaryimage\"},\"image\":{\"@id\":\"https:\\\/\\\/shanabooks.de\\\/product\\\/girava-gencineye-r-l-stevenson\\\/#primaryimage\"},\"thumbnailUrl\":\"https:\\\/\\\/shanabooks.de\\\/wp-content\\\/uploads\\\/2024\\\/01\\\/Girava-Gencineye.png\",\"datePublished\":\"2024-03-03T19:51:51+00:00\",\"dateModified\":\"2024-03-06T13:50:35+00:00\",\"description\":\"Girava Genc\u00eeney\u00ea - R.L. Stevenson \u00cengilistana sedsala 18. Xaneke bi nav\u00ea Xana Am\u00eeral Benbow a li ser piy\u00ea perava ba\u015f\u00fbr\u00ea \u00cengilistan\u00ea. Jim Hawkins\u00ea xortik ...\",\"breadcrumb\":{\"@id\":\"https:\\\/\\\/shanabooks.de\\\/product\\\/girava-gencineye-r-l-stevenson\\\/#breadcrumb\"},\"inLanguage\":\"de\",\"potentialAction\":[{\"@type\":\"ReadAction\",\"target\":[\"https:\\\/\\\/shanabooks.de\\\/product\\\/girava-gencineye-r-l-stevenson\\\/\"]}]},{\"@type\":\"ImageObject\",\"inLanguage\":\"de\",\"@id\":\"https:\\\/\\\/shanabooks.de\\\/product\\\/girava-gencineye-r-l-stevenson\\\/#primaryimage\",\"url\":\"https:\\\/\\\/shanabooks.de\\\/wp-content\\\/uploads\\\/2024\\\/01\\\/Girava-Gencineye.png\",\"contentUrl\":\"https:\\\/\\\/shanabooks.de\\\/wp-content\\\/uploads\\\/2024\\\/01\\\/Girava-Gencineye.png\",\"width\":320,\"height\":476,\"caption\":\"Girava Genc\u00eeney\u00ea - R. L. Stevenson - pirt\u00fbk\u00ean kurd\u00ee\"},{\"@type\":\"BreadcrumbList\",\"@id\":\"https:\\\/\\\/shanabooks.de\\\/product\\\/girava-gencineye-r-l-stevenson\\\/#breadcrumb\",\"itemListElement\":[{\"@type\":\"ListItem\",\"position\":1,\"name\":\"\u0627\u0644\u0631\u0626\u064a\u0633\u064a\u0629\",\"item\":\"https:\\\/\\\/shanabooks.de\\\/de\\\/\"},{\"@type\":\"ListItem\",\"position\":2,\"name\":\"\u0627\u0644\u0645\u0646\u062a\u062c\u0627\u062a\",\"item\":\"https:\\\/\\\/shanabooks.de\\\/shop\\\/\"},{\"@type\":\"ListItem\",\"position\":3,\"name\":\"Girava Genc\u00eeney\u00ea\"}]},{\"@type\":\"WebSite\",\"@id\":\"https:\\\/\\\/shanabooks.de\\\/#website\",\"url\":\"https:\\\/\\\/shanabooks.de\\\/\",\"name\":\"www.shanbooks.de\",\"description\":\"C\u00eehana Pirt\u00fbk\u00ean Kurd\u00ee \u0645\u0643\u062a\u0628\u0629 \u0634\u0627\u0646\u0627 \u0641\u064a \u0627\u0644\u0645\u0627\u0646\u064a\u0627 \u0648\u0623\u0648\u0631\u0628\u0627\",\"publisher\":{\"@id\":\"https:\\\/\\\/shanabooks.de\\\/#organization\"},\"potentialAction\":[{\"@type\":\"SearchAction\",\"target\":{\"@type\":\"EntryPoint\",\"urlTemplate\":\"https:\\\/\\\/shanabooks.de\\\/?s={search_term_string}\"},\"query-input\":{\"@type\":\"PropertyValueSpecification\",\"valueRequired\":true,\"valueName\":\"search_term_string\"}}],\"inLanguage\":\"de\"},{\"@type\":\"Organization\",\"@id\":\"https:\\\/\\\/shanabooks.de\\\/#organization\",\"name\":\"www.shanbooks.de\",\"url\":\"https:\\\/\\\/shanabooks.de\\\/\",\"logo\":{\"@type\":\"ImageObject\",\"inLanguage\":\"de\",\"@id\":\"https:\\\/\\\/shanabooks.de\\\/#\\\/schema\\\/logo\\\/image\\\/\",\"url\":\"https:\\\/\\\/shanabooks.de\\\/wp-content\\\/uploads\\\/2024\\\/03\\\/SHANABOOKS__2_-removebg-preview.png\",\"contentUrl\":\"https:\\\/\\\/shanabooks.de\\\/wp-content\\\/uploads\\\/2024\\\/03\\\/SHANABOOKS__2_-removebg-preview.png\",\"width\":700,\"height\":150,\"caption\":\"www.shanbooks.de\"},\"image\":{\"@id\":\"https:\\\/\\\/shanabooks.de\\\/#\\\/schema\\\/logo\\\/image\\\/\"}}]}<\/script>\n<!-- \/ Yoast SEO plugin. -->","yoast_head_json":{"title":"Girava Genc\u00eeney\u00ea - R.L. Stevenson - www.shanabooks.de","description":"Girava Genc\u00eeney\u00ea - R.L. Stevenson \u00cengilistana sedsala 18. Xaneke bi nav\u00ea Xana Am\u00eeral Benbow a li ser piy\u00ea perava ba\u015f\u00fbr\u00ea \u00cengilistan\u00ea. Jim Hawkins\u00ea xortik ...","robots":{"index":"index","follow":"follow","max-snippet":"max-snippet:-1","max-image-preview":"max-image-preview:large","max-video-preview":"max-video-preview:-1"},"canonical":"https:\/\/shanabooks.de\/product\/girava-gencineye-r-l-stevenson\/","og_locale":"de_DE","og_type":"article","og_title":"Girava Genc\u00eeney\u00ea - R.L. Stevenson - www.shanabooks.de","og_description":"Girava Genc\u00eeney\u00ea - R.L. Stevenson \u00cengilistana sedsala 18. Xaneke bi nav\u00ea Xana Am\u00eeral Benbow a li ser piy\u00ea perava ba\u015f\u00fbr\u00ea \u00cengilistan\u00ea. Jim Hawkins\u00ea xortik ...","og_url":"https:\/\/shanabooks.de\/product\/girava-gencineye-r-l-stevenson\/","og_site_name":"www.shanabooks.de","article_modified_time":"2024-03-06T13:50:35+00:00","og_image":[{"width":320,"height":476,"url":"https:\/\/shanabooks.de\/wp-content\/uploads\/2024\/01\/Girava-Gencineye.png","type":"image\/png"}],"twitter_card":"summary_large_image","twitter_misc":{"Gesch\u00e4tzte Lesezeit":"3\u00a0Minuten"},"schema":{"@context":"https:\/\/schema.org","@graph":[{"@type":"WebPage","@id":"https:\/\/shanabooks.de\/product\/girava-gencineye-r-l-stevenson\/","url":"https:\/\/shanabooks.de\/product\/girava-gencineye-r-l-stevenson\/","name":"Girava Genc\u00eeney\u00ea - R.L. Stevenson - www.shanabooks.de","isPartOf":{"@id":"https:\/\/shanabooks.de\/#website"},"primaryImageOfPage":{"@id":"https:\/\/shanabooks.de\/product\/girava-gencineye-r-l-stevenson\/#primaryimage"},"image":{"@id":"https:\/\/shanabooks.de\/product\/girava-gencineye-r-l-stevenson\/#primaryimage"},"thumbnailUrl":"https:\/\/shanabooks.de\/wp-content\/uploads\/2024\/01\/Girava-Gencineye.png","datePublished":"2024-03-03T19:51:51+00:00","dateModified":"2024-03-06T13:50:35+00:00","description":"Girava Genc\u00eeney\u00ea - R.L. Stevenson \u00cengilistana sedsala 18. Xaneke bi nav\u00ea Xana Am\u00eeral Benbow a li ser piy\u00ea perava ba\u015f\u00fbr\u00ea \u00cengilistan\u00ea. Jim Hawkins\u00ea xortik ...","breadcrumb":{"@id":"https:\/\/shanabooks.de\/product\/girava-gencineye-r-l-stevenson\/#breadcrumb"},"inLanguage":"de","potentialAction":[{"@type":"ReadAction","target":["https:\/\/shanabooks.de\/product\/girava-gencineye-r-l-stevenson\/"]}]},{"@type":"ImageObject","inLanguage":"de","@id":"https:\/\/shanabooks.de\/product\/girava-gencineye-r-l-stevenson\/#primaryimage","url":"https:\/\/shanabooks.de\/wp-content\/uploads\/2024\/01\/Girava-Gencineye.png","contentUrl":"https:\/\/shanabooks.de\/wp-content\/uploads\/2024\/01\/Girava-Gencineye.png","width":320,"height":476,"caption":"Girava Genc\u00eeney\u00ea - R. L. Stevenson - pirt\u00fbk\u00ean kurd\u00ee"},{"@type":"BreadcrumbList","@id":"https:\/\/shanabooks.de\/product\/girava-gencineye-r-l-stevenson\/#breadcrumb","itemListElement":[{"@type":"ListItem","position":1,"name":"\u0627\u0644\u0631\u0626\u064a\u0633\u064a\u0629","item":"https:\/\/shanabooks.de\/de\/"},{"@type":"ListItem","position":2,"name":"\u0627\u0644\u0645\u0646\u062a\u062c\u0627\u062a","item":"https:\/\/shanabooks.de\/shop\/"},{"@type":"ListItem","position":3,"name":"Girava Genc\u00eeney\u00ea"}]},{"@type":"WebSite","@id":"https:\/\/shanabooks.de\/#website","url":"https:\/\/shanabooks.de\/","name":"www.shanbooks.de","description":"C\u00eehana Pirt\u00fbk\u00ean Kurd\u00ee \u0645\u0643\u062a\u0628\u0629 \u0634\u0627\u0646\u0627 \u0641\u064a \u0627\u0644\u0645\u0627\u0646\u064a\u0627 \u0648\u0623\u0648\u0631\u0628\u0627","publisher":{"@id":"https:\/\/shanabooks.de\/#organization"},"potentialAction":[{"@type":"SearchAction","target":{"@type":"EntryPoint","urlTemplate":"https:\/\/shanabooks.de\/?s={search_term_string}"},"query-input":{"@type":"PropertyValueSpecification","valueRequired":true,"valueName":"search_term_string"}}],"inLanguage":"de"},{"@type":"Organization","@id":"https:\/\/shanabooks.de\/#organization","name":"www.shanbooks.de","url":"https:\/\/shanabooks.de\/","logo":{"@type":"ImageObject","inLanguage":"de","@id":"https:\/\/shanabooks.de\/#\/schema\/logo\/image\/","url":"https:\/\/shanabooks.de\/wp-content\/uploads\/2024\/03\/SHANABOOKS__2_-removebg-preview.png","contentUrl":"https:\/\/shanabooks.de\/wp-content\/uploads\/2024\/03\/SHANABOOKS__2_-removebg-preview.png","width":700,"height":150,"caption":"www.shanbooks.de"},"image":{"@id":"https:\/\/shanabooks.de\/#\/schema\/logo\/image\/"}}]}},"jetpack_sharing_enabled":true,"_links":{"self":[{"href":"https:\/\/shanabooks.de\/de\/wp-json\/wp\/v2\/product\/13589","targetHints":{"allow":["GET"]}}],"collection":[{"href":"https:\/\/shanabooks.de\/de\/wp-json\/wp\/v2\/product"}],"about":[{"href":"https:\/\/shanabooks.de\/de\/wp-json\/wp\/v2\/types\/product"}],"version-history":[{"count":3,"href":"https:\/\/shanabooks.de\/de\/wp-json\/wp\/v2\/product\/13589\/revisions"}],"predecessor-version":[{"id":13935,"href":"https:\/\/shanabooks.de\/de\/wp-json\/wp\/v2\/product\/13589\/revisions\/13935"}],"wp:featuredmedia":[{"embeddable":true,"href":"https:\/\/shanabooks.de\/de\/wp-json\/wp\/v2\/media\/6565"}],"wp:attachment":[{"href":"https:\/\/shanabooks.de\/de\/wp-json\/wp\/v2\/media?parent=13589"}],"wp:term":[{"taxonomy":"product_brand","embeddable":true,"href":"https:\/\/shanabooks.de\/de\/wp-json\/wp\/v2\/product_brand?post=13589"},{"taxonomy":"product_cat","embeddable":true,"href":"https:\/\/shanabooks.de\/de\/wp-json\/wp\/v2\/product_cat?post=13589"},{"taxonomy":"product_tag","embeddable":true,"href":"https:\/\/shanabooks.de\/de\/wp-json\/wp\/v2\/product_tag?post=13589"}],"curies":[{"name":"wp","href":"https:\/\/api.w.org\/{rel}","templated":true}]}}