{"id":13602,"date":"2024-03-03T19:51:52","date_gmt":"2024-03-03T19:51:52","guid":{"rendered":"https:\/\/shanabooks.de\/?post_type=product&#038;p=13602"},"modified":"2024-04-21T09:23:38","modified_gmt":"2024-04-21T09:23:38","slug":"seta-rengin-ayise-kilican","status":"publish","type":"product","link":"https:\/\/shanabooks.de\/de\/product\/seta-rengin-ayise-kilican\/","title":{"rendered":"Seta Reng\u00een"},"content":{"rendered":"<p style=\"text-align: left;\"><b>\u00a0 Seta Reng\u00een &#8211; Ayi\u015fe Kili\u00e7an<\/b><\/p>\n<p style=\"text-align: left;\"><b>\u00a0<\/b>(ji bo 3-5 sal\u00ee)<\/p>\n<p style=\"text-align: left;\">H\u00eenkirina rengan:\u00a0Ev pirt\u00fbk ji 16\u00a0\u00a0r\u00fbpelan p\u00eak t\u00ea \u00fb bi al\u00eekariya reng\u00ean xwezay\u00ea zarok\u00a0\u00a0perwerde dibin.<\/p>\n<p style=\"text-align: left;\">H\u00eenkirina te\u015feyan:Ev pirt\u00fbk ji 16\u00a0\u00a0r\u00fbpelan p\u00eak t\u00ea \u00fb bi al\u00eekariya te\u015feyan\u00a0\u00a0zarok \u015fikl\u00ean der \u00fb dora nas dikin.<\/p>\n<p style=\"text-align: left;\">H\u00eenkirina hejmaran:Ev pirt\u00fbk ji 32\u00a0\u00a0r\u00fbpelan p\u00eak t\u00ea \u00fb bi al\u00eekariya \u00e7alakiyan zarok jimaran h\u00een\u00a0\u00a0dibin.<\/p>\n<p style=\"text-align: left;\">H\u00eenkirina t\u00eagihan:Ev pirt\u00fbk ji 16\u00a0\u00a0r\u00fbpelan p\u00eak t\u00ea \u00fb bi saya v\u00ea pirt\u00fbk\u00ea zarok t\u00eagih\u00ean m\u00eena; mezin-bi\u00e7\u00fbk, hindik-pir, qir\u00eaj-paqij, d\u00fbr-n\u00eaz, dir\u00eaj-kin, vekir\u00ee-girt\u00ee, tiije-vala, st\u00fbr-zirav h\u00een dibin<\/p>\n","protected":false},"excerpt":{"rendered":"<p style=\"text-align: center;\"><strong>Pirt\u00fbk: Seta Reng\u00een<br \/>\nNiv\u00eeskar: <b>Ayi\u015fe Kili\u00e7an<\/b><br \/>\nCure: zarok<\/strong><\/p>\n","protected":false},"featured_media":6601,"template":"","meta":{"site-sidebar-layout":"default","site-content-layout":"","ast-site-content-layout":"default","site-content-style":"default","site-sidebar-style":"default","ast-global-header-display":"","ast-banner-title-visibility":"","ast-main-header-display":"","ast-hfb-above-header-display":"","ast-hfb-below-header-display":"","ast-hfb-mobile-header-display":"","site-post-title":"","ast-breadcrumbs-content":"","ast-featured-img":"","footer-sml-layout":"","ast-disable-related-posts":"","theme-transparent-header-meta":"default","adv-header-id-meta":"","stick-header-meta":"","header-above-stick-meta":"","header-main-stick-meta":"","header-below-stick-meta":"","astra-migrate-meta-layouts":"set","ast-page-background-enabled":"default","ast-page-background-meta":{"desktop":{"background-color":"","background-image":"","background-repeat":"repeat","background-position":"center center","background-size":"auto","background-attachment":"scroll","background-type":"","background-media":"","overlay-type":"","overlay-color":"","overlay-opacity":"","overlay-gradient":""},"tablet":{"background-color":"","background-image":"","background-repeat":"repeat","background-position":"center center","background-size":"auto","background-attachment":"scroll","background-type":"","background-media":"","overlay-type":"","overlay-color":"","overlay-opacity":"","overlay-gradient":""},"mobile":{"background-color":"","background-image":"","background-repeat":"repeat","background-position":"center center","background-size":"auto","background-attachment":"scroll","background-type":"","background-media":"","overlay-type":"","overlay-color":"","overlay-opacity":"","overlay-gradient":""}},"ast-content-background-meta":{"desktop":{"background-color":"var(--ast-global-color-5)","background-image":"","background-repeat":"repeat","background-position":"center center","background-size":"auto","background-attachment":"scroll","background-type":"","background-media":"","overlay-type":"","overlay-color":"","overlay-opacity":"","overlay-gradient":""},"tablet":{"background-color":"var(--ast-global-color-5)","background-image":"","background-repeat":"repeat","background-position":"center center","background-size":"auto","background-attachment":"scroll","background-type":"","background-media":"","overlay-type":"","overlay-color":"","overlay-opacity":"","overlay-gradient":""},"mobile":{"background-color":"var(--ast-global-color-5)","background-image":"","background-repeat":"repeat","background-position":"center center","background-size":"auto","background-attachment":"scroll","background-type":"","background-media":"","overlay-type":"","overlay-color":"","overlay-opacity":"","overlay-gradient":""}}},"product_brand":[],"product_cat":[194,193],"product_tag":[],"class_list":{"0":"post-13602","1":"product","2":"type-product","3":"status-publish","4":"has-post-thumbnail","6":"product_cat--_","8":"pa_-zarok","9":"pa_-ayise-kilican","10":"pa_-kurmanci","11":"pa_--hiva-yayinlari","12":"desktop-align-left","13":"tablet-align-left","14":"mobile-align-left","16":"first","17":"instock","18":"shipping-taxable","19":"purchasable","20":"product-type-simple"},"yoast_head":"<!-- This site is optimized with the Yoast SEO plugin v27.4 - https:\/\/yoast.com\/product\/yoast-seo-wordpress\/ -->\n<title>\u00a0 Seta Reng\u00een - Ayi\u015fe Kili\u00e7an - www.shanabooks.de<\/title>\n<meta name=\"description\" content=\"Seta Reng\u00een - Ayi\u015fe Kili\u00e7an\u00a0(ji bo 3-5 sal\u00ee) 1. H\u00eenkirina rengan 2. H\u00eenkirina te\u015feyan 3. H\u00eenkirina hejmaran 4. H\u00eenkirina t\u00eagihan. her pirt\u00fbkek ji 16 r\u00fbp...\" \/>\n<meta name=\"robots\" content=\"index, follow, max-snippet:-1, max-image-preview:large, max-video-preview:-1\" \/>\n<link rel=\"canonical\" href=\"https:\/\/shanabooks.de\/product\/seta-rengin-ayise-kilican\/\" \/>\n<meta property=\"og:locale\" content=\"de_DE\" \/>\n<meta property=\"og:type\" content=\"article\" \/>\n<meta property=\"og:title\" content=\"\u00a0 Seta Reng\u00een - Ayi\u015fe Kili\u00e7an - www.shanabooks.de\" \/>\n<meta property=\"og:description\" content=\"Seta Reng\u00een - Ayi\u015fe Kili\u00e7an\u00a0(ji bo 3-5 sal\u00ee) 1. H\u00eenkirina rengan 2. H\u00eenkirina te\u015feyan 3. H\u00eenkirina hejmaran 4. H\u00eenkirina t\u00eagihan. her pirt\u00fbkek ji 16 r\u00fbp...\" \/>\n<meta property=\"og:url\" content=\"https:\/\/shanabooks.de\/product\/seta-rengin-ayise-kilican\/\" \/>\n<meta property=\"og:site_name\" content=\"www.shanabooks.de\" \/>\n<meta property=\"article:modified_time\" content=\"2024-04-21T09:23:38+00:00\" \/>\n<meta property=\"og:image\" content=\"https:\/\/shanabooks.de\/wp-content\/uploads\/2024\/01\/Rengin-1-Hiva.png\" \/>\n\t<meta property=\"og:image:width\" content=\"462\" \/>\n\t<meta property=\"og:image:height\" content=\"458\" \/>\n\t<meta property=\"og:image:type\" content=\"image\/png\" \/>\n<meta name=\"twitter:card\" content=\"summary_large_image\" \/>\n<meta name=\"twitter:label1\" content=\"Gesch\u00e4tzte Lesezeit\" \/>\n\t<meta name=\"twitter:data1\" content=\"1\u00a0Minute\" \/>\n<script type=\"application\/ld+json\" class=\"yoast-schema-graph\">{\"@context\":\"https:\\\/\\\/schema.org\",\"@graph\":[{\"@type\":\"WebPage\",\"@id\":\"https:\\\/\\\/shanabooks.de\\\/product\\\/seta-rengin-ayise-kilican\\\/\",\"url\":\"https:\\\/\\\/shanabooks.de\\\/product\\\/seta-rengin-ayise-kilican\\\/\",\"name\":\"\u00a0 Seta Reng\u00een - Ayi\u015fe Kili\u00e7an - www.shanabooks.de\",\"isPartOf\":{\"@id\":\"https:\\\/\\\/shanabooks.de\\\/#website\"},\"primaryImageOfPage\":{\"@id\":\"https:\\\/\\\/shanabooks.de\\\/product\\\/seta-rengin-ayise-kilican\\\/#primaryimage\"},\"image\":{\"@id\":\"https:\\\/\\\/shanabooks.de\\\/product\\\/seta-rengin-ayise-kilican\\\/#primaryimage\"},\"thumbnailUrl\":\"https:\\\/\\\/shanabooks.de\\\/wp-content\\\/uploads\\\/2024\\\/01\\\/Rengin-1-Hiva.png\",\"datePublished\":\"2024-03-03T19:51:52+00:00\",\"dateModified\":\"2024-04-21T09:23:38+00:00\",\"description\":\"Seta Reng\u00een - Ayi\u015fe Kili\u00e7an\u00a0(ji bo 3-5 sal\u00ee) 1. H\u00eenkirina rengan 2. H\u00eenkirina te\u015feyan 3. H\u00eenkirina hejmaran 4. H\u00eenkirina t\u00eagihan. her pirt\u00fbkek ji 16 r\u00fbp...\",\"breadcrumb\":{\"@id\":\"https:\\\/\\\/shanabooks.de\\\/product\\\/seta-rengin-ayise-kilican\\\/#breadcrumb\"},\"inLanguage\":\"de\",\"potentialAction\":[{\"@type\":\"ReadAction\",\"target\":[\"https:\\\/\\\/shanabooks.de\\\/product\\\/seta-rengin-ayise-kilican\\\/\"]}]},{\"@type\":\"ImageObject\",\"inLanguage\":\"de\",\"@id\":\"https:\\\/\\\/shanabooks.de\\\/product\\\/seta-rengin-ayise-kilican\\\/#primaryimage\",\"url\":\"https:\\\/\\\/shanabooks.de\\\/wp-content\\\/uploads\\\/2024\\\/01\\\/Rengin-1-Hiva.png\",\"contentUrl\":\"https:\\\/\\\/shanabooks.de\\\/wp-content\\\/uploads\\\/2024\\\/01\\\/Rengin-1-Hiva.png\",\"width\":462,\"height\":458,\"caption\":\"\u00a0 Seta Reng\u00een - Ayi\u015fe Kili\u00e7an - pirt\u00fbk\u00ean kurd\u00ee - zarok\"},{\"@type\":\"BreadcrumbList\",\"@id\":\"https:\\\/\\\/shanabooks.de\\\/product\\\/seta-rengin-ayise-kilican\\\/#breadcrumb\",\"itemListElement\":[{\"@type\":\"ListItem\",\"position\":1,\"name\":\"\u0627\u0644\u0631\u0626\u064a\u0633\u064a\u0629\",\"item\":\"https:\\\/\\\/shanabooks.de\\\/de\\\/\"},{\"@type\":\"ListItem\",\"position\":2,\"name\":\"\u0627\u0644\u0645\u0646\u062a\u062c\u0627\u062a\",\"item\":\"https:\\\/\\\/shanabooks.de\\\/shop\\\/\"},{\"@type\":\"ListItem\",\"position\":3,\"name\":\"Seta Reng\u00een\"}]},{\"@type\":\"WebSite\",\"@id\":\"https:\\\/\\\/shanabooks.de\\\/#website\",\"url\":\"https:\\\/\\\/shanabooks.de\\\/\",\"name\":\"www.shanbooks.de\",\"description\":\"C\u00eehana Pirt\u00fbk\u00ean Kurd\u00ee \u0645\u0643\u062a\u0628\u0629 \u0634\u0627\u0646\u0627 \u0641\u064a \u0627\u0644\u0645\u0627\u0646\u064a\u0627 \u0648\u0623\u0648\u0631\u0628\u0627\",\"publisher\":{\"@id\":\"https:\\\/\\\/shanabooks.de\\\/#organization\"},\"potentialAction\":[{\"@type\":\"SearchAction\",\"target\":{\"@type\":\"EntryPoint\",\"urlTemplate\":\"https:\\\/\\\/shanabooks.de\\\/?s={search_term_string}\"},\"query-input\":{\"@type\":\"PropertyValueSpecification\",\"valueRequired\":true,\"valueName\":\"search_term_string\"}}],\"inLanguage\":\"de\"},{\"@type\":\"Organization\",\"@id\":\"https:\\\/\\\/shanabooks.de\\\/#organization\",\"name\":\"www.shanbooks.de\",\"url\":\"https:\\\/\\\/shanabooks.de\\\/\",\"logo\":{\"@type\":\"ImageObject\",\"inLanguage\":\"de\",\"@id\":\"https:\\\/\\\/shanabooks.de\\\/#\\\/schema\\\/logo\\\/image\\\/\",\"url\":\"https:\\\/\\\/shanabooks.de\\\/wp-content\\\/uploads\\\/2024\\\/03\\\/SHANABOOKS__2_-removebg-preview.png\",\"contentUrl\":\"https:\\\/\\\/shanabooks.de\\\/wp-content\\\/uploads\\\/2024\\\/03\\\/SHANABOOKS__2_-removebg-preview.png\",\"width\":700,\"height\":150,\"caption\":\"www.shanbooks.de\"},\"image\":{\"@id\":\"https:\\\/\\\/shanabooks.de\\\/#\\\/schema\\\/logo\\\/image\\\/\"}}]}<\/script>\n<!-- \/ Yoast SEO plugin. -->","yoast_head_json":{"title":"\u00a0 Seta Reng\u00een - Ayi\u015fe Kili\u00e7an - www.shanabooks.de","description":"Seta Reng\u00een - Ayi\u015fe Kili\u00e7an\u00a0(ji bo 3-5 sal\u00ee) 1. H\u00eenkirina rengan 2. H\u00eenkirina te\u015feyan 3. H\u00eenkirina hejmaran 4. H\u00eenkirina t\u00eagihan. her pirt\u00fbkek ji 16 r\u00fbp...","robots":{"index":"index","follow":"follow","max-snippet":"max-snippet:-1","max-image-preview":"max-image-preview:large","max-video-preview":"max-video-preview:-1"},"canonical":"https:\/\/shanabooks.de\/product\/seta-rengin-ayise-kilican\/","og_locale":"de_DE","og_type":"article","og_title":"\u00a0 Seta Reng\u00een - Ayi\u015fe Kili\u00e7an - www.shanabooks.de","og_description":"Seta Reng\u00een - Ayi\u015fe Kili\u00e7an\u00a0(ji bo 3-5 sal\u00ee) 1. H\u00eenkirina rengan 2. H\u00eenkirina te\u015feyan 3. H\u00eenkirina hejmaran 4. H\u00eenkirina t\u00eagihan. her pirt\u00fbkek ji 16 r\u00fbp...","og_url":"https:\/\/shanabooks.de\/product\/seta-rengin-ayise-kilican\/","og_site_name":"www.shanabooks.de","article_modified_time":"2024-04-21T09:23:38+00:00","og_image":[{"width":462,"height":458,"url":"https:\/\/shanabooks.de\/wp-content\/uploads\/2024\/01\/Rengin-1-Hiva.png","type":"image\/png"}],"twitter_card":"summary_large_image","twitter_misc":{"Gesch\u00e4tzte Lesezeit":"1\u00a0Minute"},"schema":{"@context":"https:\/\/schema.org","@graph":[{"@type":"WebPage","@id":"https:\/\/shanabooks.de\/product\/seta-rengin-ayise-kilican\/","url":"https:\/\/shanabooks.de\/product\/seta-rengin-ayise-kilican\/","name":"\u00a0 Seta Reng\u00een - Ayi\u015fe Kili\u00e7an - www.shanabooks.de","isPartOf":{"@id":"https:\/\/shanabooks.de\/#website"},"primaryImageOfPage":{"@id":"https:\/\/shanabooks.de\/product\/seta-rengin-ayise-kilican\/#primaryimage"},"image":{"@id":"https:\/\/shanabooks.de\/product\/seta-rengin-ayise-kilican\/#primaryimage"},"thumbnailUrl":"https:\/\/shanabooks.de\/wp-content\/uploads\/2024\/01\/Rengin-1-Hiva.png","datePublished":"2024-03-03T19:51:52+00:00","dateModified":"2024-04-21T09:23:38+00:00","description":"Seta Reng\u00een - Ayi\u015fe Kili\u00e7an\u00a0(ji bo 3-5 sal\u00ee) 1. H\u00eenkirina rengan 2. H\u00eenkirina te\u015feyan 3. H\u00eenkirina hejmaran 4. H\u00eenkirina t\u00eagihan. her pirt\u00fbkek ji 16 r\u00fbp...","breadcrumb":{"@id":"https:\/\/shanabooks.de\/product\/seta-rengin-ayise-kilican\/#breadcrumb"},"inLanguage":"de","potentialAction":[{"@type":"ReadAction","target":["https:\/\/shanabooks.de\/product\/seta-rengin-ayise-kilican\/"]}]},{"@type":"ImageObject","inLanguage":"de","@id":"https:\/\/shanabooks.de\/product\/seta-rengin-ayise-kilican\/#primaryimage","url":"https:\/\/shanabooks.de\/wp-content\/uploads\/2024\/01\/Rengin-1-Hiva.png","contentUrl":"https:\/\/shanabooks.de\/wp-content\/uploads\/2024\/01\/Rengin-1-Hiva.png","width":462,"height":458,"caption":"\u00a0 Seta Reng\u00een - Ayi\u015fe Kili\u00e7an - pirt\u00fbk\u00ean kurd\u00ee - zarok"},{"@type":"BreadcrumbList","@id":"https:\/\/shanabooks.de\/product\/seta-rengin-ayise-kilican\/#breadcrumb","itemListElement":[{"@type":"ListItem","position":1,"name":"\u0627\u0644\u0631\u0626\u064a\u0633\u064a\u0629","item":"https:\/\/shanabooks.de\/de\/"},{"@type":"ListItem","position":2,"name":"\u0627\u0644\u0645\u0646\u062a\u062c\u0627\u062a","item":"https:\/\/shanabooks.de\/shop\/"},{"@type":"ListItem","position":3,"name":"Seta Reng\u00een"}]},{"@type":"WebSite","@id":"https:\/\/shanabooks.de\/#website","url":"https:\/\/shanabooks.de\/","name":"www.shanbooks.de","description":"C\u00eehana Pirt\u00fbk\u00ean Kurd\u00ee \u0645\u0643\u062a\u0628\u0629 \u0634\u0627\u0646\u0627 \u0641\u064a \u0627\u0644\u0645\u0627\u0646\u064a\u0627 \u0648\u0623\u0648\u0631\u0628\u0627","publisher":{"@id":"https:\/\/shanabooks.de\/#organization"},"potentialAction":[{"@type":"SearchAction","target":{"@type":"EntryPoint","urlTemplate":"https:\/\/shanabooks.de\/?s={search_term_string}"},"query-input":{"@type":"PropertyValueSpecification","valueRequired":true,"valueName":"search_term_string"}}],"inLanguage":"de"},{"@type":"Organization","@id":"https:\/\/shanabooks.de\/#organization","name":"www.shanbooks.de","url":"https:\/\/shanabooks.de\/","logo":{"@type":"ImageObject","inLanguage":"de","@id":"https:\/\/shanabooks.de\/#\/schema\/logo\/image\/","url":"https:\/\/shanabooks.de\/wp-content\/uploads\/2024\/03\/SHANABOOKS__2_-removebg-preview.png","contentUrl":"https:\/\/shanabooks.de\/wp-content\/uploads\/2024\/03\/SHANABOOKS__2_-removebg-preview.png","width":700,"height":150,"caption":"www.shanbooks.de"},"image":{"@id":"https:\/\/shanabooks.de\/#\/schema\/logo\/image\/"}}]}},"jetpack_sharing_enabled":true,"_links":{"self":[{"href":"https:\/\/shanabooks.de\/de\/wp-json\/wp\/v2\/product\/13602","targetHints":{"allow":["GET"]}}],"collection":[{"href":"https:\/\/shanabooks.de\/de\/wp-json\/wp\/v2\/product"}],"about":[{"href":"https:\/\/shanabooks.de\/de\/wp-json\/wp\/v2\/types\/product"}],"version-history":[{"count":2,"href":"https:\/\/shanabooks.de\/de\/wp-json\/wp\/v2\/product\/13602\/revisions"}],"predecessor-version":[{"id":24619,"href":"https:\/\/shanabooks.de\/de\/wp-json\/wp\/v2\/product\/13602\/revisions\/24619"}],"wp:featuredmedia":[{"embeddable":true,"href":"https:\/\/shanabooks.de\/de\/wp-json\/wp\/v2\/media\/6601"}],"wp:attachment":[{"href":"https:\/\/shanabooks.de\/de\/wp-json\/wp\/v2\/media?parent=13602"}],"wp:term":[{"taxonomy":"product_brand","embeddable":true,"href":"https:\/\/shanabooks.de\/de\/wp-json\/wp\/v2\/product_brand?post=13602"},{"taxonomy":"product_cat","embeddable":true,"href":"https:\/\/shanabooks.de\/de\/wp-json\/wp\/v2\/product_cat?post=13602"},{"taxonomy":"product_tag","embeddable":true,"href":"https:\/\/shanabooks.de\/de\/wp-json\/wp\/v2\/product_tag?post=13602"}],"curies":[{"name":"wp","href":"https:\/\/api.w.org\/{rel}","templated":true}]}}