{"id":13604,"date":"2024-03-03T19:51:52","date_gmt":"2024-03-03T19:51:52","guid":{"rendered":"https:\/\/shanabooks.de\/?post_type=product&#038;p=13604"},"modified":"2024-04-21T09:35:28","modified_gmt":"2024-04-21T09:35:28","slug":"rodi-mehmud-nesite","status":"publish","type":"product","link":"https:\/\/shanabooks.de\/de\/product\/rodi-mehmud-nesite\/","title":{"rendered":"Rod\u00ee"},"content":{"rendered":"<p style=\"text-align: left;\"><strong>Rod\u00ee &#8211; Mehm\u00fbd N\u00ea\u015f\u00eete<\/strong><\/p>\n<p style=\"text-align: left;\">\u201cH\u00eekayeya Kitab\u00ea Rod\u00ee seba qe\u00e7ekan\u00ea 4-5-6 serr\u00ee amede b\u00eeyo. Qehreman\u00ea na h\u00eekayey\u00ee Rod\u00ee z\u00ee xo ra 5-6 serre yo. Keyey\u00ea Rod\u00ee keyey\u00eako burjuway\u00ea qe\u00e7ek o. Mutewaz\u00ee yew keye yo. P\u00eey\u00ea Rod\u00ee memur\u00eako \u015fenik o. Maya Rod\u00ee n\u00eaxebet\u00eeyena, kar \u00fb gurey\u00ea keyey\u00ee kena. Yew kek\u00ea Rod\u00ee yew z\u00ee waka Rod\u00ee esta. No kitab sey format\u00eak\u00ea set\u00ee amade b\u00eeyo. Kitab bi armanc\u00ea materyal\u00eako wendi\u015f\u00ee amade b\u00eeyo.<\/p>\n","protected":false},"excerpt":{"rendered":"<p style=\"text-align: center;\"><strong>Pirt\u00fbk: Rod\u00ee<br \/>\nNiv\u00eeskar: Mehm\u00fbd N\u00ea\u015f\u00eete<br \/>\nCure: Zarok<\/strong><\/p>\n","protected":false},"featured_media":6613,"template":"","meta":{"site-sidebar-layout":"default","site-content-layout":"","ast-site-content-layout":"default","site-content-style":"default","site-sidebar-style":"default","ast-global-header-display":"","ast-banner-title-visibility":"","ast-main-header-display":"","ast-hfb-above-header-display":"","ast-hfb-below-header-display":"","ast-hfb-mobile-header-display":"","site-post-title":"","ast-breadcrumbs-content":"","ast-featured-img":"","footer-sml-layout":"","ast-disable-related-posts":"","theme-transparent-header-meta":"default","adv-header-id-meta":"","stick-header-meta":"","header-above-stick-meta":"","header-main-stick-meta":"","header-below-stick-meta":"","astra-migrate-meta-layouts":"set","ast-page-background-enabled":"default","ast-page-background-meta":{"desktop":{"background-color":"","background-image":"","background-repeat":"repeat","background-position":"center center","background-size":"auto","background-attachment":"scroll","background-type":"","background-media":"","overlay-type":"","overlay-color":"","overlay-opacity":"","overlay-gradient":""},"tablet":{"background-color":"","background-image":"","background-repeat":"repeat","background-position":"center center","background-size":"auto","background-attachment":"scroll","background-type":"","background-media":"","overlay-type":"","overlay-color":"","overlay-opacity":"","overlay-gradient":""},"mobile":{"background-color":"","background-image":"","background-repeat":"repeat","background-position":"center center","background-size":"auto","background-attachment":"scroll","background-type":"","background-media":"","overlay-type":"","overlay-color":"","overlay-opacity":"","overlay-gradient":""}},"ast-content-background-meta":{"desktop":{"background-color":"var(--ast-global-color-5)","background-image":"","background-repeat":"repeat","background-position":"center center","background-size":"auto","background-attachment":"scroll","background-type":"","background-media":"","overlay-type":"","overlay-color":"","overlay-opacity":"","overlay-gradient":""},"tablet":{"background-color":"var(--ast-global-color-5)","background-image":"","background-repeat":"repeat","background-position":"center center","background-size":"auto","background-attachment":"scroll","background-type":"","background-media":"","overlay-type":"","overlay-color":"","overlay-opacity":"","overlay-gradient":""},"mobile":{"background-color":"var(--ast-global-color-5)","background-image":"","background-repeat":"repeat","background-position":"center center","background-size":"auto","background-attachment":"scroll","background-type":"","background-media":"","overlay-type":"","overlay-color":"","overlay-opacity":"","overlay-gradient":""}}},"product_brand":[],"product_cat":[194,193],"product_tag":[],"class_list":{"0":"post-13604","1":"product","2":"type-product","3":"status-publish","4":"has-post-thumbnail","6":"product_cat--_","8":"pa_-zarok","9":"pa_-mehmud-nesite","10":"pa_-kirmancki","11":"pa_--hiva-yayinlari","12":"desktop-align-left","13":"tablet-align-left","14":"mobile-align-left","16":"first","17":"instock","18":"shipping-taxable","19":"purchasable","20":"product-type-simple"},"yoast_head":"<!-- This site is optimized with the Yoast SEO plugin v27.5 - https:\/\/yoast.com\/product\/yoast-seo-wordpress\/ -->\n<title>Rod\u00ee - Mehm\u00fbd N\u00ea\u015f\u00eete - www.shanabooks.de<\/title>\n<meta name=\"description\" content=\"Rod\u00ee - Mehm\u00fbd N\u00ea\u015f\u00eete \u201cH\u00eekayeya Kitab\u00ea Rod\u00ee seba qe\u00e7ekan\u00ea 4-5-6 serr\u00ee amede b\u00eeyo. Qehreman\u00ea na h\u00eekayey\u00ee Rod\u00ee z\u00ee xo ra 5-6 serre yo. Keyey\u00ea Rod\u00ee keyey\u00eako ...\" \/>\n<meta name=\"robots\" content=\"index, follow, max-snippet:-1, max-image-preview:large, max-video-preview:-1\" \/>\n<link rel=\"canonical\" href=\"https:\/\/shanabooks.de\/product\/rodi-mehmud-nesite\/\" \/>\n<meta property=\"og:locale\" content=\"de_DE\" \/>\n<meta property=\"og:type\" content=\"article\" \/>\n<meta property=\"og:title\" content=\"Rod\u00ee - Mehm\u00fbd N\u00ea\u015f\u00eete - www.shanabooks.de\" \/>\n<meta property=\"og:description\" content=\"Rod\u00ee - Mehm\u00fbd N\u00ea\u015f\u00eete \u201cH\u00eekayeya Kitab\u00ea Rod\u00ee seba qe\u00e7ekan\u00ea 4-5-6 serr\u00ee amede b\u00eeyo. Qehreman\u00ea na h\u00eekayey\u00ee Rod\u00ee z\u00ee xo ra 5-6 serre yo. Keyey\u00ea Rod\u00ee keyey\u00eako ...\" \/>\n<meta property=\"og:url\" content=\"https:\/\/shanabooks.de\/product\/rodi-mehmud-nesite\/\" \/>\n<meta property=\"og:site_name\" content=\"www.shanabooks.de\" \/>\n<meta property=\"article:modified_time\" content=\"2024-04-21T09:35:28+00:00\" \/>\n<meta property=\"og:image\" content=\"https:\/\/shanabooks.de\/wp-content\/uploads\/2024\/01\/Rodi-Hiva.png\" \/>\n\t<meta property=\"og:image:width\" content=\"465\" \/>\n\t<meta property=\"og:image:height\" content=\"471\" \/>\n\t<meta property=\"og:image:type\" content=\"image\/png\" \/>\n<meta name=\"twitter:card\" content=\"summary_large_image\" \/>\n<meta name=\"twitter:label1\" content=\"Gesch\u00e4tzte Lesezeit\" \/>\n\t<meta name=\"twitter:data1\" content=\"1\u00a0Minute\" \/>\n<script type=\"application\/ld+json\" class=\"yoast-schema-graph\">{\"@context\":\"https:\\\/\\\/schema.org\",\"@graph\":[{\"@type\":\"WebPage\",\"@id\":\"https:\\\/\\\/shanabooks.de\\\/product\\\/rodi-mehmud-nesite\\\/\",\"url\":\"https:\\\/\\\/shanabooks.de\\\/product\\\/rodi-mehmud-nesite\\\/\",\"name\":\"Rod\u00ee - Mehm\u00fbd N\u00ea\u015f\u00eete - www.shanabooks.de\",\"isPartOf\":{\"@id\":\"https:\\\/\\\/shanabooks.de\\\/#website\"},\"primaryImageOfPage\":{\"@id\":\"https:\\\/\\\/shanabooks.de\\\/product\\\/rodi-mehmud-nesite\\\/#primaryimage\"},\"image\":{\"@id\":\"https:\\\/\\\/shanabooks.de\\\/product\\\/rodi-mehmud-nesite\\\/#primaryimage\"},\"thumbnailUrl\":\"https:\\\/\\\/shanabooks.de\\\/wp-content\\\/uploads\\\/2024\\\/01\\\/Rodi-Hiva.png\",\"datePublished\":\"2024-03-03T19:51:52+00:00\",\"dateModified\":\"2024-04-21T09:35:28+00:00\",\"description\":\"Rod\u00ee - Mehm\u00fbd N\u00ea\u015f\u00eete \u201cH\u00eekayeya Kitab\u00ea Rod\u00ee seba qe\u00e7ekan\u00ea 4-5-6 serr\u00ee amede b\u00eeyo. Qehreman\u00ea na h\u00eekayey\u00ee Rod\u00ee z\u00ee xo ra 5-6 serre yo. Keyey\u00ea Rod\u00ee keyey\u00eako ...\",\"breadcrumb\":{\"@id\":\"https:\\\/\\\/shanabooks.de\\\/product\\\/rodi-mehmud-nesite\\\/#breadcrumb\"},\"inLanguage\":\"de\",\"potentialAction\":[{\"@type\":\"ReadAction\",\"target\":[\"https:\\\/\\\/shanabooks.de\\\/product\\\/rodi-mehmud-nesite\\\/\"]}]},{\"@type\":\"ImageObject\",\"inLanguage\":\"de\",\"@id\":\"https:\\\/\\\/shanabooks.de\\\/product\\\/rodi-mehmud-nesite\\\/#primaryimage\",\"url\":\"https:\\\/\\\/shanabooks.de\\\/wp-content\\\/uploads\\\/2024\\\/01\\\/Rodi-Hiva.png\",\"contentUrl\":\"https:\\\/\\\/shanabooks.de\\\/wp-content\\\/uploads\\\/2024\\\/01\\\/Rodi-Hiva.png\",\"width\":465,\"height\":471,\"caption\":\"Rod\u00ee - Mehm\u00fbd N\u00ea\u015f\u00eete - pirt\u00fbk\u00ean kurd\u00ee - zarok\"},{\"@type\":\"BreadcrumbList\",\"@id\":\"https:\\\/\\\/shanabooks.de\\\/product\\\/rodi-mehmud-nesite\\\/#breadcrumb\",\"itemListElement\":[{\"@type\":\"ListItem\",\"position\":1,\"name\":\"\u0627\u0644\u0631\u0626\u064a\u0633\u064a\u0629\",\"item\":\"https:\\\/\\\/shanabooks.de\\\/de\\\/\"},{\"@type\":\"ListItem\",\"position\":2,\"name\":\"\u0627\u0644\u0645\u0646\u062a\u062c\u0627\u062a\",\"item\":\"https:\\\/\\\/shanabooks.de\\\/shop\\\/\"},{\"@type\":\"ListItem\",\"position\":3,\"name\":\"Rod\u00ee\"}]},{\"@type\":\"WebSite\",\"@id\":\"https:\\\/\\\/shanabooks.de\\\/#website\",\"url\":\"https:\\\/\\\/shanabooks.de\\\/\",\"name\":\"www.shanbooks.de\",\"description\":\"C\u00eehana Pirt\u00fbk\u00ean Kurd\u00ee \u0645\u0643\u062a\u0628\u0629 \u0634\u0627\u0646\u0627 \u0641\u064a \u0627\u0644\u0645\u0627\u0646\u064a\u0627 \u0648\u0623\u0648\u0631\u0628\u0627\",\"publisher\":{\"@id\":\"https:\\\/\\\/shanabooks.de\\\/#organization\"},\"potentialAction\":[{\"@type\":\"SearchAction\",\"target\":{\"@type\":\"EntryPoint\",\"urlTemplate\":\"https:\\\/\\\/shanabooks.de\\\/?s={search_term_string}\"},\"query-input\":{\"@type\":\"PropertyValueSpecification\",\"valueRequired\":true,\"valueName\":\"search_term_string\"}}],\"inLanguage\":\"de\"},{\"@type\":\"Organization\",\"@id\":\"https:\\\/\\\/shanabooks.de\\\/#organization\",\"name\":\"www.shanbooks.de\",\"url\":\"https:\\\/\\\/shanabooks.de\\\/\",\"logo\":{\"@type\":\"ImageObject\",\"inLanguage\":\"de\",\"@id\":\"https:\\\/\\\/shanabooks.de\\\/#\\\/schema\\\/logo\\\/image\\\/\",\"url\":\"https:\\\/\\\/shanabooks.de\\\/wp-content\\\/uploads\\\/2024\\\/03\\\/SHANABOOKS__2_-removebg-preview.png\",\"contentUrl\":\"https:\\\/\\\/shanabooks.de\\\/wp-content\\\/uploads\\\/2024\\\/03\\\/SHANABOOKS__2_-removebg-preview.png\",\"width\":700,\"height\":150,\"caption\":\"www.shanbooks.de\"},\"image\":{\"@id\":\"https:\\\/\\\/shanabooks.de\\\/#\\\/schema\\\/logo\\\/image\\\/\"}}]}<\/script>\n<!-- \/ Yoast SEO plugin. -->","yoast_head_json":{"title":"Rod\u00ee - Mehm\u00fbd N\u00ea\u015f\u00eete - www.shanabooks.de","description":"Rod\u00ee - Mehm\u00fbd N\u00ea\u015f\u00eete \u201cH\u00eekayeya Kitab\u00ea Rod\u00ee seba qe\u00e7ekan\u00ea 4-5-6 serr\u00ee amede b\u00eeyo. Qehreman\u00ea na h\u00eekayey\u00ee Rod\u00ee z\u00ee xo ra 5-6 serre yo. Keyey\u00ea Rod\u00ee keyey\u00eako ...","robots":{"index":"index","follow":"follow","max-snippet":"max-snippet:-1","max-image-preview":"max-image-preview:large","max-video-preview":"max-video-preview:-1"},"canonical":"https:\/\/shanabooks.de\/product\/rodi-mehmud-nesite\/","og_locale":"de_DE","og_type":"article","og_title":"Rod\u00ee - Mehm\u00fbd N\u00ea\u015f\u00eete - www.shanabooks.de","og_description":"Rod\u00ee - Mehm\u00fbd N\u00ea\u015f\u00eete \u201cH\u00eekayeya Kitab\u00ea Rod\u00ee seba qe\u00e7ekan\u00ea 4-5-6 serr\u00ee amede b\u00eeyo. Qehreman\u00ea na h\u00eekayey\u00ee Rod\u00ee z\u00ee xo ra 5-6 serre yo. Keyey\u00ea Rod\u00ee keyey\u00eako ...","og_url":"https:\/\/shanabooks.de\/product\/rodi-mehmud-nesite\/","og_site_name":"www.shanabooks.de","article_modified_time":"2024-04-21T09:35:28+00:00","og_image":[{"width":465,"height":471,"url":"https:\/\/shanabooks.de\/wp-content\/uploads\/2024\/01\/Rodi-Hiva.png","type":"image\/png"}],"twitter_card":"summary_large_image","twitter_misc":{"Gesch\u00e4tzte Lesezeit":"1\u00a0Minute"},"schema":{"@context":"https:\/\/schema.org","@graph":[{"@type":"WebPage","@id":"https:\/\/shanabooks.de\/product\/rodi-mehmud-nesite\/","url":"https:\/\/shanabooks.de\/product\/rodi-mehmud-nesite\/","name":"Rod\u00ee - Mehm\u00fbd N\u00ea\u015f\u00eete - www.shanabooks.de","isPartOf":{"@id":"https:\/\/shanabooks.de\/#website"},"primaryImageOfPage":{"@id":"https:\/\/shanabooks.de\/product\/rodi-mehmud-nesite\/#primaryimage"},"image":{"@id":"https:\/\/shanabooks.de\/product\/rodi-mehmud-nesite\/#primaryimage"},"thumbnailUrl":"https:\/\/shanabooks.de\/wp-content\/uploads\/2024\/01\/Rodi-Hiva.png","datePublished":"2024-03-03T19:51:52+00:00","dateModified":"2024-04-21T09:35:28+00:00","description":"Rod\u00ee - Mehm\u00fbd N\u00ea\u015f\u00eete \u201cH\u00eekayeya Kitab\u00ea Rod\u00ee seba qe\u00e7ekan\u00ea 4-5-6 serr\u00ee amede b\u00eeyo. Qehreman\u00ea na h\u00eekayey\u00ee Rod\u00ee z\u00ee xo ra 5-6 serre yo. Keyey\u00ea Rod\u00ee keyey\u00eako ...","breadcrumb":{"@id":"https:\/\/shanabooks.de\/product\/rodi-mehmud-nesite\/#breadcrumb"},"inLanguage":"de","potentialAction":[{"@type":"ReadAction","target":["https:\/\/shanabooks.de\/product\/rodi-mehmud-nesite\/"]}]},{"@type":"ImageObject","inLanguage":"de","@id":"https:\/\/shanabooks.de\/product\/rodi-mehmud-nesite\/#primaryimage","url":"https:\/\/shanabooks.de\/wp-content\/uploads\/2024\/01\/Rodi-Hiva.png","contentUrl":"https:\/\/shanabooks.de\/wp-content\/uploads\/2024\/01\/Rodi-Hiva.png","width":465,"height":471,"caption":"Rod\u00ee - Mehm\u00fbd N\u00ea\u015f\u00eete - pirt\u00fbk\u00ean kurd\u00ee - zarok"},{"@type":"BreadcrumbList","@id":"https:\/\/shanabooks.de\/product\/rodi-mehmud-nesite\/#breadcrumb","itemListElement":[{"@type":"ListItem","position":1,"name":"\u0627\u0644\u0631\u0626\u064a\u0633\u064a\u0629","item":"https:\/\/shanabooks.de\/de\/"},{"@type":"ListItem","position":2,"name":"\u0627\u0644\u0645\u0646\u062a\u062c\u0627\u062a","item":"https:\/\/shanabooks.de\/shop\/"},{"@type":"ListItem","position":3,"name":"Rod\u00ee"}]},{"@type":"WebSite","@id":"https:\/\/shanabooks.de\/#website","url":"https:\/\/shanabooks.de\/","name":"www.shanbooks.de","description":"C\u00eehana Pirt\u00fbk\u00ean Kurd\u00ee \u0645\u0643\u062a\u0628\u0629 \u0634\u0627\u0646\u0627 \u0641\u064a \u0627\u0644\u0645\u0627\u0646\u064a\u0627 \u0648\u0623\u0648\u0631\u0628\u0627","publisher":{"@id":"https:\/\/shanabooks.de\/#organization"},"potentialAction":[{"@type":"SearchAction","target":{"@type":"EntryPoint","urlTemplate":"https:\/\/shanabooks.de\/?s={search_term_string}"},"query-input":{"@type":"PropertyValueSpecification","valueRequired":true,"valueName":"search_term_string"}}],"inLanguage":"de"},{"@type":"Organization","@id":"https:\/\/shanabooks.de\/#organization","name":"www.shanbooks.de","url":"https:\/\/shanabooks.de\/","logo":{"@type":"ImageObject","inLanguage":"de","@id":"https:\/\/shanabooks.de\/#\/schema\/logo\/image\/","url":"https:\/\/shanabooks.de\/wp-content\/uploads\/2024\/03\/SHANABOOKS__2_-removebg-preview.png","contentUrl":"https:\/\/shanabooks.de\/wp-content\/uploads\/2024\/03\/SHANABOOKS__2_-removebg-preview.png","width":700,"height":150,"caption":"www.shanbooks.de"},"image":{"@id":"https:\/\/shanabooks.de\/#\/schema\/logo\/image\/"}}]}},"jetpack_sharing_enabled":true,"_links":{"self":[{"href":"https:\/\/shanabooks.de\/de\/wp-json\/wp\/v2\/product\/13604","targetHints":{"allow":["GET"]}}],"collection":[{"href":"https:\/\/shanabooks.de\/de\/wp-json\/wp\/v2\/product"}],"about":[{"href":"https:\/\/shanabooks.de\/de\/wp-json\/wp\/v2\/types\/product"}],"version-history":[{"count":2,"href":"https:\/\/shanabooks.de\/de\/wp-json\/wp\/v2\/product\/13604\/revisions"}],"predecessor-version":[{"id":24623,"href":"https:\/\/shanabooks.de\/de\/wp-json\/wp\/v2\/product\/13604\/revisions\/24623"}],"wp:featuredmedia":[{"embeddable":true,"href":"https:\/\/shanabooks.de\/de\/wp-json\/wp\/v2\/media\/6613"}],"wp:attachment":[{"href":"https:\/\/shanabooks.de\/de\/wp-json\/wp\/v2\/media?parent=13604"}],"wp:term":[{"taxonomy":"product_brand","embeddable":true,"href":"https:\/\/shanabooks.de\/de\/wp-json\/wp\/v2\/product_brand?post=13604"},{"taxonomy":"product_cat","embeddable":true,"href":"https:\/\/shanabooks.de\/de\/wp-json\/wp\/v2\/product_cat?post=13604"},{"taxonomy":"product_tag","embeddable":true,"href":"https:\/\/shanabooks.de\/de\/wp-json\/wp\/v2\/product_tag?post=13604"}],"curies":[{"name":"wp","href":"https:\/\/api.w.org\/{rel}","templated":true}]}}