{"id":13646,"date":"2024-03-03T19:51:56","date_gmt":"2024-03-03T19:51:56","guid":{"rendered":"https:\/\/shanabooks.de\/?post_type=product&#038;p=13646"},"modified":"2025-12-28T16:09:59","modified_gmt":"2025-12-28T16:09:59","slug":"%d8%a7%d9%84%d9%85%d8%b2%d8%af%d9%88%d8%ac","status":"publish","type":"product","link":"https:\/\/shanabooks.de\/de\/product\/%d8%a7%d9%84%d9%85%d8%b2%d8%af%d9%88%d8%ac\/","title":{"rendered":"\u0627\u0644\u0645\u0632\u062f\u0648\u062c"},"content":{"rendered":"<p><strong>\u0627\u0644\u0645\u0632\u062f\u0648\u062c &#8211; \u062f\u0648\u0633\u062a\u0648\u064a\u0641\u0633\u0643\u064a\u00a0<\/strong><\/p>\n<p>\u0635\u062f\u0631\u062a \u0631\u0648\u0627\u064a\u0629 &#8222;\u0627\u0644\u0645\u0632\u062f\u064e\u0648\u064e\u062c&#8220;\u060c \u0627\u0644\u0639\u0645\u0644 \u0627\u0644\u062b\u0627\u0646\u064a \u0644\u062f\u0648\u0633\u062a\u0648\u064a\u0641\u0633\u0643\u064a\u060c \u0623\u0648\u0627\u0626\u0644 \u0639\u0627\u0645 1846 \u0623\u064a \u0623\u064a\u0627\u0645\u0627\u064b \u0641\u0642\u0637 \u0628\u0639\u062f \u0627\u0644\u0646\u062c\u0627\u062d \u0627\u0644\u0643\u0628\u064a\u0631 \u0627\u0644\u0630\u064a \u062d\u0642\u0642\u062a\u0647 \u0631\u0648\u0627\u064a\u0629 &#8222;\u0627\u0644\u0641\u0642\u0631\u0627\u0621&#8220;. \u0648\u064a\u0637\u0631\u062d \u0647\u0630\u0627 \u0627\u0644\u0643\u062a\u0627\u0628 \u0645\u0648\u0636\u0648\u0639 \u0627\u0644\u062c\u0646\u0648\u0646\u060c \u0648\u0647\u0648 \u0623\u062d\u062f \u0627\u0644\u0645\u0648\u0627\u0636\u064a\u0639 \u0627\u0644\u0623\u062b\u064a\u0631\u0629 \u0644\u062f\u0649 \u062f\u0648\u0633\u062a\u0648\u064a\u0641\u0633\u0643\u064a \u0641\u064a \u0631\u0648\u0627\u064a\u0627\u062a\u0647 \u0627\u0644\u0643\u0628\u0631\u0649 \u0627\u0644\u0644\u0627\u062d\u0642\u0629.<br \/>\n\u062a\u0635\u0648\u0650\u0651\u0631 \u0644\u0646\u0627 \u0647\u0630\u0647 \u0627\u0644\u0631\u0648\u0627\u064a\u0629 \u0627\u0644\u0635\u0631\u0627\u0639 \u0627\u0644\u062f\u0627\u062e\u0644\u064a \u0627\u0644\u0630\u064a \u064a\u0639\u062a\u0645\u0644 \u0641\u064a \u0646\u0641\u0633 \u064a\u0627\u0643\u0648\u0641 \u0628\u062a\u0631\u0648\u0641\u064a\u062a\u0634 \u063a\u0648\u0644\u064a\u0627\u062f\u0643\u064a\u0646\u060c \u0645\u0648\u0638\u0641 \u0641\u064a \u0625\u062d\u062f\u0649 \u0625\u062f\u0627\u0631\u0627\u062a \u0645\u062f\u064a\u0646\u0629 \u0628\u0637\u0631\u0633\u0628\u0648\u0631\u063a \u0627\u0646\u0642\u0644\u0628\u062a \u062d\u064a\u0627\u062a\u0647 \u0631\u0623\u0633\u0627\u064b \u0639\u0644\u0649 \u0639\u0642\u0628 \u0639\u0646\u062f \u0638\u0647\u0648\u0631 \u0634\u062e\u0635 \u064a\u0634\u0628\u0647\u0647 \u062a\u0645\u0627\u0645\u0627\u064b\u060c \u0648\u064a\u0643\u064a\u062f \u0644\u0647 \u0648\u064a\u062d\u062a\u0644 \u0634\u064a\u0626\u0627\u064b \u0641\u0634\u064a\u0626\u0627\u064b \u0645\u0643\u0627\u0646\u062a\u0647 \u0641\u064a \u0627\u0644\u0639\u0645\u0644 \u0648\u0627\u0644\u0645\u0646\u0632\u0644\u060c \u0625\u0644\u0649 \u0623\u0646 \u064a\u062f\u0641\u0639 \u0628\u062d\u064a\u0627\u062a\u0647 \u0625\u0644\u0649 \u0627\u0644\u0627\u0646\u0647\u064a\u0627\u0631 \u0627\u0644\u062a\u0627\u0645. \u0648\u0644\u0639\u0644\u0651 \u0623\u0647\u0645 \u0645\u0627 \u0623\u062b\u0651\u0631 \u0641\u064a \u0627\u0644\u0633\u064a\u062f \u063a\u0648\u0644\u064a\u0627\u062f\u0643\u064a\u0646 \u0648\u0623\u062b\u0627\u0631 \u062f\u0647\u0634\u062a\u0647 \u0623\u0646 \u0627\u0644\u0646\u0627\u0633 \u0645\u0646 \u062d\u0648\u0644\u0647\u060c \u0648\u0639\u0644\u0649 \u0631\u0623\u0633\u0647\u0645 \u0631\u0626\u064a\u0633\u0647 \u0641\u064a \u0627\u0644\u0639\u0645\u0644 \u0648\u062e\u0627\u062f\u0645\u0647 \u0628\u062a\u0631\u0648\u0634\u0643\u0627\u060c \u0644\u0645 \u064a\u0628\u062f\u064f \u0639\u0644\u064a\u0647\u0645 \u0623\u0646\u0647\u0645 \u0635\u064f\u062f\u0645\u0648\u0627 \u0628\u0638\u0647\u0648\u0631 \u0647\u0630\u0627 \u0627\u0644\u0634\u0628\u064a\u0647\u060c \u0648\u0627\u0639\u062a\u0628\u0631\u0648\u0647 \u0645\u062c\u0631\u062f \u0631\u062c\u0644 \u064a\u0634\u0628\u0647\u0647 \u0648\u0639\u0627\u0645\u0644\u0648\u0647 \u0639\u0644\u0649 \u0647\u0630\u0627 \u0627\u0644\u0623\u0633\u0627\u0633.<br \/>\n\u0625\u0646 \u0627\u0639\u062a\u0645\u0627\u062f \u062f\u0648\u0633\u062a\u0648\u064a\u0641\u0633\u0643\u064a \u0639\u0644\u0649 \u062a\u0642\u0646\u064a\u0629 \u0627\u0644\u062d\u0648\u0627\u0631 \u0627\u0644\u062f\u0627\u062e\u0644\u064a \u0628\u0634\u0643\u0644\u064d \u0645\u0643\u062b\u0651\u0641 \u0641\u064a \u0647\u0630\u0647 \u0627\u0644\u0631\u0648\u0627\u064a\u0629 \u0645\u0643\u0651\u0646\u0647 \u0645\u0646 \u0623\u0646 \u064a\u0633\u0628\u0631 \u0623\u063a\u0648\u0627\u0631 \u0634\u062e\u0635\u064a\u0629 \u0628\u0637\u0644\u0647\u060c \u0648\u0623\u0646 \u064a\u062a\u063a\u0644\u063a\u0644 \u0641\u064a \u0646\u0641\u0633\u064a\u062a\u0647 \u0627\u0644\u062a\u064a \u063a\u064a\u0651\u0631\u0647\u0627 \u062f\u062e\u0648\u0644 \u0647\u0630\u0627 \u0627\u0644\u0622\u062e\u0631\u060c \u0645\u0643\u0631\u0651\u0633\u0627\u064b \u0628\u0630\u0644\u0643 \u0639\u0628\u0642\u0631\u064a\u062a\u0647 \u0641\u064a \u062a\u062d\u0644\u064a\u0644 \u0627\u0644\u0646\u0641\u0633 \u0627\u0644\u0625\u0646\u0633\u0627\u0646\u064a\u0629\u060c \u062d\u064a\u062b \u0642\u0627\u0644 \u0639\u0646\u0647 \u0646\u064a\u062a\u0634\u0647: &#8222;\u062f\u0648\u0633\u062a\u0648\u064a\u0641\u0633\u0643\u064a \u0647\u0648 \u0627\u0644\u0643\u0627\u062a\u0628 \u0627\u0644\u0648\u062d\u064a\u062f \u0627\u0644\u0630\u064a \u062a\u0639\u0644\u0645\u062a\u064f \u0645\u0646\u0647 \u0634\u064a\u0626\u0627\u064b \u0645\u0646 \u0639\u0644\u0645 \u0627\u0644\u0646\u0641\u0633&#8220;.<br \/>\n\u0639\u0644\u0649 \u0627\u0644\u0631\u063a\u0645 \u0645\u0646 \u0623\u0646 \u0631\u0648\u0627\u064a\u0629 &#8222;\u0627\u0644\u0645\u0632\u062f\u064e\u0648\u064e\u062c&#8220; \u0644\u064a\u0633\u062a \u0645\u0646 \u0623\u0639\u0645\u0627\u0644 \u062f\u0648\u0633\u062a\u0648\u064a\u0641\u0633\u0643\u064a \u0627\u0644\u0623\u0643\u062b\u0631 \u0634\u0647\u0631\u0629\u060c \u0625\u0644\u0651\u0627 \u0623\u0646\u0647\u0627 \u062a\u064f\u0639\u062a\u0628\u0631 \u0627\u0644\u062d\u062c\u0631 \u0627\u0644\u0623\u0633\u0627\u0633 \u0641\u064a \u0623\u0633\u0644\u0648\u0628\u0647<\/p>\n","protected":false},"excerpt":{"rendered":"<p><em><strong>\u0627\u0644\u0643\u062a\u0627\u0628: \u0627\u0644\u0645\u0632\u062f\u0648\u062c<br \/>\n\u0627\u0644\u0643\u0627\u062a\u0628: \u062f\u0648\u0633\u062a\u0648\u064a\u0641\u0633\u0643\u064a<br \/>\n\u0627\u0644\u0646\u0648\u0639: \u0631\u0648\u0627\u064a\u0629<br \/>\n<\/strong><\/em><\/p>\n","protected":false},"featured_media":6650,"template":"","meta":{"site-sidebar-layout":"default","site-content-layout":"","ast-site-content-layout":"default","site-content-style":"default","site-sidebar-style":"default","ast-global-header-display":"","ast-banner-title-visibility":"","ast-main-header-display":"","ast-hfb-above-header-display":"","ast-hfb-below-header-display":"","ast-hfb-mobile-header-display":"","site-post-title":"","ast-breadcrumbs-content":"","ast-featured-img":"","footer-sml-layout":"","ast-disable-related-posts":"","theme-transparent-header-meta":"","adv-header-id-meta":"","stick-header-meta":"","header-above-stick-meta":"","header-main-stick-meta":"","header-below-stick-meta":"","astra-migrate-meta-layouts":"default","ast-page-background-enabled":"default","ast-page-background-meta":{"desktop":{"background-color":"","background-image":"","background-repeat":"repeat","background-position":"center center","background-size":"auto","background-attachment":"scroll","background-type":"","background-media":"","overlay-type":"","overlay-color":"","overlay-opacity":"","overlay-gradient":""},"tablet":{"background-color":"","background-image":"","background-repeat":"repeat","background-position":"center center","background-size":"auto","background-attachment":"scroll","background-type":"","background-media":"","overlay-type":"","overlay-color":"","overlay-opacity":"","overlay-gradient":""},"mobile":{"background-color":"","background-image":"","background-repeat":"repeat","background-position":"center center","background-size":"auto","background-attachment":"scroll","background-type":"","background-media":"","overlay-type":"","overlay-color":"","overlay-opacity":"","overlay-gradient":""}},"ast-content-background-meta":{"desktop":{"background-color":"var(--ast-global-color-5)","background-image":"","background-repeat":"repeat","background-position":"center center","background-size":"auto","background-attachment":"scroll","background-type":"","background-media":"","overlay-type":"","overlay-color":"","overlay-opacity":"","overlay-gradient":""},"tablet":{"background-color":"var(--ast-global-color-5)","background-image":"","background-repeat":"repeat","background-position":"center center","background-size":"auto","background-attachment":"scroll","background-type":"","background-media":"","overlay-type":"","overlay-color":"","overlay-opacity":"","overlay-gradient":""},"mobile":{"background-color":"var(--ast-global-color-5)","background-image":"","background-repeat":"repeat","background-position":"center center","background-size":"auto","background-attachment":"scroll","background-type":"","background-media":"","overlay-type":"","overlay-color":"","overlay-opacity":"","overlay-gradient":""}}},"product_brand":[],"product_cat":[165,15,192],"product_tag":[],"class_list":{"0":"post-13646","1":"product","2":"type-product","3":"status-publish","4":"has-post-thumbnail","6":"product_cat-165","7":"product_cat-15","8":"product_cat-192","9":"desktop-align-left","10":"tablet-align-left","11":"mobile-align-left","13":"first","14":"outofstock","15":"shipping-taxable","16":"purchasable","17":"product-type-simple"},"yoast_head":"<!-- This site is optimized with the Yoast SEO plugin v27.5 - https:\/\/yoast.com\/product\/yoast-seo-wordpress\/ -->\n<title>\u0627\u0644\u0645\u0632\u062f\u0648\u062c - www.shanabooks.de<\/title>\n<meta name=\"robots\" content=\"index, follow, max-snippet:-1, max-image-preview:large, max-video-preview:-1\" \/>\n<link rel=\"canonical\" href=\"https:\/\/shanabooks.de\/product\/\u0627\u0644\u0645\u0632\u062f\u0648\u062c\/\" \/>\n<meta property=\"og:locale\" content=\"de_DE\" \/>\n<meta property=\"og:type\" content=\"article\" \/>\n<meta property=\"og:title\" content=\"\u0627\u0644\u0645\u0632\u062f\u0648\u062c - www.shanabooks.de\" \/>\n<meta property=\"og:description\" content=\"\u0627\u0644\u0643\u062a\u0627\u0628: \u0627\u0644\u0645\u0632\u062f\u0648\u062c \u0627\u0644\u0643\u0627\u062a\u0628: \u062f\u0648\u0633\u062a\u0648\u064a\u0641\u0633\u0643\u064a \u0627\u0644\u0646\u0648\u0639: \u0631\u0648\u0627\u064a\u0629\" \/>\n<meta property=\"og:url\" content=\"https:\/\/shanabooks.de\/product\/\u0627\u0644\u0645\u0632\u062f\u0648\u062c\/\" \/>\n<meta property=\"og:site_name\" content=\"www.shanabooks.de\" \/>\n<meta property=\"article:modified_time\" content=\"2025-12-28T16:09:59+00:00\" \/>\n<meta property=\"og:image\" content=\"https:\/\/shanabooks.de\/wp-content\/uploads\/2024\/01\/\u0627\u0644\u0645\u0632\u062f\u0648\u062c-e1706981289902.png\" \/>\n\t<meta property=\"og:image:width\" content=\"300\" \/>\n\t<meta property=\"og:image:height\" content=\"461\" \/>\n\t<meta property=\"og:image:type\" content=\"image\/png\" \/>\n<meta name=\"twitter:card\" content=\"summary_large_image\" \/>\n<script type=\"application\/ld+json\" class=\"yoast-schema-graph\">{\"@context\":\"https:\\\/\\\/schema.org\",\"@graph\":[{\"@type\":\"WebPage\",\"@id\":\"https:\\\/\\\/shanabooks.de\\\/product\\\/%d8%a7%d9%84%d9%85%d8%b2%d8%af%d9%88%d8%ac\\\/\",\"url\":\"https:\\\/\\\/shanabooks.de\\\/product\\\/%d8%a7%d9%84%d9%85%d8%b2%d8%af%d9%88%d8%ac\\\/\",\"name\":\"\u0627\u0644\u0645\u0632\u062f\u0648\u062c - www.shanabooks.de\",\"isPartOf\":{\"@id\":\"https:\\\/\\\/shanabooks.de\\\/#website\"},\"primaryImageOfPage\":{\"@id\":\"https:\\\/\\\/shanabooks.de\\\/product\\\/%d8%a7%d9%84%d9%85%d8%b2%d8%af%d9%88%d8%ac\\\/#primaryimage\"},\"image\":{\"@id\":\"https:\\\/\\\/shanabooks.de\\\/product\\\/%d8%a7%d9%84%d9%85%d8%b2%d8%af%d9%88%d8%ac\\\/#primaryimage\"},\"thumbnailUrl\":\"https:\\\/\\\/shanabooks.de\\\/wp-content\\\/uploads\\\/2024\\\/01\\\/\u0627\u0644\u0645\u0632\u062f\u0648\u062c-e1706981289902.png\",\"datePublished\":\"2024-03-03T19:51:56+00:00\",\"dateModified\":\"2025-12-28T16:09:59+00:00\",\"breadcrumb\":{\"@id\":\"https:\\\/\\\/shanabooks.de\\\/product\\\/%d8%a7%d9%84%d9%85%d8%b2%d8%af%d9%88%d8%ac\\\/#breadcrumb\"},\"inLanguage\":\"de\",\"potentialAction\":[{\"@type\":\"ReadAction\",\"target\":[\"https:\\\/\\\/shanabooks.de\\\/product\\\/%d8%a7%d9%84%d9%85%d8%b2%d8%af%d9%88%d8%ac\\\/\"]}]},{\"@type\":\"ImageObject\",\"inLanguage\":\"de\",\"@id\":\"https:\\\/\\\/shanabooks.de\\\/product\\\/%d8%a7%d9%84%d9%85%d8%b2%d8%af%d9%88%d8%ac\\\/#primaryimage\",\"url\":\"https:\\\/\\\/shanabooks.de\\\/wp-content\\\/uploads\\\/2024\\\/01\\\/\u0627\u0644\u0645\u0632\u062f\u0648\u062c-e1706981289902.png\",\"contentUrl\":\"https:\\\/\\\/shanabooks.de\\\/wp-content\\\/uploads\\\/2024\\\/01\\\/\u0627\u0644\u0645\u0632\u062f\u0648\u062c-e1706981289902.png\",\"width\":300,\"height\":461},{\"@type\":\"BreadcrumbList\",\"@id\":\"https:\\\/\\\/shanabooks.de\\\/product\\\/%d8%a7%d9%84%d9%85%d8%b2%d8%af%d9%88%d8%ac\\\/#breadcrumb\",\"itemListElement\":[{\"@type\":\"ListItem\",\"position\":1,\"name\":\"\u0627\u0644\u0631\u0626\u064a\u0633\u064a\u0629\",\"item\":\"https:\\\/\\\/shanabooks.de\\\/de\\\/\"},{\"@type\":\"ListItem\",\"position\":2,\"name\":\"\u0627\u0644\u0645\u0646\u062a\u062c\u0627\u062a\",\"item\":\"https:\\\/\\\/shanabooks.de\\\/shop\\\/\"},{\"@type\":\"ListItem\",\"position\":3,\"name\":\"\u0627\u0644\u0645\u0632\u062f\u0648\u062c\"}]},{\"@type\":\"WebSite\",\"@id\":\"https:\\\/\\\/shanabooks.de\\\/#website\",\"url\":\"https:\\\/\\\/shanabooks.de\\\/\",\"name\":\"www.shanbooks.de\",\"description\":\"C\u00eehana Pirt\u00fbk\u00ean Kurd\u00ee \u0645\u0643\u062a\u0628\u0629 \u0634\u0627\u0646\u0627 \u0641\u064a \u0627\u0644\u0645\u0627\u0646\u064a\u0627 \u0648\u0623\u0648\u0631\u0628\u0627\",\"publisher\":{\"@id\":\"https:\\\/\\\/shanabooks.de\\\/#organization\"},\"potentialAction\":[{\"@type\":\"SearchAction\",\"target\":{\"@type\":\"EntryPoint\",\"urlTemplate\":\"https:\\\/\\\/shanabooks.de\\\/?s={search_term_string}\"},\"query-input\":{\"@type\":\"PropertyValueSpecification\",\"valueRequired\":true,\"valueName\":\"search_term_string\"}}],\"inLanguage\":\"de\"},{\"@type\":\"Organization\",\"@id\":\"https:\\\/\\\/shanabooks.de\\\/#organization\",\"name\":\"www.shanbooks.de\",\"url\":\"https:\\\/\\\/shanabooks.de\\\/\",\"logo\":{\"@type\":\"ImageObject\",\"inLanguage\":\"de\",\"@id\":\"https:\\\/\\\/shanabooks.de\\\/#\\\/schema\\\/logo\\\/image\\\/\",\"url\":\"https:\\\/\\\/shanabooks.de\\\/wp-content\\\/uploads\\\/2024\\\/03\\\/SHANABOOKS__2_-removebg-preview.png\",\"contentUrl\":\"https:\\\/\\\/shanabooks.de\\\/wp-content\\\/uploads\\\/2024\\\/03\\\/SHANABOOKS__2_-removebg-preview.png\",\"width\":700,\"height\":150,\"caption\":\"www.shanbooks.de\"},\"image\":{\"@id\":\"https:\\\/\\\/shanabooks.de\\\/#\\\/schema\\\/logo\\\/image\\\/\"}}]}<\/script>\n<!-- \/ Yoast SEO plugin. -->","yoast_head_json":{"title":"\u0627\u0644\u0645\u0632\u062f\u0648\u062c - www.shanabooks.de","robots":{"index":"index","follow":"follow","max-snippet":"max-snippet:-1","max-image-preview":"max-image-preview:large","max-video-preview":"max-video-preview:-1"},"canonical":"https:\/\/shanabooks.de\/product\/\u0627\u0644\u0645\u0632\u062f\u0648\u062c\/","og_locale":"de_DE","og_type":"article","og_title":"\u0627\u0644\u0645\u0632\u062f\u0648\u062c - www.shanabooks.de","og_description":"\u0627\u0644\u0643\u062a\u0627\u0628: \u0627\u0644\u0645\u0632\u062f\u0648\u062c \u0627\u0644\u0643\u0627\u062a\u0628: \u062f\u0648\u0633\u062a\u0648\u064a\u0641\u0633\u0643\u064a \u0627\u0644\u0646\u0648\u0639: \u0631\u0648\u0627\u064a\u0629","og_url":"https:\/\/shanabooks.de\/product\/\u0627\u0644\u0645\u0632\u062f\u0648\u062c\/","og_site_name":"www.shanabooks.de","article_modified_time":"2025-12-28T16:09:59+00:00","og_image":[{"width":300,"height":461,"url":"https:\/\/shanabooks.de\/wp-content\/uploads\/2024\/01\/\u0627\u0644\u0645\u0632\u062f\u0648\u062c-e1706981289902.png","type":"image\/png"}],"twitter_card":"summary_large_image","schema":{"@context":"https:\/\/schema.org","@graph":[{"@type":"WebPage","@id":"https:\/\/shanabooks.de\/product\/%d8%a7%d9%84%d9%85%d8%b2%d8%af%d9%88%d8%ac\/","url":"https:\/\/shanabooks.de\/product\/%d8%a7%d9%84%d9%85%d8%b2%d8%af%d9%88%d8%ac\/","name":"\u0627\u0644\u0645\u0632\u062f\u0648\u062c - www.shanabooks.de","isPartOf":{"@id":"https:\/\/shanabooks.de\/#website"},"primaryImageOfPage":{"@id":"https:\/\/shanabooks.de\/product\/%d8%a7%d9%84%d9%85%d8%b2%d8%af%d9%88%d8%ac\/#primaryimage"},"image":{"@id":"https:\/\/shanabooks.de\/product\/%d8%a7%d9%84%d9%85%d8%b2%d8%af%d9%88%d8%ac\/#primaryimage"},"thumbnailUrl":"https:\/\/shanabooks.de\/wp-content\/uploads\/2024\/01\/\u0627\u0644\u0645\u0632\u062f\u0648\u062c-e1706981289902.png","datePublished":"2024-03-03T19:51:56+00:00","dateModified":"2025-12-28T16:09:59+00:00","breadcrumb":{"@id":"https:\/\/shanabooks.de\/product\/%d8%a7%d9%84%d9%85%d8%b2%d8%af%d9%88%d8%ac\/#breadcrumb"},"inLanguage":"de","potentialAction":[{"@type":"ReadAction","target":["https:\/\/shanabooks.de\/product\/%d8%a7%d9%84%d9%85%d8%b2%d8%af%d9%88%d8%ac\/"]}]},{"@type":"ImageObject","inLanguage":"de","@id":"https:\/\/shanabooks.de\/product\/%d8%a7%d9%84%d9%85%d8%b2%d8%af%d9%88%d8%ac\/#primaryimage","url":"https:\/\/shanabooks.de\/wp-content\/uploads\/2024\/01\/\u0627\u0644\u0645\u0632\u062f\u0648\u062c-e1706981289902.png","contentUrl":"https:\/\/shanabooks.de\/wp-content\/uploads\/2024\/01\/\u0627\u0644\u0645\u0632\u062f\u0648\u062c-e1706981289902.png","width":300,"height":461},{"@type":"BreadcrumbList","@id":"https:\/\/shanabooks.de\/product\/%d8%a7%d9%84%d9%85%d8%b2%d8%af%d9%88%d8%ac\/#breadcrumb","itemListElement":[{"@type":"ListItem","position":1,"name":"\u0627\u0644\u0631\u0626\u064a\u0633\u064a\u0629","item":"https:\/\/shanabooks.de\/de\/"},{"@type":"ListItem","position":2,"name":"\u0627\u0644\u0645\u0646\u062a\u062c\u0627\u062a","item":"https:\/\/shanabooks.de\/shop\/"},{"@type":"ListItem","position":3,"name":"\u0627\u0644\u0645\u0632\u062f\u0648\u062c"}]},{"@type":"WebSite","@id":"https:\/\/shanabooks.de\/#website","url":"https:\/\/shanabooks.de\/","name":"www.shanbooks.de","description":"C\u00eehana Pirt\u00fbk\u00ean Kurd\u00ee \u0645\u0643\u062a\u0628\u0629 \u0634\u0627\u0646\u0627 \u0641\u064a \u0627\u0644\u0645\u0627\u0646\u064a\u0627 \u0648\u0623\u0648\u0631\u0628\u0627","publisher":{"@id":"https:\/\/shanabooks.de\/#organization"},"potentialAction":[{"@type":"SearchAction","target":{"@type":"EntryPoint","urlTemplate":"https:\/\/shanabooks.de\/?s={search_term_string}"},"query-input":{"@type":"PropertyValueSpecification","valueRequired":true,"valueName":"search_term_string"}}],"inLanguage":"de"},{"@type":"Organization","@id":"https:\/\/shanabooks.de\/#organization","name":"www.shanbooks.de","url":"https:\/\/shanabooks.de\/","logo":{"@type":"ImageObject","inLanguage":"de","@id":"https:\/\/shanabooks.de\/#\/schema\/logo\/image\/","url":"https:\/\/shanabooks.de\/wp-content\/uploads\/2024\/03\/SHANABOOKS__2_-removebg-preview.png","contentUrl":"https:\/\/shanabooks.de\/wp-content\/uploads\/2024\/03\/SHANABOOKS__2_-removebg-preview.png","width":700,"height":150,"caption":"www.shanbooks.de"},"image":{"@id":"https:\/\/shanabooks.de\/#\/schema\/logo\/image\/"}}]}},"jetpack_sharing_enabled":true,"_links":{"self":[{"href":"https:\/\/shanabooks.de\/de\/wp-json\/wp\/v2\/product\/13646","targetHints":{"allow":["GET"]}}],"collection":[{"href":"https:\/\/shanabooks.de\/de\/wp-json\/wp\/v2\/product"}],"about":[{"href":"https:\/\/shanabooks.de\/de\/wp-json\/wp\/v2\/types\/product"}],"version-history":[{"count":1,"href":"https:\/\/shanabooks.de\/de\/wp-json\/wp\/v2\/product\/13646\/revisions"}],"predecessor-version":[{"id":13676,"href":"https:\/\/shanabooks.de\/de\/wp-json\/wp\/v2\/product\/13646\/revisions\/13676"}],"wp:featuredmedia":[{"embeddable":true,"href":"https:\/\/shanabooks.de\/de\/wp-json\/wp\/v2\/media\/6650"}],"wp:attachment":[{"href":"https:\/\/shanabooks.de\/de\/wp-json\/wp\/v2\/media?parent=13646"}],"wp:term":[{"taxonomy":"product_brand","embeddable":true,"href":"https:\/\/shanabooks.de\/de\/wp-json\/wp\/v2\/product_brand?post=13646"},{"taxonomy":"product_cat","embeddable":true,"href":"https:\/\/shanabooks.de\/de\/wp-json\/wp\/v2\/product_cat?post=13646"},{"taxonomy":"product_tag","embeddable":true,"href":"https:\/\/shanabooks.de\/de\/wp-json\/wp\/v2\/product_tag?post=13646"}],"curies":[{"name":"wp","href":"https:\/\/api.w.org\/{rel}","templated":true}]}}