{"id":13702,"date":"2024-03-03T19:52:01","date_gmt":"2024-03-03T19:52:01","guid":{"rendered":"https:\/\/shanabooks.de\/?post_type=product&#038;p=13702"},"modified":"2024-05-06T17:36:55","modified_gmt":"2024-05-06T17:36:55","slug":"metroya-helebe-meha-hesen","status":"publish","type":"product","link":"https:\/\/shanabooks.de\/de\/product\/metroya-helebe-meha-hesen\/","title":{"rendered":"Metroya Heleb\u00ea"},"content":{"rendered":"<p style=\"text-align: left\"><strong>Metroya Heleb\u00ea &#8211; Meha Hesen<\/strong><\/p>\n<div class=\"xdj266r x11i5rnm xat24cr x1mh8g0r x1vvkbs x126k92a\">\n<div dir=\"auto\">Werger ji Ereb\u00ee: Xalid Cem\u00eel Mihemed<\/div>\n<\/div>\n<div class=\"x11i5rnm xat24cr x1mh8g0r x1vvkbs xtlvy1s x126k92a\">\n<div dir=\"auto\">\u201cTi car\u00ea ne di bala min de b\u00fb ez herim Fransay\u00ea. Di xewnan de j\u00ee, serdana pirs\u00ea nedihate bala min. B\u00eerokeya \u00e7\u00fbna ji Heleb\u00ea \u00fb d\u00fbrketina ji kes\u00fbkar\u00ean xwe \u00fb jiyana xwe li w\u00ea der\u00ea j\u00ee, ne di ferhenga min de b\u00fb. Ji demek\u00ea ve, em li Heleb\u00ea rojane li ber p\u00ealeke n\u00fb\u00e7ey\u00ean seyr \u00fb n\u00fb dij\u00een.\u201d<\/div>\n<\/div>\n","protected":false},"excerpt":{"rendered":"<p style=\"text-align: center\"><strong>Pirt\u00fbk: Metroya Heleb\u00ea<br \/>\nNiv\u00eeskar: Meha Hesen<br \/>\nCure: Roman<\/strong><\/p>\n","protected":false},"featured_media":6719,"template":"","meta":{"site-sidebar-layout":"default","site-content-layout":"","ast-site-content-layout":"default","site-content-style":"default","site-sidebar-style":"default","ast-global-header-display":"","ast-banner-title-visibility":"","ast-main-header-display":"","ast-hfb-above-header-display":"","ast-hfb-below-header-display":"","ast-hfb-mobile-header-display":"","site-post-title":"","ast-breadcrumbs-content":"","ast-featured-img":"","footer-sml-layout":"","ast-disable-related-posts":"","theme-transparent-header-meta":"default","adv-header-id-meta":"","stick-header-meta":"","header-above-stick-meta":"","header-main-stick-meta":"","header-below-stick-meta":"","astra-migrate-meta-layouts":"set","ast-page-background-enabled":"default","ast-page-background-meta":{"desktop":{"background-color":"","background-image":"","background-repeat":"repeat","background-position":"center center","background-size":"auto","background-attachment":"scroll","background-type":"","background-media":"","overlay-type":"","overlay-color":"","overlay-opacity":"","overlay-gradient":""},"tablet":{"background-color":"","background-image":"","background-repeat":"repeat","background-position":"center center","background-size":"auto","background-attachment":"scroll","background-type":"","background-media":"","overlay-type":"","overlay-color":"","overlay-opacity":"","overlay-gradient":""},"mobile":{"background-color":"","background-image":"","background-repeat":"repeat","background-position":"center center","background-size":"auto","background-attachment":"scroll","background-type":"","background-media":"","overlay-type":"","overlay-color":"","overlay-opacity":"","overlay-gradient":""}},"ast-content-background-meta":{"desktop":{"background-color":"var(--ast-global-color-5)","background-image":"","background-repeat":"repeat","background-position":"center center","background-size":"auto","background-attachment":"scroll","background-type":"","background-media":"","overlay-type":"","overlay-color":"","overlay-opacity":"","overlay-gradient":""},"tablet":{"background-color":"var(--ast-global-color-5)","background-image":"","background-repeat":"repeat","background-position":"center center","background-size":"auto","background-attachment":"scroll","background-type":"","background-media":"","overlay-type":"","overlay-color":"","overlay-opacity":"","overlay-gradient":""},"mobile":{"background-color":"var(--ast-global-color-5)","background-image":"","background-repeat":"repeat","background-position":"center center","background-size":"auto","background-attachment":"scroll","background-type":"","background-media":"","overlay-type":"","overlay-color":"","overlay-opacity":"","overlay-gradient":""}}},"product_brand":[],"product_cat":[182,193],"product_tag":[],"class_list":{"0":"post-13702","1":"product","2":"type-product","3":"status-publish","4":"has-post-thumbnail","6":"product_cat-_","7":"product_cat--_","8":"pa_-roman","9":"pa_-meha-hesen","10":"pa_-kurmanci","11":"pa_--ramina","12":"desktop-align-left","13":"tablet-align-left","14":"mobile-align-left","16":"first","17":"instock","18":"shipping-taxable","19":"purchasable","20":"product-type-simple"},"yoast_head":"<!-- This site is optimized with the Yoast SEO plugin v27.4 - https:\/\/yoast.com\/product\/yoast-seo-wordpress\/ -->\n<title>Metroya Heleb\u00ea - Meha Hesen - www.shanabooks.de<\/title>\n<meta name=\"description\" content=\"Metroya Heleb\u00ea - Meha Hesen Werger ji Ereb\u00ee: Xalid Cem\u00eel Mihemed \u201cTi car\u00ea ne di bala min de b\u00fb ez herim Fransay\u00ea. Di xewnan de j\u00ee, serdana pirs\u00ea nediha...\" \/>\n<meta name=\"robots\" content=\"index, follow, max-snippet:-1, max-image-preview:large, max-video-preview:-1\" \/>\n<link rel=\"canonical\" href=\"https:\/\/shanabooks.de\/product\/metroya-helebe-meha-hesen\/\" \/>\n<meta property=\"og:locale\" content=\"de_DE\" \/>\n<meta property=\"og:type\" content=\"article\" \/>\n<meta property=\"og:title\" content=\"Metroya Heleb\u00ea - Meha Hesen - www.shanabooks.de\" \/>\n<meta property=\"og:description\" content=\"Metroya Heleb\u00ea - Meha Hesen Werger ji Ereb\u00ee: Xalid Cem\u00eel Mihemed \u201cTi car\u00ea ne di bala min de b\u00fb ez herim Fransay\u00ea. Di xewnan de j\u00ee, serdana pirs\u00ea nediha...\" \/>\n<meta property=\"og:url\" content=\"https:\/\/shanabooks.de\/product\/metroya-helebe-meha-hesen\/\" \/>\n<meta property=\"og:site_name\" content=\"www.shanabooks.de\" \/>\n<meta property=\"article:modified_time\" content=\"2024-05-06T17:36:55+00:00\" \/>\n<meta property=\"og:image\" content=\"https:\/\/shanabooks.de\/wp-content\/uploads\/2024\/01\/Metroya-Helebe.jpg\" \/>\n\t<meta property=\"og:image:width\" content=\"409\" \/>\n\t<meta property=\"og:image:height\" content=\"575\" \/>\n\t<meta property=\"og:image:type\" content=\"image\/jpeg\" \/>\n<meta name=\"twitter:card\" content=\"summary_large_image\" \/>\n<meta name=\"twitter:label1\" content=\"Gesch\u00e4tzte Lesezeit\" \/>\n\t<meta name=\"twitter:data1\" content=\"1\u00a0Minute\" \/>\n<script type=\"application\/ld+json\" class=\"yoast-schema-graph\">{\"@context\":\"https:\\\/\\\/schema.org\",\"@graph\":[{\"@type\":\"WebPage\",\"@id\":\"https:\\\/\\\/shanabooks.de\\\/product\\\/metroya-helebe-meha-hesen\\\/\",\"url\":\"https:\\\/\\\/shanabooks.de\\\/product\\\/metroya-helebe-meha-hesen\\\/\",\"name\":\"Metroya Heleb\u00ea - Meha Hesen - www.shanabooks.de\",\"isPartOf\":{\"@id\":\"https:\\\/\\\/shanabooks.de\\\/#website\"},\"primaryImageOfPage\":{\"@id\":\"https:\\\/\\\/shanabooks.de\\\/product\\\/metroya-helebe-meha-hesen\\\/#primaryimage\"},\"image\":{\"@id\":\"https:\\\/\\\/shanabooks.de\\\/product\\\/metroya-helebe-meha-hesen\\\/#primaryimage\"},\"thumbnailUrl\":\"https:\\\/\\\/shanabooks.de\\\/wp-content\\\/uploads\\\/2024\\\/01\\\/Metroya-Helebe.jpg\",\"datePublished\":\"2024-03-03T19:52:01+00:00\",\"dateModified\":\"2024-05-06T17:36:55+00:00\",\"description\":\"Metroya Heleb\u00ea - Meha Hesen Werger ji Ereb\u00ee: Xalid Cem\u00eel Mihemed \u201cTi car\u00ea ne di bala min de b\u00fb ez herim Fransay\u00ea. Di xewnan de j\u00ee, serdana pirs\u00ea nediha...\",\"breadcrumb\":{\"@id\":\"https:\\\/\\\/shanabooks.de\\\/product\\\/metroya-helebe-meha-hesen\\\/#breadcrumb\"},\"inLanguage\":\"de\",\"potentialAction\":[{\"@type\":\"ReadAction\",\"target\":[\"https:\\\/\\\/shanabooks.de\\\/product\\\/metroya-helebe-meha-hesen\\\/\"]}]},{\"@type\":\"ImageObject\",\"inLanguage\":\"de\",\"@id\":\"https:\\\/\\\/shanabooks.de\\\/product\\\/metroya-helebe-meha-hesen\\\/#primaryimage\",\"url\":\"https:\\\/\\\/shanabooks.de\\\/wp-content\\\/uploads\\\/2024\\\/01\\\/Metroya-Helebe.jpg\",\"contentUrl\":\"https:\\\/\\\/shanabooks.de\\\/wp-content\\\/uploads\\\/2024\\\/01\\\/Metroya-Helebe.jpg\",\"width\":409,\"height\":575,\"caption\":\"Metroya Heleb\u00ea - Meha Hesen - pirt\u00fbk\u00ean kurd\u00ee\"},{\"@type\":\"BreadcrumbList\",\"@id\":\"https:\\\/\\\/shanabooks.de\\\/product\\\/metroya-helebe-meha-hesen\\\/#breadcrumb\",\"itemListElement\":[{\"@type\":\"ListItem\",\"position\":1,\"name\":\"\u0627\u0644\u0631\u0626\u064a\u0633\u064a\u0629\",\"item\":\"https:\\\/\\\/shanabooks.de\\\/de\\\/\"},{\"@type\":\"ListItem\",\"position\":2,\"name\":\"\u0627\u0644\u0645\u0646\u062a\u062c\u0627\u062a\",\"item\":\"https:\\\/\\\/shanabooks.de\\\/shop\\\/\"},{\"@type\":\"ListItem\",\"position\":3,\"name\":\"Metroya Heleb\u00ea\"}]},{\"@type\":\"WebSite\",\"@id\":\"https:\\\/\\\/shanabooks.de\\\/#website\",\"url\":\"https:\\\/\\\/shanabooks.de\\\/\",\"name\":\"www.shanbooks.de\",\"description\":\"C\u00eehana Pirt\u00fbk\u00ean Kurd\u00ee \u0645\u0643\u062a\u0628\u0629 \u0634\u0627\u0646\u0627 \u0641\u064a \u0627\u0644\u0645\u0627\u0646\u064a\u0627 \u0648\u0623\u0648\u0631\u0628\u0627\",\"publisher\":{\"@id\":\"https:\\\/\\\/shanabooks.de\\\/#organization\"},\"potentialAction\":[{\"@type\":\"SearchAction\",\"target\":{\"@type\":\"EntryPoint\",\"urlTemplate\":\"https:\\\/\\\/shanabooks.de\\\/?s={search_term_string}\"},\"query-input\":{\"@type\":\"PropertyValueSpecification\",\"valueRequired\":true,\"valueName\":\"search_term_string\"}}],\"inLanguage\":\"de\"},{\"@type\":\"Organization\",\"@id\":\"https:\\\/\\\/shanabooks.de\\\/#organization\",\"name\":\"www.shanbooks.de\",\"url\":\"https:\\\/\\\/shanabooks.de\\\/\",\"logo\":{\"@type\":\"ImageObject\",\"inLanguage\":\"de\",\"@id\":\"https:\\\/\\\/shanabooks.de\\\/#\\\/schema\\\/logo\\\/image\\\/\",\"url\":\"https:\\\/\\\/shanabooks.de\\\/wp-content\\\/uploads\\\/2024\\\/03\\\/SHANABOOKS__2_-removebg-preview.png\",\"contentUrl\":\"https:\\\/\\\/shanabooks.de\\\/wp-content\\\/uploads\\\/2024\\\/03\\\/SHANABOOKS__2_-removebg-preview.png\",\"width\":700,\"height\":150,\"caption\":\"www.shanbooks.de\"},\"image\":{\"@id\":\"https:\\\/\\\/shanabooks.de\\\/#\\\/schema\\\/logo\\\/image\\\/\"}}]}<\/script>\n<!-- \/ Yoast SEO plugin. -->","yoast_head_json":{"title":"Metroya Heleb\u00ea - Meha Hesen - www.shanabooks.de","description":"Metroya Heleb\u00ea - Meha Hesen Werger ji Ereb\u00ee: Xalid Cem\u00eel Mihemed \u201cTi car\u00ea ne di bala min de b\u00fb ez herim Fransay\u00ea. Di xewnan de j\u00ee, serdana pirs\u00ea nediha...","robots":{"index":"index","follow":"follow","max-snippet":"max-snippet:-1","max-image-preview":"max-image-preview:large","max-video-preview":"max-video-preview:-1"},"canonical":"https:\/\/shanabooks.de\/product\/metroya-helebe-meha-hesen\/","og_locale":"de_DE","og_type":"article","og_title":"Metroya Heleb\u00ea - Meha Hesen - www.shanabooks.de","og_description":"Metroya Heleb\u00ea - Meha Hesen Werger ji Ereb\u00ee: Xalid Cem\u00eel Mihemed \u201cTi car\u00ea ne di bala min de b\u00fb ez herim Fransay\u00ea. Di xewnan de j\u00ee, serdana pirs\u00ea nediha...","og_url":"https:\/\/shanabooks.de\/product\/metroya-helebe-meha-hesen\/","og_site_name":"www.shanabooks.de","article_modified_time":"2024-05-06T17:36:55+00:00","og_image":[{"width":409,"height":575,"url":"https:\/\/shanabooks.de\/wp-content\/uploads\/2024\/01\/Metroya-Helebe.jpg","type":"image\/jpeg"}],"twitter_card":"summary_large_image","twitter_misc":{"Gesch\u00e4tzte Lesezeit":"1\u00a0Minute"},"schema":{"@context":"https:\/\/schema.org","@graph":[{"@type":"WebPage","@id":"https:\/\/shanabooks.de\/product\/metroya-helebe-meha-hesen\/","url":"https:\/\/shanabooks.de\/product\/metroya-helebe-meha-hesen\/","name":"Metroya Heleb\u00ea - Meha Hesen - www.shanabooks.de","isPartOf":{"@id":"https:\/\/shanabooks.de\/#website"},"primaryImageOfPage":{"@id":"https:\/\/shanabooks.de\/product\/metroya-helebe-meha-hesen\/#primaryimage"},"image":{"@id":"https:\/\/shanabooks.de\/product\/metroya-helebe-meha-hesen\/#primaryimage"},"thumbnailUrl":"https:\/\/shanabooks.de\/wp-content\/uploads\/2024\/01\/Metroya-Helebe.jpg","datePublished":"2024-03-03T19:52:01+00:00","dateModified":"2024-05-06T17:36:55+00:00","description":"Metroya Heleb\u00ea - Meha Hesen Werger ji Ereb\u00ee: Xalid Cem\u00eel Mihemed \u201cTi car\u00ea ne di bala min de b\u00fb ez herim Fransay\u00ea. Di xewnan de j\u00ee, serdana pirs\u00ea nediha...","breadcrumb":{"@id":"https:\/\/shanabooks.de\/product\/metroya-helebe-meha-hesen\/#breadcrumb"},"inLanguage":"de","potentialAction":[{"@type":"ReadAction","target":["https:\/\/shanabooks.de\/product\/metroya-helebe-meha-hesen\/"]}]},{"@type":"ImageObject","inLanguage":"de","@id":"https:\/\/shanabooks.de\/product\/metroya-helebe-meha-hesen\/#primaryimage","url":"https:\/\/shanabooks.de\/wp-content\/uploads\/2024\/01\/Metroya-Helebe.jpg","contentUrl":"https:\/\/shanabooks.de\/wp-content\/uploads\/2024\/01\/Metroya-Helebe.jpg","width":409,"height":575,"caption":"Metroya Heleb\u00ea - Meha Hesen - pirt\u00fbk\u00ean kurd\u00ee"},{"@type":"BreadcrumbList","@id":"https:\/\/shanabooks.de\/product\/metroya-helebe-meha-hesen\/#breadcrumb","itemListElement":[{"@type":"ListItem","position":1,"name":"\u0627\u0644\u0631\u0626\u064a\u0633\u064a\u0629","item":"https:\/\/shanabooks.de\/de\/"},{"@type":"ListItem","position":2,"name":"\u0627\u0644\u0645\u0646\u062a\u062c\u0627\u062a","item":"https:\/\/shanabooks.de\/shop\/"},{"@type":"ListItem","position":3,"name":"Metroya Heleb\u00ea"}]},{"@type":"WebSite","@id":"https:\/\/shanabooks.de\/#website","url":"https:\/\/shanabooks.de\/","name":"www.shanbooks.de","description":"C\u00eehana Pirt\u00fbk\u00ean Kurd\u00ee \u0645\u0643\u062a\u0628\u0629 \u0634\u0627\u0646\u0627 \u0641\u064a \u0627\u0644\u0645\u0627\u0646\u064a\u0627 \u0648\u0623\u0648\u0631\u0628\u0627","publisher":{"@id":"https:\/\/shanabooks.de\/#organization"},"potentialAction":[{"@type":"SearchAction","target":{"@type":"EntryPoint","urlTemplate":"https:\/\/shanabooks.de\/?s={search_term_string}"},"query-input":{"@type":"PropertyValueSpecification","valueRequired":true,"valueName":"search_term_string"}}],"inLanguage":"de"},{"@type":"Organization","@id":"https:\/\/shanabooks.de\/#organization","name":"www.shanbooks.de","url":"https:\/\/shanabooks.de\/","logo":{"@type":"ImageObject","inLanguage":"de","@id":"https:\/\/shanabooks.de\/#\/schema\/logo\/image\/","url":"https:\/\/shanabooks.de\/wp-content\/uploads\/2024\/03\/SHANABOOKS__2_-removebg-preview.png","contentUrl":"https:\/\/shanabooks.de\/wp-content\/uploads\/2024\/03\/SHANABOOKS__2_-removebg-preview.png","width":700,"height":150,"caption":"www.shanbooks.de"},"image":{"@id":"https:\/\/shanabooks.de\/#\/schema\/logo\/image\/"}}]}},"jetpack_sharing_enabled":true,"_links":{"self":[{"href":"https:\/\/shanabooks.de\/de\/wp-json\/wp\/v2\/product\/13702","targetHints":{"allow":["GET"]}}],"collection":[{"href":"https:\/\/shanabooks.de\/de\/wp-json\/wp\/v2\/product"}],"about":[{"href":"https:\/\/shanabooks.de\/de\/wp-json\/wp\/v2\/types\/product"}],"version-history":[{"count":2,"href":"https:\/\/shanabooks.de\/de\/wp-json\/wp\/v2\/product\/13702\/revisions"}],"predecessor-version":[{"id":13908,"href":"https:\/\/shanabooks.de\/de\/wp-json\/wp\/v2\/product\/13702\/revisions\/13908"}],"wp:featuredmedia":[{"embeddable":true,"href":"https:\/\/shanabooks.de\/de\/wp-json\/wp\/v2\/media\/6719"}],"wp:attachment":[{"href":"https:\/\/shanabooks.de\/de\/wp-json\/wp\/v2\/media?parent=13702"}],"wp:term":[{"taxonomy":"product_brand","embeddable":true,"href":"https:\/\/shanabooks.de\/de\/wp-json\/wp\/v2\/product_brand?post=13702"},{"taxonomy":"product_cat","embeddable":true,"href":"https:\/\/shanabooks.de\/de\/wp-json\/wp\/v2\/product_cat?post=13702"},{"taxonomy":"product_tag","embeddable":true,"href":"https:\/\/shanabooks.de\/de\/wp-json\/wp\/v2\/product_tag?post=13702"}],"curies":[{"name":"wp","href":"https:\/\/api.w.org\/{rel}","templated":true}]}}